{"id":5565,"date":"2022-02-22T01:51:04","date_gmt":"2022-02-22T01:51:04","guid":{"rendered":"https:\/\/medicinasinc.com\/fi\/?post_type=product&#038;p=5565"},"modified":"2022-03-22T00:54:44","modified_gmt":"2022-03-22T00:54:44","slug":"osta-mdpv-metyleenidioksipyrovaleroni-jauhe","status":"publish","type":"product","link":"https:\/\/medicinasinc.com\/fi\/product\/osta-mdpv-metyleenidioksipyrovaleroni-jauhe\/","title":{"rendered":"Osta MDPV (metyleenidioksipyrovaleroni) -jauhe"},"content":{"rendered":"<p>MDPV on ostettavissa t\u00e4\u00e4lt\u00e4.<\/p>\n<p>Osta MDPV verkosta omaan k\u00e4ytt\u00f6\u00f6n tai j\u00e4lleenmyynti\u00e4 varten. Voimme taata, ett\u00e4 myyt\u00e4v\u00e4n\u00e4 oleva MDPV-jauhe on markkinoiden korkeinta laatua. Western Union, MoneyGram ja bitcoinit ovat hyv\u00e4ksymi\u00e4mme maksutapoja. Meill\u00e4 on my\u00f6s myynniss\u00e4 laaja valikoima erilaisia \u200b\u200btutkimuskemikaaleja, mukaan lukien JWH-018. Muista, ett\u00e4 emme ole vastuussa siit\u00e4, miten asiakkaamme k\u00e4ytt\u00e4v\u00e4t Yhdysvalloissa myyt\u00e4v\u00e4\u00e4 MDPV:t\u00e4mme.<\/p>\n<p>Katinoniluokan stimulanttia, MDPV-jauhetta (Methylenedioxypyrovalerone) voi ostaa verkosta. Se on norepinefriinin ja dopamiinin takaisinoton est\u00e4j\u00e4 ja psykotrooppinen stimulanttil\u00e4\u00e4ke. 1960-luvulla Boehringer Ingelheimin tiimi loi sen.<br \/> MDPV:N JAUHEMUOTO (METYLEENEDIOKSYPYROVALERONE):<br \/> Sen hienon koostumuksen ja taipumuksensa takertua yhteen altistuessaan kosteudelle, hydrokloridisuolaa pidet\u00e4\u00e4n usein virheellisesti sokerijauhe.<br \/> MDPV:n pirist\u00e4vi\u00e4 ominaisuuksia on verrattu kokaiinin, metyylifenidaatin ja amfetamiinien ominaisuuksiin.<\/p>\n<div class=\"entry-content gbtr_product_description\">\n<h3 class=\"fusion-responsive-typography-calculated \" data-fontsize=\"16\" data-lineheight=\"24px\"><\/h3>\n<\/p><\/div>\n","protected":false},"excerpt":{"rendered":"<div class=\"woocommerce-product-details__short-description\">\n<p>Osta MDPV myyt\u00e4v\u00e4n\u00e4 verkossa Isossa-Britanniassa, Euroopassa osoitteessa Bestglobalmeds.com. Metyleenidioksipyrovaleronin ostaminen verkosta on eritt\u00e4in vaikeaa. Mutta voimme tarjota laadukasta MDPV:t\u00e4 myyntiin eritt\u00e4in alhaisilla hinnoilla. Mik\u00e4\u00e4n hyv\u00e4 ei tule helposti, ja meid\u00e4n on teht\u00e4v\u00e4 paljon ty\u00f6t\u00e4, jotta saamme myyntiin parasta MDPV:t\u00e4.<\/p>\n<p><b>Metyleenidioksipyrovaleroni<\/b>\u00a0(MDPV) on katinoniluokan stimulantti, joka toimii norepinefriinin ja dopamiinin takaisinoton est\u00e4j\u00e4 (NDRI). Sen kehitti ensimm\u00e4isen kerran 1960-luvulla Boehringer Ingelheimin tiimi.<\/p>\n<h3 class=\"fusion-responsive-typography-calculated\" data-fontsize=\"16\" data-lineheight=\"24px\">MDPV (metyleenidioksipyrovaleroni) jauhe on katinoniluokan stimulantti.<\/h3>\n<\/p><\/div>\n","protected":false},"featured_media":5576,"comment_status":"open","ping_status":"closed","template":"","meta":[],"product_brand":[],"product_cat":[2014],"product_tag":[3138,3139,3140,3145,3146,3147,3148,3153,3158,3159,3160,3161,3136,3166,3167,3168,3181,3165,3163,3164,3169,3174,3175,3176,3177,3182,3183,3170,3171,3173,3172,3178,3180,3179,3186,3187,3188,3184,3185,3189,3162,3137,3141,3149,3152,3142,3143,3150,3144,3151,3155,3156,3154,3157],"class_list":{"0":"post-5565","1":"product","2":"type-product","3":"status-publish","4":"has-post-thumbnail","6":"product_cat-osta-tutkimus-kemikaaleja","7":"product_tag-buy-mdpv","8":"product_tag-buy-mdpv-1g","9":"product_tag-buy-mdpv-cheap","10":"product_tag-buy-mdpv-powder-online-2019","11":"product_tag-buy-mdpv-powder-online-free","12":"product_tag-buy-mdpv-powdera-online","13":"product_tag-buy-mdpv-powdera-online-casino","14":"product_tag-buy-mdpv-usa","15":"product_tag-buy-methylenedioxypyrovalerone-powdera-online-ecouter","16":"product_tag-buy-methylenedioxypyrovalerone-powdera-online-com","17":"product_tag-buy-methylenedioxypyrovalerone-powdera-online-fr","18":"product_tag-buy-methylenedioxypyrovalerone-power-online","19":"product_tag-kylpysuola-myynniss","20":"product_tag-mdpv-buy-uk","21":"product_tag-mdpv-buy-usa","22":"product_tag-mdpv-drug","23":"product_tag-mdpv-jauhe-myynniss-walmart","24":"product_tag-mdpv-kylpysuolat-myynniss","25":"product_tag-mdpv-kylpysuolat-osta","26":"product_tag-mdpv-kylpysuolat-osta-verkossa","27":"product_tag-mdpv-online-osta","28":"product_tag-mdpv-powder-for-sale-ebay","29":"product_tag-mdpv-powder-for-sale-florida","30":"product_tag-mdpv-powder-for-sale-michigan","31":"product_tag-mdpv-powder-for-sale-near-me","32":"product_tag-mdpv-powder-for-sale-without","33":"product_tag-mdpv-powders","34":"product_tag-mdpv-jauhe-myynniss","35":"product_tag-mdpv-jauhe-myynniss-2019","36":"product_tag-mdpv-jauhe-myynniss-craigslist","37":"product_tag-mdpv-jauhe-myynniss-amazon","38":"product_tag-mdpv-jauhe-myynniss-uk","39":"product_tag-mdpv-jauhe-myynniss-usa","40":"product_tag-mdpv-jauhe-myynniss-yhdysvallat","41":"product_tag-methylenedioxypyrovalerone-powder","42":"product_tag-methylenedioxypyrovalerone-powder-foundation","43":"product_tag-methylenedioxypyrovalerone-powder-review","44":"product_tag-metyleenidioksipyrovaleroni-osta","45":"product_tag-metyleenidioksipyrovaleroni-osta-verkosta","46":"product_tag-mist-ostaa-mdpv","47":"product_tag-miten-osta-mdpv","48":"product_tag-osta-dekstrometorfaani-jauhe-verkosta","49":"product_tag-osta-mdpv-eurooppa","50":"product_tag-osta-mdpv-powdera-online-kuuntele","51":"product_tag-osta-mdpv-uk","52":"product_tag-osta-mdpv-verkossa","53":"product_tag-osta-mdpv-online-usa","54":"product_tag-osta-mdpv-powdera-online-fr","55":"product_tag-osta-mdpv-kasviruokaa","56":"product_tag-osta-mdpv-power-online","57":"product_tag-osta-metyleenidioksipyrovaleroni-jauhe-online-arvostelu","58":"product_tag-osta-metyleenidioksipyrovaleroni-jauhe-online-arvostelut","59":"product_tag-osta-metyleenidioksipyrovaleroni-jauhe-online-indonesia","60":"product_tag-osta-metyleenidioksipyrovaleroni-jauhe-verkosta","62":"first","63":"instock","64":"shipping-taxable","65":"purchasable","66":"product-type-variable","67":"has-default-attributes"},"yoast_head":"<!-- This site is optimized with the Yoast SEO plugin v27.3 - https:\/\/yoast.com\/product\/yoast-seo-wordpress\/ -->\n<title>Osta MDPV (metyleenidioksipyrovaleroni) -jauhe - parhaat maailmanlaajuiset l\u00e4\u00e4kkeet<\/title>\n<meta name=\"description\" content=\"Osta MDPV myyt\u00e4v\u00e4n\u00e4 verkossa Isossa-Britanniassa, Euroopassa t\u00e4\u00e4ll\u00e4 Bestglobalmedsissa. Metyleenidioksipyrovaleronin ostaminen verkosta on eritt\u00e4in vaikeaa. Mutta voimme tarjota laadukasta MDPV:t\u00e4 myyntiin eritt\u00e4in alhaisilla hinnoilla.\" \/>\n<meta name=\"robots\" content=\"index, follow, max-snippet:-1, max-image-preview:large, max-video-preview:-1\" \/>\n<link rel=\"canonical\" href=\"https:\/\/medicinasinc.com\/fi\/product\/osta-mdpv-metyleenidioksipyrovaleroni-jauhe\/\" \/>\n<meta property=\"og:locale\" content=\"en_US\" \/>\n<meta property=\"og:type\" content=\"article\" \/>\n<meta property=\"og:title\" content=\"Osta MDPV (metyleenidioksipyrovaleroni) -jauhe - parhaat maailmanlaajuiset l\u00e4\u00e4kkeet\" \/>\n<meta property=\"og:description\" content=\"Osta MDPV myyt\u00e4v\u00e4n\u00e4 verkossa Isossa-Britanniassa, Euroopassa t\u00e4\u00e4ll\u00e4 Bestglobalmedsissa. Metyleenidioksipyrovaleronin ostaminen verkosta on eritt\u00e4in vaikeaa. Mutta voimme tarjota laadukasta MDPV:t\u00e4 myyntiin eritt\u00e4in alhaisilla hinnoilla.\" \/>\n<meta property=\"og:url\" content=\"https:\/\/medicinasinc.com\/fi\/product\/osta-mdpv-metyleenidioksipyrovaleroni-jauhe\/\" \/>\n<meta property=\"og:site_name\" content=\"Medicinas Inc\" \/>\n<meta property=\"article:modified_time\" content=\"2022-03-22T00:54:44+00:00\" \/>\n<meta property=\"og:image\" content=\"https:\/\/medicinasinc.com\/fi\/wp-content\/uploads\/sites\/12\/2022\/02\/buy-methylenedioxypyrovalerone.jpg\" \/>\n\t<meta property=\"og:image:width\" content=\"1400\" \/>\n\t<meta property=\"og:image:height\" content=\"700\" \/>\n\t<meta property=\"og:image:type\" content=\"image\/jpeg\" \/>\n<meta name=\"twitter:card\" content=\"summary_large_image\" \/>\n<meta name=\"twitter:label1\" content=\"Est. reading time\" \/>\n\t<meta name=\"twitter:data1\" content=\"1 minute\" \/>\n<script type=\"application\/ld+json\" class=\"yoast-schema-graph\">{\"@context\":\"https:\\\/\\\/schema.org\",\"@graph\":[{\"@type\":\"WebPage\",\"@id\":\"https:\\\/\\\/medicinasinc.com\\\/fi\\\/product\\\/osta-mdpv-metyleenidioksipyrovaleroni-jauhe\\\/\",\"url\":\"https:\\\/\\\/medicinasinc.com\\\/fi\\\/product\\\/osta-mdpv-metyleenidioksipyrovaleroni-jauhe\\\/\",\"name\":\"Osta MDPV (metyleenidioksipyrovaleroni) -jauhe - parhaat maailmanlaajuiset l\u00e4\u00e4kkeet\",\"isPartOf\":{\"@id\":\"https:\\\/\\\/medicinasinc.com\\\/fi\\\/#website\"},\"primaryImageOfPage\":{\"@id\":\"https:\\\/\\\/medicinasinc.com\\\/fi\\\/product\\\/osta-mdpv-metyleenidioksipyrovaleroni-jauhe\\\/#primaryimage\"},\"image\":{\"@id\":\"https:\\\/\\\/medicinasinc.com\\\/fi\\\/product\\\/osta-mdpv-metyleenidioksipyrovaleroni-jauhe\\\/#primaryimage\"},\"thumbnailUrl\":\"https:\\\/\\\/medicinasinc.com\\\/fi\\\/wp-content\\\/uploads\\\/sites\\\/12\\\/2022\\\/02\\\/buy-methylenedioxypyrovalerone.jpg\",\"datePublished\":\"2022-02-22T01:51:04+00:00\",\"dateModified\":\"2022-03-22T00:54:44+00:00\",\"description\":\"Osta MDPV myyt\u00e4v\u00e4n\u00e4 verkossa Isossa-Britanniassa, Euroopassa t\u00e4\u00e4ll\u00e4 Bestglobalmedsissa. Metyleenidioksipyrovaleronin ostaminen verkosta on eritt\u00e4in vaikeaa. Mutta voimme tarjota laadukasta MDPV:t\u00e4 myyntiin eritt\u00e4in alhaisilla hinnoilla.\",\"breadcrumb\":{\"@id\":\"https:\\\/\\\/medicinasinc.com\\\/fi\\\/product\\\/osta-mdpv-metyleenidioksipyrovaleroni-jauhe\\\/#breadcrumb\"},\"inLanguage\":\"en-US\",\"potentialAction\":[{\"@type\":\"ReadAction\",\"target\":[\"https:\\\/\\\/medicinasinc.com\\\/fi\\\/product\\\/osta-mdpv-metyleenidioksipyrovaleroni-jauhe\\\/\"]}]},{\"@type\":\"ImageObject\",\"inLanguage\":\"en-US\",\"@id\":\"https:\\\/\\\/medicinasinc.com\\\/fi\\\/product\\\/osta-mdpv-metyleenidioksipyrovaleroni-jauhe\\\/#primaryimage\",\"url\":\"https:\\\/\\\/medicinasinc.com\\\/fi\\\/wp-content\\\/uploads\\\/sites\\\/12\\\/2022\\\/02\\\/buy-methylenedioxypyrovalerone.jpg\",\"contentUrl\":\"https:\\\/\\\/medicinasinc.com\\\/fi\\\/wp-content\\\/uploads\\\/sites\\\/12\\\/2022\\\/02\\\/buy-methylenedioxypyrovalerone.jpg\",\"width\":1400,\"height\":700},{\"@type\":\"BreadcrumbList\",\"@id\":\"https:\\\/\\\/medicinasinc.com\\\/fi\\\/product\\\/osta-mdpv-metyleenidioksipyrovaleroni-jauhe\\\/#breadcrumb\",\"itemListElement\":[{\"@type\":\"ListItem\",\"position\":1,\"name\":\"Myym\u00e4l\u00e4\",\"item\":\"https:\\\/\\\/medicinasinc.com\\\/fi\\\/myymala\\\/\"},{\"@type\":\"ListItem\",\"position\":2,\"name\":\"Osta MDPV (metyleenidioksipyrovaleroni) -jauhe\"}]},{\"@type\":\"WebSite\",\"@id\":\"https:\\\/\\\/medicinasinc.com\\\/fi\\\/#website\",\"url\":\"https:\\\/\\\/medicinasinc.com\\\/fi\\\/\",\"name\":\"Medicinas Inc\",\"description\":\"Health Medical Clinic\",\"potentialAction\":[{\"@type\":\"SearchAction\",\"target\":{\"@type\":\"EntryPoint\",\"urlTemplate\":\"https:\\\/\\\/medicinasinc.com\\\/fi\\\/?s={search_term_string}\"},\"query-input\":{\"@type\":\"PropertyValueSpecification\",\"valueRequired\":true,\"valueName\":\"search_term_string\"}}],\"inLanguage\":\"en-US\"}]}<\/script>\n<!-- \/ Yoast SEO plugin. -->","yoast_head_json":{"title":"Osta MDPV (metyleenidioksipyrovaleroni) -jauhe - parhaat maailmanlaajuiset l\u00e4\u00e4kkeet","description":"Osta MDPV myyt\u00e4v\u00e4n\u00e4 verkossa Isossa-Britanniassa, Euroopassa t\u00e4\u00e4ll\u00e4 Bestglobalmedsissa. Metyleenidioksipyrovaleronin ostaminen verkosta on eritt\u00e4in vaikeaa. Mutta voimme tarjota laadukasta MDPV:t\u00e4 myyntiin eritt\u00e4in alhaisilla hinnoilla.","robots":{"index":"index","follow":"follow","max-snippet":"max-snippet:-1","max-image-preview":"max-image-preview:large","max-video-preview":"max-video-preview:-1"},"canonical":"https:\/\/medicinasinc.com\/fi\/product\/osta-mdpv-metyleenidioksipyrovaleroni-jauhe\/","og_locale":"en_US","og_type":"article","og_title":"Osta MDPV (metyleenidioksipyrovaleroni) -jauhe - parhaat maailmanlaajuiset l\u00e4\u00e4kkeet","og_description":"Osta MDPV myyt\u00e4v\u00e4n\u00e4 verkossa Isossa-Britanniassa, Euroopassa t\u00e4\u00e4ll\u00e4 Bestglobalmedsissa. Metyleenidioksipyrovaleronin ostaminen verkosta on eritt\u00e4in vaikeaa. Mutta voimme tarjota laadukasta MDPV:t\u00e4 myyntiin eritt\u00e4in alhaisilla hinnoilla.","og_url":"https:\/\/medicinasinc.com\/fi\/product\/osta-mdpv-metyleenidioksipyrovaleroni-jauhe\/","og_site_name":"Medicinas Inc","article_modified_time":"2022-03-22T00:54:44+00:00","og_image":[{"width":1400,"height":700,"url":"https:\/\/medicinasinc.com\/fi\/wp-content\/uploads\/sites\/12\/2022\/02\/buy-methylenedioxypyrovalerone.jpg","type":"image\/jpeg"}],"twitter_card":"summary_large_image","twitter_misc":{"Est. reading time":"1 minute"},"schema":{"@context":"https:\/\/schema.org","@graph":[{"@type":"WebPage","@id":"https:\/\/medicinasinc.com\/fi\/product\/osta-mdpv-metyleenidioksipyrovaleroni-jauhe\/","url":"https:\/\/medicinasinc.com\/fi\/product\/osta-mdpv-metyleenidioksipyrovaleroni-jauhe\/","name":"Osta MDPV (metyleenidioksipyrovaleroni) -jauhe - parhaat maailmanlaajuiset l\u00e4\u00e4kkeet","isPartOf":{"@id":"https:\/\/medicinasinc.com\/fi\/#website"},"primaryImageOfPage":{"@id":"https:\/\/medicinasinc.com\/fi\/product\/osta-mdpv-metyleenidioksipyrovaleroni-jauhe\/#primaryimage"},"image":{"@id":"https:\/\/medicinasinc.com\/fi\/product\/osta-mdpv-metyleenidioksipyrovaleroni-jauhe\/#primaryimage"},"thumbnailUrl":"https:\/\/medicinasinc.com\/fi\/wp-content\/uploads\/sites\/12\/2022\/02\/buy-methylenedioxypyrovalerone.jpg","datePublished":"2022-02-22T01:51:04+00:00","dateModified":"2022-03-22T00:54:44+00:00","description":"Osta MDPV myyt\u00e4v\u00e4n\u00e4 verkossa Isossa-Britanniassa, Euroopassa t\u00e4\u00e4ll\u00e4 Bestglobalmedsissa. Metyleenidioksipyrovaleronin ostaminen verkosta on eritt\u00e4in vaikeaa. Mutta voimme tarjota laadukasta MDPV:t\u00e4 myyntiin eritt\u00e4in alhaisilla hinnoilla.","breadcrumb":{"@id":"https:\/\/medicinasinc.com\/fi\/product\/osta-mdpv-metyleenidioksipyrovaleroni-jauhe\/#breadcrumb"},"inLanguage":"en-US","potentialAction":[{"@type":"ReadAction","target":["https:\/\/medicinasinc.com\/fi\/product\/osta-mdpv-metyleenidioksipyrovaleroni-jauhe\/"]}]},{"@type":"ImageObject","inLanguage":"en-US","@id":"https:\/\/medicinasinc.com\/fi\/product\/osta-mdpv-metyleenidioksipyrovaleroni-jauhe\/#primaryimage","url":"https:\/\/medicinasinc.com\/fi\/wp-content\/uploads\/sites\/12\/2022\/02\/buy-methylenedioxypyrovalerone.jpg","contentUrl":"https:\/\/medicinasinc.com\/fi\/wp-content\/uploads\/sites\/12\/2022\/02\/buy-methylenedioxypyrovalerone.jpg","width":1400,"height":700},{"@type":"BreadcrumbList","@id":"https:\/\/medicinasinc.com\/fi\/product\/osta-mdpv-metyleenidioksipyrovaleroni-jauhe\/#breadcrumb","itemListElement":[{"@type":"ListItem","position":1,"name":"Myym\u00e4l\u00e4","item":"https:\/\/medicinasinc.com\/fi\/myymala\/"},{"@type":"ListItem","position":2,"name":"Osta MDPV (metyleenidioksipyrovaleroni) -jauhe"}]},{"@type":"WebSite","@id":"https:\/\/medicinasinc.com\/fi\/#website","url":"https:\/\/medicinasinc.com\/fi\/","name":"Medicinas Inc","description":"Health Medical Clinic","potentialAction":[{"@type":"SearchAction","target":{"@type":"EntryPoint","urlTemplate":"https:\/\/medicinasinc.com\/fi\/?s={search_term_string}"},"query-input":{"@type":"PropertyValueSpecification","valueRequired":true,"valueName":"search_term_string"}}],"inLanguage":"en-US"}]}},"_links":{"self":[{"href":"https:\/\/medicinasinc.com\/fi\/wp-json\/wp\/v2\/product\/5565","targetHints":{"allow":["GET"]}}],"collection":[{"href":"https:\/\/medicinasinc.com\/fi\/wp-json\/wp\/v2\/product"}],"about":[{"href":"https:\/\/medicinasinc.com\/fi\/wp-json\/wp\/v2\/types\/product"}],"replies":[{"embeddable":true,"href":"https:\/\/medicinasinc.com\/fi\/wp-json\/wp\/v2\/comments?post=5565"}],"wp:featuredmedia":[{"embeddable":true,"href":"https:\/\/medicinasinc.com\/fi\/wp-json\/wp\/v2\/media\/5576"}],"wp:attachment":[{"href":"https:\/\/medicinasinc.com\/fi\/wp-json\/wp\/v2\/media?parent=5565"}],"wp:term":[{"taxonomy":"product_brand","embeddable":true,"href":"https:\/\/medicinasinc.com\/fi\/wp-json\/wp\/v2\/product_brand?post=5565"},{"taxonomy":"product_cat","embeddable":true,"href":"https:\/\/medicinasinc.com\/fi\/wp-json\/wp\/v2\/product_cat?post=5565"},{"taxonomy":"product_tag","embeddable":true,"href":"https:\/\/medicinasinc.com\/fi\/wp-json\/wp\/v2\/product_tag?post=5565"}],"curies":[{"name":"wp","href":"https:\/\/api.w.org\/{rel}","templated":true}]}}