{"id":5564,"date":"2022-02-22T01:48:50","date_gmt":"2022-02-22T01:48:50","guid":{"rendered":"https:\/\/medicinasinc.com\/fi\/?post_type=product&#038;p=5564"},"modified":"2022-03-22T00:54:53","modified_gmt":"2022-03-22T00:54:53","slug":"osta-mdai-kristalli-jauhe","status":"publish","type":"product","link":"https:\/\/medicinasinc.com\/fi\/product\/osta-mdai-kristalli-jauhe\/","title":{"rendered":"Osta MDAI Crystal &amp; Jauhe"},"content":{"rendered":"<p>Osta verkosta MDAI-kiteit\u00e4 ja -jauheita.<\/p>\n<p>MDAI-kiteit\u00e4 ja -jauheita myynniss\u00e4 alennettuun hintaan.<\/p>\n<p>Osta MDAI meilt\u00e4.<\/p>\n<p>Ensisijainen tavoitteemme on tarjota asiakkaille huippuluokan tietoa ja ensiluokkaisia \u200b\u200bpalveluita. Tutkimusryhm\u00e4t ja t\u00e4ysimittaiset tuotantolaitokset voivat l\u00f6yt\u00e4\u00e4 RC:t\u00e4 tarvitsemassaan m\u00e4\u00e4rin ja laadukkaasti. Yleiskatsaus RC:st\u00e4, joka palvelee kaikkia kiinnostuksen kohteitasi ja tavoitteitasi, l\u00f6ytyy t\u00e4\u00e4lt\u00e4. Yrityksemme tarjoaa maailman ajokemikaaleja uusimman teknologian kehityksen pohjalta. Kaikilla t\u00e4m\u00e4n luettelon kohteilla ei ole k\u00e4yt\u00e4nn\u00f6n hy\u00f6ty\u00e4 ihmisille.<\/p>\n<p>L\u00e4\u00e4kkeiden k\u00e4ytt\u00f6\u00e4 laboratoriossa, tieteellisiin tarkoituksiin ja tutkimukseen tulee rohkaista. Tallennettuja kemikaaleja voidaan k\u00e4ytt\u00e4\u00e4 vain tutkimuksiin, kokeisiin ja testeihin. Kiinan johtavien tutkimuslaitosten \u00e4skett\u00e4in tuottamat paketit RC-markkinoilla ovat nyt saatavilla.<\/p>\n<p>Jos teet sopimuksen nyt, toimitamme pakettisi minne tahansa Yhdysvaltoihin, Eurooppaan tai maailmaan. T\u00e4ytt\u00e4\u00e4ksemme tarpeitasi teemme yhteisty\u00f6t\u00e4 useiden johtavien maailmanlaajuisten laboratorioiden kanssa, jotka suunnittelevat RC:n rakentamista, ja pyynt\u00f6si on yrityksellemme eritt\u00e4in t\u00e4rke\u00e4.<\/p>\n<p>Myyj\u00e4mme sijaitsee Yhdysvalloissa. ja toimii maailmanlaajuisesti. Sivustolla kuluttajat voivat helposti tarkistaa RC:n arvioinnin ja saatavuuden omiin tarpeisiinsa. Asiakkaat. Ota yhteytt\u00e4 yst\u00e4v\u00e4lliseen ja monikieliseen asiakaspalveluumme saadaksesi lis\u00e4tietoja pyynn\u00f6n tekemisest\u00e4. Jos olet kiinnostunut etsim\u00e4\u00e4n sekoitettuja tai alennettuja aineita, ota meihin yhteytt\u00e4 saadaksesi lis\u00e4tietoja. Jos et l\u00f6yd\u00e4 etsim\u00e4\u00e4si sivustoltamme, \u00e4l\u00e4 ep\u00e4r\u00f6i ottaa meihin yhteytt\u00e4 saadaksesi apua. Laatu on t\u00e4rkein n\u00e4k\u00f6kohta hankittaessa kemikaaleja tutkimusta varten.<\/p>\n","protected":false},"excerpt":{"rendered":"<p>Osta MDAI Crystal &amp; Jauhe Myynniss\u00e4 Isossa-Britanniassa, Euroopassa halvalla verkossa. MDAI tai 5,6-metyleenidioksi-2-aminoindaaniOsta MDAI tai 5,6-metyleenidioksi-2-aminoindaani.<\/p>\n","protected":false},"featured_media":5574,"comment_status":"open","ping_status":"closed","template":"","meta":[],"product_brand":[],"product_cat":[2014],"product_tag":[3093,3094,3095,2522,3096,3097,3099,3100,3101,3102,2530,3108,3109,3110,3114,3115,3113,3116,3111,3117,3120,3121,517,3123,3122,3135,3124,3112,3119,2549,3134,3125,3126,3129,3130,3106,3098,3118,2525,2532,3104,3103,3105,3107,3133,3128,3131,3127,3132],"class_list":{"0":"post-5564","1":"product","2":"type-product","3":"status-publish","4":"has-post-thumbnail","6":"product_cat-osta-tutkimus-kemikaaleja","7":"product_tag-4mmc-myytvn","8":"product_tag-amfetamiinia-myynniss","9":"product_tag-bath-salts-for-sale","10":"product_tag-buy-4mmc","11":"product_tag-buy-amphetamine-speed","12":"product_tag-buy-bath-salts","13":"product_tag-buy-lsd","14":"product_tag-buy-mdai","15":"product_tag-buy-mdai-crystal","16":"product_tag-buy-mdai-powder","17":"product_tag-buy-mephedrone-online","18":"product_tag-crystal-meth-for-sale","19":"product_tag-lsd-myytvn","20":"product_tag-mdai-crystal-buy","21":"product_tag-mdai-crystal-reddit","22":"product_tag-mdai-crystal-retail","23":"product_tag-mdai-kristallijrjestys","24":"product_tag-mdai-crystal-wholesale","25":"product_tag-mdai-kide-efekti","26":"product_tag-mdai-myynniss","27":"product_tag-mdai-powder-online","28":"product_tag-mdai-powder-order","29":"product_tag-mdma-myynniss","30":"product_tag-methylone-for-sale","31":"product_tag-miau-miau-myynti","32":"product_tag-mist-ostaa-mdai-jauhetta","33":"product_tag-mkat-myynniss","34":"product_tag-mdai-crystal-myynniss","35":"product_tag-mdai-jauhe-myynniss","36":"product_tag-mefedroni-myytvn","37":"product_tag-tryptamiini-myytvn","38":"product_tag-order-mdai-crystal","39":"product_tag-order-mdma","40":"product_tag-order-mephedrone-plant-food","41":"product_tag-order-meth-online","42":"product_tag-osta-fenetyyliamiini","43":"product_tag-osta-kristalli-meth","44":"product_tag-mdai-jauhe-osta","45":"product_tag-osta-mefedroni","46":"product_tag-osta-mefedroni-kasviruokaa","47":"product_tag-osta-metyloni","48":"product_tag-osta-miau-miau","49":"product_tag-osta-mkat","50":"product_tag-osta-tryptamiini","51":"product_tag-phenethylamine-for-sale","52":"product_tag-tilaus-mefedroni","53":"product_tag-j-c3-a4-ris-metyloniumia","54":"product_tag-tilaa-miau-miau","55":"product_tag-tilaus-mkat","57":"first","58":"instock","59":"shipping-taxable","60":"purchasable","61":"product-type-variable","62":"has-default-attributes"},"yoast_head":"<!-- This site is optimized with the Yoast SEO plugin v27.3 - https:\/\/yoast.com\/product\/yoast-seo-wordpress\/ -->\n<title>Osta MDAI Crystal &amp; Jauhetta halvalla verkossa - parhaat maailmanlaajuiset l\u00e4\u00e4kkeet<\/title>\n<meta name=\"description\" content=\"Osta MDAI Crystal &amp; Jauhe Myynniss\u00e4 Isossa-Britanniassa, Euroopassa halvalla verkossa. MDAI tai 5,6-metyleenidioksi-2-aminoindaani Osta MDAI tai 5,6-metyleenidioksi-2-aminoindaani.\" \/>\n<meta name=\"robots\" content=\"index, follow, max-snippet:-1, max-image-preview:large, max-video-preview:-1\" \/>\n<link rel=\"canonical\" href=\"https:\/\/medicinasinc.com\/fi\/product\/osta-mdai-kristalli-jauhe\/\" \/>\n<meta property=\"og:locale\" content=\"en_US\" \/>\n<meta property=\"og:type\" content=\"article\" \/>\n<meta property=\"og:title\" content=\"Osta MDAI Crystal &amp; Jauhetta halvalla verkossa - parhaat maailmanlaajuiset l\u00e4\u00e4kkeet\" \/>\n<meta property=\"og:description\" content=\"Osta MDAI Crystal &amp; Jauhe Myynniss\u00e4 Isossa-Britanniassa, Euroopassa halvalla verkossa. MDAI tai 5,6-metyleenidioksi-2-aminoindaani Osta MDAI tai 5,6-metyleenidioksi-2-aminoindaani.\" \/>\n<meta property=\"og:url\" content=\"https:\/\/medicinasinc.com\/fi\/product\/osta-mdai-kristalli-jauhe\/\" \/>\n<meta property=\"og:site_name\" content=\"Medicinas Inc\" \/>\n<meta property=\"article:modified_time\" content=\"2022-03-22T00:54:53+00:00\" \/>\n<meta property=\"og:image\" content=\"https:\/\/medicinasinc.com\/fi\/wp-content\/uploads\/sites\/12\/2022\/02\/buy-mdai-crystal-powder-cheap-online.jpg\" \/>\n\t<meta property=\"og:image:width\" content=\"600\" \/>\n\t<meta property=\"og:image:height\" content=\"600\" \/>\n\t<meta property=\"og:image:type\" content=\"image\/jpeg\" \/>\n<meta name=\"twitter:card\" content=\"summary_large_image\" \/>\n<meta name=\"twitter:label1\" content=\"Est. reading time\" \/>\n\t<meta name=\"twitter:data1\" content=\"2 minutes\" \/>\n<script type=\"application\/ld+json\" class=\"yoast-schema-graph\">{\"@context\":\"https:\\\/\\\/schema.org\",\"@graph\":[{\"@type\":\"WebPage\",\"@id\":\"https:\\\/\\\/medicinasinc.com\\\/fi\\\/product\\\/osta-mdai-kristalli-jauhe\\\/\",\"url\":\"https:\\\/\\\/medicinasinc.com\\\/fi\\\/product\\\/osta-mdai-kristalli-jauhe\\\/\",\"name\":\"Osta MDAI Crystal &amp; Jauhetta halvalla verkossa - parhaat maailmanlaajuiset l\u00e4\u00e4kkeet\",\"isPartOf\":{\"@id\":\"https:\\\/\\\/medicinasinc.com\\\/fi\\\/#website\"},\"primaryImageOfPage\":{\"@id\":\"https:\\\/\\\/medicinasinc.com\\\/fi\\\/product\\\/osta-mdai-kristalli-jauhe\\\/#primaryimage\"},\"image\":{\"@id\":\"https:\\\/\\\/medicinasinc.com\\\/fi\\\/product\\\/osta-mdai-kristalli-jauhe\\\/#primaryimage\"},\"thumbnailUrl\":\"https:\\\/\\\/medicinasinc.com\\\/fi\\\/wp-content\\\/uploads\\\/sites\\\/12\\\/2022\\\/02\\\/buy-mdai-crystal-powder-cheap-online.jpg\",\"datePublished\":\"2022-02-22T01:48:50+00:00\",\"dateModified\":\"2022-03-22T00:54:53+00:00\",\"description\":\"Osta MDAI Crystal &amp; Jauhe Myynniss\u00e4 Isossa-Britanniassa, Euroopassa halvalla verkossa. MDAI tai 5,6-metyleenidioksi-2-aminoindaani Osta MDAI tai 5,6-metyleenidioksi-2-aminoindaani.\",\"breadcrumb\":{\"@id\":\"https:\\\/\\\/medicinasinc.com\\\/fi\\\/product\\\/osta-mdai-kristalli-jauhe\\\/#breadcrumb\"},\"inLanguage\":\"en-US\",\"potentialAction\":[{\"@type\":\"ReadAction\",\"target\":[\"https:\\\/\\\/medicinasinc.com\\\/fi\\\/product\\\/osta-mdai-kristalli-jauhe\\\/\"]}]},{\"@type\":\"ImageObject\",\"inLanguage\":\"en-US\",\"@id\":\"https:\\\/\\\/medicinasinc.com\\\/fi\\\/product\\\/osta-mdai-kristalli-jauhe\\\/#primaryimage\",\"url\":\"https:\\\/\\\/medicinasinc.com\\\/fi\\\/wp-content\\\/uploads\\\/sites\\\/12\\\/2022\\\/02\\\/buy-mdai-crystal-powder-cheap-online.jpg\",\"contentUrl\":\"https:\\\/\\\/medicinasinc.com\\\/fi\\\/wp-content\\\/uploads\\\/sites\\\/12\\\/2022\\\/02\\\/buy-mdai-crystal-powder-cheap-online.jpg\",\"width\":600,\"height\":600},{\"@type\":\"BreadcrumbList\",\"@id\":\"https:\\\/\\\/medicinasinc.com\\\/fi\\\/product\\\/osta-mdai-kristalli-jauhe\\\/#breadcrumb\",\"itemListElement\":[{\"@type\":\"ListItem\",\"position\":1,\"name\":\"Myym\u00e4l\u00e4\",\"item\":\"https:\\\/\\\/medicinasinc.com\\\/fi\\\/myymala\\\/\"},{\"@type\":\"ListItem\",\"position\":2,\"name\":\"Osta MDAI Crystal &amp; Jauhe\"}]},{\"@type\":\"WebSite\",\"@id\":\"https:\\\/\\\/medicinasinc.com\\\/fi\\\/#website\",\"url\":\"https:\\\/\\\/medicinasinc.com\\\/fi\\\/\",\"name\":\"Medicinas Inc\",\"description\":\"Health Medical Clinic\",\"potentialAction\":[{\"@type\":\"SearchAction\",\"target\":{\"@type\":\"EntryPoint\",\"urlTemplate\":\"https:\\\/\\\/medicinasinc.com\\\/fi\\\/?s={search_term_string}\"},\"query-input\":{\"@type\":\"PropertyValueSpecification\",\"valueRequired\":true,\"valueName\":\"search_term_string\"}}],\"inLanguage\":\"en-US\"}]}<\/script>\n<!-- \/ Yoast SEO plugin. -->","yoast_head_json":{"title":"Osta MDAI Crystal &amp; Jauhetta halvalla verkossa - parhaat maailmanlaajuiset l\u00e4\u00e4kkeet","description":"Osta MDAI Crystal &amp; Jauhe Myynniss\u00e4 Isossa-Britanniassa, Euroopassa halvalla verkossa. MDAI tai 5,6-metyleenidioksi-2-aminoindaani Osta MDAI tai 5,6-metyleenidioksi-2-aminoindaani.","robots":{"index":"index","follow":"follow","max-snippet":"max-snippet:-1","max-image-preview":"max-image-preview:large","max-video-preview":"max-video-preview:-1"},"canonical":"https:\/\/medicinasinc.com\/fi\/product\/osta-mdai-kristalli-jauhe\/","og_locale":"en_US","og_type":"article","og_title":"Osta MDAI Crystal &amp; Jauhetta halvalla verkossa - parhaat maailmanlaajuiset l\u00e4\u00e4kkeet","og_description":"Osta MDAI Crystal &amp; Jauhe Myynniss\u00e4 Isossa-Britanniassa, Euroopassa halvalla verkossa. MDAI tai 5,6-metyleenidioksi-2-aminoindaani Osta MDAI tai 5,6-metyleenidioksi-2-aminoindaani.","og_url":"https:\/\/medicinasinc.com\/fi\/product\/osta-mdai-kristalli-jauhe\/","og_site_name":"Medicinas Inc","article_modified_time":"2022-03-22T00:54:53+00:00","og_image":[{"width":600,"height":600,"url":"https:\/\/medicinasinc.com\/fi\/wp-content\/uploads\/sites\/12\/2022\/02\/buy-mdai-crystal-powder-cheap-online.jpg","type":"image\/jpeg"}],"twitter_card":"summary_large_image","twitter_misc":{"Est. reading time":"2 minutes"},"schema":{"@context":"https:\/\/schema.org","@graph":[{"@type":"WebPage","@id":"https:\/\/medicinasinc.com\/fi\/product\/osta-mdai-kristalli-jauhe\/","url":"https:\/\/medicinasinc.com\/fi\/product\/osta-mdai-kristalli-jauhe\/","name":"Osta MDAI Crystal &amp; Jauhetta halvalla verkossa - parhaat maailmanlaajuiset l\u00e4\u00e4kkeet","isPartOf":{"@id":"https:\/\/medicinasinc.com\/fi\/#website"},"primaryImageOfPage":{"@id":"https:\/\/medicinasinc.com\/fi\/product\/osta-mdai-kristalli-jauhe\/#primaryimage"},"image":{"@id":"https:\/\/medicinasinc.com\/fi\/product\/osta-mdai-kristalli-jauhe\/#primaryimage"},"thumbnailUrl":"https:\/\/medicinasinc.com\/fi\/wp-content\/uploads\/sites\/12\/2022\/02\/buy-mdai-crystal-powder-cheap-online.jpg","datePublished":"2022-02-22T01:48:50+00:00","dateModified":"2022-03-22T00:54:53+00:00","description":"Osta MDAI Crystal &amp; Jauhe Myynniss\u00e4 Isossa-Britanniassa, Euroopassa halvalla verkossa. MDAI tai 5,6-metyleenidioksi-2-aminoindaani Osta MDAI tai 5,6-metyleenidioksi-2-aminoindaani.","breadcrumb":{"@id":"https:\/\/medicinasinc.com\/fi\/product\/osta-mdai-kristalli-jauhe\/#breadcrumb"},"inLanguage":"en-US","potentialAction":[{"@type":"ReadAction","target":["https:\/\/medicinasinc.com\/fi\/product\/osta-mdai-kristalli-jauhe\/"]}]},{"@type":"ImageObject","inLanguage":"en-US","@id":"https:\/\/medicinasinc.com\/fi\/product\/osta-mdai-kristalli-jauhe\/#primaryimage","url":"https:\/\/medicinasinc.com\/fi\/wp-content\/uploads\/sites\/12\/2022\/02\/buy-mdai-crystal-powder-cheap-online.jpg","contentUrl":"https:\/\/medicinasinc.com\/fi\/wp-content\/uploads\/sites\/12\/2022\/02\/buy-mdai-crystal-powder-cheap-online.jpg","width":600,"height":600},{"@type":"BreadcrumbList","@id":"https:\/\/medicinasinc.com\/fi\/product\/osta-mdai-kristalli-jauhe\/#breadcrumb","itemListElement":[{"@type":"ListItem","position":1,"name":"Myym\u00e4l\u00e4","item":"https:\/\/medicinasinc.com\/fi\/myymala\/"},{"@type":"ListItem","position":2,"name":"Osta MDAI Crystal &amp; Jauhe"}]},{"@type":"WebSite","@id":"https:\/\/medicinasinc.com\/fi\/#website","url":"https:\/\/medicinasinc.com\/fi\/","name":"Medicinas Inc","description":"Health Medical Clinic","potentialAction":[{"@type":"SearchAction","target":{"@type":"EntryPoint","urlTemplate":"https:\/\/medicinasinc.com\/fi\/?s={search_term_string}"},"query-input":{"@type":"PropertyValueSpecification","valueRequired":true,"valueName":"search_term_string"}}],"inLanguage":"en-US"}]}},"_links":{"self":[{"href":"https:\/\/medicinasinc.com\/fi\/wp-json\/wp\/v2\/product\/5564","targetHints":{"allow":["GET"]}}],"collection":[{"href":"https:\/\/medicinasinc.com\/fi\/wp-json\/wp\/v2\/product"}],"about":[{"href":"https:\/\/medicinasinc.com\/fi\/wp-json\/wp\/v2\/types\/product"}],"replies":[{"embeddable":true,"href":"https:\/\/medicinasinc.com\/fi\/wp-json\/wp\/v2\/comments?post=5564"}],"wp:featuredmedia":[{"embeddable":true,"href":"https:\/\/medicinasinc.com\/fi\/wp-json\/wp\/v2\/media\/5574"}],"wp:attachment":[{"href":"https:\/\/medicinasinc.com\/fi\/wp-json\/wp\/v2\/media?parent=5564"}],"wp:term":[{"taxonomy":"product_brand","embeddable":true,"href":"https:\/\/medicinasinc.com\/fi\/wp-json\/wp\/v2\/product_brand?post=5564"},{"taxonomy":"product_cat","embeddable":true,"href":"https:\/\/medicinasinc.com\/fi\/wp-json\/wp\/v2\/product_cat?post=5564"},{"taxonomy":"product_tag","embeddable":true,"href":"https:\/\/medicinasinc.com\/fi\/wp-json\/wp\/v2\/product_tag?post=5564"}],"curies":[{"name":"wp","href":"https:\/\/api.w.org\/{rel}","templated":true}]}}