{"id":5563,"date":"2022-02-22T01:47:13","date_gmt":"2022-02-22T01:47:13","guid":{"rendered":"https:\/\/medicinasinc.com\/fi\/?post_type=product&#038;p=5563"},"modified":"2022-03-22T00:55:01","modified_gmt":"2022-03-22T00:55:01","slug":"osta-norsunluu-aalto-kylpysuolaa","status":"publish","type":"product","link":"https:\/\/medicinasinc.com\/fi\/product\/osta-norsunluu-aalto-kylpysuolaa\/","title":{"rendered":"Osta norsunluusta Wave Bath Salt"},"content":{"rendered":"<p>Best Global Medsin kylpysuolat ovat parasta laatua ja j\u00e4tt\u00e4v\u00e4t sinut puhtaaksi ja virkistyneeksi rentouttavan liotuksen j\u00e4lkeen. Koska myymme vain korkealaatuisimpia tuotteita, voit olla varma, ett\u00e4 &#8220;osta norsunluun aaltokylpysuoloja verkosta&#8221; -ostoksesi saapuu uudenveroisessa kunnossa. Saatavana my\u00f6s kohtuulliseen hintaan irtotavarana ja v\u00e4hitt\u00e4iskaupassa monenlaisia \u200b\u200btiivistettyj\u00e4 kylpysuoloja.<\/p>\n<p>Kylpysuolojemme tuoksu t\u00e4ytt\u00e4\u00e4 huoneen!<\/p>\n<p>Ivory Wave -kylpysuoloja voi ostaa verkossa.<\/p>\n<p>Mist\u00e4 voit ostaa Ivory Wave -kylpysuoloja Internetin kautta? Ivory wave kylpysuoloja voi ostaa verkossa Chemicals Labista ilman vaivaa tai hankaluuksia. Joka kerta kun ostat norsunluu-aaltokylpysuoloja verkkoapteekistamme, pyrimme varmistamaan, ett\u00e4 saat parhaan mahdollisen hinnan. Missiomme Best Global Medsill\u00e4 on alentaa asiakkaidemme kustannuksia ja lis\u00e4t\u00e4 samalla heid\u00e4n saamaansa arvoa.<\/p>\n","protected":false},"excerpt":{"rendered":"<div class=\"woocommerce-product-details__short-description\">\n<p>Maksatko liikaa norsunluuaaltokylpysuoloista verkossa? Osta norsunluun aaltokylpysuoloja myyt\u00e4v\u00e4ksi Isossa-Britanniassa, Euroopassa verkossa Best Global Medsilt\u00e4. Tutustu myyt\u00e4viin norsunluuaaltokylpysuoloihin<\/p>\n<p>&nbsp;<\/p>\n<\/p><\/div>\n","protected":false},"featured_media":5572,"comment_status":"open","ping_status":"closed","template":"","meta":[],"product_brand":[],"product_cat":[2014],"product_tag":[3081,3083,3084,3086,3090,3087,3089,3088,3092,3091,3085,3082],"class_list":{"0":"post-5563","1":"product","2":"type-product","3":"status-publish","4":"has-post-thumbnail","6":"product_cat-osta-tutkimus-kemikaaleja","7":"product_tag-buy-ivory-wave-bath-salts-online","8":"product_tag-ivory-wave-bath-salts","9":"product_tag-ivory-wave-bath-salts-for-sale","10":"product_tag-lvory-aaltokylpy-suolavaikutus","11":"product_tag-lvory-aaltokylpy-suola-tukkumyynti","12":"product_tag-lvory-wave-bath-salt-europe","13":"product_tag-lvory-wave-bath-salt-order","14":"product_tag-lvory-wave-bath-salt-online","15":"product_tag-mist-ostaa-norsunluu-aalto-kylpysuolat","16":"product_tag-order-ivory-wave-bath-salts-online","17":"product_tag-lvory-aaltokylpy-suola-osta","18":"product_tag-osta-lvory-aalto-kylpysuolaa","20":"first","21":"instock","22":"shipping-taxable","23":"purchasable","24":"product-type-variable"},"yoast_head":"<!-- This site is optimized with the Yoast SEO plugin v27.3 - https:\/\/yoast.com\/product\/yoast-seo-wordpress\/ -->\n<title>Osta Ivory Wave Bath Salt - Lvory Wave Bath Salt - Best Global Meds<\/title>\n<meta name=\"description\" content=\"Maksatko liikaa norsunluuaaltokylpysuoloista verkossa? Osta norsunluun aaltokylpysuoloja myyt\u00e4v\u00e4ksi Isossa-Britanniassa, Euroopassa verkossa Best Global Medsilt\u00e4. Tutustu myyt\u00e4viin norsunluuaaltokylpysuoloihin\" \/>\n<meta name=\"robots\" content=\"index, follow, max-snippet:-1, max-image-preview:large, max-video-preview:-1\" \/>\n<link rel=\"canonical\" href=\"https:\/\/medicinasinc.com\/fi\/product\/osta-norsunluu-aalto-kylpysuolaa\/\" \/>\n<meta property=\"og:locale\" content=\"en_US\" \/>\n<meta property=\"og:type\" content=\"article\" \/>\n<meta property=\"og:title\" content=\"Osta Ivory Wave Bath Salt - Lvory Wave Bath Salt - Best Global Meds\" \/>\n<meta property=\"og:description\" content=\"Maksatko liikaa norsunluuaaltokylpysuoloista verkossa? Osta norsunluun aaltokylpysuoloja myyt\u00e4v\u00e4ksi Isossa-Britanniassa, Euroopassa verkossa Best Global Medsilt\u00e4. Tutustu myyt\u00e4viin norsunluuaaltokylpysuoloihin\" \/>\n<meta property=\"og:url\" content=\"https:\/\/medicinasinc.com\/fi\/product\/osta-norsunluu-aalto-kylpysuolaa\/\" \/>\n<meta property=\"og:site_name\" content=\"Medicinas Inc\" \/>\n<meta property=\"article:modified_time\" content=\"2022-03-22T00:55:01+00:00\" \/>\n<meta property=\"og:image\" content=\"https:\/\/medicinasinc.com\/fi\/wp-content\/uploads\/sites\/12\/2022\/02\/Buy-Lvory-Wave-Bath-Salt.jpg\" \/>\n\t<meta property=\"og:image:width\" content=\"450\" \/>\n\t<meta property=\"og:image:height\" content=\"316\" \/>\n\t<meta property=\"og:image:type\" content=\"image\/jpeg\" \/>\n<meta name=\"twitter:card\" content=\"summary_large_image\" \/>\n<meta name=\"twitter:label1\" content=\"Est. reading time\" \/>\n\t<meta name=\"twitter:data1\" content=\"1 minute\" \/>\n<script type=\"application\/ld+json\" class=\"yoast-schema-graph\">{\"@context\":\"https:\\\/\\\/schema.org\",\"@graph\":[{\"@type\":\"WebPage\",\"@id\":\"https:\\\/\\\/medicinasinc.com\\\/fi\\\/product\\\/osta-norsunluu-aalto-kylpysuolaa\\\/\",\"url\":\"https:\\\/\\\/medicinasinc.com\\\/fi\\\/product\\\/osta-norsunluu-aalto-kylpysuolaa\\\/\",\"name\":\"Osta Ivory Wave Bath Salt - Lvory Wave Bath Salt - Best Global Meds\",\"isPartOf\":{\"@id\":\"https:\\\/\\\/medicinasinc.com\\\/fi\\\/#website\"},\"primaryImageOfPage\":{\"@id\":\"https:\\\/\\\/medicinasinc.com\\\/fi\\\/product\\\/osta-norsunluu-aalto-kylpysuolaa\\\/#primaryimage\"},\"image\":{\"@id\":\"https:\\\/\\\/medicinasinc.com\\\/fi\\\/product\\\/osta-norsunluu-aalto-kylpysuolaa\\\/#primaryimage\"},\"thumbnailUrl\":\"https:\\\/\\\/medicinasinc.com\\\/fi\\\/wp-content\\\/uploads\\\/sites\\\/12\\\/2022\\\/02\\\/Buy-Lvory-Wave-Bath-Salt.jpg\",\"datePublished\":\"2022-02-22T01:47:13+00:00\",\"dateModified\":\"2022-03-22T00:55:01+00:00\",\"description\":\"Maksatko liikaa norsunluuaaltokylpysuoloista verkossa? Osta norsunluun aaltokylpysuoloja myyt\u00e4v\u00e4ksi Isossa-Britanniassa, Euroopassa verkossa Best Global Medsilt\u00e4. Tutustu myyt\u00e4viin norsunluuaaltokylpysuoloihin\",\"breadcrumb\":{\"@id\":\"https:\\\/\\\/medicinasinc.com\\\/fi\\\/product\\\/osta-norsunluu-aalto-kylpysuolaa\\\/#breadcrumb\"},\"inLanguage\":\"en-US\",\"potentialAction\":[{\"@type\":\"ReadAction\",\"target\":[\"https:\\\/\\\/medicinasinc.com\\\/fi\\\/product\\\/osta-norsunluu-aalto-kylpysuolaa\\\/\"]}]},{\"@type\":\"ImageObject\",\"inLanguage\":\"en-US\",\"@id\":\"https:\\\/\\\/medicinasinc.com\\\/fi\\\/product\\\/osta-norsunluu-aalto-kylpysuolaa\\\/#primaryimage\",\"url\":\"https:\\\/\\\/medicinasinc.com\\\/fi\\\/wp-content\\\/uploads\\\/sites\\\/12\\\/2022\\\/02\\\/Buy-Lvory-Wave-Bath-Salt.jpg\",\"contentUrl\":\"https:\\\/\\\/medicinasinc.com\\\/fi\\\/wp-content\\\/uploads\\\/sites\\\/12\\\/2022\\\/02\\\/Buy-Lvory-Wave-Bath-Salt.jpg\",\"width\":450,\"height\":316},{\"@type\":\"BreadcrumbList\",\"@id\":\"https:\\\/\\\/medicinasinc.com\\\/fi\\\/product\\\/osta-norsunluu-aalto-kylpysuolaa\\\/#breadcrumb\",\"itemListElement\":[{\"@type\":\"ListItem\",\"position\":1,\"name\":\"Myym\u00e4l\u00e4\",\"item\":\"https:\\\/\\\/medicinasinc.com\\\/fi\\\/myymala\\\/\"},{\"@type\":\"ListItem\",\"position\":2,\"name\":\"Osta norsunluusta Wave Bath Salt\"}]},{\"@type\":\"WebSite\",\"@id\":\"https:\\\/\\\/medicinasinc.com\\\/fi\\\/#website\",\"url\":\"https:\\\/\\\/medicinasinc.com\\\/fi\\\/\",\"name\":\"Medicinas Inc\",\"description\":\"Health Medical Clinic\",\"potentialAction\":[{\"@type\":\"SearchAction\",\"target\":{\"@type\":\"EntryPoint\",\"urlTemplate\":\"https:\\\/\\\/medicinasinc.com\\\/fi\\\/?s={search_term_string}\"},\"query-input\":{\"@type\":\"PropertyValueSpecification\",\"valueRequired\":true,\"valueName\":\"search_term_string\"}}],\"inLanguage\":\"en-US\"}]}<\/script>\n<!-- \/ Yoast SEO plugin. -->","yoast_head_json":{"title":"Osta Ivory Wave Bath Salt - Lvory Wave Bath Salt - Best Global Meds","description":"Maksatko liikaa norsunluuaaltokylpysuoloista verkossa? Osta norsunluun aaltokylpysuoloja myyt\u00e4v\u00e4ksi Isossa-Britanniassa, Euroopassa verkossa Best Global Medsilt\u00e4. Tutustu myyt\u00e4viin norsunluuaaltokylpysuoloihin","robots":{"index":"index","follow":"follow","max-snippet":"max-snippet:-1","max-image-preview":"max-image-preview:large","max-video-preview":"max-video-preview:-1"},"canonical":"https:\/\/medicinasinc.com\/fi\/product\/osta-norsunluu-aalto-kylpysuolaa\/","og_locale":"en_US","og_type":"article","og_title":"Osta Ivory Wave Bath Salt - Lvory Wave Bath Salt - Best Global Meds","og_description":"Maksatko liikaa norsunluuaaltokylpysuoloista verkossa? Osta norsunluun aaltokylpysuoloja myyt\u00e4v\u00e4ksi Isossa-Britanniassa, Euroopassa verkossa Best Global Medsilt\u00e4. Tutustu myyt\u00e4viin norsunluuaaltokylpysuoloihin","og_url":"https:\/\/medicinasinc.com\/fi\/product\/osta-norsunluu-aalto-kylpysuolaa\/","og_site_name":"Medicinas Inc","article_modified_time":"2022-03-22T00:55:01+00:00","og_image":[{"width":450,"height":316,"url":"https:\/\/medicinasinc.com\/fi\/wp-content\/uploads\/sites\/12\/2022\/02\/Buy-Lvory-Wave-Bath-Salt.jpg","type":"image\/jpeg"}],"twitter_card":"summary_large_image","twitter_misc":{"Est. reading time":"1 minute"},"schema":{"@context":"https:\/\/schema.org","@graph":[{"@type":"WebPage","@id":"https:\/\/medicinasinc.com\/fi\/product\/osta-norsunluu-aalto-kylpysuolaa\/","url":"https:\/\/medicinasinc.com\/fi\/product\/osta-norsunluu-aalto-kylpysuolaa\/","name":"Osta Ivory Wave Bath Salt - Lvory Wave Bath Salt - Best Global Meds","isPartOf":{"@id":"https:\/\/medicinasinc.com\/fi\/#website"},"primaryImageOfPage":{"@id":"https:\/\/medicinasinc.com\/fi\/product\/osta-norsunluu-aalto-kylpysuolaa\/#primaryimage"},"image":{"@id":"https:\/\/medicinasinc.com\/fi\/product\/osta-norsunluu-aalto-kylpysuolaa\/#primaryimage"},"thumbnailUrl":"https:\/\/medicinasinc.com\/fi\/wp-content\/uploads\/sites\/12\/2022\/02\/Buy-Lvory-Wave-Bath-Salt.jpg","datePublished":"2022-02-22T01:47:13+00:00","dateModified":"2022-03-22T00:55:01+00:00","description":"Maksatko liikaa norsunluuaaltokylpysuoloista verkossa? Osta norsunluun aaltokylpysuoloja myyt\u00e4v\u00e4ksi Isossa-Britanniassa, Euroopassa verkossa Best Global Medsilt\u00e4. Tutustu myyt\u00e4viin norsunluuaaltokylpysuoloihin","breadcrumb":{"@id":"https:\/\/medicinasinc.com\/fi\/product\/osta-norsunluu-aalto-kylpysuolaa\/#breadcrumb"},"inLanguage":"en-US","potentialAction":[{"@type":"ReadAction","target":["https:\/\/medicinasinc.com\/fi\/product\/osta-norsunluu-aalto-kylpysuolaa\/"]}]},{"@type":"ImageObject","inLanguage":"en-US","@id":"https:\/\/medicinasinc.com\/fi\/product\/osta-norsunluu-aalto-kylpysuolaa\/#primaryimage","url":"https:\/\/medicinasinc.com\/fi\/wp-content\/uploads\/sites\/12\/2022\/02\/Buy-Lvory-Wave-Bath-Salt.jpg","contentUrl":"https:\/\/medicinasinc.com\/fi\/wp-content\/uploads\/sites\/12\/2022\/02\/Buy-Lvory-Wave-Bath-Salt.jpg","width":450,"height":316},{"@type":"BreadcrumbList","@id":"https:\/\/medicinasinc.com\/fi\/product\/osta-norsunluu-aalto-kylpysuolaa\/#breadcrumb","itemListElement":[{"@type":"ListItem","position":1,"name":"Myym\u00e4l\u00e4","item":"https:\/\/medicinasinc.com\/fi\/myymala\/"},{"@type":"ListItem","position":2,"name":"Osta norsunluusta Wave Bath Salt"}]},{"@type":"WebSite","@id":"https:\/\/medicinasinc.com\/fi\/#website","url":"https:\/\/medicinasinc.com\/fi\/","name":"Medicinas Inc","description":"Health Medical Clinic","potentialAction":[{"@type":"SearchAction","target":{"@type":"EntryPoint","urlTemplate":"https:\/\/medicinasinc.com\/fi\/?s={search_term_string}"},"query-input":{"@type":"PropertyValueSpecification","valueRequired":true,"valueName":"search_term_string"}}],"inLanguage":"en-US"}]}},"_links":{"self":[{"href":"https:\/\/medicinasinc.com\/fi\/wp-json\/wp\/v2\/product\/5563","targetHints":{"allow":["GET"]}}],"collection":[{"href":"https:\/\/medicinasinc.com\/fi\/wp-json\/wp\/v2\/product"}],"about":[{"href":"https:\/\/medicinasinc.com\/fi\/wp-json\/wp\/v2\/types\/product"}],"replies":[{"embeddable":true,"href":"https:\/\/medicinasinc.com\/fi\/wp-json\/wp\/v2\/comments?post=5563"}],"wp:featuredmedia":[{"embeddable":true,"href":"https:\/\/medicinasinc.com\/fi\/wp-json\/wp\/v2\/media\/5572"}],"wp:attachment":[{"href":"https:\/\/medicinasinc.com\/fi\/wp-json\/wp\/v2\/media?parent=5563"}],"wp:term":[{"taxonomy":"product_brand","embeddable":true,"href":"https:\/\/medicinasinc.com\/fi\/wp-json\/wp\/v2\/product_brand?post=5563"},{"taxonomy":"product_cat","embeddable":true,"href":"https:\/\/medicinasinc.com\/fi\/wp-json\/wp\/v2\/product_cat?post=5563"},{"taxonomy":"product_tag","embeddable":true,"href":"https:\/\/medicinasinc.com\/fi\/wp-json\/wp\/v2\/product_tag?post=5563"}],"curies":[{"name":"wp","href":"https:\/\/api.w.org\/{rel}","templated":true}]}}