{"id":5549,"date":"2022-02-22T01:34:03","date_gmt":"2022-02-22T01:34:03","guid":{"rendered":"https:\/\/medicinasinc.com\/fi\/?post_type=product&#038;p=5549"},"modified":"2022-03-22T00:55:10","modified_gmt":"2022-03-22T00:55:10","slug":"osta-jwh-210-kemiallinen-jauhe","status":"publish","type":"product","link":"https:\/\/medicinasinc.com\/fi\/product\/osta-jwh-210-kemiallinen-jauhe\/","title":{"rendered":"Osta JWH-210 Chemical Powder"},"content":{"rendered":"<p>JWH-210:n kemiallista jauhetta voi ostaa verkosta.<\/p>\n<p>Osta JWH-210 Chemical Powderia Internetist\u00e4. Yksi yleisimmin k\u00e4ytetyist\u00e4 masennusl\u00e4\u00e4kkeist\u00e4 Yhdysvalloissa on JWH-210. Kannabinoidilla on voimakas vaikutus.<\/p>\n<p>WH-210-jauhe verkossa<\/p>\n<p>Naftoylindoliperheen JWH-210-jauhe toimii kivunlievitykseen kannabinoidiagonistina sek\u00e4 CB1- ett\u00e4 CB2-reseptoreissa , Ki-arvolla 0,46 nM CB1:lle ja 0,69 nM CB2:lle. 4-substituoituna naftoyylijohdannaisena sill\u00e4 on vahvempi sitoutumisaffiniteetti (eli pienempi Ki) CB1:ss\u00e4 kuin sen 4-metyyli- ja 4-N-propyylihomologit JWH-122 (CB1 Ki 0,69 nM) sek\u00e4 JWH-182 (CB1 Ki 0,65 nM) ja 4-metoksimolekyyli JWH-081 (CB1 Ki 1,2 nM). L\u00f6yd\u00f6n tehnyt John W. Huffman sai kunnian saada l\u00f6yt\u00f6ns\u00e4 nimen h\u00e4nen mukaansa.<\/p>\n<p>Kehossa on kahdenlaisia \u200b\u200bkannabinoidireseptoreita: CB1 ja CB2. JWH-210 on analgeettinen ja toimii molempien agonistina. CB1 Ki on 0,46 nM ja CB2 Ki on 0,69 nM. Vahva 4-substituoitu naftoyylijohdannainen naftoylindolisarjasta, ja sen affiniteetti CB1:n sitoutumiseen on suurempi kuin ensimm\u00e4isen sukupolven synteettisten kannabinoidien JWH-122, JWH-182 ja JWH-081 (1).<\/p>\n<p> Aineenvaihduntareitit: JWH-210:ll\u00e4 on useita tunnettuja aineenvaihduntatuotteita, mukaan lukien N-pentaanihappometaboliitit (todettavissa virtsasta), N-(4-hydroksipentyyli)-metaboliitit (todettavissa virtsasta ja seerumista), N-(5-hydroksipentyyli)-metaboliitit (todettavissa virtsasta ja seerumista) ja 5-hydroksi-indolimetaboliitista (todettavissa virtsasta ja seerumista) (todettavissa virtsasta ja seerumista). On my\u00f6s kerrottu, ett\u00e4 naftoyylirengas on hydroksyloitu (2).<\/p>\n<p>Kun JWH-210:ll\u00e4 ruiskutetaan kasveihin, sill\u00e4 on k\u00e4ytt\u00e4jien mukaan samat vaikutukset ja myrkyllisyys kuin marihuanalla. Vaikutukset alkavat tuntua 2-5 minuutin kuluttua injektiosta. Pelk\u00e4st\u00e4\u00e4n JWH-210:n vaikutuksista tiedet\u00e4\u00e4n vain v\u00e4h\u00e4n, mutta synteettiset kannabinoidit aiheuttavat yleens\u00e4 mielialan ja havaintokyvyn muutoksia, paniikkikohtauksia ja kiihtyneisyytt\u00e4, joka on samankaltainen kuin kannabiksen, ja v\u00e4h\u00e4isi\u00e4 hallusinogeenisia vaikutuksia (n\u00e4\u00f6n ja kuulon).<\/p>\n","protected":false},"excerpt":{"rendered":"<p>Osta JWH-210 Chemical Powder myyt\u00e4v\u00e4n\u00e4 verkossa Isossa-Britanniassa, Euroopassa, EU:ssa. JWH-210 Chemical Powder on kipua lievitt\u00e4v\u00e4 kemikaali naftoylindoliperheest\u00e4. <\/p>\n<h3 class=\"product_title\"> JWH-210 jauhe verkossa osta alkuper\u00e4inen JWH-210 99 % puhtaus <\/h3>\n","protected":false},"featured_media":5560,"comment_status":"open","ping_status":"closed","template":"","meta":[],"product_brand":[],"product_cat":[2014],"product_tag":[3070,3071,3072,3034,3075,3074,3076,3078,3079,3080,3077,3047,3073],"class_list":{"0":"post-5549","1":"product","2":"type-product","3":"status-publish","4":"has-post-thumbnail","6":"product_cat-osta-tutkimus-kemikaaleja","7":"product_tag-buy-jwh-210","8":"product_tag-buy-jwh-210-europe","9":"product_tag-buy-jwh-210-uk","10":"product_tag-jwh-018","11":"product_tag-jwh-210-annos","12":"product_tag-jwh-210-buy","13":"product_tag-jwh-210-legal-status-usa","14":"product_tag-jwh-210-psychonaut","15":"product_tag-jwh-210-reddit","16":"product_tag-jwh-210-review","17":"product_tag-jwh-210-tilaus","18":"product_tag-jwh-250","19":"product_tag-osta-jwh-210-usa","21":"first","22":"instock","23":"shipping-taxable","24":"purchasable","25":"product-type-variable","26":"has-default-attributes"},"yoast_head":"<!-- This site is optimized with the Yoast SEO plugin v27.3 - https:\/\/yoast.com\/product\/yoast-seo-wordpress\/ -->\n<title>Osta JWH-210 Chemical Powder - parhaat maailmanlaajuiset l\u00e4\u00e4kkeet<\/title>\n<meta name=\"description\" content=\"Osta JWH-210 Chemical Powder myyt\u00e4v\u00e4n\u00e4 verkossa Isossa-Britanniassa, Euroopassa. JWH-210 Chemical Powder on analgeettinen kemikaali naftoylindoliperheest\u00e4.\" \/>\n<meta name=\"robots\" content=\"index, follow, max-snippet:-1, max-image-preview:large, max-video-preview:-1\" \/>\n<link rel=\"canonical\" href=\"https:\/\/medicinasinc.com\/fi\/product\/osta-jwh-210-kemiallinen-jauhe\/\" \/>\n<meta property=\"og:locale\" content=\"en_US\" \/>\n<meta property=\"og:type\" content=\"article\" \/>\n<meta property=\"og:title\" content=\"Osta JWH-210 Chemical Powder - parhaat maailmanlaajuiset l\u00e4\u00e4kkeet\" \/>\n<meta property=\"og:description\" content=\"Osta JWH-210 Chemical Powder myyt\u00e4v\u00e4n\u00e4 verkossa Isossa-Britanniassa, Euroopassa. JWH-210 Chemical Powder on analgeettinen kemikaali naftoylindoliperheest\u00e4.\" \/>\n<meta property=\"og:url\" content=\"https:\/\/medicinasinc.com\/fi\/product\/osta-jwh-210-kemiallinen-jauhe\/\" \/>\n<meta property=\"og:site_name\" content=\"Medicinas Inc\" \/>\n<meta property=\"article:modified_time\" content=\"2022-03-22T00:55:10+00:00\" \/>\n<meta property=\"og:image\" content=\"https:\/\/medicinasinc.com\/fi\/wp-content\/uploads\/sites\/12\/2022\/02\/Buy-JWH-210-Chemical-Powder-Online.jpg\" \/>\n\t<meta property=\"og:image:width\" content=\"600\" \/>\n\t<meta property=\"og:image:height\" content=\"600\" \/>\n\t<meta property=\"og:image:type\" content=\"image\/jpeg\" \/>\n<meta name=\"twitter:card\" content=\"summary_large_image\" \/>\n<meta name=\"twitter:label1\" content=\"Est. reading time\" \/>\n\t<meta name=\"twitter:data1\" content=\"2 minutes\" \/>\n<script type=\"application\/ld+json\" class=\"yoast-schema-graph\">{\"@context\":\"https:\\\/\\\/schema.org\",\"@graph\":[{\"@type\":\"WebPage\",\"@id\":\"https:\\\/\\\/medicinasinc.com\\\/fi\\\/product\\\/osta-jwh-210-kemiallinen-jauhe\\\/\",\"url\":\"https:\\\/\\\/medicinasinc.com\\\/fi\\\/product\\\/osta-jwh-210-kemiallinen-jauhe\\\/\",\"name\":\"Osta JWH-210 Chemical Powder - parhaat maailmanlaajuiset l\u00e4\u00e4kkeet\",\"isPartOf\":{\"@id\":\"https:\\\/\\\/medicinasinc.com\\\/fi\\\/#website\"},\"primaryImageOfPage\":{\"@id\":\"https:\\\/\\\/medicinasinc.com\\\/fi\\\/product\\\/osta-jwh-210-kemiallinen-jauhe\\\/#primaryimage\"},\"image\":{\"@id\":\"https:\\\/\\\/medicinasinc.com\\\/fi\\\/product\\\/osta-jwh-210-kemiallinen-jauhe\\\/#primaryimage\"},\"thumbnailUrl\":\"https:\\\/\\\/medicinasinc.com\\\/fi\\\/wp-content\\\/uploads\\\/sites\\\/12\\\/2022\\\/02\\\/Buy-JWH-210-Chemical-Powder-Online.jpg\",\"datePublished\":\"2022-02-22T01:34:03+00:00\",\"dateModified\":\"2022-03-22T00:55:10+00:00\",\"description\":\"Osta JWH-210 Chemical Powder myyt\u00e4v\u00e4n\u00e4 verkossa Isossa-Britanniassa, Euroopassa. JWH-210 Chemical Powder on analgeettinen kemikaali naftoylindoliperheest\u00e4.\",\"breadcrumb\":{\"@id\":\"https:\\\/\\\/medicinasinc.com\\\/fi\\\/product\\\/osta-jwh-210-kemiallinen-jauhe\\\/#breadcrumb\"},\"inLanguage\":\"en-US\",\"potentialAction\":[{\"@type\":\"ReadAction\",\"target\":[\"https:\\\/\\\/medicinasinc.com\\\/fi\\\/product\\\/osta-jwh-210-kemiallinen-jauhe\\\/\"]}]},{\"@type\":\"ImageObject\",\"inLanguage\":\"en-US\",\"@id\":\"https:\\\/\\\/medicinasinc.com\\\/fi\\\/product\\\/osta-jwh-210-kemiallinen-jauhe\\\/#primaryimage\",\"url\":\"https:\\\/\\\/medicinasinc.com\\\/fi\\\/wp-content\\\/uploads\\\/sites\\\/12\\\/2022\\\/02\\\/Buy-JWH-210-Chemical-Powder-Online.jpg\",\"contentUrl\":\"https:\\\/\\\/medicinasinc.com\\\/fi\\\/wp-content\\\/uploads\\\/sites\\\/12\\\/2022\\\/02\\\/Buy-JWH-210-Chemical-Powder-Online.jpg\",\"width\":600,\"height\":600},{\"@type\":\"BreadcrumbList\",\"@id\":\"https:\\\/\\\/medicinasinc.com\\\/fi\\\/product\\\/osta-jwh-210-kemiallinen-jauhe\\\/#breadcrumb\",\"itemListElement\":[{\"@type\":\"ListItem\",\"position\":1,\"name\":\"Myym\u00e4l\u00e4\",\"item\":\"https:\\\/\\\/medicinasinc.com\\\/fi\\\/myymala\\\/\"},{\"@type\":\"ListItem\",\"position\":2,\"name\":\"Osta JWH-210 Chemical Powder\"}]},{\"@type\":\"WebSite\",\"@id\":\"https:\\\/\\\/medicinasinc.com\\\/fi\\\/#website\",\"url\":\"https:\\\/\\\/medicinasinc.com\\\/fi\\\/\",\"name\":\"Medicinas Inc\",\"description\":\"Health Medical Clinic\",\"potentialAction\":[{\"@type\":\"SearchAction\",\"target\":{\"@type\":\"EntryPoint\",\"urlTemplate\":\"https:\\\/\\\/medicinasinc.com\\\/fi\\\/?s={search_term_string}\"},\"query-input\":{\"@type\":\"PropertyValueSpecification\",\"valueRequired\":true,\"valueName\":\"search_term_string\"}}],\"inLanguage\":\"en-US\"}]}<\/script>\n<!-- \/ Yoast SEO plugin. -->","yoast_head_json":{"title":"Osta JWH-210 Chemical Powder - parhaat maailmanlaajuiset l\u00e4\u00e4kkeet","description":"Osta JWH-210 Chemical Powder myyt\u00e4v\u00e4n\u00e4 verkossa Isossa-Britanniassa, Euroopassa. JWH-210 Chemical Powder on analgeettinen kemikaali naftoylindoliperheest\u00e4.","robots":{"index":"index","follow":"follow","max-snippet":"max-snippet:-1","max-image-preview":"max-image-preview:large","max-video-preview":"max-video-preview:-1"},"canonical":"https:\/\/medicinasinc.com\/fi\/product\/osta-jwh-210-kemiallinen-jauhe\/","og_locale":"en_US","og_type":"article","og_title":"Osta JWH-210 Chemical Powder - parhaat maailmanlaajuiset l\u00e4\u00e4kkeet","og_description":"Osta JWH-210 Chemical Powder myyt\u00e4v\u00e4n\u00e4 verkossa Isossa-Britanniassa, Euroopassa. JWH-210 Chemical Powder on analgeettinen kemikaali naftoylindoliperheest\u00e4.","og_url":"https:\/\/medicinasinc.com\/fi\/product\/osta-jwh-210-kemiallinen-jauhe\/","og_site_name":"Medicinas Inc","article_modified_time":"2022-03-22T00:55:10+00:00","og_image":[{"width":600,"height":600,"url":"https:\/\/medicinasinc.com\/fi\/wp-content\/uploads\/sites\/12\/2022\/02\/Buy-JWH-210-Chemical-Powder-Online.jpg","type":"image\/jpeg"}],"twitter_card":"summary_large_image","twitter_misc":{"Est. reading time":"2 minutes"},"schema":{"@context":"https:\/\/schema.org","@graph":[{"@type":"WebPage","@id":"https:\/\/medicinasinc.com\/fi\/product\/osta-jwh-210-kemiallinen-jauhe\/","url":"https:\/\/medicinasinc.com\/fi\/product\/osta-jwh-210-kemiallinen-jauhe\/","name":"Osta JWH-210 Chemical Powder - parhaat maailmanlaajuiset l\u00e4\u00e4kkeet","isPartOf":{"@id":"https:\/\/medicinasinc.com\/fi\/#website"},"primaryImageOfPage":{"@id":"https:\/\/medicinasinc.com\/fi\/product\/osta-jwh-210-kemiallinen-jauhe\/#primaryimage"},"image":{"@id":"https:\/\/medicinasinc.com\/fi\/product\/osta-jwh-210-kemiallinen-jauhe\/#primaryimage"},"thumbnailUrl":"https:\/\/medicinasinc.com\/fi\/wp-content\/uploads\/sites\/12\/2022\/02\/Buy-JWH-210-Chemical-Powder-Online.jpg","datePublished":"2022-02-22T01:34:03+00:00","dateModified":"2022-03-22T00:55:10+00:00","description":"Osta JWH-210 Chemical Powder myyt\u00e4v\u00e4n\u00e4 verkossa Isossa-Britanniassa, Euroopassa. JWH-210 Chemical Powder on analgeettinen kemikaali naftoylindoliperheest\u00e4.","breadcrumb":{"@id":"https:\/\/medicinasinc.com\/fi\/product\/osta-jwh-210-kemiallinen-jauhe\/#breadcrumb"},"inLanguage":"en-US","potentialAction":[{"@type":"ReadAction","target":["https:\/\/medicinasinc.com\/fi\/product\/osta-jwh-210-kemiallinen-jauhe\/"]}]},{"@type":"ImageObject","inLanguage":"en-US","@id":"https:\/\/medicinasinc.com\/fi\/product\/osta-jwh-210-kemiallinen-jauhe\/#primaryimage","url":"https:\/\/medicinasinc.com\/fi\/wp-content\/uploads\/sites\/12\/2022\/02\/Buy-JWH-210-Chemical-Powder-Online.jpg","contentUrl":"https:\/\/medicinasinc.com\/fi\/wp-content\/uploads\/sites\/12\/2022\/02\/Buy-JWH-210-Chemical-Powder-Online.jpg","width":600,"height":600},{"@type":"BreadcrumbList","@id":"https:\/\/medicinasinc.com\/fi\/product\/osta-jwh-210-kemiallinen-jauhe\/#breadcrumb","itemListElement":[{"@type":"ListItem","position":1,"name":"Myym\u00e4l\u00e4","item":"https:\/\/medicinasinc.com\/fi\/myymala\/"},{"@type":"ListItem","position":2,"name":"Osta JWH-210 Chemical Powder"}]},{"@type":"WebSite","@id":"https:\/\/medicinasinc.com\/fi\/#website","url":"https:\/\/medicinasinc.com\/fi\/","name":"Medicinas Inc","description":"Health Medical Clinic","potentialAction":[{"@type":"SearchAction","target":{"@type":"EntryPoint","urlTemplate":"https:\/\/medicinasinc.com\/fi\/?s={search_term_string}"},"query-input":{"@type":"PropertyValueSpecification","valueRequired":true,"valueName":"search_term_string"}}],"inLanguage":"en-US"}]}},"_links":{"self":[{"href":"https:\/\/medicinasinc.com\/fi\/wp-json\/wp\/v2\/product\/5549","targetHints":{"allow":["GET"]}}],"collection":[{"href":"https:\/\/medicinasinc.com\/fi\/wp-json\/wp\/v2\/product"}],"about":[{"href":"https:\/\/medicinasinc.com\/fi\/wp-json\/wp\/v2\/types\/product"}],"replies":[{"embeddable":true,"href":"https:\/\/medicinasinc.com\/fi\/wp-json\/wp\/v2\/comments?post=5549"}],"wp:featuredmedia":[{"embeddable":true,"href":"https:\/\/medicinasinc.com\/fi\/wp-json\/wp\/v2\/media\/5560"}],"wp:attachment":[{"href":"https:\/\/medicinasinc.com\/fi\/wp-json\/wp\/v2\/media?parent=5549"}],"wp:term":[{"taxonomy":"product_brand","embeddable":true,"href":"https:\/\/medicinasinc.com\/fi\/wp-json\/wp\/v2\/product_brand?post=5549"},{"taxonomy":"product_cat","embeddable":true,"href":"https:\/\/medicinasinc.com\/fi\/wp-json\/wp\/v2\/product_cat?post=5549"},{"taxonomy":"product_tag","embeddable":true,"href":"https:\/\/medicinasinc.com\/fi\/wp-json\/wp\/v2\/product_tag?post=5549"}],"curies":[{"name":"wp","href":"https:\/\/api.w.org\/{rel}","templated":true}]}}