{"id":5548,"date":"2022-02-22T01:32:32","date_gmt":"2022-02-22T01:32:32","guid":{"rendered":"https:\/\/medicinasinc.com\/fi\/?post_type=product&#038;p=5548"},"modified":"2022-03-22T00:55:22","modified_gmt":"2022-03-22T00:55:22","slug":"osta-jwh-018-kemiallinen","status":"publish","type":"product","link":"https:\/\/medicinasinc.com\/fi\/product\/osta-jwh-018-kemiallinen\/","title":{"rendered":"Osta JWH-018 Chemical"},"content":{"rendered":"<p>JWH-018-jauhetta voi ostaa k\u00e4ytt\u00e4m\u00e4ll\u00e4 Western Unionia\/MoneyGramia tai bitcoineja t\u00e4\u00e4ll\u00e4 sivustollamme. Sen on taattu olevan v\u00e4hint\u00e4\u00e4n 99,8 prosentin puhdasta. Jokaiselle tutkimuskemikaalierille voidaan toimittaa analyysitodistus (COA).<\/p>\n<p>Yksi \u200b\u200bgramma JWH-018:aa kukin tilausyksikk\u00f6 sis\u00e4lt\u00e4\u00e4 v\u00e4hint\u00e4\u00e4n 99,8 % puhdasta JWH-018:a.<\/p>\n<p>Myynniss\u00e4 on JWH 018 -suihke.<\/p>\n<p>Ennen kuin k\u00e4sittelemme JWH-018:aa, haluamme antaa sinulle lyhyen esittelyn CBD:st\u00e4.<br \/> US Public Library of Medicine -kirjaston mukaan CBD, lyhenne sanoista kannabidiol, on synteettinen kemikaali, joka on johdettu Cannabis sativa -kasvista, joka tunnetaan joskus nimell\u00e4 kannabis tai apua.<br \/> Tuotteissa, kuten \u00f6ljyiss\u00e4 ja sy\u00f6t\u00e4v\u00e4ss\u00e4, sit\u00e4 k\u00e4ytet\u00e4\u00e4n rauhoittamaan ja rentoutumaan. Kuten serkkunsa THC (delta-9-tetrahydrokannabinoidit), CBD:ll\u00e4 ei ole psykotrooppista vaikutusta kehoon.<br \/> Zestin kotimainen Zest-sekoitus sis\u00e4lt\u00e4\u00e4 muokattua kannabinoidia, joka tunnetaan nimell\u00e4 JWH-018. T\u00e4t\u00e4 Zest-kannabinoidia k\u00e4ytet\u00e4\u00e4n laittomasti, koska sill\u00e4 on samanlaisia \u200b\u200bp\u00e4ihdytt\u00e4vi\u00e4 vaikutuksia kuin 9-THC:ll\u00e4. Vaikka JWH-018 on huomattavasti tehokkaampi kuin vastaavat kannabismittaukset, se asettaa my\u00f6s valtavia haasteita havaitsemiseen tavallisilla 9-THC-testaustutkimuksilla. JWH-018<br \/> JWH-018 lis\u00e4ttiin DEA:n l\u00e4\u00e4ke- ja synteettisten l\u00e4\u00e4kkeiden luetteloon hein\u00e4kuussa 2009. Jotkut laink\u00e4ytt\u00f6alueet ovat ryhtyneet toimiin Flavorin (JWH-018) myynnin tai omistamisen kielt\u00e4miseksi, mukaan lukien Alabama, Arkansas , Georgia, Kansas, Kentucky, North Dakota ja Tennessee huolimatta Flavorin raportoiduista saaliista Ohiossa ja Floridassa.<br \/> Mit\u00e4 tulee jwh-018-suihkeeseen, olet tullut oikeaan paikkaan, jos haluat parasta. Toimitamme korkealaatuisia tuotteita suuria m\u00e4\u00e4ri\u00e4 ymp\u00e4ri maailmaa. Suihke jwh-018 voi olla sinun seuraavien viiden ty\u00f6p\u00e4iv\u00e4n aikana, jos tilaat nyt. Jwh-018-ostos verkossa.<\/p>\n","protected":false},"excerpt":{"rendered":"<div class=\"woocommerce-product-details__short-description\">\n<p>Meill\u00e4 on JWH-018 myynniss\u00e4 verkkosivustollamme. Ennenn\u00e4kem\u00e4tt\u00f6m\u00e4t kulut. Suihke- ja jauheversio Best JWH-018 Essencesta on nyt ostettavissa. Bestglobalmeds.com on paikka ostaa JWH-018 verkosta.<\/p>\n<p>Osta JWH-018 hyv\u00e4maineelta j\u00e4lleenmyyj\u00e4lt\u00e4 verkosta. Haluatko ostaa laadukkaan jwh-018:n edulliseen hintaan. Tilaa meilt\u00e4 ja liity tyytyv\u00e4isten asiakkaiden joukkoon.<\/p>\n<p>JWH-018<\/p>\n<p>Tuote on aivan uusi.<\/p>\n<p>Osta JWH-018<\/p>\n<p>Vaikuttava aine:<br \/> Aktiivinen sen j\u00e4lkeen:<br \/> Vaikutusaika:<br \/> Yksi tilausyksikk\u00f6:<\/p>\n<p>JWH-018<br \/> 20-30 min. k\u00e4yt\u00f6n j\u00e4lkeen<br \/> 4-5 tuntia<br \/> 1g min 99<\/p>\n<\/p><\/div>\n","protected":false},"featured_media":5558,"comment_status":"open","ping_status":"closed","template":"","meta":[],"product_brand":[],"product_cat":[2014],"product_tag":[3050,3054,3063,3057,3061,3060,3056,3064,3058,3062,3065,3059,3067,3055,3066,3068,3053,3051,3052,3069],"class_list":{"0":"post-5548","1":"product","2":"type-product","3":"status-publish","4":"has-post-thumbnail","6":"product_cat-osta-tutkimus-kemikaaleja","7":"product_tag-buy-jwh-018","8":"product_tag-jwh-jauhe","9":"product_tag-jwh-018-arvostelu","10":"product_tag-jwh-018-for-sale","11":"product_tag-jwh-018-hinta","12":"product_tag-jwh-018-jauhe-hinta","13":"product_tag-jwh-018-buy","14":"product_tag-jwh-018-ale","15":"product_tag-jwh-018-online-buy","16":"product_tag-jwh-018-reddit","17":"product_tag-jwh-018-spray-for-sale-uk","18":"product_tag-jwh-018-tilaus","19":"product_tag-jwh-018-tukkumyynti","20":"product_tag-jwh-018-vaihtoehto","21":"product_tag-jwh-018-walmart","22":"product_tag-jwh-250-spray","23":"product_tag-miten-make-jwh-018-spray","24":"product_tag-osta-jwh-018-kemiallinen","25":"product_tag-osta-jwh-018-jauhe","26":"product_tag-products-that-contain-jwh-018","28":"first","29":"instock","30":"shipping-taxable","31":"purchasable","32":"product-type-variable","33":"has-default-attributes"},"yoast_head":"<!-- This site is optimized with the Yoast SEO plugin v27.3 - https:\/\/yoast.com\/product\/yoast-seo-wordpress\/ -->\n<title>Osta JWH-018 Chemical - JWH-018 Chemical verkossa - Parhaat maailmanlaajuiset l\u00e4\u00e4kkeet<\/title>\n<meta name=\"description\" content=\"Osta JWH-018 Chemical Powder UK, Arabiemiirikunnat, Eurooppa, Kiina Bestglobalmeds.com-verkkokaupastamme nopealla maailmanlaajuisella toimituksella! Paras JWH-018 tilaamiseen l\u00f6yd\u00e4t t\u00e4\u00e4lt\u00e4!\" \/>\n<meta name=\"robots\" content=\"index, follow, max-snippet:-1, max-image-preview:large, max-video-preview:-1\" \/>\n<link rel=\"canonical\" href=\"https:\/\/medicinasinc.com\/fi\/product\/osta-jwh-018-kemiallinen\/\" \/>\n<meta property=\"og:locale\" content=\"en_US\" \/>\n<meta property=\"og:type\" content=\"article\" \/>\n<meta property=\"og:title\" content=\"Osta JWH-018 Chemical - JWH-018 Chemical verkossa - Parhaat maailmanlaajuiset l\u00e4\u00e4kkeet\" \/>\n<meta property=\"og:description\" content=\"Osta JWH-018 Chemical Powder UK, Arabiemiirikunnat, Eurooppa, Kiina Bestglobalmeds.com-verkkokaupastamme nopealla maailmanlaajuisella toimituksella! Paras JWH-018 tilaamiseen l\u00f6yd\u00e4t t\u00e4\u00e4lt\u00e4!\" \/>\n<meta property=\"og:url\" content=\"https:\/\/medicinasinc.com\/fi\/product\/osta-jwh-018-kemiallinen\/\" \/>\n<meta property=\"og:site_name\" content=\"Medicinas Inc\" \/>\n<meta property=\"article:modified_time\" content=\"2022-03-22T00:55:22+00:00\" \/>\n<meta property=\"og:image\" content=\"https:\/\/medicinasinc.com\/fi\/wp-content\/uploads\/sites\/12\/2022\/02\/Buy-JWH-018-Chemical.jpg\" \/>\n\t<meta property=\"og:image:width\" content=\"593\" \/>\n\t<meta property=\"og:image:height\" content=\"400\" \/>\n\t<meta property=\"og:image:type\" content=\"image\/jpeg\" \/>\n<meta name=\"twitter:card\" content=\"summary_large_image\" \/>\n<meta name=\"twitter:label1\" content=\"Est. reading time\" \/>\n\t<meta name=\"twitter:data1\" content=\"2 minutes\" \/>\n<script type=\"application\/ld+json\" class=\"yoast-schema-graph\">{\"@context\":\"https:\\\/\\\/schema.org\",\"@graph\":[{\"@type\":\"WebPage\",\"@id\":\"https:\\\/\\\/medicinasinc.com\\\/fi\\\/product\\\/osta-jwh-018-kemiallinen\\\/\",\"url\":\"https:\\\/\\\/medicinasinc.com\\\/fi\\\/product\\\/osta-jwh-018-kemiallinen\\\/\",\"name\":\"Osta JWH-018 Chemical - JWH-018 Chemical verkossa - Parhaat maailmanlaajuiset l\u00e4\u00e4kkeet\",\"isPartOf\":{\"@id\":\"https:\\\/\\\/medicinasinc.com\\\/fi\\\/#website\"},\"primaryImageOfPage\":{\"@id\":\"https:\\\/\\\/medicinasinc.com\\\/fi\\\/product\\\/osta-jwh-018-kemiallinen\\\/#primaryimage\"},\"image\":{\"@id\":\"https:\\\/\\\/medicinasinc.com\\\/fi\\\/product\\\/osta-jwh-018-kemiallinen\\\/#primaryimage\"},\"thumbnailUrl\":\"https:\\\/\\\/medicinasinc.com\\\/fi\\\/wp-content\\\/uploads\\\/sites\\\/12\\\/2022\\\/02\\\/Buy-JWH-018-Chemical.jpg\",\"datePublished\":\"2022-02-22T01:32:32+00:00\",\"dateModified\":\"2022-03-22T00:55:22+00:00\",\"description\":\"Osta JWH-018 Chemical Powder UK, Arabiemiirikunnat, Eurooppa, Kiina Bestglobalmeds.com-verkkokaupastamme nopealla maailmanlaajuisella toimituksella! Paras JWH-018 tilaamiseen l\u00f6yd\u00e4t t\u00e4\u00e4lt\u00e4!\",\"breadcrumb\":{\"@id\":\"https:\\\/\\\/medicinasinc.com\\\/fi\\\/product\\\/osta-jwh-018-kemiallinen\\\/#breadcrumb\"},\"inLanguage\":\"en-US\",\"potentialAction\":[{\"@type\":\"ReadAction\",\"target\":[\"https:\\\/\\\/medicinasinc.com\\\/fi\\\/product\\\/osta-jwh-018-kemiallinen\\\/\"]}]},{\"@type\":\"ImageObject\",\"inLanguage\":\"en-US\",\"@id\":\"https:\\\/\\\/medicinasinc.com\\\/fi\\\/product\\\/osta-jwh-018-kemiallinen\\\/#primaryimage\",\"url\":\"https:\\\/\\\/medicinasinc.com\\\/fi\\\/wp-content\\\/uploads\\\/sites\\\/12\\\/2022\\\/02\\\/Buy-JWH-018-Chemical.jpg\",\"contentUrl\":\"https:\\\/\\\/medicinasinc.com\\\/fi\\\/wp-content\\\/uploads\\\/sites\\\/12\\\/2022\\\/02\\\/Buy-JWH-018-Chemical.jpg\",\"width\":593,\"height\":400},{\"@type\":\"BreadcrumbList\",\"@id\":\"https:\\\/\\\/medicinasinc.com\\\/fi\\\/product\\\/osta-jwh-018-kemiallinen\\\/#breadcrumb\",\"itemListElement\":[{\"@type\":\"ListItem\",\"position\":1,\"name\":\"Myym\u00e4l\u00e4\",\"item\":\"https:\\\/\\\/medicinasinc.com\\\/fi\\\/myymala\\\/\"},{\"@type\":\"ListItem\",\"position\":2,\"name\":\"Osta JWH-018 Chemical\"}]},{\"@type\":\"WebSite\",\"@id\":\"https:\\\/\\\/medicinasinc.com\\\/fi\\\/#website\",\"url\":\"https:\\\/\\\/medicinasinc.com\\\/fi\\\/\",\"name\":\"Medicinas Inc\",\"description\":\"Health Medical Clinic\",\"potentialAction\":[{\"@type\":\"SearchAction\",\"target\":{\"@type\":\"EntryPoint\",\"urlTemplate\":\"https:\\\/\\\/medicinasinc.com\\\/fi\\\/?s={search_term_string}\"},\"query-input\":{\"@type\":\"PropertyValueSpecification\",\"valueRequired\":true,\"valueName\":\"search_term_string\"}}],\"inLanguage\":\"en-US\"}]}<\/script>\n<!-- \/ Yoast SEO plugin. -->","yoast_head_json":{"title":"Osta JWH-018 Chemical - JWH-018 Chemical verkossa - Parhaat maailmanlaajuiset l\u00e4\u00e4kkeet","description":"Osta JWH-018 Chemical Powder UK, Arabiemiirikunnat, Eurooppa, Kiina Bestglobalmeds.com-verkkokaupastamme nopealla maailmanlaajuisella toimituksella! Paras JWH-018 tilaamiseen l\u00f6yd\u00e4t t\u00e4\u00e4lt\u00e4!","robots":{"index":"index","follow":"follow","max-snippet":"max-snippet:-1","max-image-preview":"max-image-preview:large","max-video-preview":"max-video-preview:-1"},"canonical":"https:\/\/medicinasinc.com\/fi\/product\/osta-jwh-018-kemiallinen\/","og_locale":"en_US","og_type":"article","og_title":"Osta JWH-018 Chemical - JWH-018 Chemical verkossa - Parhaat maailmanlaajuiset l\u00e4\u00e4kkeet","og_description":"Osta JWH-018 Chemical Powder UK, Arabiemiirikunnat, Eurooppa, Kiina Bestglobalmeds.com-verkkokaupastamme nopealla maailmanlaajuisella toimituksella! Paras JWH-018 tilaamiseen l\u00f6yd\u00e4t t\u00e4\u00e4lt\u00e4!","og_url":"https:\/\/medicinasinc.com\/fi\/product\/osta-jwh-018-kemiallinen\/","og_site_name":"Medicinas Inc","article_modified_time":"2022-03-22T00:55:22+00:00","og_image":[{"width":593,"height":400,"url":"https:\/\/medicinasinc.com\/fi\/wp-content\/uploads\/sites\/12\/2022\/02\/Buy-JWH-018-Chemical.jpg","type":"image\/jpeg"}],"twitter_card":"summary_large_image","twitter_misc":{"Est. reading time":"2 minutes"},"schema":{"@context":"https:\/\/schema.org","@graph":[{"@type":"WebPage","@id":"https:\/\/medicinasinc.com\/fi\/product\/osta-jwh-018-kemiallinen\/","url":"https:\/\/medicinasinc.com\/fi\/product\/osta-jwh-018-kemiallinen\/","name":"Osta JWH-018 Chemical - JWH-018 Chemical verkossa - Parhaat maailmanlaajuiset l\u00e4\u00e4kkeet","isPartOf":{"@id":"https:\/\/medicinasinc.com\/fi\/#website"},"primaryImageOfPage":{"@id":"https:\/\/medicinasinc.com\/fi\/product\/osta-jwh-018-kemiallinen\/#primaryimage"},"image":{"@id":"https:\/\/medicinasinc.com\/fi\/product\/osta-jwh-018-kemiallinen\/#primaryimage"},"thumbnailUrl":"https:\/\/medicinasinc.com\/fi\/wp-content\/uploads\/sites\/12\/2022\/02\/Buy-JWH-018-Chemical.jpg","datePublished":"2022-02-22T01:32:32+00:00","dateModified":"2022-03-22T00:55:22+00:00","description":"Osta JWH-018 Chemical Powder UK, Arabiemiirikunnat, Eurooppa, Kiina Bestglobalmeds.com-verkkokaupastamme nopealla maailmanlaajuisella toimituksella! Paras JWH-018 tilaamiseen l\u00f6yd\u00e4t t\u00e4\u00e4lt\u00e4!","breadcrumb":{"@id":"https:\/\/medicinasinc.com\/fi\/product\/osta-jwh-018-kemiallinen\/#breadcrumb"},"inLanguage":"en-US","potentialAction":[{"@type":"ReadAction","target":["https:\/\/medicinasinc.com\/fi\/product\/osta-jwh-018-kemiallinen\/"]}]},{"@type":"ImageObject","inLanguage":"en-US","@id":"https:\/\/medicinasinc.com\/fi\/product\/osta-jwh-018-kemiallinen\/#primaryimage","url":"https:\/\/medicinasinc.com\/fi\/wp-content\/uploads\/sites\/12\/2022\/02\/Buy-JWH-018-Chemical.jpg","contentUrl":"https:\/\/medicinasinc.com\/fi\/wp-content\/uploads\/sites\/12\/2022\/02\/Buy-JWH-018-Chemical.jpg","width":593,"height":400},{"@type":"BreadcrumbList","@id":"https:\/\/medicinasinc.com\/fi\/product\/osta-jwh-018-kemiallinen\/#breadcrumb","itemListElement":[{"@type":"ListItem","position":1,"name":"Myym\u00e4l\u00e4","item":"https:\/\/medicinasinc.com\/fi\/myymala\/"},{"@type":"ListItem","position":2,"name":"Osta JWH-018 Chemical"}]},{"@type":"WebSite","@id":"https:\/\/medicinasinc.com\/fi\/#website","url":"https:\/\/medicinasinc.com\/fi\/","name":"Medicinas Inc","description":"Health Medical Clinic","potentialAction":[{"@type":"SearchAction","target":{"@type":"EntryPoint","urlTemplate":"https:\/\/medicinasinc.com\/fi\/?s={search_term_string}"},"query-input":{"@type":"PropertyValueSpecification","valueRequired":true,"valueName":"search_term_string"}}],"inLanguage":"en-US"}]}},"_links":{"self":[{"href":"https:\/\/medicinasinc.com\/fi\/wp-json\/wp\/v2\/product\/5548","targetHints":{"allow":["GET"]}}],"collection":[{"href":"https:\/\/medicinasinc.com\/fi\/wp-json\/wp\/v2\/product"}],"about":[{"href":"https:\/\/medicinasinc.com\/fi\/wp-json\/wp\/v2\/types\/product"}],"replies":[{"embeddable":true,"href":"https:\/\/medicinasinc.com\/fi\/wp-json\/wp\/v2\/comments?post=5548"}],"wp:featuredmedia":[{"embeddable":true,"href":"https:\/\/medicinasinc.com\/fi\/wp-json\/wp\/v2\/media\/5558"}],"wp:attachment":[{"href":"https:\/\/medicinasinc.com\/fi\/wp-json\/wp\/v2\/media?parent=5548"}],"wp:term":[{"taxonomy":"product_brand","embeddable":true,"href":"https:\/\/medicinasinc.com\/fi\/wp-json\/wp\/v2\/product_brand?post=5548"},{"taxonomy":"product_cat","embeddable":true,"href":"https:\/\/medicinasinc.com\/fi\/wp-json\/wp\/v2\/product_cat?post=5548"},{"taxonomy":"product_tag","embeddable":true,"href":"https:\/\/medicinasinc.com\/fi\/wp-json\/wp\/v2\/product_tag?post=5548"}],"curies":[{"name":"wp","href":"https:\/\/api.w.org\/{rel}","templated":true}]}}