{"id":5547,"date":"2022-02-22T01:30:48","date_gmt":"2022-02-22T01:30:48","guid":{"rendered":"https:\/\/medicinasinc.com\/fi\/?post_type=product&#038;p=5547"},"modified":"2022-03-22T00:55:32","modified_gmt":"2022-03-22T00:55:32","slug":"osta-jwh-200-kemiallinen","status":"publish","type":"product","link":"https:\/\/medicinasinc.com\/fi\/product\/osta-jwh-200-kemiallinen\/","title":{"rendered":"Osta JWH-200 Chemical"},"content":{"rendered":"<p>Kysy kemikaalin JWH-200 ostosta<\/p>\n<p>Naftoylindoliperheess\u00e4 AM-678 (1-pentyyli-3-(1-naftoyyli)indoli) on analgeetti, joka on t\u00e4ydellinen agonisti sek\u00e4 CB1- ett\u00e4 CB2-kannabinoidireseptorit, hieman suosien CB2-reseptoria. Sit\u00e4 k\u00e4ytet\u00e4\u00e4n synteettisiss\u00e4 kannabistuotteissa, joita myyd\u00e4\u00e4n laillisesti &#8220;suitsusekoituksina&#8221; joissakin maissa, koska sen vaikutukset el\u00e4imiin ovat verrattavissa tetrahydrokannabinolille (THC), kannabiksessa luonnostaan \u200b\u200besiintyv\u00e4lle kannabinoidille. Tutkimuskemikaalit JWH-200<\/p>\n<p>L\u00e4\u00e4kkeen metabolista aktiivisuutta tutkittiin k\u00e4ytt\u00e4m\u00e4ll\u00e4 Wistar-rottia, joille oli annettu JWH-200:aa sis\u00e4lt\u00e4v\u00e4\u00e4 etanoliuutetta. T\u00e4t\u00e4 seurasi JWH-200-metaboliittien uuttaminen 24 tunnin virtsan\u00e4ytteist\u00e4 k\u00e4ytt\u00e4m\u00e4ll\u00e4 sek\u00e4 nestem\u00e4ist\u00e4 ett\u00e4 kiinte\u00e4\u00e4 erotusfaasia. Uutetut kemikaalit erotettiin ja tunnistettiin GC-MS:ll\u00e4. P\u00e4\u00e4signaali olivat hydroksyloidut N-dealkyloidut metaboliitit, eiv\u00e4t JWH-200 tai sen N-dealkyloitunut metaboliitti. Havaittu massasiirtym\u00e4 viittaa siihen, ett\u00e4 molekyylin naftaleeni- ja indolihydroksyyliryhm\u00e4t todenn\u00e4k\u00f6isesti hydroksyloituvat. Hydroksyloidut metaboliitit konjugoituivat laajalti glukuronidin kanssa ihmisill\u00e4, vaikka indolirengas ja pentyylisivuketju olivat ensisijaiset aineenvaihduntakohdat.<\/p>\n<p>JWH-200:n tutkimuskemiallinen k\u00e4ytt\u00f6<\/p>\n<p>Media on raportoi ainakin yhden JWH-200-riippuvuuden tapauksen. Kahdeksan kuukauden ajan k\u00e4ytt\u00e4j\u00e4 joi JWH-018:aa p\u00e4ivitt\u00e4in. Kannabisriippuvuuden vaikutuksiin verrattuna vieroitusoireet olivat t\u00e4\u00e4ll\u00e4 vaikeampia. Hoidon j\u00e4lkeen JWH-200:n on osoitettu aiheuttavan merkitt\u00e4vi\u00e4 muutoksia CB1-reseptoritiheydess\u00e4. Se aiheuttaa toleranssin vaikutuksilleen hitaammin kuin vastaavat kannabinoidit.<\/p>\n","protected":false},"excerpt":{"rendered":"<div class=\"woocommerce-product-details__short-description\">\n<p>Osta JWH-200 kemiallinen jauhe myyt\u00e4v\u00e4ksi Isossa-Britanniassa ja Euroopassa verkosta. (1-(2-morfolin-4-yylietyyli)indol-3-yyli)naftalen-1-yylimetanoni on toinen nimi. Tule ostamaan nyt!. Meill\u00e4 on paras erillinen pakkaus- ja toimitustapa.<\/p>\n<\/p><\/div>\n","protected":false},"featured_media":5556,"comment_status":"open","ping_status":"closed","template":"","meta":[],"product_brand":[],"product_cat":[2014],"product_tag":[3029,3032,3033,3030,3034,3035,3043,3045,3044,3040,3036,3041,3042,3038,3046,3037,3047,3049,3039,3048,3031],"class_list":{"0":"post-5547","1":"product","2":"type-product","3":"status-publish","4":"has-post-thumbnail","6":"product_cat-osta-tutkimus-kemikaaleja","7":"product_tag-am-2233","8":"product_tag-buy-jwh-200-research-chemicals","9":"product_tag-how-to-order-jwh-200-online","10":"product_tag-osta-jwh-200-kemiallinen","11":"product_tag-jwh-018","12":"product_tag-jwh-073","13":"product_tag-jwh-200-arvostelu","14":"product_tag-jwh-200-myyd","15":"product_tag-jwh-200-ale","16":"product_tag-jwh-200-order","17":"product_tag-jwh-200-osta","18":"product_tag-jwh-200-reddit","19":"product_tag-jwh-200-retail","20":"product_tag-jwh-200-efektit","21":"product_tag-jwh-200-tukkumyynti","22":"product_tag-jwh-200-vaikutus","23":"product_tag-jwh-250","24":"product_tag-mist-tilaa-jwh-200-tutkimuskemikaalit","25":"product_tag-jwh-200-myyd-c3-a4-c3-a4n","26":"product_tag-osta-jwh-200-tutkimus-kemikaalit","27":"product_tag-osta-jwh-200-verkosta","29":"first","30":"instock","31":"shipping-taxable","32":"purchasable","33":"product-type-variable","34":"has-default-attributes"},"yoast_head":"<!-- This site is optimized with the Yoast SEO plugin v27.3 - https:\/\/yoast.com\/product\/yoast-seo-wordpress\/ -->\n<title>Osta JWH-200 Chemical - JWH-200 Chemical - Best Global Meds<\/title>\n<meta name=\"description\" content=\"Osta JWH-200 Chemical pulveri\u00a0 myyt\u00e4v\u00e4ksi Isossa-Britanniassa, Euroopassa verkossa. (1-(2-morfolin-4-yylietyyli)indol-3-yyli)naftalen-1-yylimetanoni on toinen nimi. Tule ostamaan nyt!. Meill\u00e4 on paras erillinen pakkaus- ja toimitustapa.\" \/>\n<meta name=\"robots\" content=\"index, follow, max-snippet:-1, max-image-preview:large, max-video-preview:-1\" \/>\n<link rel=\"canonical\" href=\"https:\/\/medicinasinc.com\/fi\/product\/osta-jwh-200-kemiallinen\/\" \/>\n<meta property=\"og:locale\" content=\"en_US\" \/>\n<meta property=\"og:type\" content=\"article\" \/>\n<meta property=\"og:title\" content=\"Osta JWH-200 Chemical - JWH-200 Chemical - Best Global Meds\" \/>\n<meta property=\"og:description\" content=\"Osta JWH-200 Chemical pulveri\u00a0 myyt\u00e4v\u00e4ksi Isossa-Britanniassa, Euroopassa verkossa. (1-(2-morfolin-4-yylietyyli)indol-3-yyli)naftalen-1-yylimetanoni on toinen nimi. Tule ostamaan nyt!. Meill\u00e4 on paras erillinen pakkaus- ja toimitustapa.\" \/>\n<meta property=\"og:url\" content=\"https:\/\/medicinasinc.com\/fi\/product\/osta-jwh-200-kemiallinen\/\" \/>\n<meta property=\"og:site_name\" content=\"Medicinas Inc\" \/>\n<meta property=\"article:modified_time\" content=\"2022-03-22T00:55:32+00:00\" \/>\n<meta property=\"og:image\" content=\"https:\/\/medicinasinc.com\/fi\/wp-content\/uploads\/sites\/12\/2022\/02\/Buy-JWH-200-Chemical.jpg\" \/>\n\t<meta property=\"og:image:width\" content=\"458\" \/>\n\t<meta property=\"og:image:height\" content=\"458\" \/>\n\t<meta property=\"og:image:type\" content=\"image\/jpeg\" \/>\n<meta name=\"twitter:card\" content=\"summary_large_image\" \/>\n<meta name=\"twitter:label1\" content=\"Est. reading time\" \/>\n\t<meta name=\"twitter:data1\" content=\"2 minutes\" \/>\n<script type=\"application\/ld+json\" class=\"yoast-schema-graph\">{\"@context\":\"https:\\\/\\\/schema.org\",\"@graph\":[{\"@type\":\"WebPage\",\"@id\":\"https:\\\/\\\/medicinasinc.com\\\/fi\\\/product\\\/osta-jwh-200-kemiallinen\\\/\",\"url\":\"https:\\\/\\\/medicinasinc.com\\\/fi\\\/product\\\/osta-jwh-200-kemiallinen\\\/\",\"name\":\"Osta JWH-200 Chemical - JWH-200 Chemical - Best Global Meds\",\"isPartOf\":{\"@id\":\"https:\\\/\\\/medicinasinc.com\\\/fi\\\/#website\"},\"primaryImageOfPage\":{\"@id\":\"https:\\\/\\\/medicinasinc.com\\\/fi\\\/product\\\/osta-jwh-200-kemiallinen\\\/#primaryimage\"},\"image\":{\"@id\":\"https:\\\/\\\/medicinasinc.com\\\/fi\\\/product\\\/osta-jwh-200-kemiallinen\\\/#primaryimage\"},\"thumbnailUrl\":\"https:\\\/\\\/medicinasinc.com\\\/fi\\\/wp-content\\\/uploads\\\/sites\\\/12\\\/2022\\\/02\\\/Buy-JWH-200-Chemical.jpg\",\"datePublished\":\"2022-02-22T01:30:48+00:00\",\"dateModified\":\"2022-03-22T00:55:32+00:00\",\"description\":\"Osta JWH-200 Chemical pulveri\u00a0 myyt\u00e4v\u00e4ksi Isossa-Britanniassa, Euroopassa verkossa. (1-(2-morfolin-4-yylietyyli)indol-3-yyli)naftalen-1-yylimetanoni on toinen nimi. Tule ostamaan nyt!. Meill\u00e4 on paras erillinen pakkaus- ja toimitustapa.\",\"breadcrumb\":{\"@id\":\"https:\\\/\\\/medicinasinc.com\\\/fi\\\/product\\\/osta-jwh-200-kemiallinen\\\/#breadcrumb\"},\"inLanguage\":\"en-US\",\"potentialAction\":[{\"@type\":\"ReadAction\",\"target\":[\"https:\\\/\\\/medicinasinc.com\\\/fi\\\/product\\\/osta-jwh-200-kemiallinen\\\/\"]}]},{\"@type\":\"ImageObject\",\"inLanguage\":\"en-US\",\"@id\":\"https:\\\/\\\/medicinasinc.com\\\/fi\\\/product\\\/osta-jwh-200-kemiallinen\\\/#primaryimage\",\"url\":\"https:\\\/\\\/medicinasinc.com\\\/fi\\\/wp-content\\\/uploads\\\/sites\\\/12\\\/2022\\\/02\\\/Buy-JWH-200-Chemical.jpg\",\"contentUrl\":\"https:\\\/\\\/medicinasinc.com\\\/fi\\\/wp-content\\\/uploads\\\/sites\\\/12\\\/2022\\\/02\\\/Buy-JWH-200-Chemical.jpg\",\"width\":458,\"height\":458},{\"@type\":\"BreadcrumbList\",\"@id\":\"https:\\\/\\\/medicinasinc.com\\\/fi\\\/product\\\/osta-jwh-200-kemiallinen\\\/#breadcrumb\",\"itemListElement\":[{\"@type\":\"ListItem\",\"position\":1,\"name\":\"Myym\u00e4l\u00e4\",\"item\":\"https:\\\/\\\/medicinasinc.com\\\/fi\\\/myymala\\\/\"},{\"@type\":\"ListItem\",\"position\":2,\"name\":\"Osta JWH-200 Chemical\"}]},{\"@type\":\"WebSite\",\"@id\":\"https:\\\/\\\/medicinasinc.com\\\/fi\\\/#website\",\"url\":\"https:\\\/\\\/medicinasinc.com\\\/fi\\\/\",\"name\":\"Medicinas Inc\",\"description\":\"Health Medical Clinic\",\"potentialAction\":[{\"@type\":\"SearchAction\",\"target\":{\"@type\":\"EntryPoint\",\"urlTemplate\":\"https:\\\/\\\/medicinasinc.com\\\/fi\\\/?s={search_term_string}\"},\"query-input\":{\"@type\":\"PropertyValueSpecification\",\"valueRequired\":true,\"valueName\":\"search_term_string\"}}],\"inLanguage\":\"en-US\"}]}<\/script>\n<!-- \/ Yoast SEO plugin. -->","yoast_head_json":{"title":"Osta JWH-200 Chemical - JWH-200 Chemical - Best Global Meds","description":"Osta JWH-200 Chemical pulveri\u00a0 myyt\u00e4v\u00e4ksi Isossa-Britanniassa, Euroopassa verkossa. (1-(2-morfolin-4-yylietyyli)indol-3-yyli)naftalen-1-yylimetanoni on toinen nimi. Tule ostamaan nyt!. Meill\u00e4 on paras erillinen pakkaus- ja toimitustapa.","robots":{"index":"index","follow":"follow","max-snippet":"max-snippet:-1","max-image-preview":"max-image-preview:large","max-video-preview":"max-video-preview:-1"},"canonical":"https:\/\/medicinasinc.com\/fi\/product\/osta-jwh-200-kemiallinen\/","og_locale":"en_US","og_type":"article","og_title":"Osta JWH-200 Chemical - JWH-200 Chemical - Best Global Meds","og_description":"Osta JWH-200 Chemical pulveri\u00a0 myyt\u00e4v\u00e4ksi Isossa-Britanniassa, Euroopassa verkossa. (1-(2-morfolin-4-yylietyyli)indol-3-yyli)naftalen-1-yylimetanoni on toinen nimi. Tule ostamaan nyt!. Meill\u00e4 on paras erillinen pakkaus- ja toimitustapa.","og_url":"https:\/\/medicinasinc.com\/fi\/product\/osta-jwh-200-kemiallinen\/","og_site_name":"Medicinas Inc","article_modified_time":"2022-03-22T00:55:32+00:00","og_image":[{"width":458,"height":458,"url":"https:\/\/medicinasinc.com\/fi\/wp-content\/uploads\/sites\/12\/2022\/02\/Buy-JWH-200-Chemical.jpg","type":"image\/jpeg"}],"twitter_card":"summary_large_image","twitter_misc":{"Est. reading time":"2 minutes"},"schema":{"@context":"https:\/\/schema.org","@graph":[{"@type":"WebPage","@id":"https:\/\/medicinasinc.com\/fi\/product\/osta-jwh-200-kemiallinen\/","url":"https:\/\/medicinasinc.com\/fi\/product\/osta-jwh-200-kemiallinen\/","name":"Osta JWH-200 Chemical - JWH-200 Chemical - Best Global Meds","isPartOf":{"@id":"https:\/\/medicinasinc.com\/fi\/#website"},"primaryImageOfPage":{"@id":"https:\/\/medicinasinc.com\/fi\/product\/osta-jwh-200-kemiallinen\/#primaryimage"},"image":{"@id":"https:\/\/medicinasinc.com\/fi\/product\/osta-jwh-200-kemiallinen\/#primaryimage"},"thumbnailUrl":"https:\/\/medicinasinc.com\/fi\/wp-content\/uploads\/sites\/12\/2022\/02\/Buy-JWH-200-Chemical.jpg","datePublished":"2022-02-22T01:30:48+00:00","dateModified":"2022-03-22T00:55:32+00:00","description":"Osta JWH-200 Chemical pulveri\u00a0 myyt\u00e4v\u00e4ksi Isossa-Britanniassa, Euroopassa verkossa. (1-(2-morfolin-4-yylietyyli)indol-3-yyli)naftalen-1-yylimetanoni on toinen nimi. Tule ostamaan nyt!. Meill\u00e4 on paras erillinen pakkaus- ja toimitustapa.","breadcrumb":{"@id":"https:\/\/medicinasinc.com\/fi\/product\/osta-jwh-200-kemiallinen\/#breadcrumb"},"inLanguage":"en-US","potentialAction":[{"@type":"ReadAction","target":["https:\/\/medicinasinc.com\/fi\/product\/osta-jwh-200-kemiallinen\/"]}]},{"@type":"ImageObject","inLanguage":"en-US","@id":"https:\/\/medicinasinc.com\/fi\/product\/osta-jwh-200-kemiallinen\/#primaryimage","url":"https:\/\/medicinasinc.com\/fi\/wp-content\/uploads\/sites\/12\/2022\/02\/Buy-JWH-200-Chemical.jpg","contentUrl":"https:\/\/medicinasinc.com\/fi\/wp-content\/uploads\/sites\/12\/2022\/02\/Buy-JWH-200-Chemical.jpg","width":458,"height":458},{"@type":"BreadcrumbList","@id":"https:\/\/medicinasinc.com\/fi\/product\/osta-jwh-200-kemiallinen\/#breadcrumb","itemListElement":[{"@type":"ListItem","position":1,"name":"Myym\u00e4l\u00e4","item":"https:\/\/medicinasinc.com\/fi\/myymala\/"},{"@type":"ListItem","position":2,"name":"Osta JWH-200 Chemical"}]},{"@type":"WebSite","@id":"https:\/\/medicinasinc.com\/fi\/#website","url":"https:\/\/medicinasinc.com\/fi\/","name":"Medicinas Inc","description":"Health Medical Clinic","potentialAction":[{"@type":"SearchAction","target":{"@type":"EntryPoint","urlTemplate":"https:\/\/medicinasinc.com\/fi\/?s={search_term_string}"},"query-input":{"@type":"PropertyValueSpecification","valueRequired":true,"valueName":"search_term_string"}}],"inLanguage":"en-US"}]}},"_links":{"self":[{"href":"https:\/\/medicinasinc.com\/fi\/wp-json\/wp\/v2\/product\/5547","targetHints":{"allow":["GET"]}}],"collection":[{"href":"https:\/\/medicinasinc.com\/fi\/wp-json\/wp\/v2\/product"}],"about":[{"href":"https:\/\/medicinasinc.com\/fi\/wp-json\/wp\/v2\/types\/product"}],"replies":[{"embeddable":true,"href":"https:\/\/medicinasinc.com\/fi\/wp-json\/wp\/v2\/comments?post=5547"}],"wp:featuredmedia":[{"embeddable":true,"href":"https:\/\/medicinasinc.com\/fi\/wp-json\/wp\/v2\/media\/5556"}],"wp:attachment":[{"href":"https:\/\/medicinasinc.com\/fi\/wp-json\/wp\/v2\/media?parent=5547"}],"wp:term":[{"taxonomy":"product_brand","embeddable":true,"href":"https:\/\/medicinasinc.com\/fi\/wp-json\/wp\/v2\/product_brand?post=5547"},{"taxonomy":"product_cat","embeddable":true,"href":"https:\/\/medicinasinc.com\/fi\/wp-json\/wp\/v2\/product_cat?post=5547"},{"taxonomy":"product_tag","embeddable":true,"href":"https:\/\/medicinasinc.com\/fi\/wp-json\/wp\/v2\/product_tag?post=5547"}],"curies":[{"name":"wp","href":"https:\/\/api.w.org\/{rel}","templated":true}]}}