{"id":5523,"date":"2022-02-22T01:06:52","date_gmt":"2022-02-22T01:06:52","guid":{"rendered":"https:\/\/medicinasinc.com\/fi\/?post_type=product&#038;p=5523"},"modified":"2022-03-22T00:55:40","modified_gmt":"2022-03-22T00:55:40","slug":"osta-hdep-28-romaani-etyylinaftidaatti","status":"publish","type":"product","link":"https:\/\/medicinasinc.com\/fi\/product\/osta-hdep-28-romaani-etyylinaftidaatti\/","title":{"rendered":"Osta hdep-28 uusi etyylinaftidaatti"},"content":{"rendered":"<p>Etyylinaftidaatti HDEP-28 myyt\u00e4v\u00e4n\u00e4<\/p>\n<p>3,4-metyleenidioksi-N-etyylikatinonia mainitaan usein entaktogeenin tehostajana. 1-(1,3-bentsodioksol-5-yyli)-2-(etyyliamino)-1-propanoni on etylonille annettu nimi. C12H15NO3:n tavallinen massa on 221,251999 Da, kun taas monoisotooppisen massa on 221,104996 Da. T\u00e4m\u00e4 on osaydinkaava. Osta kiinalaista eteeni\u00e4. Etyloni on korvaamaton jalokivi, jota voi ostaa. Eteenist\u00e4 valmistettuja jalokivi\u00e4 voi ostaa. Etylonin toimittaja. Ethylone on myynniss\u00e4. alennus Ethylone<\/p>\n<p>ACD\/Labs ja ChemAxon tekiv\u00e4t yhteisty\u00f6ss\u00e4 Ethylonin arvioinnin. Mit\u00e4 tulee ominaisuuksiin, joita ACD\/Labs ennusti, he l\u00f6ysiv\u00e4t nelj\u00e4 #H-turvaakseptoria, nelj\u00e4 #vapaasti k\u00e4\u00e4ntyv\u00e4\u00e4 arvopaperia, taiteenn\u00e4tys 1,54 pintapuristuskertoimella 44,3470001220703dyne\/cm, purskemotivaatio 172,845 \u00b0C ja rajoitus 362,188 \u00b0C paineessa 760 mmHg.<\/p>\n<p>T\u00e4m\u00e4 on yleinen ilmi\u00f6 logiikka- ja tieteellisiss\u00e4 ohjelmistoissa.<\/p>\n<p>T\u00e4m\u00e4 tuote on kehitetty t\u00e4ytt\u00e4m\u00e4\u00e4n standardin ISO17025:2005 ja vaatimukset. Opas 34:2009.<\/p>\n<p>Voit luottaa siihen, ett\u00e4 teemme ty\u00f6n nopeasti ja tehokkaasti, sill\u00e4 olemme maailman paras organisaatio. Asiakkaat voivat odottaa meilt\u00e4 vain parasta laatua! Tavalla, joka on olennaisesti yhdenmukainen sen kanssa, mit\u00e4 usein odotamme ostaessamme mit\u00e4 tahansa<\/p>\n<p>Jotta voimme ostaa korkealaatuisimpia tuotteita edullisimmalla hinnalla ja voimme siirt\u00e4\u00e4 s\u00e4\u00e4st\u00f6t sinulle!<\/p>\n<p> p&gt; <\/p>\n<p>T\u00e4st\u00e4 syyst\u00e4 vaadimme kaikkia asiakkaitamme k\u00e4sittelem\u00e4\u00e4n tuotteensa GC\/MS:n tarkkuuden ja laillisuuden varmistamiseksi. Koska v\u00e4lit\u00e4mme asiakkaistamme ja heid\u00e4n tyytyv\u00e4isyydest\u00e4\u00e4n, teemme jokaiselle l\u00e4hetykselle oman testauksen varmistaaksemme, ett\u00e4 j\u00e4ljell\u00e4 olevien osien laatu on 100%.<\/p>\n<p>Yrityksemme tulevaisuus riippuu siit\u00e4, vastaammeko pyynt\u00f6\u00f6si yst\u00e4v\u00e4llisell\u00e4 tavalla, olipa se kuinka kiireellinen tahansa. Tilanteesta riippumatta voit aina luottaa siihen, ett\u00e4 tarjoamme sinulle parhaat l\u00e4\u00e4kkeet ja herk\u00e4t ilotulitteet parhaaseen hintaan, kaikki toimitetaan diskreetimm\u00e4ll\u00e4 kuviteltavissa olevalla tavalla! Jos se ei ole liikaa vaivaa, luota ja esit\u00e4 pyynt\u00f6si vakuuttavasti!<\/p>\n<p>N\u00e4ytetyn vahvuutemme ansiosta voit luottaa meihin ja jatkaa liiketoimintaa kanssamme aina, kun valitset niin kauan kuin me ovat noin. Kaatumistasi ei suvaita.<\/p>\n<p>Pakettisi matkan seuraaminen on helppoa l\u00e4hetyksesi mukana toimitettujen numeroiden ansiosta.<\/p>\n","protected":false},"excerpt":{"rendered":"<p>Osta etyylinaftidaatti HDEP-28 myyt\u00e4v\u00e4n\u00e4 Isossa-Britanniassa, Euroopassa. Etyyli-2-(naftalen-2-yyli)-2-(piperidin-2-yyli)asetaatti. Kysy lis\u00e4\u00e4 hdep-28:sta, uudesta etyylinaftidaatista.<\/p>\n<p>Osta hdep-28 Novel Ethylnaphthidate 1 unssia Amazon.com-sivustosta.<\/p>\n<p>Etyylinaftidaatti eli HDEP-28 on kielletyn fenidaatin korvike -sarja.<\/p>\n<p>Asiakkaat voivat nyt ostaa etyylinaftidaattia.<br \/> HDEP-28, joka tunnetaan my\u00f6s nimell\u00e4 etyylinaftidaatti, on tarkoitettu vasta kielletyn Phenidate-kemiallisen sarjan rooliin.<br \/> Verrattaessa &amp; #8216;Fenidaatit,&#8217; Asiakkaiden, jotka k\u00e4ytt\u00e4v\u00e4t t\u00e4t\u00e4 tuotetta laboratoriossa, pit\u00e4isi odottaa samanlaisia \u200b\u200btuloksia.<br \/> IUPAC ennustaa, ett\u00e4 tutkijat pit\u00e4v\u00e4t HDEP 28 \/ Etyylinafhidaattia erinomaisena korvikkeena etyylifenidaatille. 2-(naftalen-2-yyli)-2-(piperidin-2-yyli)asetaatti<br \/> N\/A<br \/> Kaava C19H23NO2<br \/> Molekyylipaino on 297,40<\/p>\n","protected":false},"featured_media":5535,"comment_status":"open","ping_status":"closed","template":"","meta":[],"product_brand":[],"product_cat":[2014],"product_tag":[],"class_list":{"0":"post-5523","1":"product","2":"type-product","3":"status-publish","4":"has-post-thumbnail","6":"product_cat-osta-tutkimus-kemikaaleja","8":"first","9":"instock","10":"shipping-taxable","11":"purchasable","12":"product-type-variable","13":"has-default-attributes"},"yoast_head":"<!-- This site is optimized with the Yoast SEO plugin v27.3 - https:\/\/yoast.com\/product\/yoast-seo-wordpress\/ -->\n<title>Osta hdep-28 uusi etyylinaftidaatti - parhaat maailmanlaajuiset l\u00e4\u00e4kkeet<\/title>\n<meta name=\"description\" content=\"Osta hdep-28 Novel Ethylnaphthidate myyt\u00e4v\u00e4n\u00e4 Isossa-Britanniassa, Euroopassa verkossa. IUPAC: etyyli-2-(naftalen-2-yyli)-2-(piperidin-2-yyli)asetaatti. Tilaa hdep-28 Novel Ethylnaphthidate\" \/>\n<meta name=\"robots\" content=\"index, follow, max-snippet:-1, max-image-preview:large, max-video-preview:-1\" \/>\n<link rel=\"canonical\" href=\"https:\/\/medicinasinc.com\/fi\/product\/osta-hdep-28-romaani-etyylinaftidaatti\/\" \/>\n<meta property=\"og:locale\" content=\"en_US\" \/>\n<meta property=\"og:type\" content=\"article\" \/>\n<meta property=\"og:title\" content=\"Osta hdep-28 uusi etyylinaftidaatti - parhaat maailmanlaajuiset l\u00e4\u00e4kkeet\" \/>\n<meta property=\"og:description\" content=\"Osta hdep-28 Novel Ethylnaphthidate myyt\u00e4v\u00e4n\u00e4 Isossa-Britanniassa, Euroopassa verkossa. IUPAC: etyyli-2-(naftalen-2-yyli)-2-(piperidin-2-yyli)asetaatti. Tilaa hdep-28 Novel Ethylnaphthidate\" \/>\n<meta property=\"og:url\" content=\"https:\/\/medicinasinc.com\/fi\/product\/osta-hdep-28-romaani-etyylinaftidaatti\/\" \/>\n<meta property=\"og:site_name\" content=\"Medicinas Inc\" \/>\n<meta property=\"article:modified_time\" content=\"2022-03-22T00:55:40+00:00\" \/>\n<meta property=\"og:image\" content=\"https:\/\/medicinasinc.com\/fi\/wp-content\/uploads\/sites\/12\/2022\/02\/Buy-hdep-28-Novel-Ethylnaphthidate.jpg\" \/>\n\t<meta property=\"og:image:width\" content=\"600\" \/>\n\t<meta property=\"og:image:height\" content=\"600\" \/>\n\t<meta property=\"og:image:type\" content=\"image\/jpeg\" \/>\n<meta name=\"twitter:card\" content=\"summary_large_image\" \/>\n<meta name=\"twitter:label1\" content=\"Est. reading time\" \/>\n\t<meta name=\"twitter:data1\" content=\"2 minutes\" \/>\n<script type=\"application\/ld+json\" class=\"yoast-schema-graph\">{\"@context\":\"https:\\\/\\\/schema.org\",\"@graph\":[{\"@type\":\"WebPage\",\"@id\":\"https:\\\/\\\/medicinasinc.com\\\/fi\\\/product\\\/osta-hdep-28-romaani-etyylinaftidaatti\\\/\",\"url\":\"https:\\\/\\\/medicinasinc.com\\\/fi\\\/product\\\/osta-hdep-28-romaani-etyylinaftidaatti\\\/\",\"name\":\"Osta hdep-28 uusi etyylinaftidaatti - parhaat maailmanlaajuiset l\u00e4\u00e4kkeet\",\"isPartOf\":{\"@id\":\"https:\\\/\\\/medicinasinc.com\\\/fi\\\/#website\"},\"primaryImageOfPage\":{\"@id\":\"https:\\\/\\\/medicinasinc.com\\\/fi\\\/product\\\/osta-hdep-28-romaani-etyylinaftidaatti\\\/#primaryimage\"},\"image\":{\"@id\":\"https:\\\/\\\/medicinasinc.com\\\/fi\\\/product\\\/osta-hdep-28-romaani-etyylinaftidaatti\\\/#primaryimage\"},\"thumbnailUrl\":\"https:\\\/\\\/medicinasinc.com\\\/fi\\\/wp-content\\\/uploads\\\/sites\\\/12\\\/2022\\\/02\\\/Buy-hdep-28-Novel-Ethylnaphthidate.jpg\",\"datePublished\":\"2022-02-22T01:06:52+00:00\",\"dateModified\":\"2022-03-22T00:55:40+00:00\",\"description\":\"Osta hdep-28 Novel Ethylnaphthidate myyt\u00e4v\u00e4n\u00e4 Isossa-Britanniassa, Euroopassa verkossa. IUPAC: etyyli-2-(naftalen-2-yyli)-2-(piperidin-2-yyli)asetaatti. Tilaa hdep-28 Novel Ethylnaphthidate\",\"breadcrumb\":{\"@id\":\"https:\\\/\\\/medicinasinc.com\\\/fi\\\/product\\\/osta-hdep-28-romaani-etyylinaftidaatti\\\/#breadcrumb\"},\"inLanguage\":\"en-US\",\"potentialAction\":[{\"@type\":\"ReadAction\",\"target\":[\"https:\\\/\\\/medicinasinc.com\\\/fi\\\/product\\\/osta-hdep-28-romaani-etyylinaftidaatti\\\/\"]}]},{\"@type\":\"ImageObject\",\"inLanguage\":\"en-US\",\"@id\":\"https:\\\/\\\/medicinasinc.com\\\/fi\\\/product\\\/osta-hdep-28-romaani-etyylinaftidaatti\\\/#primaryimage\",\"url\":\"https:\\\/\\\/medicinasinc.com\\\/fi\\\/wp-content\\\/uploads\\\/sites\\\/12\\\/2022\\\/02\\\/Buy-hdep-28-Novel-Ethylnaphthidate.jpg\",\"contentUrl\":\"https:\\\/\\\/medicinasinc.com\\\/fi\\\/wp-content\\\/uploads\\\/sites\\\/12\\\/2022\\\/02\\\/Buy-hdep-28-Novel-Ethylnaphthidate.jpg\",\"width\":600,\"height\":600},{\"@type\":\"BreadcrumbList\",\"@id\":\"https:\\\/\\\/medicinasinc.com\\\/fi\\\/product\\\/osta-hdep-28-romaani-etyylinaftidaatti\\\/#breadcrumb\",\"itemListElement\":[{\"@type\":\"ListItem\",\"position\":1,\"name\":\"Myym\u00e4l\u00e4\",\"item\":\"https:\\\/\\\/medicinasinc.com\\\/fi\\\/myymala\\\/\"},{\"@type\":\"ListItem\",\"position\":2,\"name\":\"Osta hdep-28 uusi etyylinaftidaatti\"}]},{\"@type\":\"WebSite\",\"@id\":\"https:\\\/\\\/medicinasinc.com\\\/fi\\\/#website\",\"url\":\"https:\\\/\\\/medicinasinc.com\\\/fi\\\/\",\"name\":\"Medicinas Inc\",\"description\":\"Health Medical Clinic\",\"potentialAction\":[{\"@type\":\"SearchAction\",\"target\":{\"@type\":\"EntryPoint\",\"urlTemplate\":\"https:\\\/\\\/medicinasinc.com\\\/fi\\\/?s={search_term_string}\"},\"query-input\":{\"@type\":\"PropertyValueSpecification\",\"valueRequired\":true,\"valueName\":\"search_term_string\"}}],\"inLanguage\":\"en-US\"}]}<\/script>\n<!-- \/ Yoast SEO plugin. -->","yoast_head_json":{"title":"Osta hdep-28 uusi etyylinaftidaatti - parhaat maailmanlaajuiset l\u00e4\u00e4kkeet","description":"Osta hdep-28 Novel Ethylnaphthidate myyt\u00e4v\u00e4n\u00e4 Isossa-Britanniassa, Euroopassa verkossa. IUPAC: etyyli-2-(naftalen-2-yyli)-2-(piperidin-2-yyli)asetaatti. Tilaa hdep-28 Novel Ethylnaphthidate","robots":{"index":"index","follow":"follow","max-snippet":"max-snippet:-1","max-image-preview":"max-image-preview:large","max-video-preview":"max-video-preview:-1"},"canonical":"https:\/\/medicinasinc.com\/fi\/product\/osta-hdep-28-romaani-etyylinaftidaatti\/","og_locale":"en_US","og_type":"article","og_title":"Osta hdep-28 uusi etyylinaftidaatti - parhaat maailmanlaajuiset l\u00e4\u00e4kkeet","og_description":"Osta hdep-28 Novel Ethylnaphthidate myyt\u00e4v\u00e4n\u00e4 Isossa-Britanniassa, Euroopassa verkossa. IUPAC: etyyli-2-(naftalen-2-yyli)-2-(piperidin-2-yyli)asetaatti. Tilaa hdep-28 Novel Ethylnaphthidate","og_url":"https:\/\/medicinasinc.com\/fi\/product\/osta-hdep-28-romaani-etyylinaftidaatti\/","og_site_name":"Medicinas Inc","article_modified_time":"2022-03-22T00:55:40+00:00","og_image":[{"width":600,"height":600,"url":"https:\/\/medicinasinc.com\/fi\/wp-content\/uploads\/sites\/12\/2022\/02\/Buy-hdep-28-Novel-Ethylnaphthidate.jpg","type":"image\/jpeg"}],"twitter_card":"summary_large_image","twitter_misc":{"Est. reading time":"2 minutes"},"schema":{"@context":"https:\/\/schema.org","@graph":[{"@type":"WebPage","@id":"https:\/\/medicinasinc.com\/fi\/product\/osta-hdep-28-romaani-etyylinaftidaatti\/","url":"https:\/\/medicinasinc.com\/fi\/product\/osta-hdep-28-romaani-etyylinaftidaatti\/","name":"Osta hdep-28 uusi etyylinaftidaatti - parhaat maailmanlaajuiset l\u00e4\u00e4kkeet","isPartOf":{"@id":"https:\/\/medicinasinc.com\/fi\/#website"},"primaryImageOfPage":{"@id":"https:\/\/medicinasinc.com\/fi\/product\/osta-hdep-28-romaani-etyylinaftidaatti\/#primaryimage"},"image":{"@id":"https:\/\/medicinasinc.com\/fi\/product\/osta-hdep-28-romaani-etyylinaftidaatti\/#primaryimage"},"thumbnailUrl":"https:\/\/medicinasinc.com\/fi\/wp-content\/uploads\/sites\/12\/2022\/02\/Buy-hdep-28-Novel-Ethylnaphthidate.jpg","datePublished":"2022-02-22T01:06:52+00:00","dateModified":"2022-03-22T00:55:40+00:00","description":"Osta hdep-28 Novel Ethylnaphthidate myyt\u00e4v\u00e4n\u00e4 Isossa-Britanniassa, Euroopassa verkossa. IUPAC: etyyli-2-(naftalen-2-yyli)-2-(piperidin-2-yyli)asetaatti. Tilaa hdep-28 Novel Ethylnaphthidate","breadcrumb":{"@id":"https:\/\/medicinasinc.com\/fi\/product\/osta-hdep-28-romaani-etyylinaftidaatti\/#breadcrumb"},"inLanguage":"en-US","potentialAction":[{"@type":"ReadAction","target":["https:\/\/medicinasinc.com\/fi\/product\/osta-hdep-28-romaani-etyylinaftidaatti\/"]}]},{"@type":"ImageObject","inLanguage":"en-US","@id":"https:\/\/medicinasinc.com\/fi\/product\/osta-hdep-28-romaani-etyylinaftidaatti\/#primaryimage","url":"https:\/\/medicinasinc.com\/fi\/wp-content\/uploads\/sites\/12\/2022\/02\/Buy-hdep-28-Novel-Ethylnaphthidate.jpg","contentUrl":"https:\/\/medicinasinc.com\/fi\/wp-content\/uploads\/sites\/12\/2022\/02\/Buy-hdep-28-Novel-Ethylnaphthidate.jpg","width":600,"height":600},{"@type":"BreadcrumbList","@id":"https:\/\/medicinasinc.com\/fi\/product\/osta-hdep-28-romaani-etyylinaftidaatti\/#breadcrumb","itemListElement":[{"@type":"ListItem","position":1,"name":"Myym\u00e4l\u00e4","item":"https:\/\/medicinasinc.com\/fi\/myymala\/"},{"@type":"ListItem","position":2,"name":"Osta hdep-28 uusi etyylinaftidaatti"}]},{"@type":"WebSite","@id":"https:\/\/medicinasinc.com\/fi\/#website","url":"https:\/\/medicinasinc.com\/fi\/","name":"Medicinas Inc","description":"Health Medical Clinic","potentialAction":[{"@type":"SearchAction","target":{"@type":"EntryPoint","urlTemplate":"https:\/\/medicinasinc.com\/fi\/?s={search_term_string}"},"query-input":{"@type":"PropertyValueSpecification","valueRequired":true,"valueName":"search_term_string"}}],"inLanguage":"en-US"}]}},"_links":{"self":[{"href":"https:\/\/medicinasinc.com\/fi\/wp-json\/wp\/v2\/product\/5523","targetHints":{"allow":["GET"]}}],"collection":[{"href":"https:\/\/medicinasinc.com\/fi\/wp-json\/wp\/v2\/product"}],"about":[{"href":"https:\/\/medicinasinc.com\/fi\/wp-json\/wp\/v2\/types\/product"}],"replies":[{"embeddable":true,"href":"https:\/\/medicinasinc.com\/fi\/wp-json\/wp\/v2\/comments?post=5523"}],"wp:featuredmedia":[{"embeddable":true,"href":"https:\/\/medicinasinc.com\/fi\/wp-json\/wp\/v2\/media\/5535"}],"wp:attachment":[{"href":"https:\/\/medicinasinc.com\/fi\/wp-json\/wp\/v2\/media?parent=5523"}],"wp:term":[{"taxonomy":"product_brand","embeddable":true,"href":"https:\/\/medicinasinc.com\/fi\/wp-json\/wp\/v2\/product_brand?post=5523"},{"taxonomy":"product_cat","embeddable":true,"href":"https:\/\/medicinasinc.com\/fi\/wp-json\/wp\/v2\/product_cat?post=5523"},{"taxonomy":"product_tag","embeddable":true,"href":"https:\/\/medicinasinc.com\/fi\/wp-json\/wp\/v2\/product_tag?post=5523"}],"curies":[{"name":"wp","href":"https:\/\/api.w.org\/{rel}","templated":true}]}}