{"id":5522,"date":"2022-02-22T01:05:36","date_gmt":"2022-02-22T01:05:36","guid":{"rendered":"https:\/\/medicinasinc.com\/fi\/?post_type=product&#038;p=5522"},"modified":"2022-03-22T00:55:48","modified_gmt":"2022-03-22T00:55:48","slug":"osta-fub-akb48-jauhe","status":"publish","type":"product","link":"https:\/\/medicinasinc.com\/fi\/product\/osta-fub-akb48-jauhe\/","title":{"rendered":"Osta Fub Akb48 -jauhe"},"content":{"rendered":"<p>Pure Fub Akb48 -jauhe ostettavana<\/p>\n<p>Jos haluat tiet\u00e4\u00e4 lis\u00e4\u00e4 FUB-AKB48:n (tunnetaan my\u00f6s nimell\u00e4 AFUBINACA tai FUB-APINACA) vaikutuksista CB1-reseptoriin, t\u00e4m\u00e4 on synteettinen kannabinoidi sinulle.<\/p>\n<p>K\u00e4yt\u00e4 seuraavaa kemiallista kaavaa: C25H26FN3O.<br \/> IUPAC-nimikkeist\u00f6ss\u00e4: N-[(4-fluorifenyyli)metyyli]-1-adamantan-1-yyli<br \/> -1H-indatsoli<br \/> -3-karboksamidi<br \/> Ulkon\u00e4k\u00f6:<br \/> Puhtaus:<\/p>\n","protected":false},"excerpt":{"rendered":"<p>Maksa Bitcoinilla FUB-AKB48-jauheen toimituksesta Eurooppaan. Osta FUB-AKB48 Powder Euroopasta Iso-Britannian toimittajalta edulliseen hintaan. Eurooppalainen FUB-AKB48-jauhekauppa, josta saat FUB-AKB48-jauhetta 99 prosentin puhtaudella.<\/p>\n<p>Hanki 1 unssia. Pure Fub Akb48 -jauhetta meilt\u00e4 t\u00e4n\u00e4\u00e4n! Fake weed on indoli, jota on k\u00e4ytetty l\u00e4\u00e4kkeiden valmistuksessa ja joka on nyt myynniss\u00e4 synteettisten marihuanan aktiivisten komponenttien kanssa.<\/p>\n<p>Bitcoinin avulla voit saada puhdasta ja laadukasta FUB-AKB48-jauhetta verkossa, kuten sek\u00e4 laillisia l\u00e4\u00e4kkeit\u00e4, tutkimuskemikaaleja ja raakoja l\u00e4\u00e4kejauheita.<\/p>\n","protected":false},"featured_media":5533,"comment_status":"open","ping_status":"closed","template":"","meta":[],"product_brand":[],"product_cat":[2596],"product_tag":[3026,3016,3015,3017,3018,3021,3023,3024,3022,3020,3025,3027,3028,3014,3019,3013],"class_list":{"0":"post-5522","1":"product","2":"type-product","3":"status-publish","4":"has-post-thumbnail","6":"product_cat-kannabinoidit-myynniss","7":"product_tag-fub-akb48-arvostelu","8":"product_tag-fub-akb48-efekti","9":"product_tag-fub-akb48-china-toimittaja","10":"product_tag-fub-akb48-myydn","11":"product_tag-fub-akb48-powder","12":"product_tag-fub-akb48-jauhe-myynniss","13":"product_tag-fub-akb48-powder-order","14":"product_tag-fub-akb48-powder-reddit","15":"product_tag-fub-akb48-powder-online","16":"product_tag-fub-akb48-jauhe-efekti","17":"product_tag-fub-akb48-renderit","18":"product_tag-fub-akb48-shipping","19":"product_tag-fub-akb48-tukkumyynti","20":"product_tag-osta-fub-akb48-jauhe","21":"product_tag-fub-akb48-jauhe-osta","22":"product_tag-osta-fub-akb48-eu","24":"first","25":"instock","26":"shipping-taxable","27":"purchasable","28":"product-type-variable","29":"has-default-attributes"},"yoast_head":"<!-- This site is optimized with the Yoast SEO plugin v27.3 - https:\/\/yoast.com\/product\/yoast-seo-wordpress\/ -->\n<title>Osta Fub Akb48 -jauhe - Fub Akb48 Online - Parhaat maailmanlaajuiset l\u00e4\u00e4kkeet<\/title>\n<meta name=\"description\" content=\"Osta FUB-AKB48-jauhe myyt\u00e4v\u00e4n\u00e4 EU-l\u00e4hetys, Bitcoin-maksu. Edullinen FUB-AKB48-jauheen toimittaja UK - osta tutkimuskemikaaleja Euroopasta. FUB-AKB48 Jauhekauppa Euroopassa\" \/>\n<meta name=\"robots\" content=\"index, follow, max-snippet:-1, max-image-preview:large, max-video-preview:-1\" \/>\n<link rel=\"canonical\" href=\"https:\/\/medicinasinc.com\/fi\/product\/osta-fub-akb48-jauhe\/\" \/>\n<meta property=\"og:locale\" content=\"en_US\" \/>\n<meta property=\"og:type\" content=\"article\" \/>\n<meta property=\"og:title\" content=\"Osta Fub Akb48 -jauhe - Fub Akb48 Online - Parhaat maailmanlaajuiset l\u00e4\u00e4kkeet\" \/>\n<meta property=\"og:description\" content=\"Osta FUB-AKB48-jauhe myyt\u00e4v\u00e4n\u00e4 EU-l\u00e4hetys, Bitcoin-maksu. Edullinen FUB-AKB48-jauheen toimittaja UK - osta tutkimuskemikaaleja Euroopasta. FUB-AKB48 Jauhekauppa Euroopassa\" \/>\n<meta property=\"og:url\" content=\"https:\/\/medicinasinc.com\/fi\/product\/osta-fub-akb48-jauhe\/\" \/>\n<meta property=\"og:site_name\" content=\"Medicinas Inc\" \/>\n<meta property=\"article:modified_time\" content=\"2022-03-22T00:55:48+00:00\" \/>\n<meta property=\"og:image\" content=\"https:\/\/medicinasinc.com\/fi\/wp-content\/uploads\/sites\/12\/2022\/02\/Buy-Fub-Akb48-Powder.jpeg\" \/>\n\t<meta property=\"og:image:width\" content=\"800\" \/>\n\t<meta property=\"og:image:height\" content=\"438\" \/>\n\t<meta property=\"og:image:type\" content=\"image\/jpeg\" \/>\n<meta name=\"twitter:card\" content=\"summary_large_image\" \/>\n<meta name=\"twitter:label1\" content=\"Est. reading time\" \/>\n\t<meta name=\"twitter:data1\" content=\"1 minute\" \/>\n<script type=\"application\/ld+json\" class=\"yoast-schema-graph\">{\"@context\":\"https:\\\/\\\/schema.org\",\"@graph\":[{\"@type\":\"WebPage\",\"@id\":\"https:\\\/\\\/medicinasinc.com\\\/fi\\\/product\\\/osta-fub-akb48-jauhe\\\/\",\"url\":\"https:\\\/\\\/medicinasinc.com\\\/fi\\\/product\\\/osta-fub-akb48-jauhe\\\/\",\"name\":\"Osta Fub Akb48 -jauhe - Fub Akb48 Online - Parhaat maailmanlaajuiset l\u00e4\u00e4kkeet\",\"isPartOf\":{\"@id\":\"https:\\\/\\\/medicinasinc.com\\\/fi\\\/#website\"},\"primaryImageOfPage\":{\"@id\":\"https:\\\/\\\/medicinasinc.com\\\/fi\\\/product\\\/osta-fub-akb48-jauhe\\\/#primaryimage\"},\"image\":{\"@id\":\"https:\\\/\\\/medicinasinc.com\\\/fi\\\/product\\\/osta-fub-akb48-jauhe\\\/#primaryimage\"},\"thumbnailUrl\":\"https:\\\/\\\/medicinasinc.com\\\/fi\\\/wp-content\\\/uploads\\\/sites\\\/12\\\/2022\\\/02\\\/Buy-Fub-Akb48-Powder.jpeg\",\"datePublished\":\"2022-02-22T01:05:36+00:00\",\"dateModified\":\"2022-03-22T00:55:48+00:00\",\"description\":\"Osta FUB-AKB48-jauhe myyt\u00e4v\u00e4n\u00e4 EU-l\u00e4hetys, Bitcoin-maksu. Edullinen FUB-AKB48-jauheen toimittaja UK - osta tutkimuskemikaaleja Euroopasta. FUB-AKB48 Jauhekauppa Euroopassa\",\"breadcrumb\":{\"@id\":\"https:\\\/\\\/medicinasinc.com\\\/fi\\\/product\\\/osta-fub-akb48-jauhe\\\/#breadcrumb\"},\"inLanguage\":\"en-US\",\"potentialAction\":[{\"@type\":\"ReadAction\",\"target\":[\"https:\\\/\\\/medicinasinc.com\\\/fi\\\/product\\\/osta-fub-akb48-jauhe\\\/\"]}]},{\"@type\":\"ImageObject\",\"inLanguage\":\"en-US\",\"@id\":\"https:\\\/\\\/medicinasinc.com\\\/fi\\\/product\\\/osta-fub-akb48-jauhe\\\/#primaryimage\",\"url\":\"https:\\\/\\\/medicinasinc.com\\\/fi\\\/wp-content\\\/uploads\\\/sites\\\/12\\\/2022\\\/02\\\/Buy-Fub-Akb48-Powder.jpeg\",\"contentUrl\":\"https:\\\/\\\/medicinasinc.com\\\/fi\\\/wp-content\\\/uploads\\\/sites\\\/12\\\/2022\\\/02\\\/Buy-Fub-Akb48-Powder.jpeg\",\"width\":800,\"height\":438},{\"@type\":\"BreadcrumbList\",\"@id\":\"https:\\\/\\\/medicinasinc.com\\\/fi\\\/product\\\/osta-fub-akb48-jauhe\\\/#breadcrumb\",\"itemListElement\":[{\"@type\":\"ListItem\",\"position\":1,\"name\":\"Myym\u00e4l\u00e4\",\"item\":\"https:\\\/\\\/medicinasinc.com\\\/fi\\\/myymala\\\/\"},{\"@type\":\"ListItem\",\"position\":2,\"name\":\"Osta Fub Akb48 -jauhe\"}]},{\"@type\":\"WebSite\",\"@id\":\"https:\\\/\\\/medicinasinc.com\\\/fi\\\/#website\",\"url\":\"https:\\\/\\\/medicinasinc.com\\\/fi\\\/\",\"name\":\"Medicinas Inc\",\"description\":\"Health Medical Clinic\",\"potentialAction\":[{\"@type\":\"SearchAction\",\"target\":{\"@type\":\"EntryPoint\",\"urlTemplate\":\"https:\\\/\\\/medicinasinc.com\\\/fi\\\/?s={search_term_string}\"},\"query-input\":{\"@type\":\"PropertyValueSpecification\",\"valueRequired\":true,\"valueName\":\"search_term_string\"}}],\"inLanguage\":\"en-US\"}]}<\/script>\n<!-- \/ Yoast SEO plugin. -->","yoast_head_json":{"title":"Osta Fub Akb48 -jauhe - Fub Akb48 Online - Parhaat maailmanlaajuiset l\u00e4\u00e4kkeet","description":"Osta FUB-AKB48-jauhe myyt\u00e4v\u00e4n\u00e4 EU-l\u00e4hetys, Bitcoin-maksu. Edullinen FUB-AKB48-jauheen toimittaja UK - osta tutkimuskemikaaleja Euroopasta. FUB-AKB48 Jauhekauppa Euroopassa","robots":{"index":"index","follow":"follow","max-snippet":"max-snippet:-1","max-image-preview":"max-image-preview:large","max-video-preview":"max-video-preview:-1"},"canonical":"https:\/\/medicinasinc.com\/fi\/product\/osta-fub-akb48-jauhe\/","og_locale":"en_US","og_type":"article","og_title":"Osta Fub Akb48 -jauhe - Fub Akb48 Online - Parhaat maailmanlaajuiset l\u00e4\u00e4kkeet","og_description":"Osta FUB-AKB48-jauhe myyt\u00e4v\u00e4n\u00e4 EU-l\u00e4hetys, Bitcoin-maksu. Edullinen FUB-AKB48-jauheen toimittaja UK - osta tutkimuskemikaaleja Euroopasta. FUB-AKB48 Jauhekauppa Euroopassa","og_url":"https:\/\/medicinasinc.com\/fi\/product\/osta-fub-akb48-jauhe\/","og_site_name":"Medicinas Inc","article_modified_time":"2022-03-22T00:55:48+00:00","og_image":[{"width":800,"height":438,"url":"https:\/\/medicinasinc.com\/fi\/wp-content\/uploads\/sites\/12\/2022\/02\/Buy-Fub-Akb48-Powder.jpeg","type":"image\/jpeg"}],"twitter_card":"summary_large_image","twitter_misc":{"Est. reading time":"1 minute"},"schema":{"@context":"https:\/\/schema.org","@graph":[{"@type":"WebPage","@id":"https:\/\/medicinasinc.com\/fi\/product\/osta-fub-akb48-jauhe\/","url":"https:\/\/medicinasinc.com\/fi\/product\/osta-fub-akb48-jauhe\/","name":"Osta Fub Akb48 -jauhe - Fub Akb48 Online - Parhaat maailmanlaajuiset l\u00e4\u00e4kkeet","isPartOf":{"@id":"https:\/\/medicinasinc.com\/fi\/#website"},"primaryImageOfPage":{"@id":"https:\/\/medicinasinc.com\/fi\/product\/osta-fub-akb48-jauhe\/#primaryimage"},"image":{"@id":"https:\/\/medicinasinc.com\/fi\/product\/osta-fub-akb48-jauhe\/#primaryimage"},"thumbnailUrl":"https:\/\/medicinasinc.com\/fi\/wp-content\/uploads\/sites\/12\/2022\/02\/Buy-Fub-Akb48-Powder.jpeg","datePublished":"2022-02-22T01:05:36+00:00","dateModified":"2022-03-22T00:55:48+00:00","description":"Osta FUB-AKB48-jauhe myyt\u00e4v\u00e4n\u00e4 EU-l\u00e4hetys, Bitcoin-maksu. Edullinen FUB-AKB48-jauheen toimittaja UK - osta tutkimuskemikaaleja Euroopasta. FUB-AKB48 Jauhekauppa Euroopassa","breadcrumb":{"@id":"https:\/\/medicinasinc.com\/fi\/product\/osta-fub-akb48-jauhe\/#breadcrumb"},"inLanguage":"en-US","potentialAction":[{"@type":"ReadAction","target":["https:\/\/medicinasinc.com\/fi\/product\/osta-fub-akb48-jauhe\/"]}]},{"@type":"ImageObject","inLanguage":"en-US","@id":"https:\/\/medicinasinc.com\/fi\/product\/osta-fub-akb48-jauhe\/#primaryimage","url":"https:\/\/medicinasinc.com\/fi\/wp-content\/uploads\/sites\/12\/2022\/02\/Buy-Fub-Akb48-Powder.jpeg","contentUrl":"https:\/\/medicinasinc.com\/fi\/wp-content\/uploads\/sites\/12\/2022\/02\/Buy-Fub-Akb48-Powder.jpeg","width":800,"height":438},{"@type":"BreadcrumbList","@id":"https:\/\/medicinasinc.com\/fi\/product\/osta-fub-akb48-jauhe\/#breadcrumb","itemListElement":[{"@type":"ListItem","position":1,"name":"Myym\u00e4l\u00e4","item":"https:\/\/medicinasinc.com\/fi\/myymala\/"},{"@type":"ListItem","position":2,"name":"Osta Fub Akb48 -jauhe"}]},{"@type":"WebSite","@id":"https:\/\/medicinasinc.com\/fi\/#website","url":"https:\/\/medicinasinc.com\/fi\/","name":"Medicinas Inc","description":"Health Medical Clinic","potentialAction":[{"@type":"SearchAction","target":{"@type":"EntryPoint","urlTemplate":"https:\/\/medicinasinc.com\/fi\/?s={search_term_string}"},"query-input":{"@type":"PropertyValueSpecification","valueRequired":true,"valueName":"search_term_string"}}],"inLanguage":"en-US"}]}},"_links":{"self":[{"href":"https:\/\/medicinasinc.com\/fi\/wp-json\/wp\/v2\/product\/5522","targetHints":{"allow":["GET"]}}],"collection":[{"href":"https:\/\/medicinasinc.com\/fi\/wp-json\/wp\/v2\/product"}],"about":[{"href":"https:\/\/medicinasinc.com\/fi\/wp-json\/wp\/v2\/types\/product"}],"replies":[{"embeddable":true,"href":"https:\/\/medicinasinc.com\/fi\/wp-json\/wp\/v2\/comments?post=5522"}],"wp:featuredmedia":[{"embeddable":true,"href":"https:\/\/medicinasinc.com\/fi\/wp-json\/wp\/v2\/media\/5533"}],"wp:attachment":[{"href":"https:\/\/medicinasinc.com\/fi\/wp-json\/wp\/v2\/media?parent=5522"}],"wp:term":[{"taxonomy":"product_brand","embeddable":true,"href":"https:\/\/medicinasinc.com\/fi\/wp-json\/wp\/v2\/product_brand?post=5522"},{"taxonomy":"product_cat","embeddable":true,"href":"https:\/\/medicinasinc.com\/fi\/wp-json\/wp\/v2\/product_cat?post=5522"},{"taxonomy":"product_tag","embeddable":true,"href":"https:\/\/medicinasinc.com\/fi\/wp-json\/wp\/v2\/product_tag?post=5522"}],"curies":[{"name":"wp","href":"https:\/\/api.w.org\/{rel}","templated":true}]}}