{"id":5521,"date":"2022-02-22T01:04:16","date_gmt":"2022-02-22T01:04:16","guid":{"rendered":"https:\/\/medicinasinc.com\/fi\/?post_type=product&#038;p=5521"},"modified":"2022-03-22T00:56:01","modified_gmt":"2022-03-22T00:56:01","slug":"osta-flubromatsepaami-4mg-pelletteja","status":"publish","type":"product","link":"https:\/\/medicinasinc.com\/fi\/product\/osta-flubromatsepaami-4mg-pelletteja\/","title":{"rendered":"Osta Flubromatsepaami 4mg pellettej\u00e4"},"content":{"rendered":"<p>EDULLISET FLUBROMATSEPAAM 4MG PELLETIT TOIMITETUT EU:hun<\/p>\n<p>Flubromatsepam 4mg -pelletit ovat ostettavissa Euroopassa t\u00e4st\u00e4 paikasta.<\/p>\n<p>Voit k\u00e4ytt\u00e4\u00e4 Bitcoinia maksaaksesi Flubromazepam 4 mg -pelletit. <\/p>\n<p>Bentsodiatsepiinijohdannainen Flubromatsepam on ensimm\u00e4inen laatuaan. 7-bromi-5-(2-fluorifenyyli)-1,3-dihydro-1,4-bentsodiatsepin-2-oni on t\u00e4ydellinen kemiallinen nimi. T\u00e4m\u00e4 l\u00e4\u00e4ke on rakenteellisesti samanlainen kuin bromatsepaami, rauhoittava, ahdistuneisuus- ja unil\u00e4\u00e4kkeet, joka tunnetaan my\u00f6s bentsodiatsepiinin\u00e4.<\/p>\n<p>Oranssi pellettim\u00e4inen ulkon\u00e4k\u00f6 osoittaa 7-bromi-5-(2:n) l\u00e4sn\u00e4olon. -fluorifenyyli)-1,3-dihydro-1,4-bentsodiatsepin-2-oni.<\/p>\n<p>Flubromatsepaami 4mg -pellettej\u00e4 voi ostaa verkosta Bitcoin-osoitteella.<\/p>\n<p>4mg Flubromatsepaamipellettej\u00e4 for Ale<\/p>\n<p>&nbsp;<\/p>\n<p>Flubromatsepam 4mg -pellettej\u00e4 voi ostaa Internetist\u00e4.<br \/> Mihin flubromatsepaamia k\u00e4ytet\u00e4\u00e4n?<\/p>\n<p>Flubromatsepaami on bentsodiatsepiinijohdannainen. ollut olemassa vuodesta 1960, jolloin se valmistettiin ensimm\u00e4isen kerran. Vuoteen 2012 asti, jolloin sit\u00e4 alettiin mainostaa tutkimusmateriaalina, sit\u00e4 ei ollut koskaan mainostettu l\u00e4\u00e4kkeen\u00e4, ja monet olivat unohtaneet sen vuoteen 2012 saakka. Flubromatsepaamin kaava on k\u00e4yt\u00e4nn\u00f6ss\u00e4 identtinen fenatsepaamin, toisen l\u00e4\u00e4keyhti\u00f6iden suosiman bentsodiatsepiinin kanssa. useissa maissa.<\/p>\n","protected":false},"excerpt":{"rendered":"<div class=\"woocommerce-product-details__short-description\">\n<p>Osta Flubromazepam 4mg -pellettej\u00e4 myyt\u00e4v\u00e4n\u00e4 EU:n, Iso-Britannian, Euroopan toimitukset, Bitcoin-maksu. Halvat Flubromazepam 4mg -pellettien toimittaja &#8211; osta tutkimuskemikaaleja Euroopasta.<\/p>\n<p><em>Osta Flubromatsepaami<\/em>\u00a0(<em>4 mg<\/em>)\u00a0<em>Pelletti\u00e4<\/em>\u00a0parhaaseen hintaan. Takaamme turvallisen toimituksen maailmanlaajuisesti.<\/p>\n<p>Osta Flubromazepam 4mg -pellettej\u00e4 verkosta. Flubromatsepaami on myynniss\u00e4 4 mg:n pellettein\u00e4, v\u00e4rilt\u00e4\u00e4n kirkkaan keltainen, hieman eri s\u00e4vyinen keltainen kuin nykyinen Yhdysvalloissa t\u00e4ll\u00e4 hetkell\u00e4 saatavilla oleva Pyratsolaami-er\u00e4.<\/p>\n<\/p><\/div>\n","protected":false},"featured_media":5531,"comment_status":"open","ping_status":"closed","template":"","meta":[],"product_brand":[],"product_cat":[2014],"product_tag":[2998,2999,3000,3001,3003,3004,3007,3008,3002,3005,3006,3010,3012,3009,3011],"class_list":{"0":"post-5521","1":"product","2":"type-product","3":"status-publish","4":"has-post-thumbnail","6":"product_cat-osta-tutkimus-kemikaaleja","7":"product_tag-buy-flubromazepam","8":"product_tag-buy-flubromazepam-pellets","9":"product_tag-flubromatsepaami","10":"product_tag-flubromatsepaami-4-mg","11":"product_tag-flubromatsepaami-4mg-myynniss","12":"product_tag-flubromatsepaami-vaikutus","13":"product_tag-flubromatsepaami-pelletit","14":"product_tag-flubromatsepam-reddit","15":"product_tag-flubromazepam-4mg","16":"product_tag-flubromatsepam-europe-buy","17":"product_tag-flubromatsepam-google","18":"product_tag-laatu-flubromatsepaami-4mg","19":"product_tag-mist-ostaa-ostaa-flubromatsepaami-pellettej","20":"product_tag-order-flubromazepam","21":"product_tag-toimitus-flubromatsepaami-4mg-lava","23":"first","24":"instock","25":"shipping-taxable","26":"purchasable","27":"product-type-variable","28":"has-default-attributes"},"yoast_head":"<!-- This site is optimized with the Yoast SEO plugin v27.3 - https:\/\/yoast.com\/product\/yoast-seo-wordpress\/ -->\n<title>Osta Flubromatsepam 4mg -pellettej\u00e4 \u2013 parhaat maailmanlaajuiset l\u00e4\u00e4kkeet<\/title>\n<meta name=\"description\" content=\"Osta Flubromazepam 4mg Pelletit myyt\u00e4v\u00e4n\u00e4 EU, Iso-Britannia, Eurooppa, toimitus, Bitcoin-maksu. Edullinen Flubromazepam 4mg -pellettien toimittaja - osta tutkimuskemikaaleja Euroopasta.\" \/>\n<meta name=\"robots\" content=\"index, follow, max-snippet:-1, max-image-preview:large, max-video-preview:-1\" \/>\n<link rel=\"canonical\" href=\"https:\/\/medicinasinc.com\/fi\/product\/osta-flubromatsepaami-4mg-pelletteja\/\" \/>\n<meta property=\"og:locale\" content=\"en_US\" \/>\n<meta property=\"og:type\" content=\"article\" \/>\n<meta property=\"og:title\" content=\"Osta Flubromatsepam 4mg -pellettej\u00e4 \u2013 parhaat maailmanlaajuiset l\u00e4\u00e4kkeet\" \/>\n<meta property=\"og:description\" content=\"Osta Flubromazepam 4mg Pelletit myyt\u00e4v\u00e4n\u00e4 EU, Iso-Britannia, Eurooppa, toimitus, Bitcoin-maksu. Edullinen Flubromazepam 4mg -pellettien toimittaja - osta tutkimuskemikaaleja Euroopasta.\" \/>\n<meta property=\"og:url\" content=\"https:\/\/medicinasinc.com\/fi\/product\/osta-flubromatsepaami-4mg-pelletteja\/\" \/>\n<meta property=\"og:site_name\" content=\"Medicinas Inc\" \/>\n<meta property=\"article:modified_time\" content=\"2022-03-22T00:56:01+00:00\" \/>\n<meta property=\"og:image\" content=\"https:\/\/medicinasinc.com\/fi\/wp-content\/uploads\/sites\/12\/2022\/02\/Buy-Flubromazepam-4mg-Pellets-1.jpg\" \/>\n\t<meta property=\"og:image:width\" content=\"350\" \/>\n\t<meta property=\"og:image:height\" content=\"350\" \/>\n\t<meta property=\"og:image:type\" content=\"image\/jpeg\" \/>\n<meta name=\"twitter:card\" content=\"summary_large_image\" \/>\n<meta name=\"twitter:label1\" content=\"Est. reading time\" \/>\n\t<meta name=\"twitter:data1\" content=\"1 minute\" \/>\n<script type=\"application\/ld+json\" class=\"yoast-schema-graph\">{\"@context\":\"https:\\\/\\\/schema.org\",\"@graph\":[{\"@type\":\"WebPage\",\"@id\":\"https:\\\/\\\/medicinasinc.com\\\/fi\\\/product\\\/osta-flubromatsepaami-4mg-pelletteja\\\/\",\"url\":\"https:\\\/\\\/medicinasinc.com\\\/fi\\\/product\\\/osta-flubromatsepaami-4mg-pelletteja\\\/\",\"name\":\"Osta Flubromatsepam 4mg -pellettej\u00e4 \u2013 parhaat maailmanlaajuiset l\u00e4\u00e4kkeet\",\"isPartOf\":{\"@id\":\"https:\\\/\\\/medicinasinc.com\\\/fi\\\/#website\"},\"primaryImageOfPage\":{\"@id\":\"https:\\\/\\\/medicinasinc.com\\\/fi\\\/product\\\/osta-flubromatsepaami-4mg-pelletteja\\\/#primaryimage\"},\"image\":{\"@id\":\"https:\\\/\\\/medicinasinc.com\\\/fi\\\/product\\\/osta-flubromatsepaami-4mg-pelletteja\\\/#primaryimage\"},\"thumbnailUrl\":\"https:\\\/\\\/medicinasinc.com\\\/fi\\\/wp-content\\\/uploads\\\/sites\\\/12\\\/2022\\\/02\\\/Buy-Flubromazepam-4mg-Pellets-1.jpg\",\"datePublished\":\"2022-02-22T01:04:16+00:00\",\"dateModified\":\"2022-03-22T00:56:01+00:00\",\"description\":\"Osta Flubromazepam 4mg Pelletit myyt\u00e4v\u00e4n\u00e4 EU, Iso-Britannia, Eurooppa, toimitus, Bitcoin-maksu. Edullinen Flubromazepam 4mg -pellettien toimittaja - osta tutkimuskemikaaleja Euroopasta.\",\"breadcrumb\":{\"@id\":\"https:\\\/\\\/medicinasinc.com\\\/fi\\\/product\\\/osta-flubromatsepaami-4mg-pelletteja\\\/#breadcrumb\"},\"inLanguage\":\"en-US\",\"potentialAction\":[{\"@type\":\"ReadAction\",\"target\":[\"https:\\\/\\\/medicinasinc.com\\\/fi\\\/product\\\/osta-flubromatsepaami-4mg-pelletteja\\\/\"]}]},{\"@type\":\"ImageObject\",\"inLanguage\":\"en-US\",\"@id\":\"https:\\\/\\\/medicinasinc.com\\\/fi\\\/product\\\/osta-flubromatsepaami-4mg-pelletteja\\\/#primaryimage\",\"url\":\"https:\\\/\\\/medicinasinc.com\\\/fi\\\/wp-content\\\/uploads\\\/sites\\\/12\\\/2022\\\/02\\\/Buy-Flubromazepam-4mg-Pellets-1.jpg\",\"contentUrl\":\"https:\\\/\\\/medicinasinc.com\\\/fi\\\/wp-content\\\/uploads\\\/sites\\\/12\\\/2022\\\/02\\\/Buy-Flubromazepam-4mg-Pellets-1.jpg\",\"width\":350,\"height\":350},{\"@type\":\"BreadcrumbList\",\"@id\":\"https:\\\/\\\/medicinasinc.com\\\/fi\\\/product\\\/osta-flubromatsepaami-4mg-pelletteja\\\/#breadcrumb\",\"itemListElement\":[{\"@type\":\"ListItem\",\"position\":1,\"name\":\"Myym\u00e4l\u00e4\",\"item\":\"https:\\\/\\\/medicinasinc.com\\\/fi\\\/myymala\\\/\"},{\"@type\":\"ListItem\",\"position\":2,\"name\":\"Osta Flubromatsepaami 4mg pellettej\u00e4\"}]},{\"@type\":\"WebSite\",\"@id\":\"https:\\\/\\\/medicinasinc.com\\\/fi\\\/#website\",\"url\":\"https:\\\/\\\/medicinasinc.com\\\/fi\\\/\",\"name\":\"Medicinas Inc\",\"description\":\"Health Medical Clinic\",\"potentialAction\":[{\"@type\":\"SearchAction\",\"target\":{\"@type\":\"EntryPoint\",\"urlTemplate\":\"https:\\\/\\\/medicinasinc.com\\\/fi\\\/?s={search_term_string}\"},\"query-input\":{\"@type\":\"PropertyValueSpecification\",\"valueRequired\":true,\"valueName\":\"search_term_string\"}}],\"inLanguage\":\"en-US\"}]}<\/script>\n<!-- \/ Yoast SEO plugin. -->","yoast_head_json":{"title":"Osta Flubromatsepam 4mg -pellettej\u00e4 \u2013 parhaat maailmanlaajuiset l\u00e4\u00e4kkeet","description":"Osta Flubromazepam 4mg Pelletit myyt\u00e4v\u00e4n\u00e4 EU, Iso-Britannia, Eurooppa, toimitus, Bitcoin-maksu. Edullinen Flubromazepam 4mg -pellettien toimittaja - osta tutkimuskemikaaleja Euroopasta.","robots":{"index":"index","follow":"follow","max-snippet":"max-snippet:-1","max-image-preview":"max-image-preview:large","max-video-preview":"max-video-preview:-1"},"canonical":"https:\/\/medicinasinc.com\/fi\/product\/osta-flubromatsepaami-4mg-pelletteja\/","og_locale":"en_US","og_type":"article","og_title":"Osta Flubromatsepam 4mg -pellettej\u00e4 \u2013 parhaat maailmanlaajuiset l\u00e4\u00e4kkeet","og_description":"Osta Flubromazepam 4mg Pelletit myyt\u00e4v\u00e4n\u00e4 EU, Iso-Britannia, Eurooppa, toimitus, Bitcoin-maksu. Edullinen Flubromazepam 4mg -pellettien toimittaja - osta tutkimuskemikaaleja Euroopasta.","og_url":"https:\/\/medicinasinc.com\/fi\/product\/osta-flubromatsepaami-4mg-pelletteja\/","og_site_name":"Medicinas Inc","article_modified_time":"2022-03-22T00:56:01+00:00","og_image":[{"width":350,"height":350,"url":"https:\/\/medicinasinc.com\/fi\/wp-content\/uploads\/sites\/12\/2022\/02\/Buy-Flubromazepam-4mg-Pellets-1.jpg","type":"image\/jpeg"}],"twitter_card":"summary_large_image","twitter_misc":{"Est. reading time":"1 minute"},"schema":{"@context":"https:\/\/schema.org","@graph":[{"@type":"WebPage","@id":"https:\/\/medicinasinc.com\/fi\/product\/osta-flubromatsepaami-4mg-pelletteja\/","url":"https:\/\/medicinasinc.com\/fi\/product\/osta-flubromatsepaami-4mg-pelletteja\/","name":"Osta Flubromatsepam 4mg -pellettej\u00e4 \u2013 parhaat maailmanlaajuiset l\u00e4\u00e4kkeet","isPartOf":{"@id":"https:\/\/medicinasinc.com\/fi\/#website"},"primaryImageOfPage":{"@id":"https:\/\/medicinasinc.com\/fi\/product\/osta-flubromatsepaami-4mg-pelletteja\/#primaryimage"},"image":{"@id":"https:\/\/medicinasinc.com\/fi\/product\/osta-flubromatsepaami-4mg-pelletteja\/#primaryimage"},"thumbnailUrl":"https:\/\/medicinasinc.com\/fi\/wp-content\/uploads\/sites\/12\/2022\/02\/Buy-Flubromazepam-4mg-Pellets-1.jpg","datePublished":"2022-02-22T01:04:16+00:00","dateModified":"2022-03-22T00:56:01+00:00","description":"Osta Flubromazepam 4mg Pelletit myyt\u00e4v\u00e4n\u00e4 EU, Iso-Britannia, Eurooppa, toimitus, Bitcoin-maksu. Edullinen Flubromazepam 4mg -pellettien toimittaja - osta tutkimuskemikaaleja Euroopasta.","breadcrumb":{"@id":"https:\/\/medicinasinc.com\/fi\/product\/osta-flubromatsepaami-4mg-pelletteja\/#breadcrumb"},"inLanguage":"en-US","potentialAction":[{"@type":"ReadAction","target":["https:\/\/medicinasinc.com\/fi\/product\/osta-flubromatsepaami-4mg-pelletteja\/"]}]},{"@type":"ImageObject","inLanguage":"en-US","@id":"https:\/\/medicinasinc.com\/fi\/product\/osta-flubromatsepaami-4mg-pelletteja\/#primaryimage","url":"https:\/\/medicinasinc.com\/fi\/wp-content\/uploads\/sites\/12\/2022\/02\/Buy-Flubromazepam-4mg-Pellets-1.jpg","contentUrl":"https:\/\/medicinasinc.com\/fi\/wp-content\/uploads\/sites\/12\/2022\/02\/Buy-Flubromazepam-4mg-Pellets-1.jpg","width":350,"height":350},{"@type":"BreadcrumbList","@id":"https:\/\/medicinasinc.com\/fi\/product\/osta-flubromatsepaami-4mg-pelletteja\/#breadcrumb","itemListElement":[{"@type":"ListItem","position":1,"name":"Myym\u00e4l\u00e4","item":"https:\/\/medicinasinc.com\/fi\/myymala\/"},{"@type":"ListItem","position":2,"name":"Osta Flubromatsepaami 4mg pellettej\u00e4"}]},{"@type":"WebSite","@id":"https:\/\/medicinasinc.com\/fi\/#website","url":"https:\/\/medicinasinc.com\/fi\/","name":"Medicinas Inc","description":"Health Medical Clinic","potentialAction":[{"@type":"SearchAction","target":{"@type":"EntryPoint","urlTemplate":"https:\/\/medicinasinc.com\/fi\/?s={search_term_string}"},"query-input":{"@type":"PropertyValueSpecification","valueRequired":true,"valueName":"search_term_string"}}],"inLanguage":"en-US"}]}},"_links":{"self":[{"href":"https:\/\/medicinasinc.com\/fi\/wp-json\/wp\/v2\/product\/5521","targetHints":{"allow":["GET"]}}],"collection":[{"href":"https:\/\/medicinasinc.com\/fi\/wp-json\/wp\/v2\/product"}],"about":[{"href":"https:\/\/medicinasinc.com\/fi\/wp-json\/wp\/v2\/types\/product"}],"replies":[{"embeddable":true,"href":"https:\/\/medicinasinc.com\/fi\/wp-json\/wp\/v2\/comments?post=5521"}],"wp:featuredmedia":[{"embeddable":true,"href":"https:\/\/medicinasinc.com\/fi\/wp-json\/wp\/v2\/media\/5531"}],"wp:attachment":[{"href":"https:\/\/medicinasinc.com\/fi\/wp-json\/wp\/v2\/media?parent=5521"}],"wp:term":[{"taxonomy":"product_brand","embeddable":true,"href":"https:\/\/medicinasinc.com\/fi\/wp-json\/wp\/v2\/product_brand?post=5521"},{"taxonomy":"product_cat","embeddable":true,"href":"https:\/\/medicinasinc.com\/fi\/wp-json\/wp\/v2\/product_cat?post=5521"},{"taxonomy":"product_tag","embeddable":true,"href":"https:\/\/medicinasinc.com\/fi\/wp-json\/wp\/v2\/product_tag?post=5521"}],"curies":[{"name":"wp","href":"https:\/\/api.w.org\/{rel}","templated":true}]}}