{"id":5520,"date":"2022-02-22T01:02:44","date_gmt":"2022-02-22T01:02:44","guid":{"rendered":"https:\/\/medicinasinc.com\/fi\/?post_type=product&#038;p=5520"},"modified":"2022-03-22T00:56:09","modified_gmt":"2022-03-22T00:56:09","slug":"osta-fentanyyli-tabletit","status":"publish","type":"product","link":"https:\/\/medicinasinc.com\/fi\/product\/osta-fentanyyli-tabletit\/","title":{"rendered":"Osta fentanyylitabletteja"},"content":{"rendered":"<p>Fentanyylipillerit, joka tunnetaan my\u00f6s nimell\u00e4 fentaniili, on eritt\u00e4in vahva synteettinen opioidikipul\u00e4\u00e4ke, jonka vaikutus kest\u00e4\u00e4 lyhyt ja alkaa nopeasti. T\u00e4m\u00e4 l\u00e4\u00e4ke stimuloi voimakkaasti opioidireseptoreita. Fentanyylin tehon sanotaan olevan 50-100 kertaa suurempi kuin morfiinin.<\/p>\n<p>Vuonna 1960 perustettu Paul Janssenin fentanyylipillerit olivat v\u00e4lit\u00f6n menestys Demerolin petidiinin jalanj\u00e4ljiss\u00e4. Fentanyyli luotiin testaamalla opioidiaktiivisen aineen petidiinin analogeja, joka on rakenteellisesti kytketty fentanyyliin.<\/p>\n<p>Fentonisitraatti (fentanyylisitraatti, joka on suola, joka syntyy sekoittamalla fentanyyli\u00e4 ja sitruunahappoa 1:1-suhteessa). ratio) tuli l\u00e4\u00e4ketieteen markkinoille 60-luvun alussa kauppanimell\u00e4 Sublimaze sen laajan k\u00e4yt\u00f6n vuoksi. Sufentaniili, alfentaniili, remifentaniili ja lofentaniili ovat vain muutamia niist\u00e4 monista fentanyylianalogeista, jotka on sittemmin luotu ja otettu kliiniseen k\u00e4ytt\u00f6\u00f6n.<\/p>\n<p>Fentanyyli\u00e4 sis\u00e4lt\u00e4v\u00e4t pillerit Fentanyylin lievitt\u00e4v\u00e4 k\u00e4ytt\u00f6 alkoi 1990-luvun puoliv\u00e4liss\u00e4 fentanyylilaastarin kehitt\u00e4minen, jota seurasi nopeasti fentanyylitabletit, liukenevat tabletit ja sublingvaalinen suihke, jotka kaikki imeytyv\u00e4t suun pinnan kautta. Fentanyyli oli yleisimmin m\u00e4\u00e4r\u00e4tty synteettinen opioidi Yhdysvalloissa vuonna 2012. Maailmanlaajuisesti arvioitiin, ett\u00e4 muovia kulutettiin 1700 kg vuonna 2013.<\/p>\n<p>Fentanyylin virkistysk\u00e4ytt\u00f6 on johtanut tuhansiin yliannostuskuolemiin per annos. vuosi. Ep\u00e4asianmukainen l\u00e4\u00e4ketieteellinen k\u00e4ytt\u00f6 on my\u00f6s johtanut kuolemaan. Korkean terapeuttisen indeksin (270) ansiosta fentanyyli on eritt\u00e4in turvallinen kirurginen anestesia, kun sit\u00e4 annetaan tarkassa valvonnassa. mutta sen valtavan vahvuuden vuoksi vaaditaan eritt\u00e4in laimennetun liuoksen tarkat mittaukset.<\/p>\n<p>Fentanyylijauheen tehokas annos ja tappava annos olisi vaikea tai mahdoton erottaa paljaalla silm\u00e4ll\u00e4, jos ne laitetaan viereen toisiaan; T\u00e4st\u00e4 syyst\u00e4 on ep\u00e4k\u00e4yt\u00e4nn\u00f6llist\u00e4 m\u00e4\u00e4ritt\u00e4\u00e4 tarkasti annosta puhdasta fentanyylijauhetta ilman nykyaikaisia \u200b\u200btieteellisi\u00e4 laitteita.<\/p>\n<p>Tilaa fentanyylipillereit\u00e4, -jauheita, -laastareita ja -nestett\u00e4 nyt verkosta!<\/p>\n<div class=\"product\">\n<div class=\"product-prev\"><\/div><\/div>\n","protected":false},"excerpt":{"rendered":"<p>Verkkoliiketoimintamme myy fentanyylitabletteja myyntiin Isossa-Britanniassa, EU:ssa ja Euroopassa nopealla maailmanlaajuisella toimituksella! L\u00f6yd\u00e4t parhaat fentanyylit verkko-ostoksille t\u00e4\u00e4lt\u00e4!<\/p>\n<p>Osta Fentanyl-pillereit\u00e4 verkosta Isosta-Britanniasta, Euroopasta ja muualta maailmasta nopealla kansainv\u00e4lisell\u00e4 toimituksella verkkoapteekistamme jo t\u00e4n\u00e4\u00e4n! L\u00f6yd\u00e4t parhaat fentanyylit verkkoostoksille t\u00e4\u00e4lt\u00e4! Tiedustele, mist\u00e4 ostaa fentanyylitabletteja.<\/p>\n<p>Fentanyylia sis\u00e4lt\u00e4v\u00e4t pillerit Fentanyylilaastaria tarjottiin ensimm\u00e4isen kerran lievitt\u00e4v\u00e4\u00e4n k\u00e4ytt\u00f6\u00f6n 1990-luvun puoliv\u00e4liss\u00e4, ja fentanyylitikku, liukenevat pillerit ja sublingvaalinen suihke julkaistiin seuraavina vuosina. vuosikymmenen ajan imeytyess\u00e4\u00e4n ihon l\u00e4pi suun sis\u00e4ll\u00e4.<\/p>\n","protected":false},"featured_media":5529,"comment_status":"open","ping_status":"closed","template":"","meta":[],"product_brand":[],"product_cat":[2014],"product_tag":[2975,2841,2976,2977,2978,2979,2982,2983,2985,2987,2981,2984,2986,2988,2997,2850,2989,2992,2974,2980,2843,2973,2994,2996,2995,2993,2990,2991],"class_list":{"0":"post-5520","1":"product","2":"type-product","3":"status-publish","4":"has-post-thumbnail","6":"product_cat-osta-tutkimus-kemikaaleja","7":"product_tag-buy-fentanyl-no-prescription","8":"product_tag-buy-fentanyl-online","9":"product_tag-buy-fentanyl-online-uk","10":"product_tag-buy-fentanyl-powder","11":"product_tag-buying-fentanyl-online","12":"product_tag-carfentanil-for-sale","13":"product_tag-fentanyl-for-sale-online","14":"product_tag-fentanyl-liquid-for-sale","15":"product_tag-fentanyl-patches-for-sale","16":"product_tag-fentanyl-powder-price","17":"product_tag-fentanyyli-myynniss","18":"product_tag-fentanyyli-laastari-verkkoapteekki","19":"product_tag-fentanyyli-pillerit-myynniss","20":"product_tag-how-to-buy-fentanyl-liquid-online","21":"product_tag-mist-ostaa-fentanyyli-neste-verkosta","22":"product_tag-fentanyylijauhetta-myynniss","23":"product_tag-opiaatti-tutkimuskemikaalit-myynniss","24":"product_tag-order-fentanyl-patches-online","25":"product_tag-osta-fentanyyli-neste-verkosta","26":"product_tag-fentanyyli-osta-netist","27":"product_tag-osta-fentanyyli-jauhe-verkosta","28":"product_tag-osta-fentanyyli-sitraatti-verkosta","29":"product_tag-osta-fentanyyli-verkosta","30":"product_tag-paras-paikka-ostaa-fentanyylinestett-verkossa","31":"product_tag-puhdasta-fentanyyli","32":"product_tag-purchase-fentanyl-liquid-online","33":"product_tag-tilaa-fentanyyli-neste-verkosta","34":"product_tag-tilaa-fentanyyli-verkosta","36":"first","37":"instock","38":"shipping-taxable","39":"purchasable","40":"product-type-variable","41":"has-default-attributes"},"yoast_head":"<!-- This site is optimized with the Yoast SEO plugin v27.2 - https:\/\/yoast.com\/product\/yoast-seo-wordpress\/ -->\n<title>Osta Fentanyylitabletit - Fentanyylipillerit - Parhaat maailmanlaajuiset l\u00e4\u00e4kkeet<\/title>\n<meta name=\"description\" content=\"Osta fentanyylitabletteja myyt\u00e4v\u00e4n\u00e4 Isossa-Britanniassa, EU-Euroopassa verkkokaupastamme nopealla maailmanlaajuisella toimituksella! Paras fentanyyli tilaukseen l\u00f6yd\u00e4t t\u00e4\u00e4lt\u00e4!\" \/>\n<meta name=\"robots\" content=\"index, follow, max-snippet:-1, max-image-preview:large, max-video-preview:-1\" \/>\n<link rel=\"canonical\" href=\"https:\/\/medicinasinc.com\/fi\/product\/osta-fentanyyli-tabletit\/\" \/>\n<meta property=\"og:locale\" content=\"en_US\" \/>\n<meta property=\"og:type\" content=\"article\" \/>\n<meta property=\"og:title\" content=\"Osta Fentanyylitabletit - Fentanyylipillerit - Parhaat maailmanlaajuiset l\u00e4\u00e4kkeet\" \/>\n<meta property=\"og:description\" content=\"Osta fentanyylitabletteja myyt\u00e4v\u00e4n\u00e4 Isossa-Britanniassa, EU-Euroopassa verkkokaupastamme nopealla maailmanlaajuisella toimituksella! Paras fentanyyli tilaukseen l\u00f6yd\u00e4t t\u00e4\u00e4lt\u00e4!\" \/>\n<meta property=\"og:url\" content=\"https:\/\/medicinasinc.com\/fi\/product\/osta-fentanyyli-tabletit\/\" \/>\n<meta property=\"og:site_name\" content=\"Medicinas Inc\" \/>\n<meta property=\"article:modified_time\" content=\"2022-03-22T00:56:09+00:00\" \/>\n<meta property=\"og:image\" content=\"https:\/\/medicinasinc.com\/fi\/wp-content\/uploads\/sites\/12\/2022\/02\/Buy-Fentanyl-Tablets.jpg\" \/>\n\t<meta property=\"og:image:width\" content=\"600\" \/>\n\t<meta property=\"og:image:height\" content=\"600\" \/>\n\t<meta property=\"og:image:type\" content=\"image\/jpeg\" \/>\n<meta name=\"twitter:card\" content=\"summary_large_image\" \/>\n<meta name=\"twitter:label1\" content=\"Est. reading time\" \/>\n\t<meta name=\"twitter:data1\" content=\"2 minutes\" \/>\n<script type=\"application\/ld+json\" class=\"yoast-schema-graph\">{\"@context\":\"https:\/\/schema.org\",\"@graph\":[{\"@type\":\"WebPage\",\"@id\":\"https:\/\/medicinasinc.com\/fi\/product\/osta-fentanyyli-tabletit\/\",\"url\":\"https:\/\/medicinasinc.com\/fi\/product\/osta-fentanyyli-tabletit\/\",\"name\":\"Osta Fentanyylitabletit - Fentanyylipillerit - Parhaat maailmanlaajuiset l\u00e4\u00e4kkeet\",\"isPartOf\":{\"@id\":\"https:\/\/medicinasinc.com\/fi\/#website\"},\"primaryImageOfPage\":{\"@id\":\"https:\/\/medicinasinc.com\/fi\/product\/osta-fentanyyli-tabletit\/#primaryimage\"},\"image\":{\"@id\":\"https:\/\/medicinasinc.com\/fi\/product\/osta-fentanyyli-tabletit\/#primaryimage\"},\"thumbnailUrl\":\"https:\/\/medicinasinc.com\/fi\/wp-content\/uploads\/sites\/12\/2022\/02\/Buy-Fentanyl-Tablets.jpg\",\"datePublished\":\"2022-02-22T01:02:44+00:00\",\"dateModified\":\"2022-03-22T00:56:09+00:00\",\"description\":\"Osta fentanyylitabletteja myyt\u00e4v\u00e4n\u00e4 Isossa-Britanniassa, EU-Euroopassa verkkokaupastamme nopealla maailmanlaajuisella toimituksella! Paras fentanyyli tilaukseen l\u00f6yd\u00e4t t\u00e4\u00e4lt\u00e4!\",\"breadcrumb\":{\"@id\":\"https:\/\/medicinasinc.com\/fi\/product\/osta-fentanyyli-tabletit\/#breadcrumb\"},\"inLanguage\":\"en-US\",\"potentialAction\":[{\"@type\":\"ReadAction\",\"target\":[\"https:\/\/medicinasinc.com\/fi\/product\/osta-fentanyyli-tabletit\/\"]}]},{\"@type\":\"ImageObject\",\"inLanguage\":\"en-US\",\"@id\":\"https:\/\/medicinasinc.com\/fi\/product\/osta-fentanyyli-tabletit\/#primaryimage\",\"url\":\"https:\/\/medicinasinc.com\/fi\/wp-content\/uploads\/sites\/12\/2022\/02\/Buy-Fentanyl-Tablets.jpg\",\"contentUrl\":\"https:\/\/medicinasinc.com\/fi\/wp-content\/uploads\/sites\/12\/2022\/02\/Buy-Fentanyl-Tablets.jpg\",\"width\":600,\"height\":600},{\"@type\":\"BreadcrumbList\",\"@id\":\"https:\/\/medicinasinc.com\/fi\/product\/osta-fentanyyli-tabletit\/#breadcrumb\",\"itemListElement\":[{\"@type\":\"ListItem\",\"position\":1,\"name\":\"Myym\u00e4l\u00e4\",\"item\":\"https:\/\/medicinasinc.com\/fi\/myymala\/\"},{\"@type\":\"ListItem\",\"position\":2,\"name\":\"Osta fentanyylitabletteja\"}]},{\"@type\":\"WebSite\",\"@id\":\"https:\/\/medicinasinc.com\/fi\/#website\",\"url\":\"https:\/\/medicinasinc.com\/fi\/\",\"name\":\"Medicinas Inc\",\"description\":\"Health Medical Clinic\",\"potentialAction\":[{\"@type\":\"SearchAction\",\"target\":{\"@type\":\"EntryPoint\",\"urlTemplate\":\"https:\/\/medicinasinc.com\/fi\/?s={search_term_string}\"},\"query-input\":{\"@type\":\"PropertyValueSpecification\",\"valueRequired\":true,\"valueName\":\"search_term_string\"}}],\"inLanguage\":\"en-US\"}]}<\/script>\n<!-- \/ Yoast SEO plugin. -->","yoast_head_json":{"title":"Osta Fentanyylitabletit - Fentanyylipillerit - Parhaat maailmanlaajuiset l\u00e4\u00e4kkeet","description":"Osta fentanyylitabletteja myyt\u00e4v\u00e4n\u00e4 Isossa-Britanniassa, EU-Euroopassa verkkokaupastamme nopealla maailmanlaajuisella toimituksella! Paras fentanyyli tilaukseen l\u00f6yd\u00e4t t\u00e4\u00e4lt\u00e4!","robots":{"index":"index","follow":"follow","max-snippet":"max-snippet:-1","max-image-preview":"max-image-preview:large","max-video-preview":"max-video-preview:-1"},"canonical":"https:\/\/medicinasinc.com\/fi\/product\/osta-fentanyyli-tabletit\/","og_locale":"en_US","og_type":"article","og_title":"Osta Fentanyylitabletit - Fentanyylipillerit - Parhaat maailmanlaajuiset l\u00e4\u00e4kkeet","og_description":"Osta fentanyylitabletteja myyt\u00e4v\u00e4n\u00e4 Isossa-Britanniassa, EU-Euroopassa verkkokaupastamme nopealla maailmanlaajuisella toimituksella! Paras fentanyyli tilaukseen l\u00f6yd\u00e4t t\u00e4\u00e4lt\u00e4!","og_url":"https:\/\/medicinasinc.com\/fi\/product\/osta-fentanyyli-tabletit\/","og_site_name":"Medicinas Inc","article_modified_time":"2022-03-22T00:56:09+00:00","og_image":[{"width":600,"height":600,"url":"https:\/\/medicinasinc.com\/fi\/wp-content\/uploads\/sites\/12\/2022\/02\/Buy-Fentanyl-Tablets.jpg","type":"image\/jpeg"}],"twitter_card":"summary_large_image","twitter_misc":{"Est. reading time":"2 minutes"},"schema":{"@context":"https:\/\/schema.org","@graph":[{"@type":"WebPage","@id":"https:\/\/medicinasinc.com\/fi\/product\/osta-fentanyyli-tabletit\/","url":"https:\/\/medicinasinc.com\/fi\/product\/osta-fentanyyli-tabletit\/","name":"Osta Fentanyylitabletit - Fentanyylipillerit - Parhaat maailmanlaajuiset l\u00e4\u00e4kkeet","isPartOf":{"@id":"https:\/\/medicinasinc.com\/fi\/#website"},"primaryImageOfPage":{"@id":"https:\/\/medicinasinc.com\/fi\/product\/osta-fentanyyli-tabletit\/#primaryimage"},"image":{"@id":"https:\/\/medicinasinc.com\/fi\/product\/osta-fentanyyli-tabletit\/#primaryimage"},"thumbnailUrl":"https:\/\/medicinasinc.com\/fi\/wp-content\/uploads\/sites\/12\/2022\/02\/Buy-Fentanyl-Tablets.jpg","datePublished":"2022-02-22T01:02:44+00:00","dateModified":"2022-03-22T00:56:09+00:00","description":"Osta fentanyylitabletteja myyt\u00e4v\u00e4n\u00e4 Isossa-Britanniassa, EU-Euroopassa verkkokaupastamme nopealla maailmanlaajuisella toimituksella! Paras fentanyyli tilaukseen l\u00f6yd\u00e4t t\u00e4\u00e4lt\u00e4!","breadcrumb":{"@id":"https:\/\/medicinasinc.com\/fi\/product\/osta-fentanyyli-tabletit\/#breadcrumb"},"inLanguage":"en-US","potentialAction":[{"@type":"ReadAction","target":["https:\/\/medicinasinc.com\/fi\/product\/osta-fentanyyli-tabletit\/"]}]},{"@type":"ImageObject","inLanguage":"en-US","@id":"https:\/\/medicinasinc.com\/fi\/product\/osta-fentanyyli-tabletit\/#primaryimage","url":"https:\/\/medicinasinc.com\/fi\/wp-content\/uploads\/sites\/12\/2022\/02\/Buy-Fentanyl-Tablets.jpg","contentUrl":"https:\/\/medicinasinc.com\/fi\/wp-content\/uploads\/sites\/12\/2022\/02\/Buy-Fentanyl-Tablets.jpg","width":600,"height":600},{"@type":"BreadcrumbList","@id":"https:\/\/medicinasinc.com\/fi\/product\/osta-fentanyyli-tabletit\/#breadcrumb","itemListElement":[{"@type":"ListItem","position":1,"name":"Myym\u00e4l\u00e4","item":"https:\/\/medicinasinc.com\/fi\/myymala\/"},{"@type":"ListItem","position":2,"name":"Osta fentanyylitabletteja"}]},{"@type":"WebSite","@id":"https:\/\/medicinasinc.com\/fi\/#website","url":"https:\/\/medicinasinc.com\/fi\/","name":"Medicinas Inc","description":"Health Medical Clinic","potentialAction":[{"@type":"SearchAction","target":{"@type":"EntryPoint","urlTemplate":"https:\/\/medicinasinc.com\/fi\/?s={search_term_string}"},"query-input":{"@type":"PropertyValueSpecification","valueRequired":true,"valueName":"search_term_string"}}],"inLanguage":"en-US"}]}},"_links":{"self":[{"href":"https:\/\/medicinasinc.com\/fi\/wp-json\/wp\/v2\/product\/5520","targetHints":{"allow":["GET"]}}],"collection":[{"href":"https:\/\/medicinasinc.com\/fi\/wp-json\/wp\/v2\/product"}],"about":[{"href":"https:\/\/medicinasinc.com\/fi\/wp-json\/wp\/v2\/types\/product"}],"replies":[{"embeddable":true,"href":"https:\/\/medicinasinc.com\/fi\/wp-json\/wp\/v2\/comments?post=5520"}],"wp:featuredmedia":[{"embeddable":true,"href":"https:\/\/medicinasinc.com\/fi\/wp-json\/wp\/v2\/media\/5529"}],"wp:attachment":[{"href":"https:\/\/medicinasinc.com\/fi\/wp-json\/wp\/v2\/media?parent=5520"}],"wp:term":[{"taxonomy":"product_brand","embeddable":true,"href":"https:\/\/medicinasinc.com\/fi\/wp-json\/wp\/v2\/product_brand?post=5520"},{"taxonomy":"product_cat","embeddable":true,"href":"https:\/\/medicinasinc.com\/fi\/wp-json\/wp\/v2\/product_cat?post=5520"},{"taxonomy":"product_tag","embeddable":true,"href":"https:\/\/medicinasinc.com\/fi\/wp-json\/wp\/v2\/product_tag?post=5520"}],"curies":[{"name":"wp","href":"https:\/\/api.w.org\/{rel}","templated":true}]}}