{"id":5497,"date":"2022-02-22T00:36:43","date_gmt":"2022-02-22T00:36:43","guid":{"rendered":"https:\/\/medicinasinc.com\/fi\/?post_type=product&#038;p=5497"},"modified":"2022-03-22T00:56:18","modified_gmt":"2022-03-22T00:56:18","slug":"osta-etisolaami-jauhe","status":"publish","type":"product","link":"https:\/\/medicinasinc.com\/fi\/product\/osta-etisolaami-jauhe\/","title":{"rendered":"Osta etizolamijauhetta"},"content":{"rendered":"<p>Etitsolaamin kemia<\/p>\n<p>Etitsolaamin kemiallinen nimi on &#8220;4-(2-kloorifenyyli)-2-etyyli-9-metyyli-6H-tieno[3,2-f][1,2,4] triatsolo[4,3-a][1,4]diatsepiini.&#8221; T\u00e4m\u00e4n l\u00e4\u00e4kkeen molekyylipainoksi m\u00e4\u00e4ritettiin 342,07 g\/mol, ja sen puhtauden arvioitiin olevan 99,5 prosenttia tai korkeampi sen hienoimmissa muodoissa. T\u00e4m\u00e4n l\u00e4\u00e4kkeen molekyylin on osoitettu olevan stabiili v\u00e4hint\u00e4\u00e4n kaksi tai kolme vuotta huoneenl\u00e4mm\u00f6ss\u00e4 tai 20-25 oC:ssa, mik\u00e4 on suositeltu s\u00e4ilytysl\u00e4mp\u00f6tila. Huolimatta sen asemasta tutkimuskemikaalina, l\u00e4\u00e4k\u00e4rit ovat m\u00e4\u00e4r\u00e4nneet etitsolaamia ahdistuneisuuspotilaiden hoitoon.<\/p>\n<p>Etitsolaamin alkuper\u00e4 ja kehitys<\/p>\n<p>Harmaa tutkimuskemikaali, etitsolaami teki debyyttins\u00e4 vuonna 2011 yli- reseptivapaa rauhoittava aine. Edullisten kustannustensa, laajan tuotevalikoimansa ja lukuisten sovellusten vuoksi siit\u00e4 on sittemmin tullut suosittu valinta monille. Ei tiedet\u00e4, mist\u00e4 kaava on per\u00e4isin, mutta se on sidottu 1990-luvun tutkimukseen.<\/p>\n<p>Etizolamia voidaan m\u00e4\u00e4r\u00e4t\u00e4 vaivan hoitoon.<\/p>\n<p>Masennusl\u00e4\u00e4ke , lihaksia rentouttavia ja ahdistusta ehk\u00e4isevi\u00e4 vaikutuksia tiedet\u00e4\u00e4n esiintyv\u00e4n, kun etizolamia annetaan, ja sit\u00e4 on m\u00e4\u00e4r\u00e4tty l\u00e4\u00e4ketieteelliseen k\u00e4ytt\u00f6\u00f6n t\u00e4llaisissa tapauksissa. Vaikka t\u00e4m\u00e4 vaikutus ei n\u00e4y kaikilla k\u00e4ytt\u00e4jill\u00e4, l\u00e4\u00e4ke voi lis\u00e4t\u00e4 n\u00e4l\u00e4ntunnetta. Stressin lievitys ja muistin uudelleenj\u00e4rjestely ovat kaksi muuta t\u00e4m\u00e4n l\u00e4\u00e4kkeen hyvin dokumentoitua k\u00e4ytt\u00f6tapaa. Virkistyssyist\u00e4 l\u00e4\u00e4kkeen tiedet\u00e4\u00e4n aiheuttavan muun muassa sellaisia \u200b\u200bvaikutuksia kuin egon paisuminen, emotionaalinen tukahduttaminen ja lis\u00e4\u00e4ntynyt raittiuden tunne. Ihmiset ovat k\u00e4ytt\u00e4neet sit\u00e4 my\u00f6s virkistystarkoituksiin.<\/p>\n<p>Mit\u00e4 etitsolaami tekee kehollesi<\/p>\n<p>L\u00e4\u00e4kett\u00e4 ovat k\u00e4ytt\u00e4neet monet ihmiset tutkijoista suureen yleis\u00f6\u00f6n. L\u00e4\u00e4kkeell\u00e4 on k\u00e4ytettyn\u00e4 erilaisia \u200b\u200bvaikutuksia kehoon, mieleen ja k\u00e4sityksiin omasta itsest\u00e4. L\u00e4\u00e4ke saa sinut tuntemaan olosi heikoksi etk\u00e4 pysty s\u00e4\u00e4telem\u00e4\u00e4n kehoasi. Henkil\u00f6n kyky hengitt\u00e4\u00e4 vapaasti lis\u00e4\u00e4ntyy, samoin kuin fyysinen autuus. Uneliaisuutta ja unettomuutta voi esiinty\u00e4 my\u00f6s l\u00e4\u00e4kkeen sivuvaikutuksena. Lis\u00e4ksi aineella on kognitiivisia vaikutuksia, koska se vaikuttaa elimist\u00f6n kykyyn suorittaa s\u00e4\u00e4nn\u00f6llisi\u00e4 operaatioita h\u00e4iritsem\u00e4ll\u00e4 liikehermon toimintaa. Aivojen aivotursoalue voi k\u00e4rsi\u00e4, mik\u00e4 voi johtaa lyhytaikaiseen muistin menett\u00e4miseen.<\/p>\n<p>L\u00e4\u00e4ke alentaa my\u00f6s motivaatiota ja energiatasoa, ja se vaikuttaa my\u00f6s aivojen kykyyn ymm\u00e4rt\u00e4\u00e4 ajatuksia .<\/p>\n<p>Myrkyllisyys voi johtua my\u00f6s l\u00e4\u00e4kkeen sis\u00e4lt\u00e4mist\u00e4 kontaminanteista.<\/p>\n<p>Etitsolaami: Suositeltu annostus ja haittavaikutukset kliinisess\u00e4 k\u00e4yt\u00e4nn\u00f6ss\u00e4<\/p>\n<p>0,2 mg:sta 5 mg, l\u00e4\u00e4kkeen annosvaihtoehdot ovat laajat. L\u00e4\u00e4kkeen kevyet annokset ovat 0,2\u20131 mg, kun taas tavallisin m\u00e4\u00e4r\u00e4tty m\u00e4\u00e4r\u00e4 on 1\u20132 mg. Suuri annos on sellainen, joka ylitt\u00e4\u00e4 tai on yht\u00e4 suuri kuin 5 milligrammaa.<\/p>\n<p>T\u00e4m\u00e4n seurauksena monet ihmiset p\u00e4\u00e4tyv\u00e4t ottamaan suuremman annoksen kokeakseen koko kirjon suotuisia vaikutuksia, joihin l\u00e4\u00e4ke on lueteltu. . Suuremmalla annoksella voi olla laajempi vaikutusalue, mutta sill\u00e4 on my\u00f6s vaarallisempia sivuvaikutuksia, kuten suuria vahinkoja tai kuolema \u00e4\u00e4rimm\u00e4isiss\u00e4 olosuhteissa.<\/p>\n<p>Etizolamin k\u00e4ytt\u00f6 on laillista.<\/p>\n<p> Huolimatta siit\u00e4, ett\u00e4 se on luokiteltu valvotuksi ja luokitelluksi aineeksi, l\u00e4\u00e4kkeen valmistus, toimittaminen ja hallussapito ei ole kielletty\u00e4 useimmissa maissa.<\/p>\n<p>Tied\u00e4tk\u00f6 mist\u00e4 etizolamijauhetta saa?<\/p>\n<p>Laboratorioille, apteekeille, tutkimuslaitoksille ja ihmisille verkkol\u00e4\u00e4kekauppamme tarjoaa korkealaatuista FUB \u2013 AKB48:aa kohtuulliseen hintaan.<\/p>\n","protected":false},"excerpt":{"rendered":"<div class=\"woocommerce-product-details__short-description\">\n<p>Osta etizolamijauhetta myyt\u00e4v\u00e4ksi Isossa-Britanniassa, EU:ssa, Euroopassa\u00a0saatavana halvimmalla hinnalla. Etitsolaamijauhetta k\u00e4ytet\u00e4\u00e4n l\u00e4\u00e4kkeen\u00e4 ahdistuneisuuden, unettomuuden ja paniikkikohtausten hoitoon.<\/p>\n<p>Etitsolaamijauhetta voi ostaa verkosta. Mist\u00e4 ostaa etizolamijauhetta verkosta?<\/p>\n<p>Korkeinlaatuista etizolamijauhetta on saatavana luotettavimmasta Internet-apteekista BestGlobalMeds.com.<\/p>\n<p>Etitsolaamin lis\u00e4ksi sen muita tuotemerkkej\u00e4 sis\u00e4lt\u00e4v\u00e4t Etilaam ja Etizest. Etisolaami on tienodiatsepiinin synteettinen suunnittelijaanalogi, jolla on bentsodiatsepiineihin verrattavissa olevia masennusominaisuuksia, jotka v\u00e4hent\u00e4v\u00e4t ahdistusta, stressi\u00e4 ja edist\u00e4v\u00e4t lihasten rentoutumista. Tablettien, jauheiden ja liuosten lis\u00e4ksi se on suosittu tutkimuskemikaali.<\/p>\n<\/p><\/div>\n","protected":false},"featured_media":5509,"comment_status":"open","ping_status":"closed","template":"","meta":[],"product_brand":[],"product_cat":[2014],"product_tag":[2898,2903,2904,2905,2906,2911,2912,2913,2914,2915,2916,2918,2920,2930,2922,2924,2931,2932,2933,2939,2945,2947,2940,2937,2950,2925,2943,2948,2952,2949,2953,2946,2954,2955,2919,2929,2944,2927,2928,2926,2938,2942,2935,2951,2917,2941,2923,2936,2956,2960,2934,2972,2964,2968,2966,2967,2965,2969,2970,2971,2963,2957,2959,2958,2907,2910,2902,2901,2909,2908,2899,2900,2921,2961,2962],"class_list":{"0":"post-5497","1":"product","2":"type-product","3":"status-publish","4":"has-post-thumbnail","6":"product_cat-osta-tutkimus-kemikaaleja","7":"product_tag-etizolami-jauhe-1g","8":"product_tag-buy-etizolam-powder","9":"product_tag-buy-etizolam-powder-by-the-gram-usa","10":"product_tag-buy-etizolam-powder-online","11":"product_tag-buy-etizolam-powder-uk","12":"product_tag-buy-etizolam-usa-domestic","13":"product_tag-buy-etizolam-usa-overnight-delivery","14":"product_tag-buy-etizolam-with-paypal","15":"product_tag-buy-liquid-etizolam-usa","16":"product_tag-etisolaami-1","17":"product_tag-etisolaami-30-ml","18":"product_tag-etizolam-for-sale-usa","19":"product_tag-etizolami-jauhe-australia","20":"product_tag-etizolam-jauhe-europe","21":"product_tag-etisolaami-jauhe-kanada","22":"product_tag-etizolami-jauhe-kaupunki","23":"product_tag-etisolaami-jauhe-myynniss","24":"product_tag-etizolami-jauhe-myynniss-kiina","25":"product_tag-etisolaami-jauhe-myynniss-arvostelut","26":"product_tag-etizolam-jauhe-reddit","27":"product_tag-etizolam-jauhe-uk","28":"product_tag-etizolam-jauhe-usa","29":"product_tag-etisolaami-jauhe-arvostelu","30":"product_tag-etisolaami-jauhe-hinta","31":"product_tag-etisolaami-jauheen-kytt","32":"product_tag-etizolami-jauhe-luottokortti","33":"product_tag-etisolaami-jauhe-maku","34":"product_tag-etizolam-powder-usa-toimittaja","35":"product_tag-etisolaami-jauhe-tukkumyynti","36":"product_tag-etizolam-powder-usa-myyj","37":"product_tag-etizolami-jauheet","38":"product_tag-etizolam-jauhe-us","39":"product_tag-etisolaami-liuos-osta","40":"product_tag-etisolaami-tabletit","41":"product_tag-etisolaami-neste","42":"product_tag-etizolam-jauhe-eu","43":"product_tag-etitsolaami-jauheesta-liuokseksi","44":"product_tag-etisolaami-jauhe-annos","45":"product_tag-etitsolaami-jauheen-annostelu","46":"product_tag-etisolaami-jauhe-annostus","47":"product_tag-etisolaami-jauhe-hinnat","48":"product_tag-etitsolaami-jauhe-liukoisuus","49":"product_tag-etitsolaami-jauheen-mittaus","50":"product_tag-etisolaami-jauheen-myyj","51":"product_tag-etitsolaamin-annostus","52":"product_tag-etisolaami-jauhe-kohta","53":"product_tag-etizolam-powder-china","54":"product_tag-etizolam-powder-online","55":"product_tag-etizolam-xanax-jauhe","56":"product_tag-jauhe-liuoksessa","57":"product_tag-etizolami-jauhe-korkea","58":"product_tag-liukenee-etitsolaami-jauhe-oliiviljyyn","59":"product_tag-mihin-ihmiset-yleens-kyttvt-etisolaamia","60":"product_tag-mik-etitsolaamin-nesteen-trkeys","61":"product_tag-mik-on-etisolaamin-kaltainen","62":"product_tag-mik-etitsolaami-korkean-kaltainen","63":"product_tag-milt-etisolaami-jauhe-maku","64":"product_tag-mist-ostaa-etitsolaami","65":"product_tag-mist-osta-etisolaami-verkosta","66":"product_tag-mist-ostaa-etitsolaamijauhetta","67":"product_tag-mit-etitsolaamin-muuntamiseen-kytetn-liuottimia","68":"product_tag-miten-niele-etisolaami-jauhe","69":"product_tag-on-etitsolaamiturvallinen","70":"product_tag-on-etitsolaamiriippuvaisuus-ja-miksi-etitsolaamia-kytetn-vrin","71":"product_tag-osta-etitsolaami-jauhe-usa","72":"product_tag-osta-etitsolaami-voimaa","73":"product_tag-osta-etizolam-online-usa","74":"product_tag-osta-etitsolaami-verkossa-yhdysvallat","75":"product_tag-osta-etisolaami-jauheita","76":"product_tag-osta-etizolami-jauhe-usa-luottokortilla","77":"product_tag-osta-anirasetaami-jauhe","78":"product_tag-osta-etitsolaami-japani","79":"product_tag-etisolaami-jauhe-osta","80":"product_tag-puhdas-etitsolaamijauhe","81":"product_tag-reddit-etizolam-vendors","83":"first","84":"instock","85":"shipping-taxable","86":"purchasable","87":"product-type-variable","88":"has-default-attributes"},"yoast_head":"<!-- This site is optimized with the Yoast SEO plugin v27.3 - https:\/\/yoast.com\/product\/yoast-seo-wordpress\/ -->\n<title>Osta etizolamijauhe - etizolamijauhe Europe- Best Global Meds<\/title>\n<meta name=\"description\" content=\"Osta etizolamijauhetta myyt\u00e4v\u00e4n\u00e4 Isossa-Britanniassa, EU:ssa, Euroopassa, saatavilla alhaisimpaan hintaan. Etitsolaamijauhetta k\u00e4ytet\u00e4\u00e4n l\u00e4\u00e4kkeen\u00e4 ahdistuksen, unettomuuden ja paniikkikohtausten hoitoon.\" \/>\n<meta name=\"robots\" content=\"index, follow, max-snippet:-1, max-image-preview:large, max-video-preview:-1\" \/>\n<link rel=\"canonical\" href=\"https:\/\/medicinasinc.com\/fi\/product\/osta-etisolaami-jauhe\/\" \/>\n<meta property=\"og:locale\" content=\"en_US\" \/>\n<meta property=\"og:type\" content=\"article\" \/>\n<meta property=\"og:title\" content=\"Osta etizolamijauhe - etizolamijauhe Europe- Best Global Meds\" \/>\n<meta property=\"og:description\" content=\"Osta etizolamijauhetta myyt\u00e4v\u00e4n\u00e4 Isossa-Britanniassa, EU:ssa, Euroopassa, saatavilla alhaisimpaan hintaan. Etitsolaamijauhetta k\u00e4ytet\u00e4\u00e4n l\u00e4\u00e4kkeen\u00e4 ahdistuksen, unettomuuden ja paniikkikohtausten hoitoon.\" \/>\n<meta property=\"og:url\" content=\"https:\/\/medicinasinc.com\/fi\/product\/osta-etisolaami-jauhe\/\" \/>\n<meta property=\"og:site_name\" content=\"Medicinas Inc\" \/>\n<meta property=\"article:modified_time\" content=\"2022-03-22T00:56:18+00:00\" \/>\n<meta property=\"og:image\" content=\"https:\/\/medicinasinc.com\/fi\/wp-content\/uploads\/sites\/12\/2022\/02\/Buy_Etizolam_powder.jpg\" \/>\n\t<meta property=\"og:image:width\" content=\"500\" \/>\n\t<meta property=\"og:image:height\" content=\"500\" \/>\n\t<meta property=\"og:image:type\" content=\"image\/jpeg\" \/>\n<meta name=\"twitter:card\" content=\"summary_large_image\" \/>\n<meta name=\"twitter:label1\" content=\"Est. reading time\" \/>\n\t<meta name=\"twitter:data1\" content=\"3 minutes\" \/>\n<script type=\"application\/ld+json\" class=\"yoast-schema-graph\">{\"@context\":\"https:\\\/\\\/schema.org\",\"@graph\":[{\"@type\":\"WebPage\",\"@id\":\"https:\\\/\\\/medicinasinc.com\\\/fi\\\/product\\\/osta-etisolaami-jauhe\\\/\",\"url\":\"https:\\\/\\\/medicinasinc.com\\\/fi\\\/product\\\/osta-etisolaami-jauhe\\\/\",\"name\":\"Osta etizolamijauhe - etizolamijauhe Europe- Best Global Meds\",\"isPartOf\":{\"@id\":\"https:\\\/\\\/medicinasinc.com\\\/fi\\\/#website\"},\"primaryImageOfPage\":{\"@id\":\"https:\\\/\\\/medicinasinc.com\\\/fi\\\/product\\\/osta-etisolaami-jauhe\\\/#primaryimage\"},\"image\":{\"@id\":\"https:\\\/\\\/medicinasinc.com\\\/fi\\\/product\\\/osta-etisolaami-jauhe\\\/#primaryimage\"},\"thumbnailUrl\":\"https:\\\/\\\/medicinasinc.com\\\/fi\\\/wp-content\\\/uploads\\\/sites\\\/12\\\/2022\\\/02\\\/Buy_Etizolam_powder.jpg\",\"datePublished\":\"2022-02-22T00:36:43+00:00\",\"dateModified\":\"2022-03-22T00:56:18+00:00\",\"description\":\"Osta etizolamijauhetta myyt\u00e4v\u00e4n\u00e4 Isossa-Britanniassa, EU:ssa, Euroopassa, saatavilla alhaisimpaan hintaan. Etitsolaamijauhetta k\u00e4ytet\u00e4\u00e4n l\u00e4\u00e4kkeen\u00e4 ahdistuksen, unettomuuden ja paniikkikohtausten hoitoon.\",\"breadcrumb\":{\"@id\":\"https:\\\/\\\/medicinasinc.com\\\/fi\\\/product\\\/osta-etisolaami-jauhe\\\/#breadcrumb\"},\"inLanguage\":\"en-US\",\"potentialAction\":[{\"@type\":\"ReadAction\",\"target\":[\"https:\\\/\\\/medicinasinc.com\\\/fi\\\/product\\\/osta-etisolaami-jauhe\\\/\"]}]},{\"@type\":\"ImageObject\",\"inLanguage\":\"en-US\",\"@id\":\"https:\\\/\\\/medicinasinc.com\\\/fi\\\/product\\\/osta-etisolaami-jauhe\\\/#primaryimage\",\"url\":\"https:\\\/\\\/medicinasinc.com\\\/fi\\\/wp-content\\\/uploads\\\/sites\\\/12\\\/2022\\\/02\\\/Buy_Etizolam_powder.jpg\",\"contentUrl\":\"https:\\\/\\\/medicinasinc.com\\\/fi\\\/wp-content\\\/uploads\\\/sites\\\/12\\\/2022\\\/02\\\/Buy_Etizolam_powder.jpg\",\"width\":500,\"height\":500},{\"@type\":\"BreadcrumbList\",\"@id\":\"https:\\\/\\\/medicinasinc.com\\\/fi\\\/product\\\/osta-etisolaami-jauhe\\\/#breadcrumb\",\"itemListElement\":[{\"@type\":\"ListItem\",\"position\":1,\"name\":\"Myym\u00e4l\u00e4\",\"item\":\"https:\\\/\\\/medicinasinc.com\\\/fi\\\/myymala\\\/\"},{\"@type\":\"ListItem\",\"position\":2,\"name\":\"Osta etizolamijauhetta\"}]},{\"@type\":\"WebSite\",\"@id\":\"https:\\\/\\\/medicinasinc.com\\\/fi\\\/#website\",\"url\":\"https:\\\/\\\/medicinasinc.com\\\/fi\\\/\",\"name\":\"Medicinas Inc\",\"description\":\"Health Medical Clinic\",\"potentialAction\":[{\"@type\":\"SearchAction\",\"target\":{\"@type\":\"EntryPoint\",\"urlTemplate\":\"https:\\\/\\\/medicinasinc.com\\\/fi\\\/?s={search_term_string}\"},\"query-input\":{\"@type\":\"PropertyValueSpecification\",\"valueRequired\":true,\"valueName\":\"search_term_string\"}}],\"inLanguage\":\"en-US\"}]}<\/script>\n<!-- \/ Yoast SEO plugin. -->","yoast_head_json":{"title":"Osta etizolamijauhe - etizolamijauhe Europe- Best Global Meds","description":"Osta etizolamijauhetta myyt\u00e4v\u00e4n\u00e4 Isossa-Britanniassa, EU:ssa, Euroopassa, saatavilla alhaisimpaan hintaan. Etitsolaamijauhetta k\u00e4ytet\u00e4\u00e4n l\u00e4\u00e4kkeen\u00e4 ahdistuksen, unettomuuden ja paniikkikohtausten hoitoon.","robots":{"index":"index","follow":"follow","max-snippet":"max-snippet:-1","max-image-preview":"max-image-preview:large","max-video-preview":"max-video-preview:-1"},"canonical":"https:\/\/medicinasinc.com\/fi\/product\/osta-etisolaami-jauhe\/","og_locale":"en_US","og_type":"article","og_title":"Osta etizolamijauhe - etizolamijauhe Europe- Best Global Meds","og_description":"Osta etizolamijauhetta myyt\u00e4v\u00e4n\u00e4 Isossa-Britanniassa, EU:ssa, Euroopassa, saatavilla alhaisimpaan hintaan. Etitsolaamijauhetta k\u00e4ytet\u00e4\u00e4n l\u00e4\u00e4kkeen\u00e4 ahdistuksen, unettomuuden ja paniikkikohtausten hoitoon.","og_url":"https:\/\/medicinasinc.com\/fi\/product\/osta-etisolaami-jauhe\/","og_site_name":"Medicinas Inc","article_modified_time":"2022-03-22T00:56:18+00:00","og_image":[{"width":500,"height":500,"url":"https:\/\/medicinasinc.com\/fi\/wp-content\/uploads\/sites\/12\/2022\/02\/Buy_Etizolam_powder.jpg","type":"image\/jpeg"}],"twitter_card":"summary_large_image","twitter_misc":{"Est. reading time":"3 minutes"},"schema":{"@context":"https:\/\/schema.org","@graph":[{"@type":"WebPage","@id":"https:\/\/medicinasinc.com\/fi\/product\/osta-etisolaami-jauhe\/","url":"https:\/\/medicinasinc.com\/fi\/product\/osta-etisolaami-jauhe\/","name":"Osta etizolamijauhe - etizolamijauhe Europe- Best Global Meds","isPartOf":{"@id":"https:\/\/medicinasinc.com\/fi\/#website"},"primaryImageOfPage":{"@id":"https:\/\/medicinasinc.com\/fi\/product\/osta-etisolaami-jauhe\/#primaryimage"},"image":{"@id":"https:\/\/medicinasinc.com\/fi\/product\/osta-etisolaami-jauhe\/#primaryimage"},"thumbnailUrl":"https:\/\/medicinasinc.com\/fi\/wp-content\/uploads\/sites\/12\/2022\/02\/Buy_Etizolam_powder.jpg","datePublished":"2022-02-22T00:36:43+00:00","dateModified":"2022-03-22T00:56:18+00:00","description":"Osta etizolamijauhetta myyt\u00e4v\u00e4n\u00e4 Isossa-Britanniassa, EU:ssa, Euroopassa, saatavilla alhaisimpaan hintaan. Etitsolaamijauhetta k\u00e4ytet\u00e4\u00e4n l\u00e4\u00e4kkeen\u00e4 ahdistuksen, unettomuuden ja paniikkikohtausten hoitoon.","breadcrumb":{"@id":"https:\/\/medicinasinc.com\/fi\/product\/osta-etisolaami-jauhe\/#breadcrumb"},"inLanguage":"en-US","potentialAction":[{"@type":"ReadAction","target":["https:\/\/medicinasinc.com\/fi\/product\/osta-etisolaami-jauhe\/"]}]},{"@type":"ImageObject","inLanguage":"en-US","@id":"https:\/\/medicinasinc.com\/fi\/product\/osta-etisolaami-jauhe\/#primaryimage","url":"https:\/\/medicinasinc.com\/fi\/wp-content\/uploads\/sites\/12\/2022\/02\/Buy_Etizolam_powder.jpg","contentUrl":"https:\/\/medicinasinc.com\/fi\/wp-content\/uploads\/sites\/12\/2022\/02\/Buy_Etizolam_powder.jpg","width":500,"height":500},{"@type":"BreadcrumbList","@id":"https:\/\/medicinasinc.com\/fi\/product\/osta-etisolaami-jauhe\/#breadcrumb","itemListElement":[{"@type":"ListItem","position":1,"name":"Myym\u00e4l\u00e4","item":"https:\/\/medicinasinc.com\/fi\/myymala\/"},{"@type":"ListItem","position":2,"name":"Osta etizolamijauhetta"}]},{"@type":"WebSite","@id":"https:\/\/medicinasinc.com\/fi\/#website","url":"https:\/\/medicinasinc.com\/fi\/","name":"Medicinas Inc","description":"Health Medical Clinic","potentialAction":[{"@type":"SearchAction","target":{"@type":"EntryPoint","urlTemplate":"https:\/\/medicinasinc.com\/fi\/?s={search_term_string}"},"query-input":{"@type":"PropertyValueSpecification","valueRequired":true,"valueName":"search_term_string"}}],"inLanguage":"en-US"}]}},"_links":{"self":[{"href":"https:\/\/medicinasinc.com\/fi\/wp-json\/wp\/v2\/product\/5497","targetHints":{"allow":["GET"]}}],"collection":[{"href":"https:\/\/medicinasinc.com\/fi\/wp-json\/wp\/v2\/product"}],"about":[{"href":"https:\/\/medicinasinc.com\/fi\/wp-json\/wp\/v2\/types\/product"}],"replies":[{"embeddable":true,"href":"https:\/\/medicinasinc.com\/fi\/wp-json\/wp\/v2\/comments?post=5497"}],"wp:featuredmedia":[{"embeddable":true,"href":"https:\/\/medicinasinc.com\/fi\/wp-json\/wp\/v2\/media\/5509"}],"wp:attachment":[{"href":"https:\/\/medicinasinc.com\/fi\/wp-json\/wp\/v2\/media?parent=5497"}],"wp:term":[{"taxonomy":"product_brand","embeddable":true,"href":"https:\/\/medicinasinc.com\/fi\/wp-json\/wp\/v2\/product_brand?post=5497"},{"taxonomy":"product_cat","embeddable":true,"href":"https:\/\/medicinasinc.com\/fi\/wp-json\/wp\/v2\/product_cat?post=5497"},{"taxonomy":"product_tag","embeddable":true,"href":"https:\/\/medicinasinc.com\/fi\/wp-json\/wp\/v2\/product_tag?post=5497"}],"curies":[{"name":"wp","href":"https:\/\/api.w.org\/{rel}","templated":true}]}}