{"id":5496,"date":"2022-02-22T00:34:51","date_gmt":"2022-02-22T00:34:51","guid":{"rendered":"https:\/\/medicinasinc.com\/fi\/?post_type=product&#038;p=5496"},"modified":"2022-03-22T00:56:26","modified_gmt":"2022-03-22T00:56:26","slug":"osta-fentanyyli-sitraatti-injektio","status":"publish","type":"product","link":"https:\/\/medicinasinc.com\/fi\/product\/osta-fentanyyli-sitraatti-injektio\/","title":{"rendered":"Osta fentanyylisitraatti-injektio"},"content":{"rendered":"<p>Se sis\u00e4lt\u00e4\u00e4 fentanyylisitraattia, joka vastaa 50 mikrogramman annosta millilitrassa.<\/p>\n<p>Fentanyylisitraatti, 100 mikrogrammaa 2 ml:ssa ampullissa, on aktiivinen ainesosa jokaisessa ampullissa.<\/p>\n<p> Jokainen 10 ml:n ampulli sis\u00e4lt\u00e4\u00e4 noin 500 mikrogrammaa fentanyylisitraattia.<\/p>\n<p>Fentanyylisitraattia, 2500 mikrogrammaa injektiopulloa kohden, on jokaisessa injektiopullossa.<\/p>\n<p>&nbsp;<\/p>\n<p> T\u00e4ss\u00e4 l\u00e4\u00e4kkeess\u00e4 on seuraavia:<\/p>\n<p>\u2022 Jokainen 2 ml:n ampulli sis\u00e4lt\u00e4\u00e4 7,1 mg (tai 0,31 mmol) natriumia, joten se on k\u00e4yt\u00e4nn\u00f6ss\u00e4 natriumiton.&#8217;<\/p>\n<p>Jokainen 10 ml:n ampulli sis\u00e4lt\u00e4\u00e4 35,4 mg (tai 1,54 mmol) natriumia, mik\u00e4 vastaa 2 % WHO:n suosittelemasta suurimmasta p\u00e4ivitt\u00e4isest\u00e4 saannista aikuiselle 2 g natriumia.<\/p>\n<p>9 prosenttia Maailman terveysj\u00e4rjest\u00f6n suosittelemasta p\u00e4ivitt\u00e4isest\u00e4 enimm\u00e4iskulutuksesta 2 grammaa natriumia aikuiselle l\u00f6ytyy 50 ml:n injektiopullosta, joka sis\u00e4lt\u00e4\u00e4 177 mg natriumia.<\/p>\n<p>Opioidikipul\u00e4\u00e4ke fentanyyli\u00e4 k\u00e4ytet\u00e4\u00e4n:<\/p>\n<p>&#8211; vaatimattomina annoksina lyhyiss\u00e4 kirurgisissa toimenpiteiss\u00e4 antaa kipul\u00e4\u00e4kett\u00e4<\/p>\n<p>el\u00e4m\u00e4n aikana -s\u00e4\u00e4st\u00e4v\u00e4 hoito hengityslaitteista riippuvaisille potilaille<\/p>\n<p>neuroleptien k\u00e4ytt\u00f6 osana neuroleptanalgesiaa<\/p>\n<p>syd\u00e4ninfarktin kivuliaita oireita voidaan lievitt\u00e4\u00e4 opioideilla<\/p>\n<p>Keskustele potilaiden kanssa fentanyylihoidon lopetusstrategian tarpeesta ennen opioidihoidon aloittamista riippuvuuden ja huumevieroitusoireyhtym\u00e4n riskin minimoimiseksi (ks. kohta 4.4).<\/p>\n<p>Suonensis\u00e4inen bolus tai infuusio anto.<\/p>\n<p>Ihonalainen injektio.<\/p>\n<p>Niin kauan kuin potilaan hengitysteit\u00e4 voidaan s\u00e4\u00e4dell\u00e4, fentanyyli\u00e4 tulee antaa vain valvotussa ymp\u00e4rist\u00f6ss\u00e4 (ks. kohta 4.4 Varoitukset ja k\u00e4ytt\u00f6\u00f6n liittyv\u00e4t varotoimet). <\/p>\n<p>On ehdotettu, ett\u00e4 lyhyt suonensis\u00e4inen annos antikolinergista l\u00e4\u00e4kett\u00e4 annetaan juuri ennen anestesian induktiota bradykardian v\u00e4ltt\u00e4miseksi.<\/p>\n<p>On suositeltavaa k\u00e4ytt\u00e4\u00e4 k\u00e4sineit\u00e4 ampullia avattaessa.<\/p>\n","protected":false},"excerpt":{"rendered":"<p>Osta Fentanyl Citrate Injection 50 mikrogrammaa\/ml injektio myyntiin Iso-Britannian, Euroopan, Kiinan ja EU:n parhaista tutkimuslaboratorioista. Erillinen toimitus kaikille tilauksille %100 takuu, tilaa fentanyyli 50ml<\/p>\n<p>Osta 50 mikrogrammaa\/ml Fentanyl Citrate Injection johtavista tutkimuslaboratorioista Isossa-Britanniassa, Euroopassa, Kiinassa ja EU:ssa. Tilaa Fentanyl 50mg t\u00e4ysin luottavaisin mielin tiet\u00e4en, ett\u00e4 pakettisi saapuu huomaamattomasti.<\/p>\n<p>Fentanyl-injektio 50 mikrogrammaa\/ml.<br \/> Fentanyyli-injektio, 100 mikrogrammaa 2 millilitrassa nestett\u00e4<br \/> Injektio Fentanyyli 250 mikrogrammaa\/ml.<br \/> Fentanyyli-injektio 500 mikrogrammaa\/10 ml<br \/> Fentanyyli-injektio 1000 mikrogrammaa\/20 ml<br \/> Fentanyyli-injektio 2500 mikrogrammaa\/50 ml<\/p>\n<p>Se sis\u00e4lt\u00e4\u00e4 fentanyylisitraatti, joka vastaa 50 mikrogrammaa annosta millilitrassa.<\/p>\n<p>Fentanyylisitraatti, 100 mikrogrammaa 2 ml:ssa ampullissa, on aktiivinen ainesosa jokaisessa ampullissa.<\/p>\n<p>Noin 500 mikrogrammaa fentanyylisitraattia jokaisessa 10 ml:n ampullissa.<\/p>\n<p>Fentanyylisitraattia, 2500 mikrogrammaa per injektiopullo, on jokaisessa injektiopullossa.<\/p>\n","protected":false},"featured_media":5507,"comment_status":"open","ping_status":"closed","template":"","meta":[],"product_brand":[],"product_cat":[2014],"product_tag":[2868,2869,2870,2871,2876,2877,2878,2879,2884,2885,2886,2887,2880,2881,2882,2883,2889,2888,2894,2891,2890,2895,2896,2897,2867,2872,2874,2873,2875,2892,2893],"class_list":{"0":"post-5496","1":"product","2":"type-product","3":"status-publish","4":"has-post-thumbnail","6":"product_cat-osta-tutkimus-kemikaaleja","7":"product_tag-buy-fentanyl-100-microgram-2ml-injection-online","8":"product_tag-buy-fentanyl-1000-microgram-20ml-injection","9":"product_tag-buy-fentanyl-1000-microgram-20ml-injection-online","10":"product_tag-buy-fentanyl-250-microgram-5ml-injection","11":"product_tag-buy-fentanyl-500-microgram-10ml-injection","12":"product_tag-buy-fentanyl-500-microgram-10ml-injection-online","13":"product_tag-buy-fentanyl-citrate-injection","14":"product_tag-buy-fentanyl-citrate-injection-online","15":"product_tag-fentanyl-50-microgram-ml-injection","16":"product_tag-fentanyl-50-micrograms-ml-injection","17":"product_tag-fentanyl-50-micrograms-ml-solution-for-injection","18":"product_tag-fentanyl-500-microgram-10ml-injection","19":"product_tag-fentanyyli-100-mikrogrammaa-2-ml-injektio","20":"product_tag-fentanyyli-1000-mikrogrammaa-20ml-injektio","21":"product_tag-fentanyyli-250-mikrogrammaa-5-ml-injektio","22":"product_tag-fentanyyli-2500-mikrogrammaa-50ml-injektio","23":"product_tag-fentanyyli-sitraatti-injektio-hinnat","24":"product_tag-fentanyylisitraatti-injektio","25":"product_tag-hinnat-fentanyyli-sitraatti-injektio","26":"product_tag-how-to-order-fentanyl-citrate-injection-online","27":"product_tag-miten-ostaa-fentanyyli-sitraatti-injektio-verkosta","28":"product_tag-mist-ostaa-fentanyyli-sitraatti-injektio","29":"product_tag-mist-ostaa-fentanyyli-sitraatti-injektio-verkosta","30":"product_tag-mist-tilaa-fentanyyli-sitraatti-injektio-verkosta","31":"product_tag-osta-fentanyyli-100-mikrogrammaa-2ml-injektio","32":"product_tag-osta-fentanyyli-250-mikrogrammaa-5ml-injektio-verkosta","33":"product_tag-osta-fentanyyli-2500-mikrogrammaa-50ml-injektio-verkosta","34":"product_tag-osta-fentanyyli-2500-mikrogrammaa-50ml-injektio","35":"product_tag-osta-fentanyyli-50-mikrogrammaa-ml-injektio-verkosta","36":"product_tag-tilaus-fentanyyli-sitraatti-injektio","37":"product_tag-tilaa-fentanyyli-sitraatti-injektio-verkossa","39":"first","40":"instock","41":"shipping-taxable","42":"purchasable","43":"product-type-variable"},"yoast_head":"<!-- This site is optimized with the Yoast SEO plugin v27.3 - https:\/\/yoast.com\/product\/yoast-seo-wordpress\/ -->\n<title>Osta fentanyylisitraatti-injektio - parhaat maailmanlaajuiset l\u00e4\u00e4kkeet<\/title>\n<meta name=\"description\" content=\"Osta Fentanyl Citrate Injection 50 mikrogrammaa\/ml injektio myyntiin parhaista tutkimuslaboratorioista Iso-Britanniassa, Euroopassa, Kiinassa ja EU:ssa. Erillinen toimitus kaikille tilauksille 0 takuuta, Tilaa Fentanyl 50ml\" \/>\n<meta name=\"robots\" content=\"index, follow, max-snippet:-1, max-image-preview:large, max-video-preview:-1\" \/>\n<link rel=\"canonical\" href=\"https:\/\/medicinasinc.com\/fi\/product\/osta-fentanyyli-sitraatti-injektio\/\" \/>\n<meta property=\"og:locale\" content=\"en_US\" \/>\n<meta property=\"og:type\" content=\"article\" \/>\n<meta property=\"og:title\" content=\"Osta fentanyylisitraatti-injektio - parhaat maailmanlaajuiset l\u00e4\u00e4kkeet\" \/>\n<meta property=\"og:description\" content=\"Osta Fentanyl Citrate Injection 50 mikrogrammaa\/ml injektio myyntiin parhaista tutkimuslaboratorioista Iso-Britanniassa, Euroopassa, Kiinassa ja EU:ssa. Erillinen toimitus kaikille tilauksille 0 takuuta, Tilaa Fentanyl 50ml\" \/>\n<meta property=\"og:url\" content=\"https:\/\/medicinasinc.com\/fi\/product\/osta-fentanyyli-sitraatti-injektio\/\" \/>\n<meta property=\"og:site_name\" content=\"Medicinas Inc\" \/>\n<meta property=\"article:modified_time\" content=\"2022-03-22T00:56:26+00:00\" \/>\n<meta property=\"og:image\" content=\"https:\/\/medicinasinc.com\/fi\/wp-content\/uploads\/sites\/12\/2022\/02\/Fentanyl-50-microgram.jpg\" \/>\n\t<meta property=\"og:image:width\" content=\"1996\" \/>\n\t<meta property=\"og:image:height\" content=\"1128\" \/>\n\t<meta property=\"og:image:type\" content=\"image\/jpeg\" \/>\n<meta name=\"twitter:card\" content=\"summary_large_image\" \/>\n<meta name=\"twitter:label1\" content=\"Est. reading time\" \/>\n\t<meta name=\"twitter:data1\" content=\"2 minutes\" \/>\n<script type=\"application\/ld+json\" class=\"yoast-schema-graph\">{\"@context\":\"https:\\\/\\\/schema.org\",\"@graph\":[{\"@type\":\"WebPage\",\"@id\":\"https:\\\/\\\/medicinasinc.com\\\/fi\\\/product\\\/osta-fentanyyli-sitraatti-injektio\\\/\",\"url\":\"https:\\\/\\\/medicinasinc.com\\\/fi\\\/product\\\/osta-fentanyyli-sitraatti-injektio\\\/\",\"name\":\"Osta fentanyylisitraatti-injektio - parhaat maailmanlaajuiset l\u00e4\u00e4kkeet\",\"isPartOf\":{\"@id\":\"https:\\\/\\\/medicinasinc.com\\\/fi\\\/#website\"},\"primaryImageOfPage\":{\"@id\":\"https:\\\/\\\/medicinasinc.com\\\/fi\\\/product\\\/osta-fentanyyli-sitraatti-injektio\\\/#primaryimage\"},\"image\":{\"@id\":\"https:\\\/\\\/medicinasinc.com\\\/fi\\\/product\\\/osta-fentanyyli-sitraatti-injektio\\\/#primaryimage\"},\"thumbnailUrl\":\"https:\\\/\\\/medicinasinc.com\\\/fi\\\/wp-content\\\/uploads\\\/sites\\\/12\\\/2022\\\/02\\\/Fentanyl-50-microgram.jpg\",\"datePublished\":\"2022-02-22T00:34:51+00:00\",\"dateModified\":\"2022-03-22T00:56:26+00:00\",\"description\":\"Osta Fentanyl Citrate Injection 50 mikrogrammaa\\\/ml injektio myyntiin parhaista tutkimuslaboratorioista Iso-Britanniassa, Euroopassa, Kiinassa ja EU:ssa. Erillinen toimitus kaikille tilauksille 0 takuuta, Tilaa Fentanyl 50ml\",\"breadcrumb\":{\"@id\":\"https:\\\/\\\/medicinasinc.com\\\/fi\\\/product\\\/osta-fentanyyli-sitraatti-injektio\\\/#breadcrumb\"},\"inLanguage\":\"en-US\",\"potentialAction\":[{\"@type\":\"ReadAction\",\"target\":[\"https:\\\/\\\/medicinasinc.com\\\/fi\\\/product\\\/osta-fentanyyli-sitraatti-injektio\\\/\"]}]},{\"@type\":\"ImageObject\",\"inLanguage\":\"en-US\",\"@id\":\"https:\\\/\\\/medicinasinc.com\\\/fi\\\/product\\\/osta-fentanyyli-sitraatti-injektio\\\/#primaryimage\",\"url\":\"https:\\\/\\\/medicinasinc.com\\\/fi\\\/wp-content\\\/uploads\\\/sites\\\/12\\\/2022\\\/02\\\/Fentanyl-50-microgram.jpg\",\"contentUrl\":\"https:\\\/\\\/medicinasinc.com\\\/fi\\\/wp-content\\\/uploads\\\/sites\\\/12\\\/2022\\\/02\\\/Fentanyl-50-microgram.jpg\",\"width\":1996,\"height\":1128},{\"@type\":\"BreadcrumbList\",\"@id\":\"https:\\\/\\\/medicinasinc.com\\\/fi\\\/product\\\/osta-fentanyyli-sitraatti-injektio\\\/#breadcrumb\",\"itemListElement\":[{\"@type\":\"ListItem\",\"position\":1,\"name\":\"Myym\u00e4l\u00e4\",\"item\":\"https:\\\/\\\/medicinasinc.com\\\/fi\\\/myymala\\\/\"},{\"@type\":\"ListItem\",\"position\":2,\"name\":\"Osta fentanyylisitraatti-injektio\"}]},{\"@type\":\"WebSite\",\"@id\":\"https:\\\/\\\/medicinasinc.com\\\/fi\\\/#website\",\"url\":\"https:\\\/\\\/medicinasinc.com\\\/fi\\\/\",\"name\":\"Medicinas Inc\",\"description\":\"Health Medical Clinic\",\"potentialAction\":[{\"@type\":\"SearchAction\",\"target\":{\"@type\":\"EntryPoint\",\"urlTemplate\":\"https:\\\/\\\/medicinasinc.com\\\/fi\\\/?s={search_term_string}\"},\"query-input\":{\"@type\":\"PropertyValueSpecification\",\"valueRequired\":true,\"valueName\":\"search_term_string\"}}],\"inLanguage\":\"en-US\"}]}<\/script>\n<!-- \/ Yoast SEO plugin. -->","yoast_head_json":{"title":"Osta fentanyylisitraatti-injektio - parhaat maailmanlaajuiset l\u00e4\u00e4kkeet","description":"Osta Fentanyl Citrate Injection 50 mikrogrammaa\/ml injektio myyntiin parhaista tutkimuslaboratorioista Iso-Britanniassa, Euroopassa, Kiinassa ja EU:ssa. Erillinen toimitus kaikille tilauksille 0 takuuta, Tilaa Fentanyl 50ml","robots":{"index":"index","follow":"follow","max-snippet":"max-snippet:-1","max-image-preview":"max-image-preview:large","max-video-preview":"max-video-preview:-1"},"canonical":"https:\/\/medicinasinc.com\/fi\/product\/osta-fentanyyli-sitraatti-injektio\/","og_locale":"en_US","og_type":"article","og_title":"Osta fentanyylisitraatti-injektio - parhaat maailmanlaajuiset l\u00e4\u00e4kkeet","og_description":"Osta Fentanyl Citrate Injection 50 mikrogrammaa\/ml injektio myyntiin parhaista tutkimuslaboratorioista Iso-Britanniassa, Euroopassa, Kiinassa ja EU:ssa. Erillinen toimitus kaikille tilauksille 0 takuuta, Tilaa Fentanyl 50ml","og_url":"https:\/\/medicinasinc.com\/fi\/product\/osta-fentanyyli-sitraatti-injektio\/","og_site_name":"Medicinas Inc","article_modified_time":"2022-03-22T00:56:26+00:00","og_image":[{"width":1996,"height":1128,"url":"https:\/\/medicinasinc.com\/fi\/wp-content\/uploads\/sites\/12\/2022\/02\/Fentanyl-50-microgram.jpg","type":"image\/jpeg"}],"twitter_card":"summary_large_image","twitter_misc":{"Est. reading time":"2 minutes"},"schema":{"@context":"https:\/\/schema.org","@graph":[{"@type":"WebPage","@id":"https:\/\/medicinasinc.com\/fi\/product\/osta-fentanyyli-sitraatti-injektio\/","url":"https:\/\/medicinasinc.com\/fi\/product\/osta-fentanyyli-sitraatti-injektio\/","name":"Osta fentanyylisitraatti-injektio - parhaat maailmanlaajuiset l\u00e4\u00e4kkeet","isPartOf":{"@id":"https:\/\/medicinasinc.com\/fi\/#website"},"primaryImageOfPage":{"@id":"https:\/\/medicinasinc.com\/fi\/product\/osta-fentanyyli-sitraatti-injektio\/#primaryimage"},"image":{"@id":"https:\/\/medicinasinc.com\/fi\/product\/osta-fentanyyli-sitraatti-injektio\/#primaryimage"},"thumbnailUrl":"https:\/\/medicinasinc.com\/fi\/wp-content\/uploads\/sites\/12\/2022\/02\/Fentanyl-50-microgram.jpg","datePublished":"2022-02-22T00:34:51+00:00","dateModified":"2022-03-22T00:56:26+00:00","description":"Osta Fentanyl Citrate Injection 50 mikrogrammaa\/ml injektio myyntiin parhaista tutkimuslaboratorioista Iso-Britanniassa, Euroopassa, Kiinassa ja EU:ssa. Erillinen toimitus kaikille tilauksille 0 takuuta, Tilaa Fentanyl 50ml","breadcrumb":{"@id":"https:\/\/medicinasinc.com\/fi\/product\/osta-fentanyyli-sitraatti-injektio\/#breadcrumb"},"inLanguage":"en-US","potentialAction":[{"@type":"ReadAction","target":["https:\/\/medicinasinc.com\/fi\/product\/osta-fentanyyli-sitraatti-injektio\/"]}]},{"@type":"ImageObject","inLanguage":"en-US","@id":"https:\/\/medicinasinc.com\/fi\/product\/osta-fentanyyli-sitraatti-injektio\/#primaryimage","url":"https:\/\/medicinasinc.com\/fi\/wp-content\/uploads\/sites\/12\/2022\/02\/Fentanyl-50-microgram.jpg","contentUrl":"https:\/\/medicinasinc.com\/fi\/wp-content\/uploads\/sites\/12\/2022\/02\/Fentanyl-50-microgram.jpg","width":1996,"height":1128},{"@type":"BreadcrumbList","@id":"https:\/\/medicinasinc.com\/fi\/product\/osta-fentanyyli-sitraatti-injektio\/#breadcrumb","itemListElement":[{"@type":"ListItem","position":1,"name":"Myym\u00e4l\u00e4","item":"https:\/\/medicinasinc.com\/fi\/myymala\/"},{"@type":"ListItem","position":2,"name":"Osta fentanyylisitraatti-injektio"}]},{"@type":"WebSite","@id":"https:\/\/medicinasinc.com\/fi\/#website","url":"https:\/\/medicinasinc.com\/fi\/","name":"Medicinas Inc","description":"Health Medical Clinic","potentialAction":[{"@type":"SearchAction","target":{"@type":"EntryPoint","urlTemplate":"https:\/\/medicinasinc.com\/fi\/?s={search_term_string}"},"query-input":{"@type":"PropertyValueSpecification","valueRequired":true,"valueName":"search_term_string"}}],"inLanguage":"en-US"}]}},"_links":{"self":[{"href":"https:\/\/medicinasinc.com\/fi\/wp-json\/wp\/v2\/product\/5496","targetHints":{"allow":["GET"]}}],"collection":[{"href":"https:\/\/medicinasinc.com\/fi\/wp-json\/wp\/v2\/product"}],"about":[{"href":"https:\/\/medicinasinc.com\/fi\/wp-json\/wp\/v2\/types\/product"}],"replies":[{"embeddable":true,"href":"https:\/\/medicinasinc.com\/fi\/wp-json\/wp\/v2\/comments?post=5496"}],"wp:featuredmedia":[{"embeddable":true,"href":"https:\/\/medicinasinc.com\/fi\/wp-json\/wp\/v2\/media\/5507"}],"wp:attachment":[{"href":"https:\/\/medicinasinc.com\/fi\/wp-json\/wp\/v2\/media?parent=5496"}],"wp:term":[{"taxonomy":"product_brand","embeddable":true,"href":"https:\/\/medicinasinc.com\/fi\/wp-json\/wp\/v2\/product_brand?post=5496"},{"taxonomy":"product_cat","embeddable":true,"href":"https:\/\/medicinasinc.com\/fi\/wp-json\/wp\/v2\/product_cat?post=5496"},{"taxonomy":"product_tag","embeddable":true,"href":"https:\/\/medicinasinc.com\/fi\/wp-json\/wp\/v2\/product_tag?post=5496"}],"curies":[{"name":"wp","href":"https:\/\/api.w.org\/{rel}","templated":true}]}}