{"id":5495,"date":"2022-02-22T00:33:03","date_gmt":"2022-02-22T00:33:03","guid":{"rendered":"https:\/\/medicinasinc.com\/fi\/?post_type=product&#038;p=5495"},"modified":"2022-03-22T00:56:37","modified_gmt":"2022-03-22T00:56:37","slug":"osta-fentanyyli-jauhe","status":"publish","type":"product","link":"https:\/\/medicinasinc.com\/fi\/product\/osta-fentanyyli-jauhe\/","title":{"rendered":"Osta fentanyylijauhetta"},"content":{"rendered":"<p>Fentanyylijauheen osto verkossa<\/p>\n<p>Saatat meilt\u00e4 ostaa fentanyylijauhetta edulliseen hintaan. F\u0435nt\u0430n\u0443l Powd\u0435r on saatavana eritt\u00e4in puhtaana. Se on upea sopimus! Tehokkaimmat l\u00e4\u00e4kkeet ymp\u00e4ri maailmaa<\/p>\n<p>Mit\u00e4 fentanyylijauhe on?<\/p>\n<p>Fentanyyli, joka tunnetaan my\u00f6s nimell\u00e4 fentaniili, on opioidi, jota k\u00e4ytet\u00e4\u00e4n kipul\u00e4\u00e4kkeen\u00e4 ja yhdess\u00e4 muiden anestesial\u00e4\u00e4kkeiden kanssa . Useimmiten vaikutukset kest\u00e4v\u00e4t alle tunnin tai kaksi. Fentanyyli\u00e4 on saatavana useissa eri muodoissa, mukaan lukien injektiot, iholaastarit ja oraalinen imeytyminen. Fentanulia on joskus saatavana my\u00f6s jauheena. Laboratoriot k\u00e4ytt\u00e4v\u00e4t yleisesti jauhetta.<\/p>\n<p>&nbsp;<\/p>\n<p>Osta fentanyylijauhetta verkosta Best Global Meds -sivustolta<\/p>\n<p>Saatat t\u00e4ss\u00e4 vaiheessa ihmetell\u00e4, mik\u00e4 opioidi on. Opioidit ovat huumeluokka. Opioidit ovat aineita, jotka vuorovaikuttavat opioidireseptorien kanssa tuottaen oopiumin kaltaisia \u200b\u200bvaikutuksia. Vicodin, oksikontiini, oksikodoni ja percoset kuuluvat kaikki t\u00e4h\u00e4n luokkaan. Fentanyyli sis\u00e4ltyy my\u00f6s rauhoittaviin l\u00e4\u00e4kkeisiin. Rauhoittava l\u00e4\u00e4ke on er\u00e4\u00e4nlainen l\u00e4\u00e4ke tai aine, jota k\u00e4ytet\u00e4\u00e4n keskushermoston rauhoittamiseen. Voisi sanoa, ett\u00e4 fentanyyli\u00e4 k\u00e4ytet\u00e4\u00e4n keskushermoston rauhoittamiseen. u-47700 Powder on my\u00f6s hyv\u00e4 masennusl\u00e4\u00e4ke. Paras paikka hankkia fentanyyli\u00e4 on verkosta.<\/p>\n<p>Pahoinvointi, ummetus, v\u00e4symys ja sekavuus ovat yleisimpi\u00e4 sivuvaikutuksia. Hengitysponnistuksen v\u00e4hent\u00e4minen (hengityslama), serotoneiinioireyhtym\u00e4 ja alhainen verenpaine ovat kaikki l\u00e4\u00e4kkeen mahdollisia sivuvaikutuksia. Aktivoimalla opioidireseptoreita fentanyyli vaikuttaa osittain. Tietyll\u00e4 m\u00e4\u00e4r\u00e4ll\u00e4 se on 75 kertaa vahvempi kuin morfi. Jotkut fentanyylianalogit voivat olla 10 000 kertaa tehokkaampia kuin morfiini. Fentanyylijauhetta myyt\u00e4v\u00e4n\u00e4<\/p>\n","protected":false},"excerpt":{"rendered":"<p>Bestglobalmeds.com-sivustomme avulla voit ostaa FENTANYLIJAUHETTA myyt\u00e4v\u00e4ksi Isossa-Britanniassa ja Euroopan unionissa. L\u00f6yd\u00e4t edullisimman FENTANYLIn t\u00e4\u00e4lt\u00e4!<\/p>\n<p>Fentanyylijauhe, imupaperi ja massavalmistus Kiinassa ovat er\u00e4it\u00e4 tapoja myyd\u00e4 ei-l\u00e4\u00e4ketieteellist\u00e4 fentanyyli\u00e4.<\/p>\n<p>Fentanyyli k\u00e4ytet\u00e4\u00e4n kivun hoitoon, jota muut l\u00e4\u00e4kkeet eiv\u00e4t voi lievitt\u00e4\u00e4, kuten krooninen tai siet\u00e4m\u00e4t\u00f6n kipu. Huumausaine kipul\u00e4\u00e4ke, t\u00e4m\u00e4 l\u00e4\u00e4ke on m\u00e4\u00e4r\u00e4tty.<br \/> Toimitamme huomaamattomasti ja annamme rahat takaisin -takuun, kun tilaat fentanyylisi meilt\u00e4.<\/p>\n","protected":false},"featured_media":5505,"comment_status":"open","ping_status":"closed","template":"","meta":[],"product_brand":[],"product_cat":[2014],"product_tag":[2841,2846,2849,2851,2852,2853,2854,2848,2855,2864,2863,2865,2866,2862,2850,2856,2857,2842,2844,2840,2839,2845,2843,2847,2861,2860,2858,2859],"class_list":{"0":"post-5495","1":"product","2":"type-product","3":"status-publish","4":"has-post-thumbnail","6":"product_cat-osta-tutkimus-kemikaaleja","7":"product_tag-buy-fentanyl-online","8":"product_tag-buy-fentanyl-powder-with-paypal","9":"product_tag-fentanyylijauhe-eurooppa","10":"product_tag-fentanyl-powder-for-sale-online","11":"product_tag-fentanyl-powder-overnight","12":"product_tag-fentanyyli-jauhe-reddit","13":"product_tag-fentanyyli-jauhe-kuljetus","14":"product_tag-fentanyyli-jauhe-vaikutus","15":"product_tag-how-to-buy-fentanyl-powder-online","16":"product_tag-mist-ostaa-fentanyyli-jauhetta-verkosta","17":"product_tag-mist-ostaa-fentanyyli-hcl-jauhetta-verkosta","18":"product_tag-mist-ostaa-puhdasta-fentanyyli-hcl-jauhetta-verkossa","19":"product_tag-mist-ostaa-puhdasta-fentanyylijauhetta-verkossa","20":"product_tag-mist-voin-ostaa-fentanyyli-jauhetta-verkosta","21":"product_tag-fentanyylijauhetta-myynniss","22":"product_tag-order-fentanyl-powder-near-me","23":"product_tag-order-fentanyl-powder-online","24":"product_tag-osta-fentanyyli-jauhe-pimess-verkossa","25":"product_tag-osta-fentanyyli-jauhe-turvallinen","26":"product_tag-osta-fentanyyli-hcl-jauhe-verkosta","27":"product_tag-osta-fentanyyli-hcl-verkosta","28":"product_tag-osta-fentanyyli-jauhe-usa","29":"product_tag-osta-fentanyyli-jauhe-verkosta","30":"product_tag-osta-puhdas-fentanyyli-jauhe-verkosta","31":"product_tag-paras-paikka-ostaa-fentanyylijauhetta-verkossa","32":"product_tag-purchase-fentanyl-powder-online","33":"product_tag-tilaa-puhdas-fentanyyli-hcl-jauhe-verkosta","34":"product_tag-tilaa-puhdas-fentanyyli-jauhe-verkosta","36":"first","37":"instock","38":"shipping-taxable","39":"purchasable","40":"product-type-variable","41":"has-default-attributes"},"yoast_head":"<!-- This site is optimized with the Yoast SEO plugin v27.3 - https:\/\/yoast.com\/product\/yoast-seo-wordpress\/ -->\n<title>Osta fentanyylijauhetta verkosta \u2013 parhaat maailmanlaajuiset l\u00e4\u00e4kkeet<\/title>\n<meta name=\"description\" content=\"Osta FENTANYLIJAUHE myyt\u00e4v\u00e4n\u00e4 UK, EU Europe Bestglobalmeds.com-verkkokaupassamme nopealla maailmanlaajuisella toimituksella! Paras FENTANYLI tilaukseen l\u00f6yd\u00e4t t\u00e4\u00e4lt\u00e4!\" \/>\n<meta name=\"robots\" content=\"index, follow, max-snippet:-1, max-image-preview:large, max-video-preview:-1\" \/>\n<link rel=\"canonical\" href=\"https:\/\/medicinasinc.com\/fi\/product\/osta-fentanyyli-jauhe\/\" \/>\n<meta property=\"og:locale\" content=\"en_US\" \/>\n<meta property=\"og:type\" content=\"article\" \/>\n<meta property=\"og:title\" content=\"Osta fentanyylijauhetta verkosta \u2013 parhaat maailmanlaajuiset l\u00e4\u00e4kkeet\" \/>\n<meta property=\"og:description\" content=\"Osta FENTANYLIJAUHE myyt\u00e4v\u00e4n\u00e4 UK, EU Europe Bestglobalmeds.com-verkkokaupassamme nopealla maailmanlaajuisella toimituksella! Paras FENTANYLI tilaukseen l\u00f6yd\u00e4t t\u00e4\u00e4lt\u00e4!\" \/>\n<meta property=\"og:url\" content=\"https:\/\/medicinasinc.com\/fi\/product\/osta-fentanyyli-jauhe\/\" \/>\n<meta property=\"og:site_name\" content=\"Medicinas Inc\" \/>\n<meta property=\"article:modified_time\" content=\"2022-03-22T00:56:37+00:00\" \/>\n<meta property=\"og:image\" content=\"https:\/\/medicinasinc.com\/fi\/wp-content\/uploads\/sites\/12\/2022\/02\/Buy-Fentanyl-Powder-Online.jpg\" \/>\n\t<meta property=\"og:image:width\" content=\"768\" \/>\n\t<meta property=\"og:image:height\" content=\"768\" \/>\n\t<meta property=\"og:image:type\" content=\"image\/jpeg\" \/>\n<meta name=\"twitter:card\" content=\"summary_large_image\" \/>\n<meta name=\"twitter:label1\" content=\"Est. reading time\" \/>\n\t<meta name=\"twitter:data1\" content=\"2 minutes\" \/>\n<script type=\"application\/ld+json\" class=\"yoast-schema-graph\">{\"@context\":\"https:\\\/\\\/schema.org\",\"@graph\":[{\"@type\":\"WebPage\",\"@id\":\"https:\\\/\\\/medicinasinc.com\\\/fi\\\/product\\\/osta-fentanyyli-jauhe\\\/\",\"url\":\"https:\\\/\\\/medicinasinc.com\\\/fi\\\/product\\\/osta-fentanyyli-jauhe\\\/\",\"name\":\"Osta fentanyylijauhetta verkosta \u2013 parhaat maailmanlaajuiset l\u00e4\u00e4kkeet\",\"isPartOf\":{\"@id\":\"https:\\\/\\\/medicinasinc.com\\\/fi\\\/#website\"},\"primaryImageOfPage\":{\"@id\":\"https:\\\/\\\/medicinasinc.com\\\/fi\\\/product\\\/osta-fentanyyli-jauhe\\\/#primaryimage\"},\"image\":{\"@id\":\"https:\\\/\\\/medicinasinc.com\\\/fi\\\/product\\\/osta-fentanyyli-jauhe\\\/#primaryimage\"},\"thumbnailUrl\":\"https:\\\/\\\/medicinasinc.com\\\/fi\\\/wp-content\\\/uploads\\\/sites\\\/12\\\/2022\\\/02\\\/Buy-Fentanyl-Powder-Online.jpg\",\"datePublished\":\"2022-02-22T00:33:03+00:00\",\"dateModified\":\"2022-03-22T00:56:37+00:00\",\"description\":\"Osta FENTANYLIJAUHE myyt\u00e4v\u00e4n\u00e4 UK, EU Europe Bestglobalmeds.com-verkkokaupassamme nopealla maailmanlaajuisella toimituksella! Paras FENTANYLI tilaukseen l\u00f6yd\u00e4t t\u00e4\u00e4lt\u00e4!\",\"breadcrumb\":{\"@id\":\"https:\\\/\\\/medicinasinc.com\\\/fi\\\/product\\\/osta-fentanyyli-jauhe\\\/#breadcrumb\"},\"inLanguage\":\"en-US\",\"potentialAction\":[{\"@type\":\"ReadAction\",\"target\":[\"https:\\\/\\\/medicinasinc.com\\\/fi\\\/product\\\/osta-fentanyyli-jauhe\\\/\"]}]},{\"@type\":\"ImageObject\",\"inLanguage\":\"en-US\",\"@id\":\"https:\\\/\\\/medicinasinc.com\\\/fi\\\/product\\\/osta-fentanyyli-jauhe\\\/#primaryimage\",\"url\":\"https:\\\/\\\/medicinasinc.com\\\/fi\\\/wp-content\\\/uploads\\\/sites\\\/12\\\/2022\\\/02\\\/Buy-Fentanyl-Powder-Online.jpg\",\"contentUrl\":\"https:\\\/\\\/medicinasinc.com\\\/fi\\\/wp-content\\\/uploads\\\/sites\\\/12\\\/2022\\\/02\\\/Buy-Fentanyl-Powder-Online.jpg\",\"width\":768,\"height\":768},{\"@type\":\"BreadcrumbList\",\"@id\":\"https:\\\/\\\/medicinasinc.com\\\/fi\\\/product\\\/osta-fentanyyli-jauhe\\\/#breadcrumb\",\"itemListElement\":[{\"@type\":\"ListItem\",\"position\":1,\"name\":\"Myym\u00e4l\u00e4\",\"item\":\"https:\\\/\\\/medicinasinc.com\\\/fi\\\/myymala\\\/\"},{\"@type\":\"ListItem\",\"position\":2,\"name\":\"Osta fentanyylijauhetta\"}]},{\"@type\":\"WebSite\",\"@id\":\"https:\\\/\\\/medicinasinc.com\\\/fi\\\/#website\",\"url\":\"https:\\\/\\\/medicinasinc.com\\\/fi\\\/\",\"name\":\"Medicinas Inc\",\"description\":\"Health Medical Clinic\",\"potentialAction\":[{\"@type\":\"SearchAction\",\"target\":{\"@type\":\"EntryPoint\",\"urlTemplate\":\"https:\\\/\\\/medicinasinc.com\\\/fi\\\/?s={search_term_string}\"},\"query-input\":{\"@type\":\"PropertyValueSpecification\",\"valueRequired\":true,\"valueName\":\"search_term_string\"}}],\"inLanguage\":\"en-US\"}]}<\/script>\n<!-- \/ Yoast SEO plugin. -->","yoast_head_json":{"title":"Osta fentanyylijauhetta verkosta \u2013 parhaat maailmanlaajuiset l\u00e4\u00e4kkeet","description":"Osta FENTANYLIJAUHE myyt\u00e4v\u00e4n\u00e4 UK, EU Europe Bestglobalmeds.com-verkkokaupassamme nopealla maailmanlaajuisella toimituksella! Paras FENTANYLI tilaukseen l\u00f6yd\u00e4t t\u00e4\u00e4lt\u00e4!","robots":{"index":"index","follow":"follow","max-snippet":"max-snippet:-1","max-image-preview":"max-image-preview:large","max-video-preview":"max-video-preview:-1"},"canonical":"https:\/\/medicinasinc.com\/fi\/product\/osta-fentanyyli-jauhe\/","og_locale":"en_US","og_type":"article","og_title":"Osta fentanyylijauhetta verkosta \u2013 parhaat maailmanlaajuiset l\u00e4\u00e4kkeet","og_description":"Osta FENTANYLIJAUHE myyt\u00e4v\u00e4n\u00e4 UK, EU Europe Bestglobalmeds.com-verkkokaupassamme nopealla maailmanlaajuisella toimituksella! Paras FENTANYLI tilaukseen l\u00f6yd\u00e4t t\u00e4\u00e4lt\u00e4!","og_url":"https:\/\/medicinasinc.com\/fi\/product\/osta-fentanyyli-jauhe\/","og_site_name":"Medicinas Inc","article_modified_time":"2022-03-22T00:56:37+00:00","og_image":[{"width":768,"height":768,"url":"https:\/\/medicinasinc.com\/fi\/wp-content\/uploads\/sites\/12\/2022\/02\/Buy-Fentanyl-Powder-Online.jpg","type":"image\/jpeg"}],"twitter_card":"summary_large_image","twitter_misc":{"Est. reading time":"2 minutes"},"schema":{"@context":"https:\/\/schema.org","@graph":[{"@type":"WebPage","@id":"https:\/\/medicinasinc.com\/fi\/product\/osta-fentanyyli-jauhe\/","url":"https:\/\/medicinasinc.com\/fi\/product\/osta-fentanyyli-jauhe\/","name":"Osta fentanyylijauhetta verkosta \u2013 parhaat maailmanlaajuiset l\u00e4\u00e4kkeet","isPartOf":{"@id":"https:\/\/medicinasinc.com\/fi\/#website"},"primaryImageOfPage":{"@id":"https:\/\/medicinasinc.com\/fi\/product\/osta-fentanyyli-jauhe\/#primaryimage"},"image":{"@id":"https:\/\/medicinasinc.com\/fi\/product\/osta-fentanyyli-jauhe\/#primaryimage"},"thumbnailUrl":"https:\/\/medicinasinc.com\/fi\/wp-content\/uploads\/sites\/12\/2022\/02\/Buy-Fentanyl-Powder-Online.jpg","datePublished":"2022-02-22T00:33:03+00:00","dateModified":"2022-03-22T00:56:37+00:00","description":"Osta FENTANYLIJAUHE myyt\u00e4v\u00e4n\u00e4 UK, EU Europe Bestglobalmeds.com-verkkokaupassamme nopealla maailmanlaajuisella toimituksella! Paras FENTANYLI tilaukseen l\u00f6yd\u00e4t t\u00e4\u00e4lt\u00e4!","breadcrumb":{"@id":"https:\/\/medicinasinc.com\/fi\/product\/osta-fentanyyli-jauhe\/#breadcrumb"},"inLanguage":"en-US","potentialAction":[{"@type":"ReadAction","target":["https:\/\/medicinasinc.com\/fi\/product\/osta-fentanyyli-jauhe\/"]}]},{"@type":"ImageObject","inLanguage":"en-US","@id":"https:\/\/medicinasinc.com\/fi\/product\/osta-fentanyyli-jauhe\/#primaryimage","url":"https:\/\/medicinasinc.com\/fi\/wp-content\/uploads\/sites\/12\/2022\/02\/Buy-Fentanyl-Powder-Online.jpg","contentUrl":"https:\/\/medicinasinc.com\/fi\/wp-content\/uploads\/sites\/12\/2022\/02\/Buy-Fentanyl-Powder-Online.jpg","width":768,"height":768},{"@type":"BreadcrumbList","@id":"https:\/\/medicinasinc.com\/fi\/product\/osta-fentanyyli-jauhe\/#breadcrumb","itemListElement":[{"@type":"ListItem","position":1,"name":"Myym\u00e4l\u00e4","item":"https:\/\/medicinasinc.com\/fi\/myymala\/"},{"@type":"ListItem","position":2,"name":"Osta fentanyylijauhetta"}]},{"@type":"WebSite","@id":"https:\/\/medicinasinc.com\/fi\/#website","url":"https:\/\/medicinasinc.com\/fi\/","name":"Medicinas Inc","description":"Health Medical Clinic","potentialAction":[{"@type":"SearchAction","target":{"@type":"EntryPoint","urlTemplate":"https:\/\/medicinasinc.com\/fi\/?s={search_term_string}"},"query-input":{"@type":"PropertyValueSpecification","valueRequired":true,"valueName":"search_term_string"}}],"inLanguage":"en-US"}]}},"_links":{"self":[{"href":"https:\/\/medicinasinc.com\/fi\/wp-json\/wp\/v2\/product\/5495","targetHints":{"allow":["GET"]}}],"collection":[{"href":"https:\/\/medicinasinc.com\/fi\/wp-json\/wp\/v2\/product"}],"about":[{"href":"https:\/\/medicinasinc.com\/fi\/wp-json\/wp\/v2\/types\/product"}],"replies":[{"embeddable":true,"href":"https:\/\/medicinasinc.com\/fi\/wp-json\/wp\/v2\/comments?post=5495"}],"wp:featuredmedia":[{"embeddable":true,"href":"https:\/\/medicinasinc.com\/fi\/wp-json\/wp\/v2\/media\/5505"}],"wp:attachment":[{"href":"https:\/\/medicinasinc.com\/fi\/wp-json\/wp\/v2\/media?parent=5495"}],"wp:term":[{"taxonomy":"product_brand","embeddable":true,"href":"https:\/\/medicinasinc.com\/fi\/wp-json\/wp\/v2\/product_brand?post=5495"},{"taxonomy":"product_cat","embeddable":true,"href":"https:\/\/medicinasinc.com\/fi\/wp-json\/wp\/v2\/product_cat?post=5495"},{"taxonomy":"product_tag","embeddable":true,"href":"https:\/\/medicinasinc.com\/fi\/wp-json\/wp\/v2\/product_tag?post=5495"}],"curies":[{"name":"wp","href":"https:\/\/api.w.org\/{rel}","templated":true}]}}