{"id":5494,"date":"2022-02-22T00:31:52","date_gmt":"2022-02-22T00:31:52","guid":{"rendered":"https:\/\/medicinasinc.com\/fi\/?post_type=product&#038;p=5494"},"modified":"2022-03-22T00:56:46","modified_gmt":"2022-03-22T00:56:46","slug":"osta-diklatsepaami-2-mg-pelletteja","status":"publish","type":"product","link":"https:\/\/medicinasinc.com\/fi\/product\/osta-diklatsepaami-2-mg-pelletteja\/","title":{"rendered":"Osta diklatsepaami 2 mg pellettej\u00e4"},"content":{"rendered":"<p><strong>MIST\u00c4 VOI SAADA DIKLATSEPAAMIA 2MG PELLETIT EU:SSA?<\/strong><\/p>\n<p>2 mg diklatsepaamia Euroopassa saattaa l\u00f6yty\u00e4 pellettien varastointilaitos. Bitcoinia voidaan k\u00e4ytt\u00e4\u00e4 2 mg:n diklatsepaamipellettien ostamiseen verkosta.<\/p>\n<p>Yksi \u200b\u200bviimeisimmist\u00e4 bentsodiatsepiineista, joita on saatavilla koek\u00e4ytt\u00f6\u00f6n, on diklatsepaami tai klooridiatsepaami. T\u00e4m\u00e4 aine on my\u00f6s diatsepaami ja dekloratsepaamin 1-metyylihomologi. Sen t\u00e4ydellinen kemiallinen nimi on 7-kloori-5-(2-kloorifenyyli)-1-metyyli-1,3-dihydro-2H-1,4-bentsodiatsepin-2-oni. Koska t\u00e4m\u00e4 molekyyli on niin uusi, tutkimukselle on monia mahdollisuuksia.<\/p>\n<p>T\u00e4m\u00e4n yhdisteen IUPAC-nimikkeist\u00f6 kuuluu seuraavasti: 7,5-kloori-5-(2-kloorifenyyli)-1-metyyli-1 ,3-dihydro-2H-1,4-bentsodiatsepin-2-oni<br \/> CAS-numero: 2894-68-0 0<br \/> Synonyymit: bentsodiatsepiiniklooridiatsepoksidi (2\u2032-klooridiatsepoksidi)<br \/> T\u00e4m\u00e4 on C16H12Cl2-N2O:n kemiallinen kaava<br \/> 95,8 prosenttia sen alkuper\u00e4isest\u00e4 muodosta.<br \/> Valkoiset pelletit ovat yleisin v\u00e4ri.<\/p>\n<p>Diclatsepam 2mg -pellettien ostaminen verkosta Bitcoinilla on helppoa.<\/p>\n<p>Diklatsepaami 2 mg -pellettien hinta<\/p>\n","protected":false},"excerpt":{"rendered":"<p>Osta diklatsepaamipelletti, halpa 2 mg diklatsepaamipelletti Myynniss\u00e4 Iso-Britannia, Eurooppa, Osta korkealaatuista diklatsepaamia Yhdistyneest\u00e4 kuningaskunnasta y\u00f6n yli, diklatsepaamin hinta.<\/p>\n<p>Osta diklatsepaamipellettej\u00e4, 2 mg, ilmainen toimitus Euroopan unioniin. Euroopan suurin diklatsepaami 2mg -pellettien j\u00e4lleenmyyj\u00e4. 2 mg diklatsepaamipellettej\u00e4 voi ostaa verkosta Bitcoinilla.<\/p>\n<p>Diklatsepaamia tarjoavat tyypillisesti verkossa &#8216;headshops&#8217; tai&#8217;tutkimuksen kemian&#8217; myyji\u00e4 valkoisina 1 mg:n pellettein\u00e4 ja harvemmin purppuraina 2 mg:n pellettein\u00e4.<\/p>\n<p>Osta diklatsepaamia 2 mg:n pellettej\u00e4 verkosta on puhekieless\u00e4 termi 7-kloori-5-1-metyyli-1 ,3-dihydro-2H-1,4-bentsodiatsepin-2-oni.<\/p>\n<p>Diklatsepaamipellettien 2mg verkkoosto. Diklatsepaami (tunnetaan my\u00f6s nimell\u00e4 klooridiatsepaami) on synteettinen bentsodiatsepiinien masennusl\u00e4\u00e4ke, joka otettuna vaikuttaa diatsepaamiin verrattavissa olevaan vaikutukseen, mukaan lukien ahdistuneisuuden tukahduttaminen, estoton, kouristuksia est\u00e4v\u00e4, hypnoottinen, lihaksia rentouttava ja muistinmenetys. [2<\/p>\n","protected":false},"featured_media":5503,"comment_status":"open","ping_status":"closed","template":"","meta":[],"product_brand":[],"product_cat":[1117],"product_tag":[2835,2837,2838,2834,2836],"class_list":{"0":"post-5494","1":"product","2":"type-product","3":"status-publish","4":"has-post-thumbnail","6":"product_cat-osta-kipu-uni-ja-seksipillereita","7":"product_tag-diklatsepaami-2-mg","8":"product_tag-laatu-diklatsepaami-2-mg","9":"product_tag-mist-ostaa-diklatsepaami-2-mg-pellettej","10":"product_tag-osta-diklatsepaami-2-mg-pellettej","11":"product_tag-tilaus-diklatsepaami-2-mg","13":"first","14":"instock","15":"shipping-taxable","16":"purchasable","17":"product-type-variable","18":"has-default-attributes"},"yoast_head":"<!-- This site is optimized with the Yoast SEO plugin v27.3 - https:\/\/yoast.com\/product\/yoast-seo-wordpress\/ -->\n<title>Osta diklatsepaami 2 mg pellettej\u00e4 - diklatsepaami myyt\u00e4v\u00e4n\u00e4 - parhaat maailmanlaajuiset l\u00e4\u00e4kkeet<\/title>\n<meta name=\"description\" content=\"Osta diklatsepaamipelletti, halpa 2 mg diklatsepaamipelletti Myyt\u00e4v\u00e4n\u00e4 Iso-Britannia, Eurooppa, Osta korkealaatuista diklatsepaamia Yhdistyneess\u00e4 kuningaskunnassa Y\u00f6n toimitus, diklatsepaamin hinta.\" \/>\n<meta name=\"robots\" content=\"index, follow, max-snippet:-1, max-image-preview:large, max-video-preview:-1\" \/>\n<link rel=\"canonical\" href=\"https:\/\/medicinasinc.com\/fi\/product\/osta-diklatsepaami-2-mg-pelletteja\/\" \/>\n<meta property=\"og:locale\" content=\"en_US\" \/>\n<meta property=\"og:type\" content=\"article\" \/>\n<meta property=\"og:title\" content=\"Osta diklatsepaami 2 mg pellettej\u00e4 - diklatsepaami myyt\u00e4v\u00e4n\u00e4 - parhaat maailmanlaajuiset l\u00e4\u00e4kkeet\" \/>\n<meta property=\"og:description\" content=\"Osta diklatsepaamipelletti, halpa 2 mg diklatsepaamipelletti Myyt\u00e4v\u00e4n\u00e4 Iso-Britannia, Eurooppa, Osta korkealaatuista diklatsepaamia Yhdistyneess\u00e4 kuningaskunnassa Y\u00f6n toimitus, diklatsepaamin hinta.\" \/>\n<meta property=\"og:url\" content=\"https:\/\/medicinasinc.com\/fi\/product\/osta-diklatsepaami-2-mg-pelletteja\/\" \/>\n<meta property=\"og:site_name\" content=\"Medicinas Inc\" \/>\n<meta property=\"article:modified_time\" content=\"2022-03-22T00:56:46+00:00\" \/>\n<meta property=\"og:image\" content=\"https:\/\/medicinasinc.com\/fi\/wp-content\/uploads\/sites\/12\/2022\/02\/Buy-Diclazepam-Pellets-2mg.jpg\" \/>\n\t<meta property=\"og:image:width\" content=\"566\" \/>\n\t<meta property=\"og:image:height\" content=\"462\" \/>\n\t<meta property=\"og:image:type\" content=\"image\/jpeg\" \/>\n<meta name=\"twitter:card\" content=\"summary_large_image\" \/>\n<meta name=\"twitter:label1\" content=\"Est. reading time\" \/>\n\t<meta name=\"twitter:data1\" content=\"1 minute\" \/>\n<script type=\"application\/ld+json\" class=\"yoast-schema-graph\">{\"@context\":\"https:\\\/\\\/schema.org\",\"@graph\":[{\"@type\":\"WebPage\",\"@id\":\"https:\\\/\\\/medicinasinc.com\\\/fi\\\/product\\\/osta-diklatsepaami-2-mg-pelletteja\\\/\",\"url\":\"https:\\\/\\\/medicinasinc.com\\\/fi\\\/product\\\/osta-diklatsepaami-2-mg-pelletteja\\\/\",\"name\":\"Osta diklatsepaami 2 mg pellettej\u00e4 - diklatsepaami myyt\u00e4v\u00e4n\u00e4 - parhaat maailmanlaajuiset l\u00e4\u00e4kkeet\",\"isPartOf\":{\"@id\":\"https:\\\/\\\/medicinasinc.com\\\/fi\\\/#website\"},\"primaryImageOfPage\":{\"@id\":\"https:\\\/\\\/medicinasinc.com\\\/fi\\\/product\\\/osta-diklatsepaami-2-mg-pelletteja\\\/#primaryimage\"},\"image\":{\"@id\":\"https:\\\/\\\/medicinasinc.com\\\/fi\\\/product\\\/osta-diklatsepaami-2-mg-pelletteja\\\/#primaryimage\"},\"thumbnailUrl\":\"https:\\\/\\\/medicinasinc.com\\\/fi\\\/wp-content\\\/uploads\\\/sites\\\/12\\\/2022\\\/02\\\/Buy-Diclazepam-Pellets-2mg.jpg\",\"datePublished\":\"2022-02-22T00:31:52+00:00\",\"dateModified\":\"2022-03-22T00:56:46+00:00\",\"description\":\"Osta diklatsepaamipelletti, halpa 2 mg diklatsepaamipelletti Myyt\u00e4v\u00e4n\u00e4 Iso-Britannia, Eurooppa, Osta korkealaatuista diklatsepaamia Yhdistyneess\u00e4 kuningaskunnassa Y\u00f6n toimitus, diklatsepaamin hinta.\",\"breadcrumb\":{\"@id\":\"https:\\\/\\\/medicinasinc.com\\\/fi\\\/product\\\/osta-diklatsepaami-2-mg-pelletteja\\\/#breadcrumb\"},\"inLanguage\":\"en-US\",\"potentialAction\":[{\"@type\":\"ReadAction\",\"target\":[\"https:\\\/\\\/medicinasinc.com\\\/fi\\\/product\\\/osta-diklatsepaami-2-mg-pelletteja\\\/\"]}]},{\"@type\":\"ImageObject\",\"inLanguage\":\"en-US\",\"@id\":\"https:\\\/\\\/medicinasinc.com\\\/fi\\\/product\\\/osta-diklatsepaami-2-mg-pelletteja\\\/#primaryimage\",\"url\":\"https:\\\/\\\/medicinasinc.com\\\/fi\\\/wp-content\\\/uploads\\\/sites\\\/12\\\/2022\\\/02\\\/Buy-Diclazepam-Pellets-2mg.jpg\",\"contentUrl\":\"https:\\\/\\\/medicinasinc.com\\\/fi\\\/wp-content\\\/uploads\\\/sites\\\/12\\\/2022\\\/02\\\/Buy-Diclazepam-Pellets-2mg.jpg\",\"width\":566,\"height\":462},{\"@type\":\"BreadcrumbList\",\"@id\":\"https:\\\/\\\/medicinasinc.com\\\/fi\\\/product\\\/osta-diklatsepaami-2-mg-pelletteja\\\/#breadcrumb\",\"itemListElement\":[{\"@type\":\"ListItem\",\"position\":1,\"name\":\"Myym\u00e4l\u00e4\",\"item\":\"https:\\\/\\\/medicinasinc.com\\\/fi\\\/myymala\\\/\"},{\"@type\":\"ListItem\",\"position\":2,\"name\":\"Osta diklatsepaami 2 mg pellettej\u00e4\"}]},{\"@type\":\"WebSite\",\"@id\":\"https:\\\/\\\/medicinasinc.com\\\/fi\\\/#website\",\"url\":\"https:\\\/\\\/medicinasinc.com\\\/fi\\\/\",\"name\":\"Medicinas Inc\",\"description\":\"Health Medical Clinic\",\"potentialAction\":[{\"@type\":\"SearchAction\",\"target\":{\"@type\":\"EntryPoint\",\"urlTemplate\":\"https:\\\/\\\/medicinasinc.com\\\/fi\\\/?s={search_term_string}\"},\"query-input\":{\"@type\":\"PropertyValueSpecification\",\"valueRequired\":true,\"valueName\":\"search_term_string\"}}],\"inLanguage\":\"en-US\"}]}<\/script>\n<!-- \/ Yoast SEO plugin. -->","yoast_head_json":{"title":"Osta diklatsepaami 2 mg pellettej\u00e4 - diklatsepaami myyt\u00e4v\u00e4n\u00e4 - parhaat maailmanlaajuiset l\u00e4\u00e4kkeet","description":"Osta diklatsepaamipelletti, halpa 2 mg diklatsepaamipelletti Myyt\u00e4v\u00e4n\u00e4 Iso-Britannia, Eurooppa, Osta korkealaatuista diklatsepaamia Yhdistyneess\u00e4 kuningaskunnassa Y\u00f6n toimitus, diklatsepaamin hinta.","robots":{"index":"index","follow":"follow","max-snippet":"max-snippet:-1","max-image-preview":"max-image-preview:large","max-video-preview":"max-video-preview:-1"},"canonical":"https:\/\/medicinasinc.com\/fi\/product\/osta-diklatsepaami-2-mg-pelletteja\/","og_locale":"en_US","og_type":"article","og_title":"Osta diklatsepaami 2 mg pellettej\u00e4 - diklatsepaami myyt\u00e4v\u00e4n\u00e4 - parhaat maailmanlaajuiset l\u00e4\u00e4kkeet","og_description":"Osta diklatsepaamipelletti, halpa 2 mg diklatsepaamipelletti Myyt\u00e4v\u00e4n\u00e4 Iso-Britannia, Eurooppa, Osta korkealaatuista diklatsepaamia Yhdistyneess\u00e4 kuningaskunnassa Y\u00f6n toimitus, diklatsepaamin hinta.","og_url":"https:\/\/medicinasinc.com\/fi\/product\/osta-diklatsepaami-2-mg-pelletteja\/","og_site_name":"Medicinas Inc","article_modified_time":"2022-03-22T00:56:46+00:00","og_image":[{"width":566,"height":462,"url":"https:\/\/medicinasinc.com\/fi\/wp-content\/uploads\/sites\/12\/2022\/02\/Buy-Diclazepam-Pellets-2mg.jpg","type":"image\/jpeg"}],"twitter_card":"summary_large_image","twitter_misc":{"Est. reading time":"1 minute"},"schema":{"@context":"https:\/\/schema.org","@graph":[{"@type":"WebPage","@id":"https:\/\/medicinasinc.com\/fi\/product\/osta-diklatsepaami-2-mg-pelletteja\/","url":"https:\/\/medicinasinc.com\/fi\/product\/osta-diklatsepaami-2-mg-pelletteja\/","name":"Osta diklatsepaami 2 mg pellettej\u00e4 - diklatsepaami myyt\u00e4v\u00e4n\u00e4 - parhaat maailmanlaajuiset l\u00e4\u00e4kkeet","isPartOf":{"@id":"https:\/\/medicinasinc.com\/fi\/#website"},"primaryImageOfPage":{"@id":"https:\/\/medicinasinc.com\/fi\/product\/osta-diklatsepaami-2-mg-pelletteja\/#primaryimage"},"image":{"@id":"https:\/\/medicinasinc.com\/fi\/product\/osta-diklatsepaami-2-mg-pelletteja\/#primaryimage"},"thumbnailUrl":"https:\/\/medicinasinc.com\/fi\/wp-content\/uploads\/sites\/12\/2022\/02\/Buy-Diclazepam-Pellets-2mg.jpg","datePublished":"2022-02-22T00:31:52+00:00","dateModified":"2022-03-22T00:56:46+00:00","description":"Osta diklatsepaamipelletti, halpa 2 mg diklatsepaamipelletti Myyt\u00e4v\u00e4n\u00e4 Iso-Britannia, Eurooppa, Osta korkealaatuista diklatsepaamia Yhdistyneess\u00e4 kuningaskunnassa Y\u00f6n toimitus, diklatsepaamin hinta.","breadcrumb":{"@id":"https:\/\/medicinasinc.com\/fi\/product\/osta-diklatsepaami-2-mg-pelletteja\/#breadcrumb"},"inLanguage":"en-US","potentialAction":[{"@type":"ReadAction","target":["https:\/\/medicinasinc.com\/fi\/product\/osta-diklatsepaami-2-mg-pelletteja\/"]}]},{"@type":"ImageObject","inLanguage":"en-US","@id":"https:\/\/medicinasinc.com\/fi\/product\/osta-diklatsepaami-2-mg-pelletteja\/#primaryimage","url":"https:\/\/medicinasinc.com\/fi\/wp-content\/uploads\/sites\/12\/2022\/02\/Buy-Diclazepam-Pellets-2mg.jpg","contentUrl":"https:\/\/medicinasinc.com\/fi\/wp-content\/uploads\/sites\/12\/2022\/02\/Buy-Diclazepam-Pellets-2mg.jpg","width":566,"height":462},{"@type":"BreadcrumbList","@id":"https:\/\/medicinasinc.com\/fi\/product\/osta-diklatsepaami-2-mg-pelletteja\/#breadcrumb","itemListElement":[{"@type":"ListItem","position":1,"name":"Myym\u00e4l\u00e4","item":"https:\/\/medicinasinc.com\/fi\/myymala\/"},{"@type":"ListItem","position":2,"name":"Osta diklatsepaami 2 mg pellettej\u00e4"}]},{"@type":"WebSite","@id":"https:\/\/medicinasinc.com\/fi\/#website","url":"https:\/\/medicinasinc.com\/fi\/","name":"Medicinas Inc","description":"Health Medical Clinic","potentialAction":[{"@type":"SearchAction","target":{"@type":"EntryPoint","urlTemplate":"https:\/\/medicinasinc.com\/fi\/?s={search_term_string}"},"query-input":{"@type":"PropertyValueSpecification","valueRequired":true,"valueName":"search_term_string"}}],"inLanguage":"en-US"}]}},"_links":{"self":[{"href":"https:\/\/medicinasinc.com\/fi\/wp-json\/wp\/v2\/product\/5494","targetHints":{"allow":["GET"]}}],"collection":[{"href":"https:\/\/medicinasinc.com\/fi\/wp-json\/wp\/v2\/product"}],"about":[{"href":"https:\/\/medicinasinc.com\/fi\/wp-json\/wp\/v2\/types\/product"}],"replies":[{"embeddable":true,"href":"https:\/\/medicinasinc.com\/fi\/wp-json\/wp\/v2\/comments?post=5494"}],"wp:featuredmedia":[{"embeddable":true,"href":"https:\/\/medicinasinc.com\/fi\/wp-json\/wp\/v2\/media\/5503"}],"wp:attachment":[{"href":"https:\/\/medicinasinc.com\/fi\/wp-json\/wp\/v2\/media?parent=5494"}],"wp:term":[{"taxonomy":"product_brand","embeddable":true,"href":"https:\/\/medicinasinc.com\/fi\/wp-json\/wp\/v2\/product_brand?post=5494"},{"taxonomy":"product_cat","embeddable":true,"href":"https:\/\/medicinasinc.com\/fi\/wp-json\/wp\/v2\/product_cat?post=5494"},{"taxonomy":"product_tag","embeddable":true,"href":"https:\/\/medicinasinc.com\/fi\/wp-json\/wp\/v2\/product_tag?post=5494"}],"curies":[{"name":"wp","href":"https:\/\/api.w.org\/{rel}","templated":true}]}}