{"id":5471,"date":"2022-02-22T00:08:30","date_gmt":"2022-02-22T00:08:30","guid":{"rendered":"https:\/\/medicinasinc.com\/fi\/?post_type=product&#038;p=5471"},"modified":"2022-03-22T00:57:02","modified_gmt":"2022-03-22T00:57:02","slug":"osta-kristalli-met-metamfetamiini","status":"publish","type":"product","link":"https:\/\/medicinasinc.com\/fi\/product\/osta-kristalli-met-metamfetamiini\/","title":{"rendered":"Osta Crystal Meth (metamfetamiini)"},"content":{"rendered":"<p><strong>Mist\u00e4 ostaa Crystal Meth &#8211; metamfetamiini<\/strong><\/p>\n<p>Haluat ostaa Crystal Meth, joka tunnetaan usein nimell\u00e4 jalokivimeth, on keskushermostoa stimuloiva l\u00e4\u00e4ke, jolla on merkitt\u00e4v\u00e4 vaikutus. yht\u00e4l\u00e4isyyksi\u00e4 amfetamiinien, maailman toiseksi suosituin laittomien l\u00e4\u00e4kkeiden luokka, maryjanen j\u00e4lkeen.<br \/> Kuten amfetamiini, se lis\u00e4\u00e4 aktiivisuutta, v\u00e4hent\u00e4\u00e4 ruokahalua ja lis\u00e4\u00e4 yleist\u00e4 hyvinvoinnin tunnetta.<\/p>\n<p>Siell\u00e4 on ovat muutamia tunnettuja Crystal Meth \u2013 metamfetamiinin farmaseuttisia k\u00e4ytt\u00f6j\u00e4, mukaan lukien narkolepsian hoito, s\u00e4\u00e4nn\u00f6llisen keskittymiskyvyn puute ja tilap\u00e4inen k\u00e4ytt\u00f6, kuten lihavuus; kuitenkin n\u00e4it\u00e4 l\u00e4\u00e4kinn\u00e4llisi\u00e4 k\u00e4ytt\u00f6j\u00e4 on rajoitettu.<\/p>\n<p>Crystal Meth, kuten kokaiini, voidaan polttaa. Chemical Inc. myy Crystal Meth &#8211; metamfetamiinia.<\/p>\n<p>Mit\u00e4 ominaisuuksia Crystal Methill\u00e4 \u2013 metamfetamiinilla on?<\/p>\n<p>Metamfetamiinia k\u00e4ytet\u00e4\u00e4n seuraavien sairauksien hoitoon:<\/p>\n<p>ADHD-narkolepsia<\/p>\n<p>L\u00e4\u00e4ketieteellisi\u00e4 sovelluksia on rajoitetusti.<\/p>\n<p>Crystal Meth \u2013 metamfetamiinia, kuten kokaiinia, voidaan polttaa.<\/p>\n<figure class=\"wp-caption alignleft\"><img loading=\"lazy\" decoding=\"async\" class=\" n3VNCb\" src=\"https:\/\/www.detoxplusuk.com\/wp-content\/uploads\/sites\/12\/2019\/01\/Crystal-meth-e1546508093797.png\" alt=\"Crystal Meth - metamfetamiini | Chemical Inc\" width=\"600\" height=\"351\" data-iml=\"71374\" \/><figcaption class=\"wp-caption-text\">Osta Crystal Meth bitcoineilla<\/figcaption><\/figure>\n<h2><strong>Mit\u00e4 ovat Metamfetamiinien ominaisuudet?<\/strong><\/h2>\n<p><span class=\"tagify__tag-text\">Crystal Meth \u2013 metamfetamiini<\/span>\u00a0on tarkoitettu seuraavien hoitoon:<\/p>\n<ul>\n<li> ADHD-narkolepsia<\/li>\n<li>Liikalihavuus N\u00e4in ollen se aiheuttaa toimintakyky\u00e4, n\u00e4l\u00e4n v\u00e4henemist\u00e4 ja yleist\u00e4 hyvinvoinnin tunnetta. Ylim\u00e4\u00e4r\u00e4isess\u00e4 k\u00e4yt\u00f6ss\u00e4 sill\u00e4 on asteittain tuhoisia vaikutuksia polttoaistij\u00e4rjestelm\u00e4\u00e4n.<\/li>\n<\/ul>\n<h2><\/h2>\n<h2><\/h2>\n<h2><strong>Mit\u00e4 ovat varotoimenpiteet\u00a0<\/strong>Crystal Meth<strong>?<\/strong><\/h2>\n<ul>\n<li>Jos uskot, ett\u00e4 olet osoittautunut raskaaksi k\u00e4ytt\u00e4ess\u00e4si l\u00e4\u00e4kett\u00e4, kerro asiasta v\u00e4litt\u00f6m\u00e4sti asiantuntijallesi, jotta strategisella et\u00e4isyydell\u00e4 vaikeuksista.<\/li>\n<li>Jos k\u00e4rsit syd\u00e4nsairauksista,<\/li>\n<\/ul>\n<h2><strong>Mit\u00e4 sivuvaikutuksia\u00a0<\/strong>Crystal Meth<strong> on? <\/strong><\/h2>\n<p>Metamfetamiinien ep\u00e4yst\u00e4v\u00e4lliset vaikutukset ovat:<\/p>\n<ul>\n<li>Pulssin nousu<\/li>\n<li>Kehon l\u00e4mp\u00f6tilan nousu<\/li>\n<li>Kohoaminen rentoutumisvauhdissa<\/li>\n<li>Laajentuneet opiskelijat<\/li>\n<li>Vapina Kiihtymisen tunteet<\/li>\n<li>Lis\u00e4stynyt ahdistuneisuus<\/li>\n<li>\u00c4rtyneisyys<\/li>\n<li>Paranoia<\/li>\n<li>V\u00e4kivaltainen ja pakeneva k\u00e4yt\u00f6s<\/li>\n<li>Tilap\u00e4inen hyperaktiivisuus Etsi asiantuntijaa terapeuttista harkintaa varten.<\/li>\n<\/ul>\n<h2><strong>Mit\u00e4 tapahtuu. n jos unohdat tai otat yliannostuksen\u00a0<\/strong>Crystal Meth<strong>?<\/strong><\/h2>\n<p>Metamfetamiiniannoksen ottaminen on kaikkea muuta kuin suuri koettelemus, mutta voit k\u00e4ytt\u00e4\u00e4 sen hetken kun muistat sen, Silti pit\u00e4isi pid\u00e4tt\u00e4yty\u00e4 tekem\u00e4st\u00e4 kaksinkertaisia \u200b\u200bmittauksia.<\/p>\n<p>&nbsp;<\/p>\n<p><span class=\"tagify__tag-text\">Metamfetamiinia<\/span> ehdotetaan pit\u00e4v\u00e4n keskell\u00e4, jos se yliannostetaan voi suoraan saada aitoja sairauksia, joten kriisiavun hakeminen asiantuntevilta hyvinvointiasiantuntijoilta on paras valinta. <span class=\"tagify__tag-text\"><a href=\"https:\/\/www.bestglobalmeds.com\/product\/research-chemicals\/buy-crystal-meth\/\">Tilaa Crystal Meth<\/a>\u00a0\u2013 metamfetamiini verkossa<\/span>\u00a0Chemical Inc:ss\u00e4<\/p>\n<h2><strong>Miten metamfetamiinia s\u00e4ilytet\u00e4\u00e4n?<\/strong><\/h2>\n<p>Lis\u00e4ksi, jos ei ole valoa ja l\u00e4mp\u00f6\u00e4, s\u00e4ilyt\u00e4 metamfetamiinit siell\u00e4 huoneenl\u00e4mm\u00f6ss\u00e4. \u00c4l\u00e4 my\u00f6sk\u00e4\u00e4n huuhtele t\u00e4t\u00e4 l\u00e4\u00e4kett\u00e4. Lapsesi ja lemmikkisi eiv\u00e4t saa yhdist\u00e4\u00e4 t\u00e4t\u00e4 l\u00e4\u00e4kett\u00e4 mill\u00e4\u00e4n tavalla.<\/p>\n<h2><strong>Mist\u00e4 ostaa\u00a0<\/strong>Crystal Meth\u00a0<strong>verkosta?<\/strong><\/h2>\n<p>Kuitenkin voit ostaa Crystal Meth \u2013 metamfetamiinia verkosta uskotuimmasta verkkokaupasta \u2013 Chemical Inc.<\/p>\n<p>Osta metamfetamiinia ilman l\u00e4\u00e4kett\u00e4, Metamfetamiinia voi ostaa verkosta, parhaassa tapauksessa hinta.<br \/> Osta paras mahdollinen hinta. l\u00e4\u00e4kkeet t\u00e4nne t\u00e4ss\u00e4 vaiheessa! <span class=\"tagify__tag-text\">Osta Crystal Meth verkosta<\/span><\/p>\n<h3><b>Meth-k\u00e4ytt\u00e4jien ei pit\u00e4isi odottaa hoitoon hakeutumista<\/b><\/h3>\n<p>Vaikka monet fyysiset oireet voidaan k\u00e4\u00e4nt\u00e4\u00e4 oikealla hoidolla, pitk\u00e4lle edenneet ik\u00e4\u00e4ntymisvaikutukset ja hampaiden reikiintyminen ovat vaikeasti korjattavissa ja vauriot usein pysyv\u00e4t.<\/p>\n<p>Lis\u00e4ksi metamfetamiinin k\u00e4ytt\u00f6 voi aiheuttaa psykoosia tai psykoottista k\u00e4ytt\u00e4ytymist\u00e4, jossa k\u00e4ytt\u00e4j\u00e4t menett\u00e4v\u00e4t kontaktin todellisuudessa ja kokea voimakkaita harhaluuloja, vainoharhaisuutta, hallusinaatioita ja pakkomielteist\u00e4 k\u00e4ytt\u00e4ytymist\u00e4, joka est\u00e4\u00e4 heit\u00e4 todella ymm\u00e4rt\u00e4m\u00e4st\u00e4 itselleen aiheuttamaansa vahinkoa.<\/p>\n<p>On v\u00e4ltt\u00e4m\u00e4t\u00f6nt\u00e4, ett\u00e4 addikti opastaa ja etsi apua v\u00e4litt\u00f6m\u00e4sti tai k\u00e4rsii niist\u00e4. fyysisi\u00e4 ja psyykkisi\u00e4 vaikutuksia ja muita yleisi\u00e4 oireita, kuten tuhoutuneita ihmissuhteita, taloudellista kurjuutta ja rikossyytteit\u00e4.<\/p>\n<p>Riippuvuus koskettaa l\u00e4hes jokaista perhett\u00e4, tuhoten fyysist\u00e4 ja henkist\u00e4 terveytt\u00e4, ihmissuhteita ja henkil\u00f6kohtaista taloutta. \u00c4idit, is\u00e4t, veljet, sisaret, tytt\u00e4ret ja pojat.<\/p>\n<p>Kukaan ei ole immuuni kovien huumeiden k\u00e4yt\u00f6n pelottavalta pitk\u00e4aikaiselta vaikutukselta.<br \/> Seuraavassa on j\u00e4rkytt\u00e4v\u00e4 kuvaus todellisista yksil\u00f6ist\u00e4.<\/p>\n<p>Oletko joutunut huumeiden \u2013 t\u00e4ss\u00e4 tapauksessa metamfetamiinin \u2013 kiusauksen uhriksi, ja sen tuhoisat vaikutukset ovat aivan ilmeisi\u00e4.<br \/> Jos sin\u00e4 tai l\u00e4heisesi k\u00e4rsii metamfetamiiniriippuvuudesta, tai Jos haluat lis\u00e4tietoja, tutustu seuraaviin verkkosivustoihin saadaksesi apua palautusavun saamiseksi.<\/p>\n","protected":false},"excerpt":{"rendered":"<div class=\"woocommerce-product-details__short-description\">\n<p>Osta Crystal Meth myyt\u00e4v\u00e4n\u00e4 Isossa-Britanniassa, EU:ssa, Euroopassa, Yhdysvalloissa ja Kiinassa sy\u00f6v\u00e4n hoitoon bestglobalmeds.com-sivuston avulla. Paras paikka, josta voit ostaa metamfetamiinia verkosta halvalla.<\/p>\n<p>Osta edullinen Crystal Meth verkosta Ilman resepti\u00e4 myymme Crystal Methi\u00e4 verkossa ja l\u00e4het\u00e4mme maailmanlaajuisesti 24\/48 tunnin sis\u00e4ll\u00e4. Tilaa nyt.<\/p>\n<p>Termi &#8220;kristallimet&#8221; viittaa kidemetamfetamiiniin, joka on voimakas ja eritt\u00e4in riippuvuutta aiheuttava piriste, joka vaikuttaa keskushermostoon.<\/p>\n<p>Voit nyt ostaa kidemetaania verkosta ja toimittaa sen seuraavana p\u00e4iv\u00e4n\u00e4. Uusin tai puhtain kidemetamfetamiinin muoto on l\u00e4hes puhdasta. Se on hajuton ja myrkyt\u00f6n.<\/p>\n<p>Meth\u0430m\u0440h\u0435t\u0430mn\u0435 Olen vahva keskushermoston stimulantti, jota k\u00e4ytin enimm\u00e4kseen uskomattoman huumeen ja myrkyllisen<\/i>hyvin<\/b>hyvin<\/p>\n","protected":false},"featured_media":5483,"comment_status":"open","ping_status":"closed","template":"","meta":[],"product_brand":[],"product_cat":[2014],"product_tag":[2816,2800,2802,2812,2806,2808,2809,2811,2810,2807,2831,2833,2832,2814,2815,2823,2818,2819,2820,2813,2821,2805,2803,2817,2822,2804,2801,2799,2824,2825,2826,2827,2828,2829,2830],"class_list":{"0":"post-5471","1":"product","2":"type-product","3":"status-publish","4":"has-post-thumbnail","6":"product_cat-osta-tutkimus-kemikaaleja","7":"product_tag-fr","8":"product_tag-bu-crystal-mth-nln","9":"product_tag-chr-d1-96-d1-95t-d1-96n-d0-b0","10":"product_tag-kristalli-m-toimitus","11":"product_tag-kristalli-mth-australia","12":"product_tag-kristalli-m-eurooppa","13":"product_tag-kristalli-m-myytvn","14":"product_tag-crystal-mth-reddit","15":"product_tag-kristalli-m-saksa","16":"product_tag-kristalli-m-efekti","17":"product_tag-rtl-met-h","18":"product_tag-rtl-mth-vndr-n-usa","19":"product_tag-rtl-mth-for-l-online","20":"product_tag-ck","21":"product_tag-dunk","22":"product_tag-n-dz","23":"product_tag-go-go-ju","24":"product_tag-gk","25":"product_tag-jt","26":"product_tag-kristalli-mth-uk","27":"product_tag-l-a-gl","28":"product_tag-leiri","29":"product_tag-chlk","30":"product_tag-mene-nopeasti","31":"product_tag-meth","32":"product_tag-ole-varovainen","33":"product_tag-bu-rtl-meth-on-deepweb","34":"product_tag-osta-crystal-med-in-australiaale-near-you","35":"product_tag-pk","36":"product_tag-raketti-polttoaine","37":"product_tag-sb-vlipaloja","38":"product_tag-viikko","39":"product_tag-d0-b0-d1-95h","40":"product_tag-rdr-crystal-mth-n-tr","41":"product_tag-rdr-rtl-mth-n-drknt","43":"first","44":"instock","45":"shipping-taxable","46":"purchasable","47":"product-type-variable","48":"has-default-attributes"},"yoast_head":"<!-- This site is optimized with the Yoast SEO plugin v27.3 - https:\/\/yoast.com\/product\/yoast-seo-wordpress\/ -->\n<title>Osta Crystal Meth (metamfetamiini) - parhaat maailmanlaajuiset l\u00e4\u00e4kkeet<\/title>\n<meta name=\"description\" content=\"Osta Crystal Meth myyt\u00e4v\u00e4n\u00e4 Isossa-Britanniassa, EU:ssa, Euroopassa, Yhdysvalloissa, Kiinassa sy\u00f6v\u00e4n hoitoon bestglobalmeds.com-sivuston avulla. Paras paikka, josta voit ostaa metamfetamiinia verkossa halvalla.\" \/>\n<meta name=\"robots\" content=\"index, follow, max-snippet:-1, max-image-preview:large, max-video-preview:-1\" \/>\n<link rel=\"canonical\" href=\"https:\/\/medicinasinc.com\/fi\/product\/osta-kristalli-met-metamfetamiini\/\" \/>\n<meta property=\"og:locale\" content=\"en_US\" \/>\n<meta property=\"og:type\" content=\"article\" \/>\n<meta property=\"og:title\" content=\"Osta Crystal Meth (metamfetamiini) - parhaat maailmanlaajuiset l\u00e4\u00e4kkeet\" \/>\n<meta property=\"og:description\" content=\"Osta Crystal Meth myyt\u00e4v\u00e4n\u00e4 Isossa-Britanniassa, EU:ssa, Euroopassa, Yhdysvalloissa, Kiinassa sy\u00f6v\u00e4n hoitoon bestglobalmeds.com-sivuston avulla. Paras paikka, josta voit ostaa metamfetamiinia verkossa halvalla.\" \/>\n<meta property=\"og:url\" content=\"https:\/\/medicinasinc.com\/fi\/product\/osta-kristalli-met-metamfetamiini\/\" \/>\n<meta property=\"og:site_name\" content=\"Medicinas Inc\" \/>\n<meta property=\"article:modified_time\" content=\"2022-03-22T00:57:02+00:00\" \/>\n<meta property=\"og:image\" content=\"https:\/\/medicinasinc.com\/fi\/wp-content\/uploads\/sites\/12\/2022\/02\/Buy-Crystal-Meth.jpg\" \/>\n\t<meta property=\"og:image:width\" content=\"1024\" \/>\n\t<meta property=\"og:image:height\" content=\"768\" \/>\n\t<meta property=\"og:image:type\" content=\"image\/jpeg\" \/>\n<meta name=\"twitter:card\" content=\"summary_large_image\" \/>\n<meta name=\"twitter:label1\" content=\"Est. reading time\" \/>\n\t<meta name=\"twitter:data1\" content=\"3 minutes\" \/>\n<script type=\"application\/ld+json\" class=\"yoast-schema-graph\">{\"@context\":\"https:\\\/\\\/schema.org\",\"@graph\":[{\"@type\":\"WebPage\",\"@id\":\"https:\\\/\\\/medicinasinc.com\\\/fi\\\/product\\\/osta-kristalli-met-metamfetamiini\\\/\",\"url\":\"https:\\\/\\\/medicinasinc.com\\\/fi\\\/product\\\/osta-kristalli-met-metamfetamiini\\\/\",\"name\":\"Osta Crystal Meth (metamfetamiini) - parhaat maailmanlaajuiset l\u00e4\u00e4kkeet\",\"isPartOf\":{\"@id\":\"https:\\\/\\\/medicinasinc.com\\\/fi\\\/#website\"},\"primaryImageOfPage\":{\"@id\":\"https:\\\/\\\/medicinasinc.com\\\/fi\\\/product\\\/osta-kristalli-met-metamfetamiini\\\/#primaryimage\"},\"image\":{\"@id\":\"https:\\\/\\\/medicinasinc.com\\\/fi\\\/product\\\/osta-kristalli-met-metamfetamiini\\\/#primaryimage\"},\"thumbnailUrl\":\"https:\\\/\\\/medicinasinc.com\\\/fi\\\/wp-content\\\/uploads\\\/sites\\\/12\\\/2022\\\/02\\\/Buy-Crystal-Meth.jpg\",\"datePublished\":\"2022-02-22T00:08:30+00:00\",\"dateModified\":\"2022-03-22T00:57:02+00:00\",\"description\":\"Osta Crystal Meth myyt\u00e4v\u00e4n\u00e4 Isossa-Britanniassa, EU:ssa, Euroopassa, Yhdysvalloissa, Kiinassa sy\u00f6v\u00e4n hoitoon bestglobalmeds.com-sivuston avulla. Paras paikka, josta voit ostaa metamfetamiinia verkossa halvalla.\",\"breadcrumb\":{\"@id\":\"https:\\\/\\\/medicinasinc.com\\\/fi\\\/product\\\/osta-kristalli-met-metamfetamiini\\\/#breadcrumb\"},\"inLanguage\":\"en-US\",\"potentialAction\":[{\"@type\":\"ReadAction\",\"target\":[\"https:\\\/\\\/medicinasinc.com\\\/fi\\\/product\\\/osta-kristalli-met-metamfetamiini\\\/\"]}]},{\"@type\":\"ImageObject\",\"inLanguage\":\"en-US\",\"@id\":\"https:\\\/\\\/medicinasinc.com\\\/fi\\\/product\\\/osta-kristalli-met-metamfetamiini\\\/#primaryimage\",\"url\":\"https:\\\/\\\/medicinasinc.com\\\/fi\\\/wp-content\\\/uploads\\\/sites\\\/12\\\/2022\\\/02\\\/Buy-Crystal-Meth.jpg\",\"contentUrl\":\"https:\\\/\\\/medicinasinc.com\\\/fi\\\/wp-content\\\/uploads\\\/sites\\\/12\\\/2022\\\/02\\\/Buy-Crystal-Meth.jpg\",\"width\":1024,\"height\":768},{\"@type\":\"BreadcrumbList\",\"@id\":\"https:\\\/\\\/medicinasinc.com\\\/fi\\\/product\\\/osta-kristalli-met-metamfetamiini\\\/#breadcrumb\",\"itemListElement\":[{\"@type\":\"ListItem\",\"position\":1,\"name\":\"Myym\u00e4l\u00e4\",\"item\":\"https:\\\/\\\/medicinasinc.com\\\/fi\\\/myymala\\\/\"},{\"@type\":\"ListItem\",\"position\":2,\"name\":\"Osta Crystal Meth (metamfetamiini)\"}]},{\"@type\":\"WebSite\",\"@id\":\"https:\\\/\\\/medicinasinc.com\\\/fi\\\/#website\",\"url\":\"https:\\\/\\\/medicinasinc.com\\\/fi\\\/\",\"name\":\"Medicinas Inc\",\"description\":\"Health Medical Clinic\",\"potentialAction\":[{\"@type\":\"SearchAction\",\"target\":{\"@type\":\"EntryPoint\",\"urlTemplate\":\"https:\\\/\\\/medicinasinc.com\\\/fi\\\/?s={search_term_string}\"},\"query-input\":{\"@type\":\"PropertyValueSpecification\",\"valueRequired\":true,\"valueName\":\"search_term_string\"}}],\"inLanguage\":\"en-US\"}]}<\/script>\n<!-- \/ Yoast SEO plugin. -->","yoast_head_json":{"title":"Osta Crystal Meth (metamfetamiini) - parhaat maailmanlaajuiset l\u00e4\u00e4kkeet","description":"Osta Crystal Meth myyt\u00e4v\u00e4n\u00e4 Isossa-Britanniassa, EU:ssa, Euroopassa, Yhdysvalloissa, Kiinassa sy\u00f6v\u00e4n hoitoon bestglobalmeds.com-sivuston avulla. Paras paikka, josta voit ostaa metamfetamiinia verkossa halvalla.","robots":{"index":"index","follow":"follow","max-snippet":"max-snippet:-1","max-image-preview":"max-image-preview:large","max-video-preview":"max-video-preview:-1"},"canonical":"https:\/\/medicinasinc.com\/fi\/product\/osta-kristalli-met-metamfetamiini\/","og_locale":"en_US","og_type":"article","og_title":"Osta Crystal Meth (metamfetamiini) - parhaat maailmanlaajuiset l\u00e4\u00e4kkeet","og_description":"Osta Crystal Meth myyt\u00e4v\u00e4n\u00e4 Isossa-Britanniassa, EU:ssa, Euroopassa, Yhdysvalloissa, Kiinassa sy\u00f6v\u00e4n hoitoon bestglobalmeds.com-sivuston avulla. Paras paikka, josta voit ostaa metamfetamiinia verkossa halvalla.","og_url":"https:\/\/medicinasinc.com\/fi\/product\/osta-kristalli-met-metamfetamiini\/","og_site_name":"Medicinas Inc","article_modified_time":"2022-03-22T00:57:02+00:00","og_image":[{"width":1024,"height":768,"url":"https:\/\/medicinasinc.com\/fi\/wp-content\/uploads\/sites\/12\/2022\/02\/Buy-Crystal-Meth.jpg","type":"image\/jpeg"}],"twitter_card":"summary_large_image","twitter_misc":{"Est. reading time":"3 minutes"},"schema":{"@context":"https:\/\/schema.org","@graph":[{"@type":"WebPage","@id":"https:\/\/medicinasinc.com\/fi\/product\/osta-kristalli-met-metamfetamiini\/","url":"https:\/\/medicinasinc.com\/fi\/product\/osta-kristalli-met-metamfetamiini\/","name":"Osta Crystal Meth (metamfetamiini) - parhaat maailmanlaajuiset l\u00e4\u00e4kkeet","isPartOf":{"@id":"https:\/\/medicinasinc.com\/fi\/#website"},"primaryImageOfPage":{"@id":"https:\/\/medicinasinc.com\/fi\/product\/osta-kristalli-met-metamfetamiini\/#primaryimage"},"image":{"@id":"https:\/\/medicinasinc.com\/fi\/product\/osta-kristalli-met-metamfetamiini\/#primaryimage"},"thumbnailUrl":"https:\/\/medicinasinc.com\/fi\/wp-content\/uploads\/sites\/12\/2022\/02\/Buy-Crystal-Meth.jpg","datePublished":"2022-02-22T00:08:30+00:00","dateModified":"2022-03-22T00:57:02+00:00","description":"Osta Crystal Meth myyt\u00e4v\u00e4n\u00e4 Isossa-Britanniassa, EU:ssa, Euroopassa, Yhdysvalloissa, Kiinassa sy\u00f6v\u00e4n hoitoon bestglobalmeds.com-sivuston avulla. Paras paikka, josta voit ostaa metamfetamiinia verkossa halvalla.","breadcrumb":{"@id":"https:\/\/medicinasinc.com\/fi\/product\/osta-kristalli-met-metamfetamiini\/#breadcrumb"},"inLanguage":"en-US","potentialAction":[{"@type":"ReadAction","target":["https:\/\/medicinasinc.com\/fi\/product\/osta-kristalli-met-metamfetamiini\/"]}]},{"@type":"ImageObject","inLanguage":"en-US","@id":"https:\/\/medicinasinc.com\/fi\/product\/osta-kristalli-met-metamfetamiini\/#primaryimage","url":"https:\/\/medicinasinc.com\/fi\/wp-content\/uploads\/sites\/12\/2022\/02\/Buy-Crystal-Meth.jpg","contentUrl":"https:\/\/medicinasinc.com\/fi\/wp-content\/uploads\/sites\/12\/2022\/02\/Buy-Crystal-Meth.jpg","width":1024,"height":768},{"@type":"BreadcrumbList","@id":"https:\/\/medicinasinc.com\/fi\/product\/osta-kristalli-met-metamfetamiini\/#breadcrumb","itemListElement":[{"@type":"ListItem","position":1,"name":"Myym\u00e4l\u00e4","item":"https:\/\/medicinasinc.com\/fi\/myymala\/"},{"@type":"ListItem","position":2,"name":"Osta Crystal Meth (metamfetamiini)"}]},{"@type":"WebSite","@id":"https:\/\/medicinasinc.com\/fi\/#website","url":"https:\/\/medicinasinc.com\/fi\/","name":"Medicinas Inc","description":"Health Medical Clinic","potentialAction":[{"@type":"SearchAction","target":{"@type":"EntryPoint","urlTemplate":"https:\/\/medicinasinc.com\/fi\/?s={search_term_string}"},"query-input":{"@type":"PropertyValueSpecification","valueRequired":true,"valueName":"search_term_string"}}],"inLanguage":"en-US"}]}},"_links":{"self":[{"href":"https:\/\/medicinasinc.com\/fi\/wp-json\/wp\/v2\/product\/5471","targetHints":{"allow":["GET"]}}],"collection":[{"href":"https:\/\/medicinasinc.com\/fi\/wp-json\/wp\/v2\/product"}],"about":[{"href":"https:\/\/medicinasinc.com\/fi\/wp-json\/wp\/v2\/types\/product"}],"replies":[{"embeddable":true,"href":"https:\/\/medicinasinc.com\/fi\/wp-json\/wp\/v2\/comments?post=5471"}],"wp:featuredmedia":[{"embeddable":true,"href":"https:\/\/medicinasinc.com\/fi\/wp-json\/wp\/v2\/media\/5483"}],"wp:attachment":[{"href":"https:\/\/medicinasinc.com\/fi\/wp-json\/wp\/v2\/media?parent=5471"}],"wp:term":[{"taxonomy":"product_brand","embeddable":true,"href":"https:\/\/medicinasinc.com\/fi\/wp-json\/wp\/v2\/product_brand?post=5471"},{"taxonomy":"product_cat","embeddable":true,"href":"https:\/\/medicinasinc.com\/fi\/wp-json\/wp\/v2\/product_cat?post=5471"},{"taxonomy":"product_tag","embeddable":true,"href":"https:\/\/medicinasinc.com\/fi\/wp-json\/wp\/v2\/product_tag?post=5471"}],"curies":[{"name":"wp","href":"https:\/\/api.w.org\/{rel}","templated":true}]}}