{"id":5470,"date":"2022-02-22T00:06:57","date_gmt":"2022-02-22T00:06:57","guid":{"rendered":"https:\/\/medicinasinc.com\/fi\/?post_type=product&#038;p=5470"},"modified":"2022-03-22T00:57:12","modified_gmt":"2022-03-22T00:57:12","slug":"osta-th-pvp-kristalli","status":"publish","type":"product","link":"https:\/\/medicinasinc.com\/fi\/product\/osta-th-pvp-kristalli\/","title":{"rendered":"Osta TH-PVP Crystal"},"content":{"rendered":"<p>Osta TH-PVP Crystal alennuksella verkosta.<\/p>\n<p>Osta TH-PVP Crystal alennuksella verkosta.<\/p>\n<p>Osta TH-PVP verkosta maailman arvostetuimmalta toimistokuljetusyritykselt\u00e4 .<\/p>\n<p>TH-PVP, kuten PVP, on virkist\u00e4j\u00e4. T\u00e4st\u00e4 kemikaalista tiedet\u00e4\u00e4n t\u00e4lt\u00e4 osin vain v\u00e4h\u00e4n, mik\u00e4 luo valtavan mahdollisuuden tutkimukselle.<\/p>\n<p>Olemme Kiinan paras TH-PVP:n toimittaja ja meit\u00e4 pidet\u00e4\u00e4n laajalti parhaana TH-PVP Reddit -j\u00e4lleenmyyj\u00e4n\u00e4. Jos etsit laillista TH-PVP:n alennusmyyj\u00e4\u00e4, \u00e4l\u00e4 mene pidemm\u00e4lle kuin me.<\/p>\n<p>OSTA TH-PVP VERKOSSA KAUPPAStamme<\/p>\n<p>Jos etsit TH:ta -PVP-kauppa verkossa, jonka avulla voit ostaa turvallisesti TH-PVP-helmi\u00e4, Classicarabians on paras vaihtoehto. K\u00e4yt\u00f6ss\u00e4mme on useita erilaisia \u200b\u200bsynteettisi\u00e4 tuotteita tutkimustarkoituksiin sek\u00e4 TH-PVP ja muut TH-PVP-vastineet. Tekniikkamme on melko selke\u00e4 ja mutkaton k\u00e4ytt\u00e4\u00e4 edistyneit\u00e4 merkint\u00f6j\u00e4 saadaksesi TH-PVP-jalokivi\u00e4 verkossa halvalla kiinalaisilta valmistajilta ja toimittajilta.<\/p>\n<p>Jos asut Yhdysvalloissa, Kanadassa, Isossa-Britanniassa, Australiassa tai Euroopassa ja tarvitset tuotteen kiireellisesti, tarjoamme maailmanlaajuisen toimituksen. T\u00e4st\u00e4 huolimatta kehotamme sinua tutustumaan TH-PVP:n k\u00e4ytt\u00f6\u00f6n ja oireisiin ennen pyynn\u00f6n tekemist\u00e4. Lis\u00e4ksi sinun tulee olla tietoinen tietyist\u00e4 todellisista seurauksista, jotka liittyv\u00e4t TH-PVP-helmien ostamiseen verkosta ilman parannuskeinoa osavaltiossasi. Classicarabians on TH-PVP:n suurin myyj\u00e4 verkossa, joten voit t\u00e4ydent\u00e4\u00e4 loogista tutkimustasi helpoimmin saatavilla olevilla ainemateriaaleilla. T\u00e4st\u00e4 huolimatta kehotamme sinua tutustumaan TH-PVP:n k\u00e4ytt\u00f6\u00f6n ja oireisiin ennen pyynn\u00f6n tekemist\u00e4. Lis\u00e4ksi sinun tulee olla tietoinen tietyist\u00e4 todellisista seurauksista, jotka liittyv\u00e4t TH-PVP-helmien ostamiseen verkosta ilman hoitoa omassa osavaltiossasi.<\/p>\n<p>Tarjoamme tavaroita suurimman m\u00e4\u00e4r\u00e4n ja laadun. Yrit\u00e4 olla hukkaamatta aikaasi. L\u00e4het\u00e4 pyynt\u00f6si nyt ja tuote toimitetaan kotiisi. Lis\u00e4ksi meill\u00e4 on kuolemant\u00e4htivaha.<\/p>\n","protected":false},"excerpt":{"rendered":"<div class=\"woocommerce-product-details__short-description\">\n<div class=\"char\">TEKNISET TIEDOT<\/div>\n<div class=\"specification\">\n<div class=\"sprow\"><span class=\"spname\">Tuotteen nimi:<\/span><span class=\"sptext\">TH-PVP<\/span><\/div>\n<div class=\"sprow\"><span class=\"spname\">IUPAC-nimi:<\/span> <span class=\"sptext\">2-(pyrrolidin-1-yyli)-1-(5,6,7,8-tetrahydronaftalen-2-yyli)pentan-1-oni<\/span><\/div>\n<div class=\"sprow\"><span class=\"spname\">Muut nimet:<\/span><span class=\"sptext\">TH-\u03b1-PVP<\/span><\/div>\n<div class=\"sprow\"> <span class=\"spname\">Cas-numero:<\/span><span class=\"sptext\">583123-2-1<\/span><\/div>\n<div class=\"sprow\"><span class=\"spname \">Molekyylikaava:<\/span><span class=\"sptext\">C19H27NO<\/span><\/div>\n<div class=\"sprow\"><span class=\"spname\">Vaikutus:<\/span><span class=\"sptext\">stimulantti, psykedeelinen<\/span><\/div>\n<div class=\"sprow\"><span class=\"spname\">Aineen puhtaus:<\/span><span class=\"sptext\"> 99,9 %<\/span><\/div>\n<div class=\"sprow\"><\/div>\n<\/p><\/div>\n<p><em>Osta<\/em>\u00a0laadukas\u00a0<em>TH pvp rivi<\/em>\u00a0tukkuhinnoilla Kiinan\u00a0<em>TH pvp<\/em>\u00a0toimittaja. &#8230; mist\u00e4 voit\u00a0<em>ostaa<\/em>\u00a0th-pvp\u00a0<em>crystal verkossa halvalla<\/em>\u00a0tukkumyynti\u00a0<em>hinnoilla<\/em><\/p>\n<p><em>Osta TH<\/em> &#8211;<em>PVP<\/em>\u00a0Rock\u00a0<em>Crystal<\/em> Approved Drug Suppliesilta parhaaseen hintaan osoitteessa Bestglobalmeds.com<\/p>\n<p>Osta TH-PVP Crystal halvimmalla hinnalla verkosta. Maailmanlaajuinen toimitus on taatusti turvallista kanssamme. th-pvp\u00a0arvostelu<\/p>\n<p>Mist\u00e4 ostaa edullisia TH-PVP-kiteit\u00e4?<\/p>\n<p>Kiteet myyt\u00e4v\u00e4n\u00e4 | Osta TH-PVP Crystal verkosta | Osta TH-PVP kristallijauhetta myyt\u00e4v\u00e4n\u00e4 | Osta halvalla TH-PVP Crystal jauhe | Mist\u00e4 ostaa TH-PVP Crystal -jauhetta verkosta | Aito TH-PVP Crystal verkossa.<\/p>\n<\/p><\/div>\n","protected":false},"featured_media":5481,"comment_status":"open","ping_status":"closed","template":"","meta":[],"product_brand":[],"product_cat":[2014],"product_tag":[2779,2780,2781,2798,2783,2784,2785,2778,2786,2782,2789,2790,2795,2796,2797,2787,2788,2792,2794,2791,2793],"class_list":{"0":"post-5470","1":"product","2":"type-product","3":"status-publish","4":"has-post-thumbnail","6":"product_cat-osta-tutkimus-kemikaaleja","7":"product_tag-buy-th-pvp-rock-crystal-online","8":"product_tag-buy-th-pvp-rock-crystal-stimulants","9":"product_tag-buy-th-pvp-rock-crystal-usa","10":"product_tag-mist-ostaa-th-pvp-rock-crystal","11":"product_tag-order-th-pvp-rock-crystal","12":"product_tag-order-th-pvp-rock-crystal-eu","13":"product_tag-order-th-pvp-rock-crystal-online","14":"product_tag-osta-th-pvp-rock-crystal","15":"product_tag-ostettu-th-pvp-rock-crystal","16":"product_tag-mail-th-pvp-rock-crystal","17":"product_tag-th-pvp-rock-crystal-for-sale","18":"product_tag-th-pvp-rock-crystal-for-sale-uk","19":"product_tag-th-pvp-rock-crystal-stimulants-for-sale","20":"product_tag-th-pvp-rock-crystal-supplier","21":"product_tag-th-pvp-rock-crystal-vendor","22":"product_tag-th-pvp-rock-crystal","23":"product_tag-th-pvp-rock-crystal-australia","24":"product_tag-th-pvp-rock-crystal-reddit","25":"product_tag-th-pvp-rock-crystal-stimulantit","26":"product_tag-th-pvp-rock-crystal-online","27":"product_tag-th-pvp-rock-crystal-review","29":"first","30":"instock","31":"shipping-taxable","32":"purchasable","33":"product-type-variable","34":"has-default-attributes"},"yoast_head":"<!-- This site is optimized with the Yoast SEO plugin v27.3 - https:\/\/yoast.com\/product\/yoast-seo-wordpress\/ -->\n<title>Osta halvalla TH-PVP Crystal verkosta \u2013 paras maailmanlaajuinen l\u00e4\u00e4ketiede<\/title>\n<meta name=\"description\" content=\"Osta halpoja TH-PVP-kristalleja verkosta. Aito TH-PVP Crystal verkossa \u2013 TH-PVP Crystal myyt\u00e4v\u00e4n\u00e4 | Osta TH-PVP Crystal verkosta | Osta TH-PVP Crystal jauhetta myyt\u00e4v\u00e4n\u00e4| Osta halvalla TH-PVP Crystal jauhe | Mist\u00e4 ostaa TH-PVP Crystal -jauhetta verkossa.\" \/>\n<meta name=\"robots\" content=\"index, follow, max-snippet:-1, max-image-preview:large, max-video-preview:-1\" \/>\n<link rel=\"canonical\" href=\"https:\/\/medicinasinc.com\/fi\/product\/osta-th-pvp-kristalli\/\" \/>\n<meta property=\"og:locale\" content=\"en_US\" \/>\n<meta property=\"og:type\" content=\"article\" \/>\n<meta property=\"og:title\" content=\"Osta halvalla TH-PVP Crystal verkosta \u2013 paras maailmanlaajuinen l\u00e4\u00e4ketiede\" \/>\n<meta property=\"og:description\" content=\"Osta halpoja TH-PVP-kristalleja verkosta. Aito TH-PVP Crystal verkossa \u2013 TH-PVP Crystal myyt\u00e4v\u00e4n\u00e4 | Osta TH-PVP Crystal verkosta | Osta TH-PVP Crystal jauhetta myyt\u00e4v\u00e4n\u00e4| Osta halvalla TH-PVP Crystal jauhe | Mist\u00e4 ostaa TH-PVP Crystal -jauhetta verkossa.\" \/>\n<meta property=\"og:url\" content=\"https:\/\/medicinasinc.com\/fi\/product\/osta-th-pvp-kristalli\/\" \/>\n<meta property=\"og:site_name\" content=\"Medicinas Inc\" \/>\n<meta property=\"article:modified_time\" content=\"2022-03-22T00:57:12+00:00\" \/>\n<meta property=\"og:image\" content=\"https:\/\/medicinasinc.com\/fi\/wp-content\/uploads\/sites\/12\/2022\/02\/buy-cheap-th-pvp-crystal-online.jpg\" \/>\n\t<meta property=\"og:image:width\" content=\"600\" \/>\n\t<meta property=\"og:image:height\" content=\"600\" \/>\n\t<meta property=\"og:image:type\" content=\"image\/jpeg\" \/>\n<meta name=\"twitter:card\" content=\"summary_large_image\" \/>\n<meta name=\"twitter:label1\" content=\"Est. reading time\" \/>\n\t<meta name=\"twitter:data1\" content=\"2 minutes\" \/>\n<script type=\"application\/ld+json\" class=\"yoast-schema-graph\">{\"@context\":\"https:\\\/\\\/schema.org\",\"@graph\":[{\"@type\":\"WebPage\",\"@id\":\"https:\\\/\\\/medicinasinc.com\\\/fi\\\/product\\\/osta-th-pvp-kristalli\\\/\",\"url\":\"https:\\\/\\\/medicinasinc.com\\\/fi\\\/product\\\/osta-th-pvp-kristalli\\\/\",\"name\":\"Osta halvalla TH-PVP Crystal verkosta \u2013 paras maailmanlaajuinen l\u00e4\u00e4ketiede\",\"isPartOf\":{\"@id\":\"https:\\\/\\\/medicinasinc.com\\\/fi\\\/#website\"},\"primaryImageOfPage\":{\"@id\":\"https:\\\/\\\/medicinasinc.com\\\/fi\\\/product\\\/osta-th-pvp-kristalli\\\/#primaryimage\"},\"image\":{\"@id\":\"https:\\\/\\\/medicinasinc.com\\\/fi\\\/product\\\/osta-th-pvp-kristalli\\\/#primaryimage\"},\"thumbnailUrl\":\"https:\\\/\\\/medicinasinc.com\\\/fi\\\/wp-content\\\/uploads\\\/sites\\\/12\\\/2022\\\/02\\\/buy-cheap-th-pvp-crystal-online.jpg\",\"datePublished\":\"2022-02-22T00:06:57+00:00\",\"dateModified\":\"2022-03-22T00:57:12+00:00\",\"description\":\"Osta halpoja TH-PVP-kristalleja verkosta. Aito TH-PVP Crystal verkossa \u2013 TH-PVP Crystal myyt\u00e4v\u00e4n\u00e4 | Osta TH-PVP Crystal verkosta | Osta TH-PVP Crystal jauhetta myyt\u00e4v\u00e4n\u00e4| Osta halvalla TH-PVP Crystal jauhe | Mist\u00e4 ostaa TH-PVP Crystal -jauhetta verkossa.\",\"breadcrumb\":{\"@id\":\"https:\\\/\\\/medicinasinc.com\\\/fi\\\/product\\\/osta-th-pvp-kristalli\\\/#breadcrumb\"},\"inLanguage\":\"en-US\",\"potentialAction\":[{\"@type\":\"ReadAction\",\"target\":[\"https:\\\/\\\/medicinasinc.com\\\/fi\\\/product\\\/osta-th-pvp-kristalli\\\/\"]}]},{\"@type\":\"ImageObject\",\"inLanguage\":\"en-US\",\"@id\":\"https:\\\/\\\/medicinasinc.com\\\/fi\\\/product\\\/osta-th-pvp-kristalli\\\/#primaryimage\",\"url\":\"https:\\\/\\\/medicinasinc.com\\\/fi\\\/wp-content\\\/uploads\\\/sites\\\/12\\\/2022\\\/02\\\/buy-cheap-th-pvp-crystal-online.jpg\",\"contentUrl\":\"https:\\\/\\\/medicinasinc.com\\\/fi\\\/wp-content\\\/uploads\\\/sites\\\/12\\\/2022\\\/02\\\/buy-cheap-th-pvp-crystal-online.jpg\",\"width\":600,\"height\":600},{\"@type\":\"BreadcrumbList\",\"@id\":\"https:\\\/\\\/medicinasinc.com\\\/fi\\\/product\\\/osta-th-pvp-kristalli\\\/#breadcrumb\",\"itemListElement\":[{\"@type\":\"ListItem\",\"position\":1,\"name\":\"Myym\u00e4l\u00e4\",\"item\":\"https:\\\/\\\/medicinasinc.com\\\/fi\\\/myymala\\\/\"},{\"@type\":\"ListItem\",\"position\":2,\"name\":\"Osta TH-PVP Crystal\"}]},{\"@type\":\"WebSite\",\"@id\":\"https:\\\/\\\/medicinasinc.com\\\/fi\\\/#website\",\"url\":\"https:\\\/\\\/medicinasinc.com\\\/fi\\\/\",\"name\":\"Medicinas Inc\",\"description\":\"Health Medical Clinic\",\"potentialAction\":[{\"@type\":\"SearchAction\",\"target\":{\"@type\":\"EntryPoint\",\"urlTemplate\":\"https:\\\/\\\/medicinasinc.com\\\/fi\\\/?s={search_term_string}\"},\"query-input\":{\"@type\":\"PropertyValueSpecification\",\"valueRequired\":true,\"valueName\":\"search_term_string\"}}],\"inLanguage\":\"en-US\"}]}<\/script>\n<!-- \/ Yoast SEO plugin. -->","yoast_head_json":{"title":"Osta halvalla TH-PVP Crystal verkosta \u2013 paras maailmanlaajuinen l\u00e4\u00e4ketiede","description":"Osta halpoja TH-PVP-kristalleja verkosta. Aito TH-PVP Crystal verkossa \u2013 TH-PVP Crystal myyt\u00e4v\u00e4n\u00e4 | Osta TH-PVP Crystal verkosta | Osta TH-PVP Crystal jauhetta myyt\u00e4v\u00e4n\u00e4| Osta halvalla TH-PVP Crystal jauhe | Mist\u00e4 ostaa TH-PVP Crystal -jauhetta verkossa.","robots":{"index":"index","follow":"follow","max-snippet":"max-snippet:-1","max-image-preview":"max-image-preview:large","max-video-preview":"max-video-preview:-1"},"canonical":"https:\/\/medicinasinc.com\/fi\/product\/osta-th-pvp-kristalli\/","og_locale":"en_US","og_type":"article","og_title":"Osta halvalla TH-PVP Crystal verkosta \u2013 paras maailmanlaajuinen l\u00e4\u00e4ketiede","og_description":"Osta halpoja TH-PVP-kristalleja verkosta. Aito TH-PVP Crystal verkossa \u2013 TH-PVP Crystal myyt\u00e4v\u00e4n\u00e4 | Osta TH-PVP Crystal verkosta | Osta TH-PVP Crystal jauhetta myyt\u00e4v\u00e4n\u00e4| Osta halvalla TH-PVP Crystal jauhe | Mist\u00e4 ostaa TH-PVP Crystal -jauhetta verkossa.","og_url":"https:\/\/medicinasinc.com\/fi\/product\/osta-th-pvp-kristalli\/","og_site_name":"Medicinas Inc","article_modified_time":"2022-03-22T00:57:12+00:00","og_image":[{"width":600,"height":600,"url":"https:\/\/medicinasinc.com\/fi\/wp-content\/uploads\/sites\/12\/2022\/02\/buy-cheap-th-pvp-crystal-online.jpg","type":"image\/jpeg"}],"twitter_card":"summary_large_image","twitter_misc":{"Est. reading time":"2 minutes"},"schema":{"@context":"https:\/\/schema.org","@graph":[{"@type":"WebPage","@id":"https:\/\/medicinasinc.com\/fi\/product\/osta-th-pvp-kristalli\/","url":"https:\/\/medicinasinc.com\/fi\/product\/osta-th-pvp-kristalli\/","name":"Osta halvalla TH-PVP Crystal verkosta \u2013 paras maailmanlaajuinen l\u00e4\u00e4ketiede","isPartOf":{"@id":"https:\/\/medicinasinc.com\/fi\/#website"},"primaryImageOfPage":{"@id":"https:\/\/medicinasinc.com\/fi\/product\/osta-th-pvp-kristalli\/#primaryimage"},"image":{"@id":"https:\/\/medicinasinc.com\/fi\/product\/osta-th-pvp-kristalli\/#primaryimage"},"thumbnailUrl":"https:\/\/medicinasinc.com\/fi\/wp-content\/uploads\/sites\/12\/2022\/02\/buy-cheap-th-pvp-crystal-online.jpg","datePublished":"2022-02-22T00:06:57+00:00","dateModified":"2022-03-22T00:57:12+00:00","description":"Osta halpoja TH-PVP-kristalleja verkosta. Aito TH-PVP Crystal verkossa \u2013 TH-PVP Crystal myyt\u00e4v\u00e4n\u00e4 | Osta TH-PVP Crystal verkosta | Osta TH-PVP Crystal jauhetta myyt\u00e4v\u00e4n\u00e4| Osta halvalla TH-PVP Crystal jauhe | Mist\u00e4 ostaa TH-PVP Crystal -jauhetta verkossa.","breadcrumb":{"@id":"https:\/\/medicinasinc.com\/fi\/product\/osta-th-pvp-kristalli\/#breadcrumb"},"inLanguage":"en-US","potentialAction":[{"@type":"ReadAction","target":["https:\/\/medicinasinc.com\/fi\/product\/osta-th-pvp-kristalli\/"]}]},{"@type":"ImageObject","inLanguage":"en-US","@id":"https:\/\/medicinasinc.com\/fi\/product\/osta-th-pvp-kristalli\/#primaryimage","url":"https:\/\/medicinasinc.com\/fi\/wp-content\/uploads\/sites\/12\/2022\/02\/buy-cheap-th-pvp-crystal-online.jpg","contentUrl":"https:\/\/medicinasinc.com\/fi\/wp-content\/uploads\/sites\/12\/2022\/02\/buy-cheap-th-pvp-crystal-online.jpg","width":600,"height":600},{"@type":"BreadcrumbList","@id":"https:\/\/medicinasinc.com\/fi\/product\/osta-th-pvp-kristalli\/#breadcrumb","itemListElement":[{"@type":"ListItem","position":1,"name":"Myym\u00e4l\u00e4","item":"https:\/\/medicinasinc.com\/fi\/myymala\/"},{"@type":"ListItem","position":2,"name":"Osta TH-PVP Crystal"}]},{"@type":"WebSite","@id":"https:\/\/medicinasinc.com\/fi\/#website","url":"https:\/\/medicinasinc.com\/fi\/","name":"Medicinas Inc","description":"Health Medical Clinic","potentialAction":[{"@type":"SearchAction","target":{"@type":"EntryPoint","urlTemplate":"https:\/\/medicinasinc.com\/fi\/?s={search_term_string}"},"query-input":{"@type":"PropertyValueSpecification","valueRequired":true,"valueName":"search_term_string"}}],"inLanguage":"en-US"}]}},"_links":{"self":[{"href":"https:\/\/medicinasinc.com\/fi\/wp-json\/wp\/v2\/product\/5470","targetHints":{"allow":["GET"]}}],"collection":[{"href":"https:\/\/medicinasinc.com\/fi\/wp-json\/wp\/v2\/product"}],"about":[{"href":"https:\/\/medicinasinc.com\/fi\/wp-json\/wp\/v2\/types\/product"}],"replies":[{"embeddable":true,"href":"https:\/\/medicinasinc.com\/fi\/wp-json\/wp\/v2\/comments?post=5470"}],"wp:featuredmedia":[{"embeddable":true,"href":"https:\/\/medicinasinc.com\/fi\/wp-json\/wp\/v2\/media\/5481"}],"wp:attachment":[{"href":"https:\/\/medicinasinc.com\/fi\/wp-json\/wp\/v2\/media?parent=5470"}],"wp:term":[{"taxonomy":"product_brand","embeddable":true,"href":"https:\/\/medicinasinc.com\/fi\/wp-json\/wp\/v2\/product_brand?post=5470"},{"taxonomy":"product_cat","embeddable":true,"href":"https:\/\/medicinasinc.com\/fi\/wp-json\/wp\/v2\/product_cat?post=5470"},{"taxonomy":"product_tag","embeddable":true,"href":"https:\/\/medicinasinc.com\/fi\/wp-json\/wp\/v2\/product_tag?post=5470"}],"curies":[{"name":"wp","href":"https:\/\/api.w.org\/{rel}","templated":true}]}}