{"id":5469,"date":"2022-02-22T00:05:12","date_gmt":"2022-02-22T00:05:12","guid":{"rendered":"https:\/\/medicinasinc.com\/fi\/?post_type=product&#038;p=5469"},"modified":"2022-03-22T00:57:27","modified_gmt":"2022-03-22T00:57:27","slug":"osta-klonatsolaami-jauhe","status":"publish","type":"product","link":"https:\/\/medicinasinc.com\/fi\/product\/osta-klonatsolaami-jauhe\/","title":{"rendered":"Osta klonatsolaamijauhe"},"content":{"rendered":"<h1 style=\"font-weight: 600\"><b><strong>Osta klonatsolaamijauhe\u00a0<\/strong><\/b><\/h1>\n<p style=\"font-weight: 400\">High Storen Euroopan johtava klonatsolaami Kemikaalien tukkutoimittaja<\/p>\n<h2 style=\"font-weight: 600\">CLONAZOLAM Powder EU -toimittaja, Iso-Britannia<\/h2>\n<ul style=\"font-weight: 400\">\n<li>J\u00e4ljitetty\u00a0 \u2013 j\u00e4ljitetty Vakuutettu tai normaali toimitus<\/li>\n<li>Pankkisiirto- tai bitcoin-maksutiedot kassalla .<\/li>\n<li>Toimitus maanantaista perjantaihin<\/li>\n<li><b><strong>Huomaa, ett\u00e4 korvaat vain tappiot 30 p\u00e4iv\u00e4n kuluttua 1 x ilmainen uudelleenl\u00e4hetys j\u00e4ljitetyll\u00e4 vakuutetulla palvelulla &#8211; valitettavasti ei poikkeuksia!<\/strong><\/b><\/li>\n<\/ul>\n<h3 style=\"font-weight: 600\"><\/h3>\n<h3 style=\"font-weight: 600\"><b><strong>klonatsolaamijauhe\u00a0<\/strong><\/b><\/h3>\n<ul style=\"font-weight: 400\">\n<li><b><a href=\"https:\/\/psychonautwiki.org\/wiki\/Sedation\">Rauhoittaminen<\/a><\/b>\u00a0\u2013 Klonatsolaami saattaa olla eritt\u00e4in rauhoittava ja johtaa usein ylivoimaisen letargiseen tilaan. Korkeammilla tasoilla t\u00e4m\u00e4 saa k\u00e4ytt\u00e4j\u00e4t yht\u00e4kki\u00e4 tuntemaan olevansa \u00e4\u00e4rimm\u00e4isen univaje eiv\u00e4tk\u00e4 ole nukkuneet p\u00e4iviin, jolloin heid\u00e4t on pakko istua alas ja yleens\u00e4 tuntuu, ett\u00e4 he ovat jatkuvasti py\u00f6rtymisen partaalla sen sijaan, ett\u00e4 he harjoittaisivat fyysist\u00e4 toimintaa. T\u00e4m\u00e4 unenpuutteen tunne kasvaa suhteessa annokseen ja tulee lopulta tarpeeksi voimakkaaksi pakottamaan ihmisen t\u00e4ydelliseen tajuttomuuteen.<\/li>\n<li><b><a href=\"https:\/\/psychonautwiki.org\/wiki\/Muscle_relaxation\"> Lihasten rentoutuminen<\/a><\/b>\u00a0\u2013 T\u00e4m\u00e4 vaikutus on erityisen voimakas verrattuna muihin bentsodiatsepiineihin, kuten\u00a0<a href=\"https:\/\/psychonautwiki.org\/wiki\/Alprazolam\">alpratsolaamiin<\/a>.<\/li>\n<li><b><a href=\"https:\/\/psychonautwiki.org\/wiki\/Motor_control_loss\">Moottorin ohjauksen katoaminen<\/a><\/b><\/li>\n<li><b><a href=\"https:\/\/psychonautwiki.org\/wiki\/Dizziness\">Puimaus<\/a><\/b><\/li>\n<li><b><a href=\"https:\/\/psychonautwiki.org\/wiki\/Increased_libido\">Libidon lis\u00e4\u00e4ntyminen<\/a><\/b><\/li>\n<li><b><a href=\"https:\/\/psychonautwiki.org\/wiki\/Respiratory_depression\">hengityslama<\/a><\/b><\/li>\n<\/ul>\n<p style=\"font-weight: 400\"><b><strong>klonatsolaami\u00a0<\/strong><\/b> kuuluu bentsodiatsepiinien luokkaan. Bentsodiatsepiinit sis\u00e4lt\u00e4v\u00e4t bentseenirenkaan, joka on fuusioitunut diatsepiinirenkaaseen, joka on seitsenj\u00e4seninen rengas, jossa on kaksi typpiaineosaa, jotka sijaitsevat kohdissa R1 ja R4. Klonatsolaamin bentsyylirengas on substituoitu kohdassa R8 nitroryhm\u00e4ll\u00e4 NO2-. Diatsepiinirengas on my\u00f6s sidottu R6:sta 2-klooratuun fenyylirenkaaseen.<\/p>\n<p style=\"font-weight: 400\"><a href=\"https:\/\/www.bestglobalmeds.com\/product\/ Research-chemicals\/buy-clonatsolaami-jauhe\/\">Klonatsolaami<\/a> sis\u00e4lt\u00e4\u00e4 1-metyloidun triatsolirenkaan, joka on fuusioitunut ja sis\u00e4lt\u00e4\u00e4 R1:n ja R2:n sen diatsepiinirenkaaseen. Klonatsolaami kuuluu bentsodiatsepiinien luokkaan, joka sis\u00e4lt\u00e4\u00e4 t\u00e4m\u00e4n fuusioituneen triatsolirenkaan, jota kutsutaan triatsolobentsodiatsepiineiksi ja joka erottuu p\u00e4\u00e4tteell\u00e4 -tsolaami. Muita nitrobentsodiatsepiineja ovat klonatsepaami ja flunitratsepaami.<\/p>\n<p style=\"font-weight: 400\">6-(2-kloorifenyyli)-1-metyyli-8-nitro-4H-s-triatsolo-(4,3- a)-(1,4)-bentsodiatsepiini<\/p>\n<p>T\u00e4t\u00e4 tuotetta myyd\u00e4\u00e4n vain tutkimustarkoituksiin, eik\u00e4 sit\u00e4 saa k\u00e4ytt\u00e4\u00e4 muihin tarkoituksiin, mukaan lukien, mutta ei rajoittuen, in vivo -diagnostiikkatarkoituksiin, elintarvikkeissa, l\u00e4\u00e4kkeiss\u00e4, l\u00e4\u00e4kelaitteissa ja\/tai ihmisille ja\/tai el\u00e4imille tarkoitetussa kosmetiikassa.<\/p>\n<p style=\"font-weight: 400\">Varmista ennen tilaamista, ett\u00e4 sinulla on asianmukaiset varusteet tutkimuskemikaaleja ja -aineita varten. ett\u00e4 ty\u00f6alueesi on hyvin ilmastoitu.<\/p>\n<p style=\"font-weight: 400\">Sinun tulee olla v\u00e4hint\u00e4\u00e4n 18-vuotias tilataksesi t\u00e4m\u00e4n tuotteen.<\/p>\n","protected":false},"excerpt":{"rendered":"<div class=\"woocommerce-product-details__short-description\">\n<p>Osta puhdasta korkealaatuista klonatsolaamijauhetta Europe, UK, EU verkossa Bitcoin &#8211; Osta laillisia l\u00e4\u00e4kkeit\u00e4 verkosta, osta klonatsolaamikemikaaleja, osta raakaa l\u00e4\u00e4kejauhetta.<\/p>\n<p>Bitcoinin avulla voit ostaa puhdasta, korkealaatuista klonatsolaamijauhetta verkosta. Voit ostaa laillisia l\u00e4\u00e4kkeit\u00e4, tutkimuskemikaaleja ja farmaseuttisia raakajauheita kaikkialta Internetist\u00e4.<\/p>\n<p>Osta klonatsolaamia v\u00e4hent\u00e4\u00e4ksesi ahdistustasi ja paniikkikohtauksiasi. Sill\u00e4 on positiivinen vaikutus henkiseen hyvinvointiisi.<\/p>\n<p>Mist\u00e4 saan klonatsolaamia Yhdysvalloissa? Klonatsolaamin myyj\u00e4, nopea toimitus, erinomainen laatu ja mahdollisuus v\u00e4ltt\u00e4\u00e4 tullit helposti<\/p>\n<p>Osta klonatsolaamijauhetta Internetist\u00e4. Klonatsolaami on rakenteellisesti identtinen klonatsepaamin kanssa, lukuun ottamatta 1,2,4-triatsolirengasta, joka on fuusioitu bentseenirenkaaseen. Mihin klonatsolaamia k\u00e4ytet\u00e4\u00e4n ja miten se auttaa ihmisi\u00e4? T\u00e4ll\u00e4 v\u00e4lin klonatsolaamia on saatavilla vain tutkimustarkoituksiin, ei ihmisravinnoksi.<\/p>\n<\/p><\/div>\n","protected":false},"featured_media":5479,"comment_status":"open","ping_status":"closed","template":"","meta":[],"product_brand":[],"product_cat":[2014],"product_tag":[2748,2750,2751,2752,2753,2755,2759,2760,2761,2762,2769,2770,2771,2767,2757,2758,2763,2764,2765,2766,2774,2775,2776,2777,2768,2772,2749,2756,2754,2773],"class_list":{"0":"post-5469","1":"product","2":"type-product","3":"status-publish","4":"has-post-thumbnail","6":"product_cat-osta-tutkimus-kemikaaleja","7":"product_tag-buy-cheap-clonazolam-powder-online","8":"product_tag-buy-clonazolam","9":"product_tag-buy-clonazolam-online","10":"product_tag-buy-clonazolam-powder","11":"product_tag-buy-clonazolam-powder-online","12":"product_tag-clonazolam","13":"product_tag-clonazolam-powder-education","14":"product_tag-clonazolam-powder-eu","15":"product_tag-clonazolam-powder-in-canada","16":"product_tag-clonazolam-powder-online","17":"product_tag-how-to-consume-clonazolam-powder","18":"product_tag-how-to-get-pure-clonazolam-powder-online","19":"product_tag-how-to-order-clonazolam-powder-online","20":"product_tag-kiteinen-klonatsolaami-jauhe","21":"product_tag-klonatsolaami-myynniss","22":"product_tag-klonatsolaami-jauhe","23":"product_tag-klonatsolaami-jauhe-hinta","24":"product_tag-klonatsolaami-hinta","25":"product_tag-klonatsolaamitutkimus","26":"product_tag-klonitratsolaami-jauhe-paras-hinta-verkossa","27":"product_tag-laatu-klonatsolaami-jauhe","28":"product_tag-mist-ostaa-klonatsolaamijauhetta","29":"product_tag-mist-ostaa-klonatsolaamijauhetta-verkosta","30":"product_tag-mist-ostaa-klonitratsolaamijauhetta-verkosta","31":"product_tag-eklonatsolaami-jauhe-myynniss","32":"product_tag-order-c-lam-trott-2019-powder","33":"product_tag-osta-klooni-simpukka-jauhe","34":"product_tag-klonatsolaami-osta","35":"product_tag-osta-puhdasta-klonatsolaamijauhetta-verkosta","36":"product_tag-puhdas-klonatsolaamijauhe","38":"first","39":"instock","40":"shipping-taxable","41":"purchasable","42":"product-type-variable","43":"has-default-attributes"},"yoast_head":"<!-- This site is optimized with the Yoast SEO plugin v27.3 - https:\/\/yoast.com\/product\/yoast-seo-wordpress\/ -->\n<title>Osta klonatsolaamijauhe - klonatsolaamijauhe - parhaat maailmanlaajuiset l\u00e4\u00e4kkeet<\/title>\n<meta name=\"description\" content=\"Osta puhdasta korkealaatuista klonatsolaamijauhetta Europe, UK, EU verkossa Bitcoinilla - Osta laillisia l\u00e4\u00e4kkeit\u00e4 verkosta, osta klonatsolaamikemikaaleja, osta raakaa l\u00e4\u00e4kejauhetta.\" \/>\n<meta name=\"robots\" content=\"index, follow, max-snippet:-1, max-image-preview:large, max-video-preview:-1\" \/>\n<link rel=\"canonical\" href=\"https:\/\/medicinasinc.com\/fi\/product\/osta-klonatsolaami-jauhe\/\" \/>\n<meta property=\"og:locale\" content=\"en_US\" \/>\n<meta property=\"og:type\" content=\"article\" \/>\n<meta property=\"og:title\" content=\"Osta klonatsolaamijauhe - klonatsolaamijauhe - parhaat maailmanlaajuiset l\u00e4\u00e4kkeet\" \/>\n<meta property=\"og:description\" content=\"Osta puhdasta korkealaatuista klonatsolaamijauhetta Europe, UK, EU verkossa Bitcoinilla - Osta laillisia l\u00e4\u00e4kkeit\u00e4 verkosta, osta klonatsolaamikemikaaleja, osta raakaa l\u00e4\u00e4kejauhetta.\" \/>\n<meta property=\"og:url\" content=\"https:\/\/medicinasinc.com\/fi\/product\/osta-klonatsolaami-jauhe\/\" \/>\n<meta property=\"og:site_name\" content=\"Medicinas Inc\" \/>\n<meta property=\"article:modified_time\" content=\"2022-03-22T00:57:27+00:00\" \/>\n<meta property=\"og:image\" content=\"https:\/\/medicinasinc.com\/fi\/wp-content\/uploads\/sites\/12\/2022\/02\/Buy-Clonazolam-Powder.jpeg\" \/>\n\t<meta property=\"og:image:width\" content=\"566\" \/>\n\t<meta property=\"og:image:height\" content=\"600\" \/>\n\t<meta property=\"og:image:type\" content=\"image\/jpeg\" \/>\n<meta name=\"twitter:card\" content=\"summary_large_image\" \/>\n<meta name=\"twitter:label1\" content=\"Est. reading time\" \/>\n\t<meta name=\"twitter:data1\" content=\"2 minutes\" \/>\n<script type=\"application\/ld+json\" class=\"yoast-schema-graph\">{\"@context\":\"https:\\\/\\\/schema.org\",\"@graph\":[{\"@type\":\"WebPage\",\"@id\":\"https:\\\/\\\/medicinasinc.com\\\/fi\\\/product\\\/osta-klonatsolaami-jauhe\\\/\",\"url\":\"https:\\\/\\\/medicinasinc.com\\\/fi\\\/product\\\/osta-klonatsolaami-jauhe\\\/\",\"name\":\"Osta klonatsolaamijauhe - klonatsolaamijauhe - parhaat maailmanlaajuiset l\u00e4\u00e4kkeet\",\"isPartOf\":{\"@id\":\"https:\\\/\\\/medicinasinc.com\\\/fi\\\/#website\"},\"primaryImageOfPage\":{\"@id\":\"https:\\\/\\\/medicinasinc.com\\\/fi\\\/product\\\/osta-klonatsolaami-jauhe\\\/#primaryimage\"},\"image\":{\"@id\":\"https:\\\/\\\/medicinasinc.com\\\/fi\\\/product\\\/osta-klonatsolaami-jauhe\\\/#primaryimage\"},\"thumbnailUrl\":\"https:\\\/\\\/medicinasinc.com\\\/fi\\\/wp-content\\\/uploads\\\/sites\\\/12\\\/2022\\\/02\\\/Buy-Clonazolam-Powder.jpeg\",\"datePublished\":\"2022-02-22T00:05:12+00:00\",\"dateModified\":\"2022-03-22T00:57:27+00:00\",\"description\":\"Osta puhdasta korkealaatuista klonatsolaamijauhetta Europe, UK, EU verkossa Bitcoinilla - Osta laillisia l\u00e4\u00e4kkeit\u00e4 verkosta, osta klonatsolaamikemikaaleja, osta raakaa l\u00e4\u00e4kejauhetta.\",\"breadcrumb\":{\"@id\":\"https:\\\/\\\/medicinasinc.com\\\/fi\\\/product\\\/osta-klonatsolaami-jauhe\\\/#breadcrumb\"},\"inLanguage\":\"en-US\",\"potentialAction\":[{\"@type\":\"ReadAction\",\"target\":[\"https:\\\/\\\/medicinasinc.com\\\/fi\\\/product\\\/osta-klonatsolaami-jauhe\\\/\"]}]},{\"@type\":\"ImageObject\",\"inLanguage\":\"en-US\",\"@id\":\"https:\\\/\\\/medicinasinc.com\\\/fi\\\/product\\\/osta-klonatsolaami-jauhe\\\/#primaryimage\",\"url\":\"https:\\\/\\\/medicinasinc.com\\\/fi\\\/wp-content\\\/uploads\\\/sites\\\/12\\\/2022\\\/02\\\/Buy-Clonazolam-Powder.jpeg\",\"contentUrl\":\"https:\\\/\\\/medicinasinc.com\\\/fi\\\/wp-content\\\/uploads\\\/sites\\\/12\\\/2022\\\/02\\\/Buy-Clonazolam-Powder.jpeg\",\"width\":566,\"height\":600},{\"@type\":\"BreadcrumbList\",\"@id\":\"https:\\\/\\\/medicinasinc.com\\\/fi\\\/product\\\/osta-klonatsolaami-jauhe\\\/#breadcrumb\",\"itemListElement\":[{\"@type\":\"ListItem\",\"position\":1,\"name\":\"Myym\u00e4l\u00e4\",\"item\":\"https:\\\/\\\/medicinasinc.com\\\/fi\\\/myymala\\\/\"},{\"@type\":\"ListItem\",\"position\":2,\"name\":\"Osta klonatsolaamijauhe\"}]},{\"@type\":\"WebSite\",\"@id\":\"https:\\\/\\\/medicinasinc.com\\\/fi\\\/#website\",\"url\":\"https:\\\/\\\/medicinasinc.com\\\/fi\\\/\",\"name\":\"Medicinas Inc\",\"description\":\"Health Medical Clinic\",\"potentialAction\":[{\"@type\":\"SearchAction\",\"target\":{\"@type\":\"EntryPoint\",\"urlTemplate\":\"https:\\\/\\\/medicinasinc.com\\\/fi\\\/?s={search_term_string}\"},\"query-input\":{\"@type\":\"PropertyValueSpecification\",\"valueRequired\":true,\"valueName\":\"search_term_string\"}}],\"inLanguage\":\"en-US\"}]}<\/script>\n<!-- \/ Yoast SEO plugin. -->","yoast_head_json":{"title":"Osta klonatsolaamijauhe - klonatsolaamijauhe - parhaat maailmanlaajuiset l\u00e4\u00e4kkeet","description":"Osta puhdasta korkealaatuista klonatsolaamijauhetta Europe, UK, EU verkossa Bitcoinilla - Osta laillisia l\u00e4\u00e4kkeit\u00e4 verkosta, osta klonatsolaamikemikaaleja, osta raakaa l\u00e4\u00e4kejauhetta.","robots":{"index":"index","follow":"follow","max-snippet":"max-snippet:-1","max-image-preview":"max-image-preview:large","max-video-preview":"max-video-preview:-1"},"canonical":"https:\/\/medicinasinc.com\/fi\/product\/osta-klonatsolaami-jauhe\/","og_locale":"en_US","og_type":"article","og_title":"Osta klonatsolaamijauhe - klonatsolaamijauhe - parhaat maailmanlaajuiset l\u00e4\u00e4kkeet","og_description":"Osta puhdasta korkealaatuista klonatsolaamijauhetta Europe, UK, EU verkossa Bitcoinilla - Osta laillisia l\u00e4\u00e4kkeit\u00e4 verkosta, osta klonatsolaamikemikaaleja, osta raakaa l\u00e4\u00e4kejauhetta.","og_url":"https:\/\/medicinasinc.com\/fi\/product\/osta-klonatsolaami-jauhe\/","og_site_name":"Medicinas Inc","article_modified_time":"2022-03-22T00:57:27+00:00","og_image":[{"width":566,"height":600,"url":"https:\/\/medicinasinc.com\/fi\/wp-content\/uploads\/sites\/12\/2022\/02\/Buy-Clonazolam-Powder.jpeg","type":"image\/jpeg"}],"twitter_card":"summary_large_image","twitter_misc":{"Est. reading time":"2 minutes"},"schema":{"@context":"https:\/\/schema.org","@graph":[{"@type":"WebPage","@id":"https:\/\/medicinasinc.com\/fi\/product\/osta-klonatsolaami-jauhe\/","url":"https:\/\/medicinasinc.com\/fi\/product\/osta-klonatsolaami-jauhe\/","name":"Osta klonatsolaamijauhe - klonatsolaamijauhe - parhaat maailmanlaajuiset l\u00e4\u00e4kkeet","isPartOf":{"@id":"https:\/\/medicinasinc.com\/fi\/#website"},"primaryImageOfPage":{"@id":"https:\/\/medicinasinc.com\/fi\/product\/osta-klonatsolaami-jauhe\/#primaryimage"},"image":{"@id":"https:\/\/medicinasinc.com\/fi\/product\/osta-klonatsolaami-jauhe\/#primaryimage"},"thumbnailUrl":"https:\/\/medicinasinc.com\/fi\/wp-content\/uploads\/sites\/12\/2022\/02\/Buy-Clonazolam-Powder.jpeg","datePublished":"2022-02-22T00:05:12+00:00","dateModified":"2022-03-22T00:57:27+00:00","description":"Osta puhdasta korkealaatuista klonatsolaamijauhetta Europe, UK, EU verkossa Bitcoinilla - Osta laillisia l\u00e4\u00e4kkeit\u00e4 verkosta, osta klonatsolaamikemikaaleja, osta raakaa l\u00e4\u00e4kejauhetta.","breadcrumb":{"@id":"https:\/\/medicinasinc.com\/fi\/product\/osta-klonatsolaami-jauhe\/#breadcrumb"},"inLanguage":"en-US","potentialAction":[{"@type":"ReadAction","target":["https:\/\/medicinasinc.com\/fi\/product\/osta-klonatsolaami-jauhe\/"]}]},{"@type":"ImageObject","inLanguage":"en-US","@id":"https:\/\/medicinasinc.com\/fi\/product\/osta-klonatsolaami-jauhe\/#primaryimage","url":"https:\/\/medicinasinc.com\/fi\/wp-content\/uploads\/sites\/12\/2022\/02\/Buy-Clonazolam-Powder.jpeg","contentUrl":"https:\/\/medicinasinc.com\/fi\/wp-content\/uploads\/sites\/12\/2022\/02\/Buy-Clonazolam-Powder.jpeg","width":566,"height":600},{"@type":"BreadcrumbList","@id":"https:\/\/medicinasinc.com\/fi\/product\/osta-klonatsolaami-jauhe\/#breadcrumb","itemListElement":[{"@type":"ListItem","position":1,"name":"Myym\u00e4l\u00e4","item":"https:\/\/medicinasinc.com\/fi\/myymala\/"},{"@type":"ListItem","position":2,"name":"Osta klonatsolaamijauhe"}]},{"@type":"WebSite","@id":"https:\/\/medicinasinc.com\/fi\/#website","url":"https:\/\/medicinasinc.com\/fi\/","name":"Medicinas Inc","description":"Health Medical Clinic","potentialAction":[{"@type":"SearchAction","target":{"@type":"EntryPoint","urlTemplate":"https:\/\/medicinasinc.com\/fi\/?s={search_term_string}"},"query-input":{"@type":"PropertyValueSpecification","valueRequired":true,"valueName":"search_term_string"}}],"inLanguage":"en-US"}]}},"_links":{"self":[{"href":"https:\/\/medicinasinc.com\/fi\/wp-json\/wp\/v2\/product\/5469","targetHints":{"allow":["GET"]}}],"collection":[{"href":"https:\/\/medicinasinc.com\/fi\/wp-json\/wp\/v2\/product"}],"about":[{"href":"https:\/\/medicinasinc.com\/fi\/wp-json\/wp\/v2\/types\/product"}],"replies":[{"embeddable":true,"href":"https:\/\/medicinasinc.com\/fi\/wp-json\/wp\/v2\/comments?post=5469"}],"wp:featuredmedia":[{"embeddable":true,"href":"https:\/\/medicinasinc.com\/fi\/wp-json\/wp\/v2\/media\/5479"}],"wp:attachment":[{"href":"https:\/\/medicinasinc.com\/fi\/wp-json\/wp\/v2\/media?parent=5469"}],"wp:term":[{"taxonomy":"product_brand","embeddable":true,"href":"https:\/\/medicinasinc.com\/fi\/wp-json\/wp\/v2\/product_brand?post=5469"},{"taxonomy":"product_cat","embeddable":true,"href":"https:\/\/medicinasinc.com\/fi\/wp-json\/wp\/v2\/product_cat?post=5469"},{"taxonomy":"product_tag","embeddable":true,"href":"https:\/\/medicinasinc.com\/fi\/wp-json\/wp\/v2\/product_tag?post=5469"}],"curies":[{"name":"wp","href":"https:\/\/api.w.org\/{rel}","templated":true}]}}