{"id":5468,"date":"2022-02-22T00:04:03","date_gmt":"2022-02-22T00:04:03","guid":{"rendered":"https:\/\/medicinasinc.com\/fi\/?post_type=product&#038;p=5468"},"modified":"2022-03-22T00:57:38","modified_gmt":"2022-03-22T00:57:38","slug":"osta-4-cl-pvp-kiteita","status":"publish","type":"product","link":"https:\/\/medicinasinc.com\/fi\/product\/osta-4-cl-pvp-kiteita\/","title":{"rendered":"Osta 4-CL-PVP kristalleja"},"content":{"rendered":"<p>Mit\u00e4 4-CL-PVP tarkalleen ottaen on?<\/p>\n<p>a-PVP:n kiteinen vastine on 4-CL-PVP. Se on klassinen stimulantti. 4-CL-PVP-tutkimukset tuottavat usein l\u00f6yd\u00f6ksi\u00e4 puheliasuudesta, lis\u00e4\u00e4ntyneest\u00e4 valppaudesta, lis\u00e4\u00e4ntyneest\u00e4 energiasta ja muista stimuloivista vaikutuksista. 4-CL-efektit PVP:t kest\u00e4v\u00e4t usein alle kolme tuntia. Lis\u00e4ksi aineen on raportoitu aiheuttavan lievist\u00e4 vaikeisiin euforisia vaikutuksia. Tutkijat, jotka etsiv\u00e4t korviketta a-PVP:lle, pit\u00e4v\u00e4t 4-CL-PVP:t\u00e4 hyv\u00e4ksytt\u00e4v\u00e4n\u00e4 korvikkeena. 4-CL-PVP on norepinefriinin ja dopamiinin takaisinoton est\u00e4j\u00e4. T\u00e4m\u00e4 seikka vaikuttaa merkitt\u00e4v\u00e4sti t\u00e4m\u00e4n kemikaalin stimuloiviin ominaisuuksiin.<\/p>\n<p>Mist\u00e4 voin ostaa 4-CL-PVP:t\u00e4?<\/p>\n<p>Chemical Planet myy eritt\u00e4in korkealaatuista 4-CL-PVP:t\u00e4. Tyypillisesti 4-CL-PVP toimitetaan kidemuodossa. Jos et n\u00e4e etsim\u00e4\u00e4si lomaketta, ota meihin yhteytt\u00e4 saadaksesi selville, milloin se on j\u00e4lleen saatavilla.<\/p>\n<p>Jos haluat ostaa 4-Cl-PVP:t\u00e4 Chemical Planetilta, sinun on oltava osoitteessa v\u00e4hint\u00e4\u00e4n 18 vuotta vanha ja t\u00e4ysin kaikkien paikallisten tutkimuskemiallisten lakien mukainen. Yhdistemme on tarkoitettu vain tutkimusk\u00e4ytt\u00f6\u00f6n, eiv\u00e4tk\u00e4 ne ole tarkoitettu ihmisten tai el\u00e4inten ravinnoksi.<\/p>\n<p>&nbsp;<\/p>\n<p>4-CL-PVP:n laillisuus<\/p>\n<p>Suurin osa maat ymp\u00e4ri maailmaa ovat pid\u00e4tt\u00e4ytyneet julistamasta 4-CL-PVP:t\u00e4 kielletyksi kemikaaliksi. T\u00e4m\u00e4 tarkoittaa, ett\u00e4 se on suunnittelematon useimmissa paikoissa. Jos tarvitset lis\u00e4tietoja 4-CL-PVP:n oikeudellisesta asemasta, ota yhteytt\u00e4 liittovaltion viranomaisiin.<\/p>\n<p>S\u00e4ilyt\u00e4 aina viile\u00e4ss\u00e4 ja kuivassa paikassa mahdollisimman pitk\u00e4n s\u00e4ilyvyysajan varmistamiseksi. T\u00e4m\u00e4 tuote on tarkoitettu yksinomaan oikeusl\u00e4\u00e4ketieteellisiin ja tutkimustarkoituksiin. Sellaisenaan sit\u00e4 EI ole tarkoitettu ihmisravinnoksi tai mink\u00e4\u00e4nlaisiin in vivo -kokeisiin el\u00e4imill\u00e4 tai muilla el\u00e4vill\u00e4 olennoilla.<\/p>\n","protected":false},"excerpt":{"rendered":"<p>4-CL-PVP-kiteet myynniss\u00e4 Isossa-Britanniassa, Euroopassa ja Euroopan unionissa. Osta 4-CL-PVP-kiteit\u00e4 verkosta parhaaseen hintaan ja ilmainen toimitus maailmanlaajuisesti.<\/p>\n<p>Myynniss\u00e4 on 4-CL-PVP-kiteit\u00e4.<\/p>\n<p>Osta 4-CL-PVP-kiteit\u00e4. verkossa parhaaseen hintaan ja ilmainen toimitus maailmanlaajuisesti.<\/p>\n<p>Osta 4-CL-PVP Crystals alennuksella verkosta.<\/p>\n<p>4-CL-PVP Crystal on uusi piriste ja vastine laajalti suositusta a-PVP:st\u00e4.<\/p>\n","protected":false},"featured_media":5477,"comment_status":"open","ping_status":"closed","template":"","meta":[],"product_brand":[],"product_cat":[2014],"product_tag":[2740,2741,2742,2743,2739,2746,2747,2738,2744,2745],"class_list":{"0":"post-5468","1":"product","2":"type-product","3":"status-publish","4":"has-post-thumbnail","6":"product_cat-osta-tutkimus-kemikaaleja","7":"product_tag-4-cl-pvp-europe","8":"product_tag-4-cl-pvp-for-sale","9":"product_tag-4-cl-pvp-order","10":"product_tag-4-cl-pvp-reddit","11":"product_tag-4-cl-pvp-efekti","12":"product_tag-buy-4-cl-pvp-crystals-online","13":"product_tag-mist-ostaa-4-cl-pvp-crystals-online","14":"product_tag-4-cl-pvp-kiteit-myynniss","15":"product_tag-osta-4-cl-pvp","16":"product_tag-osta-4-cl-pvp-crystal-online","18":"first","19":"instock","20":"shipping-taxable","21":"purchasable","22":"product-type-variable","23":"has-default-attributes"},"yoast_head":"<!-- This site is optimized with the Yoast SEO plugin v27.3 - https:\/\/yoast.com\/product\/yoast-seo-wordpress\/ -->\n<title>Osta 4-CL-PVP-kiteit\u00e4 - 4-CL-PVP-kiteit\u00e4 - parhaat maailmanlaajuiset l\u00e4\u00e4kkeet<\/title>\n<meta name=\"description\" content=\"Osta 4-CL-PVP-kiteit\u00e4 myyt\u00e4v\u00e4ksi Isossa-Britanniassa, Euroopassa, EU:ssa. Osta 4-CL-PVP-kiteit\u00e4\u00a0verkosta, laadukas ilmainen toimitus maailmanlaajuisesti saatavilla, kaikkien aikojen halvin, paras tilaushinta.\" \/>\n<meta name=\"robots\" content=\"index, follow, max-snippet:-1, max-image-preview:large, max-video-preview:-1\" \/>\n<link rel=\"canonical\" href=\"https:\/\/medicinasinc.com\/fi\/product\/osta-4-cl-pvp-kiteita\/\" \/>\n<meta property=\"og:locale\" content=\"en_US\" \/>\n<meta property=\"og:type\" content=\"article\" \/>\n<meta property=\"og:title\" content=\"Osta 4-CL-PVP-kiteit\u00e4 - 4-CL-PVP-kiteit\u00e4 - parhaat maailmanlaajuiset l\u00e4\u00e4kkeet\" \/>\n<meta property=\"og:description\" content=\"Osta 4-CL-PVP-kiteit\u00e4 myyt\u00e4v\u00e4ksi Isossa-Britanniassa, Euroopassa, EU:ssa. Osta 4-CL-PVP-kiteit\u00e4\u00a0verkosta, laadukas ilmainen toimitus maailmanlaajuisesti saatavilla, kaikkien aikojen halvin, paras tilaushinta.\" \/>\n<meta property=\"og:url\" content=\"https:\/\/medicinasinc.com\/fi\/product\/osta-4-cl-pvp-kiteita\/\" \/>\n<meta property=\"og:site_name\" content=\"Medicinas Inc\" \/>\n<meta property=\"article:modified_time\" content=\"2022-03-22T00:57:38+00:00\" \/>\n<meta property=\"og:image\" content=\"https:\/\/medicinasinc.com\/fi\/wp-content\/uploads\/sites\/12\/2022\/02\/Buy-4-CL-PVP-Crystals.jpg\" \/>\n\t<meta property=\"og:image:width\" content=\"275\" \/>\n\t<meta property=\"og:image:height\" content=\"183\" \/>\n\t<meta property=\"og:image:type\" content=\"image\/jpeg\" \/>\n<meta name=\"twitter:card\" content=\"summary_large_image\" \/>\n<meta name=\"twitter:label1\" content=\"Est. reading time\" \/>\n\t<meta name=\"twitter:data1\" content=\"2 minutes\" \/>\n<script type=\"application\/ld+json\" class=\"yoast-schema-graph\">{\"@context\":\"https:\\\/\\\/schema.org\",\"@graph\":[{\"@type\":\"WebPage\",\"@id\":\"https:\\\/\\\/medicinasinc.com\\\/fi\\\/product\\\/osta-4-cl-pvp-kiteita\\\/\",\"url\":\"https:\\\/\\\/medicinasinc.com\\\/fi\\\/product\\\/osta-4-cl-pvp-kiteita\\\/\",\"name\":\"Osta 4-CL-PVP-kiteit\u00e4 - 4-CL-PVP-kiteit\u00e4 - parhaat maailmanlaajuiset l\u00e4\u00e4kkeet\",\"isPartOf\":{\"@id\":\"https:\\\/\\\/medicinasinc.com\\\/fi\\\/#website\"},\"primaryImageOfPage\":{\"@id\":\"https:\\\/\\\/medicinasinc.com\\\/fi\\\/product\\\/osta-4-cl-pvp-kiteita\\\/#primaryimage\"},\"image\":{\"@id\":\"https:\\\/\\\/medicinasinc.com\\\/fi\\\/product\\\/osta-4-cl-pvp-kiteita\\\/#primaryimage\"},\"thumbnailUrl\":\"https:\\\/\\\/medicinasinc.com\\\/fi\\\/wp-content\\\/uploads\\\/sites\\\/12\\\/2022\\\/02\\\/Buy-4-CL-PVP-Crystals.jpg\",\"datePublished\":\"2022-02-22T00:04:03+00:00\",\"dateModified\":\"2022-03-22T00:57:38+00:00\",\"description\":\"Osta 4-CL-PVP-kiteit\u00e4 myyt\u00e4v\u00e4ksi Isossa-Britanniassa, Euroopassa, EU:ssa. Osta 4-CL-PVP-kiteit\u00e4\u00a0verkosta, laadukas ilmainen toimitus maailmanlaajuisesti saatavilla, kaikkien aikojen halvin, paras tilaushinta.\",\"breadcrumb\":{\"@id\":\"https:\\\/\\\/medicinasinc.com\\\/fi\\\/product\\\/osta-4-cl-pvp-kiteita\\\/#breadcrumb\"},\"inLanguage\":\"en-US\",\"potentialAction\":[{\"@type\":\"ReadAction\",\"target\":[\"https:\\\/\\\/medicinasinc.com\\\/fi\\\/product\\\/osta-4-cl-pvp-kiteita\\\/\"]}]},{\"@type\":\"ImageObject\",\"inLanguage\":\"en-US\",\"@id\":\"https:\\\/\\\/medicinasinc.com\\\/fi\\\/product\\\/osta-4-cl-pvp-kiteita\\\/#primaryimage\",\"url\":\"https:\\\/\\\/medicinasinc.com\\\/fi\\\/wp-content\\\/uploads\\\/sites\\\/12\\\/2022\\\/02\\\/Buy-4-CL-PVP-Crystals.jpg\",\"contentUrl\":\"https:\\\/\\\/medicinasinc.com\\\/fi\\\/wp-content\\\/uploads\\\/sites\\\/12\\\/2022\\\/02\\\/Buy-4-CL-PVP-Crystals.jpg\",\"width\":275,\"height\":183},{\"@type\":\"BreadcrumbList\",\"@id\":\"https:\\\/\\\/medicinasinc.com\\\/fi\\\/product\\\/osta-4-cl-pvp-kiteita\\\/#breadcrumb\",\"itemListElement\":[{\"@type\":\"ListItem\",\"position\":1,\"name\":\"Myym\u00e4l\u00e4\",\"item\":\"https:\\\/\\\/medicinasinc.com\\\/fi\\\/myymala\\\/\"},{\"@type\":\"ListItem\",\"position\":2,\"name\":\"Osta 4-CL-PVP kristalleja\"}]},{\"@type\":\"WebSite\",\"@id\":\"https:\\\/\\\/medicinasinc.com\\\/fi\\\/#website\",\"url\":\"https:\\\/\\\/medicinasinc.com\\\/fi\\\/\",\"name\":\"Medicinas Inc\",\"description\":\"Health Medical Clinic\",\"potentialAction\":[{\"@type\":\"SearchAction\",\"target\":{\"@type\":\"EntryPoint\",\"urlTemplate\":\"https:\\\/\\\/medicinasinc.com\\\/fi\\\/?s={search_term_string}\"},\"query-input\":{\"@type\":\"PropertyValueSpecification\",\"valueRequired\":true,\"valueName\":\"search_term_string\"}}],\"inLanguage\":\"en-US\"}]}<\/script>\n<!-- \/ Yoast SEO plugin. -->","yoast_head_json":{"title":"Osta 4-CL-PVP-kiteit\u00e4 - 4-CL-PVP-kiteit\u00e4 - parhaat maailmanlaajuiset l\u00e4\u00e4kkeet","description":"Osta 4-CL-PVP-kiteit\u00e4 myyt\u00e4v\u00e4ksi Isossa-Britanniassa, Euroopassa, EU:ssa. Osta 4-CL-PVP-kiteit\u00e4\u00a0verkosta, laadukas ilmainen toimitus maailmanlaajuisesti saatavilla, kaikkien aikojen halvin, paras tilaushinta.","robots":{"index":"index","follow":"follow","max-snippet":"max-snippet:-1","max-image-preview":"max-image-preview:large","max-video-preview":"max-video-preview:-1"},"canonical":"https:\/\/medicinasinc.com\/fi\/product\/osta-4-cl-pvp-kiteita\/","og_locale":"en_US","og_type":"article","og_title":"Osta 4-CL-PVP-kiteit\u00e4 - 4-CL-PVP-kiteit\u00e4 - parhaat maailmanlaajuiset l\u00e4\u00e4kkeet","og_description":"Osta 4-CL-PVP-kiteit\u00e4 myyt\u00e4v\u00e4ksi Isossa-Britanniassa, Euroopassa, EU:ssa. Osta 4-CL-PVP-kiteit\u00e4\u00a0verkosta, laadukas ilmainen toimitus maailmanlaajuisesti saatavilla, kaikkien aikojen halvin, paras tilaushinta.","og_url":"https:\/\/medicinasinc.com\/fi\/product\/osta-4-cl-pvp-kiteita\/","og_site_name":"Medicinas Inc","article_modified_time":"2022-03-22T00:57:38+00:00","og_image":[{"width":275,"height":183,"url":"https:\/\/medicinasinc.com\/fi\/wp-content\/uploads\/sites\/12\/2022\/02\/Buy-4-CL-PVP-Crystals.jpg","type":"image\/jpeg"}],"twitter_card":"summary_large_image","twitter_misc":{"Est. reading time":"2 minutes"},"schema":{"@context":"https:\/\/schema.org","@graph":[{"@type":"WebPage","@id":"https:\/\/medicinasinc.com\/fi\/product\/osta-4-cl-pvp-kiteita\/","url":"https:\/\/medicinasinc.com\/fi\/product\/osta-4-cl-pvp-kiteita\/","name":"Osta 4-CL-PVP-kiteit\u00e4 - 4-CL-PVP-kiteit\u00e4 - parhaat maailmanlaajuiset l\u00e4\u00e4kkeet","isPartOf":{"@id":"https:\/\/medicinasinc.com\/fi\/#website"},"primaryImageOfPage":{"@id":"https:\/\/medicinasinc.com\/fi\/product\/osta-4-cl-pvp-kiteita\/#primaryimage"},"image":{"@id":"https:\/\/medicinasinc.com\/fi\/product\/osta-4-cl-pvp-kiteita\/#primaryimage"},"thumbnailUrl":"https:\/\/medicinasinc.com\/fi\/wp-content\/uploads\/sites\/12\/2022\/02\/Buy-4-CL-PVP-Crystals.jpg","datePublished":"2022-02-22T00:04:03+00:00","dateModified":"2022-03-22T00:57:38+00:00","description":"Osta 4-CL-PVP-kiteit\u00e4 myyt\u00e4v\u00e4ksi Isossa-Britanniassa, Euroopassa, EU:ssa. Osta 4-CL-PVP-kiteit\u00e4\u00a0verkosta, laadukas ilmainen toimitus maailmanlaajuisesti saatavilla, kaikkien aikojen halvin, paras tilaushinta.","breadcrumb":{"@id":"https:\/\/medicinasinc.com\/fi\/product\/osta-4-cl-pvp-kiteita\/#breadcrumb"},"inLanguage":"en-US","potentialAction":[{"@type":"ReadAction","target":["https:\/\/medicinasinc.com\/fi\/product\/osta-4-cl-pvp-kiteita\/"]}]},{"@type":"ImageObject","inLanguage":"en-US","@id":"https:\/\/medicinasinc.com\/fi\/product\/osta-4-cl-pvp-kiteita\/#primaryimage","url":"https:\/\/medicinasinc.com\/fi\/wp-content\/uploads\/sites\/12\/2022\/02\/Buy-4-CL-PVP-Crystals.jpg","contentUrl":"https:\/\/medicinasinc.com\/fi\/wp-content\/uploads\/sites\/12\/2022\/02\/Buy-4-CL-PVP-Crystals.jpg","width":275,"height":183},{"@type":"BreadcrumbList","@id":"https:\/\/medicinasinc.com\/fi\/product\/osta-4-cl-pvp-kiteita\/#breadcrumb","itemListElement":[{"@type":"ListItem","position":1,"name":"Myym\u00e4l\u00e4","item":"https:\/\/medicinasinc.com\/fi\/myymala\/"},{"@type":"ListItem","position":2,"name":"Osta 4-CL-PVP kristalleja"}]},{"@type":"WebSite","@id":"https:\/\/medicinasinc.com\/fi\/#website","url":"https:\/\/medicinasinc.com\/fi\/","name":"Medicinas Inc","description":"Health Medical Clinic","potentialAction":[{"@type":"SearchAction","target":{"@type":"EntryPoint","urlTemplate":"https:\/\/medicinasinc.com\/fi\/?s={search_term_string}"},"query-input":{"@type":"PropertyValueSpecification","valueRequired":true,"valueName":"search_term_string"}}],"inLanguage":"en-US"}]}},"_links":{"self":[{"href":"https:\/\/medicinasinc.com\/fi\/wp-json\/wp\/v2\/product\/5468","targetHints":{"allow":["GET"]}}],"collection":[{"href":"https:\/\/medicinasinc.com\/fi\/wp-json\/wp\/v2\/product"}],"about":[{"href":"https:\/\/medicinasinc.com\/fi\/wp-json\/wp\/v2\/types\/product"}],"replies":[{"embeddable":true,"href":"https:\/\/medicinasinc.com\/fi\/wp-json\/wp\/v2\/comments?post=5468"}],"wp:featuredmedia":[{"embeddable":true,"href":"https:\/\/medicinasinc.com\/fi\/wp-json\/wp\/v2\/media\/5477"}],"wp:attachment":[{"href":"https:\/\/medicinasinc.com\/fi\/wp-json\/wp\/v2\/media?parent=5468"}],"wp:term":[{"taxonomy":"product_brand","embeddable":true,"href":"https:\/\/medicinasinc.com\/fi\/wp-json\/wp\/v2\/product_brand?post=5468"},{"taxonomy":"product_cat","embeddable":true,"href":"https:\/\/medicinasinc.com\/fi\/wp-json\/wp\/v2\/product_cat?post=5468"},{"taxonomy":"product_tag","embeddable":true,"href":"https:\/\/medicinasinc.com\/fi\/wp-json\/wp\/v2\/product_tag?post=5468"}],"curies":[{"name":"wp","href":"https:\/\/api.w.org\/{rel}","templated":true}]}}