{"id":5443,"date":"2022-02-21T23:37:16","date_gmt":"2022-02-21T23:37:16","guid":{"rendered":"https:\/\/medicinasinc.com\/fi\/?post_type=product&#038;p=5443"},"modified":"2022-03-22T00:57:51","modified_gmt":"2022-03-22T00:57:51","slug":"osta-bufedroni-jauhe","status":"publish","type":"product","link":"https:\/\/medicinasinc.com\/fi\/product\/osta-bufedroni-jauhe\/","title":{"rendered":"Osta Buphedrone-jauhe"},"content":{"rendered":"<p>Osta Buphedrone-jauhetta<\/p>\n<p>Selaa verkossa Osta Buphedrone -jauhetta tai -kideluetteloa. Tarjoamme korkealaatuisia tuotteita kohtuulliseen hintaan. Tilaukset, joiden &#8220;v\u00e4lisumma&#8221; on v\u00e4hint\u00e4\u00e4n 10 g, saavat 25 % alennuksen.<\/p>\n<p>Mik\u00e4 oikein on Buphedrone?<br \/> T\u00e4m\u00e4 tunnettu tutkimuskemikaali on fenetyyliamiini- ja katinonikemiallisten luokkien stimulantti. Bufedroni on beeta-ketoni, joka on sukua luonnossa esiintyville yhdisteille katinonille ja katiinille. Se tunnetaan my\u00f6s nimell\u00e4 -metyyliaminobutyrofenoni tai fenyyliasetoetyylimetyyliamiini.<\/p>\n<p>Bufedronijauhe\/Osta bufedronijauhe<\/p>\n<p>Bufedronijauhe<\/p>\n<p>Se liittyy my\u00f6s metamfetamiiniin, -ketonisubstituentilla (beeta-hiiless\u00e4) ja etyyliryhm\u00e4ll\u00e4, joka korvaa metyyliryhm\u00e4n amiinin hiilen alfassa. Sen vaikutuksia koehenkil\u00f6ihin on verrattu metamfetamiinin vaikutuksiin, ja tutkimuksissa on havaittu enemm\u00e4n euforiaa ja v\u00e4hemm\u00e4n fyysist\u00e4 stimulaatiota. Se lis\u00e4\u00e4 dopamiinin vapautumista aivojen dopaminergisist\u00e4 hermop\u00e4\u00e4tteist\u00e4.<\/p>\n<p>Jauhemainen bufedroni<\/p>\n<p>Katinonikorvikkeet, kuten etkatinoni, ovat psykoaktiivisia yhdisteit\u00e4, joita k\u00e4ytet\u00e4\u00e4n yleisesti huumeina.<\/p>\n<p>Joillakin niist\u00e4 on amfetamiinin kaltaisia \u200b\u200bvaikutuksia.<\/p>\n<p>3 Bufedroni (hydrokloridi) on substituoitu katinoni, jonka alfa-asemassa on etyyliryhm\u00e4 ja N-p\u00e4\u00e4ss\u00e4 metyyliryhm\u00e4. T\u00e4t\u00e4 yhdistett\u00e4 on l\u00f6ydetty stimulantteihin liittyvist\u00e4 tuotteista. 2 Sen biologisia ja toksikologisia ominaisuuksia ei ole viel\u00e4 m\u00e4\u00e4ritetty. T\u00e4m\u00e4 tuote on tarkoitettu rikostekniseen k\u00e4ytt\u00f6\u00f6n.<\/p>\n","protected":false},"excerpt":{"rendered":"<div class=\"woocommerce-product-details__short-description\">\n<p><em>Osta<\/em>\u00a0puhdasta korkealaatuista\u00a0<em>Buphedrone Powder<\/em>\u00a0verkosta Bitcoin &#8211; <em>Osta<\/em>\u00a0laillisia l\u00e4\u00e4kkeit\u00e4 verkosta,\u00a0<em>osta<\/em>\u00a0tutkimuskemikaaleja,\u00a0<em>osta<\/em>\u00a0raakoja l\u00e4\u00e4kkeit\u00e4\u00a0<em>jauheita<\/em>.<\/p>\n<p>Osta Buphedrone Powder USA:ssa Bulkkihankinta Bufedroni, joka tunnetaan my\u00f6s nimell\u00e4 MABP, on fenetyyliamiini- ja katinoniluokan stimulantti.<\/p>\n<p>Osta bufedronijauhe verkosta.<\/p>\n<p>Bufedroni, joka tunnetaan my\u00f6s nimell\u00e4 -metyyliamino -butyrofenoni (MABP) on fenetyyliamiini- ja katinonistimulantti, joka syntetisoitiin ensimm\u00e4isen kerran vuonna 1928.<\/p>\n<\/p><\/div>\n","protected":false},"featured_media":5455,"comment_status":"open","ping_status":"closed","template":"","meta":[],"product_brand":[],"product_cat":[2014],"product_tag":[2726,2728,2729,2732,2730,2733,2731,2727,2736,2737,2735,2734],"class_list":{"0":"post-5443","1":"product","2":"type-product","3":"status-publish","4":"has-post-thumbnail","6":"product_cat-osta-tutkimus-kemikaaleja","7":"product_tag-bufedroni-jauhe","8":"product_tag-bufedroni-jauhe-eurooppa","9":"product_tag-bufedroni-jauhe-myynniss","10":"product_tag-buphedrone-powder-reddit","11":"product_tag-bufedroni-jauhe-saksa","12":"product_tag-bufedroni-jauhe-uk","13":"product_tag-buphedrone-powder-italy","14":"product_tag-bufedroni-jauhe-vaikutus","15":"product_tag-laatu-bufedroni-jauhe","16":"product_tag-mist-ostaa-bufedronijauhetta","17":"product_tag-order-buphedrone-powder","18":"product_tag-osta-bufedroni-jauhe","20":"first","21":"instock","22":"shipping-taxable","23":"purchasable","24":"product-type-variable"},"yoast_head":"<!-- This site is optimized with the Yoast SEO plugin v27.3 - https:\/\/yoast.com\/product\/yoast-seo-wordpress\/ -->\n<title>Osta Buphedrone-jauhe - Buphedrone-jauhe - Best Global Meds<\/title>\n<meta name=\"description\" content=\"Osta Buphedrone-jauhe Myyt\u00e4v\u00e4n\u00e4 Iso-Britannia, EU, Eurooppa (\u03b1-metyyliaminobutyrofenoni tai MABP) 99,9 %:n puhtaudella olevaa kristallia ja jauhetta verkosta suojatulla tavalla.\" \/>\n<meta name=\"robots\" content=\"index, follow, max-snippet:-1, max-image-preview:large, max-video-preview:-1\" \/>\n<link rel=\"canonical\" href=\"https:\/\/medicinasinc.com\/fi\/product\/osta-bufedroni-jauhe\/\" \/>\n<meta property=\"og:locale\" content=\"en_US\" \/>\n<meta property=\"og:type\" content=\"article\" \/>\n<meta property=\"og:title\" content=\"Osta Buphedrone-jauhe - Buphedrone-jauhe - Best Global Meds\" \/>\n<meta property=\"og:description\" content=\"Osta Buphedrone-jauhe Myyt\u00e4v\u00e4n\u00e4 Iso-Britannia, EU, Eurooppa (\u03b1-metyyliaminobutyrofenoni tai MABP) 99,9 %:n puhtaudella olevaa kristallia ja jauhetta verkosta suojatulla tavalla.\" \/>\n<meta property=\"og:url\" content=\"https:\/\/medicinasinc.com\/fi\/product\/osta-bufedroni-jauhe\/\" \/>\n<meta property=\"og:site_name\" content=\"Medicinas Inc\" \/>\n<meta property=\"article:modified_time\" content=\"2022-03-22T00:57:51+00:00\" \/>\n<meta property=\"og:image\" content=\"https:\/\/medicinasinc.com\/fi\/wp-content\/uploads\/sites\/12\/2022\/02\/Buy-Buphedrone-powder.png\" \/>\n\t<meta property=\"og:image:width\" content=\"600\" \/>\n\t<meta property=\"og:image:height\" content=\"400\" \/>\n\t<meta property=\"og:image:type\" content=\"image\/png\" \/>\n<meta name=\"twitter:card\" content=\"summary_large_image\" \/>\n<meta name=\"twitter:label1\" content=\"Est. reading time\" \/>\n\t<meta name=\"twitter:data1\" content=\"1 minute\" \/>\n<script type=\"application\/ld+json\" class=\"yoast-schema-graph\">{\"@context\":\"https:\\\/\\\/schema.org\",\"@graph\":[{\"@type\":\"WebPage\",\"@id\":\"https:\\\/\\\/medicinasinc.com\\\/fi\\\/product\\\/osta-bufedroni-jauhe\\\/\",\"url\":\"https:\\\/\\\/medicinasinc.com\\\/fi\\\/product\\\/osta-bufedroni-jauhe\\\/\",\"name\":\"Osta Buphedrone-jauhe - Buphedrone-jauhe - Best Global Meds\",\"isPartOf\":{\"@id\":\"https:\\\/\\\/medicinasinc.com\\\/fi\\\/#website\"},\"primaryImageOfPage\":{\"@id\":\"https:\\\/\\\/medicinasinc.com\\\/fi\\\/product\\\/osta-bufedroni-jauhe\\\/#primaryimage\"},\"image\":{\"@id\":\"https:\\\/\\\/medicinasinc.com\\\/fi\\\/product\\\/osta-bufedroni-jauhe\\\/#primaryimage\"},\"thumbnailUrl\":\"https:\\\/\\\/medicinasinc.com\\\/fi\\\/wp-content\\\/uploads\\\/sites\\\/12\\\/2022\\\/02\\\/Buy-Buphedrone-powder.png\",\"datePublished\":\"2022-02-21T23:37:16+00:00\",\"dateModified\":\"2022-03-22T00:57:51+00:00\",\"description\":\"Osta Buphedrone-jauhe Myyt\u00e4v\u00e4n\u00e4 Iso-Britannia, EU, Eurooppa (\u03b1-metyyliaminobutyrofenoni tai MABP) 99,9 %:n puhtaudella olevaa kristallia ja jauhetta verkosta suojatulla tavalla.\",\"breadcrumb\":{\"@id\":\"https:\\\/\\\/medicinasinc.com\\\/fi\\\/product\\\/osta-bufedroni-jauhe\\\/#breadcrumb\"},\"inLanguage\":\"en-US\",\"potentialAction\":[{\"@type\":\"ReadAction\",\"target\":[\"https:\\\/\\\/medicinasinc.com\\\/fi\\\/product\\\/osta-bufedroni-jauhe\\\/\"]}]},{\"@type\":\"ImageObject\",\"inLanguage\":\"en-US\",\"@id\":\"https:\\\/\\\/medicinasinc.com\\\/fi\\\/product\\\/osta-bufedroni-jauhe\\\/#primaryimage\",\"url\":\"https:\\\/\\\/medicinasinc.com\\\/fi\\\/wp-content\\\/uploads\\\/sites\\\/12\\\/2022\\\/02\\\/Buy-Buphedrone-powder.png\",\"contentUrl\":\"https:\\\/\\\/medicinasinc.com\\\/fi\\\/wp-content\\\/uploads\\\/sites\\\/12\\\/2022\\\/02\\\/Buy-Buphedrone-powder.png\",\"width\":600,\"height\":400},{\"@type\":\"BreadcrumbList\",\"@id\":\"https:\\\/\\\/medicinasinc.com\\\/fi\\\/product\\\/osta-bufedroni-jauhe\\\/#breadcrumb\",\"itemListElement\":[{\"@type\":\"ListItem\",\"position\":1,\"name\":\"Myym\u00e4l\u00e4\",\"item\":\"https:\\\/\\\/medicinasinc.com\\\/fi\\\/myymala\\\/\"},{\"@type\":\"ListItem\",\"position\":2,\"name\":\"Osta Buphedrone-jauhe\"}]},{\"@type\":\"WebSite\",\"@id\":\"https:\\\/\\\/medicinasinc.com\\\/fi\\\/#website\",\"url\":\"https:\\\/\\\/medicinasinc.com\\\/fi\\\/\",\"name\":\"Medicinas Inc\",\"description\":\"Health Medical Clinic\",\"potentialAction\":[{\"@type\":\"SearchAction\",\"target\":{\"@type\":\"EntryPoint\",\"urlTemplate\":\"https:\\\/\\\/medicinasinc.com\\\/fi\\\/?s={search_term_string}\"},\"query-input\":{\"@type\":\"PropertyValueSpecification\",\"valueRequired\":true,\"valueName\":\"search_term_string\"}}],\"inLanguage\":\"en-US\"}]}<\/script>\n<!-- \/ Yoast SEO plugin. -->","yoast_head_json":{"title":"Osta Buphedrone-jauhe - Buphedrone-jauhe - Best Global Meds","description":"Osta Buphedrone-jauhe Myyt\u00e4v\u00e4n\u00e4 Iso-Britannia, EU, Eurooppa (\u03b1-metyyliaminobutyrofenoni tai MABP) 99,9 %:n puhtaudella olevaa kristallia ja jauhetta verkosta suojatulla tavalla.","robots":{"index":"index","follow":"follow","max-snippet":"max-snippet:-1","max-image-preview":"max-image-preview:large","max-video-preview":"max-video-preview:-1"},"canonical":"https:\/\/medicinasinc.com\/fi\/product\/osta-bufedroni-jauhe\/","og_locale":"en_US","og_type":"article","og_title":"Osta Buphedrone-jauhe - Buphedrone-jauhe - Best Global Meds","og_description":"Osta Buphedrone-jauhe Myyt\u00e4v\u00e4n\u00e4 Iso-Britannia, EU, Eurooppa (\u03b1-metyyliaminobutyrofenoni tai MABP) 99,9 %:n puhtaudella olevaa kristallia ja jauhetta verkosta suojatulla tavalla.","og_url":"https:\/\/medicinasinc.com\/fi\/product\/osta-bufedroni-jauhe\/","og_site_name":"Medicinas Inc","article_modified_time":"2022-03-22T00:57:51+00:00","og_image":[{"width":600,"height":400,"url":"https:\/\/medicinasinc.com\/fi\/wp-content\/uploads\/sites\/12\/2022\/02\/Buy-Buphedrone-powder.png","type":"image\/png"}],"twitter_card":"summary_large_image","twitter_misc":{"Est. reading time":"1 minute"},"schema":{"@context":"https:\/\/schema.org","@graph":[{"@type":"WebPage","@id":"https:\/\/medicinasinc.com\/fi\/product\/osta-bufedroni-jauhe\/","url":"https:\/\/medicinasinc.com\/fi\/product\/osta-bufedroni-jauhe\/","name":"Osta Buphedrone-jauhe - Buphedrone-jauhe - Best Global Meds","isPartOf":{"@id":"https:\/\/medicinasinc.com\/fi\/#website"},"primaryImageOfPage":{"@id":"https:\/\/medicinasinc.com\/fi\/product\/osta-bufedroni-jauhe\/#primaryimage"},"image":{"@id":"https:\/\/medicinasinc.com\/fi\/product\/osta-bufedroni-jauhe\/#primaryimage"},"thumbnailUrl":"https:\/\/medicinasinc.com\/fi\/wp-content\/uploads\/sites\/12\/2022\/02\/Buy-Buphedrone-powder.png","datePublished":"2022-02-21T23:37:16+00:00","dateModified":"2022-03-22T00:57:51+00:00","description":"Osta Buphedrone-jauhe Myyt\u00e4v\u00e4n\u00e4 Iso-Britannia, EU, Eurooppa (\u03b1-metyyliaminobutyrofenoni tai MABP) 99,9 %:n puhtaudella olevaa kristallia ja jauhetta verkosta suojatulla tavalla.","breadcrumb":{"@id":"https:\/\/medicinasinc.com\/fi\/product\/osta-bufedroni-jauhe\/#breadcrumb"},"inLanguage":"en-US","potentialAction":[{"@type":"ReadAction","target":["https:\/\/medicinasinc.com\/fi\/product\/osta-bufedroni-jauhe\/"]}]},{"@type":"ImageObject","inLanguage":"en-US","@id":"https:\/\/medicinasinc.com\/fi\/product\/osta-bufedroni-jauhe\/#primaryimage","url":"https:\/\/medicinasinc.com\/fi\/wp-content\/uploads\/sites\/12\/2022\/02\/Buy-Buphedrone-powder.png","contentUrl":"https:\/\/medicinasinc.com\/fi\/wp-content\/uploads\/sites\/12\/2022\/02\/Buy-Buphedrone-powder.png","width":600,"height":400},{"@type":"BreadcrumbList","@id":"https:\/\/medicinasinc.com\/fi\/product\/osta-bufedroni-jauhe\/#breadcrumb","itemListElement":[{"@type":"ListItem","position":1,"name":"Myym\u00e4l\u00e4","item":"https:\/\/medicinasinc.com\/fi\/myymala\/"},{"@type":"ListItem","position":2,"name":"Osta Buphedrone-jauhe"}]},{"@type":"WebSite","@id":"https:\/\/medicinasinc.com\/fi\/#website","url":"https:\/\/medicinasinc.com\/fi\/","name":"Medicinas Inc","description":"Health Medical Clinic","potentialAction":[{"@type":"SearchAction","target":{"@type":"EntryPoint","urlTemplate":"https:\/\/medicinasinc.com\/fi\/?s={search_term_string}"},"query-input":{"@type":"PropertyValueSpecification","valueRequired":true,"valueName":"search_term_string"}}],"inLanguage":"en-US"}]}},"_links":{"self":[{"href":"https:\/\/medicinasinc.com\/fi\/wp-json\/wp\/v2\/product\/5443","targetHints":{"allow":["GET"]}}],"collection":[{"href":"https:\/\/medicinasinc.com\/fi\/wp-json\/wp\/v2\/product"}],"about":[{"href":"https:\/\/medicinasinc.com\/fi\/wp-json\/wp\/v2\/types\/product"}],"replies":[{"embeddable":true,"href":"https:\/\/medicinasinc.com\/fi\/wp-json\/wp\/v2\/comments?post=5443"}],"wp:featuredmedia":[{"embeddable":true,"href":"https:\/\/medicinasinc.com\/fi\/wp-json\/wp\/v2\/media\/5455"}],"wp:attachment":[{"href":"https:\/\/medicinasinc.com\/fi\/wp-json\/wp\/v2\/media?parent=5443"}],"wp:term":[{"taxonomy":"product_brand","embeddable":true,"href":"https:\/\/medicinasinc.com\/fi\/wp-json\/wp\/v2\/product_brand?post=5443"},{"taxonomy":"product_cat","embeddable":true,"href":"https:\/\/medicinasinc.com\/fi\/wp-json\/wp\/v2\/product_cat?post=5443"},{"taxonomy":"product_tag","embeddable":true,"href":"https:\/\/medicinasinc.com\/fi\/wp-json\/wp\/v2\/product_tag?post=5443"}],"curies":[{"name":"wp","href":"https:\/\/api.w.org\/{rel}","templated":true}]}}