{"id":5442,"date":"2022-02-21T23:35:16","date_gmt":"2022-02-21T23:35:16","guid":{"rendered":"https:\/\/medicinasinc.com\/fi\/?post_type=product&#038;p=5442"},"modified":"2022-03-22T00:57:59","modified_gmt":"2022-03-22T00:57:59","slug":"osta-alpratsolaami-jauhe","status":"publish","type":"product","link":"https:\/\/medicinasinc.com\/fi\/product\/osta-alpratsolaami-jauhe\/","title":{"rendered":"Osta alpratsolaamijauhe"},"content":{"rendered":"<p>Alpratsolaamin myynti<\/p>\n<p>Alpratsolaami on tehokas bentsodiatsepiini, jolla on lyhyt puoliintumisaika ja joka rentouttaa keskushermostoa. T\u00e4t\u00e4 l\u00e4\u00e4kett\u00e4 k\u00e4ytet\u00e4\u00e4n enimm\u00e4kseen ahdistuneisuus- ja paniikkih\u00e4iri\u00f6iden hoitoon. Alpratsolaamijauheen kysynt\u00e4\u00e4 lis\u00e4\u00e4v\u00e4t lis\u00e4\u00e4ntynyt vanhusten v\u00e4est\u00f6, joka on alttiina masennukselle, sek\u00e4 ahdistuneisuush\u00e4iri\u00f6iden, kuten fobian ja yleistyneiden ahdistusten, esiintyvyys. Lis\u00e4ksi alan kasvua vauhdittaa nopeatempoinen ja stressaava el\u00e4m\u00e4ntapa, joka johtaa masennukseen. Lis\u00e4ksi ennustejaksolla alpratsolaamin tutkimus- ja kehitysty\u00f6t\u00e4 suunnitellaan uusien mahdollisuuksien kartoittamiseksi. Hallituksen tiukat m\u00e4\u00e4r\u00e4ykset ja ep\u00e4suotuisat huumevaikutukset, kuten huumeriippuvuus, toisaalta est\u00e4v\u00e4t kasvua. ALPRAZOLAMIA voi ostaa verkosta, sek\u00e4 ALPRAZOLAMIA myyt\u00e4v\u00e4n\u00e4.<\/p>\n<p>K\u00e4ytt\u00f6<\/p>\n<p>Alpratsolaamia k\u00e4ytet\u00e4\u00e4n ahdistuneisuus- ja paniikkih\u00e4iri\u00f6iden hoitoon (\u00e4killiset, arvaamattomat voimakkaan pelon ja huolen jaksot n\u00e4ist\u00e4 jaksoista ). Alpratsolaami kuuluu bentsodiatsepiinien l\u00e4\u00e4keryhm\u00e4\u00e4n. T\u00e4m\u00e4 v\u00e4hent\u00e4\u00e4 liiallista kiihottumista aivoissa. Alpratsolaamia k\u00e4ytet\u00e4\u00e4n my\u00f6s masennuksen, julkisen ahdistuksen ja premenstruaalisen oireyhtym\u00e4n hoitoon. Sit\u00e4 voidaan k\u00e4ytt\u00e4\u00e4 kipeiss\u00e4 tilanteissa. Keskustele l\u00e4\u00e4k\u00e4risi kanssa tilausi mahdollisista riskeist\u00e4, jos k\u00e4yt\u00e4t t\u00e4t\u00e4 l\u00e4\u00e4kityst\u00e4.<\/p>\n<p>Annostus<\/p>\n<p>Alpratsolaamia on saatavana tabletteina, pitk\u00e4vaikutteisina tabletteina ja suun kautta hajoavina tabletteina (tabletti, joka kest\u00e4\u00e4 nopeasti liukenee suussa). Tabletti, suussa hajoava tabletti ja tiivistetyt liuokset otetaan tyypillisesti kahdesta nelj\u00e4\u00e4n kertaa p\u00e4iv\u00e4ss\u00e4. Et\u00e4tabletti otetaan yleens\u00e4 kerran p\u00e4iv\u00e4ss\u00e4, aamulla. Kiinnit\u00e4 huomiota reseptitaulukon huomautuksiin ja pyyd\u00e4 apteekista tai l\u00e4\u00e4k\u00e4ri\u00e4 selitt\u00e4m\u00e4\u00e4n kaikki, mit\u00e4 et ymm\u00e4rr\u00e4. Ota alpratsolaami t\u00e4sm\u00e4lleen ohjeiden mukaan. K\u00e4yt\u00e4 tiivistetyn nesteen ottamiseen vain reseptin mukana tullutta tippaa. T\u00e4yt\u00e4 tiputin tarvittavalla annoksella. Purista tippa nestem\u00e4isiin tai puolikiinteisiin ruokiin, kuten tee, maito, sooda, omenakeitto tai vanukas. Sekoita nestett\u00e4 tai ruokaa kevyesti muutaman sekunnin ajan. Neste imeytyy kokonaan ruokaan. Juo tai sy\u00f6 koko seos heti. Ota tabletti suun kautta pullosta juuri ennen annoksesi er\u00e4p\u00e4iv\u00e4\u00e4. Avaa pullo kuivilla k\u00e4mmenill\u00e4, poista tabletti ja aseta se heti kielellesi. Tabletti saattaa liueta ja niell\u00e4 syljen kanssa.<\/p>\n","protected":false},"excerpt":{"rendered":"<div class=\"woocommerce-product-details__short-description\">\n<p><em>Osta<\/em> alpratsolaamia verkosta &#8211; bestglobalmeds.com on <em>alpratsolaamijauheen<\/em> paras toimittaja ja myyj\u00e4, josta voit <em>ostaa<\/em> Xanax-jauheen tukkumyynti\u00e4. <em>Tilaa<\/em>\u00a0nyt!<\/p>\n<p>Alpratsolaamijauhetta voi ostaa verkosta. Aito alpratsolaamijauhe myynniss\u00e4 verkossa \u2013 Alpratsolaamijauhe myynniss\u00e4 verkossa | Osta alpratsolaamijauhe verkosta | Osta alpratsolaamijauhetta myyt\u00e4v\u00e4ksi verkossa | Osta halvalla alpratsolaamijauhe verkosta | Mist\u00e4 ostaa alpratsolaamijauhetta verkosta<\/p>\n<\/p><\/div>\n","protected":false},"featured_media":5453,"comment_status":"open","ping_status":"closed","template":"","meta":[],"product_brand":[],"product_cat":[2014],"product_tag":[1152,2721,2720,2722,2723,1153,2724,2719,2725],"class_list":{"0":"post-5442","1":"product","2":"type-product","3":"status-publish","4":"has-post-thumbnail","6":"product_cat-osta-tutkimus-kemikaaleja","7":"product_tag-alpratsolaami-jauhe","8":"product_tag-alpratsolaami-jauhe-eurooppa","9":"product_tag-alpratsolaami-jauhe-vaikutus","10":"product_tag-alprazolam-powder-reddit","11":"product_tag-alprazolam-powder-uk","12":"product_tag-alpratsolaami-jauhe-myynniss","13":"product_tag-osta-alpratsolaami-jauhe","14":"product_tag-alpratsolaami-jauhe-osta","15":"product_tag-osta-alpratsolaami-jauhe-eurooppa","17":"first","18":"instock","19":"shipping-taxable","20":"purchasable","21":"product-type-variable","22":"has-default-attributes"},"yoast_head":"<!-- This site is optimized with the Yoast SEO plugin v27.3 - https:\/\/yoast.com\/product\/yoast-seo-wordpress\/ -->\n<title>Osta alpratsolaamijauhe - alpratsolaamijauhe - parhaat maailmanlaajuiset l\u00e4\u00e4kkeet<\/title>\n<meta name=\"description\" content=\"Osta alpratsolaamijauhetta verkosta. Aito alpratsolaamijauhe verkossa \u2013 alpratsolaamijauhe myynniss\u00e4 | Osta alpratsolaamijauhe verkosta | Osta alpratsolaamijauhetta myyt\u00e4v\u00e4n\u00e4| Osta halvalla alpratsolaamijauhe | Mist\u00e4 ostaa alpratsolaamijauhetta verkossa\" \/>\n<meta name=\"robots\" content=\"index, follow, max-snippet:-1, max-image-preview:large, max-video-preview:-1\" \/>\n<link rel=\"canonical\" href=\"https:\/\/medicinasinc.com\/fi\/product\/osta-alpratsolaami-jauhe\/\" \/>\n<meta property=\"og:locale\" content=\"en_US\" \/>\n<meta property=\"og:type\" content=\"article\" \/>\n<meta property=\"og:title\" content=\"Osta alpratsolaamijauhe - alpratsolaamijauhe - parhaat maailmanlaajuiset l\u00e4\u00e4kkeet\" \/>\n<meta property=\"og:description\" content=\"Osta alpratsolaamijauhetta verkosta. Aito alpratsolaamijauhe verkossa \u2013 alpratsolaamijauhe myynniss\u00e4 | Osta alpratsolaamijauhe verkosta | Osta alpratsolaamijauhetta myyt\u00e4v\u00e4n\u00e4| Osta halvalla alpratsolaamijauhe | Mist\u00e4 ostaa alpratsolaamijauhetta verkossa\" \/>\n<meta property=\"og:url\" content=\"https:\/\/medicinasinc.com\/fi\/product\/osta-alpratsolaami-jauhe\/\" \/>\n<meta property=\"og:site_name\" content=\"Medicinas Inc\" \/>\n<meta property=\"article:modified_time\" content=\"2022-03-22T00:57:59+00:00\" \/>\n<meta property=\"og:image\" content=\"https:\/\/medicinasinc.com\/fi\/wp-content\/uploads\/sites\/12\/2022\/02\/Buy-Alprazolam-powder.jpg\" \/>\n\t<meta property=\"og:image:width\" content=\"259\" \/>\n\t<meta property=\"og:image:height\" content=\"194\" \/>\n\t<meta property=\"og:image:type\" content=\"image\/jpeg\" \/>\n<meta name=\"twitter:card\" content=\"summary_large_image\" \/>\n<meta name=\"twitter:label1\" content=\"Est. reading time\" \/>\n\t<meta name=\"twitter:data1\" content=\"2 minutes\" \/>\n<script type=\"application\/ld+json\" class=\"yoast-schema-graph\">{\"@context\":\"https:\\\/\\\/schema.org\",\"@graph\":[{\"@type\":\"WebPage\",\"@id\":\"https:\\\/\\\/medicinasinc.com\\\/fi\\\/product\\\/osta-alpratsolaami-jauhe\\\/\",\"url\":\"https:\\\/\\\/medicinasinc.com\\\/fi\\\/product\\\/osta-alpratsolaami-jauhe\\\/\",\"name\":\"Osta alpratsolaamijauhe - alpratsolaamijauhe - parhaat maailmanlaajuiset l\u00e4\u00e4kkeet\",\"isPartOf\":{\"@id\":\"https:\\\/\\\/medicinasinc.com\\\/fi\\\/#website\"},\"primaryImageOfPage\":{\"@id\":\"https:\\\/\\\/medicinasinc.com\\\/fi\\\/product\\\/osta-alpratsolaami-jauhe\\\/#primaryimage\"},\"image\":{\"@id\":\"https:\\\/\\\/medicinasinc.com\\\/fi\\\/product\\\/osta-alpratsolaami-jauhe\\\/#primaryimage\"},\"thumbnailUrl\":\"https:\\\/\\\/medicinasinc.com\\\/fi\\\/wp-content\\\/uploads\\\/sites\\\/12\\\/2022\\\/02\\\/Buy-Alprazolam-powder.jpg\",\"datePublished\":\"2022-02-21T23:35:16+00:00\",\"dateModified\":\"2022-03-22T00:57:59+00:00\",\"description\":\"Osta alpratsolaamijauhetta verkosta. Aito alpratsolaamijauhe verkossa \u2013 alpratsolaamijauhe myynniss\u00e4 | Osta alpratsolaamijauhe verkosta | Osta alpratsolaamijauhetta myyt\u00e4v\u00e4n\u00e4| Osta halvalla alpratsolaamijauhe | Mist\u00e4 ostaa alpratsolaamijauhetta verkossa\",\"breadcrumb\":{\"@id\":\"https:\\\/\\\/medicinasinc.com\\\/fi\\\/product\\\/osta-alpratsolaami-jauhe\\\/#breadcrumb\"},\"inLanguage\":\"en-US\",\"potentialAction\":[{\"@type\":\"ReadAction\",\"target\":[\"https:\\\/\\\/medicinasinc.com\\\/fi\\\/product\\\/osta-alpratsolaami-jauhe\\\/\"]}]},{\"@type\":\"ImageObject\",\"inLanguage\":\"en-US\",\"@id\":\"https:\\\/\\\/medicinasinc.com\\\/fi\\\/product\\\/osta-alpratsolaami-jauhe\\\/#primaryimage\",\"url\":\"https:\\\/\\\/medicinasinc.com\\\/fi\\\/wp-content\\\/uploads\\\/sites\\\/12\\\/2022\\\/02\\\/Buy-Alprazolam-powder.jpg\",\"contentUrl\":\"https:\\\/\\\/medicinasinc.com\\\/fi\\\/wp-content\\\/uploads\\\/sites\\\/12\\\/2022\\\/02\\\/Buy-Alprazolam-powder.jpg\",\"width\":259,\"height\":194},{\"@type\":\"BreadcrumbList\",\"@id\":\"https:\\\/\\\/medicinasinc.com\\\/fi\\\/product\\\/osta-alpratsolaami-jauhe\\\/#breadcrumb\",\"itemListElement\":[{\"@type\":\"ListItem\",\"position\":1,\"name\":\"Myym\u00e4l\u00e4\",\"item\":\"https:\\\/\\\/medicinasinc.com\\\/fi\\\/myymala\\\/\"},{\"@type\":\"ListItem\",\"position\":2,\"name\":\"Osta alpratsolaamijauhe\"}]},{\"@type\":\"WebSite\",\"@id\":\"https:\\\/\\\/medicinasinc.com\\\/fi\\\/#website\",\"url\":\"https:\\\/\\\/medicinasinc.com\\\/fi\\\/\",\"name\":\"Medicinas Inc\",\"description\":\"Health Medical Clinic\",\"potentialAction\":[{\"@type\":\"SearchAction\",\"target\":{\"@type\":\"EntryPoint\",\"urlTemplate\":\"https:\\\/\\\/medicinasinc.com\\\/fi\\\/?s={search_term_string}\"},\"query-input\":{\"@type\":\"PropertyValueSpecification\",\"valueRequired\":true,\"valueName\":\"search_term_string\"}}],\"inLanguage\":\"en-US\"}]}<\/script>\n<!-- \/ Yoast SEO plugin. -->","yoast_head_json":{"title":"Osta alpratsolaamijauhe - alpratsolaamijauhe - parhaat maailmanlaajuiset l\u00e4\u00e4kkeet","description":"Osta alpratsolaamijauhetta verkosta. Aito alpratsolaamijauhe verkossa \u2013 alpratsolaamijauhe myynniss\u00e4 | Osta alpratsolaamijauhe verkosta | Osta alpratsolaamijauhetta myyt\u00e4v\u00e4n\u00e4| Osta halvalla alpratsolaamijauhe | Mist\u00e4 ostaa alpratsolaamijauhetta verkossa","robots":{"index":"index","follow":"follow","max-snippet":"max-snippet:-1","max-image-preview":"max-image-preview:large","max-video-preview":"max-video-preview:-1"},"canonical":"https:\/\/medicinasinc.com\/fi\/product\/osta-alpratsolaami-jauhe\/","og_locale":"en_US","og_type":"article","og_title":"Osta alpratsolaamijauhe - alpratsolaamijauhe - parhaat maailmanlaajuiset l\u00e4\u00e4kkeet","og_description":"Osta alpratsolaamijauhetta verkosta. Aito alpratsolaamijauhe verkossa \u2013 alpratsolaamijauhe myynniss\u00e4 | Osta alpratsolaamijauhe verkosta | Osta alpratsolaamijauhetta myyt\u00e4v\u00e4n\u00e4| Osta halvalla alpratsolaamijauhe | Mist\u00e4 ostaa alpratsolaamijauhetta verkossa","og_url":"https:\/\/medicinasinc.com\/fi\/product\/osta-alpratsolaami-jauhe\/","og_site_name":"Medicinas Inc","article_modified_time":"2022-03-22T00:57:59+00:00","og_image":[{"width":259,"height":194,"url":"https:\/\/medicinasinc.com\/fi\/wp-content\/uploads\/sites\/12\/2022\/02\/Buy-Alprazolam-powder.jpg","type":"image\/jpeg"}],"twitter_card":"summary_large_image","twitter_misc":{"Est. reading time":"2 minutes"},"schema":{"@context":"https:\/\/schema.org","@graph":[{"@type":"WebPage","@id":"https:\/\/medicinasinc.com\/fi\/product\/osta-alpratsolaami-jauhe\/","url":"https:\/\/medicinasinc.com\/fi\/product\/osta-alpratsolaami-jauhe\/","name":"Osta alpratsolaamijauhe - alpratsolaamijauhe - parhaat maailmanlaajuiset l\u00e4\u00e4kkeet","isPartOf":{"@id":"https:\/\/medicinasinc.com\/fi\/#website"},"primaryImageOfPage":{"@id":"https:\/\/medicinasinc.com\/fi\/product\/osta-alpratsolaami-jauhe\/#primaryimage"},"image":{"@id":"https:\/\/medicinasinc.com\/fi\/product\/osta-alpratsolaami-jauhe\/#primaryimage"},"thumbnailUrl":"https:\/\/medicinasinc.com\/fi\/wp-content\/uploads\/sites\/12\/2022\/02\/Buy-Alprazolam-powder.jpg","datePublished":"2022-02-21T23:35:16+00:00","dateModified":"2022-03-22T00:57:59+00:00","description":"Osta alpratsolaamijauhetta verkosta. Aito alpratsolaamijauhe verkossa \u2013 alpratsolaamijauhe myynniss\u00e4 | Osta alpratsolaamijauhe verkosta | Osta alpratsolaamijauhetta myyt\u00e4v\u00e4n\u00e4| Osta halvalla alpratsolaamijauhe | Mist\u00e4 ostaa alpratsolaamijauhetta verkossa","breadcrumb":{"@id":"https:\/\/medicinasinc.com\/fi\/product\/osta-alpratsolaami-jauhe\/#breadcrumb"},"inLanguage":"en-US","potentialAction":[{"@type":"ReadAction","target":["https:\/\/medicinasinc.com\/fi\/product\/osta-alpratsolaami-jauhe\/"]}]},{"@type":"ImageObject","inLanguage":"en-US","@id":"https:\/\/medicinasinc.com\/fi\/product\/osta-alpratsolaami-jauhe\/#primaryimage","url":"https:\/\/medicinasinc.com\/fi\/wp-content\/uploads\/sites\/12\/2022\/02\/Buy-Alprazolam-powder.jpg","contentUrl":"https:\/\/medicinasinc.com\/fi\/wp-content\/uploads\/sites\/12\/2022\/02\/Buy-Alprazolam-powder.jpg","width":259,"height":194},{"@type":"BreadcrumbList","@id":"https:\/\/medicinasinc.com\/fi\/product\/osta-alpratsolaami-jauhe\/#breadcrumb","itemListElement":[{"@type":"ListItem","position":1,"name":"Myym\u00e4l\u00e4","item":"https:\/\/medicinasinc.com\/fi\/myymala\/"},{"@type":"ListItem","position":2,"name":"Osta alpratsolaamijauhe"}]},{"@type":"WebSite","@id":"https:\/\/medicinasinc.com\/fi\/#website","url":"https:\/\/medicinasinc.com\/fi\/","name":"Medicinas Inc","description":"Health Medical Clinic","potentialAction":[{"@type":"SearchAction","target":{"@type":"EntryPoint","urlTemplate":"https:\/\/medicinasinc.com\/fi\/?s={search_term_string}"},"query-input":{"@type":"PropertyValueSpecification","valueRequired":true,"valueName":"search_term_string"}}],"inLanguage":"en-US"}]}},"_links":{"self":[{"href":"https:\/\/medicinasinc.com\/fi\/wp-json\/wp\/v2\/product\/5442","targetHints":{"allow":["GET"]}}],"collection":[{"href":"https:\/\/medicinasinc.com\/fi\/wp-json\/wp\/v2\/product"}],"about":[{"href":"https:\/\/medicinasinc.com\/fi\/wp-json\/wp\/v2\/types\/product"}],"replies":[{"embeddable":true,"href":"https:\/\/medicinasinc.com\/fi\/wp-json\/wp\/v2\/comments?post=5442"}],"wp:featuredmedia":[{"embeddable":true,"href":"https:\/\/medicinasinc.com\/fi\/wp-json\/wp\/v2\/media\/5453"}],"wp:attachment":[{"href":"https:\/\/medicinasinc.com\/fi\/wp-json\/wp\/v2\/media?parent=5442"}],"wp:term":[{"taxonomy":"product_brand","embeddable":true,"href":"https:\/\/medicinasinc.com\/fi\/wp-json\/wp\/v2\/product_brand?post=5442"},{"taxonomy":"product_cat","embeddable":true,"href":"https:\/\/medicinasinc.com\/fi\/wp-json\/wp\/v2\/product_cat?post=5442"},{"taxonomy":"product_tag","embeddable":true,"href":"https:\/\/medicinasinc.com\/fi\/wp-json\/wp\/v2\/product_tag?post=5442"}],"curies":[{"name":"wp","href":"https:\/\/api.w.org\/{rel}","templated":true}]}}