{"id":5441,"date":"2022-02-21T23:32:20","date_gmt":"2022-02-21T23:32:20","guid":{"rendered":"https:\/\/medicinasinc.com\/fi\/?post_type=product&#038;p=5441"},"modified":"2022-03-22T00:58:11","modified_gmt":"2022-03-22T00:58:11","slug":"osta-alfa-pvp","status":"publish","type":"product","link":"https:\/\/medicinasinc.com\/fi\/product\/osta-alfa-pvp\/","title":{"rendered":"Osta Alpha-PVP"},"content":{"rendered":"<p>Alpha-PVP:n verkko-ostos<\/p>\n<p>Alpha-PVP on synteettinen piriste, jota k\u00e4ytet\u00e4\u00e4n l\u00e4\u00e4ketieteen alalla useiden sairauksien hoitoon. Alfa luokitellaan katinoniluokan aihiol\u00e4\u00e4kkeeksi. Alpha PVP luotiin alun perin suunnittelijal\u00e4\u00e4kkeeksi. Se on nyt eritt\u00e4in suosittu ihmisten keskuudessa muihin tarkoituksiin, kuten kivunlievitykseen. T\u00e4t\u00e4 synteettist\u00e4 stimulanttia k\u00e4ytet\u00e4\u00e4n huumeidenk\u00e4ytt\u00e4jien tarpeiden tyydytt\u00e4miseen. Se saavutti suosion 40 vuotta ensimm\u00e4isen tuotteensa julkaisun j\u00e4lkeen, vuonna 2000. T\u00e4rkeint\u00e4 on muistaa, ettei sit\u00e4 k\u00e4ytt\u00e4nyt edes pieni yhteis\u00f6 n\u00e4iden vuosien v\u00e4lill\u00e4. Vuodesta 2000 l\u00e4htien ja t\u00e4h\u00e4n asti sen suosio on kuitenkin kasvanut niin pitk\u00e4lle, ett\u00e4 sit\u00e4 k\u00e4ytt\u00e4\u00e4 l\u00e4hes 70 % maailman v\u00e4est\u00f6st\u00e4.<\/p>\n<p>Alfa-PVP-psykedeelisten huumeiden suosion syy<\/p>\n<p>Mist\u00e4 saan PVP:n? Alfa-PVP<\/p>\n<p>Alfa-PVP on yleisimm\u00e4n aihiol\u00e4\u00e4keluokan j\u00e4sen ja sit\u00e4 k\u00e4ytet\u00e4\u00e4n laajalti. T\u00e4rkein syy sen suosioon on sen korkea teho ja nopea toiminta. Se toimii samalla tavalla kuin muut piristeet siin\u00e4 mieless\u00e4, ett\u00e4 se vaikuttaa suoraan keskushermostoon.<\/p>\n<p>Se toimii kuitenkin nopeasti ja vapauttaa hormoneja haluttujen toimien suorittamiseksi. Vaikutustapansa vuoksi Alpha-PVP tunnetaan my\u00f6s keskushermoston stimulanttina.<\/p>\n<p>Alfa-PVP-psykedeeliset l\u00e4\u00e4kkeet l\u00e4\u00e4ketieteellisiin tarkoituksiin<\/p>\n<p>Alfa-PVP auttaa my\u00f6s ihmismielt\u00e4 hallita ohikiit\u00e4vi\u00e4 tunteita, kuten onnea, surua tai kipua. T\u00e4m\u00e4 l\u00e4\u00e4ke auttaa mielt\u00e4 kuvittelemaan normaalin kehyksen, jossa se voi toimia normaalisti ja ilman vaikeuksia. T\u00e4ll\u00e4 tavalla Alpha-PVP:t\u00e4 k\u00e4ytet\u00e4\u00e4n kaikenlaisten shokkien lievitt\u00e4miseen.<\/p>\n<p>T\u00e4t\u00e4 aihiol\u00e4\u00e4kett\u00e4 k\u00e4ytet\u00e4\u00e4n tanssikerhoissa ja baareissa. T\u00e4t\u00e4 k\u00e4ytet\u00e4\u00e4n kuitenkin vain tietyiss\u00e4 hoidoissa l\u00e4\u00e4k\u00e4rin m\u00e4\u00e4r\u00e4yksen mukaan.<\/p>\n<p>L\u00e4\u00e4k\u00e4rit hoitavat potilaita Alpha-PVP-pohjaisilla l\u00e4\u00e4kkeill\u00e4. Ensisijainen sovellus on masennuksen ja ahdistuksen hoito.<\/p>\n<p>N\u00e4m\u00e4 ovat joitakin t\u00e4rkeimmist\u00e4 ominaisuuksista, jotka lis\u00e4\u00e4v\u00e4t alfa-PVP:n k\u00e4ytt\u00f6\u00e4. Se on saamassa suosiota molemmilla aloilla.<\/p>\n<p>PVP:n ostaminen turvallisesti \u2013 Kuvaus<\/p>\n<p>Systemaattinen IUPAC-nimi: 1-Fenyyli-2-(1-pyrrolidinyyli)-1 -pentanoni t\u00e4ydellinen kemiallinen nimi: alfa-pyrrolidinopentiofenoni<br \/> CAS-nro 14530-33-7<br \/> Molekyylikaava C15H21NO Molekyylimassa 231,333 g\/mol ChemSpider Number 9324063<\/p>\n<p>tiophenrophenidinopentiofenoni (Pyrrolidinopentiofenoni) PVP, alfa-PVP, O-2387, -ketoni-prolintaani) on 1960-luvulla l\u00f6ydetty pirist\u00e4v\u00e4 yhdiste, joka on sukua pyrovaleronille ja on prolintaanin ketonianalogi.<\/p>\n<p>Laajassa mittakaavassa online-sivustomme myym\u00e4l\u00e4 k\u00e4sittelee Alpha-PVP:t\u00e4. Voit saada haluamasi tuotteet eritt\u00e4in alhaisilla hinnoilla. Saat tuotteen my\u00f6s lyhyess\u00e4 ajassa verkkotoimituspalveluidemme ansiosta.<\/p>\n","protected":false},"excerpt":{"rendered":"<div class=\"woocommerce-product-details__short-description\">\n<p>haluat ostaa halvalla A-pvp:t\u00e4, osta alfa-pyrrolidinopentiofenonia myyt\u00e4v\u00e4n\u00e4 Isossa-Britanniassa, Euroopassa bestglobalemeds.com-kaupassamme nopealla maailmanlaajuisella toimituksella! Paras A-pvp tilaamiseen l\u00f6yd\u00e4t t\u00e4\u00e4lt\u00e4! <em>\u03b1<\/em>&#8211;<em>PVP<\/em> (koko nimi on:<em>\u03b1<\/em>&#8211;<em>Pyrrolidinopentiofenoni<\/em>), joka tunnetaan my\u00f6s nimell\u00e4\u00a0<em>alfa<\/em>-pyrrolidinovalerofenoni, A-<em>PVP<\/em>,\u00a0<em>alfa<\/em>&#8211;<em>PVP<\/em>,<\/p>\n<p>Mit\u00e4 onko tarkalleen a-PVP?<br \/> A-PVP (alfa-pyrrolidinovalerofenoni, -PVP, alfa-PVP, O-2387, -ketoni-prolintaani) on 1960-luvulla kehitetty stimuloiva yhdiste, joka on sukua pyrovaleronille ja on prolintaanin ketonianalogi.<\/p>\n<\/p><\/div>\n","protected":false},"featured_media":5451,"comment_status":"open","ping_status":"closed","template":"","meta":[],"product_brand":[],"product_cat":[2014],"product_tag":[2663,2666,2667,2683,2672,2673,2671,2674,2676,2677,2679,2680,2681,2669,2670,2678,2668,2682,2684,2675,2688,2687,2686,2689,2690,2691,2692,2697,2698,2699,2700,2705,2706,2707,2717,2718,2685,2712,2713,2693,2694,2696,2695,2714,2701,2702,2704,2709,2708,2703,2716,2710,2715,2664,2665,2711],"class_list":{"0":"post-5441","1":"product","2":"type-product","3":"status-publish","4":"has-post-thumbnail","6":"product_cat-osta-tutkimus-kemikaaleja","7":"product_tag-a-pvp-buy","8":"product_tag-a-pvp","9":"product_tag-a-pvp-powder","10":"product_tag-a-pvp-arvostelu","11":"product_tag-a-pvp-crystal-dosage","12":"product_tag-a-pvp-crystal-for-sale","13":"product_tag-a-pvp-crystal-canada","14":"product_tag-a-pvp-crystal-review","15":"product_tag-a-pvp-crystal-uk","16":"product_tag-a-pvp-crystal-usa","17":"product_tag-a-pvp-for-sale","18":"product_tag-a-pvp-for-sale-online","19":"product_tag-a-pvp-jauheet","20":"product_tag-a-pvp-kristalli","21":"product_tag-a-pvp-crystal-australia","22":"product_tag-a-pvp-crystal-vendor","23":"product_tag-a-pvp-buy-usa","24":"product_tag-a-pvp-reddit","25":"product_tag-a-pvp-stimulantit","26":"product_tag-a-pvp-crystal-supplier","27":"product_tag-alfa-pvp-efekti","28":"product_tag-alfa-pvp-wiki","29":"product_tag-alfa-pvp-myynniss","30":"product_tag-apvp-jauhe","31":"product_tag-buy-a-pvp","32":"product_tag-buy-a-pvp-powder-for-sale","33":"product_tag-buy-a-pvp-big-crystal","34":"product_tag-buy-a-pvp-big-crystals-made","35":"product_tag-buy-a-pvp-big-crystals-online","36":"product_tag-buy-a-pvp-big-crystalxp-net","37":"product_tag-buy-a-pvp-crystal-online","38":"product_tag-buy-a-pvp-powders","39":"product_tag-buy-a-pvp-stimulants","40":"product_tag-buy-alpha-pvp","41":"product_tag-mist-osta-pvp","42":"product_tag-mist-osta-pvp-verkosta","43":"product_tag-a-pvp-stimulantit-myynniss","44":"product_tag-order-a-pvp-crystal","45":"product_tag-order-a-pvp-online","46":"product_tag-osta-pvp-big-crystal-raportit","47":"product_tag-osta-pvp-isot-kristallit","48":"product_tag-osta-pvp-isot-kristallit-ilman","49":"product_tag-osta-pvp-isot-kiteet-myynniss","50":"product_tag-osta-a-pvp-verkossa","51":"product_tag-osta-pvp-verkossa","52":"product_tag-osta-pvp-jauhe","53":"product_tag-osta-a-pvp-jauhe-arvostelut","54":"product_tag-osta-apvp-usa-luottokortti","55":"product_tag-buy-apvp-overnight-shipping","56":"product_tag-osta-pvp-jauhe-tuotteita","57":"product_tag-paras-paikka-ostaa-pvp-verkosta","58":"product_tag-mail-a-pvp","59":"product_tag-puhdas-a-pvp-kristalli","60":"product_tag-a-pvp-jauhe-myydn","61":"product_tag-a-pvp-jauhe-tai-kiteet","62":"product_tag-tilaa-a-pvp","64":"first","65":"instock","66":"shipping-taxable","67":"purchasable","68":"product-type-variable"},"yoast_head":"<!-- This site is optimized with the Yoast SEO plugin v27.3 - https:\/\/yoast.com\/product\/yoast-seo-wordpress\/ -->\n<title>Osta Alpha-PVP - Alfa-PVP myyt\u00e4v\u00e4n\u00e4 - Parhaat maailmanlaajuiset l\u00e4\u00e4kkeet<\/title>\n<meta name=\"description\" content=\"Osta A-pvp, osta alfa-pyrrolidinopentiofenoni myyt\u00e4v\u00e4n\u00e4 Isossa-Britanniassa, Euroopassa bestglobalemeds.com-kaupassamme nopealla maailmanlaajuisella toimituksella! Paras A-pvp tilaamiseen l\u00f6yd\u00e4t t\u00e4\u00e4lt\u00e4!\" \/>\n<meta name=\"robots\" content=\"index, follow, max-snippet:-1, max-image-preview:large, max-video-preview:-1\" \/>\n<link rel=\"canonical\" href=\"https:\/\/medicinasinc.com\/fi\/product\/osta-alfa-pvp\/\" \/>\n<meta property=\"og:locale\" content=\"en_US\" \/>\n<meta property=\"og:type\" content=\"article\" \/>\n<meta property=\"og:title\" content=\"Osta Alpha-PVP - Alfa-PVP myyt\u00e4v\u00e4n\u00e4 - Parhaat maailmanlaajuiset l\u00e4\u00e4kkeet\" \/>\n<meta property=\"og:description\" content=\"Osta A-pvp, osta alfa-pyrrolidinopentiofenoni myyt\u00e4v\u00e4n\u00e4 Isossa-Britanniassa, Euroopassa bestglobalemeds.com-kaupassamme nopealla maailmanlaajuisella toimituksella! Paras A-pvp tilaamiseen l\u00f6yd\u00e4t t\u00e4\u00e4lt\u00e4!\" \/>\n<meta property=\"og:url\" content=\"https:\/\/medicinasinc.com\/fi\/product\/osta-alfa-pvp\/\" \/>\n<meta property=\"og:site_name\" content=\"Medicinas Inc\" \/>\n<meta property=\"article:modified_time\" content=\"2022-03-22T00:58:11+00:00\" \/>\n<meta property=\"og:image\" content=\"https:\/\/medicinasinc.com\/fi\/wp-content\/uploads\/sites\/12\/2022\/02\/Buy-alpha-pvp.jpg\" \/>\n\t<meta property=\"og:image:width\" content=\"458\" \/>\n\t<meta property=\"og:image:height\" content=\"458\" \/>\n\t<meta property=\"og:image:type\" content=\"image\/jpeg\" \/>\n<meta name=\"twitter:card\" content=\"summary_large_image\" \/>\n<meta name=\"twitter:label1\" content=\"Est. reading time\" \/>\n\t<meta name=\"twitter:data1\" content=\"2 minutes\" \/>\n<script type=\"application\/ld+json\" class=\"yoast-schema-graph\">{\"@context\":\"https:\\\/\\\/schema.org\",\"@graph\":[{\"@type\":\"WebPage\",\"@id\":\"https:\\\/\\\/medicinasinc.com\\\/fi\\\/product\\\/osta-alfa-pvp\\\/\",\"url\":\"https:\\\/\\\/medicinasinc.com\\\/fi\\\/product\\\/osta-alfa-pvp\\\/\",\"name\":\"Osta Alpha-PVP - Alfa-PVP myyt\u00e4v\u00e4n\u00e4 - Parhaat maailmanlaajuiset l\u00e4\u00e4kkeet\",\"isPartOf\":{\"@id\":\"https:\\\/\\\/medicinasinc.com\\\/fi\\\/#website\"},\"primaryImageOfPage\":{\"@id\":\"https:\\\/\\\/medicinasinc.com\\\/fi\\\/product\\\/osta-alfa-pvp\\\/#primaryimage\"},\"image\":{\"@id\":\"https:\\\/\\\/medicinasinc.com\\\/fi\\\/product\\\/osta-alfa-pvp\\\/#primaryimage\"},\"thumbnailUrl\":\"https:\\\/\\\/medicinasinc.com\\\/fi\\\/wp-content\\\/uploads\\\/sites\\\/12\\\/2022\\\/02\\\/Buy-alpha-pvp.jpg\",\"datePublished\":\"2022-02-21T23:32:20+00:00\",\"dateModified\":\"2022-03-22T00:58:11+00:00\",\"description\":\"Osta A-pvp, osta alfa-pyrrolidinopentiofenoni myyt\u00e4v\u00e4n\u00e4 Isossa-Britanniassa, Euroopassa bestglobalemeds.com-kaupassamme nopealla maailmanlaajuisella toimituksella! Paras A-pvp tilaamiseen l\u00f6yd\u00e4t t\u00e4\u00e4lt\u00e4!\",\"breadcrumb\":{\"@id\":\"https:\\\/\\\/medicinasinc.com\\\/fi\\\/product\\\/osta-alfa-pvp\\\/#breadcrumb\"},\"inLanguage\":\"en-US\",\"potentialAction\":[{\"@type\":\"ReadAction\",\"target\":[\"https:\\\/\\\/medicinasinc.com\\\/fi\\\/product\\\/osta-alfa-pvp\\\/\"]}]},{\"@type\":\"ImageObject\",\"inLanguage\":\"en-US\",\"@id\":\"https:\\\/\\\/medicinasinc.com\\\/fi\\\/product\\\/osta-alfa-pvp\\\/#primaryimage\",\"url\":\"https:\\\/\\\/medicinasinc.com\\\/fi\\\/wp-content\\\/uploads\\\/sites\\\/12\\\/2022\\\/02\\\/Buy-alpha-pvp.jpg\",\"contentUrl\":\"https:\\\/\\\/medicinasinc.com\\\/fi\\\/wp-content\\\/uploads\\\/sites\\\/12\\\/2022\\\/02\\\/Buy-alpha-pvp.jpg\",\"width\":458,\"height\":458},{\"@type\":\"BreadcrumbList\",\"@id\":\"https:\\\/\\\/medicinasinc.com\\\/fi\\\/product\\\/osta-alfa-pvp\\\/#breadcrumb\",\"itemListElement\":[{\"@type\":\"ListItem\",\"position\":1,\"name\":\"Myym\u00e4l\u00e4\",\"item\":\"https:\\\/\\\/medicinasinc.com\\\/fi\\\/myymala\\\/\"},{\"@type\":\"ListItem\",\"position\":2,\"name\":\"Osta Alpha-PVP\"}]},{\"@type\":\"WebSite\",\"@id\":\"https:\\\/\\\/medicinasinc.com\\\/fi\\\/#website\",\"url\":\"https:\\\/\\\/medicinasinc.com\\\/fi\\\/\",\"name\":\"Medicinas Inc\",\"description\":\"Health Medical Clinic\",\"potentialAction\":[{\"@type\":\"SearchAction\",\"target\":{\"@type\":\"EntryPoint\",\"urlTemplate\":\"https:\\\/\\\/medicinasinc.com\\\/fi\\\/?s={search_term_string}\"},\"query-input\":{\"@type\":\"PropertyValueSpecification\",\"valueRequired\":true,\"valueName\":\"search_term_string\"}}],\"inLanguage\":\"en-US\"}]}<\/script>\n<!-- \/ Yoast SEO plugin. -->","yoast_head_json":{"title":"Osta Alpha-PVP - Alfa-PVP myyt\u00e4v\u00e4n\u00e4 - Parhaat maailmanlaajuiset l\u00e4\u00e4kkeet","description":"Osta A-pvp, osta alfa-pyrrolidinopentiofenoni myyt\u00e4v\u00e4n\u00e4 Isossa-Britanniassa, Euroopassa bestglobalemeds.com-kaupassamme nopealla maailmanlaajuisella toimituksella! Paras A-pvp tilaamiseen l\u00f6yd\u00e4t t\u00e4\u00e4lt\u00e4!","robots":{"index":"index","follow":"follow","max-snippet":"max-snippet:-1","max-image-preview":"max-image-preview:large","max-video-preview":"max-video-preview:-1"},"canonical":"https:\/\/medicinasinc.com\/fi\/product\/osta-alfa-pvp\/","og_locale":"en_US","og_type":"article","og_title":"Osta Alpha-PVP - Alfa-PVP myyt\u00e4v\u00e4n\u00e4 - Parhaat maailmanlaajuiset l\u00e4\u00e4kkeet","og_description":"Osta A-pvp, osta alfa-pyrrolidinopentiofenoni myyt\u00e4v\u00e4n\u00e4 Isossa-Britanniassa, Euroopassa bestglobalemeds.com-kaupassamme nopealla maailmanlaajuisella toimituksella! Paras A-pvp tilaamiseen l\u00f6yd\u00e4t t\u00e4\u00e4lt\u00e4!","og_url":"https:\/\/medicinasinc.com\/fi\/product\/osta-alfa-pvp\/","og_site_name":"Medicinas Inc","article_modified_time":"2022-03-22T00:58:11+00:00","og_image":[{"width":458,"height":458,"url":"https:\/\/medicinasinc.com\/fi\/wp-content\/uploads\/sites\/12\/2022\/02\/Buy-alpha-pvp.jpg","type":"image\/jpeg"}],"twitter_card":"summary_large_image","twitter_misc":{"Est. reading time":"2 minutes"},"schema":{"@context":"https:\/\/schema.org","@graph":[{"@type":"WebPage","@id":"https:\/\/medicinasinc.com\/fi\/product\/osta-alfa-pvp\/","url":"https:\/\/medicinasinc.com\/fi\/product\/osta-alfa-pvp\/","name":"Osta Alpha-PVP - Alfa-PVP myyt\u00e4v\u00e4n\u00e4 - Parhaat maailmanlaajuiset l\u00e4\u00e4kkeet","isPartOf":{"@id":"https:\/\/medicinasinc.com\/fi\/#website"},"primaryImageOfPage":{"@id":"https:\/\/medicinasinc.com\/fi\/product\/osta-alfa-pvp\/#primaryimage"},"image":{"@id":"https:\/\/medicinasinc.com\/fi\/product\/osta-alfa-pvp\/#primaryimage"},"thumbnailUrl":"https:\/\/medicinasinc.com\/fi\/wp-content\/uploads\/sites\/12\/2022\/02\/Buy-alpha-pvp.jpg","datePublished":"2022-02-21T23:32:20+00:00","dateModified":"2022-03-22T00:58:11+00:00","description":"Osta A-pvp, osta alfa-pyrrolidinopentiofenoni myyt\u00e4v\u00e4n\u00e4 Isossa-Britanniassa, Euroopassa bestglobalemeds.com-kaupassamme nopealla maailmanlaajuisella toimituksella! Paras A-pvp tilaamiseen l\u00f6yd\u00e4t t\u00e4\u00e4lt\u00e4!","breadcrumb":{"@id":"https:\/\/medicinasinc.com\/fi\/product\/osta-alfa-pvp\/#breadcrumb"},"inLanguage":"en-US","potentialAction":[{"@type":"ReadAction","target":["https:\/\/medicinasinc.com\/fi\/product\/osta-alfa-pvp\/"]}]},{"@type":"ImageObject","inLanguage":"en-US","@id":"https:\/\/medicinasinc.com\/fi\/product\/osta-alfa-pvp\/#primaryimage","url":"https:\/\/medicinasinc.com\/fi\/wp-content\/uploads\/sites\/12\/2022\/02\/Buy-alpha-pvp.jpg","contentUrl":"https:\/\/medicinasinc.com\/fi\/wp-content\/uploads\/sites\/12\/2022\/02\/Buy-alpha-pvp.jpg","width":458,"height":458},{"@type":"BreadcrumbList","@id":"https:\/\/medicinasinc.com\/fi\/product\/osta-alfa-pvp\/#breadcrumb","itemListElement":[{"@type":"ListItem","position":1,"name":"Myym\u00e4l\u00e4","item":"https:\/\/medicinasinc.com\/fi\/myymala\/"},{"@type":"ListItem","position":2,"name":"Osta Alpha-PVP"}]},{"@type":"WebSite","@id":"https:\/\/medicinasinc.com\/fi\/#website","url":"https:\/\/medicinasinc.com\/fi\/","name":"Medicinas Inc","description":"Health Medical Clinic","potentialAction":[{"@type":"SearchAction","target":{"@type":"EntryPoint","urlTemplate":"https:\/\/medicinasinc.com\/fi\/?s={search_term_string}"},"query-input":{"@type":"PropertyValueSpecification","valueRequired":true,"valueName":"search_term_string"}}],"inLanguage":"en-US"}]}},"_links":{"self":[{"href":"https:\/\/medicinasinc.com\/fi\/wp-json\/wp\/v2\/product\/5441","targetHints":{"allow":["GET"]}}],"collection":[{"href":"https:\/\/medicinasinc.com\/fi\/wp-json\/wp\/v2\/product"}],"about":[{"href":"https:\/\/medicinasinc.com\/fi\/wp-json\/wp\/v2\/types\/product"}],"replies":[{"embeddable":true,"href":"https:\/\/medicinasinc.com\/fi\/wp-json\/wp\/v2\/comments?post=5441"}],"wp:featuredmedia":[{"embeddable":true,"href":"https:\/\/medicinasinc.com\/fi\/wp-json\/wp\/v2\/media\/5451"}],"wp:attachment":[{"href":"https:\/\/medicinasinc.com\/fi\/wp-json\/wp\/v2\/media?parent=5441"}],"wp:term":[{"taxonomy":"product_brand","embeddable":true,"href":"https:\/\/medicinasinc.com\/fi\/wp-json\/wp\/v2\/product_brand?post=5441"},{"taxonomy":"product_cat","embeddable":true,"href":"https:\/\/medicinasinc.com\/fi\/wp-json\/wp\/v2\/product_cat?post=5441"},{"taxonomy":"product_tag","embeddable":true,"href":"https:\/\/medicinasinc.com\/fi\/wp-json\/wp\/v2\/product_tag?post=5441"}],"curies":[{"name":"wp","href":"https:\/\/api.w.org\/{rel}","templated":true}]}}