{"id":5440,"date":"2022-02-21T23:30:16","date_gmt":"2022-02-21T23:30:16","guid":{"rendered":"https:\/\/medicinasinc.com\/fi\/?post_type=product&#038;p=5440"},"modified":"2022-03-22T00:58:19","modified_gmt":"2022-03-22T00:58:19","slug":"osta-ald-52-blotterit","status":"publish","type":"product","link":"https:\/\/medicinasinc.com\/fi\/product\/osta-ald-52-blotterit\/","title":{"rendered":"Osta ALD-52 Blotterit"},"content":{"rendered":"<p>ALD-52 Blotterit voi ostaa verkosta. Blotterit, jotka sis\u00e4lt\u00e4v\u00e4t 100 mikrogrammaa ALD-52:ta<\/p>\n<p>ALD-52 Blotterit, voit ostaa verkosta.<\/p>\n<p>Blotterit, jotka sis\u00e4lt\u00e4v\u00e4t 100 mikrogrammaa ALD-52:ta<\/p>\n<p>ALD 52 Blotter, osta ALD 52 Blotter <\/p>\n<p>ALD-52 on muodin huume, jota useat res-kemikaalit ovat vahvistaneet viiv\u00e4styneen ALD-52-historian ja useiden muiden ALD-52-nimien vuoksi. Tutkijat ostavat ALD-52:n verkosta k\u00e4ytett\u00e4v\u00e4ksi l\u00e4\u00e4kitys-, virkistys- ja tutkimusaloilla. ALD-52:n psykotrooppiset ominaisuudet tekiv\u00e4t siit\u00e4 kiistattoman laboratorioty\u00f6ntekij\u00f6iden ja alan asiantuntijoiden keskuudessa. Suuri joukko tyypillisi\u00e4 asiakkaita valitsee ostettavan ostettavaksi saadakseen j\u00e4nnityst\u00e4, tyytyv\u00e4isyytt\u00e4, s\u00e4ilytt\u00e4\u00e4kseen energiansa ja lis\u00e4t\u00e4kseen seksuaalista aktiivisuutta.<\/p>\n<p>On t\u00e4rke\u00e4\u00e4 valita ALD-52, joka on valmistettu parhaista tyypeist\u00e4 edistymisest\u00e4 t\u00e4ysin kontrolloidun ker\u00e4ystoimenpiteen menetelmill\u00e4. Laajat panostukset tutkimukseen valmistettuihin ostettavissa oleviin seoksiin ovat markkinoiden ansiosta mahdollista valvoa ty\u00f6n tason luomista kiinalaisissa laboratorioissa, joissa kaikki suihkusuolat valmistetaan.<\/p>\n<p>Vertaansa vailla olevana toimittajana organisaatiomme ty\u00f6skentelee suoraan laillisia kiinalaisia \u200b\u200bj\u00e4rjest\u00f6j\u00e4. Sen avulla voit vaihtaa virheett\u00f6mimm\u00e4t ja laadukkaimmat suihkusuolat. ALD-52 sekoitetaan tiukan valvonnan alaisena ja kaikkien periaatteiden mukaisesti. Uusimpien ja yhdenmukaisten saatavilla olevien tietojen avulla tarjotaan h\u00e4ik\u00e4isevin hinta parhaalla tutkimusmateriaalien ostosivustolla. ALD-52-pelletit, ALD-52-laikkupinnat ja ALD-52-jauheet kuljetetaan kiinalaisissa laboratorioissa. ALD-52:n l\u00e4hett\u00e4j\u00e4 l\u00e4hett\u00e4\u00e4 ALD-52:n mihin tahansa maahan. L\u00e4heinen yhteisty\u00f6 laillisten ALD-52-toimittajien kanssa varmistaa, ett\u00e4 testien ja tutkimusten tulokset saadaan oikea-aikaisesti.<\/p>\n<p>Toimittaja on ollut pitk\u00e4\u00e4n luotettava arviointikemikaalien valmistaja. Asiakkaat ovat antaneet sivustolle ylivoimaisen maineen koko res chems -verkostossa. ald 52 myyt\u00e4v\u00e4n\u00e4, ald 52 ostaa, ald 52 ostaa, ald-52 ostaa Koska luotettavat RC-toimittajat tarjoavat koko p\u00e4iv\u00e4n apua organisaatiolle kokeneiden johtajien kanssa live-chatin kautta, joilla on merkitt\u00e4v\u00e4\u00e4 tietoa, joka auttaa sinua kaikissa vaikeissa olosuhteissa.<\/p>\n<p>Verkkokeskusteluissa ostettavissa olevista erinomaisista tutkimuksista suunnitelluista raskauksista voit saada positiivisia reaktioita ostajiltamme, jotka ovat t\u00e4ll\u00e4 hetkell\u00e4 tyytyv\u00e4isi\u00e4 tarjottuun apuun ja parhaisiin asioihin, jotka on ostettu t\u00e4st\u00e4 verkossa.<\/p>\n","protected":false},"excerpt":{"rendered":"<div class=\"char\">TEKNISET TIEDOT<\/div>\n<div class=\"specification\">\n<div class=\"sprow\"><span class=\"spname\">Tuotteen nimi:<\/span><span class=\"sptext \">ALD-52<\/span><\/div>\n<div class=\"sprow\"><span class=\"spname\">IUPAC-nimi:<\/span><span class=\"sptext\">1-asetyyli-N, N-dietyylilysergamidi, ALD<\/span><\/div>\n<div class=\"sprow\"><span class=\"spname\">muut nimet:<\/span><span class=\"sptext\">N-asetyyli-LSD, Asetyylilysergihappodietyyliamidi, d-asetyylilysergihappodietyyliamidi, d-asetyylidietyylilysergamidi<\/span><\/div>\n<div class=\"sprow\"><span class=\"spname\">Cas-numero:<\/span><span class=\"sptext\">3270-02-8<\/span><\/div>\n<div class=\"sprow\"><span class=\"spname\">Molekyylikaava:<\/span><span class=\"sptext\">C22H27N3O2<\/span><\/div>\n<div class=\"sprow\"><span class=\"spname\">Moolimassa:<\/span><span class=\"sptext\">365,477 g\u2022mol-1<\/span><\/div>\n<div class=\"sprow\"><span class=\"spname\">Vaikutus:<\/span><span class=\"sptext\">psykedeelinen, hallusinogeeni<\/span><\/div>\n<div class=\"sprow\"><\/div>\n<\/p><\/div>\n<p>Osta ALD-52 Blotterit verkosta. <em>ALD<\/em>\u2013<em>52<\/em>\u00a0on LSD:n N-asetyylijohdannainen. <strong>100 mcg<\/strong>\u00a0ALD-52 Blotterit.<\/p>\n<p>ALD-52 myynniss\u00e4 Euroopassa, osta Bitcoinilla ja saat huomaamattoman toimituksen EU:sta. ALD-52 Blotterit myyt\u00e4v\u00e4n\u00e4, ALD-52 raakajauhe myyd\u00e4\u00e4n, tutkimuskemikaalien toimittaja<\/p>\n<p>Tilaa n\u00e4yte testattavaksi tai osta ALD-52 myyt\u00e4v\u00e4ksi ilmaisella toimituksella Isossa-Britanniassa, Yhdysvalloissa tai Euroopassa.<\/p>\n","protected":false},"featured_media":5449,"comment_status":"open","ping_status":"closed","template":"","meta":[],"product_brand":[],"product_cat":[2014],"product_tag":[2650,2651,2654,2657,2658,2660,2661,2662,2653,2655,2656,2652,2659],"class_list":{"0":"post-5440","1":"product","2":"type-product","3":"status-publish","4":"has-post-thumbnail","6":"product_cat-osta-tutkimus-kemikaaleja","7":"product_tag-ald-52-blotterit-myynniss","8":"product_tag-ald-52-blotters-online-myynti","9":"product_tag-buy-ald-52-blotters-online","10":"product_tag-comprar-pedir-secantes-ald-52-en-linea","11":"product_tag-huomaamaton-myyj-ald-52","12":"product_tag-mist-osta-ald-52-blotters-verkosta","13":"product_tag-mist-ostaa-puhdas-ald-52-blotters-verkosta","14":"product_tag-mist-tilaa-legit-ald-52-blotters-online","15":"product_tag-osta-ald-52-blotterit-jlleenmyynti-varten","16":"product_tag-osta-legit-ald-52-blotters-online","17":"product_tag-osta-pure-ald-52-blotters-verkosta","18":"product_tag-best-ald-52-blotters-online","19":"product_tag-tilaa-ald-52-blotters-online","21":"first","22":"instock","23":"shipping-taxable","24":"purchasable","25":"product-type-variable","26":"has-default-attributes"},"yoast_head":"<!-- This site is optimized with the Yoast SEO plugin v27.3 - https:\/\/yoast.com\/product\/yoast-seo-wordpress\/ -->\n<title>Osta ALD-52 Blotterit - Laadukkaat ALD-52 Blotterit - Parhaat maailmanlaajuiset l\u00e4\u00e4kkeet<\/title>\n<meta name=\"description\" content=\"Osta ALD-52 Blotterit verkosta. osta ALD-52\u00a0myyd\u00e4\u00e4n ja saat ilmaisen toimituksen Isossa-Britanniassa, Yhdysvalloissa tai Euroopassa ALD-52 on LSD:n N-asetyylijohdannainen. 100mcg ALD-52 Blotterit.\" \/>\n<meta name=\"robots\" content=\"index, follow, max-snippet:-1, max-image-preview:large, max-video-preview:-1\" \/>\n<link rel=\"canonical\" href=\"https:\/\/medicinasinc.com\/fi\/product\/osta-ald-52-blotterit\/\" \/>\n<meta property=\"og:locale\" content=\"en_US\" \/>\n<meta property=\"og:type\" content=\"article\" \/>\n<meta property=\"og:title\" content=\"Osta ALD-52 Blotterit - Laadukkaat ALD-52 Blotterit - Parhaat maailmanlaajuiset l\u00e4\u00e4kkeet\" \/>\n<meta property=\"og:description\" content=\"Osta ALD-52 Blotterit verkosta. osta ALD-52\u00a0myyd\u00e4\u00e4n ja saat ilmaisen toimituksen Isossa-Britanniassa, Yhdysvalloissa tai Euroopassa ALD-52 on LSD:n N-asetyylijohdannainen. 100mcg ALD-52 Blotterit.\" \/>\n<meta property=\"og:url\" content=\"https:\/\/medicinasinc.com\/fi\/product\/osta-ald-52-blotterit\/\" \/>\n<meta property=\"og:site_name\" content=\"Medicinas Inc\" \/>\n<meta property=\"article:modified_time\" content=\"2022-03-22T00:58:19+00:00\" \/>\n<meta property=\"og:image\" content=\"https:\/\/medicinasinc.com\/fi\/wp-content\/uploads\/sites\/12\/2022\/02\/Buy-ALD-52-Blotters.jpg\" \/>\n\t<meta property=\"og:image:width\" content=\"350\" \/>\n\t<meta property=\"og:image:height\" content=\"350\" \/>\n\t<meta property=\"og:image:type\" content=\"image\/jpeg\" \/>\n<meta name=\"twitter:card\" content=\"summary_large_image\" \/>\n<meta name=\"twitter:label1\" content=\"Est. reading time\" \/>\n\t<meta name=\"twitter:data1\" content=\"2 minutes\" \/>\n<script type=\"application\/ld+json\" class=\"yoast-schema-graph\">{\"@context\":\"https:\\\/\\\/schema.org\",\"@graph\":[{\"@type\":\"WebPage\",\"@id\":\"https:\\\/\\\/medicinasinc.com\\\/fi\\\/product\\\/osta-ald-52-blotterit\\\/\",\"url\":\"https:\\\/\\\/medicinasinc.com\\\/fi\\\/product\\\/osta-ald-52-blotterit\\\/\",\"name\":\"Osta ALD-52 Blotterit - Laadukkaat ALD-52 Blotterit - Parhaat maailmanlaajuiset l\u00e4\u00e4kkeet\",\"isPartOf\":{\"@id\":\"https:\\\/\\\/medicinasinc.com\\\/fi\\\/#website\"},\"primaryImageOfPage\":{\"@id\":\"https:\\\/\\\/medicinasinc.com\\\/fi\\\/product\\\/osta-ald-52-blotterit\\\/#primaryimage\"},\"image\":{\"@id\":\"https:\\\/\\\/medicinasinc.com\\\/fi\\\/product\\\/osta-ald-52-blotterit\\\/#primaryimage\"},\"thumbnailUrl\":\"https:\\\/\\\/medicinasinc.com\\\/fi\\\/wp-content\\\/uploads\\\/sites\\\/12\\\/2022\\\/02\\\/Buy-ALD-52-Blotters.jpg\",\"datePublished\":\"2022-02-21T23:30:16+00:00\",\"dateModified\":\"2022-03-22T00:58:19+00:00\",\"description\":\"Osta ALD-52 Blotterit verkosta. osta ALD-52\u00a0myyd\u00e4\u00e4n ja saat ilmaisen toimituksen Isossa-Britanniassa, Yhdysvalloissa tai Euroopassa ALD-52 on LSD:n N-asetyylijohdannainen. 100mcg ALD-52 Blotterit.\",\"breadcrumb\":{\"@id\":\"https:\\\/\\\/medicinasinc.com\\\/fi\\\/product\\\/osta-ald-52-blotterit\\\/#breadcrumb\"},\"inLanguage\":\"en-US\",\"potentialAction\":[{\"@type\":\"ReadAction\",\"target\":[\"https:\\\/\\\/medicinasinc.com\\\/fi\\\/product\\\/osta-ald-52-blotterit\\\/\"]}]},{\"@type\":\"ImageObject\",\"inLanguage\":\"en-US\",\"@id\":\"https:\\\/\\\/medicinasinc.com\\\/fi\\\/product\\\/osta-ald-52-blotterit\\\/#primaryimage\",\"url\":\"https:\\\/\\\/medicinasinc.com\\\/fi\\\/wp-content\\\/uploads\\\/sites\\\/12\\\/2022\\\/02\\\/Buy-ALD-52-Blotters.jpg\",\"contentUrl\":\"https:\\\/\\\/medicinasinc.com\\\/fi\\\/wp-content\\\/uploads\\\/sites\\\/12\\\/2022\\\/02\\\/Buy-ALD-52-Blotters.jpg\",\"width\":350,\"height\":350},{\"@type\":\"BreadcrumbList\",\"@id\":\"https:\\\/\\\/medicinasinc.com\\\/fi\\\/product\\\/osta-ald-52-blotterit\\\/#breadcrumb\",\"itemListElement\":[{\"@type\":\"ListItem\",\"position\":1,\"name\":\"Myym\u00e4l\u00e4\",\"item\":\"https:\\\/\\\/medicinasinc.com\\\/fi\\\/myymala\\\/\"},{\"@type\":\"ListItem\",\"position\":2,\"name\":\"Osta ALD-52 Blotterit\"}]},{\"@type\":\"WebSite\",\"@id\":\"https:\\\/\\\/medicinasinc.com\\\/fi\\\/#website\",\"url\":\"https:\\\/\\\/medicinasinc.com\\\/fi\\\/\",\"name\":\"Medicinas Inc\",\"description\":\"Health Medical Clinic\",\"potentialAction\":[{\"@type\":\"SearchAction\",\"target\":{\"@type\":\"EntryPoint\",\"urlTemplate\":\"https:\\\/\\\/medicinasinc.com\\\/fi\\\/?s={search_term_string}\"},\"query-input\":{\"@type\":\"PropertyValueSpecification\",\"valueRequired\":true,\"valueName\":\"search_term_string\"}}],\"inLanguage\":\"en-US\"}]}<\/script>\n<!-- \/ Yoast SEO plugin. -->","yoast_head_json":{"title":"Osta ALD-52 Blotterit - Laadukkaat ALD-52 Blotterit - Parhaat maailmanlaajuiset l\u00e4\u00e4kkeet","description":"Osta ALD-52 Blotterit verkosta. osta ALD-52\u00a0myyd\u00e4\u00e4n ja saat ilmaisen toimituksen Isossa-Britanniassa, Yhdysvalloissa tai Euroopassa ALD-52 on LSD:n N-asetyylijohdannainen. 100mcg ALD-52 Blotterit.","robots":{"index":"index","follow":"follow","max-snippet":"max-snippet:-1","max-image-preview":"max-image-preview:large","max-video-preview":"max-video-preview:-1"},"canonical":"https:\/\/medicinasinc.com\/fi\/product\/osta-ald-52-blotterit\/","og_locale":"en_US","og_type":"article","og_title":"Osta ALD-52 Blotterit - Laadukkaat ALD-52 Blotterit - Parhaat maailmanlaajuiset l\u00e4\u00e4kkeet","og_description":"Osta ALD-52 Blotterit verkosta. osta ALD-52\u00a0myyd\u00e4\u00e4n ja saat ilmaisen toimituksen Isossa-Britanniassa, Yhdysvalloissa tai Euroopassa ALD-52 on LSD:n N-asetyylijohdannainen. 100mcg ALD-52 Blotterit.","og_url":"https:\/\/medicinasinc.com\/fi\/product\/osta-ald-52-blotterit\/","og_site_name":"Medicinas Inc","article_modified_time":"2022-03-22T00:58:19+00:00","og_image":[{"width":350,"height":350,"url":"https:\/\/medicinasinc.com\/fi\/wp-content\/uploads\/sites\/12\/2022\/02\/Buy-ALD-52-Blotters.jpg","type":"image\/jpeg"}],"twitter_card":"summary_large_image","twitter_misc":{"Est. reading time":"2 minutes"},"schema":{"@context":"https:\/\/schema.org","@graph":[{"@type":"WebPage","@id":"https:\/\/medicinasinc.com\/fi\/product\/osta-ald-52-blotterit\/","url":"https:\/\/medicinasinc.com\/fi\/product\/osta-ald-52-blotterit\/","name":"Osta ALD-52 Blotterit - Laadukkaat ALD-52 Blotterit - Parhaat maailmanlaajuiset l\u00e4\u00e4kkeet","isPartOf":{"@id":"https:\/\/medicinasinc.com\/fi\/#website"},"primaryImageOfPage":{"@id":"https:\/\/medicinasinc.com\/fi\/product\/osta-ald-52-blotterit\/#primaryimage"},"image":{"@id":"https:\/\/medicinasinc.com\/fi\/product\/osta-ald-52-blotterit\/#primaryimage"},"thumbnailUrl":"https:\/\/medicinasinc.com\/fi\/wp-content\/uploads\/sites\/12\/2022\/02\/Buy-ALD-52-Blotters.jpg","datePublished":"2022-02-21T23:30:16+00:00","dateModified":"2022-03-22T00:58:19+00:00","description":"Osta ALD-52 Blotterit verkosta. osta ALD-52\u00a0myyd\u00e4\u00e4n ja saat ilmaisen toimituksen Isossa-Britanniassa, Yhdysvalloissa tai Euroopassa ALD-52 on LSD:n N-asetyylijohdannainen. 100mcg ALD-52 Blotterit.","breadcrumb":{"@id":"https:\/\/medicinasinc.com\/fi\/product\/osta-ald-52-blotterit\/#breadcrumb"},"inLanguage":"en-US","potentialAction":[{"@type":"ReadAction","target":["https:\/\/medicinasinc.com\/fi\/product\/osta-ald-52-blotterit\/"]}]},{"@type":"ImageObject","inLanguage":"en-US","@id":"https:\/\/medicinasinc.com\/fi\/product\/osta-ald-52-blotterit\/#primaryimage","url":"https:\/\/medicinasinc.com\/fi\/wp-content\/uploads\/sites\/12\/2022\/02\/Buy-ALD-52-Blotters.jpg","contentUrl":"https:\/\/medicinasinc.com\/fi\/wp-content\/uploads\/sites\/12\/2022\/02\/Buy-ALD-52-Blotters.jpg","width":350,"height":350},{"@type":"BreadcrumbList","@id":"https:\/\/medicinasinc.com\/fi\/product\/osta-ald-52-blotterit\/#breadcrumb","itemListElement":[{"@type":"ListItem","position":1,"name":"Myym\u00e4l\u00e4","item":"https:\/\/medicinasinc.com\/fi\/myymala\/"},{"@type":"ListItem","position":2,"name":"Osta ALD-52 Blotterit"}]},{"@type":"WebSite","@id":"https:\/\/medicinasinc.com\/fi\/#website","url":"https:\/\/medicinasinc.com\/fi\/","name":"Medicinas Inc","description":"Health Medical Clinic","potentialAction":[{"@type":"SearchAction","target":{"@type":"EntryPoint","urlTemplate":"https:\/\/medicinasinc.com\/fi\/?s={search_term_string}"},"query-input":{"@type":"PropertyValueSpecification","valueRequired":true,"valueName":"search_term_string"}}],"inLanguage":"en-US"}]}},"_links":{"self":[{"href":"https:\/\/medicinasinc.com\/fi\/wp-json\/wp\/v2\/product\/5440","targetHints":{"allow":["GET"]}}],"collection":[{"href":"https:\/\/medicinasinc.com\/fi\/wp-json\/wp\/v2\/product"}],"about":[{"href":"https:\/\/medicinasinc.com\/fi\/wp-json\/wp\/v2\/types\/product"}],"replies":[{"embeddable":true,"href":"https:\/\/medicinasinc.com\/fi\/wp-json\/wp\/v2\/comments?post=5440"}],"wp:featuredmedia":[{"embeddable":true,"href":"https:\/\/medicinasinc.com\/fi\/wp-json\/wp\/v2\/media\/5449"}],"wp:attachment":[{"href":"https:\/\/medicinasinc.com\/fi\/wp-json\/wp\/v2\/media?parent=5440"}],"wp:term":[{"taxonomy":"product_brand","embeddable":true,"href":"https:\/\/medicinasinc.com\/fi\/wp-json\/wp\/v2\/product_brand?post=5440"},{"taxonomy":"product_cat","embeddable":true,"href":"https:\/\/medicinasinc.com\/fi\/wp-json\/wp\/v2\/product_cat?post=5440"},{"taxonomy":"product_tag","embeddable":true,"href":"https:\/\/medicinasinc.com\/fi\/wp-json\/wp\/v2\/product_tag?post=5440"}],"curies":[{"name":"wp","href":"https:\/\/api.w.org\/{rel}","templated":true}]}}