{"id":5419,"date":"2022-02-21T23:00:46","date_gmt":"2022-02-21T23:00:46","guid":{"rendered":"https:\/\/medicinasinc.com\/fi\/?post_type=product&#038;p=5419"},"modified":"2022-03-22T00:58:29","modified_gmt":"2022-03-22T00:58:29","slug":"osta-adb-pinaca-jauhe","status":"publish","type":"product","link":"https:\/\/medicinasinc.com\/fi\/product\/osta-adb-pinaca-jauhe\/","title":{"rendered":"Osta ADB-PINACA-jauhe"},"content":{"rendered":"<p><strong>Korkeapuhtaista ADB-Pinaca-jauhetta on saatavana<\/strong><\/p>\n<p>Jauhetta ja kidemetiopropamiinia\/MPA:ta voi ostaa ADB-Pinaca Powder Purity 98 % -kemiallisesta varastosta<\/p>\n<p>ADB-Pinaca-jauheen puhtaus<\/p>\n<p>ProName: 5F-MDMB-PINACA 5F-ADB 5FADB ADB-jauhe<br \/> CasNo: 68585-34-2<br \/> Molekyylikaava: ADB<br \/> Ulkon\u00e4k\u00f6: valkoinen kiteinen jauhe<br \/> K\u00e4ytt\u00f6: farmaseuttinen v\u00e4lituote<br \/> Toimitusaika: 4-7 p\u00e4iv\u00e4\u00e4 valmiille tuotteille<br \/> Pakkaus: 1kg\/alumiinifoliopussi<br \/> Portti: Tianjin<br \/> Tuotantokapasiteetti : 10000 kiloa\/kuukausi<br \/> Puhtaus: &gt;99,5 %<br \/> Varastointi: s\u00e4ilyt\u00e4 viile\u00e4ss\u00e4, kuivassa ja hyvin suljetussa paikassa<br \/> Kuljetus: EMS, DHL, FEDEX<br \/> Kosteuspitoisuus: \u2264 0,01<\/p>\n<p>Osta <a href=\"https:\/\/en.wikipedia.org\/wiki\/ADB-PINACA\">ADB-Pinaca<\/a> jauheen puhtaus 98 % myyt\u00e4v\u00e4n\u00e4,tutki kemikaalien myyj\u00e4t, osta tutkimuskemikaalit Kiina,paras sivusto tutkimuskemikaalien ostamiseen,tutkimuskemikaalit reddit,kehonrakennuksen tutkimuskemikaalit,halvat tutkimuskemikaalit usa,osta tutkimusta c hemicals online europe<\/p>\n<p>&nbsp;<\/p>\n<div class=\"product-next-previous\">\n<div class=\"product-prev\"><\/div><\/div>\n","protected":false},"excerpt":{"rendered":"<p>Osta ADB-Pinaca Powder High Purity. Osta ADB-Pinaca Powder Purity 98 % Chemical Stock saatavilla Powder &amp; Crystal<\/p>\n<p>Osta ADB-Pinaca Powder\u00a0myyd\u00e4\u00e4n Euroopassa, Isossa-Britanniassa, EU:ssa, Kiinassa Puhtaus 98 % Chemical Stock saatavilla\u00a0jauheena\u00a0&amp; CrystalMethiopropamine \/ MPA\u00a0ADB-Pinaca-jauheen\u00a0puhtaus.<\/p>\n","protected":false},"featured_media":5431,"comment_status":"open","ping_status":"closed","template":"","meta":[],"product_brand":[],"product_cat":[2014],"product_tag":[2634,2632,2633,2635,2645,2637,2638,2640,2641,2642,2643,2644,2646,2639,2648,2636,2647,2649],"class_list":{"0":"post-5419","1":"product","2":"type-product","3":"status-publish","4":"has-post-thumbnail","6":"product_cat-osta-tutkimus-kemikaaleja","7":"product_tag-adb-fubinaca-review","8":"product_tag-adb-fubinaca-grammaa-kohti","9":"product_tag-adb-fubinaca-hinta","10":"product_tag-adb-fubinaca-suppliers","11":"product_tag-alhainen-adb-fubinaca","12":"product_tag-buy-online-adb-fubinaca","13":"product_tag-description-adb-fubinaca","14":"product_tag-fubinaca-efektit","15":"product_tag-how-much-does-speed-cost-adb-fubinaca","16":"product_tag-how-to-buy-adb-fubinaca","17":"product_tag-osto-adb-fubinaca","18":"product_tag-low-price-adb-fubinaca","19":"product_tag-mdmb-fubinaca","20":"product_tag-myytvn-adb-fubinaca","21":"product_tag-order-adb-fubinaca","22":"product_tag-osta-adb-fubinaca","23":"product_tag-online-buy-adb-fubinaca","24":"product_tag-review-adb-fubinaca","26":"first","27":"instock","28":"shipping-taxable","29":"purchasable","30":"product-type-variable","31":"has-default-attributes"},"yoast_head":"<!-- This site is optimized with the Yoast SEO plugin v27.3 - https:\/\/yoast.com\/product\/yoast-seo-wordpress\/ -->\n<title>Osta ADB-PINACA-jauhe - ADB-PINACA - parhaat maailmanlaajuiset l\u00e4\u00e4kkeet<\/title>\n<meta name=\"description\" content=\"Osta ADB-Pinaca Powder myyntiin Euroopassa, Isossa-Britanniassa, EU:ssa, Kiinassa Puhtaus 98 % Chemical Stock in Powder &amp; Kristallimetiopropamiini \/ MPA\u00a0ADB-Pinaca-jauhe.\" \/>\n<meta name=\"robots\" content=\"index, follow, max-snippet:-1, max-image-preview:large, max-video-preview:-1\" \/>\n<link rel=\"canonical\" href=\"https:\/\/medicinasinc.com\/fi\/product\/osta-adb-pinaca-jauhe\/\" \/>\n<meta property=\"og:locale\" content=\"en_US\" \/>\n<meta property=\"og:type\" content=\"article\" \/>\n<meta property=\"og:title\" content=\"Osta ADB-PINACA-jauhe - ADB-PINACA - parhaat maailmanlaajuiset l\u00e4\u00e4kkeet\" \/>\n<meta property=\"og:description\" content=\"Osta ADB-Pinaca Powder myyntiin Euroopassa, Isossa-Britanniassa, EU:ssa, Kiinassa Puhtaus 98 % Chemical Stock in Powder &amp; Kristallimetiopropamiini \/ MPA\u00a0ADB-Pinaca-jauhe.\" \/>\n<meta property=\"og:url\" content=\"https:\/\/medicinasinc.com\/fi\/product\/osta-adb-pinaca-jauhe\/\" \/>\n<meta property=\"og:site_name\" content=\"Medicinas Inc\" \/>\n<meta property=\"article:modified_time\" content=\"2022-03-22T00:58:29+00:00\" \/>\n<meta property=\"og:image\" content=\"https:\/\/medicinasinc.com\/fi\/wp-content\/uploads\/sites\/12\/2022\/02\/Buy-ADB-Pinaca-Powder.png\" \/>\n\t<meta property=\"og:image:width\" content=\"600\" \/>\n\t<meta property=\"og:image:height\" content=\"400\" \/>\n\t<meta property=\"og:image:type\" content=\"image\/png\" \/>\n<meta name=\"twitter:card\" content=\"summary_large_image\" \/>\n<meta name=\"twitter:label1\" content=\"Est. reading time\" \/>\n\t<meta name=\"twitter:data1\" content=\"1 minute\" \/>\n<script type=\"application\/ld+json\" class=\"yoast-schema-graph\">{\"@context\":\"https:\\\/\\\/schema.org\",\"@graph\":[{\"@type\":\"WebPage\",\"@id\":\"https:\\\/\\\/medicinasinc.com\\\/fi\\\/product\\\/osta-adb-pinaca-jauhe\\\/\",\"url\":\"https:\\\/\\\/medicinasinc.com\\\/fi\\\/product\\\/osta-adb-pinaca-jauhe\\\/\",\"name\":\"Osta ADB-PINACA-jauhe - ADB-PINACA - parhaat maailmanlaajuiset l\u00e4\u00e4kkeet\",\"isPartOf\":{\"@id\":\"https:\\\/\\\/medicinasinc.com\\\/fi\\\/#website\"},\"primaryImageOfPage\":{\"@id\":\"https:\\\/\\\/medicinasinc.com\\\/fi\\\/product\\\/osta-adb-pinaca-jauhe\\\/#primaryimage\"},\"image\":{\"@id\":\"https:\\\/\\\/medicinasinc.com\\\/fi\\\/product\\\/osta-adb-pinaca-jauhe\\\/#primaryimage\"},\"thumbnailUrl\":\"https:\\\/\\\/medicinasinc.com\\\/fi\\\/wp-content\\\/uploads\\\/sites\\\/12\\\/2022\\\/02\\\/Buy-ADB-Pinaca-Powder.png\",\"datePublished\":\"2022-02-21T23:00:46+00:00\",\"dateModified\":\"2022-03-22T00:58:29+00:00\",\"description\":\"Osta ADB-Pinaca Powder myyntiin Euroopassa, Isossa-Britanniassa, EU:ssa, Kiinassa Puhtaus 98 % Chemical Stock in Powder &amp; Kristallimetiopropamiini \\\/ MPA\u00a0ADB-Pinaca-jauhe.\",\"breadcrumb\":{\"@id\":\"https:\\\/\\\/medicinasinc.com\\\/fi\\\/product\\\/osta-adb-pinaca-jauhe\\\/#breadcrumb\"},\"inLanguage\":\"en-US\",\"potentialAction\":[{\"@type\":\"ReadAction\",\"target\":[\"https:\\\/\\\/medicinasinc.com\\\/fi\\\/product\\\/osta-adb-pinaca-jauhe\\\/\"]}]},{\"@type\":\"ImageObject\",\"inLanguage\":\"en-US\",\"@id\":\"https:\\\/\\\/medicinasinc.com\\\/fi\\\/product\\\/osta-adb-pinaca-jauhe\\\/#primaryimage\",\"url\":\"https:\\\/\\\/medicinasinc.com\\\/fi\\\/wp-content\\\/uploads\\\/sites\\\/12\\\/2022\\\/02\\\/Buy-ADB-Pinaca-Powder.png\",\"contentUrl\":\"https:\\\/\\\/medicinasinc.com\\\/fi\\\/wp-content\\\/uploads\\\/sites\\\/12\\\/2022\\\/02\\\/Buy-ADB-Pinaca-Powder.png\",\"width\":600,\"height\":400},{\"@type\":\"BreadcrumbList\",\"@id\":\"https:\\\/\\\/medicinasinc.com\\\/fi\\\/product\\\/osta-adb-pinaca-jauhe\\\/#breadcrumb\",\"itemListElement\":[{\"@type\":\"ListItem\",\"position\":1,\"name\":\"Myym\u00e4l\u00e4\",\"item\":\"https:\\\/\\\/medicinasinc.com\\\/fi\\\/myymala\\\/\"},{\"@type\":\"ListItem\",\"position\":2,\"name\":\"Osta ADB-PINACA-jauhe\"}]},{\"@type\":\"WebSite\",\"@id\":\"https:\\\/\\\/medicinasinc.com\\\/fi\\\/#website\",\"url\":\"https:\\\/\\\/medicinasinc.com\\\/fi\\\/\",\"name\":\"Medicinas Inc\",\"description\":\"Health Medical Clinic\",\"potentialAction\":[{\"@type\":\"SearchAction\",\"target\":{\"@type\":\"EntryPoint\",\"urlTemplate\":\"https:\\\/\\\/medicinasinc.com\\\/fi\\\/?s={search_term_string}\"},\"query-input\":{\"@type\":\"PropertyValueSpecification\",\"valueRequired\":true,\"valueName\":\"search_term_string\"}}],\"inLanguage\":\"en-US\"}]}<\/script>\n<!-- \/ Yoast SEO plugin. -->","yoast_head_json":{"title":"Osta ADB-PINACA-jauhe - ADB-PINACA - parhaat maailmanlaajuiset l\u00e4\u00e4kkeet","description":"Osta ADB-Pinaca Powder myyntiin Euroopassa, Isossa-Britanniassa, EU:ssa, Kiinassa Puhtaus 98 % Chemical Stock in Powder &amp; Kristallimetiopropamiini \/ MPA\u00a0ADB-Pinaca-jauhe.","robots":{"index":"index","follow":"follow","max-snippet":"max-snippet:-1","max-image-preview":"max-image-preview:large","max-video-preview":"max-video-preview:-1"},"canonical":"https:\/\/medicinasinc.com\/fi\/product\/osta-adb-pinaca-jauhe\/","og_locale":"en_US","og_type":"article","og_title":"Osta ADB-PINACA-jauhe - ADB-PINACA - parhaat maailmanlaajuiset l\u00e4\u00e4kkeet","og_description":"Osta ADB-Pinaca Powder myyntiin Euroopassa, Isossa-Britanniassa, EU:ssa, Kiinassa Puhtaus 98 % Chemical Stock in Powder &amp; Kristallimetiopropamiini \/ MPA\u00a0ADB-Pinaca-jauhe.","og_url":"https:\/\/medicinasinc.com\/fi\/product\/osta-adb-pinaca-jauhe\/","og_site_name":"Medicinas Inc","article_modified_time":"2022-03-22T00:58:29+00:00","og_image":[{"width":600,"height":400,"url":"https:\/\/medicinasinc.com\/fi\/wp-content\/uploads\/sites\/12\/2022\/02\/Buy-ADB-Pinaca-Powder.png","type":"image\/png"}],"twitter_card":"summary_large_image","twitter_misc":{"Est. reading time":"1 minute"},"schema":{"@context":"https:\/\/schema.org","@graph":[{"@type":"WebPage","@id":"https:\/\/medicinasinc.com\/fi\/product\/osta-adb-pinaca-jauhe\/","url":"https:\/\/medicinasinc.com\/fi\/product\/osta-adb-pinaca-jauhe\/","name":"Osta ADB-PINACA-jauhe - ADB-PINACA - parhaat maailmanlaajuiset l\u00e4\u00e4kkeet","isPartOf":{"@id":"https:\/\/medicinasinc.com\/fi\/#website"},"primaryImageOfPage":{"@id":"https:\/\/medicinasinc.com\/fi\/product\/osta-adb-pinaca-jauhe\/#primaryimage"},"image":{"@id":"https:\/\/medicinasinc.com\/fi\/product\/osta-adb-pinaca-jauhe\/#primaryimage"},"thumbnailUrl":"https:\/\/medicinasinc.com\/fi\/wp-content\/uploads\/sites\/12\/2022\/02\/Buy-ADB-Pinaca-Powder.png","datePublished":"2022-02-21T23:00:46+00:00","dateModified":"2022-03-22T00:58:29+00:00","description":"Osta ADB-Pinaca Powder myyntiin Euroopassa, Isossa-Britanniassa, EU:ssa, Kiinassa Puhtaus 98 % Chemical Stock in Powder &amp; Kristallimetiopropamiini \/ MPA\u00a0ADB-Pinaca-jauhe.","breadcrumb":{"@id":"https:\/\/medicinasinc.com\/fi\/product\/osta-adb-pinaca-jauhe\/#breadcrumb"},"inLanguage":"en-US","potentialAction":[{"@type":"ReadAction","target":["https:\/\/medicinasinc.com\/fi\/product\/osta-adb-pinaca-jauhe\/"]}]},{"@type":"ImageObject","inLanguage":"en-US","@id":"https:\/\/medicinasinc.com\/fi\/product\/osta-adb-pinaca-jauhe\/#primaryimage","url":"https:\/\/medicinasinc.com\/fi\/wp-content\/uploads\/sites\/12\/2022\/02\/Buy-ADB-Pinaca-Powder.png","contentUrl":"https:\/\/medicinasinc.com\/fi\/wp-content\/uploads\/sites\/12\/2022\/02\/Buy-ADB-Pinaca-Powder.png","width":600,"height":400},{"@type":"BreadcrumbList","@id":"https:\/\/medicinasinc.com\/fi\/product\/osta-adb-pinaca-jauhe\/#breadcrumb","itemListElement":[{"@type":"ListItem","position":1,"name":"Myym\u00e4l\u00e4","item":"https:\/\/medicinasinc.com\/fi\/myymala\/"},{"@type":"ListItem","position":2,"name":"Osta ADB-PINACA-jauhe"}]},{"@type":"WebSite","@id":"https:\/\/medicinasinc.com\/fi\/#website","url":"https:\/\/medicinasinc.com\/fi\/","name":"Medicinas Inc","description":"Health Medical Clinic","potentialAction":[{"@type":"SearchAction","target":{"@type":"EntryPoint","urlTemplate":"https:\/\/medicinasinc.com\/fi\/?s={search_term_string}"},"query-input":{"@type":"PropertyValueSpecification","valueRequired":true,"valueName":"search_term_string"}}],"inLanguage":"en-US"}]}},"_links":{"self":[{"href":"https:\/\/medicinasinc.com\/fi\/wp-json\/wp\/v2\/product\/5419","targetHints":{"allow":["GET"]}}],"collection":[{"href":"https:\/\/medicinasinc.com\/fi\/wp-json\/wp\/v2\/product"}],"about":[{"href":"https:\/\/medicinasinc.com\/fi\/wp-json\/wp\/v2\/types\/product"}],"replies":[{"embeddable":true,"href":"https:\/\/medicinasinc.com\/fi\/wp-json\/wp\/v2\/comments?post=5419"}],"wp:featuredmedia":[{"embeddable":true,"href":"https:\/\/medicinasinc.com\/fi\/wp-json\/wp\/v2\/media\/5431"}],"wp:attachment":[{"href":"https:\/\/medicinasinc.com\/fi\/wp-json\/wp\/v2\/media?parent=5419"}],"wp:term":[{"taxonomy":"product_brand","embeddable":true,"href":"https:\/\/medicinasinc.com\/fi\/wp-json\/wp\/v2\/product_brand?post=5419"},{"taxonomy":"product_cat","embeddable":true,"href":"https:\/\/medicinasinc.com\/fi\/wp-json\/wp\/v2\/product_cat?post=5419"},{"taxonomy":"product_tag","embeddable":true,"href":"https:\/\/medicinasinc.com\/fi\/wp-json\/wp\/v2\/product_tag?post=5419"}],"curies":[{"name":"wp","href":"https:\/\/api.w.org\/{rel}","templated":true}]}}