{"id":5417,"date":"2022-02-21T22:57:54","date_gmt":"2022-02-21T22:57:54","guid":{"rendered":"https:\/\/medicinasinc.com\/fi\/?post_type=product&#038;p=5417"},"modified":"2022-03-22T00:58:49","modified_gmt":"2022-03-22T00:58:49","slug":"osta-5f-mdmb-2201-5f-mmb-pica-5f-amb-pica","status":"publish","type":"product","link":"https:\/\/medicinasinc.com\/fi\/product\/osta-5f-mdmb-2201-5f-mmb-pica-5f-amb-pica\/","title":{"rendered":"Osta 5F MDMB 2201 &#8211; 5F-MMB-PICA, 5F-AMB-PICA"},"content":{"rendered":"<h1>Osta 5f MDMB 2201 Crystals verkosta.<\/h1>\n<p>Osta 5f MDMB 2201 Crystals verkosta.<\/p>\n<p>Se on indatsoli-3-karboksamidi, jota aletaan n\u00e4hd\u00e4 synteettisiss\u00e4 kannabistuotteista ymp\u00e4ri maailmaa. .<\/p>\n<p>Farmakologia:<br \/> 5F-MDMB-2201:n uskotaan olevan eritt\u00e4in voimakas CB1-agonisti, mutta ei tiedet\u00e4, onko sill\u00e4 vahva selektiivisyys CB1:n suhteen tai onko se selektiivinen kaikki. T\u00e4ll\u00e4 alueella tarvitaan lis\u00e4\u00e4 testausta.<\/p>\n<p>Samankaltaiset yhdisteet:<br \/> 5F-AB-PINACA<br \/> PX-3<br \/> MDMB-FUBINACA<br \/> MDMB-CHMICA<br \/> APINACA<br \/> APICA<br \/> ADB-PINACA<br \/> ADBICA<br \/> ADB-FUBINACA<br \/> ADB-CHMINACA<br \/> AB-PINACA<br \/> AB-FUBINACA<br \/> AB-CHMINACA<br \/> AB-CHFUPYCA<br \/> 5F-APINACA<br \/> 5F-AMB<\/p>\n<p>Laillisuus:<br \/> 5F-MDMB-2201:n ei tiedet\u00e4 olevan pidet\u00e4\u00e4n valvottavana aineena miss\u00e4 tahansa maassa tai suurella laink\u00e4ytt\u00f6alueella t\u00e4ll\u00e4 hetkell\u00e4, mutta sit\u00e4 voidaan pit\u00e4\u00e4 5F-ADB:n tai vastaavien yhdisteiden analogina. T\u00e4m\u00e4 saattaa tehd\u00e4 sen myymisest\u00e4 tai hallussapidosta laitonta tietyill\u00e4 laink\u00e4ytt\u00f6alueilla, joten t\u00e4t\u00e4 kemikaalia tuodessasi on oltava varovainen.<br \/> 5F-MDMB-2201 myyd\u00e4\u00e4n puhtaasti tutkimuskemikaalina, joten se ei sovellu ihmisten tai el\u00e4inten ravinnoksi. Sit\u00e4 saa k\u00e4ytt\u00e4\u00e4 vain koulutettu henkil\u00f6st\u00f6 laboratoriossa tai oikeusl\u00e4\u00e4ketieteellisess\u00e4 ymp\u00e4rist\u00f6ss\u00e4.<\/p>\n","protected":false},"excerpt":{"rendered":"<p>Osta MMB-2201, 5F MDMB 2201 myyt\u00e4v\u00e4n\u00e4 Isossa-Britanniassa, Euroopassa (tunnetaan my\u00f6s nimell\u00e4 5F-MMB-PICA, 5F-AMB-PICA ja I-AMB) on tehokas indoli-3-karboksamidipohjainen synteettinen kannabinoidi, joka on myyty design-huumeeksi ja synteettisten kannabissekoitusten aktiivisena aineena<\/p>\n<p>5f MDMB 2201 -kiteiden verkkokauppa. 5F-MDMB-2201 on synteettinen kannabinoidi indatsoliperheest\u00e4, joka on hyvin samanlainen kuin tunnetumpi 5F-MDMB-PINACA.<\/p>\n<p>Osta puhdasta korkealaatuista 5F-MDMB-2201-jauhetta verkosta Bitcoinilla &amp; #8211; Osta laillisia l\u00e4\u00e4kkeit\u00e4, tutkimuskemikaaleja ja raakoja l\u00e4\u00e4kejauheita verkosta.<\/p>\n<p>5F-MDMB-2201<\/p>\n<p>Tilaa n\u00e4yte testausta varten tai osta 5f-mdmb-2201 myyt\u00e4v\u00e4ksi ilmaisella toimituksella osoitteeseen Isossa-Britanniassa, Yhdysvalloissa tai Euroopassa.<\/p>\n","protected":false},"featured_media":5427,"comment_status":"open","ping_status":"closed","template":"","meta":[],"product_brand":[],"product_cat":[2596],"product_tag":[2597,2598,2599,2600,2616,2601,2604,2605,2606,2607,2609,2612,2613,2608,2614,2611,2610,2602,2603,2615,2617,2618,2619,2623,2624,2631,2622,2620,2621,2629,2625,2630,2626,2628,2627],"class_list":{"0":"post-5417","1":"product","2":"type-product","3":"status-publish","4":"has-post-thumbnail","6":"product_cat-kannabinoidit-myynniss","7":"product_tag-4f-adb-arvostelu","8":"product_tag-4f-mdmb-binaca-uk","9":"product_tag-5f-jauhe","10":"product_tag-5f-mdmb-2201","11":"product_tag-5f-mdmb-2201-arvostelu","12":"product_tag-5f-mdmb-2201-cannabinoids","13":"product_tag-5f-mdmb-2201-for-sale-online","14":"product_tag-5f-mdmb-2201-jauhe","15":"product_tag-5f-mdmb-2201-jauhe-australia","16":"product_tag-5f-mdmb-2201-jauhe-kanada","17":"product_tag-5f-mdmb-2201-jauhe-myynniss","18":"product_tag-5f-mdmb-2201-jauhe-uk","19":"product_tag-5f-mdmb-2201-jauhe-usa","20":"product_tag-5f-mdmb-2201-jauheannostelu","21":"product_tag-5f-mdmb-2201-jauheen-myyj","22":"product_tag-5f-mdmb-2201-jauheen-toimittaja","23":"product_tag-5f-mdmb-2201-jauhe-arvostelu","24":"product_tag-5f-mdmb-2201-kannabinoidit-myynniss","25":"product_tag-5f-mdmb-2201-myydn","26":"product_tag-5f-mdmb-2201-reddit","27":"product_tag-5f-mdmb-pinaca-osta","28":"product_tag-5f-sgt-151","29":"product_tag-buy-5f-mdmb-2201","30":"product_tag-buy-diclazepam-uk","31":"product_tag-c-neste-kemiallinen-suspensio","32":"product_tag-mist-ostaa-5f-mdmb-2201","33":"product_tag-osta-5f-mdmb-2201-jauhe-verkossa","34":"product_tag-osta-5f-mdmb-2201-kannabinoidit","35":"product_tag-osta-5f-mdmb-2201-verkosta","36":"product_tag-puhdasta-5f-mdmb-2201-jauhetta","37":"product_tag-mail-5f-mdmb-2201","38":"product_tag-sgt-151-legal","39":"product_tag-tilaus-5f-mdmb-2201","40":"product_tag-tilaus-5f-mdmb-2201-jauhe","41":"product_tag-tilaa-5f-mdmb-2201-online","43":"first","44":"instock","45":"shipping-taxable","46":"purchasable","47":"product-type-variable","48":"has-default-attributes"},"yoast_head":"<!-- This site is optimized with the Yoast SEO plugin v27.3 - https:\/\/yoast.com\/product\/yoast-seo-wordpress\/ -->\n<title>Osta 5F MDMB 2201 - 5F-MMB-PICA, 5F-AMB-PICA ja I-AMB<\/title>\n<meta name=\"description\" content=\"Osta MMB-2201, 5F MDMB 2201 myyt\u00e4v\u00e4n\u00e4 Isossa-Britanniassa, Euroopassa (tunnetaan my\u00f6s nimell\u00e4 5F-MMB-PICA, 5F-AMB-PICA ja I-AMB) on voimakas indoli-3-karboksamidipohjainen synteettinen kannabinoidi, joka on myyty design-huumeena ja aktiivisena aineena synteettisiss\u00e4 kannabissekoituksissa\" \/>\n<meta name=\"robots\" content=\"index, follow, max-snippet:-1, max-image-preview:large, max-video-preview:-1\" \/>\n<link rel=\"canonical\" href=\"https:\/\/medicinasinc.com\/fi\/product\/osta-5f-mdmb-2201-5f-mmb-pica-5f-amb-pica\/\" \/>\n<meta property=\"og:locale\" content=\"en_US\" \/>\n<meta property=\"og:type\" content=\"article\" \/>\n<meta property=\"og:title\" content=\"Osta 5F MDMB 2201 - 5F-MMB-PICA, 5F-AMB-PICA ja I-AMB\" \/>\n<meta property=\"og:description\" content=\"Osta MMB-2201, 5F MDMB 2201 myyt\u00e4v\u00e4n\u00e4 Isossa-Britanniassa, Euroopassa (tunnetaan my\u00f6s nimell\u00e4 5F-MMB-PICA, 5F-AMB-PICA ja I-AMB) on voimakas indoli-3-karboksamidipohjainen synteettinen kannabinoidi, joka on myyty design-huumeena ja aktiivisena aineena synteettisiss\u00e4 kannabissekoituksissa\" \/>\n<meta property=\"og:url\" content=\"https:\/\/medicinasinc.com\/fi\/product\/osta-5f-mdmb-2201-5f-mmb-pica-5f-amb-pica\/\" \/>\n<meta property=\"og:site_name\" content=\"Medicinas Inc\" \/>\n<meta property=\"article:modified_time\" content=\"2022-03-22T00:58:49+00:00\" \/>\n<meta property=\"og:image\" content=\"https:\/\/medicinasinc.com\/fi\/wp-content\/uploads\/sites\/12\/2022\/02\/Buy-5f-MDMB-2201.jpg\" \/>\n\t<meta property=\"og:image:width\" content=\"232\" \/>\n\t<meta property=\"og:image:height\" content=\"217\" \/>\n\t<meta property=\"og:image:type\" content=\"image\/jpeg\" \/>\n<meta name=\"twitter:card\" content=\"summary_large_image\" \/>\n<meta name=\"twitter:label1\" content=\"Est. reading time\" \/>\n\t<meta name=\"twitter:data1\" content=\"1 minute\" \/>\n<script type=\"application\/ld+json\" class=\"yoast-schema-graph\">{\"@context\":\"https:\\\/\\\/schema.org\",\"@graph\":[{\"@type\":\"WebPage\",\"@id\":\"https:\\\/\\\/medicinasinc.com\\\/fi\\\/product\\\/osta-5f-mdmb-2201-5f-mmb-pica-5f-amb-pica\\\/\",\"url\":\"https:\\\/\\\/medicinasinc.com\\\/fi\\\/product\\\/osta-5f-mdmb-2201-5f-mmb-pica-5f-amb-pica\\\/\",\"name\":\"Osta 5F MDMB 2201 - 5F-MMB-PICA, 5F-AMB-PICA ja I-AMB\",\"isPartOf\":{\"@id\":\"https:\\\/\\\/medicinasinc.com\\\/fi\\\/#website\"},\"primaryImageOfPage\":{\"@id\":\"https:\\\/\\\/medicinasinc.com\\\/fi\\\/product\\\/osta-5f-mdmb-2201-5f-mmb-pica-5f-amb-pica\\\/#primaryimage\"},\"image\":{\"@id\":\"https:\\\/\\\/medicinasinc.com\\\/fi\\\/product\\\/osta-5f-mdmb-2201-5f-mmb-pica-5f-amb-pica\\\/#primaryimage\"},\"thumbnailUrl\":\"https:\\\/\\\/medicinasinc.com\\\/fi\\\/wp-content\\\/uploads\\\/sites\\\/12\\\/2022\\\/02\\\/Buy-5f-MDMB-2201.jpg\",\"datePublished\":\"2022-02-21T22:57:54+00:00\",\"dateModified\":\"2022-03-22T00:58:49+00:00\",\"description\":\"Osta MMB-2201, 5F MDMB 2201 myyt\u00e4v\u00e4n\u00e4 Isossa-Britanniassa, Euroopassa (tunnetaan my\u00f6s nimell\u00e4 5F-MMB-PICA, 5F-AMB-PICA ja I-AMB) on voimakas indoli-3-karboksamidipohjainen synteettinen kannabinoidi, joka on myyty design-huumeena ja aktiivisena aineena synteettisiss\u00e4 kannabissekoituksissa\",\"breadcrumb\":{\"@id\":\"https:\\\/\\\/medicinasinc.com\\\/fi\\\/product\\\/osta-5f-mdmb-2201-5f-mmb-pica-5f-amb-pica\\\/#breadcrumb\"},\"inLanguage\":\"en-US\",\"potentialAction\":[{\"@type\":\"ReadAction\",\"target\":[\"https:\\\/\\\/medicinasinc.com\\\/fi\\\/product\\\/osta-5f-mdmb-2201-5f-mmb-pica-5f-amb-pica\\\/\"]}]},{\"@type\":\"ImageObject\",\"inLanguage\":\"en-US\",\"@id\":\"https:\\\/\\\/medicinasinc.com\\\/fi\\\/product\\\/osta-5f-mdmb-2201-5f-mmb-pica-5f-amb-pica\\\/#primaryimage\",\"url\":\"https:\\\/\\\/medicinasinc.com\\\/fi\\\/wp-content\\\/uploads\\\/sites\\\/12\\\/2022\\\/02\\\/Buy-5f-MDMB-2201.jpg\",\"contentUrl\":\"https:\\\/\\\/medicinasinc.com\\\/fi\\\/wp-content\\\/uploads\\\/sites\\\/12\\\/2022\\\/02\\\/Buy-5f-MDMB-2201.jpg\",\"width\":232,\"height\":217},{\"@type\":\"BreadcrumbList\",\"@id\":\"https:\\\/\\\/medicinasinc.com\\\/fi\\\/product\\\/osta-5f-mdmb-2201-5f-mmb-pica-5f-amb-pica\\\/#breadcrumb\",\"itemListElement\":[{\"@type\":\"ListItem\",\"position\":1,\"name\":\"Myym\u00e4l\u00e4\",\"item\":\"https:\\\/\\\/medicinasinc.com\\\/fi\\\/myymala\\\/\"},{\"@type\":\"ListItem\",\"position\":2,\"name\":\"Osta 5F MDMB 2201 &#8211; 5F-MMB-PICA, 5F-AMB-PICA\"}]},{\"@type\":\"WebSite\",\"@id\":\"https:\\\/\\\/medicinasinc.com\\\/fi\\\/#website\",\"url\":\"https:\\\/\\\/medicinasinc.com\\\/fi\\\/\",\"name\":\"Medicinas Inc\",\"description\":\"Health Medical Clinic\",\"potentialAction\":[{\"@type\":\"SearchAction\",\"target\":{\"@type\":\"EntryPoint\",\"urlTemplate\":\"https:\\\/\\\/medicinasinc.com\\\/fi\\\/?s={search_term_string}\"},\"query-input\":{\"@type\":\"PropertyValueSpecification\",\"valueRequired\":true,\"valueName\":\"search_term_string\"}}],\"inLanguage\":\"en-US\"}]}<\/script>\n<!-- \/ Yoast SEO plugin. -->","yoast_head_json":{"title":"Osta 5F MDMB 2201 - 5F-MMB-PICA, 5F-AMB-PICA ja I-AMB","description":"Osta MMB-2201, 5F MDMB 2201 myyt\u00e4v\u00e4n\u00e4 Isossa-Britanniassa, Euroopassa (tunnetaan my\u00f6s nimell\u00e4 5F-MMB-PICA, 5F-AMB-PICA ja I-AMB) on voimakas indoli-3-karboksamidipohjainen synteettinen kannabinoidi, joka on myyty design-huumeena ja aktiivisena aineena synteettisiss\u00e4 kannabissekoituksissa","robots":{"index":"index","follow":"follow","max-snippet":"max-snippet:-1","max-image-preview":"max-image-preview:large","max-video-preview":"max-video-preview:-1"},"canonical":"https:\/\/medicinasinc.com\/fi\/product\/osta-5f-mdmb-2201-5f-mmb-pica-5f-amb-pica\/","og_locale":"en_US","og_type":"article","og_title":"Osta 5F MDMB 2201 - 5F-MMB-PICA, 5F-AMB-PICA ja I-AMB","og_description":"Osta MMB-2201, 5F MDMB 2201 myyt\u00e4v\u00e4n\u00e4 Isossa-Britanniassa, Euroopassa (tunnetaan my\u00f6s nimell\u00e4 5F-MMB-PICA, 5F-AMB-PICA ja I-AMB) on voimakas indoli-3-karboksamidipohjainen synteettinen kannabinoidi, joka on myyty design-huumeena ja aktiivisena aineena synteettisiss\u00e4 kannabissekoituksissa","og_url":"https:\/\/medicinasinc.com\/fi\/product\/osta-5f-mdmb-2201-5f-mmb-pica-5f-amb-pica\/","og_site_name":"Medicinas Inc","article_modified_time":"2022-03-22T00:58:49+00:00","og_image":[{"width":232,"height":217,"url":"https:\/\/medicinasinc.com\/fi\/wp-content\/uploads\/sites\/12\/2022\/02\/Buy-5f-MDMB-2201.jpg","type":"image\/jpeg"}],"twitter_card":"summary_large_image","twitter_misc":{"Est. reading time":"1 minute"},"schema":{"@context":"https:\/\/schema.org","@graph":[{"@type":"WebPage","@id":"https:\/\/medicinasinc.com\/fi\/product\/osta-5f-mdmb-2201-5f-mmb-pica-5f-amb-pica\/","url":"https:\/\/medicinasinc.com\/fi\/product\/osta-5f-mdmb-2201-5f-mmb-pica-5f-amb-pica\/","name":"Osta 5F MDMB 2201 - 5F-MMB-PICA, 5F-AMB-PICA ja I-AMB","isPartOf":{"@id":"https:\/\/medicinasinc.com\/fi\/#website"},"primaryImageOfPage":{"@id":"https:\/\/medicinasinc.com\/fi\/product\/osta-5f-mdmb-2201-5f-mmb-pica-5f-amb-pica\/#primaryimage"},"image":{"@id":"https:\/\/medicinasinc.com\/fi\/product\/osta-5f-mdmb-2201-5f-mmb-pica-5f-amb-pica\/#primaryimage"},"thumbnailUrl":"https:\/\/medicinasinc.com\/fi\/wp-content\/uploads\/sites\/12\/2022\/02\/Buy-5f-MDMB-2201.jpg","datePublished":"2022-02-21T22:57:54+00:00","dateModified":"2022-03-22T00:58:49+00:00","description":"Osta MMB-2201, 5F MDMB 2201 myyt\u00e4v\u00e4n\u00e4 Isossa-Britanniassa, Euroopassa (tunnetaan my\u00f6s nimell\u00e4 5F-MMB-PICA, 5F-AMB-PICA ja I-AMB) on voimakas indoli-3-karboksamidipohjainen synteettinen kannabinoidi, joka on myyty design-huumeena ja aktiivisena aineena synteettisiss\u00e4 kannabissekoituksissa","breadcrumb":{"@id":"https:\/\/medicinasinc.com\/fi\/product\/osta-5f-mdmb-2201-5f-mmb-pica-5f-amb-pica\/#breadcrumb"},"inLanguage":"en-US","potentialAction":[{"@type":"ReadAction","target":["https:\/\/medicinasinc.com\/fi\/product\/osta-5f-mdmb-2201-5f-mmb-pica-5f-amb-pica\/"]}]},{"@type":"ImageObject","inLanguage":"en-US","@id":"https:\/\/medicinasinc.com\/fi\/product\/osta-5f-mdmb-2201-5f-mmb-pica-5f-amb-pica\/#primaryimage","url":"https:\/\/medicinasinc.com\/fi\/wp-content\/uploads\/sites\/12\/2022\/02\/Buy-5f-MDMB-2201.jpg","contentUrl":"https:\/\/medicinasinc.com\/fi\/wp-content\/uploads\/sites\/12\/2022\/02\/Buy-5f-MDMB-2201.jpg","width":232,"height":217},{"@type":"BreadcrumbList","@id":"https:\/\/medicinasinc.com\/fi\/product\/osta-5f-mdmb-2201-5f-mmb-pica-5f-amb-pica\/#breadcrumb","itemListElement":[{"@type":"ListItem","position":1,"name":"Myym\u00e4l\u00e4","item":"https:\/\/medicinasinc.com\/fi\/myymala\/"},{"@type":"ListItem","position":2,"name":"Osta 5F MDMB 2201 &#8211; 5F-MMB-PICA, 5F-AMB-PICA"}]},{"@type":"WebSite","@id":"https:\/\/medicinasinc.com\/fi\/#website","url":"https:\/\/medicinasinc.com\/fi\/","name":"Medicinas Inc","description":"Health Medical Clinic","potentialAction":[{"@type":"SearchAction","target":{"@type":"EntryPoint","urlTemplate":"https:\/\/medicinasinc.com\/fi\/?s={search_term_string}"},"query-input":{"@type":"PropertyValueSpecification","valueRequired":true,"valueName":"search_term_string"}}],"inLanguage":"en-US"}]}},"_links":{"self":[{"href":"https:\/\/medicinasinc.com\/fi\/wp-json\/wp\/v2\/product\/5417","targetHints":{"allow":["GET"]}}],"collection":[{"href":"https:\/\/medicinasinc.com\/fi\/wp-json\/wp\/v2\/product"}],"about":[{"href":"https:\/\/medicinasinc.com\/fi\/wp-json\/wp\/v2\/types\/product"}],"replies":[{"embeddable":true,"href":"https:\/\/medicinasinc.com\/fi\/wp-json\/wp\/v2\/comments?post=5417"}],"wp:featuredmedia":[{"embeddable":true,"href":"https:\/\/medicinasinc.com\/fi\/wp-json\/wp\/v2\/media\/5427"}],"wp:attachment":[{"href":"https:\/\/medicinasinc.com\/fi\/wp-json\/wp\/v2\/media?parent=5417"}],"wp:term":[{"taxonomy":"product_brand","embeddable":true,"href":"https:\/\/medicinasinc.com\/fi\/wp-json\/wp\/v2\/product_brand?post=5417"},{"taxonomy":"product_cat","embeddable":true,"href":"https:\/\/medicinasinc.com\/fi\/wp-json\/wp\/v2\/product_cat?post=5417"},{"taxonomy":"product_tag","embeddable":true,"href":"https:\/\/medicinasinc.com\/fi\/wp-json\/wp\/v2\/product_tag?post=5417"}],"curies":[{"name":"wp","href":"https:\/\/api.w.org\/{rel}","templated":true}]}}