{"id":5390,"date":"2022-02-21T22:27:36","date_gmt":"2022-02-21T22:27:36","guid":{"rendered":"https:\/\/medicinasinc.com\/fi\/?post_type=product&#038;p=5390"},"modified":"2022-03-22T00:59:07","modified_gmt":"2022-03-22T00:59:07","slug":"osta-5-metoksimetyylioni-jauhe-verkosta","status":"publish","type":"product","link":"https:\/\/medicinasinc.com\/fi\/product\/osta-5-metoksimetyylioni-jauhe-verkosta\/","title":{"rendered":"Osta 5-metoksimetylonijauhetta verkosta"},"content":{"rendered":"<p>Osta jauhemaista 5-metoksimetylonia verkosta.<\/p>\n<p>Katinonipohjainen design-l\u00e4\u00e4ke 2-A1MP tai 5-Methoxy-Methylone -jauhe on kemiallinen yhdiste, jota on tarjottu verkossa suunnittelijal\u00e4\u00e4kkeen\u00e4. 5-metoksi-MDMA on t\u00e4m\u00e4n l\u00e4\u00e4kkeen beeta-ketonimuoto. Molekyylirakenne ei n\u00e4yt\u00e4 liittyv\u00e4n yleisemp\u00e4\u00e4n nimitykseen 2-AIMP\/2-A1MP. Metoksiryhm\u00e4n lis\u00e4\u00e4minen aromaattisen renkaan 5. hiiliatomiin erottaa n\u00e4m\u00e4 kaksi molekyyli\u00e4 metylonista. Osta 5-metoksimetylonijauhe. T\u00e4m\u00e4n yhdisteen myrkyllisyys on edelleen ep\u00e4selv\u00e4. Osta 5-metoksimetylonia Internetist\u00e4.<\/p>\n<p>Katunimell\u00e4 2-A1MP 5-metoksimetyloni luokitellaan valvotuksi aineeksi Unkarissa.<\/p>\n<p>Osta 5-metoksimetylonia.<\/p>\n<p>Katso my\u00f6s<br \/> Lofofiini<br \/> 5-metyylietyloni<br \/> 5-metyyli-MDA<br \/> Osta BK-MMDMA-jauhetta verkosta<\/p>\n<div class=\"product- next-previous\">\n<div class=\"product-prev\"><\/div><\/div>\n","protected":false},"excerpt":{"rendered":"<div class=\"woocommerce-product-details__short-description\">\n<p>Osta 5-Methoxymethyl One, Osta 5-Methoxymethylone jauhe verkosta. Todellinen 5-Methoxymethylone verkossa \u2013 5-Methoxymethylone myyt\u00e4v\u00e4n\u00e4 | Osta 5-Methoxymethylone verkosta | Osta myyt\u00e4v\u00e4n\u00e4 5-metoksimetylonijauhe| Osta halvalla 5-metoksimetylonijauhetta | Mist\u00e4 ostaa 5-metoksimetylonijauhetta verkosta.<\/p>\n<\/p><\/div>\n","protected":false},"featured_media":5402,"comment_status":"open","ping_status":"closed","template":"","meta":[],"product_brand":[],"product_cat":[2014],"product_tag":[],"class_list":{"0":"post-5390","1":"product","2":"type-product","3":"status-publish","4":"has-post-thumbnail","6":"product_cat-osta-tutkimus-kemikaaleja","8":"first","9":"instock","10":"shipping-taxable","11":"purchasable","12":"product-type-variable","13":"has-default-attributes"},"yoast_head":"<!-- This site is optimized with the Yoast SEO plugin v27.3 - https:\/\/yoast.com\/product\/yoast-seo-wordpress\/ -->\n<title>Osta 5-metoksimetylonijauhe verkosta \u2013 parhaat maailmanlaajuiset l\u00e4\u00e4kkeet<\/title>\n<meta name=\"description\" content=\"Osta 5-Methoxymethyl One, osta 5-Methoxymethylone jauhetta verkosta. Todellinen 5-Methoxymethylone verkossa \u2013 5-Methoxymethylone myyt\u00e4v\u00e4n\u00e4 | Osta 5-Methoxymethylone verkosta | Osta myyt\u00e4v\u00e4n\u00e4 5-metoksimetylonijauhe| Osta halvalla 5-metoksimetylonijauhetta | Mist\u00e4 ostaa 5-metoksimetylonijauhetta verkosta.\" \/>\n<meta name=\"robots\" content=\"index, follow, max-snippet:-1, max-image-preview:large, max-video-preview:-1\" \/>\n<link rel=\"canonical\" href=\"https:\/\/medicinasinc.com\/fi\/product\/osta-5-metoksimetyylioni-jauhe-verkosta\/\" \/>\n<meta property=\"og:locale\" content=\"en_US\" \/>\n<meta property=\"og:type\" content=\"article\" \/>\n<meta property=\"og:title\" content=\"Osta 5-metoksimetylonijauhe verkosta \u2013 parhaat maailmanlaajuiset l\u00e4\u00e4kkeet\" \/>\n<meta property=\"og:description\" content=\"Osta 5-Methoxymethyl One, osta 5-Methoxymethylone jauhetta verkosta. Todellinen 5-Methoxymethylone verkossa \u2013 5-Methoxymethylone myyt\u00e4v\u00e4n\u00e4 | Osta 5-Methoxymethylone verkosta | Osta myyt\u00e4v\u00e4n\u00e4 5-metoksimetylonijauhe| Osta halvalla 5-metoksimetylonijauhetta | Mist\u00e4 ostaa 5-metoksimetylonijauhetta verkosta.\" \/>\n<meta property=\"og:url\" content=\"https:\/\/medicinasinc.com\/fi\/product\/osta-5-metoksimetyylioni-jauhe-verkosta\/\" \/>\n<meta property=\"og:site_name\" content=\"Medicinas Inc\" \/>\n<meta property=\"article:modified_time\" content=\"2022-03-22T00:59:07+00:00\" \/>\n<meta property=\"og:image\" content=\"https:\/\/medicinasinc.com\/fi\/wp-content\/uploads\/sites\/12\/2022\/02\/buy-5-methoxymethylone-powder-online.jpg\" \/>\n\t<meta property=\"og:image:width\" content=\"600\" \/>\n\t<meta property=\"og:image:height\" content=\"600\" \/>\n\t<meta property=\"og:image:type\" content=\"image\/jpeg\" \/>\n<meta name=\"twitter:card\" content=\"summary_large_image\" \/>\n<meta name=\"twitter:label1\" content=\"Est. reading time\" \/>\n\t<meta name=\"twitter:data1\" content=\"1 minute\" \/>\n<script type=\"application\/ld+json\" class=\"yoast-schema-graph\">{\"@context\":\"https:\\\/\\\/schema.org\",\"@graph\":[{\"@type\":\"WebPage\",\"@id\":\"https:\\\/\\\/medicinasinc.com\\\/fi\\\/product\\\/osta-5-metoksimetyylioni-jauhe-verkosta\\\/\",\"url\":\"https:\\\/\\\/medicinasinc.com\\\/fi\\\/product\\\/osta-5-metoksimetyylioni-jauhe-verkosta\\\/\",\"name\":\"Osta 5-metoksimetylonijauhe verkosta \u2013 parhaat maailmanlaajuiset l\u00e4\u00e4kkeet\",\"isPartOf\":{\"@id\":\"https:\\\/\\\/medicinasinc.com\\\/fi\\\/#website\"},\"primaryImageOfPage\":{\"@id\":\"https:\\\/\\\/medicinasinc.com\\\/fi\\\/product\\\/osta-5-metoksimetyylioni-jauhe-verkosta\\\/#primaryimage\"},\"image\":{\"@id\":\"https:\\\/\\\/medicinasinc.com\\\/fi\\\/product\\\/osta-5-metoksimetyylioni-jauhe-verkosta\\\/#primaryimage\"},\"thumbnailUrl\":\"https:\\\/\\\/medicinasinc.com\\\/fi\\\/wp-content\\\/uploads\\\/sites\\\/12\\\/2022\\\/02\\\/buy-5-methoxymethylone-powder-online.jpg\",\"datePublished\":\"2022-02-21T22:27:36+00:00\",\"dateModified\":\"2022-03-22T00:59:07+00:00\",\"description\":\"Osta 5-Methoxymethyl One, osta 5-Methoxymethylone jauhetta verkosta. Todellinen 5-Methoxymethylone verkossa \u2013 5-Methoxymethylone myyt\u00e4v\u00e4n\u00e4 | Osta 5-Methoxymethylone verkosta | Osta myyt\u00e4v\u00e4n\u00e4 5-metoksimetylonijauhe| Osta halvalla 5-metoksimetylonijauhetta | Mist\u00e4 ostaa 5-metoksimetylonijauhetta verkosta.\",\"breadcrumb\":{\"@id\":\"https:\\\/\\\/medicinasinc.com\\\/fi\\\/product\\\/osta-5-metoksimetyylioni-jauhe-verkosta\\\/#breadcrumb\"},\"inLanguage\":\"en-US\",\"potentialAction\":[{\"@type\":\"ReadAction\",\"target\":[\"https:\\\/\\\/medicinasinc.com\\\/fi\\\/product\\\/osta-5-metoksimetyylioni-jauhe-verkosta\\\/\"]}]},{\"@type\":\"ImageObject\",\"inLanguage\":\"en-US\",\"@id\":\"https:\\\/\\\/medicinasinc.com\\\/fi\\\/product\\\/osta-5-metoksimetyylioni-jauhe-verkosta\\\/#primaryimage\",\"url\":\"https:\\\/\\\/medicinasinc.com\\\/fi\\\/wp-content\\\/uploads\\\/sites\\\/12\\\/2022\\\/02\\\/buy-5-methoxymethylone-powder-online.jpg\",\"contentUrl\":\"https:\\\/\\\/medicinasinc.com\\\/fi\\\/wp-content\\\/uploads\\\/sites\\\/12\\\/2022\\\/02\\\/buy-5-methoxymethylone-powder-online.jpg\",\"width\":600,\"height\":600},{\"@type\":\"BreadcrumbList\",\"@id\":\"https:\\\/\\\/medicinasinc.com\\\/fi\\\/product\\\/osta-5-metoksimetyylioni-jauhe-verkosta\\\/#breadcrumb\",\"itemListElement\":[{\"@type\":\"ListItem\",\"position\":1,\"name\":\"Myym\u00e4l\u00e4\",\"item\":\"https:\\\/\\\/medicinasinc.com\\\/fi\\\/myymala\\\/\"},{\"@type\":\"ListItem\",\"position\":2,\"name\":\"Osta 5-metoksimetylonijauhetta verkosta\"}]},{\"@type\":\"WebSite\",\"@id\":\"https:\\\/\\\/medicinasinc.com\\\/fi\\\/#website\",\"url\":\"https:\\\/\\\/medicinasinc.com\\\/fi\\\/\",\"name\":\"Medicinas Inc\",\"description\":\"Health Medical Clinic\",\"potentialAction\":[{\"@type\":\"SearchAction\",\"target\":{\"@type\":\"EntryPoint\",\"urlTemplate\":\"https:\\\/\\\/medicinasinc.com\\\/fi\\\/?s={search_term_string}\"},\"query-input\":{\"@type\":\"PropertyValueSpecification\",\"valueRequired\":true,\"valueName\":\"search_term_string\"}}],\"inLanguage\":\"en-US\"}]}<\/script>\n<!-- \/ Yoast SEO plugin. -->","yoast_head_json":{"title":"Osta 5-metoksimetylonijauhe verkosta \u2013 parhaat maailmanlaajuiset l\u00e4\u00e4kkeet","description":"Osta 5-Methoxymethyl One, osta 5-Methoxymethylone jauhetta verkosta. Todellinen 5-Methoxymethylone verkossa \u2013 5-Methoxymethylone myyt\u00e4v\u00e4n\u00e4 | Osta 5-Methoxymethylone verkosta | Osta myyt\u00e4v\u00e4n\u00e4 5-metoksimetylonijauhe| Osta halvalla 5-metoksimetylonijauhetta | Mist\u00e4 ostaa 5-metoksimetylonijauhetta verkosta.","robots":{"index":"index","follow":"follow","max-snippet":"max-snippet:-1","max-image-preview":"max-image-preview:large","max-video-preview":"max-video-preview:-1"},"canonical":"https:\/\/medicinasinc.com\/fi\/product\/osta-5-metoksimetyylioni-jauhe-verkosta\/","og_locale":"en_US","og_type":"article","og_title":"Osta 5-metoksimetylonijauhe verkosta \u2013 parhaat maailmanlaajuiset l\u00e4\u00e4kkeet","og_description":"Osta 5-Methoxymethyl One, osta 5-Methoxymethylone jauhetta verkosta. Todellinen 5-Methoxymethylone verkossa \u2013 5-Methoxymethylone myyt\u00e4v\u00e4n\u00e4 | Osta 5-Methoxymethylone verkosta | Osta myyt\u00e4v\u00e4n\u00e4 5-metoksimetylonijauhe| Osta halvalla 5-metoksimetylonijauhetta | Mist\u00e4 ostaa 5-metoksimetylonijauhetta verkosta.","og_url":"https:\/\/medicinasinc.com\/fi\/product\/osta-5-metoksimetyylioni-jauhe-verkosta\/","og_site_name":"Medicinas Inc","article_modified_time":"2022-03-22T00:59:07+00:00","og_image":[{"width":600,"height":600,"url":"https:\/\/medicinasinc.com\/fi\/wp-content\/uploads\/sites\/12\/2022\/02\/buy-5-methoxymethylone-powder-online.jpg","type":"image\/jpeg"}],"twitter_card":"summary_large_image","twitter_misc":{"Est. reading time":"1 minute"},"schema":{"@context":"https:\/\/schema.org","@graph":[{"@type":"WebPage","@id":"https:\/\/medicinasinc.com\/fi\/product\/osta-5-metoksimetyylioni-jauhe-verkosta\/","url":"https:\/\/medicinasinc.com\/fi\/product\/osta-5-metoksimetyylioni-jauhe-verkosta\/","name":"Osta 5-metoksimetylonijauhe verkosta \u2013 parhaat maailmanlaajuiset l\u00e4\u00e4kkeet","isPartOf":{"@id":"https:\/\/medicinasinc.com\/fi\/#website"},"primaryImageOfPage":{"@id":"https:\/\/medicinasinc.com\/fi\/product\/osta-5-metoksimetyylioni-jauhe-verkosta\/#primaryimage"},"image":{"@id":"https:\/\/medicinasinc.com\/fi\/product\/osta-5-metoksimetyylioni-jauhe-verkosta\/#primaryimage"},"thumbnailUrl":"https:\/\/medicinasinc.com\/fi\/wp-content\/uploads\/sites\/12\/2022\/02\/buy-5-methoxymethylone-powder-online.jpg","datePublished":"2022-02-21T22:27:36+00:00","dateModified":"2022-03-22T00:59:07+00:00","description":"Osta 5-Methoxymethyl One, osta 5-Methoxymethylone jauhetta verkosta. Todellinen 5-Methoxymethylone verkossa \u2013 5-Methoxymethylone myyt\u00e4v\u00e4n\u00e4 | Osta 5-Methoxymethylone verkosta | Osta myyt\u00e4v\u00e4n\u00e4 5-metoksimetylonijauhe| Osta halvalla 5-metoksimetylonijauhetta | Mist\u00e4 ostaa 5-metoksimetylonijauhetta verkosta.","breadcrumb":{"@id":"https:\/\/medicinasinc.com\/fi\/product\/osta-5-metoksimetyylioni-jauhe-verkosta\/#breadcrumb"},"inLanguage":"en-US","potentialAction":[{"@type":"ReadAction","target":["https:\/\/medicinasinc.com\/fi\/product\/osta-5-metoksimetyylioni-jauhe-verkosta\/"]}]},{"@type":"ImageObject","inLanguage":"en-US","@id":"https:\/\/medicinasinc.com\/fi\/product\/osta-5-metoksimetyylioni-jauhe-verkosta\/#primaryimage","url":"https:\/\/medicinasinc.com\/fi\/wp-content\/uploads\/sites\/12\/2022\/02\/buy-5-methoxymethylone-powder-online.jpg","contentUrl":"https:\/\/medicinasinc.com\/fi\/wp-content\/uploads\/sites\/12\/2022\/02\/buy-5-methoxymethylone-powder-online.jpg","width":600,"height":600},{"@type":"BreadcrumbList","@id":"https:\/\/medicinasinc.com\/fi\/product\/osta-5-metoksimetyylioni-jauhe-verkosta\/#breadcrumb","itemListElement":[{"@type":"ListItem","position":1,"name":"Myym\u00e4l\u00e4","item":"https:\/\/medicinasinc.com\/fi\/myymala\/"},{"@type":"ListItem","position":2,"name":"Osta 5-metoksimetylonijauhetta verkosta"}]},{"@type":"WebSite","@id":"https:\/\/medicinasinc.com\/fi\/#website","url":"https:\/\/medicinasinc.com\/fi\/","name":"Medicinas Inc","description":"Health Medical Clinic","potentialAction":[{"@type":"SearchAction","target":{"@type":"EntryPoint","urlTemplate":"https:\/\/medicinasinc.com\/fi\/?s={search_term_string}"},"query-input":{"@type":"PropertyValueSpecification","valueRequired":true,"valueName":"search_term_string"}}],"inLanguage":"en-US"}]}},"_links":{"self":[{"href":"https:\/\/medicinasinc.com\/fi\/wp-json\/wp\/v2\/product\/5390","targetHints":{"allow":["GET"]}}],"collection":[{"href":"https:\/\/medicinasinc.com\/fi\/wp-json\/wp\/v2\/product"}],"about":[{"href":"https:\/\/medicinasinc.com\/fi\/wp-json\/wp\/v2\/types\/product"}],"replies":[{"embeddable":true,"href":"https:\/\/medicinasinc.com\/fi\/wp-json\/wp\/v2\/comments?post=5390"}],"wp:featuredmedia":[{"embeddable":true,"href":"https:\/\/medicinasinc.com\/fi\/wp-json\/wp\/v2\/media\/5402"}],"wp:attachment":[{"href":"https:\/\/medicinasinc.com\/fi\/wp-json\/wp\/v2\/media?parent=5390"}],"wp:term":[{"taxonomy":"product_brand","embeddable":true,"href":"https:\/\/medicinasinc.com\/fi\/wp-json\/wp\/v2\/product_brand?post=5390"},{"taxonomy":"product_cat","embeddable":true,"href":"https:\/\/medicinasinc.com\/fi\/wp-json\/wp\/v2\/product_cat?post=5390"},{"taxonomy":"product_tag","embeddable":true,"href":"https:\/\/medicinasinc.com\/fi\/wp-json\/wp\/v2\/product_tag?post=5390"}],"curies":[{"name":"wp","href":"https:\/\/api.w.org\/{rel}","templated":true}]}}