{"id":5389,"date":"2022-02-21T22:26:02","date_gmt":"2022-02-21T22:26:02","guid":{"rendered":"https:\/\/medicinasinc.com\/fi\/?post_type=product&#038;p=5389"},"modified":"2022-03-22T00:59:16","modified_gmt":"2022-03-22T00:59:16","slug":"osta-5-mapb-jauhe-kristalli","status":"publish","type":"product","link":"https:\/\/medicinasinc.com\/fi\/product\/osta-5-mapb-jauhe-kristalli\/","title":{"rendered":"Osta 5-MAPB Powder &amp; Kristalli"},"content":{"rendered":"<p>Tarvitsetko 5-mapb-crystalia ja haluat ostaa sen kohtuulliseen hintaan? T\u00e4m\u00e4n j\u00e4lkeen voit vierailla kemikaalien verkkokaupassamme juuri nyt. Bestglobalmed.com-sivuston avulla voit ostaa 5-mapb-crystalin verkosta edulliseen hintaan. Verkkokemikaalikaupassamme olemme tunnettu myyj\u00e4 ja toimittaja, joka on aina palveluksessasi. Tilaa\u00a05-mapb-kide\u00a0t\u00e4n\u00e4\u00e4n!<\/p>\n<p>5-mapb-kide on er\u00e4\u00e4nlainen kide.<\/p>\n<p>Rakenteeltaan ja vaikutukseltaan 5-MAPB (1-(bentsofuran-5-yyli) )-N-metyylipropaani-2-amiini) on samanlainen kuin MDMA, synteettinen entaktogeeni. 5&#8242;-(2-metyyliaminopropyyli)bentsofuraani on bentsosubstituoidun kemian perheeseen kuuluva synteettinen entaktogeeni (lyhennettyn\u00e4 5-MAPB).<\/p>\n<p>Miten 5-mapb-kide vaikuttaa kehoon?<\/p>\n<p>5-mapb-kiteell\u00e4 on euforinen, entaktogeeninen, stimuloiva ja kohtalaisen psykedeelinen vaikutus ihmiskehoon, kun sit\u00e4 otetaan suun kautta.<\/p>\n<p>5 MAPB-kristalli tunnetaan muuna?<\/p>\n<p>5 MAPB Crystal tunnetaan my\u00f6s nimell\u00e4 5-MAPB.<\/p>\n<p>Miten kuvailisit 5 MAPB Crystalia?<\/p>\n<p>Kemiallisesti 5 MAPB Crystal on bentsofuraani (amfetamiini) molekyyli. <\/p>\n<p>Kuinka saan 5-mapb-kristalleja k\u00e4siini?<\/p>\n<p>Voit saada 5-mapb-kiteit\u00e4 viralliselta verkkosivustoltamme ja toimittaa ne m\u00e4\u00e4ritt\u00e4m\u00e4\u00e4si osoitteeseen muutama p\u00e4iv\u00e4. Vain Yhdysvalloissa, Isossa-Britanniassa, Kanadassa, Saksassa ja Australiassa k\u00e4sittelemme 5-mapb-kidett\u00e4. Yhdist\u00e4 heti!<\/p>\n<p>Olemme korkealaatuisten kemikaalien johtava toimittaja ja jakelija kohtuulliseen hintaan. Asiakkaiden on helppo tuntea olonsa mukavaksi ty\u00f6skennelless\u00e4\u00e4n asiantuntijatiimimme kanssa. T\u00e4m\u00e4n seurauksena he pystyv\u00e4t yll\u00e4pit\u00e4m\u00e4\u00e4n riitt\u00e4v\u00e4\u00e4 tarjontaa ja saamaan oikea-aikaiset toimitukset tarpeidensa tyydytt\u00e4miseksi. Asiakkaat rakastavat ja arvostavat meit\u00e4, koska tarjoamme korkealaatuisia tuotteita kohtuulliseen hintaan ja erinomaista asiakaspalvelua. Ei ole vain velvollisuutemme, vaan my\u00f6s velvollisuutemme t\u00e4ytt\u00e4\u00e4 odotuksesi tai ylitt\u00e4\u00e4 ne. Ennen kuin ostat mdpt:n, sinun ei tarvitse k\u00e4yd\u00e4 l\u00e4\u00e4k\u00e4riss\u00e4.<\/p>\n<p>K\u00e4ymme edell\u00e4 ja varmistamme, ett\u00e4 asiakas on t\u00e4ysin tyytyv\u00e4inen. Maailmanlaajuisen maineen tavoitteleminen tuotteillaan ja palveluillaan tarkoittaa hintojen asettamista alan normien mukaisiksi.<\/p>\n<p>Lis\u00e4ksi tarjoamme yht\u00e4l\u00e4isen huomion kaikkiin tilauksiinne riippumatta siit\u00e4, kuinka suuria tai pieni\u00e4 ne ovat, ja pyrimme siihen, ett\u00e4 jotta tilauksesi l\u00e4hetet\u00e4\u00e4n mahdollisimman nopeasti.<\/p>\n<p>Kun olet tehnyt ostoksesi, olemme varmoja, ettet tule pettym\u00e4\u00e4n. Voidaksemme tarjota sinulle korkeimman mahdollisen laatutason, k\u00e4yt\u00e4mme vain materiaaleja, jotka on hankittu parhaista mahdollisista l\u00e4hteist\u00e4. Saat tuotteen pakkauksen erillisess\u00e4 pakkauksessa.<\/p>\n<p>Olemme pystyneet vakiinnuttamaan vankan jalansijan tutkimuskemian markkinoilla runsaan tiet\u00e4myksemme ansiosta. Johtavana tutkimuskemikaalien toimittajana uskomme pitk\u00e4aikaisten, luottamukseen perustuvien suhteiden rakentamiseen asiakkaidemme kanssa.<\/p>\n","protected":false},"excerpt":{"rendered":"<p>Voit ostaa 5-MAPB Powder Crystalin osoitteesta Bestglobalmedics.com kohtuulliseen hintaan sek\u00e4 5-MAPB Research Chemicals -tuotteita myyt\u00e4v\u00e4n\u00e4. 5-MAPB, joka tunnetaan kemiallisesti 1-(bentsofuran-5-yylin\u00e4), on synteettinen entaktogeeni, jonka vaikutukset ja ominaisuudet ovat hyvin samankaltaisia \u200b\u200bkuin MDMA.<\/p>\n<p>5-MAPB-jauhe &amp; Crystal 1 oz. on ostettavissa. Suositeltava annos on 100\u2013200 milligrammaa 5-MAPB:t\u00e4, joka on MDMA:n kaltaista jauhetta.<\/p>\n<p>Osta Crystal 5-MAPB Jos etsit 5-mapb-kristalia edulliseen hintaan , \u00e4l\u00e4 katso en\u00e4\u00e4. Ota sitten v\u00e4litt\u00f6m\u00e4sti yhteytt\u00e4 kemikaaliliikkeeseemme Internetin kautta.<\/p>\n","protected":false},"featured_media":5400,"comment_status":"open","ping_status":"closed","template":"","meta":[],"product_brand":[],"product_cat":[2014],"product_tag":[2582,2569,2575,2570,2571,2573,2578,2579,2580,2585,2583,2584,2572,2574,2581,2577,2595,2576,2591,2592,2593,2586,2587,2588,2589,2594,2590],"class_list":{"0":"post-5389","1":"product","2":"type-product","3":"status-publish","4":"has-post-thumbnail","6":"product_cat-osta-tutkimus-kemikaaleja","7":"product_tag-5-mapb-reddit","8":"product_tag-5-kartta","9":"product_tag-5-mapb-jauhe-annostus","10":"product_tag-5-mapb-myynniss","11":"product_tag-5-mapb-myynniss-verkossa","12":"product_tag-5-mapb-powder-australia","13":"product_tag-5-mapb-powder-supplier","14":"product_tag-5-mapb-powder-uk","15":"product_tag-5-mapb-powder-usa","16":"product_tag-5-mapb-review","17":"product_tag-5-mapb-research-chemicals","18":"product_tag-5-mapb-tutkimuskemikaalit-myynniss","19":"product_tag-5-mapb-jauhe","20":"product_tag-5-mapb-jauhe-kanada","21":"product_tag-5-mapb-jauheen-myyj","22":"product_tag-5-mapb-jauhe-arvostelu","23":"product_tag-mist-ostaa-5-mapb","24":"product_tag-5-mapb-jauhe-myynniss","25":"product_tag-order-5-mapb","26":"product_tag-order-5-mapb-online","27":"product_tag-order-5-mapb-powder","28":"product_tag-osta-5-kartta","29":"product_tag-osta-5-mapb-online","30":"product_tag-osta-5-mapb-jauhe-verkossa","31":"product_tag-osta-5-mapb-research-chemicals","32":"product_tag-puhdasta-5-mapb-jauhetta","33":"product_tag-mail-5-mapb","35":"first","36":"instock","37":"shipping-taxable","38":"purchasable","39":"product-type-variable","40":"has-default-attributes"},"yoast_head":"<!-- This site is optimized with the Yoast SEO plugin v27.3 - https:\/\/yoast.com\/product\/yoast-seo-wordpress\/ -->\n<title>Osta 5-MAPB Powder &amp; Crystal - parhaat maailmanlaajuiset l\u00e4\u00e4kkeet<\/title>\n<meta name=\"description\" content=\"Osta 5-MAPB Powder Crystal verkosta, 5-MAPB Research Chemicals for Sale, tilaa 5-MAPB Crystal USA:sta, Isosta-Britanniasta edulliseen hintaan Bestglobalmeds.com-sivustolta. 5-MAPB (1-(bentsofuran-5-yyli)-N-metyylipropan-2-amiini) on entaktogeeninen design-l\u00e4\u00e4ke, joka on rakenteeltaan ja vaikutukseltaan samanlainen kuin MDMA\" \/>\n<meta name=\"robots\" content=\"index, follow, max-snippet:-1, max-image-preview:large, max-video-preview:-1\" \/>\n<link rel=\"canonical\" href=\"https:\/\/medicinasinc.com\/fi\/product\/osta-5-mapb-jauhe-kristalli\/\" \/>\n<meta property=\"og:locale\" content=\"en_US\" \/>\n<meta property=\"og:type\" content=\"article\" \/>\n<meta property=\"og:title\" content=\"Osta 5-MAPB Powder &amp; Crystal - parhaat maailmanlaajuiset l\u00e4\u00e4kkeet\" \/>\n<meta property=\"og:description\" content=\"Osta 5-MAPB Powder Crystal verkosta, 5-MAPB Research Chemicals for Sale, tilaa 5-MAPB Crystal USA:sta, Isosta-Britanniasta edulliseen hintaan Bestglobalmeds.com-sivustolta. 5-MAPB (1-(bentsofuran-5-yyli)-N-metyylipropan-2-amiini) on entaktogeeninen design-l\u00e4\u00e4ke, joka on rakenteeltaan ja vaikutukseltaan samanlainen kuin MDMA\" \/>\n<meta property=\"og:url\" content=\"https:\/\/medicinasinc.com\/fi\/product\/osta-5-mapb-jauhe-kristalli\/\" \/>\n<meta property=\"og:site_name\" content=\"Medicinas Inc\" \/>\n<meta property=\"article:modified_time\" content=\"2022-03-22T00:59:16+00:00\" \/>\n<meta property=\"og:image\" content=\"https:\/\/medicinasinc.com\/fi\/wp-content\/uploads\/sites\/12\/2022\/02\/Buy-5-MAPB-Powder-Crystal.jpg\" \/>\n\t<meta property=\"og:image:width\" content=\"600\" \/>\n\t<meta property=\"og:image:height\" content=\"488\" \/>\n\t<meta property=\"og:image:type\" content=\"image\/jpeg\" \/>\n<meta name=\"twitter:card\" content=\"summary_large_image\" \/>\n<meta name=\"twitter:label1\" content=\"Est. reading time\" \/>\n\t<meta name=\"twitter:data1\" content=\"2 minutes\" \/>\n<script type=\"application\/ld+json\" class=\"yoast-schema-graph\">{\"@context\":\"https:\\\/\\\/schema.org\",\"@graph\":[{\"@type\":\"WebPage\",\"@id\":\"https:\\\/\\\/medicinasinc.com\\\/fi\\\/product\\\/osta-5-mapb-jauhe-kristalli\\\/\",\"url\":\"https:\\\/\\\/medicinasinc.com\\\/fi\\\/product\\\/osta-5-mapb-jauhe-kristalli\\\/\",\"name\":\"Osta 5-MAPB Powder &amp; Crystal - parhaat maailmanlaajuiset l\u00e4\u00e4kkeet\",\"isPartOf\":{\"@id\":\"https:\\\/\\\/medicinasinc.com\\\/fi\\\/#website\"},\"primaryImageOfPage\":{\"@id\":\"https:\\\/\\\/medicinasinc.com\\\/fi\\\/product\\\/osta-5-mapb-jauhe-kristalli\\\/#primaryimage\"},\"image\":{\"@id\":\"https:\\\/\\\/medicinasinc.com\\\/fi\\\/product\\\/osta-5-mapb-jauhe-kristalli\\\/#primaryimage\"},\"thumbnailUrl\":\"https:\\\/\\\/medicinasinc.com\\\/fi\\\/wp-content\\\/uploads\\\/sites\\\/12\\\/2022\\\/02\\\/Buy-5-MAPB-Powder-Crystal.jpg\",\"datePublished\":\"2022-02-21T22:26:02+00:00\",\"dateModified\":\"2022-03-22T00:59:16+00:00\",\"description\":\"Osta 5-MAPB Powder Crystal verkosta, 5-MAPB Research Chemicals for Sale, tilaa 5-MAPB Crystal USA:sta, Isosta-Britanniasta edulliseen hintaan Bestglobalmeds.com-sivustolta. 5-MAPB (1-(bentsofuran-5-yyli)-N-metyylipropan-2-amiini) on entaktogeeninen design-l\u00e4\u00e4ke, joka on rakenteeltaan ja vaikutukseltaan samanlainen kuin MDMA\",\"breadcrumb\":{\"@id\":\"https:\\\/\\\/medicinasinc.com\\\/fi\\\/product\\\/osta-5-mapb-jauhe-kristalli\\\/#breadcrumb\"},\"inLanguage\":\"en-US\",\"potentialAction\":[{\"@type\":\"ReadAction\",\"target\":[\"https:\\\/\\\/medicinasinc.com\\\/fi\\\/product\\\/osta-5-mapb-jauhe-kristalli\\\/\"]}]},{\"@type\":\"ImageObject\",\"inLanguage\":\"en-US\",\"@id\":\"https:\\\/\\\/medicinasinc.com\\\/fi\\\/product\\\/osta-5-mapb-jauhe-kristalli\\\/#primaryimage\",\"url\":\"https:\\\/\\\/medicinasinc.com\\\/fi\\\/wp-content\\\/uploads\\\/sites\\\/12\\\/2022\\\/02\\\/Buy-5-MAPB-Powder-Crystal.jpg\",\"contentUrl\":\"https:\\\/\\\/medicinasinc.com\\\/fi\\\/wp-content\\\/uploads\\\/sites\\\/12\\\/2022\\\/02\\\/Buy-5-MAPB-Powder-Crystal.jpg\",\"width\":600,\"height\":488},{\"@type\":\"BreadcrumbList\",\"@id\":\"https:\\\/\\\/medicinasinc.com\\\/fi\\\/product\\\/osta-5-mapb-jauhe-kristalli\\\/#breadcrumb\",\"itemListElement\":[{\"@type\":\"ListItem\",\"position\":1,\"name\":\"Myym\u00e4l\u00e4\",\"item\":\"https:\\\/\\\/medicinasinc.com\\\/fi\\\/myymala\\\/\"},{\"@type\":\"ListItem\",\"position\":2,\"name\":\"Osta 5-MAPB Powder &amp; Kristalli\"}]},{\"@type\":\"WebSite\",\"@id\":\"https:\\\/\\\/medicinasinc.com\\\/fi\\\/#website\",\"url\":\"https:\\\/\\\/medicinasinc.com\\\/fi\\\/\",\"name\":\"Medicinas Inc\",\"description\":\"Health Medical Clinic\",\"potentialAction\":[{\"@type\":\"SearchAction\",\"target\":{\"@type\":\"EntryPoint\",\"urlTemplate\":\"https:\\\/\\\/medicinasinc.com\\\/fi\\\/?s={search_term_string}\"},\"query-input\":{\"@type\":\"PropertyValueSpecification\",\"valueRequired\":true,\"valueName\":\"search_term_string\"}}],\"inLanguage\":\"en-US\"}]}<\/script>\n<!-- \/ Yoast SEO plugin. -->","yoast_head_json":{"title":"Osta 5-MAPB Powder &amp; Crystal - parhaat maailmanlaajuiset l\u00e4\u00e4kkeet","description":"Osta 5-MAPB Powder Crystal verkosta, 5-MAPB Research Chemicals for Sale, tilaa 5-MAPB Crystal USA:sta, Isosta-Britanniasta edulliseen hintaan Bestglobalmeds.com-sivustolta. 5-MAPB (1-(bentsofuran-5-yyli)-N-metyylipropan-2-amiini) on entaktogeeninen design-l\u00e4\u00e4ke, joka on rakenteeltaan ja vaikutukseltaan samanlainen kuin MDMA","robots":{"index":"index","follow":"follow","max-snippet":"max-snippet:-1","max-image-preview":"max-image-preview:large","max-video-preview":"max-video-preview:-1"},"canonical":"https:\/\/medicinasinc.com\/fi\/product\/osta-5-mapb-jauhe-kristalli\/","og_locale":"en_US","og_type":"article","og_title":"Osta 5-MAPB Powder &amp; Crystal - parhaat maailmanlaajuiset l\u00e4\u00e4kkeet","og_description":"Osta 5-MAPB Powder Crystal verkosta, 5-MAPB Research Chemicals for Sale, tilaa 5-MAPB Crystal USA:sta, Isosta-Britanniasta edulliseen hintaan Bestglobalmeds.com-sivustolta. 5-MAPB (1-(bentsofuran-5-yyli)-N-metyylipropan-2-amiini) on entaktogeeninen design-l\u00e4\u00e4ke, joka on rakenteeltaan ja vaikutukseltaan samanlainen kuin MDMA","og_url":"https:\/\/medicinasinc.com\/fi\/product\/osta-5-mapb-jauhe-kristalli\/","og_site_name":"Medicinas Inc","article_modified_time":"2022-03-22T00:59:16+00:00","og_image":[{"width":600,"height":488,"url":"https:\/\/medicinasinc.com\/fi\/wp-content\/uploads\/sites\/12\/2022\/02\/Buy-5-MAPB-Powder-Crystal.jpg","type":"image\/jpeg"}],"twitter_card":"summary_large_image","twitter_misc":{"Est. reading time":"2 minutes"},"schema":{"@context":"https:\/\/schema.org","@graph":[{"@type":"WebPage","@id":"https:\/\/medicinasinc.com\/fi\/product\/osta-5-mapb-jauhe-kristalli\/","url":"https:\/\/medicinasinc.com\/fi\/product\/osta-5-mapb-jauhe-kristalli\/","name":"Osta 5-MAPB Powder &amp; Crystal - parhaat maailmanlaajuiset l\u00e4\u00e4kkeet","isPartOf":{"@id":"https:\/\/medicinasinc.com\/fi\/#website"},"primaryImageOfPage":{"@id":"https:\/\/medicinasinc.com\/fi\/product\/osta-5-mapb-jauhe-kristalli\/#primaryimage"},"image":{"@id":"https:\/\/medicinasinc.com\/fi\/product\/osta-5-mapb-jauhe-kristalli\/#primaryimage"},"thumbnailUrl":"https:\/\/medicinasinc.com\/fi\/wp-content\/uploads\/sites\/12\/2022\/02\/Buy-5-MAPB-Powder-Crystal.jpg","datePublished":"2022-02-21T22:26:02+00:00","dateModified":"2022-03-22T00:59:16+00:00","description":"Osta 5-MAPB Powder Crystal verkosta, 5-MAPB Research Chemicals for Sale, tilaa 5-MAPB Crystal USA:sta, Isosta-Britanniasta edulliseen hintaan Bestglobalmeds.com-sivustolta. 5-MAPB (1-(bentsofuran-5-yyli)-N-metyylipropan-2-amiini) on entaktogeeninen design-l\u00e4\u00e4ke, joka on rakenteeltaan ja vaikutukseltaan samanlainen kuin MDMA","breadcrumb":{"@id":"https:\/\/medicinasinc.com\/fi\/product\/osta-5-mapb-jauhe-kristalli\/#breadcrumb"},"inLanguage":"en-US","potentialAction":[{"@type":"ReadAction","target":["https:\/\/medicinasinc.com\/fi\/product\/osta-5-mapb-jauhe-kristalli\/"]}]},{"@type":"ImageObject","inLanguage":"en-US","@id":"https:\/\/medicinasinc.com\/fi\/product\/osta-5-mapb-jauhe-kristalli\/#primaryimage","url":"https:\/\/medicinasinc.com\/fi\/wp-content\/uploads\/sites\/12\/2022\/02\/Buy-5-MAPB-Powder-Crystal.jpg","contentUrl":"https:\/\/medicinasinc.com\/fi\/wp-content\/uploads\/sites\/12\/2022\/02\/Buy-5-MAPB-Powder-Crystal.jpg","width":600,"height":488},{"@type":"BreadcrumbList","@id":"https:\/\/medicinasinc.com\/fi\/product\/osta-5-mapb-jauhe-kristalli\/#breadcrumb","itemListElement":[{"@type":"ListItem","position":1,"name":"Myym\u00e4l\u00e4","item":"https:\/\/medicinasinc.com\/fi\/myymala\/"},{"@type":"ListItem","position":2,"name":"Osta 5-MAPB Powder &amp; Kristalli"}]},{"@type":"WebSite","@id":"https:\/\/medicinasinc.com\/fi\/#website","url":"https:\/\/medicinasinc.com\/fi\/","name":"Medicinas Inc","description":"Health Medical Clinic","potentialAction":[{"@type":"SearchAction","target":{"@type":"EntryPoint","urlTemplate":"https:\/\/medicinasinc.com\/fi\/?s={search_term_string}"},"query-input":{"@type":"PropertyValueSpecification","valueRequired":true,"valueName":"search_term_string"}}],"inLanguage":"en-US"}]}},"_links":{"self":[{"href":"https:\/\/medicinasinc.com\/fi\/wp-json\/wp\/v2\/product\/5389","targetHints":{"allow":["GET"]}}],"collection":[{"href":"https:\/\/medicinasinc.com\/fi\/wp-json\/wp\/v2\/product"}],"about":[{"href":"https:\/\/medicinasinc.com\/fi\/wp-json\/wp\/v2\/types\/product"}],"replies":[{"embeddable":true,"href":"https:\/\/medicinasinc.com\/fi\/wp-json\/wp\/v2\/comments?post=5389"}],"wp:featuredmedia":[{"embeddable":true,"href":"https:\/\/medicinasinc.com\/fi\/wp-json\/wp\/v2\/media\/5400"}],"wp:attachment":[{"href":"https:\/\/medicinasinc.com\/fi\/wp-json\/wp\/v2\/media?parent=5389"}],"wp:term":[{"taxonomy":"product_brand","embeddable":true,"href":"https:\/\/medicinasinc.com\/fi\/wp-json\/wp\/v2\/product_brand?post=5389"},{"taxonomy":"product_cat","embeddable":true,"href":"https:\/\/medicinasinc.com\/fi\/wp-json\/wp\/v2\/product_cat?post=5389"},{"taxonomy":"product_tag","embeddable":true,"href":"https:\/\/medicinasinc.com\/fi\/wp-json\/wp\/v2\/product_tag?post=5389"}],"curies":[{"name":"wp","href":"https:\/\/api.w.org\/{rel}","templated":true}]}}