{"id":5387,"date":"2022-02-21T22:22:34","date_gmt":"2022-02-21T22:22:34","guid":{"rendered":"https:\/\/medicinasinc.com\/fi\/?post_type=product&#038;p=5387"},"modified":"2022-03-22T00:59:40","modified_gmt":"2022-03-22T00:59:40","slug":"osta-4-fa-jauhe","status":"publish","type":"product","link":"https:\/\/medicinasinc.com\/fi\/product\/osta-4-fa-jauhe\/","title":{"rendered":"Osta 4-FA-jauhe"},"content":{"rendered":"<p>Osta 4-FA-jauhetta.<\/p>\n<p>Osta halpaa 4-FA-jauhetta 1 unssi Pure Onlinesta.<\/p>\n<p>4-FA (4-fluoramfetamiini) on amfetamiinin kaltainen l\u00e4\u00e4ke, jolla on vasta \u00e4skett\u00e4in ilmestyi Hollannin markkinoille. Vuodesta 2007 vuoteen 2009 sit\u00e4 markkinoitiin ensisijaisesti nopeus- tai MDMA-muodossa. T\u00e4m\u00e4 johtui siit\u00e4, ett\u00e4 n\u00e4ille asiantuntijoille oli tuolloin niukasti raaka-aineita, joten 4-FA:ta k\u00e4ytettiin leikkausasiantuntijana. Joka tapauksessa vuodesta 2010 l\u00e4htien myyj\u00e4t ovat myyneet 4-FA:ta yh\u00e4 enemm\u00e4n 4-FA:na, mik\u00e4 tarkoittaa, ett\u00e4 ostajat pit\u00e4v\u00e4t sit\u00e4 &#8220;p\u00e4\u00e4t\u00f6st\u00e4 tekev\u00e4n\u00e4 l\u00e4\u00e4kkeen\u00e4&#8221;.<\/p>\n<p>4-FA tunnetaan my\u00f6s nimell\u00e4 4-FMP. , 4-Fluor, 4-Flava, 4-F ja Flux. Se on uudeksi psykoaktiiviseksi aineeksi (NPS) luokiteltu aine. N\u00e4m\u00e4 ovat \u00e4skett\u00e4in saataville tulleita aineita, jotka on kehitetty vaihtoehdoksi perinteisille laittomille aineille. NPS tunnetaan my\u00f6s tutkimussynteettisin\u00e4 tai alkuper\u00e4isl\u00e4\u00e4kkein\u00e4. Pieni\u00e4 muutoksia tekem\u00e4ll\u00e4 nykyiseen yhdisterakenteeseen aineen nimi muuttuu ja sen seurauksena se ei ole en\u00e4\u00e4 oopiumilain piiriss\u00e4 ja siten laiton. T\u00e4m\u00e4 vaikeuttaa luomisen, tapahtumien ja omistamisen est\u00e4mist\u00e4.<\/p>\n<p>4-FA:ta l\u00f6ytyy yleisimmin jauheena tai pillerin\u00e4. 4-FA otetaan suun kautta pillerimuodossa. Asiakkaat joko laittavat jauheen koteloon tai liikkuvaan paperiin (pommiin) tai joissain tapauksissa liuottavat sen juomaan. 4-FA-pillereiden, 4-FA-jauheiden ja 4-FA-koteloiden v\u00e4lill\u00e4 ei ole perustavanlaatuista eroa.<\/p>\n<p>Pakkaukset on valmistettu tyls\u00e4st\u00e4 tai makeasta aineesta, ja ne voivat olla yksinkertaisia \u200b\u200btai eri s\u00e4vyisi\u00e4. Kotelo voidaan t\u00e4ytt\u00e4\u00e4 monilla erilaisilla aineilla. 4-FA, samoin kuin monet muut aineet, esimerkiksi amfetamiini (nopeus), MDMA, kofeiini tai ei ollenkaan. Jotkin \u00e4lymyym\u00e4l\u00e4tuotteet ovat my\u00f6s koteloissa. Kotelot ovat yleens\u00e4 s\u00e4kiss\u00e4, ja pakkauksesta n\u00e4kyy, mit\u00e4 sis\u00e4ll\u00e4 on. Jos asiakkaat t\u00e4ytt\u00e4v\u00e4t itse s\u00e4ili\u00f6ns\u00e4, he voivat m\u00e4\u00e4ritt\u00e4\u00e4 tarkan annoksen mg-asteikolla. 4-fa myyt\u00e4v\u00e4n\u00e4, mist\u00e4 ostaa 4fa, ostaa 4-fa, 4 fas myyt\u00e4v\u00e4n\u00e4, 4fa myyt\u00e4v\u00e4n\u00e4, 4 fas ostaa, ostaa 4fa, 4-fa ostaa, 4-fa myyd\u00e4\u00e4n, 4-fa myyd\u00e4\u00e4n, 4 -fa myyt\u00e4v\u00e4n\u00e4, 4-fa myyt\u00e4v\u00e4n\u00e4, 4-fa myyt\u00e4v\u00e4n\u00e4, 4-fa myyt\u00e4v\u00e4n\u00e4, 4-fa myyt\u00e4v\u00e4n\u00e4, 4-fa myyt\u00e4v\u00e4n\u00e4, 4-fa myyt\u00e4v\u00e4n\u00e4, 4-fa myyt\u00e4v\u00e4n\u00e4<\/p>\n<p>Mittaukset m\u00e4\u00e4ritt\u00e4v\u00e4t sen, mit\u00e4 joku tuntee 4-FA:n ottamisen j\u00e4lkeen. Jos haluat lis\u00e4tietoja, 4-FA voidaan testata testihallinnossa (katso valikko). 4-FA:n nauttimisen vaikutukset ilmenev\u00e4t 20\u20131 tunnin kuluessa. 4-FA valmistuu 4\u20138 tunnissa, vaikka jotkut asiakkaat kertovat, ett\u00e4 lopulliset tulokset voivat kest\u00e4\u00e4 jopa 12 tuntia.<\/p>\n<p>Raivokas, selke\u00e4, istuva ja varovainen<\/p>\n<p>A vahva yhteenkuuluvuuden tunne<\/p>\n<p>Kosketus ja musiikki tarjoavat \u00e4\u00e4rimm\u00e4isen aistinvaraisen kokemuksen.<\/p>\n<p>Kontaktio, puhuminen ja l\u00e4heisyys ovat t\u00e4rkeit\u00e4.<\/p>\n","protected":false},"excerpt":{"rendered":"<p>Osta 4-FA Powder 1 oz Pure Online halvalla. 4-FA-jauhe, samanlainen kuin MDMA &amp; Suun kautta otettava metamfetamiini<br \/> Suositeltu annostus: 200 mg.<\/p>\n<p>Liikkeest\u00e4mme voit ostaa 4-FMA:ta puhtaana. Samalla tavalla kuin jauhe valmistetaan, 4-FMA, joka tunnetaan my\u00f6s nimell\u00e4 4-fluorometamfetamiini, on my\u00f6s psykoaktiivinen aine.<\/p>\n<p>4-FA-jauhe tunnetaan my\u00f6s nimell\u00e4 para-fluoroamfetamiini tai 4-fluoroamfetamiini, mutta n\u00e4m\u00e4 eiv\u00e4t ole sama asia. L\u00e4\u00e4kkeit\u00e4 opiskelevat ihmiset sanovat, ett\u00e4 t\u00e4m\u00e4 on eritt\u00e4in hyv\u00e4.<\/p>\n","protected":false},"featured_media":5396,"comment_status":"open","ping_status":"closed","template":"","meta":[],"product_brand":[],"product_cat":[2014],"product_tag":[2502,2504,2503,2506,2505,2508,2507],"class_list":{"0":"post-5387","1":"product","2":"type-product","3":"status-publish","4":"has-post-thumbnail","6":"product_cat-osta-tutkimus-kemikaaleja","7":"product_tag-2-fluoriamfetamiini","8":"product_tag-4-fa-tutkimus-kemiallinen","9":"product_tag-4-fa-efektit","10":"product_tag-4-fluoriamfetamiinin-synteesi","11":"product_tag-4-fluoroamfetamiini-oikeudellinen-status","12":"product_tag-is-4-fma-legal","13":"product_tag-is-4-fa-legal-in-the-us-2020","15":"first","16":"instock","17":"shipping-taxable","18":"purchasable","19":"product-type-variable","20":"has-default-attributes"},"yoast_head":"<!-- This site is optimized with the Yoast SEO plugin v27.3 - https:\/\/yoast.com\/product\/yoast-seo-wordpress\/ -->\n<title>Osta 4-FA-jauhe - 4-fluoriamfetamiini - parhaat maailmanlaajuiset l\u00e4\u00e4kkeet<\/title>\n<meta name=\"description\" content=\"Osta 4-FA-jauhetta 4-fluoriamfetamiinia myyt\u00e4v\u00e4ksi puhtaasti verkossa halvalla. 4-FA-jauhe, samanlainen kuin MDMA &amp; Suun kautta otettava metamfetamiini\" \/>\n<meta name=\"robots\" content=\"index, follow, max-snippet:-1, max-image-preview:large, max-video-preview:-1\" \/>\n<link rel=\"canonical\" href=\"https:\/\/medicinasinc.com\/fi\/product\/osta-4-fa-jauhe\/\" \/>\n<meta property=\"og:locale\" content=\"en_US\" \/>\n<meta property=\"og:type\" content=\"article\" \/>\n<meta property=\"og:title\" content=\"Osta 4-FA-jauhe - 4-fluoriamfetamiini - parhaat maailmanlaajuiset l\u00e4\u00e4kkeet\" \/>\n<meta property=\"og:description\" content=\"Osta 4-FA-jauhetta 4-fluoriamfetamiinia myyt\u00e4v\u00e4ksi puhtaasti verkossa halvalla. 4-FA-jauhe, samanlainen kuin MDMA &amp; Suun kautta otettava metamfetamiini\" \/>\n<meta property=\"og:url\" content=\"https:\/\/medicinasinc.com\/fi\/product\/osta-4-fa-jauhe\/\" \/>\n<meta property=\"og:site_name\" content=\"Medicinas Inc\" \/>\n<meta property=\"article:modified_time\" content=\"2022-03-22T00:59:40+00:00\" \/>\n<meta property=\"og:image\" content=\"https:\/\/medicinasinc.com\/fi\/wp-content\/uploads\/sites\/12\/2022\/02\/Buy-4-FA-Powder.jpeg\" \/>\n\t<meta property=\"og:image:width\" content=\"510\" \/>\n\t<meta property=\"og:image:height\" content=\"365\" \/>\n\t<meta property=\"og:image:type\" content=\"image\/jpeg\" \/>\n<meta name=\"twitter:card\" content=\"summary_large_image\" \/>\n<meta name=\"twitter:label1\" content=\"Est. reading time\" \/>\n\t<meta name=\"twitter:data1\" content=\"2 minutes\" \/>\n<script type=\"application\/ld+json\" class=\"yoast-schema-graph\">{\"@context\":\"https:\\\/\\\/schema.org\",\"@graph\":[{\"@type\":\"WebPage\",\"@id\":\"https:\\\/\\\/medicinasinc.com\\\/fi\\\/product\\\/osta-4-fa-jauhe\\\/\",\"url\":\"https:\\\/\\\/medicinasinc.com\\\/fi\\\/product\\\/osta-4-fa-jauhe\\\/\",\"name\":\"Osta 4-FA-jauhe - 4-fluoriamfetamiini - parhaat maailmanlaajuiset l\u00e4\u00e4kkeet\",\"isPartOf\":{\"@id\":\"https:\\\/\\\/medicinasinc.com\\\/fi\\\/#website\"},\"primaryImageOfPage\":{\"@id\":\"https:\\\/\\\/medicinasinc.com\\\/fi\\\/product\\\/osta-4-fa-jauhe\\\/#primaryimage\"},\"image\":{\"@id\":\"https:\\\/\\\/medicinasinc.com\\\/fi\\\/product\\\/osta-4-fa-jauhe\\\/#primaryimage\"},\"thumbnailUrl\":\"https:\\\/\\\/medicinasinc.com\\\/fi\\\/wp-content\\\/uploads\\\/sites\\\/12\\\/2022\\\/02\\\/Buy-4-FA-Powder.jpeg\",\"datePublished\":\"2022-02-21T22:22:34+00:00\",\"dateModified\":\"2022-03-22T00:59:40+00:00\",\"description\":\"Osta 4-FA-jauhetta 4-fluoriamfetamiinia myyt\u00e4v\u00e4ksi puhtaasti verkossa halvalla. 4-FA-jauhe, samanlainen kuin MDMA &amp; Suun kautta otettava metamfetamiini\",\"breadcrumb\":{\"@id\":\"https:\\\/\\\/medicinasinc.com\\\/fi\\\/product\\\/osta-4-fa-jauhe\\\/#breadcrumb\"},\"inLanguage\":\"en-US\",\"potentialAction\":[{\"@type\":\"ReadAction\",\"target\":[\"https:\\\/\\\/medicinasinc.com\\\/fi\\\/product\\\/osta-4-fa-jauhe\\\/\"]}]},{\"@type\":\"ImageObject\",\"inLanguage\":\"en-US\",\"@id\":\"https:\\\/\\\/medicinasinc.com\\\/fi\\\/product\\\/osta-4-fa-jauhe\\\/#primaryimage\",\"url\":\"https:\\\/\\\/medicinasinc.com\\\/fi\\\/wp-content\\\/uploads\\\/sites\\\/12\\\/2022\\\/02\\\/Buy-4-FA-Powder.jpeg\",\"contentUrl\":\"https:\\\/\\\/medicinasinc.com\\\/fi\\\/wp-content\\\/uploads\\\/sites\\\/12\\\/2022\\\/02\\\/Buy-4-FA-Powder.jpeg\",\"width\":510,\"height\":365},{\"@type\":\"BreadcrumbList\",\"@id\":\"https:\\\/\\\/medicinasinc.com\\\/fi\\\/product\\\/osta-4-fa-jauhe\\\/#breadcrumb\",\"itemListElement\":[{\"@type\":\"ListItem\",\"position\":1,\"name\":\"Myym\u00e4l\u00e4\",\"item\":\"https:\\\/\\\/medicinasinc.com\\\/fi\\\/myymala\\\/\"},{\"@type\":\"ListItem\",\"position\":2,\"name\":\"Osta 4-FA-jauhe\"}]},{\"@type\":\"WebSite\",\"@id\":\"https:\\\/\\\/medicinasinc.com\\\/fi\\\/#website\",\"url\":\"https:\\\/\\\/medicinasinc.com\\\/fi\\\/\",\"name\":\"Medicinas Inc\",\"description\":\"Health Medical Clinic\",\"potentialAction\":[{\"@type\":\"SearchAction\",\"target\":{\"@type\":\"EntryPoint\",\"urlTemplate\":\"https:\\\/\\\/medicinasinc.com\\\/fi\\\/?s={search_term_string}\"},\"query-input\":{\"@type\":\"PropertyValueSpecification\",\"valueRequired\":true,\"valueName\":\"search_term_string\"}}],\"inLanguage\":\"en-US\"}]}<\/script>\n<!-- \/ Yoast SEO plugin. -->","yoast_head_json":{"title":"Osta 4-FA-jauhe - 4-fluoriamfetamiini - parhaat maailmanlaajuiset l\u00e4\u00e4kkeet","description":"Osta 4-FA-jauhetta 4-fluoriamfetamiinia myyt\u00e4v\u00e4ksi puhtaasti verkossa halvalla. 4-FA-jauhe, samanlainen kuin MDMA &amp; Suun kautta otettava metamfetamiini","robots":{"index":"index","follow":"follow","max-snippet":"max-snippet:-1","max-image-preview":"max-image-preview:large","max-video-preview":"max-video-preview:-1"},"canonical":"https:\/\/medicinasinc.com\/fi\/product\/osta-4-fa-jauhe\/","og_locale":"en_US","og_type":"article","og_title":"Osta 4-FA-jauhe - 4-fluoriamfetamiini - parhaat maailmanlaajuiset l\u00e4\u00e4kkeet","og_description":"Osta 4-FA-jauhetta 4-fluoriamfetamiinia myyt\u00e4v\u00e4ksi puhtaasti verkossa halvalla. 4-FA-jauhe, samanlainen kuin MDMA &amp; Suun kautta otettava metamfetamiini","og_url":"https:\/\/medicinasinc.com\/fi\/product\/osta-4-fa-jauhe\/","og_site_name":"Medicinas Inc","article_modified_time":"2022-03-22T00:59:40+00:00","og_image":[{"width":510,"height":365,"url":"https:\/\/medicinasinc.com\/fi\/wp-content\/uploads\/sites\/12\/2022\/02\/Buy-4-FA-Powder.jpeg","type":"image\/jpeg"}],"twitter_card":"summary_large_image","twitter_misc":{"Est. reading time":"2 minutes"},"schema":{"@context":"https:\/\/schema.org","@graph":[{"@type":"WebPage","@id":"https:\/\/medicinasinc.com\/fi\/product\/osta-4-fa-jauhe\/","url":"https:\/\/medicinasinc.com\/fi\/product\/osta-4-fa-jauhe\/","name":"Osta 4-FA-jauhe - 4-fluoriamfetamiini - parhaat maailmanlaajuiset l\u00e4\u00e4kkeet","isPartOf":{"@id":"https:\/\/medicinasinc.com\/fi\/#website"},"primaryImageOfPage":{"@id":"https:\/\/medicinasinc.com\/fi\/product\/osta-4-fa-jauhe\/#primaryimage"},"image":{"@id":"https:\/\/medicinasinc.com\/fi\/product\/osta-4-fa-jauhe\/#primaryimage"},"thumbnailUrl":"https:\/\/medicinasinc.com\/fi\/wp-content\/uploads\/sites\/12\/2022\/02\/Buy-4-FA-Powder.jpeg","datePublished":"2022-02-21T22:22:34+00:00","dateModified":"2022-03-22T00:59:40+00:00","description":"Osta 4-FA-jauhetta 4-fluoriamfetamiinia myyt\u00e4v\u00e4ksi puhtaasti verkossa halvalla. 4-FA-jauhe, samanlainen kuin MDMA &amp; Suun kautta otettava metamfetamiini","breadcrumb":{"@id":"https:\/\/medicinasinc.com\/fi\/product\/osta-4-fa-jauhe\/#breadcrumb"},"inLanguage":"en-US","potentialAction":[{"@type":"ReadAction","target":["https:\/\/medicinasinc.com\/fi\/product\/osta-4-fa-jauhe\/"]}]},{"@type":"ImageObject","inLanguage":"en-US","@id":"https:\/\/medicinasinc.com\/fi\/product\/osta-4-fa-jauhe\/#primaryimage","url":"https:\/\/medicinasinc.com\/fi\/wp-content\/uploads\/sites\/12\/2022\/02\/Buy-4-FA-Powder.jpeg","contentUrl":"https:\/\/medicinasinc.com\/fi\/wp-content\/uploads\/sites\/12\/2022\/02\/Buy-4-FA-Powder.jpeg","width":510,"height":365},{"@type":"BreadcrumbList","@id":"https:\/\/medicinasinc.com\/fi\/product\/osta-4-fa-jauhe\/#breadcrumb","itemListElement":[{"@type":"ListItem","position":1,"name":"Myym\u00e4l\u00e4","item":"https:\/\/medicinasinc.com\/fi\/myymala\/"},{"@type":"ListItem","position":2,"name":"Osta 4-FA-jauhe"}]},{"@type":"WebSite","@id":"https:\/\/medicinasinc.com\/fi\/#website","url":"https:\/\/medicinasinc.com\/fi\/","name":"Medicinas Inc","description":"Health Medical Clinic","potentialAction":[{"@type":"SearchAction","target":{"@type":"EntryPoint","urlTemplate":"https:\/\/medicinasinc.com\/fi\/?s={search_term_string}"},"query-input":{"@type":"PropertyValueSpecification","valueRequired":true,"valueName":"search_term_string"}}],"inLanguage":"en-US"}]}},"_links":{"self":[{"href":"https:\/\/medicinasinc.com\/fi\/wp-json\/wp\/v2\/product\/5387","targetHints":{"allow":["GET"]}}],"collection":[{"href":"https:\/\/medicinasinc.com\/fi\/wp-json\/wp\/v2\/product"}],"about":[{"href":"https:\/\/medicinasinc.com\/fi\/wp-json\/wp\/v2\/types\/product"}],"replies":[{"embeddable":true,"href":"https:\/\/medicinasinc.com\/fi\/wp-json\/wp\/v2\/comments?post=5387"}],"wp:featuredmedia":[{"embeddable":true,"href":"https:\/\/medicinasinc.com\/fi\/wp-json\/wp\/v2\/media\/5396"}],"wp:attachment":[{"href":"https:\/\/medicinasinc.com\/fi\/wp-json\/wp\/v2\/media?parent=5387"}],"wp:term":[{"taxonomy":"product_brand","embeddable":true,"href":"https:\/\/medicinasinc.com\/fi\/wp-json\/wp\/v2\/product_brand?post=5387"},{"taxonomy":"product_cat","embeddable":true,"href":"https:\/\/medicinasinc.com\/fi\/wp-json\/wp\/v2\/product_cat?post=5387"},{"taxonomy":"product_tag","embeddable":true,"href":"https:\/\/medicinasinc.com\/fi\/wp-json\/wp\/v2\/product_tag?post=5387"}],"curies":[{"name":"wp","href":"https:\/\/api.w.org\/{rel}","templated":true}]}}