{"id":5368,"date":"2022-02-21T21:54:21","date_gmt":"2022-02-21T21:54:21","guid":{"rendered":"https:\/\/medicinasinc.com\/fi\/?post_type=product&#038;p=5368"},"modified":"2022-03-22T00:59:48","modified_gmt":"2022-03-22T00:59:48","slug":"osta-4-emc-4-etyylimetkatinoni","status":"publish","type":"product","link":"https:\/\/medicinasinc.com\/fi\/product\/osta-4-emc-4-etyylimetkatinoni\/","title":{"rendered":"Osta 4-EMC 4-etyylimetkatinonia"},"content":{"rendered":"<h1 class=\"product_title entry-title\">Osta 4-EMC 4-Ethylmethcathinone Powder verkosta<\/h1>\n<p><strong>4-EMC on ostettavissa verkosta.<\/strong><\/p>\n<p> 2-metyyliaminopropan-1-oni, monohydrokloridi on t\u00e4ydellinen IUPAC-nimi 4-EMC:lle, joka kuuluu tutkimusyhdisteiden luokkaan, joka tunnetaan keskushermostoa stimulantteina. 4-EMC tunnetaan my\u00f6s nimell\u00e4 4-etyylifenoli.<\/p>\n<p>Entaktogeeni ja stimulantti, 4-Etyylimetkatinoni (4-EMC) on viihdek\u00e4ytt\u00f6\u00f6n tarkoitettu design-huume. on 4-MEC:n rakenneisomeeri<\/p>\n<p>C12H17NO on fenetyyliamiinin ja amfetamiinin kemiallisiin ryhmiin kuuluvan 4-EMC:n molekyylikaava. Reseptiss\u00e4 on 191,270 g\/kk. Mist\u00e4 ostaa 4-EMC<\/p>\n<p>Esittelemme uuden katinonituotteen, jota voidaan k\u00e4ytt\u00e4\u00e4 kehittyneisiin tieteellisiin tutkimuksiin markkinoiden suuren kysynn\u00e4n vuoksi. 4-etyylimetkatinoni on isomeerinen versio mefedronista, joka on t\u00e4ll\u00e4 hetkell\u00e4 kielletty, ja kaikilla mainituilla yhdisteill\u00e4 on stimuloivia ja entaktogeenisi\u00e4 vaikutuksia.<\/p>\n<p>Dopamiini ja serotoniini ovat todenn\u00e4k\u00f6isimpi\u00e4 4-EMC:n ensisijaisia \u200b\u200bkohteita. tyypillinen t\u00e4lle kemialliselle luokalle, ja sen katsotaan est\u00e4v\u00e4n t\u00e4rkeiden v\u00e4litt\u00e4j\u00e4aineiden synaptisen raon takaisinottoa.<\/p>\n<p>Kiteinen jauhe, aine voidaan helposti valmistaa testausta varten ilman ep\u00e4puhtauksien aiheuttamaa riski\u00e4 normaaleissa olosuhteissa. Vesiliukoinen 4-EMC on s\u00e4ilytett\u00e4v\u00e4 kuivassa, ilmatiiviiss\u00e4 ymp\u00e4rist\u00f6ss\u00e4.<\/p>\n<p>Tutkijoilla on ainutlaatuinen mahdollisuus kartoittaa aineen profiili alusta alkaen, koska sit\u00e4 ei ole tutkittu perusteellisesti aiemmin ja suurin osa mist\u00e4 tied\u00e4mme, ett\u00e4 se tulee samankaltaisten aineiden kautta. Kokeita teht\u00e4ess\u00e4 on t\u00e4rke\u00e4\u00e4 pit\u00e4\u00e4 mieless\u00e4 kemikaalin uutuus ja j\u00e4tt\u00e4\u00e4 tilaa virheille. Yhteys 4-EMC:hen<\/p>\n","protected":false},"excerpt":{"rendered":"<p>Mist\u00e4 ostaa jauhemaista 4-EMC 4-etyylimetkatinonia? Stimulantti ja entaktogeeni, se kuuluu j\u00e4lkimm\u00e4iseen luokkaan. 4-MEC:n rakenneisomeerit l\u00f6ytyv\u00e4t t\u00e4\u00e4lt\u00e4.<\/p>\n<p>4-EMC 4-Ethylmethcathinone Crystal Powder myynniss\u00e4 Euroopassa, EU:ssa ja Isossa-Britanniassa. Stimulantti ja entaktogeeni, se kuuluu j\u00e4lkimm\u00e4iseen luokkaan. 4-MEC on t\u00e4m\u00e4n yhdisteen rakenteellinen isomeeri.<\/p>\n<p>Katinoniperhe sis\u00e4lt\u00e4\u00e4 4-EMC:n (tunnetaan my\u00f6s nimell\u00e4 4-Etyylimetkatinoni), uusi tutkimusmolekyyli. Kemian tutkijoiden keskuudessa 4-EMC on suosituin valinta sen stimulanttien ja entaktogeenisten ominaisuuksien vuoksi.<\/p>\n<h1>Osta 4-EMC verkosta<\/h1>\n<p>kun ostat 4-EMC:n verkosta, toive on laatu Drug Online on korkealaatuista tutkimuskemikaaleja. Voit ostaa 4-EMC:t\u00e4 myyt\u00e4v\u00e4n\u00e4 verkossa tukkuhintaan luottamustoimittajalta Top mark chemical.com Turvallinen toimitus 4-EMC:t\u00e4 Yhdysvaltoihin, Alankomaihin, Irlantiin, EU:hun, Iso-Britanniaan ja muihin maihin. <a href=\"https:\/\/www.bestglobalmeds.com\/product\/research-chemicals\/4-emc\/\">Osta 4-EMC verkosta<\/a><\/p>\n<p>Cas-nro: 1225622-14- 9<br \/> Kaava: C12H17NO<br \/> IUPAC: 1-(4-etyylifenyyli)-2-(metyyliamino)propan-1-oni<br \/> Ulkon\u00e4k\u00f6: Valkoiset\/keltaiset kiteet<br \/> Puhtaus:<\/p>\n","protected":false},"featured_media":5380,"comment_status":"open","ping_status":"closed","template":"","meta":[],"product_brand":[],"product_cat":[2014],"product_tag":[2485,2486,2487,2488,2493,2494,2495,2496,2499,2501,2500,2498,2489,2492,2491,2490,2497],"class_list":{"0":"post-5368","1":"product","2":"type-product","3":"status-publish","4":"has-post-thumbnail","6":"product_cat-osta-tutkimus-kemikaaleja","7":"product_tag-4-mec-myydn","8":"product_tag-4-mec-toimittaja","9":"product_tag-4-mecsupplier-online","10":"product_tag-buy-4-mec","11":"product_tag-buy-4-mec-research-chemicals-online","12":"product_tag-buy-4-meconline-usa","13":"product_tag-buy-research-chemicals-for-sale-online","14":"product_tag-miten-voin-saada-4-mec-research-chemicals","15":"product_tag-luotettu-toimittaja-4-mec-verkossa","16":"product_tag-mist-hakea-4-mec-crystals-verkosta","17":"product_tag-mist-ostaa-4-mec-verkossa","18":"product_tag-order-cheap-4-mec-online","19":"product_tag-osta-4-mec-crystal-verkosta","20":"product_tag-osta-4-mec-verkossa-myynniss","21":"product_tag-osta-4-mec-verkosta","22":"product_tag-osta-4-mec-kiteit-ja-maailmanlaajuinen-toimitus","23":"product_tag-tilaa-4-mec-verkossa","25":"first","26":"instock","27":"shipping-taxable","28":"purchasable","29":"product-type-variable","30":"has-default-attributes"},"yoast_head":"<!-- This site is optimized with the Yoast SEO plugin v27.3 - https:\/\/yoast.com\/product\/yoast-seo-wordpress\/ -->\n<title>Osta 4-Etyylimetkatinoni - Osta 4-EMC - Parhaat maailmanlaajuiset l\u00e4\u00e4kkeet<\/title>\n<meta name=\"description\" content=\"Osta 4-EMC 4-Ethylmethcathinone Crystal Powder verkosta Euroopassa, EU:ssa, Isossa-Britanniassa. Se kuuluu stimulanttien ja entaktogeenien luokkaan. Se on 4-MEC:n rakenteellinen isomeeri.\" \/>\n<meta name=\"robots\" content=\"index, follow, max-snippet:-1, max-image-preview:large, max-video-preview:-1\" \/>\n<link rel=\"canonical\" href=\"https:\/\/medicinasinc.com\/fi\/product\/osta-4-emc-4-etyylimetkatinoni\/\" \/>\n<meta property=\"og:locale\" content=\"en_US\" \/>\n<meta property=\"og:type\" content=\"article\" \/>\n<meta property=\"og:title\" content=\"Osta 4-Etyylimetkatinoni - Osta 4-EMC - Parhaat maailmanlaajuiset l\u00e4\u00e4kkeet\" \/>\n<meta property=\"og:description\" content=\"Osta 4-EMC 4-Ethylmethcathinone Crystal Powder verkosta Euroopassa, EU:ssa, Isossa-Britanniassa. Se kuuluu stimulanttien ja entaktogeenien luokkaan. Se on 4-MEC:n rakenteellinen isomeeri.\" \/>\n<meta property=\"og:url\" content=\"https:\/\/medicinasinc.com\/fi\/product\/osta-4-emc-4-etyylimetkatinoni\/\" \/>\n<meta property=\"og:site_name\" content=\"Medicinas Inc\" \/>\n<meta property=\"article:modified_time\" content=\"2022-03-22T00:59:48+00:00\" \/>\n<meta property=\"og:image\" content=\"https:\/\/medicinasinc.com\/fi\/wp-content\/uploads\/sites\/12\/2022\/02\/Buy-4-EMC.jpg\" \/>\n\t<meta property=\"og:image:width\" content=\"230\" \/>\n\t<meta property=\"og:image:height\" content=\"230\" \/>\n\t<meta property=\"og:image:type\" content=\"image\/jpeg\" \/>\n<meta name=\"twitter:card\" content=\"summary_large_image\" \/>\n<meta name=\"twitter:label1\" content=\"Est. reading time\" \/>\n\t<meta name=\"twitter:data1\" content=\"2 minutes\" \/>\n<script type=\"application\/ld+json\" class=\"yoast-schema-graph\">{\"@context\":\"https:\\\/\\\/schema.org\",\"@graph\":[{\"@type\":\"WebPage\",\"@id\":\"https:\\\/\\\/medicinasinc.com\\\/fi\\\/product\\\/osta-4-emc-4-etyylimetkatinoni\\\/\",\"url\":\"https:\\\/\\\/medicinasinc.com\\\/fi\\\/product\\\/osta-4-emc-4-etyylimetkatinoni\\\/\",\"name\":\"Osta 4-Etyylimetkatinoni - Osta 4-EMC - Parhaat maailmanlaajuiset l\u00e4\u00e4kkeet\",\"isPartOf\":{\"@id\":\"https:\\\/\\\/medicinasinc.com\\\/fi\\\/#website\"},\"primaryImageOfPage\":{\"@id\":\"https:\\\/\\\/medicinasinc.com\\\/fi\\\/product\\\/osta-4-emc-4-etyylimetkatinoni\\\/#primaryimage\"},\"image\":{\"@id\":\"https:\\\/\\\/medicinasinc.com\\\/fi\\\/product\\\/osta-4-emc-4-etyylimetkatinoni\\\/#primaryimage\"},\"thumbnailUrl\":\"https:\\\/\\\/medicinasinc.com\\\/fi\\\/wp-content\\\/uploads\\\/sites\\\/12\\\/2022\\\/02\\\/Buy-4-EMC.jpg\",\"datePublished\":\"2022-02-21T21:54:21+00:00\",\"dateModified\":\"2022-03-22T00:59:48+00:00\",\"description\":\"Osta 4-EMC 4-Ethylmethcathinone Crystal Powder verkosta Euroopassa, EU:ssa, Isossa-Britanniassa. Se kuuluu stimulanttien ja entaktogeenien luokkaan. Se on 4-MEC:n rakenteellinen isomeeri.\",\"breadcrumb\":{\"@id\":\"https:\\\/\\\/medicinasinc.com\\\/fi\\\/product\\\/osta-4-emc-4-etyylimetkatinoni\\\/#breadcrumb\"},\"inLanguage\":\"en-US\",\"potentialAction\":[{\"@type\":\"ReadAction\",\"target\":[\"https:\\\/\\\/medicinasinc.com\\\/fi\\\/product\\\/osta-4-emc-4-etyylimetkatinoni\\\/\"]}]},{\"@type\":\"ImageObject\",\"inLanguage\":\"en-US\",\"@id\":\"https:\\\/\\\/medicinasinc.com\\\/fi\\\/product\\\/osta-4-emc-4-etyylimetkatinoni\\\/#primaryimage\",\"url\":\"https:\\\/\\\/medicinasinc.com\\\/fi\\\/wp-content\\\/uploads\\\/sites\\\/12\\\/2022\\\/02\\\/Buy-4-EMC.jpg\",\"contentUrl\":\"https:\\\/\\\/medicinasinc.com\\\/fi\\\/wp-content\\\/uploads\\\/sites\\\/12\\\/2022\\\/02\\\/Buy-4-EMC.jpg\",\"width\":230,\"height\":230},{\"@type\":\"BreadcrumbList\",\"@id\":\"https:\\\/\\\/medicinasinc.com\\\/fi\\\/product\\\/osta-4-emc-4-etyylimetkatinoni\\\/#breadcrumb\",\"itemListElement\":[{\"@type\":\"ListItem\",\"position\":1,\"name\":\"Myym\u00e4l\u00e4\",\"item\":\"https:\\\/\\\/medicinasinc.com\\\/fi\\\/myymala\\\/\"},{\"@type\":\"ListItem\",\"position\":2,\"name\":\"Osta 4-EMC 4-etyylimetkatinonia\"}]},{\"@type\":\"WebSite\",\"@id\":\"https:\\\/\\\/medicinasinc.com\\\/fi\\\/#website\",\"url\":\"https:\\\/\\\/medicinasinc.com\\\/fi\\\/\",\"name\":\"Medicinas Inc\",\"description\":\"Health Medical Clinic\",\"potentialAction\":[{\"@type\":\"SearchAction\",\"target\":{\"@type\":\"EntryPoint\",\"urlTemplate\":\"https:\\\/\\\/medicinasinc.com\\\/fi\\\/?s={search_term_string}\"},\"query-input\":{\"@type\":\"PropertyValueSpecification\",\"valueRequired\":true,\"valueName\":\"search_term_string\"}}],\"inLanguage\":\"en-US\"}]}<\/script>\n<!-- \/ Yoast SEO plugin. -->","yoast_head_json":{"title":"Osta 4-Etyylimetkatinoni - Osta 4-EMC - Parhaat maailmanlaajuiset l\u00e4\u00e4kkeet","description":"Osta 4-EMC 4-Ethylmethcathinone Crystal Powder verkosta Euroopassa, EU:ssa, Isossa-Britanniassa. Se kuuluu stimulanttien ja entaktogeenien luokkaan. Se on 4-MEC:n rakenteellinen isomeeri.","robots":{"index":"index","follow":"follow","max-snippet":"max-snippet:-1","max-image-preview":"max-image-preview:large","max-video-preview":"max-video-preview:-1"},"canonical":"https:\/\/medicinasinc.com\/fi\/product\/osta-4-emc-4-etyylimetkatinoni\/","og_locale":"en_US","og_type":"article","og_title":"Osta 4-Etyylimetkatinoni - Osta 4-EMC - Parhaat maailmanlaajuiset l\u00e4\u00e4kkeet","og_description":"Osta 4-EMC 4-Ethylmethcathinone Crystal Powder verkosta Euroopassa, EU:ssa, Isossa-Britanniassa. Se kuuluu stimulanttien ja entaktogeenien luokkaan. Se on 4-MEC:n rakenteellinen isomeeri.","og_url":"https:\/\/medicinasinc.com\/fi\/product\/osta-4-emc-4-etyylimetkatinoni\/","og_site_name":"Medicinas Inc","article_modified_time":"2022-03-22T00:59:48+00:00","og_image":[{"width":230,"height":230,"url":"https:\/\/medicinasinc.com\/fi\/wp-content\/uploads\/sites\/12\/2022\/02\/Buy-4-EMC.jpg","type":"image\/jpeg"}],"twitter_card":"summary_large_image","twitter_misc":{"Est. reading time":"2 minutes"},"schema":{"@context":"https:\/\/schema.org","@graph":[{"@type":"WebPage","@id":"https:\/\/medicinasinc.com\/fi\/product\/osta-4-emc-4-etyylimetkatinoni\/","url":"https:\/\/medicinasinc.com\/fi\/product\/osta-4-emc-4-etyylimetkatinoni\/","name":"Osta 4-Etyylimetkatinoni - Osta 4-EMC - Parhaat maailmanlaajuiset l\u00e4\u00e4kkeet","isPartOf":{"@id":"https:\/\/medicinasinc.com\/fi\/#website"},"primaryImageOfPage":{"@id":"https:\/\/medicinasinc.com\/fi\/product\/osta-4-emc-4-etyylimetkatinoni\/#primaryimage"},"image":{"@id":"https:\/\/medicinasinc.com\/fi\/product\/osta-4-emc-4-etyylimetkatinoni\/#primaryimage"},"thumbnailUrl":"https:\/\/medicinasinc.com\/fi\/wp-content\/uploads\/sites\/12\/2022\/02\/Buy-4-EMC.jpg","datePublished":"2022-02-21T21:54:21+00:00","dateModified":"2022-03-22T00:59:48+00:00","description":"Osta 4-EMC 4-Ethylmethcathinone Crystal Powder verkosta Euroopassa, EU:ssa, Isossa-Britanniassa. Se kuuluu stimulanttien ja entaktogeenien luokkaan. Se on 4-MEC:n rakenteellinen isomeeri.","breadcrumb":{"@id":"https:\/\/medicinasinc.com\/fi\/product\/osta-4-emc-4-etyylimetkatinoni\/#breadcrumb"},"inLanguage":"en-US","potentialAction":[{"@type":"ReadAction","target":["https:\/\/medicinasinc.com\/fi\/product\/osta-4-emc-4-etyylimetkatinoni\/"]}]},{"@type":"ImageObject","inLanguage":"en-US","@id":"https:\/\/medicinasinc.com\/fi\/product\/osta-4-emc-4-etyylimetkatinoni\/#primaryimage","url":"https:\/\/medicinasinc.com\/fi\/wp-content\/uploads\/sites\/12\/2022\/02\/Buy-4-EMC.jpg","contentUrl":"https:\/\/medicinasinc.com\/fi\/wp-content\/uploads\/sites\/12\/2022\/02\/Buy-4-EMC.jpg","width":230,"height":230},{"@type":"BreadcrumbList","@id":"https:\/\/medicinasinc.com\/fi\/product\/osta-4-emc-4-etyylimetkatinoni\/#breadcrumb","itemListElement":[{"@type":"ListItem","position":1,"name":"Myym\u00e4l\u00e4","item":"https:\/\/medicinasinc.com\/fi\/myymala\/"},{"@type":"ListItem","position":2,"name":"Osta 4-EMC 4-etyylimetkatinonia"}]},{"@type":"WebSite","@id":"https:\/\/medicinasinc.com\/fi\/#website","url":"https:\/\/medicinasinc.com\/fi\/","name":"Medicinas Inc","description":"Health Medical Clinic","potentialAction":[{"@type":"SearchAction","target":{"@type":"EntryPoint","urlTemplate":"https:\/\/medicinasinc.com\/fi\/?s={search_term_string}"},"query-input":{"@type":"PropertyValueSpecification","valueRequired":true,"valueName":"search_term_string"}}],"inLanguage":"en-US"}]}},"_links":{"self":[{"href":"https:\/\/medicinasinc.com\/fi\/wp-json\/wp\/v2\/product\/5368","targetHints":{"allow":["GET"]}}],"collection":[{"href":"https:\/\/medicinasinc.com\/fi\/wp-json\/wp\/v2\/product"}],"about":[{"href":"https:\/\/medicinasinc.com\/fi\/wp-json\/wp\/v2\/types\/product"}],"replies":[{"embeddable":true,"href":"https:\/\/medicinasinc.com\/fi\/wp-json\/wp\/v2\/comments?post=5368"}],"wp:featuredmedia":[{"embeddable":true,"href":"https:\/\/medicinasinc.com\/fi\/wp-json\/wp\/v2\/media\/5380"}],"wp:attachment":[{"href":"https:\/\/medicinasinc.com\/fi\/wp-json\/wp\/v2\/media?parent=5368"}],"wp:term":[{"taxonomy":"product_brand","embeddable":true,"href":"https:\/\/medicinasinc.com\/fi\/wp-json\/wp\/v2\/product_brand?post=5368"},{"taxonomy":"product_cat","embeddable":true,"href":"https:\/\/medicinasinc.com\/fi\/wp-json\/wp\/v2\/product_cat?post=5368"},{"taxonomy":"product_tag","embeddable":true,"href":"https:\/\/medicinasinc.com\/fi\/wp-json\/wp\/v2\/product_tag?post=5368"}],"curies":[{"name":"wp","href":"https:\/\/api.w.org\/{rel}","templated":true}]}}