{"id":5367,"date":"2022-02-21T21:52:55","date_gmt":"2022-02-21T21:52:55","guid":{"rendered":"https:\/\/medicinasinc.com\/fi\/?post_type=product&#038;p=5367"},"modified":"2022-03-22T01:00:03","modified_gmt":"2022-03-22T01:00:03","slug":"4-kloorimetkatinoni-4-cmc-hcl-kide","status":"publish","type":"product","link":"https:\/\/medicinasinc.com\/fi\/product\/4-kloorimetkatinoni-4-cmc-hcl-kide\/","title":{"rendered":"4-Kloorimetkatinoni (4-CMC HCl) Kide"},"content":{"rendered":"<p>Verkosta voit ostaa 4-CMC-kiteit\u00e4 ja jauhetta eritt\u00e4in edulliseen hintaan.<br \/> Osta 4-CMC-kide kaupasta.<\/p>\n<p>4-CMC on lyhenne sanoista 4-Chloromethcathinone. , ja se tarkoittaa 4-Chloromethcathinone 4-CMC on osa katinoneiksi kutsuttujen kemikaalien luokkaa. Se on huume. Aikaisemmin t\u00e4m\u00e4 tutkimuskemikaali ei ole ollut markkinoilla kovin pitk\u00e4\u00e4n. T\u00e4m\u00e4 tarkoittaa, ett\u00e4 monet ihmiset eiv\u00e4t ole viel\u00e4 kokeilleet sit\u00e4.<\/p>\n<p>Osta 4-CMC Crystals, joka on 4-Chloromethcathinone. N\u00e4m\u00e4 kiteet on valmistettu parhaista tutkimuskemikaaleista, ja niill\u00e4 on nopea toimitus ja edulliset hinnat. Kun siirryt osoitteeseen globalhomemed.com, saat sielt\u00e4 vain l\u00e4\u00e4kkeit\u00e4.<\/p>\n<p>Vaikka 4-CMC on uusi, t\u00e4ll\u00e4 aineella tehtyjen alustavien testien sanottiin osoittaneen lis\u00e4\u00e4ntyneit\u00e4 tunteita, nopeampia ajatusprosesseja ja korkeaa. energiatasot. T\u00e4m\u00e4 muistuttaa paljon 4-MMC:t\u00e4, bk-MDMA:ta ja 3-MMC:t\u00e4. 4-CMC on sama. Joten jos olet tehnyt tutkimusta mill\u00e4 tahansa n\u00e4ist\u00e4 kemikaaleista, tied\u00e4t my\u00f6s mit\u00e4 odottaa 4-CMC-tutkimuskokeilta.<\/p>\n<p>&nbsp;<\/p>\n<p>Mist\u00e4 voin ostaa 4-CMC?<\/p>\n<p>Meill\u00e4 on Chemical Planetilla myynniss\u00e4 paljon korkealaatuisia 4-CMC:it\u00e4. Useimmissa tapauksissa 4-CMC on kidemuodossa. Ota yhteytt\u00e4, jos et n\u00e4e haluamaasi lomaketta. Saatamme saada sen pian takaisin.<\/p>\n<p>Osta 4-CMC Chemical Planetilta ja sinun on oltava v\u00e4hint\u00e4\u00e4n 18-vuotias ja noudatettava t\u00e4ysin maasi tutkimuskemiallisia lakeja, jos haluat tehd\u00e4 niin. Ihmiset ja el\u00e4imet eiv\u00e4t voi k\u00e4ytt\u00e4\u00e4 kemikaalejamme. Ne on tarkoitettu vain tutkimukseen, eiv\u00e4tk\u00e4 ihmisten tai el\u00e4inten k\u00e4ytt\u00f6\u00f6n.<\/p>\n<p>4-CMC:n laillisuus<\/p>\n<p>Kiinan ja Ruotsin ihmiset eiv\u00e4t pid\u00e4 4-CMC:st\u00e4 kovinkaan paljon. Jos k\u00e4yt\u00e4t t\u00e4t\u00e4 l\u00e4\u00e4kett\u00e4 Saksassa, sen nimi on &#8220;Anlage I&#8221;. Monet muut maat eiv\u00e4t ole viel\u00e4 asettaneet p\u00e4iv\u00e4m\u00e4\u00e4r\u00e4\u00e4 t\u00e4lle kemikaalille. T\u00e4m\u00e4 johtuu useimmiten siit\u00e4, ett\u00e4 se on niin uusi.<\/p>\n<p>Viile\u00e4, kuiva paikka on aina paras parhaan s\u00e4ilyvyyden saavuttamiseksi. T\u00e4m\u00e4 tuote on tarkoitettu vain oikeusl\u00e4\u00e4ketieteelliseen ja tutkimusk\u00e4ytt\u00f6\u00f6n. Sit\u00e4 ei ole tarkoitettu ihmisten sy\u00f6t\u00e4v\u00e4ksi eik\u00e4 sit\u00e4 ole testattava el\u00e4imill\u00e4 tai muilla el\u00e4vill\u00e4 olennoilla.<\/p>\n","protected":false},"excerpt":{"rendered":"<p>Osta 4-CMC-kiteit\u00e4 ja jauhetta verkossa halvalla verkkokaupasta. Osta 4-CMC-kiteit\u00e4 ja jauhetta irtotavarana, jotka ovat 99-prosenttisesti puhtaita. Tilaa 4-kloorimetkatinonia myyt\u00e4v\u00e4ksi Isossa-Britanniassa, Euroopassa ja muualla maailmassa.<\/p>\n<p>Osta 4-kloorimetkatinoni (4-CMC HCl) -hydrokloridikiteit\u00e4 parhaaseen hintaan ja toimita se kaikkialle maailmaan. Tee tilaus 4-CMC:lle Isossa-Britanniassa ja Euroopassa<\/p>\n<p>Osta 4-CMC-kiteit\u00e4 ja jauhetta verkosta edulliseen hintaan verkkokaupasta.<\/p>\n<p>Osta 4-CMC-kiteit\u00e4 ja irtotavarana olevaa jauhetta, joka on 99-prosenttisesti puhdasta.<\/p>\n","protected":false},"featured_media":5378,"comment_status":"open","ping_status":"closed","template":"","meta":[],"product_brand":[],"product_cat":[2014],"product_tag":[2333,2403,2101,2337,2102,2363,2329,2103,2326,2104,2365,2105,2366,2125,2367,2126,2155,2478,2477,2331,2156,2332,2157,2158,2372,2159,2160,2165,2166,2167,2168,2173,2174,2175,2176,2177,2181,2182,2183,2328,2330,2344,2185,2193,2194,2195,2196,2199,2200,2201,2203,2209,2210,2211,2212,2216,2205,2206,2207,2208,2214,2215,2219,2221,2222,2223,2225,2226,2233,2479,2234,2236,2238,2240,2243,2244,2245,2246,2247,2248,2249,2250,2251,2252,2254,2255,2256,2257,2258,2259,2260,2261,2262,2264,2266,2269,2270,2271,2272,2276,2277,2278,2279,2335,2345,2308,2446,2291,2280,2281,2282,2283,2284,2285,2286,2287,2288,2289,2290,2309,2294,2197,2292,2407,2346,2406,2297,2298,2299,2300,2301,2302,2303,2304,2305,2306,2307,2217,2218,2379,2408,2409,2410,2411,2412,2415,2417,2389,2418,2474,2392,2310,2311,2312,2313,2314,2315,2316,2317,2318,2319,2320,2321,2480,2476,2347,2325,2339,2327,2336,2338,2340,2341,2342,2343,2213,2484,2419,2391,2349,2350,2351,2352,2355,2356,2357,2358,2359,2360,2361,2362,2364,2368,2369,2370,2371,2373,2374,2295,2235,2263,2430,2421,2172,2220,2422,2413,2423,2161,2424,2162,2425,2163,2164,2469,2385,2414,2428,2179,2482,2180,2169,2253,2431,2432,2170,2265,2322,2433,2239,2184,2434,2171,2178,2267,2323,2202,2204,2483,2334,2380,2381,2382,2383,2384,2386,2387,2416,2388,2390,2420,2324,2394,2395,2396,2397,2398,2399,2400,2401,2402,2404,2405,2481,2186,2188,2189,2293,2198,2268,2348,2187,2190,2353,2354,2191,2192,2273,2274,2275,2426,2427,2429,2435,2436,2437,2438,2439,2440,2441,2442,2443,2444,2445,2447,2449,2450,2451,2452,2453,2454,2455,2456,2457,2458,2459,2460,2461,2462,2463,2464,2465,2466,2467,2468,2470,2471,2472,2473,2475],"class_list":{"0":"post-5367","1":"product","2":"type-product","3":"status-publish","4":"has-post-thumbnail","6":"product_cat-osta-tutkimus-kemikaaleja","7":"product_tag-store-a-php","8":"product_tag-kaupasta-phphen","9":"product_tag-2-fdck","10":"product_tag-magazine-2-fdck","11":"product_tag-2-mmc","12":"product_tag-kauppa-2-mmc","13":"product_tag-varasto-3-mmc-pelletit","14":"product_tag-3-cmc","15":"product_tag-kauppa-3-cmc","16":"product_tag-3-mm","17":"product_tag-kauppa-3-mma","18":"product_tag-3-mmc","19":"product_tag-kauppa-3-mmc","20":"product_tag-3-mmc-pelletit","21":"product_tag-kauppa-3-mmc-pelletit","22":"product_tag-3-mmc-pillerit","23":"product_tag-4-cmc","24":"product_tag-4-cmc-crystals-for-sale","25":"product_tag-4-cmc-kiteit","26":"product_tag-kauppa-4-cmc","27":"product_tag-5-mmpa","28":"product_tag-kauppa-5-mmpa","29":"product_tag-a-php","30":"product_tag-a-pihp","31":"product_tag-shop-at-pihp","32":"product_tag-acheter-2-fdck","33":"product_tag-acheter-2-mmc","34":"product_tag-acheter-3-mmc-pills","35":"product_tag-acheter-4-cmc","36":"product_tag-acheter-5-mmpa","37":"product_tag-acheter-a-php","38":"product_tag-acquista-2-mmc","39":"product_tag-acquista-3-cmc","40":"product_tag-acquista-3-mma","41":"product_tag-acquista-3-mmc","42":"product_tag-acquista-3-mmc-pellets","43":"product_tag-acquista-a-php","44":"product_tag-acquista-a-pihp","45":"product_tag-acquista-eutylone","46":"product_tag-lehti-3-mmc","47":"product_tag-lehti-3-mmc-pillerit","48":"product_tag-aikakauslehti-a-pihp","49":"product_tag-al-por-mayor-2-fdck","50":"product_tag-al-por-mayor-5-mmpa","51":"product_tag-al-por-mayor-a-php","52":"product_tag-al-por-mayor-a-pihp","53":"product_tag-al-por-mayor-eutylone","54":"product_tag-best-3-cmc","55":"product_tag-best-3-mmc","56":"product_tag-best-4-cmc","57":"product_tag-best-hexedrone","58":"product_tag-bulk-3-mmc","59":"product_tag-bulk-3-mmc-pellets","60":"product_tag-bulk-3-mmc-pills","61":"product_tag-bulk-4-cmc","62":"product_tag-bulkkieutyloni","63":"product_tag-bulk-2-fdck","64":"product_tag-bulkki-2-mmc","65":"product_tag-bulkki-3-cmc","66":"product_tag-bulkki-3-mma","67":"product_tag-bulk-a-php","68":"product_tag-bulk-a-pihp","69":"product_tag-buy-2-fdck","70":"product_tag-buy-3-cmc","71":"product_tag-buy-3-mma","72":"product_tag-buy-3-mmc","73":"product_tag-buy-3-mmc-pellets","74":"product_tag-buy-3-mmc-pills","75":"product_tag-buy-4-cmc","76":"product_tag-buy-4-cmc-crystals-online","77":"product_tag-buy-5-mmpa","78":"product_tag-buy-a-pihp","79":"product_tag-buy-eutylone","80":"product_tag-buy-hexen","81":"product_tag-comprar-2-fdck","82":"product_tag-comprar-2-mmc","83":"product_tag-comprar-3-cmc","84":"product_tag-comprar-3-mma","85":"product_tag-comprar-3-mmc","86":"product_tag-comprar-3-mmc-pellets","87":"product_tag-comprar-3-mmc-pills","88":"product_tag-comprar-4-cmc","89":"product_tag-comprar-5-mmpa","90":"product_tag-comprar-a-php","91":"product_tag-comprar-eutylone","92":"product_tag-comprar-hexedrone","93":"product_tag-comprar-hexen","94":"product_tag-cumpara-2-fdck","95":"product_tag-cumpara-3-cmc","96":"product_tag-cumpara-3-mma","97":"product_tag-cumpara-3-mmc","98":"product_tag-cumpara-4-cmc","99":"product_tag-cumpara-5-mmpa","100":"product_tag-cumpara-a-pihp","101":"product_tag-cumpara-hexedrone","102":"product_tag-en-gros-3-cmc","103":"product_tag-en-gros-3-mma","104":"product_tag-en-gros-3-mmc","105":"product_tag-en-gros-4-cmc","106":"product_tag-en-gros-eutylone","107":"product_tag-en-gros-hexedrone","108":"product_tag-en-gros-hexen","109":"product_tag-eutyloni","110":"product_tag-kauppa-eutyloni","111":"product_tag-eutylonikauppa","112":"product_tag-ingrosso-eutyloni","113":"product_tag-tukku-eutyloni","114":"product_tag-eutylonin-tukkumyynti","115":"product_tag-groothandel-2-fdck","116":"product_tag-groothandel-2-mmc","117":"product_tag-groothandel-3-cmc","118":"product_tag-groothandel-3-mma","119":"product_tag-groothandel-3-mmc","120":"product_tag-groothandel-3-mmc-pellets","121":"product_tag-groothandel-3-mmc-pills","122":"product_tag-groothandel-4-cmc","123":"product_tag-groothandel-5-mmpa","124":"product_tag-groothandel-a-php","125":"product_tag-groothandel-a-pihp","126":"product_tag-ingrosso-noidat","127":"product_tag-heksadroni","128":"product_tag-tukku-heksedroni","129":"product_tag-heksedronin-tukkumyynti","130":"product_tag-kauppa-hexen","131":"product_tag-hexedrone-kauppa","132":"product_tag-hexedrone-myyml","133":"product_tag-ingrosso-2-fdck","134":"product_tag-ingrosso-2-mmc","135":"product_tag-ingrosso-3-cmc","136":"product_tag-ingrosso-3-mma","137":"product_tag-ingrosso-3-mmc","138":"product_tag-ingrosso-3-mmc-pelletit","139":"product_tag-ingrosso-3-mmc-pillerit","140":"product_tag-ingrosso-4-cmc","141":"product_tag-ingrosso-5-mmpa","142":"product_tag-ingrosso-a-php","143":"product_tag-ingrosso-a-pihp","144":"product_tag-bulkki-heksdroni","145":"product_tag-bulkki-hekseeni","146":"product_tag-shop-2-fdck","147":"product_tag-lentoonlht-2-fdck","148":"product_tag-lentoonlht-2-mmc","149":"product_tag-lentoonlht-3-cmc","150":"product_tag-lentoonlht-3-mm","151":"product_tag-lentoonlht-3-mmc","152":"product_tag-lentoonlht-4-cmc","153":"product_tag-uzlet-a-pihp","154":"product_tag-shop-a-pihp","155":"product_tag-lentoonlhteutylonin","156":"product_tag-eutylonin-kauppa","157":"product_tag-kauppa-noidat","158":"product_tag-koop-2-fdck","159":"product_tag-koop-2-mmc","160":"product_tag-koop-3-cmc","161":"product_tag-koop-3-mma","162":"product_tag-koop-3-mmc","163":"product_tag-koop-3-mmc-pelletit","164":"product_tag-koop-3-mmc-pills","165":"product_tag-koop-4-cmc","166":"product_tag-koop-5-mmpa","167":"product_tag-koop-a-php","168":"product_tag-koop-a-pihp","169":"product_tag-koop-eutylone","170":"product_tag-miten-osta-osta-4-cmc-kristalli-verkosta","171":"product_tag-kulman-noidat","172":"product_tag-lehden-noidat","173":"product_tag-lehti-2-mmc","174":"product_tag-aikakauslehti-3-mma","175":"product_tag-magasin-3-mma","176":"product_tag-magasin-hexen","177":"product_tag-magazin-3-cmc","178":"product_tag-magazin-3-mmc","179":"product_tag-magazin-4-cmc","180":"product_tag-magazin-5-mmpa","181":"product_tag-magazin-a-php","182":"product_tag-bulkki-5-mmpa","183":"product_tag-mist-ostaa-4-cmc-kristalli-verkossa","184":"product_tag-lentoonlht-heksadroni","185":"product_tag-kauppa-heksdroni","186":"product_tag-nagykereskedelem-2-mmc","187":"product_tag-nagykereskedelem-3-cmc","188":"product_tag-nagykereskedelem-3-mma","189":"product_tag-nagykereskedelem-3-mmc","190":"product_tag-nagykereskedelem-4-cmc","191":"product_tag-nagykereskedelem-5-mmpa","192":"product_tag-nagykereskedelem-a-php","193":"product_tag-nagykereskedelem-a-pihp","194":"product_tag-nagykereskedelem-eutylone","195":"product_tag-nagykereskedelem-hexedrone","196":"product_tag-nagykereskedelem-hexen","197":"product_tag-negozio-2-fdck","198":"product_tag-negozio-3-cmc","199":"product_tag-negozio-3-mmc-pills","200":"product_tag-negozio-4-cmc","201":"product_tag-negozio-5-mmpa","202":"product_tag-negozio-a-php","203":"product_tag-negozio-eutylone","204":"product_tag-negozio-hexen","205":"product_tag-noidat","206":"product_tag-osta-php","207":"product_tag-cumpara-a-php","208":"product_tag-vasarold-meg-a-php","209":"product_tag-vasarold-meg-2-fdck","210":"product_tag-osta-2-fdck","211":"product_tag-osta-2-mmc","212":"product_tag-vasarold-meg-2-mmc","213":"product_tag-uzlet-3-mmc-pelletit","214":"product_tag-vasarold-meg-3-cmc","215":"product_tag-osta-3-cmc","216":"product_tag-vasarold-meg-3-mma","217":"product_tag-osta-3-mmma","218":"product_tag-vasarold-meg-3-mmc","219":"product_tag-osta-3-mmc","220":"product_tag-osta-3-mmc-pellettej","221":"product_tag-myyml-3-mmc-pillerit","222":"product_tag-shop-3-mmc-pills","223":"product_tag-lentoonlht-3-mmc-pillerit","224":"product_tag-vasarold-meg-4-cmc","225":"product_tag-osta-4-cmc","226":"product_tag-osta-4-cmc-kiteit-verkosta","227":"product_tag-osta-5-mmpa","228":"product_tag-osta-pihp","229":"product_tag-osta-a-pihp","230":"product_tag-vasarold-meg-pihp","231":"product_tag-vasarold-meg-eutyloni","232":"product_tag-osta-eutyloni","233":"product_tag-osta-eutylonia","234":"product_tag-osta-hexedrone","235":"product_tag-vasarold-meg-heksedroni","236":"product_tag-osta-heksdroni","237":"product_tag-osta-hexen","238":"product_tag-vasarold-meg-hexen","239":"product_tag-acheter-hexen","240":"product_tag-osta-3-mmc-pillerit","241":"product_tag-ostaa-hekseeni","242":"product_tag-ostaa-heksej","243":"product_tag-paras-a-pihp","244":"product_tag-paras-hexen","245":"product_tag-paras-ostopaikka-4-cmc-crystals-verkossa","246":"product_tag-store-a-pihp","247":"product_tag-shop-2-mmc","248":"product_tag-shop-3-cmc","249":"product_tag-shop-3-mma","250":"product_tag-shop-3-mmc","251":"product_tag-shop-3-mmc-pellets","252":"product_tag-shop-4-cmc","253":"product_tag-shop-5-mmpa","254":"product_tag-uzlet-a-php","255":"product_tag-shop-a-php","256":"product_tag-shop-eutylone","257":"product_tag-uzlet-hexen","258":"product_tag-store-2-fdck","259":"product_tag-tienda-2-fdck","260":"product_tag-tienda-2-mmc","261":"product_tag-tienda-3-cmc","262":"product_tag-tienda-3-mma","263":"product_tag-tienda-3-mmc","264":"product_tag-tienda-3-mmc-pellets","265":"product_tag-tienda-3-mmc-pills","266":"product_tag-tienda-4-cmc","267":"product_tag-tienda-5-mmpa","268":"product_tag-tienda-a-pihp","269":"product_tag-tienda-eutylone","270":"product_tag-tilaa-4-cmc-kiteet-verkosta","271":"product_tag-tukku-2-mmc","272":"product_tag-tukku-3-mma","273":"product_tag-tukku-3-mmc","274":"product_tag-tukku-heksa","275":"product_tag-tukku-hexen","276":"product_tag-tukkumyynti-2-fdck","277":"product_tag-tukku-2-fdck","278":"product_tag-tukku-3-cmc","279":"product_tag-tukku-3-mmc-pelletit","280":"product_tag-tukkumyynti-3-mmc-pelletit","281":"product_tag-tukkumyynti-3-mmc-pillereit","282":"product_tag-tukku-3-mmc-pillerit","283":"product_tag-tukku-4-cmc","284":"product_tag-tukku-5-mmpa","285":"product_tag-tukku-a-php","286":"product_tag-tukku-a-pihp","287":"product_tag-vasarold-meg-3-mmc-pellets","288":"product_tag-vasarold-meg-3-mmc-pills","289":"product_tag-vasarold-meg-5-mmpa","290":"product_tag-vente-en-gros-2-fdck","291":"product_tag-vente-en-gros-2-mmc","292":"product_tag-vente-en-gros-3-cmc","293":"product_tag-vente-en-gros-3-mma","294":"product_tag-vente-en-gros-3-mmc","295":"product_tag-vente-en-gros-3-mmc-pellets","296":"product_tag-vente-en-gros-3-mmc-pills","297":"product_tag-vente-en-gros-4-cmc","298":"product_tag-vente-en-gros-5-mmpa","299":"product_tag-vente-en-gros-a-php","300":"product_tag-vente-en-gros-a-pihp","301":"product_tag-vente-en-gros-hexen","302":"product_tag-wholesale-2-fdck","303":"product_tag-wholesale-2-mmc","304":"product_tag-wholesale-3-cmc","305":"product_tag-wholesale-3-mma","306":"product_tag-wholesale-3-mmc","307":"product_tag-wholesale-3-mmc-pellets","308":"product_tag-wholesale-3-mmc-pills","309":"product_tag-wholesale-4-cmc","310":"product_tag-wholesale-5-mmpa","311":"product_tag-wholesale-a-php","312":"product_tag-wholesale-a-pihp","313":"product_tag-wholesale-eutylone","314":"product_tag-wholesale-hexedrone","315":"product_tag-wholesale-hexen","316":"product_tag-winkel-2-fdck","317":"product_tag-winkel-2-mmc","318":"product_tag-winkel-3-cmc","319":"product_tag-winkel-3-mma","320":"product_tag-winkel-3-mmc","321":"product_tag-winkel-3-mmc-pelletit","322":"product_tag-winkel-4-cmc","323":"product_tag-winkel-5-mmpa","324":"product_tag-winkel-a-php","325":"product_tag-winkel-a-pihp","326":"product_tag-winkel-hexedrone","328":"first","329":"instock","330":"shipping-taxable","331":"purchasable","332":"product-type-variable","333":"has-default-attributes"},"yoast_head":"<!-- This site is optimized with the Yoast SEO plugin v27.3 - https:\/\/yoast.com\/product\/yoast-seo-wordpress\/ -->\n<title>Osta 4-kloorimetkatinoni (4-CMC HCl) -kide - parhaat maailmanlaajuiset l\u00e4\u00e4kkeet<\/title>\n<meta name=\"description\" content=\"Osta 4-CMC Crystal &amp; Jauhe verkossa halvalla. Osta 4-CMC Crystal &amp; Jauhe irtotavarana 99 % puhtaus. Tilaa 4-Chloromethcathinone myyt\u00e4v\u00e4ksi Isossa-Britanniassa, Euroopassa\" \/>\n<meta name=\"robots\" content=\"index, follow, max-snippet:-1, max-image-preview:large, max-video-preview:-1\" \/>\n<link rel=\"canonical\" href=\"https:\/\/medicinasinc.com\/fi\/product\/4-kloorimetkatinoni-4-cmc-hcl-kide\/\" \/>\n<meta property=\"og:locale\" content=\"en_US\" \/>\n<meta property=\"og:type\" content=\"article\" \/>\n<meta property=\"og:title\" content=\"Osta 4-kloorimetkatinoni (4-CMC HCl) -kide - parhaat maailmanlaajuiset l\u00e4\u00e4kkeet\" \/>\n<meta property=\"og:description\" content=\"Osta 4-CMC Crystal &amp; Jauhe verkossa halvalla. Osta 4-CMC Crystal &amp; Jauhe irtotavarana 99 % puhtaus. Tilaa 4-Chloromethcathinone myyt\u00e4v\u00e4ksi Isossa-Britanniassa, Euroopassa\" \/>\n<meta property=\"og:url\" content=\"https:\/\/medicinasinc.com\/fi\/product\/4-kloorimetkatinoni-4-cmc-hcl-kide\/\" \/>\n<meta property=\"og:site_name\" content=\"Medicinas Inc\" \/>\n<meta property=\"article:modified_time\" content=\"2022-03-22T01:00:03+00:00\" \/>\n<meta property=\"og:image\" content=\"https:\/\/medicinasinc.com\/fi\/wp-content\/uploads\/sites\/12\/2022\/02\/buy-4-Chloromethcathinone.jpg\" \/>\n\t<meta property=\"og:image:width\" content=\"2560\" \/>\n\t<meta property=\"og:image:height\" content=\"1887\" \/>\n\t<meta property=\"og:image:type\" content=\"image\/jpeg\" \/>\n<meta name=\"twitter:card\" content=\"summary_large_image\" \/>\n<meta name=\"twitter:label1\" content=\"Est. reading time\" \/>\n\t<meta name=\"twitter:data1\" content=\"2 minutes\" \/>\n<script type=\"application\/ld+json\" class=\"yoast-schema-graph\">{\"@context\":\"https:\\\/\\\/schema.org\",\"@graph\":[{\"@type\":\"WebPage\",\"@id\":\"https:\\\/\\\/medicinasinc.com\\\/fi\\\/product\\\/4-kloorimetkatinoni-4-cmc-hcl-kide\\\/\",\"url\":\"https:\\\/\\\/medicinasinc.com\\\/fi\\\/product\\\/4-kloorimetkatinoni-4-cmc-hcl-kide\\\/\",\"name\":\"Osta 4-kloorimetkatinoni (4-CMC HCl) -kide - parhaat maailmanlaajuiset l\u00e4\u00e4kkeet\",\"isPartOf\":{\"@id\":\"https:\\\/\\\/medicinasinc.com\\\/fi\\\/#website\"},\"primaryImageOfPage\":{\"@id\":\"https:\\\/\\\/medicinasinc.com\\\/fi\\\/product\\\/4-kloorimetkatinoni-4-cmc-hcl-kide\\\/#primaryimage\"},\"image\":{\"@id\":\"https:\\\/\\\/medicinasinc.com\\\/fi\\\/product\\\/4-kloorimetkatinoni-4-cmc-hcl-kide\\\/#primaryimage\"},\"thumbnailUrl\":\"https:\\\/\\\/medicinasinc.com\\\/fi\\\/wp-content\\\/uploads\\\/sites\\\/12\\\/2022\\\/02\\\/buy-4-Chloromethcathinone.jpg\",\"datePublished\":\"2022-02-21T21:52:55+00:00\",\"dateModified\":\"2022-03-22T01:00:03+00:00\",\"description\":\"Osta 4-CMC Crystal &amp; Jauhe verkossa halvalla. Osta 4-CMC Crystal &amp; Jauhe irtotavarana 99 % puhtaus. Tilaa 4-Chloromethcathinone myyt\u00e4v\u00e4ksi Isossa-Britanniassa, Euroopassa\",\"breadcrumb\":{\"@id\":\"https:\\\/\\\/medicinasinc.com\\\/fi\\\/product\\\/4-kloorimetkatinoni-4-cmc-hcl-kide\\\/#breadcrumb\"},\"inLanguage\":\"en-US\",\"potentialAction\":[{\"@type\":\"ReadAction\",\"target\":[\"https:\\\/\\\/medicinasinc.com\\\/fi\\\/product\\\/4-kloorimetkatinoni-4-cmc-hcl-kide\\\/\"]}]},{\"@type\":\"ImageObject\",\"inLanguage\":\"en-US\",\"@id\":\"https:\\\/\\\/medicinasinc.com\\\/fi\\\/product\\\/4-kloorimetkatinoni-4-cmc-hcl-kide\\\/#primaryimage\",\"url\":\"https:\\\/\\\/medicinasinc.com\\\/fi\\\/wp-content\\\/uploads\\\/sites\\\/12\\\/2022\\\/02\\\/buy-4-Chloromethcathinone.jpg\",\"contentUrl\":\"https:\\\/\\\/medicinasinc.com\\\/fi\\\/wp-content\\\/uploads\\\/sites\\\/12\\\/2022\\\/02\\\/buy-4-Chloromethcathinone.jpg\",\"width\":2560,\"height\":1887},{\"@type\":\"BreadcrumbList\",\"@id\":\"https:\\\/\\\/medicinasinc.com\\\/fi\\\/product\\\/4-kloorimetkatinoni-4-cmc-hcl-kide\\\/#breadcrumb\",\"itemListElement\":[{\"@type\":\"ListItem\",\"position\":1,\"name\":\"Myym\u00e4l\u00e4\",\"item\":\"https:\\\/\\\/medicinasinc.com\\\/fi\\\/myymala\\\/\"},{\"@type\":\"ListItem\",\"position\":2,\"name\":\"4-Kloorimetkatinoni (4-CMC HCl) Kide\"}]},{\"@type\":\"WebSite\",\"@id\":\"https:\\\/\\\/medicinasinc.com\\\/fi\\\/#website\",\"url\":\"https:\\\/\\\/medicinasinc.com\\\/fi\\\/\",\"name\":\"Medicinas Inc\",\"description\":\"Health Medical Clinic\",\"potentialAction\":[{\"@type\":\"SearchAction\",\"target\":{\"@type\":\"EntryPoint\",\"urlTemplate\":\"https:\\\/\\\/medicinasinc.com\\\/fi\\\/?s={search_term_string}\"},\"query-input\":{\"@type\":\"PropertyValueSpecification\",\"valueRequired\":true,\"valueName\":\"search_term_string\"}}],\"inLanguage\":\"en-US\"}]}<\/script>\n<!-- \/ Yoast SEO plugin. -->","yoast_head_json":{"title":"Osta 4-kloorimetkatinoni (4-CMC HCl) -kide - parhaat maailmanlaajuiset l\u00e4\u00e4kkeet","description":"Osta 4-CMC Crystal &amp; Jauhe verkossa halvalla. Osta 4-CMC Crystal &amp; Jauhe irtotavarana 99 % puhtaus. Tilaa 4-Chloromethcathinone myyt\u00e4v\u00e4ksi Isossa-Britanniassa, Euroopassa","robots":{"index":"index","follow":"follow","max-snippet":"max-snippet:-1","max-image-preview":"max-image-preview:large","max-video-preview":"max-video-preview:-1"},"canonical":"https:\/\/medicinasinc.com\/fi\/product\/4-kloorimetkatinoni-4-cmc-hcl-kide\/","og_locale":"en_US","og_type":"article","og_title":"Osta 4-kloorimetkatinoni (4-CMC HCl) -kide - parhaat maailmanlaajuiset l\u00e4\u00e4kkeet","og_description":"Osta 4-CMC Crystal &amp; Jauhe verkossa halvalla. Osta 4-CMC Crystal &amp; Jauhe irtotavarana 99 % puhtaus. Tilaa 4-Chloromethcathinone myyt\u00e4v\u00e4ksi Isossa-Britanniassa, Euroopassa","og_url":"https:\/\/medicinasinc.com\/fi\/product\/4-kloorimetkatinoni-4-cmc-hcl-kide\/","og_site_name":"Medicinas Inc","article_modified_time":"2022-03-22T01:00:03+00:00","og_image":[{"width":2560,"height":1887,"url":"https:\/\/medicinasinc.com\/fi\/wp-content\/uploads\/sites\/12\/2022\/02\/buy-4-Chloromethcathinone.jpg","type":"image\/jpeg"}],"twitter_card":"summary_large_image","twitter_misc":{"Est. reading time":"2 minutes"},"schema":{"@context":"https:\/\/schema.org","@graph":[{"@type":"WebPage","@id":"https:\/\/medicinasinc.com\/fi\/product\/4-kloorimetkatinoni-4-cmc-hcl-kide\/","url":"https:\/\/medicinasinc.com\/fi\/product\/4-kloorimetkatinoni-4-cmc-hcl-kide\/","name":"Osta 4-kloorimetkatinoni (4-CMC HCl) -kide - parhaat maailmanlaajuiset l\u00e4\u00e4kkeet","isPartOf":{"@id":"https:\/\/medicinasinc.com\/fi\/#website"},"primaryImageOfPage":{"@id":"https:\/\/medicinasinc.com\/fi\/product\/4-kloorimetkatinoni-4-cmc-hcl-kide\/#primaryimage"},"image":{"@id":"https:\/\/medicinasinc.com\/fi\/product\/4-kloorimetkatinoni-4-cmc-hcl-kide\/#primaryimage"},"thumbnailUrl":"https:\/\/medicinasinc.com\/fi\/wp-content\/uploads\/sites\/12\/2022\/02\/buy-4-Chloromethcathinone.jpg","datePublished":"2022-02-21T21:52:55+00:00","dateModified":"2022-03-22T01:00:03+00:00","description":"Osta 4-CMC Crystal &amp; Jauhe verkossa halvalla. Osta 4-CMC Crystal &amp; Jauhe irtotavarana 99 % puhtaus. Tilaa 4-Chloromethcathinone myyt\u00e4v\u00e4ksi Isossa-Britanniassa, Euroopassa","breadcrumb":{"@id":"https:\/\/medicinasinc.com\/fi\/product\/4-kloorimetkatinoni-4-cmc-hcl-kide\/#breadcrumb"},"inLanguage":"en-US","potentialAction":[{"@type":"ReadAction","target":["https:\/\/medicinasinc.com\/fi\/product\/4-kloorimetkatinoni-4-cmc-hcl-kide\/"]}]},{"@type":"ImageObject","inLanguage":"en-US","@id":"https:\/\/medicinasinc.com\/fi\/product\/4-kloorimetkatinoni-4-cmc-hcl-kide\/#primaryimage","url":"https:\/\/medicinasinc.com\/fi\/wp-content\/uploads\/sites\/12\/2022\/02\/buy-4-Chloromethcathinone.jpg","contentUrl":"https:\/\/medicinasinc.com\/fi\/wp-content\/uploads\/sites\/12\/2022\/02\/buy-4-Chloromethcathinone.jpg","width":2560,"height":1887},{"@type":"BreadcrumbList","@id":"https:\/\/medicinasinc.com\/fi\/product\/4-kloorimetkatinoni-4-cmc-hcl-kide\/#breadcrumb","itemListElement":[{"@type":"ListItem","position":1,"name":"Myym\u00e4l\u00e4","item":"https:\/\/medicinasinc.com\/fi\/myymala\/"},{"@type":"ListItem","position":2,"name":"4-Kloorimetkatinoni (4-CMC HCl) Kide"}]},{"@type":"WebSite","@id":"https:\/\/medicinasinc.com\/fi\/#website","url":"https:\/\/medicinasinc.com\/fi\/","name":"Medicinas Inc","description":"Health Medical Clinic","potentialAction":[{"@type":"SearchAction","target":{"@type":"EntryPoint","urlTemplate":"https:\/\/medicinasinc.com\/fi\/?s={search_term_string}"},"query-input":{"@type":"PropertyValueSpecification","valueRequired":true,"valueName":"search_term_string"}}],"inLanguage":"en-US"}]}},"_links":{"self":[{"href":"https:\/\/medicinasinc.com\/fi\/wp-json\/wp\/v2\/product\/5367","targetHints":{"allow":["GET"]}}],"collection":[{"href":"https:\/\/medicinasinc.com\/fi\/wp-json\/wp\/v2\/product"}],"about":[{"href":"https:\/\/medicinasinc.com\/fi\/wp-json\/wp\/v2\/types\/product"}],"replies":[{"embeddable":true,"href":"https:\/\/medicinasinc.com\/fi\/wp-json\/wp\/v2\/comments?post=5367"}],"wp:featuredmedia":[{"embeddable":true,"href":"https:\/\/medicinasinc.com\/fi\/wp-json\/wp\/v2\/media\/5378"}],"wp:attachment":[{"href":"https:\/\/medicinasinc.com\/fi\/wp-json\/wp\/v2\/media?parent=5367"}],"wp:term":[{"taxonomy":"product_brand","embeddable":true,"href":"https:\/\/medicinasinc.com\/fi\/wp-json\/wp\/v2\/product_brand?post=5367"},{"taxonomy":"product_cat","embeddable":true,"href":"https:\/\/medicinasinc.com\/fi\/wp-json\/wp\/v2\/product_cat?post=5367"},{"taxonomy":"product_tag","embeddable":true,"href":"https:\/\/medicinasinc.com\/fi\/wp-json\/wp\/v2\/product_tag?post=5367"}],"curies":[{"name":"wp","href":"https:\/\/api.w.org\/{rel}","templated":true}]}}