{"id":5366,"date":"2022-02-21T21:52:02","date_gmt":"2022-02-21T21:52:02","guid":{"rendered":"https:\/\/medicinasinc.com\/fi\/?post_type=product&#038;p=5366"},"modified":"2022-03-22T01:00:17","modified_gmt":"2022-03-22T01:00:17","slug":"osta-3f-fenmetratsiini","status":"publish","type":"product","link":"https:\/\/medicinasinc.com\/fi\/product\/osta-3f-fenmetratsiini\/","title":{"rendered":"Osta 3F-fenmetratsiini"},"content":{"rendered":"<p>Mit\u00e4 3-FPM tarkoittaa?<\/p>\n<p>3-FPM on lyhenne sanoista 3-Fluorophenmetrazine, ja se tarkoittaa 3-Fluorophenmetrazine. 3-FPM on tutkimuksessa k\u00e4ytetty kemikaali, jolla on paljon voimaa saada ihmiset liikkeelle. 3-FPM on osa fenolimorfoliiniksi kutsuttujen kemikaalien luokkaa, ja se voi vahingoittaa kehoasi. 3-FPM-kokeiden tulosten uskotaan yleens\u00e4 olevan hyvin samankaltaisia \u200b\u200btai melkein samoja kuin amfetamiinikokeiden tulokset. Kokeet 3-FPM:ll\u00e4 osoittavat yleens\u00e4, ett\u00e4 ihmiset ovat keskittyneempi\u00e4 ja motivoituneempia, heid\u00e4n ajatuksensa liikkuvat nopeammin ja he tuntevat olonsa onnelliseksi. N\u00e4iden tulosten sanotaan kuitenkin usein olevan v\u00e4hemm\u00e4n voimakkaita kuin amfetamiinin tai muiden p\u00e4ihteiden, jotka tekev\u00e4t sinusta valppaamman. Monet ihmiset eiv\u00e4t hermostu tai unelia k\u00e4ytt\u00e4ess\u00e4\u00e4n 3-FPM:\u00e4\u00e4.<\/p>\n<p>Mist\u00e4 voin ostaa 3-FPM:n?<\/p>\n<p>Best Globel Mediss\u00e4 on paljon Eritt\u00e4in hyv\u00e4 3-FPM myynniss\u00e4. 3-FPM:\u00e4mme on sek\u00e4 jauhe- ett\u00e4 pellettimuodossa, joten voit saada sen. Ei ole v\u00e4li\u00e4 kummasta n\u00e4ist\u00e4 kahdesta kemiallisesta tilasta pid\u00e4t. Meilt\u00e4 saat apua.<\/p>\n<p>Meill\u00e4 on myynniss\u00e4 3-FPM, joka on tarkoitettu vain tutkimusk\u00e4ytt\u00f6\u00f6n, ei myyntiin. Se ei ole tarkoitettu k\u00e4ytett\u00e4v\u00e4ksi kotona. Ihmisten, jotka ostavat meilt\u00e4 3-FPM:n, tulee olla v\u00e4hint\u00e4\u00e4n 18-vuotiaita ja heid\u00e4n on noudatettava t\u00e4ysin maansa lakeja.<\/p>\n<p>3-FPM on laillista.<\/p>\n<p>3-FPM on ei ole laillista ostaa, myyd\u00e4 tai omistaa Israelissa, Sveitsiss\u00e4 tai Yhdysvalloissa, joten et voi tehd\u00e4 niin. Yhdistyneess\u00e4 kuningaskunnassa sen uskotaan olevan samanlainen kuin fenmetratsiini, joka on l\u00e4\u00e4ke, jonka ottaminen ei ole turvallista ihmisille.<\/p>\n<p>Viile\u00e4 ja kuiva paikka on aina paras parhaan s\u00e4ilyvyyden saavuttamiseksi. T\u00e4m\u00e4 tuote on tarkoitettu vain oikeusl\u00e4\u00e4ketieteelliseen ja tutkimusk\u00e4ytt\u00f6\u00f6n. Sit\u00e4 ei ole tarkoitettu ihmisten sy\u00f6t\u00e4v\u00e4ksi eik\u00e4 sit\u00e4 ole testattava el\u00e4imill\u00e4 tai muilla el\u00e4vill\u00e4 olennoilla.<\/p>\n","protected":false},"excerpt":{"rendered":"<div class=\"woocommerce-product-details__short-description\">\n<p>OSTA 3-FPM3-FPM (tunnetaan my\u00f6s nimell\u00e4 3-fluorifenmetratsiini, 3F-fenmetratsiini ja PAL-593) on uusi fenyylimorfoliinipohjainen piriste.<\/p>\n<p> p&gt; <\/p>\n<p>3-fluorifenmetratsiini, joka tunnetaan my\u00f6s nimell\u00e4 3F-fenmetratsiini, PAL-593 ja 3-FPM, on uusi fenyylimorfoliiniluokan stimulantti.<\/p>\n<p>Osta 3-FPM verkosta.<\/p>\n<p>3F-fenmetratsiinia voi ostaa verkosta.<\/p>\n<p>3F-fenmetratsiinia on saatavana kiteisen\u00e4 tai jauheena valkoisena aineena. 3F-fenmetratsiini liukenee orgaanisiin liuottimiin, kuten metanoliin, etanoliin, dimetyyliformamidiin (DMF) ja dikloorimetaaniin (DCM), jotka tulee puhdistaa inertill\u00e4 kaasulla.<\/p>\n<\/p><\/div>\n","protected":false},"featured_media":5376,"comment_status":"open","ping_status":"closed","template":"","meta":[],"product_brand":[],"product_cat":[2014],"product_tag":[],"class_list":{"0":"post-5366","1":"product","2":"type-product","3":"status-publish","4":"has-post-thumbnail","6":"product_cat-osta-tutkimus-kemikaaleja","8":"first","9":"instock","10":"shipping-taxable","11":"purchasable","12":"product-type-variable","13":"has-default-attributes"},"yoast_head":"<!-- This site is optimized with the Yoast SEO plugin v27.3 - https:\/\/yoast.com\/product\/yoast-seo-wordpress\/ -->\n<title>Osta 3F-fenmetratsiini - parhaat maailmanlaajuiset l\u00e4\u00e4kkeet<\/title>\n<meta name=\"description\" content=\"OSTA 3-FPM3-FPM myyt\u00e4v\u00e4n\u00e4 (tunnetaan my\u00f6s nimell\u00e4 3-Fluorophenmetrazine, 3F-Phenmetrazine ja PAL-593) on uusi fenyylimorfoliiniluokan pirist\u00e4v\u00e4 aine.\" \/>\n<meta name=\"robots\" content=\"index, follow, max-snippet:-1, max-image-preview:large, max-video-preview:-1\" \/>\n<link rel=\"canonical\" href=\"https:\/\/medicinasinc.com\/fi\/product\/osta-3f-fenmetratsiini\/\" \/>\n<meta property=\"og:locale\" content=\"en_US\" \/>\n<meta property=\"og:type\" content=\"article\" \/>\n<meta property=\"og:title\" content=\"Osta 3F-fenmetratsiini - parhaat maailmanlaajuiset l\u00e4\u00e4kkeet\" \/>\n<meta property=\"og:description\" content=\"OSTA 3-FPM3-FPM myyt\u00e4v\u00e4n\u00e4 (tunnetaan my\u00f6s nimell\u00e4 3-Fluorophenmetrazine, 3F-Phenmetrazine ja PAL-593) on uusi fenyylimorfoliiniluokan pirist\u00e4v\u00e4 aine.\" \/>\n<meta property=\"og:url\" content=\"https:\/\/medicinasinc.com\/fi\/product\/osta-3f-fenmetratsiini\/\" \/>\n<meta property=\"og:site_name\" content=\"Medicinas Inc\" \/>\n<meta property=\"article:modified_time\" content=\"2022-03-22T01:00:17+00:00\" \/>\n<meta property=\"og:image\" content=\"https:\/\/medicinasinc.com\/fi\/wp-content\/uploads\/sites\/12\/2022\/02\/3fpm.jpg\" \/>\n\t<meta property=\"og:image:width\" content=\"600\" \/>\n\t<meta property=\"og:image:height\" content=\"600\" \/>\n\t<meta property=\"og:image:type\" content=\"image\/jpeg\" \/>\n<meta name=\"twitter:card\" content=\"summary_large_image\" \/>\n<meta name=\"twitter:label1\" content=\"Est. reading time\" \/>\n\t<meta name=\"twitter:data1\" content=\"2 minutes\" \/>\n<script type=\"application\/ld+json\" class=\"yoast-schema-graph\">{\"@context\":\"https:\\\/\\\/schema.org\",\"@graph\":[{\"@type\":\"WebPage\",\"@id\":\"https:\\\/\\\/medicinasinc.com\\\/fi\\\/product\\\/osta-3f-fenmetratsiini\\\/\",\"url\":\"https:\\\/\\\/medicinasinc.com\\\/fi\\\/product\\\/osta-3f-fenmetratsiini\\\/\",\"name\":\"Osta 3F-fenmetratsiini - parhaat maailmanlaajuiset l\u00e4\u00e4kkeet\",\"isPartOf\":{\"@id\":\"https:\\\/\\\/medicinasinc.com\\\/fi\\\/#website\"},\"primaryImageOfPage\":{\"@id\":\"https:\\\/\\\/medicinasinc.com\\\/fi\\\/product\\\/osta-3f-fenmetratsiini\\\/#primaryimage\"},\"image\":{\"@id\":\"https:\\\/\\\/medicinasinc.com\\\/fi\\\/product\\\/osta-3f-fenmetratsiini\\\/#primaryimage\"},\"thumbnailUrl\":\"https:\\\/\\\/medicinasinc.com\\\/fi\\\/wp-content\\\/uploads\\\/sites\\\/12\\\/2022\\\/02\\\/3fpm.jpg\",\"datePublished\":\"2022-02-21T21:52:02+00:00\",\"dateModified\":\"2022-03-22T01:00:17+00:00\",\"description\":\"OSTA 3-FPM3-FPM myyt\u00e4v\u00e4n\u00e4 (tunnetaan my\u00f6s nimell\u00e4 3-Fluorophenmetrazine, 3F-Phenmetrazine ja PAL-593) on uusi fenyylimorfoliiniluokan pirist\u00e4v\u00e4 aine.\",\"breadcrumb\":{\"@id\":\"https:\\\/\\\/medicinasinc.com\\\/fi\\\/product\\\/osta-3f-fenmetratsiini\\\/#breadcrumb\"},\"inLanguage\":\"en-US\",\"potentialAction\":[{\"@type\":\"ReadAction\",\"target\":[\"https:\\\/\\\/medicinasinc.com\\\/fi\\\/product\\\/osta-3f-fenmetratsiini\\\/\"]}]},{\"@type\":\"ImageObject\",\"inLanguage\":\"en-US\",\"@id\":\"https:\\\/\\\/medicinasinc.com\\\/fi\\\/product\\\/osta-3f-fenmetratsiini\\\/#primaryimage\",\"url\":\"https:\\\/\\\/medicinasinc.com\\\/fi\\\/wp-content\\\/uploads\\\/sites\\\/12\\\/2022\\\/02\\\/3fpm.jpg\",\"contentUrl\":\"https:\\\/\\\/medicinasinc.com\\\/fi\\\/wp-content\\\/uploads\\\/sites\\\/12\\\/2022\\\/02\\\/3fpm.jpg\",\"width\":600,\"height\":600},{\"@type\":\"BreadcrumbList\",\"@id\":\"https:\\\/\\\/medicinasinc.com\\\/fi\\\/product\\\/osta-3f-fenmetratsiini\\\/#breadcrumb\",\"itemListElement\":[{\"@type\":\"ListItem\",\"position\":1,\"name\":\"Myym\u00e4l\u00e4\",\"item\":\"https:\\\/\\\/medicinasinc.com\\\/fi\\\/myymala\\\/\"},{\"@type\":\"ListItem\",\"position\":2,\"name\":\"Osta 3F-fenmetratsiini\"}]},{\"@type\":\"WebSite\",\"@id\":\"https:\\\/\\\/medicinasinc.com\\\/fi\\\/#website\",\"url\":\"https:\\\/\\\/medicinasinc.com\\\/fi\\\/\",\"name\":\"Medicinas Inc\",\"description\":\"Health Medical Clinic\",\"potentialAction\":[{\"@type\":\"SearchAction\",\"target\":{\"@type\":\"EntryPoint\",\"urlTemplate\":\"https:\\\/\\\/medicinasinc.com\\\/fi\\\/?s={search_term_string}\"},\"query-input\":{\"@type\":\"PropertyValueSpecification\",\"valueRequired\":true,\"valueName\":\"search_term_string\"}}],\"inLanguage\":\"en-US\"}]}<\/script>\n<!-- \/ Yoast SEO plugin. -->","yoast_head_json":{"title":"Osta 3F-fenmetratsiini - parhaat maailmanlaajuiset l\u00e4\u00e4kkeet","description":"OSTA 3-FPM3-FPM myyt\u00e4v\u00e4n\u00e4 (tunnetaan my\u00f6s nimell\u00e4 3-Fluorophenmetrazine, 3F-Phenmetrazine ja PAL-593) on uusi fenyylimorfoliiniluokan pirist\u00e4v\u00e4 aine.","robots":{"index":"index","follow":"follow","max-snippet":"max-snippet:-1","max-image-preview":"max-image-preview:large","max-video-preview":"max-video-preview:-1"},"canonical":"https:\/\/medicinasinc.com\/fi\/product\/osta-3f-fenmetratsiini\/","og_locale":"en_US","og_type":"article","og_title":"Osta 3F-fenmetratsiini - parhaat maailmanlaajuiset l\u00e4\u00e4kkeet","og_description":"OSTA 3-FPM3-FPM myyt\u00e4v\u00e4n\u00e4 (tunnetaan my\u00f6s nimell\u00e4 3-Fluorophenmetrazine, 3F-Phenmetrazine ja PAL-593) on uusi fenyylimorfoliiniluokan pirist\u00e4v\u00e4 aine.","og_url":"https:\/\/medicinasinc.com\/fi\/product\/osta-3f-fenmetratsiini\/","og_site_name":"Medicinas Inc","article_modified_time":"2022-03-22T01:00:17+00:00","og_image":[{"width":600,"height":600,"url":"https:\/\/medicinasinc.com\/fi\/wp-content\/uploads\/sites\/12\/2022\/02\/3fpm.jpg","type":"image\/jpeg"}],"twitter_card":"summary_large_image","twitter_misc":{"Est. reading time":"2 minutes"},"schema":{"@context":"https:\/\/schema.org","@graph":[{"@type":"WebPage","@id":"https:\/\/medicinasinc.com\/fi\/product\/osta-3f-fenmetratsiini\/","url":"https:\/\/medicinasinc.com\/fi\/product\/osta-3f-fenmetratsiini\/","name":"Osta 3F-fenmetratsiini - parhaat maailmanlaajuiset l\u00e4\u00e4kkeet","isPartOf":{"@id":"https:\/\/medicinasinc.com\/fi\/#website"},"primaryImageOfPage":{"@id":"https:\/\/medicinasinc.com\/fi\/product\/osta-3f-fenmetratsiini\/#primaryimage"},"image":{"@id":"https:\/\/medicinasinc.com\/fi\/product\/osta-3f-fenmetratsiini\/#primaryimage"},"thumbnailUrl":"https:\/\/medicinasinc.com\/fi\/wp-content\/uploads\/sites\/12\/2022\/02\/3fpm.jpg","datePublished":"2022-02-21T21:52:02+00:00","dateModified":"2022-03-22T01:00:17+00:00","description":"OSTA 3-FPM3-FPM myyt\u00e4v\u00e4n\u00e4 (tunnetaan my\u00f6s nimell\u00e4 3-Fluorophenmetrazine, 3F-Phenmetrazine ja PAL-593) on uusi fenyylimorfoliiniluokan pirist\u00e4v\u00e4 aine.","breadcrumb":{"@id":"https:\/\/medicinasinc.com\/fi\/product\/osta-3f-fenmetratsiini\/#breadcrumb"},"inLanguage":"en-US","potentialAction":[{"@type":"ReadAction","target":["https:\/\/medicinasinc.com\/fi\/product\/osta-3f-fenmetratsiini\/"]}]},{"@type":"ImageObject","inLanguage":"en-US","@id":"https:\/\/medicinasinc.com\/fi\/product\/osta-3f-fenmetratsiini\/#primaryimage","url":"https:\/\/medicinasinc.com\/fi\/wp-content\/uploads\/sites\/12\/2022\/02\/3fpm.jpg","contentUrl":"https:\/\/medicinasinc.com\/fi\/wp-content\/uploads\/sites\/12\/2022\/02\/3fpm.jpg","width":600,"height":600},{"@type":"BreadcrumbList","@id":"https:\/\/medicinasinc.com\/fi\/product\/osta-3f-fenmetratsiini\/#breadcrumb","itemListElement":[{"@type":"ListItem","position":1,"name":"Myym\u00e4l\u00e4","item":"https:\/\/medicinasinc.com\/fi\/myymala\/"},{"@type":"ListItem","position":2,"name":"Osta 3F-fenmetratsiini"}]},{"@type":"WebSite","@id":"https:\/\/medicinasinc.com\/fi\/#website","url":"https:\/\/medicinasinc.com\/fi\/","name":"Medicinas Inc","description":"Health Medical Clinic","potentialAction":[{"@type":"SearchAction","target":{"@type":"EntryPoint","urlTemplate":"https:\/\/medicinasinc.com\/fi\/?s={search_term_string}"},"query-input":{"@type":"PropertyValueSpecification","valueRequired":true,"valueName":"search_term_string"}}],"inLanguage":"en-US"}]}},"_links":{"self":[{"href":"https:\/\/medicinasinc.com\/fi\/wp-json\/wp\/v2\/product\/5366","targetHints":{"allow":["GET"]}}],"collection":[{"href":"https:\/\/medicinasinc.com\/fi\/wp-json\/wp\/v2\/product"}],"about":[{"href":"https:\/\/medicinasinc.com\/fi\/wp-json\/wp\/v2\/types\/product"}],"replies":[{"embeddable":true,"href":"https:\/\/medicinasinc.com\/fi\/wp-json\/wp\/v2\/comments?post=5366"}],"wp:featuredmedia":[{"embeddable":true,"href":"https:\/\/medicinasinc.com\/fi\/wp-json\/wp\/v2\/media\/5376"}],"wp:attachment":[{"href":"https:\/\/medicinasinc.com\/fi\/wp-json\/wp\/v2\/media?parent=5366"}],"wp:term":[{"taxonomy":"product_brand","embeddable":true,"href":"https:\/\/medicinasinc.com\/fi\/wp-json\/wp\/v2\/product_brand?post=5366"},{"taxonomy":"product_cat","embeddable":true,"href":"https:\/\/medicinasinc.com\/fi\/wp-json\/wp\/v2\/product_cat?post=5366"},{"taxonomy":"product_tag","embeddable":true,"href":"https:\/\/medicinasinc.com\/fi\/wp-json\/wp\/v2\/product_tag?post=5366"}],"curies":[{"name":"wp","href":"https:\/\/api.w.org\/{rel}","templated":true}]}}