{"id":5341,"date":"2022-02-21T21:16:40","date_gmt":"2022-02-21T21:16:40","guid":{"rendered":"https:\/\/medicinasinc.com\/fi\/?post_type=product&#038;p=5341"},"modified":"2022-03-22T01:00:45","modified_gmt":"2022-03-22T01:00:45","slug":"osta-2c-e-research-chemical","status":"publish","type":"product","link":"https:\/\/medicinasinc.com\/fi\/product\/osta-2c-e-research-chemical\/","title":{"rendered":"Osta 2C-E Research Chemical"},"content":{"rendered":"<p>2C-E-tutkimuskemikaalia voi ostaa verkosta.<\/p>\n<p>2C-E-tutkimuskemikaalia voi ostaa verkosta.<\/p>\n<p>2c e:n, 2ce:n tutkimuskemikaalin myyj\u00e4, 2c e:n ostaja, 2c e myyt\u00e4v\u00e4n\u00e4<\/p>\n<p>2C-E-tutkimuskemikaalien osto verkossa<\/p>\n<p>Alexander Shulgin l\u00f6yt\u00e4\u00e4 l\u00e4\u00e4kkeen 2C-E ja ker\u00e4\u00e4 paljon seuraajia.<\/p>\n<p>Verkkoosto 2C-E-tutkimuskemikaalit<\/p>\n<p>Kemiallinen aine 2C-E (matka) kuuluu 2C-perheeseen, johon kuuluvat my\u00f6s 2C-I ja 2C-H. 2C-E on hallusinogeeninen yhdiste, joka on johdettu fenyylietyyliamiinista. Useiden tutkimustestien j\u00e4lkeen tied\u00e4mme nyt, ett\u00e4 tyypillinen 2C-E-jauheen annos intranasaalisesti annettavaksi ei saa ylitt\u00e4\u00e4 5 milligrammaa. Suun kautta k\u00e4ytettyn\u00e4 annos ei kuitenkaan saa ylitt\u00e4\u00e4 noin 10-20 milligrammaa. On raportoitu, ett\u00e4 noin 10 minuutin nen\u00e4n kautta hengitt\u00e4misen j\u00e4lkeen ilmenee merkitt\u00e4v\u00e4\u00e4 polttamista. Shulgin viittaa 2C-E:hen yhdess\u00e4 meskaliinin, 2C-T-2:n, 2C-B:n ja 2C-T-7:n kanssa &#8220;maagisena puolitusinana&#8221; kirjassaan PiHKAL. 2C-E:n tutkimuskemikaalien ostaminen verkosta<\/p>\n<p>2C-E:ll\u00e4 on seuraavat vaikutukset: energiapurkaus, kekseli\u00e4isyyden lis\u00e4\u00e4ntyminen, visuaaliset tehosteet ja pitoisuuden lis\u00e4\u00e4ntyminen. Lis\u00e4ksi on muutoksia tajunnassa, keskittymisvaikeuksia, pulssi kiihtyy ja ruumiinl\u00e4mp\u00f6 saattaa nousta jonkin verran. Lis\u00e4ksi 2C-E aiheuttaa huimausta, pahoinvointia, yliherkkyytt\u00e4 melulle ja paniikkia. 2C-E myyt\u00e4v\u00e4n\u00e4 Internetiss\u00e4<\/p>\n<p>2C-E:n vaikutusaika on tyypillisesti 4-9 tuntia. Kun vertaamme 2C-E:t\u00e4 2C-I:een testauksen aikana, huomaamme, ett\u00e4 2C-E tuottaa enemm\u00e4n havaittavia visuaalisia ja kuulovaikutuksia.<\/p>\n<p>Voit ostaa 2C-E:n (matka) verkkosivustoltamme vain kemiallisia tutkimuksia varten. ja laboratoriokokeet; Sinun on kuitenkin ensin selvitett\u00e4v\u00e4, onko t\u00e4m\u00e4 valmiste laillinen paikkakunnallasi. Tarjoamme korkealaatuisia materiaaleja.<\/p>\n","protected":false},"excerpt":{"rendered":"<p>&nbsp;<\/p>\n<p>Osta 2C-E Research -kemikaalia myyt\u00e4v\u00e4ksi verkossa Euroopassa, Isossa-Britanniassa, EU:ssa. Osta 2C-E Research kemikaali. 2C-E (4-etyyli-2,5-dimetoksi) suola\/jauhe: psykedeelinen amfetamiini.<\/p>\n<p><em>Osta 2C<\/em>&#8211;<em>E<\/em> Research Chemicalin hyv\u00e4ksytty toimittaja. Huippuluokan puhtaus, kohtuulliset hinnat, nopea taattu toimitus, hyvitys-\/palautusk\u00e4yt\u00e4nt\u00f6, hyv\u00e4 asiakaspalvelu.<\/p>\n","protected":false},"featured_media":5352,"comment_status":"open","ping_status":"closed","template":"","meta":[],"product_brand":[],"product_cat":[2014],"product_tag":[2027,2028,2031,2032,2033,2035,2036,2037,2042,2043,2034,2044,2030,2049,2040,2039,2046,2029,2047,2048,2041,2050,2051,2052,2053,2054,2055,2057,2058,2059,2062,2063,2064,2069,2070,2071,2072,2073,2076,2077,2079,2078,2089,2080,2084,2060,2081,2082,2083,2085,2086,2094,2096,2095,2093,2092,2038,2088,2065,2045,2068,2066,2067,2090,2056,2075,2074,2091,2087,2061],"class_list":{"0":"post-5341","1":"product","2":"type-product","3":"status-publish","4":"has-post-thumbnail","6":"product_cat-osta-tutkimus-kemikaaleja","7":"product_tag-2c-e-buy-online","8":"product_tag-2c-e","9":"product_tag-2c-e-drug-for-sale","10":"product_tag-2c-e-drug-test","11":"product_tag-2c-e-efektit","12":"product_tag-2c-e-erowid","13":"product_tag-2c-e-europe","14":"product_tag-2c-e-experience","15":"product_tag-2c-e-is-a-psychedelic-phenethylamine-of-the-2c-family-it-was-first-synthesized-by-alexander-shulgin","16":"product_tag-2c-e-kaufen","17":"product_tag-2c-e-kokemus","18":"product_tag-2c-e-kopen","19":"product_tag-2c-e-lke","20":"product_tag-2c-e-myy","21":"product_tag-2c-e-myynniss-verkossa","22":"product_tag-2c-e-myynniss-kemiallinen-elementti","23":"product_tag-2c-e-online","24":"product_tag-2c-e-buy","25":"product_tag-2c-e-psychonaut","26":"product_tag-2c-e-reddit","27":"product_tag-2c-e-sankarillinen-annos","28":"product_tag-2c-e-synteesi","29":"product_tag-2c-e-wiki","30":"product_tag-2c-ja-wikipedia","31":"product_tag-2c-e-nbome","32":"product_tag-2c-ef-toimittaja","33":"product_tag-2c-i","34":"product_tag-4-etyyli-2","35":"product_tag-4-metyyli-2-5-dimetoksiamfetamiini","36":"product_tag-5-dimetoksi","37":"product_tag-buy-2c-e-4-ethyl-2","38":"product_tag-buy-2c-e-dosage-online","39":"product_tag-buy-2c-e-drug","40":"product_tag-buy-2c-e-research-chemicals-online","41":"product_tag-buy-2c-e-with-next-day-eu-delivery","42":"product_tag-buy-2c-e2c-online-usa","43":"product_tag-buy-2c-i","44":"product_tag-buy-hallucinogenic-drug-2c-e-online","45":"product_tag-dmt","46":"product_tag-dmt-nexus-2c-e","47":"product_tag-get-2c-e-research-chemical-online","48":"product_tag-do-ssris-interfere-with-shrooms","49":"product_tag-hinta-per-gramma-2c-e","50":"product_tag-how-to-buy-2c-e-online","51":"product_tag-how-to-take-2c-e-research-chemicals","52":"product_tag-ja-muut-psykedeelit","53":"product_tag-miten-osta-2c-i","54":"product_tag-miten-osta-osta-tutkimuksen-kemikaalit-verkosta","55":"product_tag-miten-to-get-research-kemikaalit","56":"product_tag-life-boostr-2c-e-rc-vendor","57":"product_tag-meskaliini","58":"product_tag-mik-on-2c-e-pullon-katu-arvo","59":"product_tag-mist-ostaa-2c-i","60":"product_tag-mist-voin-ostaa-2c-e-verkosta","61":"product_tag-mik-ero-on-2c-i-ja-2c-e","62":"product_tag-mitk-tarkasti-on-2c-es-vaikutukset-ja-miksi-se-on-suosittu-huumeita-kyttvien-ihmisten-keskuudessa","63":"product_tag-2c-e-myynniss","64":"product_tag-order-2c-i","65":"product_tag-osta-2c-e-muscle-tension-online","66":"product_tag-2c-e-netherlands-buy-rc","67":"product_tag-osta-2c-e-research-chemical","68":"product_tag-osta-2c-e-verkosta","69":"product_tag-osta-2c-e-online-usa","70":"product_tag-osto-2c-i","71":"product_tag-2ce-osta","72":"product_tag-osta-research-chemicals-nederland-doc-2c-e-online","73":"product_tag-osta-online-2c-e-research-chemicals","74":"product_tag-paras-ostopaikka-2c-i","75":"product_tag-tilaa-2c-e-verkossa","76":"product_tag-osta-2c-e","78":"first","79":"instock","80":"shipping-taxable","81":"purchasable","82":"product-type-variable","83":"has-default-attributes"},"yoast_head":"<!-- This site is optimized with the Yoast SEO plugin v27.3 - https:\/\/yoast.com\/product\/yoast-seo-wordpress\/ -->\n<title>Osta 2C-E Research Chemical - parhaat maailmanlaajuiset l\u00e4\u00e4kkeet<\/title>\n<meta name=\"description\" content=\"Osta 2C-E Research -kemikaalia myyt\u00e4v\u00e4ksi verkossa Euroopassa, Isossa-Britanniassa, EU:ssa. Osta 2C-E Research kemikaali. 2C-E (4-etyyli-2,5-dimetoksi) suola\/jauhe: psykedeelinen amfetamiini.\" \/>\n<meta name=\"robots\" content=\"index, follow, max-snippet:-1, max-image-preview:large, max-video-preview:-1\" \/>\n<link rel=\"canonical\" href=\"https:\/\/medicinasinc.com\/fi\/product\/osta-2c-e-research-chemical\/\" \/>\n<meta property=\"og:locale\" content=\"en_US\" \/>\n<meta property=\"og:type\" content=\"article\" \/>\n<meta property=\"og:title\" content=\"Osta 2C-E Research Chemical - parhaat maailmanlaajuiset l\u00e4\u00e4kkeet\" \/>\n<meta property=\"og:description\" content=\"Osta 2C-E Research -kemikaalia myyt\u00e4v\u00e4ksi verkossa Euroopassa, Isossa-Britanniassa, EU:ssa. Osta 2C-E Research kemikaali. 2C-E (4-etyyli-2,5-dimetoksi) suola\/jauhe: psykedeelinen amfetamiini.\" \/>\n<meta property=\"og:url\" content=\"https:\/\/medicinasinc.com\/fi\/product\/osta-2c-e-research-chemical\/\" \/>\n<meta property=\"og:site_name\" content=\"Medicinas Inc\" \/>\n<meta property=\"article:modified_time\" content=\"2022-03-22T01:00:45+00:00\" \/>\n<meta property=\"og:image\" content=\"https:\/\/medicinasinc.com\/fi\/wp-content\/uploads\/sites\/12\/2022\/02\/Buy-2C-E.jpg\" \/>\n\t<meta property=\"og:image:width\" content=\"234\" \/>\n\t<meta property=\"og:image:height\" content=\"215\" \/>\n\t<meta property=\"og:image:type\" content=\"image\/jpeg\" \/>\n<meta name=\"twitter:card\" content=\"summary_large_image\" \/>\n<meta name=\"twitter:label1\" content=\"Est. reading time\" \/>\n\t<meta name=\"twitter:data1\" content=\"2 minutes\" \/>\n<script type=\"application\/ld+json\" class=\"yoast-schema-graph\">{\"@context\":\"https:\\\/\\\/schema.org\",\"@graph\":[{\"@type\":\"WebPage\",\"@id\":\"https:\\\/\\\/medicinasinc.com\\\/fi\\\/product\\\/osta-2c-e-research-chemical\\\/\",\"url\":\"https:\\\/\\\/medicinasinc.com\\\/fi\\\/product\\\/osta-2c-e-research-chemical\\\/\",\"name\":\"Osta 2C-E Research Chemical - parhaat maailmanlaajuiset l\u00e4\u00e4kkeet\",\"isPartOf\":{\"@id\":\"https:\\\/\\\/medicinasinc.com\\\/fi\\\/#website\"},\"primaryImageOfPage\":{\"@id\":\"https:\\\/\\\/medicinasinc.com\\\/fi\\\/product\\\/osta-2c-e-research-chemical\\\/#primaryimage\"},\"image\":{\"@id\":\"https:\\\/\\\/medicinasinc.com\\\/fi\\\/product\\\/osta-2c-e-research-chemical\\\/#primaryimage\"},\"thumbnailUrl\":\"https:\\\/\\\/medicinasinc.com\\\/fi\\\/wp-content\\\/uploads\\\/sites\\\/12\\\/2022\\\/02\\\/Buy-2C-E.jpg\",\"datePublished\":\"2022-02-21T21:16:40+00:00\",\"dateModified\":\"2022-03-22T01:00:45+00:00\",\"description\":\"Osta 2C-E Research -kemikaalia myyt\u00e4v\u00e4ksi verkossa Euroopassa, Isossa-Britanniassa, EU:ssa. Osta 2C-E Research kemikaali. 2C-E (4-etyyli-2,5-dimetoksi) suola\\\/jauhe: psykedeelinen amfetamiini.\",\"breadcrumb\":{\"@id\":\"https:\\\/\\\/medicinasinc.com\\\/fi\\\/product\\\/osta-2c-e-research-chemical\\\/#breadcrumb\"},\"inLanguage\":\"en-US\",\"potentialAction\":[{\"@type\":\"ReadAction\",\"target\":[\"https:\\\/\\\/medicinasinc.com\\\/fi\\\/product\\\/osta-2c-e-research-chemical\\\/\"]}]},{\"@type\":\"ImageObject\",\"inLanguage\":\"en-US\",\"@id\":\"https:\\\/\\\/medicinasinc.com\\\/fi\\\/product\\\/osta-2c-e-research-chemical\\\/#primaryimage\",\"url\":\"https:\\\/\\\/medicinasinc.com\\\/fi\\\/wp-content\\\/uploads\\\/sites\\\/12\\\/2022\\\/02\\\/Buy-2C-E.jpg\",\"contentUrl\":\"https:\\\/\\\/medicinasinc.com\\\/fi\\\/wp-content\\\/uploads\\\/sites\\\/12\\\/2022\\\/02\\\/Buy-2C-E.jpg\",\"width\":234,\"height\":215},{\"@type\":\"BreadcrumbList\",\"@id\":\"https:\\\/\\\/medicinasinc.com\\\/fi\\\/product\\\/osta-2c-e-research-chemical\\\/#breadcrumb\",\"itemListElement\":[{\"@type\":\"ListItem\",\"position\":1,\"name\":\"Myym\u00e4l\u00e4\",\"item\":\"https:\\\/\\\/medicinasinc.com\\\/fi\\\/myymala\\\/\"},{\"@type\":\"ListItem\",\"position\":2,\"name\":\"Osta 2C-E Research Chemical\"}]},{\"@type\":\"WebSite\",\"@id\":\"https:\\\/\\\/medicinasinc.com\\\/fi\\\/#website\",\"url\":\"https:\\\/\\\/medicinasinc.com\\\/fi\\\/\",\"name\":\"Medicinas Inc\",\"description\":\"Health Medical Clinic\",\"potentialAction\":[{\"@type\":\"SearchAction\",\"target\":{\"@type\":\"EntryPoint\",\"urlTemplate\":\"https:\\\/\\\/medicinasinc.com\\\/fi\\\/?s={search_term_string}\"},\"query-input\":{\"@type\":\"PropertyValueSpecification\",\"valueRequired\":true,\"valueName\":\"search_term_string\"}}],\"inLanguage\":\"en-US\"}]}<\/script>\n<!-- \/ Yoast SEO plugin. -->","yoast_head_json":{"title":"Osta 2C-E Research Chemical - parhaat maailmanlaajuiset l\u00e4\u00e4kkeet","description":"Osta 2C-E Research -kemikaalia myyt\u00e4v\u00e4ksi verkossa Euroopassa, Isossa-Britanniassa, EU:ssa. Osta 2C-E Research kemikaali. 2C-E (4-etyyli-2,5-dimetoksi) suola\/jauhe: psykedeelinen amfetamiini.","robots":{"index":"index","follow":"follow","max-snippet":"max-snippet:-1","max-image-preview":"max-image-preview:large","max-video-preview":"max-video-preview:-1"},"canonical":"https:\/\/medicinasinc.com\/fi\/product\/osta-2c-e-research-chemical\/","og_locale":"en_US","og_type":"article","og_title":"Osta 2C-E Research Chemical - parhaat maailmanlaajuiset l\u00e4\u00e4kkeet","og_description":"Osta 2C-E Research -kemikaalia myyt\u00e4v\u00e4ksi verkossa Euroopassa, Isossa-Britanniassa, EU:ssa. Osta 2C-E Research kemikaali. 2C-E (4-etyyli-2,5-dimetoksi) suola\/jauhe: psykedeelinen amfetamiini.","og_url":"https:\/\/medicinasinc.com\/fi\/product\/osta-2c-e-research-chemical\/","og_site_name":"Medicinas Inc","article_modified_time":"2022-03-22T01:00:45+00:00","og_image":[{"width":234,"height":215,"url":"https:\/\/medicinasinc.com\/fi\/wp-content\/uploads\/sites\/12\/2022\/02\/Buy-2C-E.jpg","type":"image\/jpeg"}],"twitter_card":"summary_large_image","twitter_misc":{"Est. reading time":"2 minutes"},"schema":{"@context":"https:\/\/schema.org","@graph":[{"@type":"WebPage","@id":"https:\/\/medicinasinc.com\/fi\/product\/osta-2c-e-research-chemical\/","url":"https:\/\/medicinasinc.com\/fi\/product\/osta-2c-e-research-chemical\/","name":"Osta 2C-E Research Chemical - parhaat maailmanlaajuiset l\u00e4\u00e4kkeet","isPartOf":{"@id":"https:\/\/medicinasinc.com\/fi\/#website"},"primaryImageOfPage":{"@id":"https:\/\/medicinasinc.com\/fi\/product\/osta-2c-e-research-chemical\/#primaryimage"},"image":{"@id":"https:\/\/medicinasinc.com\/fi\/product\/osta-2c-e-research-chemical\/#primaryimage"},"thumbnailUrl":"https:\/\/medicinasinc.com\/fi\/wp-content\/uploads\/sites\/12\/2022\/02\/Buy-2C-E.jpg","datePublished":"2022-02-21T21:16:40+00:00","dateModified":"2022-03-22T01:00:45+00:00","description":"Osta 2C-E Research -kemikaalia myyt\u00e4v\u00e4ksi verkossa Euroopassa, Isossa-Britanniassa, EU:ssa. Osta 2C-E Research kemikaali. 2C-E (4-etyyli-2,5-dimetoksi) suola\/jauhe: psykedeelinen amfetamiini.","breadcrumb":{"@id":"https:\/\/medicinasinc.com\/fi\/product\/osta-2c-e-research-chemical\/#breadcrumb"},"inLanguage":"en-US","potentialAction":[{"@type":"ReadAction","target":["https:\/\/medicinasinc.com\/fi\/product\/osta-2c-e-research-chemical\/"]}]},{"@type":"ImageObject","inLanguage":"en-US","@id":"https:\/\/medicinasinc.com\/fi\/product\/osta-2c-e-research-chemical\/#primaryimage","url":"https:\/\/medicinasinc.com\/fi\/wp-content\/uploads\/sites\/12\/2022\/02\/Buy-2C-E.jpg","contentUrl":"https:\/\/medicinasinc.com\/fi\/wp-content\/uploads\/sites\/12\/2022\/02\/Buy-2C-E.jpg","width":234,"height":215},{"@type":"BreadcrumbList","@id":"https:\/\/medicinasinc.com\/fi\/product\/osta-2c-e-research-chemical\/#breadcrumb","itemListElement":[{"@type":"ListItem","position":1,"name":"Myym\u00e4l\u00e4","item":"https:\/\/medicinasinc.com\/fi\/myymala\/"},{"@type":"ListItem","position":2,"name":"Osta 2C-E Research Chemical"}]},{"@type":"WebSite","@id":"https:\/\/medicinasinc.com\/fi\/#website","url":"https:\/\/medicinasinc.com\/fi\/","name":"Medicinas Inc","description":"Health Medical Clinic","potentialAction":[{"@type":"SearchAction","target":{"@type":"EntryPoint","urlTemplate":"https:\/\/medicinasinc.com\/fi\/?s={search_term_string}"},"query-input":{"@type":"PropertyValueSpecification","valueRequired":true,"valueName":"search_term_string"}}],"inLanguage":"en-US"}]}},"_links":{"self":[{"href":"https:\/\/medicinasinc.com\/fi\/wp-json\/wp\/v2\/product\/5341","targetHints":{"allow":["GET"]}}],"collection":[{"href":"https:\/\/medicinasinc.com\/fi\/wp-json\/wp\/v2\/product"}],"about":[{"href":"https:\/\/medicinasinc.com\/fi\/wp-json\/wp\/v2\/types\/product"}],"replies":[{"embeddable":true,"href":"https:\/\/medicinasinc.com\/fi\/wp-json\/wp\/v2\/comments?post=5341"}],"wp:featuredmedia":[{"embeddable":true,"href":"https:\/\/medicinasinc.com\/fi\/wp-json\/wp\/v2\/media\/5352"}],"wp:attachment":[{"href":"https:\/\/medicinasinc.com\/fi\/wp-json\/wp\/v2\/media?parent=5341"}],"wp:term":[{"taxonomy":"product_brand","embeddable":true,"href":"https:\/\/medicinasinc.com\/fi\/wp-json\/wp\/v2\/product_brand?post=5341"},{"taxonomy":"product_cat","embeddable":true,"href":"https:\/\/medicinasinc.com\/fi\/wp-json\/wp\/v2\/product_cat?post=5341"},{"taxonomy":"product_tag","embeddable":true,"href":"https:\/\/medicinasinc.com\/fi\/wp-json\/wp\/v2\/product_tag?post=5341"}],"curies":[{"name":"wp","href":"https:\/\/api.w.org\/{rel}","templated":true}]}}