{"id":5340,"date":"2022-02-21T21:15:28","date_gmt":"2022-02-21T21:15:28","guid":{"rendered":"https:\/\/medicinasinc.com\/fi\/?post_type=product&#038;p=5340"},"modified":"2022-03-22T01:00:58","modified_gmt":"2022-03-22T01:00:58","slug":"osta-2-mppp-verkosta","status":"publish","type":"product","link":"https:\/\/medicinasinc.com\/fi\/product\/osta-2-mppp-verkosta\/","title":{"rendered":"Osta 2-MPPP verkosta"},"content":{"rendered":"<p>Osta 2-MPPP verkosta<\/p>\n<p>Osta 2-MPPP verkosta<\/p>\n<p>2-metyyli-1-fenyyli-3-(piperidin-1-yyli)<\/p>\n<p>Propan-1-oni on rakenteellisesti samanlainen kemikaali 2-aminopropan-1-onille, paitsi ett\u00e4 typpi on sitoutunut kolmannessa asemassa olevaan hiileen. T\u00e4m\u00e4n yhdisteen fysiologisia ja toksikologisia vaikutuksia ei ole tutkittu.<\/p>\n<p>2-metyyli-1-fenyyli-3-(piperidin-1-yyli)<\/p>\n<p>Propan-1-onia voidaan k\u00e4ytt\u00e4\u00e4 vertailun\u00e4ytteeksi tutkijoille, jotka tekev\u00e4t kaasukromatografiaa\/massaspektrometriaa (GC\/MS), Fourier-muunnosinfrapunaspektroskopiaa (FTIR) tai ydinmagneettista resonanssia (NMR) analyysej\u00e4.<\/p>\n<p>Laboratorion menetelm\u00e4t<\/p>\n<p>Suosittelemme 2-metyyli-1-fenyyli-3-(piperidin-1-yyli)propan-1-onin s\u00e4ilytt\u00e4mist\u00e4 -20 \u00b0C:ssa pitk\u00e4aikaista varastointia varten. Sen tulee pysy\u00e4 vakaana v\u00e4hint\u00e4\u00e4n kaksi vuotta.<\/p>\n<p>Valkoinen kiteinen aine 2-metyyli-1-fenyyli-3-(piperidin-1-yyli)propan-1-oni toimitetaan. 2-metyyli-1-fenyyli-3-(piperidin-1-yyli) Propan-1-oni liukenee orgaanisiin liuottimiin, kuten metanoliin, dimetyylisulfoksidiin (DMSO) ja dikloorimetaaniin (DCM), jotka tulee puhdistaa inertill\u00e4. kaasua ennen k\u00e4ytt\u00f6\u00e4. 2-metyyli-1-fenyyli-3-(piperidin-1-yyli)propan-1-oni liukenee noin 22 mg\/ml etanoliin ja DMF:\u00e4\u00e4n ja noin 15 mg\/ml DMSO:hon.<\/p>\n<p> Ennen testien tekemist\u00e4 kantaliuoksesta tulee tehd\u00e4 lis\u00e4laimennuksia vesipitoisiin puskureihin tai isotoniseen suolaliuokseen. Varmista, ettei orgaanista liuotinta j\u00e4\u00e4 j\u00e4ljelle, koska orgaanisilla liuottimilla voi olla fysiologisia seurauksia pienin\u00e4 pitoisuuksina. Vesipitoiset orgaaniset liuottimettomat liuokset Kiteinen kiinte\u00e4 2-metyyli-1-fenyyli-3-(piperidin-1-yyli)propan-1-oni voidaan valmistaa v\u00e4litt\u00f6m\u00e4sti vesipitoisissa puskureissa. 2-metyyli-1-fenyyli-3-(piperidin-1-yyli)propan-1-oni liukenee liukoisuudella noin 11 mg\/ml PBS:\u00e4\u00e4n, pH 6,4. Emme suosittele vesiliuoksen s\u00e4ilytt\u00e4mist\u00e4 j\u00e4\u00e4kaapissa pidemp\u00e4\u00e4n kuin yht\u00e4 p\u00e4iv\u00e4\u00e4.<\/p>\n<div id=\"wb_Text13\"><strong>Tekniset tiedot<\/strong><\/div>\n<table id=\"Table1\" cellpadding=\"0\">\n<tbody>\n<tr>\n<td class=\"cell0\">Synonyymit<\/td>\n<td class=\"cell1\">2-MPPP<\/td>\n<\/tr>\n<tr>\n<td class=\"cell2\">IUPAC<\/td>\n<td class=\"cell3\">2-metyyli-1-fenyyli-3-(piperidin-1-yyli)propan-1-oni<\/td>\n<\/tr>\n<tr>\n<td class=\"cell0\">PubChem<\/td>\n<td class=\"cell1\">N\/A<\/td>\n<\/tr>\n<tr>\n<td class=\"cell4\">Cas#<\/td>\n<td class=\"cell5\">N\/A<\/td>\n<\/tr>\n<tr>\n<td class=\"cell0\">Molekyylikaava<\/td>\n<td class=\"cell1\">C15H21NO td&gt; <\/tr>\n<tr>\n<td class=\"cell0\">puhtaus<\/td>\n<td class=\"cell1\">99 %<\/td>\n<\/tr>\n<tr>\n<td class=\"cell0\">Formulaatio \/ Ulkon\u00e4k\u00f6<\/td>\n<td class=\"cell1\">Valkoinen kristallijauhe<\/td>\n<\/tr>\n<\/tbody>\n<\/table>\n<p><strong>Referenssit<\/strong><\/p>\n<p>Intian Journal of Chemistry, 1981,\u00a0 voi. 20 B, # 4 s. 303 \u2013 307<\/p>\n<p>Ruddy; Buckley<br \/> Journal of the American Chemical Society, 1950,\u00a0 voi. 72, s. 718 719<\/p>\n<p>Kjaer; Petersen<br \/> Acta Chemica Scandinavica (1947-1973), 1951,\u00a0 voi. 5, s. 1145,1148<\/p>\n<p>Nasarow; Tscherkasowa<br \/> Zhurnal Obshchei Khimii, 1958,\u00a0 voi. 28, s. 122 124, 125<\/p>\n<div class=\"product-next-previous\">\n<div class=\"product-prev\"><\/div><\/div>\n","protected":false},"excerpt":{"rendered":"<div class=\"woocommerce-product-details__short-description\">\n<p>Osta 2-MPPP verkosta. Osta 2-MPPP verkosta osoitteesta bestglobalmeds.com \u2013 2-metyyli-1-fenyyli-3-(piperidin-1-yyli)propan-1-oni, 2 mpp valkoista kidejauhetta myyt\u00e4v\u00e4n\u00e4. meill\u00e4 on my\u00f6s paras laatu ja parhaat hinnat.<\/p>\n<p><em>Osta 2<\/em>&#8211;<em>MPPP Onlinesta<\/em> lisensoidusta apteekista Best Global Meds. Tarjoamme laajan valikoiman l\u00e4\u00e4kkeit\u00e4 myyntiin. Maailmanlaajuinen toimitus!<\/p>\n<\/p><\/div>\n","protected":false},"featured_media":5350,"comment_status":"open","ping_status":"closed","template":"","meta":[],"product_brand":[],"product_cat":[2014],"product_tag":[],"class_list":{"0":"post-5340","1":"product","2":"type-product","3":"status-publish","4":"has-post-thumbnail","6":"product_cat-osta-tutkimus-kemikaaleja","8":"first","9":"instock","10":"shipping-taxable","11":"purchasable","12":"product-type-variable"},"yoast_head":"<!-- This site is optimized with the Yoast SEO plugin v27.3 - https:\/\/yoast.com\/product\/yoast-seo-wordpress\/ -->\n<title>Osta 2-MPPP verkosta \u2013 parhaat maailmanlaajuiset l\u00e4\u00e4kkeet<\/title>\n<meta name=\"description\" content=\"Osta 2-MPPP verkosta. Osta 2-MPPP verkosta osoitteesta bestglobalmeds.com \u2013 2-metyyli-1-fenyyli-3-(piperidin-1-yyli)propan-1-oni, 2 mpp valkoista kidejauhetta myyt\u00e4v\u00e4n\u00e4. meill\u00e4 on paras laatu ja parhaat hinnat\" \/>\n<meta name=\"robots\" content=\"index, follow, max-snippet:-1, max-image-preview:large, max-video-preview:-1\" \/>\n<link rel=\"canonical\" href=\"https:\/\/medicinasinc.com\/fi\/product\/osta-2-mppp-verkosta\/\" \/>\n<meta property=\"og:locale\" content=\"en_US\" \/>\n<meta property=\"og:type\" content=\"article\" \/>\n<meta property=\"og:title\" content=\"Osta 2-MPPP verkosta \u2013 parhaat maailmanlaajuiset l\u00e4\u00e4kkeet\" \/>\n<meta property=\"og:description\" content=\"Osta 2-MPPP verkosta. Osta 2-MPPP verkosta osoitteesta bestglobalmeds.com \u2013 2-metyyli-1-fenyyli-3-(piperidin-1-yyli)propan-1-oni, 2 mpp valkoista kidejauhetta myyt\u00e4v\u00e4n\u00e4. meill\u00e4 on paras laatu ja parhaat hinnat\" \/>\n<meta property=\"og:url\" content=\"https:\/\/medicinasinc.com\/fi\/product\/osta-2-mppp-verkosta\/\" \/>\n<meta property=\"og:site_name\" content=\"Medicinas Inc\" \/>\n<meta property=\"article:modified_time\" content=\"2022-03-22T01:00:58+00:00\" \/>\n<meta property=\"og:image\" content=\"https:\/\/medicinasinc.com\/fi\/wp-content\/uploads\/sites\/12\/2022\/02\/2mppp.jpg\" \/>\n\t<meta property=\"og:image:width\" content=\"600\" \/>\n\t<meta property=\"og:image:height\" content=\"600\" \/>\n\t<meta property=\"og:image:type\" content=\"image\/jpeg\" \/>\n<meta name=\"twitter:card\" content=\"summary_large_image\" \/>\n<meta name=\"twitter:label1\" content=\"Est. reading time\" \/>\n\t<meta name=\"twitter:data1\" content=\"2 minutes\" \/>\n<script type=\"application\/ld+json\" class=\"yoast-schema-graph\">{\"@context\":\"https:\\\/\\\/schema.org\",\"@graph\":[{\"@type\":\"WebPage\",\"@id\":\"https:\\\/\\\/medicinasinc.com\\\/fi\\\/product\\\/osta-2-mppp-verkosta\\\/\",\"url\":\"https:\\\/\\\/medicinasinc.com\\\/fi\\\/product\\\/osta-2-mppp-verkosta\\\/\",\"name\":\"Osta 2-MPPP verkosta \u2013 parhaat maailmanlaajuiset l\u00e4\u00e4kkeet\",\"isPartOf\":{\"@id\":\"https:\\\/\\\/medicinasinc.com\\\/fi\\\/#website\"},\"primaryImageOfPage\":{\"@id\":\"https:\\\/\\\/medicinasinc.com\\\/fi\\\/product\\\/osta-2-mppp-verkosta\\\/#primaryimage\"},\"image\":{\"@id\":\"https:\\\/\\\/medicinasinc.com\\\/fi\\\/product\\\/osta-2-mppp-verkosta\\\/#primaryimage\"},\"thumbnailUrl\":\"https:\\\/\\\/medicinasinc.com\\\/fi\\\/wp-content\\\/uploads\\\/sites\\\/12\\\/2022\\\/02\\\/2mppp.jpg\",\"datePublished\":\"2022-02-21T21:15:28+00:00\",\"dateModified\":\"2022-03-22T01:00:58+00:00\",\"description\":\"Osta 2-MPPP verkosta. Osta 2-MPPP verkosta osoitteesta bestglobalmeds.com \u2013 2-metyyli-1-fenyyli-3-(piperidin-1-yyli)propan-1-oni, 2 mpp valkoista kidejauhetta myyt\u00e4v\u00e4n\u00e4. meill\u00e4 on paras laatu ja parhaat hinnat\",\"breadcrumb\":{\"@id\":\"https:\\\/\\\/medicinasinc.com\\\/fi\\\/product\\\/osta-2-mppp-verkosta\\\/#breadcrumb\"},\"inLanguage\":\"en-US\",\"potentialAction\":[{\"@type\":\"ReadAction\",\"target\":[\"https:\\\/\\\/medicinasinc.com\\\/fi\\\/product\\\/osta-2-mppp-verkosta\\\/\"]}]},{\"@type\":\"ImageObject\",\"inLanguage\":\"en-US\",\"@id\":\"https:\\\/\\\/medicinasinc.com\\\/fi\\\/product\\\/osta-2-mppp-verkosta\\\/#primaryimage\",\"url\":\"https:\\\/\\\/medicinasinc.com\\\/fi\\\/wp-content\\\/uploads\\\/sites\\\/12\\\/2022\\\/02\\\/2mppp.jpg\",\"contentUrl\":\"https:\\\/\\\/medicinasinc.com\\\/fi\\\/wp-content\\\/uploads\\\/sites\\\/12\\\/2022\\\/02\\\/2mppp.jpg\",\"width\":600,\"height\":600},{\"@type\":\"BreadcrumbList\",\"@id\":\"https:\\\/\\\/medicinasinc.com\\\/fi\\\/product\\\/osta-2-mppp-verkosta\\\/#breadcrumb\",\"itemListElement\":[{\"@type\":\"ListItem\",\"position\":1,\"name\":\"Myym\u00e4l\u00e4\",\"item\":\"https:\\\/\\\/medicinasinc.com\\\/fi\\\/myymala\\\/\"},{\"@type\":\"ListItem\",\"position\":2,\"name\":\"Osta 2-MPPP verkosta\"}]},{\"@type\":\"WebSite\",\"@id\":\"https:\\\/\\\/medicinasinc.com\\\/fi\\\/#website\",\"url\":\"https:\\\/\\\/medicinasinc.com\\\/fi\\\/\",\"name\":\"Medicinas Inc\",\"description\":\"Health Medical Clinic\",\"potentialAction\":[{\"@type\":\"SearchAction\",\"target\":{\"@type\":\"EntryPoint\",\"urlTemplate\":\"https:\\\/\\\/medicinasinc.com\\\/fi\\\/?s={search_term_string}\"},\"query-input\":{\"@type\":\"PropertyValueSpecification\",\"valueRequired\":true,\"valueName\":\"search_term_string\"}}],\"inLanguage\":\"en-US\"}]}<\/script>\n<!-- \/ Yoast SEO plugin. -->","yoast_head_json":{"title":"Osta 2-MPPP verkosta \u2013 parhaat maailmanlaajuiset l\u00e4\u00e4kkeet","description":"Osta 2-MPPP verkosta. Osta 2-MPPP verkosta osoitteesta bestglobalmeds.com \u2013 2-metyyli-1-fenyyli-3-(piperidin-1-yyli)propan-1-oni, 2 mpp valkoista kidejauhetta myyt\u00e4v\u00e4n\u00e4. meill\u00e4 on paras laatu ja parhaat hinnat","robots":{"index":"index","follow":"follow","max-snippet":"max-snippet:-1","max-image-preview":"max-image-preview:large","max-video-preview":"max-video-preview:-1"},"canonical":"https:\/\/medicinasinc.com\/fi\/product\/osta-2-mppp-verkosta\/","og_locale":"en_US","og_type":"article","og_title":"Osta 2-MPPP verkosta \u2013 parhaat maailmanlaajuiset l\u00e4\u00e4kkeet","og_description":"Osta 2-MPPP verkosta. Osta 2-MPPP verkosta osoitteesta bestglobalmeds.com \u2013 2-metyyli-1-fenyyli-3-(piperidin-1-yyli)propan-1-oni, 2 mpp valkoista kidejauhetta myyt\u00e4v\u00e4n\u00e4. meill\u00e4 on paras laatu ja parhaat hinnat","og_url":"https:\/\/medicinasinc.com\/fi\/product\/osta-2-mppp-verkosta\/","og_site_name":"Medicinas Inc","article_modified_time":"2022-03-22T01:00:58+00:00","og_image":[{"width":600,"height":600,"url":"https:\/\/medicinasinc.com\/fi\/wp-content\/uploads\/sites\/12\/2022\/02\/2mppp.jpg","type":"image\/jpeg"}],"twitter_card":"summary_large_image","twitter_misc":{"Est. reading time":"2 minutes"},"schema":{"@context":"https:\/\/schema.org","@graph":[{"@type":"WebPage","@id":"https:\/\/medicinasinc.com\/fi\/product\/osta-2-mppp-verkosta\/","url":"https:\/\/medicinasinc.com\/fi\/product\/osta-2-mppp-verkosta\/","name":"Osta 2-MPPP verkosta \u2013 parhaat maailmanlaajuiset l\u00e4\u00e4kkeet","isPartOf":{"@id":"https:\/\/medicinasinc.com\/fi\/#website"},"primaryImageOfPage":{"@id":"https:\/\/medicinasinc.com\/fi\/product\/osta-2-mppp-verkosta\/#primaryimage"},"image":{"@id":"https:\/\/medicinasinc.com\/fi\/product\/osta-2-mppp-verkosta\/#primaryimage"},"thumbnailUrl":"https:\/\/medicinasinc.com\/fi\/wp-content\/uploads\/sites\/12\/2022\/02\/2mppp.jpg","datePublished":"2022-02-21T21:15:28+00:00","dateModified":"2022-03-22T01:00:58+00:00","description":"Osta 2-MPPP verkosta. Osta 2-MPPP verkosta osoitteesta bestglobalmeds.com \u2013 2-metyyli-1-fenyyli-3-(piperidin-1-yyli)propan-1-oni, 2 mpp valkoista kidejauhetta myyt\u00e4v\u00e4n\u00e4. meill\u00e4 on paras laatu ja parhaat hinnat","breadcrumb":{"@id":"https:\/\/medicinasinc.com\/fi\/product\/osta-2-mppp-verkosta\/#breadcrumb"},"inLanguage":"en-US","potentialAction":[{"@type":"ReadAction","target":["https:\/\/medicinasinc.com\/fi\/product\/osta-2-mppp-verkosta\/"]}]},{"@type":"ImageObject","inLanguage":"en-US","@id":"https:\/\/medicinasinc.com\/fi\/product\/osta-2-mppp-verkosta\/#primaryimage","url":"https:\/\/medicinasinc.com\/fi\/wp-content\/uploads\/sites\/12\/2022\/02\/2mppp.jpg","contentUrl":"https:\/\/medicinasinc.com\/fi\/wp-content\/uploads\/sites\/12\/2022\/02\/2mppp.jpg","width":600,"height":600},{"@type":"BreadcrumbList","@id":"https:\/\/medicinasinc.com\/fi\/product\/osta-2-mppp-verkosta\/#breadcrumb","itemListElement":[{"@type":"ListItem","position":1,"name":"Myym\u00e4l\u00e4","item":"https:\/\/medicinasinc.com\/fi\/myymala\/"},{"@type":"ListItem","position":2,"name":"Osta 2-MPPP verkosta"}]},{"@type":"WebSite","@id":"https:\/\/medicinasinc.com\/fi\/#website","url":"https:\/\/medicinasinc.com\/fi\/","name":"Medicinas Inc","description":"Health Medical Clinic","potentialAction":[{"@type":"SearchAction","target":{"@type":"EntryPoint","urlTemplate":"https:\/\/medicinasinc.com\/fi\/?s={search_term_string}"},"query-input":{"@type":"PropertyValueSpecification","valueRequired":true,"valueName":"search_term_string"}}],"inLanguage":"en-US"}]}},"_links":{"self":[{"href":"https:\/\/medicinasinc.com\/fi\/wp-json\/wp\/v2\/product\/5340","targetHints":{"allow":["GET"]}}],"collection":[{"href":"https:\/\/medicinasinc.com\/fi\/wp-json\/wp\/v2\/product"}],"about":[{"href":"https:\/\/medicinasinc.com\/fi\/wp-json\/wp\/v2\/types\/product"}],"replies":[{"embeddable":true,"href":"https:\/\/medicinasinc.com\/fi\/wp-json\/wp\/v2\/comments?post=5340"}],"wp:featuredmedia":[{"embeddable":true,"href":"https:\/\/medicinasinc.com\/fi\/wp-json\/wp\/v2\/media\/5350"}],"wp:attachment":[{"href":"https:\/\/medicinasinc.com\/fi\/wp-json\/wp\/v2\/media?parent=5340"}],"wp:term":[{"taxonomy":"product_brand","embeddable":true,"href":"https:\/\/medicinasinc.com\/fi\/wp-json\/wp\/v2\/product_brand?post=5340"},{"taxonomy":"product_cat","embeddable":true,"href":"https:\/\/medicinasinc.com\/fi\/wp-json\/wp\/v2\/product_cat?post=5340"},{"taxonomy":"product_tag","embeddable":true,"href":"https:\/\/medicinasinc.com\/fi\/wp-json\/wp\/v2\/product_tag?post=5340"}],"curies":[{"name":"wp","href":"https:\/\/api.w.org\/{rel}","templated":true}]}}