{"id":5332,"date":"2022-02-21T21:05:55","date_gmt":"2022-02-21T21:05:55","guid":{"rendered":"https:\/\/medicinasinc.com\/fi\/?post_type=product&#038;p=5332"},"modified":"2022-03-22T01:01:08","modified_gmt":"2022-03-22T01:01:08","slug":"osta-2-fma-2-fluorimetamfetamiinihydrokloridi","status":"publish","type":"product","link":"https:\/\/medicinasinc.com\/fi\/product\/osta-2-fma-2-fluorimetamfetamiinihydrokloridi\/","title":{"rendered":"Osta 2-FMA 2-fluorimetamfetamiini (hydrokloridi)"},"content":{"rendered":"<p><strong>2-FMA Purity Powderin ostaminen verkossa<\/strong><\/p>\n<p>2-Fluorometamfetamiini (2-FMA) on samaan perheeseen kuuluva stimulantti kuin metamfetamiini ja 2-fluoroamfetamiini. Huolimatta siit\u00e4, ett\u00e4 fluorimetoksisubstituoitujen amfetamiinien fysiologisista vaikutuksista ei tiedet\u00e4 mit\u00e4\u00e4n, 2-FMA:ta on l\u00f6ydetty osana designl\u00e4\u00e4kkeit\u00e4, joita markkinoidaan valvottujen aineiden &#8220;legaalisten l\u00e4\u00e4kkeiden&#8221; korvikkeina.<\/p>\n<p>T\u00e4m\u00e4n yhdisteen hydrokloridi. versio on suunniteltu k\u00e4ytett\u00e4v\u00e4ksi standardina 2-FMA:ta sis\u00e4lt\u00e4vien n\u00e4ytteiden rikosteknisess\u00e4 tutkimuksessa.<\/p>\n<div class=\"mb-5 row\">\n<div class=\"w-100 col\">\n<h5>Synonyymit<\/h5>\n<div class=\"row\">\n<div class=\"col\">\n<div class=\"row\" data-attribute=\"synonyms\">\n<div class=\"text-lg-right vertical-rule product-info -left float-left pl-3 pr-2 pb-3 col-6 col-md-5 col-lg-4 col-xl-3\">Synonyymit<\/div>\n<div class=\"float-right pl-3\">\n<ul class=\" p-0 mb-3 list-unstyled\">\n<li class=\"undefined text-lato-bold\"><span class=\"\">2-FMA<\/span><\/li>\n<\/ul><\/div><\/div><\/div><\/div><\/div><\/div>\n<div class=\"mb-5 row\">\n<div class=\"w-100 col\">\n<h5>Tekniset tiedot<\/h5>\n<div class=\"row\">\n<div class=\"col\">\n<div class=\"row\" data-attribute=\"formalName\">\n<div class=\"text-lg-right vertical-rule product-info-left float-left pl-3 pr- 2 pb-3 col-6 col-md-5 col-lg-4 col-xl-3\">Muodollinen nimi<\/div>\n<div class=\"float-right pl-3 text-xsm product-info-right col -6 col-md-7 col-lg-8 col-xl-9\">2-fluori-N-\u03b1-dimetyylibentseenietaaniamiini, monohydrokloridi<\/div><\/div>\n<div class=\"row\" data-attribute=\"casNumber\">\n<div class=\"text-lg-right vertical-rule product-info-left float-left pl-3 pr-2 pb-3 col-6 col-md-5 col-lg-4 col- xl-3\">CAS-numero<\/div>\n<div class=\"float-right pl-3 text-xsm product-info-right col-6 col-md-7 col-lg-8 col-xl-9\"> 1780004-19-4<\/div><\/div>\n<div class=\"row\" data-attribute=\"molecularFormula\">\n<div class=\"text-lg-right vertical-rule product-info-left float-left pl -3 pr-2 pb-3 col-6 col-md-5 col-lg-4 col-xl-3\">Molekyylikaava<\/div>\n<div class=\"float-right pl-3 text-xsm product- info-right col-6 col-md-7 col-lg-8 col-xl-9\">C<sub><small>10<\/small><\/sub>H<sub><small>14<\/small><\/sub>FN \u2022 HCl<\/div><\/div>\n<div class=\"row\" data-attribute=\"formulaWeight\">\n<div class=\"text-lg-right vertical-rule product-info-left float-left pl-3 pr-2 pb-3 col-6 col-md-5 col-lg-4 col-xl-3\">Kaavan paino<\/div>\n<div class=\"float-right pl-3 text-xsm product -info-right col-6 col-md-7 col-lg-8 col-xl-9\">203.7<\/div><\/div>\n<div class=\"row\" data-attribute=\"purity\">\n<div class=\"text-lg-right vertical-rule product-info-left float-left pl-3 pr-2 pb-3 col-6 col-md-5 col-lg-4 col-xl-3\">Puhtaus<\/div>\n<div class=\"float-right pl-3 text-xsm product-info-right col-6 col-md-7 col-lg-8 col-xl-9\">\u226598 %<\/div><\/div>\n<div class=\"row\" data-attribute=\"formulation\">\n<div class=\"text-lg-right vertical-rule product-info-left float-left pl-3 pr-2 pb-3 col- 6 col-md-5 col-lg-4 col-xl-3\">Formulaatio<\/div>\n<div class=\"float-right pl-3 text-xsm product-info-right col-6 col-md-7 col-lg-8 col-xl-9\">Kiteinen kiinte\u00e4 aine<\/div><\/div>\n<div class=\"row\" data-attribute=\"solubility\">\n<div class=\"text-lg-right vertical- s\u00e4\u00e4nt\u00f6 product-info-left float-left pl-3 pr-2 pb-3 col-6 col-md-5 col-lg-4 col-xl-3\">Liukoisuus<small>(Lis\u00e4tietoja liukoisuuden varianssista)<\/small><\/div>\n<div class=\"float-right pl-3 text-xsm product-info-right col-6 col-md-7 col-lg-8 col-xl-9\">\n<ul class=\" p-0 mb-3 list-unstyled\">\n<li class=\"undefined text-lato-bold\"><span class=\"\">DMF: 20 mg\/ml<\/span><\/li>\n<li class=\" undefined text-lato-bold\"><span class=\"\">DMSO: 20 mg\/ml<\/span><\/li>\n<li class=\"undefined text-lato-bold\"><span class=\"\">etanoli : 30 mg\/ml<\/span><\/li>\n<li class=\"undefined text-lato-bold\"><span class=\"\">PBS (pH 7,2): 10 mg\/ml<\/span><\/li>\n<\/ul><\/div><\/div>\n<div class=\"row\" data-attribute=\"smiles\">\n<div class=\"text-lg-right vertical-rule product-info-left float-left pl -3 pr-2 pb-3 col-6 col-md-5 col-lg-4 col-xl-3\">HYMI\u00c4T<\/div>\n<div class=\"float-right pl-3 text-xsm product-info -oikea sarake-6 sarake-md-7 sarake-lg-8 sarake- xl-9\">FC1=CC=CC=C1CC(C)NC.Cl<\/div><\/div>\n<div class=\"row\" data-attribute=\"inchi\">\n<div class=\"text-lg- right vertical-rule product-info-left float-left pl-3 pr-2 pb-3 col-6 col-md-5 col-lg-4 col-xl-3\">InChi-koodi<\/div>\n<div class=\"float-right pl-3 text-xsm product-info-right col-6 col-md-7 col-lg-8 col-xl-9\">InChI=1S\/C10H14FN.ClH\/c1-8(12- 2)7-9-5-3-4-6-10(9)11;\/h3-6,8,12H,7H2,1-2H3;1H<\/div><\/div>\n<div class=\"row\">\n<div class=\"text-lg-right vertical-rule product-info-left float-left pl-3 pr-2 pb-3 col-6 col-md-5 col-lg -4 col-xl-3\">InChi-avain<\/div>\n<div class=\"float-right pl-3 text-xsm product-info-right col-6 col-md-7 col-lg-8 col-xl -9\">GTSVNAIEHCXQPM-UHFFFAOYSA-N<\/div><\/div><\/div><\/div><\/div><\/div>\n<div class=\"row\">\n<div class=\"col\">\n<h5>Toimitus- ja s\u00e4ilytystiedot<\/h5>\n<div class=\"row\">\n<div class=\"col\">\n<div class=\"row\" data-attribute=\"storageTemp\">\n<div class=\"text-lg -oikea pystys\u00e4\u00e4nt\u00f6 tuote-info-vasen float-vasen pl-3 pr-2 pb-3 col-6 col-md-5 c ol-lg-4 col-xl-3\">Tallennus<\/div>\n<div class=\"float-right pl-3 text-xsm product-info-right col-6 col-md-7 col-lg-8 col -xl-9\">-20\u00b0C<\/div><\/div>\n<div class=\"row\" data-attribute=\"address\">\n<div class=\"text-lg-right vertical-rule product-info- vasen float-left pl-3 pr-2 pb-3 col-6 col-md-5 col-lg-4 col-xl-3\">Toimitus<\/div>\n<div class=\"float-right pl-3 text -xsm product-info-right col-6 col-md-7 col-lg-8 col-xl-9\">Huonel\u00e4mp\u00f6tila Yhdysvaltojen mantereella; voi vaihdella muualla<\/div><\/div>\n<div class=\"row\" data-attribute=\"stabilityDisplay\">\n<div class=\"text-lg-right vertical-rule product-info-left float-left pl-3 pr-2 pb-3 col-6 col-md-5 col-lg-4 col-xl-3\">Vakaus<\/div>\n<div class=\"float-right pl-3 text-xsm product-info-right col-6 col-md-7 col-lg-8 col-xl-9\">\u2265\u00a02 vuotta<\/div><\/div><\/div><\/div><\/div><\/div>\n<div class=\"product-prev\"><\/div><\/div>\n","protected":false},"excerpt":{"rendered":"<p>Osta 2-FMA 2-fluorimetamfetamiinia (hydrokloridia) myyt\u00e4v\u00e4ksi eritt\u00e4in puhdasta jauhetta verkosta. Tukkumyynti 2-FMA-jauhe (99 %+ puhdas) \u2013 samanlainen kuin metamfetamiini Suositeltu annostus 50-80 mg<\/p>\n<p>&nbsp;<\/p>\n","protected":false},"featured_media":5343,"comment_status":"open","ping_status":"closed","template":"","meta":[],"product_brand":[],"product_cat":[2014],"product_tag":[2015,2020,2022,2023,2016,2017,2018,2019,2021,2024,2026,2025],"class_list":{"0":"post-5332","1":"product","2":"type-product","3":"status-publish","4":"has-post-thumbnail","6":"product_cat-osta-tutkimus-kemikaaleja","7":"product_tag-2-ruma","8":"product_tag-2-fma-jauhe","9":"product_tag-2-fma-usa","10":"product_tag-2-fma-painonpudotus","11":"product_tag-2-fma-laillisuus","12":"product_tag-2-fma-laillisuus-2-fma-jauhe","13":"product_tag-2-fma-legality-usa","14":"product_tag-2-fma-pillerit","15":"product_tag-2-fma-synteesi","16":"product_tag-4-fluorimetamfetamiini","17":"product_tag-fluorimetamfetamiini-kadunnimi","18":"product_tag-osta-2-fma","20":"first","21":"instock","22":"shipping-taxable","23":"purchasable","24":"product-type-variable","25":"has-default-attributes"},"yoast_head":"<!-- This site is optimized with the Yoast SEO plugin v27.3 - https:\/\/yoast.com\/product\/yoast-seo-wordpress\/ -->\n<title>Osta 2-FMA 2-fluorimetamfetamiini (hydrokloridi) - parhaat maailmanlaajuiset l\u00e4\u00e4kkeet<\/title>\n<meta name=\"description\" content=\"Osta 2-FMA 2-fluorimetamfetamiinia (hydrokloridia) myyt\u00e4v\u00e4ksi eritt\u00e4in puhdasta jauhetta verkosta. Tukkumyynti 2-FMA-jauhe (99 %+ puhdas) \u2013 samanlainen kuin metamfetamiini Suositeltu annostus 50-80 mg\" \/>\n<meta name=\"robots\" content=\"index, follow, max-snippet:-1, max-image-preview:large, max-video-preview:-1\" \/>\n<link rel=\"canonical\" href=\"https:\/\/medicinasinc.com\/fi\/product\/osta-2-fma-2-fluorimetamfetamiinihydrokloridi\/\" \/>\n<meta property=\"og:locale\" content=\"en_US\" \/>\n<meta property=\"og:type\" content=\"article\" \/>\n<meta property=\"og:title\" content=\"Osta 2-FMA 2-fluorimetamfetamiini (hydrokloridi) - parhaat maailmanlaajuiset l\u00e4\u00e4kkeet\" \/>\n<meta property=\"og:description\" content=\"Osta 2-FMA 2-fluorimetamfetamiinia (hydrokloridia) myyt\u00e4v\u00e4ksi eritt\u00e4in puhdasta jauhetta verkosta. Tukkumyynti 2-FMA-jauhe (99 %+ puhdas) \u2013 samanlainen kuin metamfetamiini Suositeltu annostus 50-80 mg\" \/>\n<meta property=\"og:url\" content=\"https:\/\/medicinasinc.com\/fi\/product\/osta-2-fma-2-fluorimetamfetamiinihydrokloridi\/\" \/>\n<meta property=\"og:site_name\" content=\"Medicinas Inc\" \/>\n<meta property=\"article:modified_time\" content=\"2022-03-22T01:01:08+00:00\" \/>\n<meta property=\"og:image\" content=\"https:\/\/medicinasinc.com\/fi\/wp-content\/uploads\/sites\/12\/2022\/02\/Buy-2-FMA.jpg\" \/>\n\t<meta property=\"og:image:width\" content=\"750\" \/>\n\t<meta property=\"og:image:height\" content=\"1000\" \/>\n\t<meta property=\"og:image:type\" content=\"image\/jpeg\" \/>\n<meta name=\"twitter:card\" content=\"summary_large_image\" \/>\n<meta name=\"twitter:label1\" content=\"Est. reading time\" \/>\n\t<meta name=\"twitter:data1\" content=\"1 minute\" \/>\n<script type=\"application\/ld+json\" class=\"yoast-schema-graph\">{\"@context\":\"https:\\\/\\\/schema.org\",\"@graph\":[{\"@type\":\"WebPage\",\"@id\":\"https:\\\/\\\/medicinasinc.com\\\/fi\\\/product\\\/osta-2-fma-2-fluorimetamfetamiinihydrokloridi\\\/\",\"url\":\"https:\\\/\\\/medicinasinc.com\\\/fi\\\/product\\\/osta-2-fma-2-fluorimetamfetamiinihydrokloridi\\\/\",\"name\":\"Osta 2-FMA 2-fluorimetamfetamiini (hydrokloridi) - parhaat maailmanlaajuiset l\u00e4\u00e4kkeet\",\"isPartOf\":{\"@id\":\"https:\\\/\\\/medicinasinc.com\\\/fi\\\/#website\"},\"primaryImageOfPage\":{\"@id\":\"https:\\\/\\\/medicinasinc.com\\\/fi\\\/product\\\/osta-2-fma-2-fluorimetamfetamiinihydrokloridi\\\/#primaryimage\"},\"image\":{\"@id\":\"https:\\\/\\\/medicinasinc.com\\\/fi\\\/product\\\/osta-2-fma-2-fluorimetamfetamiinihydrokloridi\\\/#primaryimage\"},\"thumbnailUrl\":\"https:\\\/\\\/medicinasinc.com\\\/fi\\\/wp-content\\\/uploads\\\/sites\\\/12\\\/2022\\\/02\\\/Buy-2-FMA.jpg\",\"datePublished\":\"2022-02-21T21:05:55+00:00\",\"dateModified\":\"2022-03-22T01:01:08+00:00\",\"description\":\"Osta 2-FMA 2-fluorimetamfetamiinia (hydrokloridia) myyt\u00e4v\u00e4ksi eritt\u00e4in puhdasta jauhetta verkosta. Tukkumyynti 2-FMA-jauhe (99 %+ puhdas) \u2013 samanlainen kuin metamfetamiini Suositeltu annostus 50-80 mg\",\"breadcrumb\":{\"@id\":\"https:\\\/\\\/medicinasinc.com\\\/fi\\\/product\\\/osta-2-fma-2-fluorimetamfetamiinihydrokloridi\\\/#breadcrumb\"},\"inLanguage\":\"en-US\",\"potentialAction\":[{\"@type\":\"ReadAction\",\"target\":[\"https:\\\/\\\/medicinasinc.com\\\/fi\\\/product\\\/osta-2-fma-2-fluorimetamfetamiinihydrokloridi\\\/\"]}]},{\"@type\":\"ImageObject\",\"inLanguage\":\"en-US\",\"@id\":\"https:\\\/\\\/medicinasinc.com\\\/fi\\\/product\\\/osta-2-fma-2-fluorimetamfetamiinihydrokloridi\\\/#primaryimage\",\"url\":\"https:\\\/\\\/medicinasinc.com\\\/fi\\\/wp-content\\\/uploads\\\/sites\\\/12\\\/2022\\\/02\\\/Buy-2-FMA.jpg\",\"contentUrl\":\"https:\\\/\\\/medicinasinc.com\\\/fi\\\/wp-content\\\/uploads\\\/sites\\\/12\\\/2022\\\/02\\\/Buy-2-FMA.jpg\",\"width\":750,\"height\":1000},{\"@type\":\"BreadcrumbList\",\"@id\":\"https:\\\/\\\/medicinasinc.com\\\/fi\\\/product\\\/osta-2-fma-2-fluorimetamfetamiinihydrokloridi\\\/#breadcrumb\",\"itemListElement\":[{\"@type\":\"ListItem\",\"position\":1,\"name\":\"Myym\u00e4l\u00e4\",\"item\":\"https:\\\/\\\/medicinasinc.com\\\/fi\\\/myymala\\\/\"},{\"@type\":\"ListItem\",\"position\":2,\"name\":\"Osta 2-FMA 2-fluorimetamfetamiini (hydrokloridi)\"}]},{\"@type\":\"WebSite\",\"@id\":\"https:\\\/\\\/medicinasinc.com\\\/fi\\\/#website\",\"url\":\"https:\\\/\\\/medicinasinc.com\\\/fi\\\/\",\"name\":\"Medicinas Inc\",\"description\":\"Health Medical Clinic\",\"potentialAction\":[{\"@type\":\"SearchAction\",\"target\":{\"@type\":\"EntryPoint\",\"urlTemplate\":\"https:\\\/\\\/medicinasinc.com\\\/fi\\\/?s={search_term_string}\"},\"query-input\":{\"@type\":\"PropertyValueSpecification\",\"valueRequired\":true,\"valueName\":\"search_term_string\"}}],\"inLanguage\":\"en-US\"}]}<\/script>\n<!-- \/ Yoast SEO plugin. -->","yoast_head_json":{"title":"Osta 2-FMA 2-fluorimetamfetamiini (hydrokloridi) - parhaat maailmanlaajuiset l\u00e4\u00e4kkeet","description":"Osta 2-FMA 2-fluorimetamfetamiinia (hydrokloridia) myyt\u00e4v\u00e4ksi eritt\u00e4in puhdasta jauhetta verkosta. Tukkumyynti 2-FMA-jauhe (99 %+ puhdas) \u2013 samanlainen kuin metamfetamiini Suositeltu annostus 50-80 mg","robots":{"index":"index","follow":"follow","max-snippet":"max-snippet:-1","max-image-preview":"max-image-preview:large","max-video-preview":"max-video-preview:-1"},"canonical":"https:\/\/medicinasinc.com\/fi\/product\/osta-2-fma-2-fluorimetamfetamiinihydrokloridi\/","og_locale":"en_US","og_type":"article","og_title":"Osta 2-FMA 2-fluorimetamfetamiini (hydrokloridi) - parhaat maailmanlaajuiset l\u00e4\u00e4kkeet","og_description":"Osta 2-FMA 2-fluorimetamfetamiinia (hydrokloridia) myyt\u00e4v\u00e4ksi eritt\u00e4in puhdasta jauhetta verkosta. Tukkumyynti 2-FMA-jauhe (99 %+ puhdas) \u2013 samanlainen kuin metamfetamiini Suositeltu annostus 50-80 mg","og_url":"https:\/\/medicinasinc.com\/fi\/product\/osta-2-fma-2-fluorimetamfetamiinihydrokloridi\/","og_site_name":"Medicinas Inc","article_modified_time":"2022-03-22T01:01:08+00:00","og_image":[{"width":750,"height":1000,"url":"https:\/\/medicinasinc.com\/fi\/wp-content\/uploads\/sites\/12\/2022\/02\/Buy-2-FMA.jpg","type":"image\/jpeg"}],"twitter_card":"summary_large_image","twitter_misc":{"Est. reading time":"1 minute"},"schema":{"@context":"https:\/\/schema.org","@graph":[{"@type":"WebPage","@id":"https:\/\/medicinasinc.com\/fi\/product\/osta-2-fma-2-fluorimetamfetamiinihydrokloridi\/","url":"https:\/\/medicinasinc.com\/fi\/product\/osta-2-fma-2-fluorimetamfetamiinihydrokloridi\/","name":"Osta 2-FMA 2-fluorimetamfetamiini (hydrokloridi) - parhaat maailmanlaajuiset l\u00e4\u00e4kkeet","isPartOf":{"@id":"https:\/\/medicinasinc.com\/fi\/#website"},"primaryImageOfPage":{"@id":"https:\/\/medicinasinc.com\/fi\/product\/osta-2-fma-2-fluorimetamfetamiinihydrokloridi\/#primaryimage"},"image":{"@id":"https:\/\/medicinasinc.com\/fi\/product\/osta-2-fma-2-fluorimetamfetamiinihydrokloridi\/#primaryimage"},"thumbnailUrl":"https:\/\/medicinasinc.com\/fi\/wp-content\/uploads\/sites\/12\/2022\/02\/Buy-2-FMA.jpg","datePublished":"2022-02-21T21:05:55+00:00","dateModified":"2022-03-22T01:01:08+00:00","description":"Osta 2-FMA 2-fluorimetamfetamiinia (hydrokloridia) myyt\u00e4v\u00e4ksi eritt\u00e4in puhdasta jauhetta verkosta. Tukkumyynti 2-FMA-jauhe (99 %+ puhdas) \u2013 samanlainen kuin metamfetamiini Suositeltu annostus 50-80 mg","breadcrumb":{"@id":"https:\/\/medicinasinc.com\/fi\/product\/osta-2-fma-2-fluorimetamfetamiinihydrokloridi\/#breadcrumb"},"inLanguage":"en-US","potentialAction":[{"@type":"ReadAction","target":["https:\/\/medicinasinc.com\/fi\/product\/osta-2-fma-2-fluorimetamfetamiinihydrokloridi\/"]}]},{"@type":"ImageObject","inLanguage":"en-US","@id":"https:\/\/medicinasinc.com\/fi\/product\/osta-2-fma-2-fluorimetamfetamiinihydrokloridi\/#primaryimage","url":"https:\/\/medicinasinc.com\/fi\/wp-content\/uploads\/sites\/12\/2022\/02\/Buy-2-FMA.jpg","contentUrl":"https:\/\/medicinasinc.com\/fi\/wp-content\/uploads\/sites\/12\/2022\/02\/Buy-2-FMA.jpg","width":750,"height":1000},{"@type":"BreadcrumbList","@id":"https:\/\/medicinasinc.com\/fi\/product\/osta-2-fma-2-fluorimetamfetamiinihydrokloridi\/#breadcrumb","itemListElement":[{"@type":"ListItem","position":1,"name":"Myym\u00e4l\u00e4","item":"https:\/\/medicinasinc.com\/fi\/myymala\/"},{"@type":"ListItem","position":2,"name":"Osta 2-FMA 2-fluorimetamfetamiini (hydrokloridi)"}]},{"@type":"WebSite","@id":"https:\/\/medicinasinc.com\/fi\/#website","url":"https:\/\/medicinasinc.com\/fi\/","name":"Medicinas Inc","description":"Health Medical Clinic","potentialAction":[{"@type":"SearchAction","target":{"@type":"EntryPoint","urlTemplate":"https:\/\/medicinasinc.com\/fi\/?s={search_term_string}"},"query-input":{"@type":"PropertyValueSpecification","valueRequired":true,"valueName":"search_term_string"}}],"inLanguage":"en-US"}]}},"_links":{"self":[{"href":"https:\/\/medicinasinc.com\/fi\/wp-json\/wp\/v2\/product\/5332","targetHints":{"allow":["GET"]}}],"collection":[{"href":"https:\/\/medicinasinc.com\/fi\/wp-json\/wp\/v2\/product"}],"about":[{"href":"https:\/\/medicinasinc.com\/fi\/wp-json\/wp\/v2\/types\/product"}],"replies":[{"embeddable":true,"href":"https:\/\/medicinasinc.com\/fi\/wp-json\/wp\/v2\/comments?post=5332"}],"wp:featuredmedia":[{"embeddable":true,"href":"https:\/\/medicinasinc.com\/fi\/wp-json\/wp\/v2\/media\/5343"}],"wp:attachment":[{"href":"https:\/\/medicinasinc.com\/fi\/wp-json\/wp\/v2\/media?parent=5332"}],"wp:term":[{"taxonomy":"product_brand","embeddable":true,"href":"https:\/\/medicinasinc.com\/fi\/wp-json\/wp\/v2\/product_brand?post=5332"},{"taxonomy":"product_cat","embeddable":true,"href":"https:\/\/medicinasinc.com\/fi\/wp-json\/wp\/v2\/product_cat?post=5332"},{"taxonomy":"product_tag","embeddable":true,"href":"https:\/\/medicinasinc.com\/fi\/wp-json\/wp\/v2\/product_tag?post=5332"}],"curies":[{"name":"wp","href":"https:\/\/api.w.org\/{rel}","templated":true}]}}