{"id":5324,"date":"2022-02-21T20:59:08","date_gmt":"2022-02-21T20:59:08","guid":{"rendered":"https:\/\/medicinasinc.com\/fi\/?post_type=product&#038;p=5324"},"modified":"2022-03-22T01:01:17","modified_gmt":"2022-03-22T01:01:17","slug":"osta-vicodin","status":"publish","type":"product","link":"https:\/\/medicinasinc.com\/fi\/product\/osta-vicodin\/","title":{"rendered":"Osta Vicodin"},"content":{"rendered":"<p>Vicodin-hydrokodonipillereiden verkkoostos<\/p>\n<p>VICODIN\u00ae (hydrokodonibitartraatti- ja asetaminofeenitabletit, USP 5 mg\/300 mg): Yksi tai kaksi tablettia 4\u20136 tunnin v\u00e4lein tarpeen mukaan aikuisten kipuun. P\u00e4ivitt\u00e4inen enimm\u00e4isannos ei saa ylitt\u00e4\u00e4 kahdeksaa pilleri\u00e4.<\/p>\n<p>Vicodin-hydrokodonipillerien ostaminen verkossa<br \/> Osta Vicodin verkosta<\/p>\n<p>Vicodin sis\u00e4lt\u00e4\u00e4 hydrokodonin ja asetaminofeenin yhdistelm\u00e4n. Hydrokodoni on opioidikipul\u00e4\u00e4ke. Opioideja kutsutaan usein huumeiksi. Asetaminofeeni on v\u00e4hemm\u00e4n tehokas kipul\u00e4\u00e4ke, joka tehostaa hydrokodonin vaikutuksia. Vicodinia voi ostaa verkosta, ja Vicodin on my\u00f6s saatavilla verkossa. Vicodin-pillereit\u00e4 k\u00e4ytet\u00e4\u00e4n liev\u00e4n tai kohtalaisen vaikean kivun hoitoon. Vicodin voidaan sis\u00e4llytt\u00e4\u00e4 my\u00f6s k\u00e4ytt\u00f6\u00f6n, jota ei ole mainittu t\u00e4ss\u00e4 l\u00e4\u00e4keoppaassa.<\/p>\n<p>K\u00e4ytt\u00f6<\/p>\n<p>Yhdistelm\u00e4l\u00e4\u00e4ke on tarkoitettu liev\u00e4n tai kohtalaisen voimakkaan kivun hoitoon. T\u00e4m\u00e4 lievitt\u00e4\u00e4 kipua morfiinin (hydrokodonin) ja ei-opioidin (asetaminofeeni) kautta. Hydrokodoni muuttaa kehosi k\u00e4sityst\u00e4 ja vastetta kipuun aivoissa. Asetaminofeeni voi my\u00f6s auttaa v\u00e4hent\u00e4m\u00e4\u00e4n kuumeen vakavuutta. L\u00e4\u00e4kett\u00e4 ei saa antaa alle 6-vuotiaille lapsille haittavaikutusten lis\u00e4\u00e4ntyneen riskin vuoksi (kuten hidas ja pinnallinen hengitys).<\/p>\n<p>Mik\u00e4 on t\u00e4m\u00e4n l\u00e4\u00e4kkeen tarkoitus?<\/p>\n<p>Hydrokodonia yhdistet\u00e4\u00e4n muiden kemikaalien kanssa, ja erilaisiin k\u00e4ytt\u00f6aiheisiin annetaan lukuisia yhdistelm\u00e4l\u00e4\u00e4kkeit\u00e4. Tiettyj\u00e4 hydrokodoniyhdistelm\u00e4l\u00e4\u00e4kkeit\u00e4 k\u00e4ytet\u00e4\u00e4n liev\u00e4n tai vaikean kivun hoitoon. Muita hydrokodoniyhdistelm\u00e4\u00e4 sis\u00e4lt\u00e4vi\u00e4 l\u00e4\u00e4kkeit\u00e4 k\u00e4ytet\u00e4\u00e4n v\u00e4hent\u00e4m\u00e4\u00e4n ysk\u00e4\u00e4. Hydrokodoni on opioidi (huumausaine) kipul\u00e4\u00e4ke ja ysk\u00e4nl\u00e4\u00e4kkein\u00e4 tunnettujen l\u00e4\u00e4kkeiden perhe. Hydrokodoni lievitt\u00e4\u00e4 kipua muuttamalla aivojen ja hermoston reaktiota kipuun. Hydrokodoni lievitt\u00e4\u00e4 ysk\u00e4\u00e4 est\u00e4m\u00e4ll\u00e4 yskimiseen liittyv\u00e4\u00e4 aivojen toimintaa. K\u00e4yt\u00e4t hydrokodonia yhdess\u00e4 v\u00e4hint\u00e4\u00e4n yhden muun l\u00e4\u00e4kkeen kanssa, mutta monografia tarjoaa vain tietoa hydrokodonista. Lue lis\u00e4\u00e4 k\u00e4ytt\u00e4m\u00e4si hydrokodonil\u00e4\u00e4kkeen sis\u00e4lt\u00e4mist\u00e4 aineista.<\/p>\n<p>Kuinka k\u00e4ytt\u00e4\u00e4?<\/p>\n<p>Hydrokodoni-yhdistelm\u00e4tuotteita on saatavana seuraavissa muodoissa: pilleri, geeli, tahna, liuos ( nesteen kirkastus), pitk\u00e4vaikutteinen geeli (pitk\u00e4vaikutteinen) ja pitk\u00e4vaikutteinen suspensio (neste) suun kautta annettavaksi. Tabletti, kapseli, siirappi tai liuos voidaan ottaa 4\u20136 tunnin v\u00e4lein tarpeen mukaan. Normaalisti 12 tunnin v\u00e4lein otetaan tarvittaessa pitkitetysti vapauttavia kapseleita ja pitkitetysti vapauttavia suspensioita. Jos otat hydrokodonia s\u00e4\u00e4nn\u00f6llisesti, se tulee ottaa samaan aikaan joka p\u00e4iv\u00e4. Noudata huolellisesti reseptilippusi ohjeita ja pyyd\u00e4 tarvittaessa selvennyst\u00e4 apteekista tai l\u00e4\u00e4k\u00e4rilt\u00e4. Ravista pitk\u00e4aikaista purkaussuspensiota hyvin ennen k\u00e4ytt\u00f6\u00e4 varmistaaksesi, ett\u00e4 aine jakautuu tasaisesti. Ei ole suositeltavaa yhdist\u00e4\u00e4 depotsuspensiota muihin aineisiin tai nesteisiin, kuten veteen.<\/p>\n<p>Jos k\u00e4yt\u00e4t hydrokodoniyhdistelm\u00e4\u00e4, siirappia tai pitk\u00e4vaikutteista suspensiota, \u00e4l\u00e4 k\u00e4yt\u00e4 teekuppia mittaa annoksesi. Kotitekoiset teelusikat eiv\u00e4t ole tarkkoja mittalaitteita, ja jos testaat annoksesi kotitalouden teelusikalla, otat liian monta tai liian v\u00e4h\u00e4n pillereit\u00e4. K\u00e4yt\u00e4 sen sijaan tarkasti m\u00e4\u00e4ritelty\u00e4 mittauslaitetta, kuten tippaa, lusikkal\u00e4\u00e4kett\u00e4 tai suuruiskua.<\/p>\n<p>T\u00e4t\u00e4 yhdistelm\u00e4l\u00e4\u00e4kett\u00e4 k\u00e4ytet\u00e4\u00e4n kivun hoitoon liev\u00e4st\u00e4 vaikeaan. Se sis\u00e4lt\u00e4\u00e4 opioidikipul\u00e4\u00e4kett\u00e4 (hydrokodonia) sek\u00e4 ei-opioidista analgeettia (asetaminofeeni). Hydrokodoni muuttaa tapaa, jolla kehosi havaitsee ja reagoi kipuun vaikuttamalla aivoihin. Asetaminofeeni voi my\u00f6s auttaa alentamaan kuumetta.<\/p>\n<p>T\u00e4t\u00e4 tuotetta ei suositella alle 6-vuotiaille lapsille vakavien haittavaikutusten (kuten pinnallinen\/hidas hengitys) lis\u00e4\u00e4ntyneen riskin vuoksi.<\/p>\n<p>Onko hydrokodoni-vikodiini?, Onko hydrokodoni-vikodiini?, Onko hydrokodoni-vikodiini?, Onko hydrokodoni-vikodiini?, Onko hydrokodoni-vikodiini?, Onko hydrokodoni-vikodiini?, Onko hydrokodoni-vikodiini?, Onko hydrokodoni? Vicodin?, Onko hydrokodoni vikodiini?, Onko hydrokodoni vikodiini? on vikodiini hydrokodoni, on vikodiini hydrokodoni, on vikodiini hydrokodoni, on vikodiini hydrokodoni, on vikodiini hydrokodoni, on vikodiini hydrokodoni, on hydrokodoni sama kuin vikodiini, mik\u00e4 on vikodiinin ja hydrokodonin ero, mit\u00e4 eroa on vikodiinin ja hydrokodonin v\u00e4lill\u00e4, vikodiini vs hydrokodoni Onko vikodiini ja hydrokodoni vaihdettavissa? vastaako hydrokodoni vikodiinia tai percocetia? Onko vikodiini vahvempi kuin hydrokodoni? Onko hydrokodoni ja vikodiini sama asia? Mit\u00e4 eroa on vikodiinin ja hydrokodonin, hydrokodonin ja vikodiinin, vikodiinihydrokodonin v\u00e4lill\u00e4, onko hydrokodoni sama kuin vikodiini, onko vikodiini sama kuin hydrokodoni, hydrokodoni tai vikodiini, vikodiini vs. hydrokodoni, onko hydrokodoni vikodiini?<\/p>\n","protected":false},"excerpt":{"rendered":"<div class=\"woocommerce-product-details__short-description\">\n<p>Jokainen Vicodin-tabletti sis\u00e4lt\u00e4\u00e4 300 mg asetaminofeenia ja kolmea erilaista Hydrocodone-annostasoa: 5 mg, 7,5 mg ja 10 mg.<\/p>\n<p>Verkossa apteekki, josta voit ostaa Vicodin hydrokodonitabletteja.<\/p>\n<p>Kerro l\u00e4\u00e4k\u00e4rillesi tai apteekkiin ennen t\u00e4m\u00e4n l\u00e4\u00e4kkeen ottamista, jos olet allerginen sille; tai mihin tahansa muuhun huumeeseen (kuten morfiiniin, kodeiiniin); tai muihin l\u00e4\u00e4kkeisiin.<\/p>\n<\/p><\/div>\n","protected":false},"featured_media":5335,"comment_status":"open","ping_status":"closed","template":"","meta":[],"product_brand":[],"product_cat":[1117],"product_tag":[1916,1917,1918,1919,1920,1921,1922,1923,1924,1927,1928,1930,1929,1931,1932,1933,1934,1935,1940,1941,1942,1937,1939,1936,1938,1951,1945,2012,2010,2008,2013,2009,2011,1946,1947,1948,1949,1943,1944,1950,1778,1955,1956,1961,1962,1963,1964,1966,1967,1969,1970,1975,1976,1977,1978,1983,1984,1985,1986,1988,1971,2000,1993,1989,1990,1995,1996,1997,1998,1991,2001,1787,2005,2006,2007,2002,1952,1987,1960,1959,1965,1972,1973,1974,1982,1994,2003,2004,1953,1981,1979,1980,1999,1954,1992,1968,1957,1958,1925,1926],"class_list":{"0":"post-5324","1":"product","2":"type-product","3":"status-publish","4":"has-post-thumbnail","6":"product_cat-osta-kipu-uni-ja-seksipillereita","7":"product_tag-1p466-vicodin","8":"product_tag-20-mg-vicodiinia","9":"product_tag-2172-pilleri-vicodin","10":"product_tag-5-325-vikodiini","11":"product_tag-5-mg-vicodin","12":"product_tag-buy-vicodin","13":"product_tag-buy-vicodin-from-canada","14":"product_tag-buy-vicodin-online","15":"product_tag-buy-vicodin-overnight-delivery","16":"product_tag-cwe-vicodin","17":"product_tag-darvocet-versus-vicodin","18":"product_tag-effects-of-vicodin","19":"product_tag-ero-norcon-ja-vikodiinin-vlill","20":"product_tag-erowid-vicodin","21":"product_tag-flexeril-and-vicodin","22":"product_tag-gabapentiini-ja-vikodiini","23":"product_tag-generic-name-for-vicodin","24":"product_tag-how-do-you-spell-vicodin","25":"product_tag-hydrocodone-vicodin","26":"product_tag-ip-109-pill-vicodin","27":"product_tag-is-hydrocodone-vicodin","28":"product_tag-kuinka-kauan-vicodin-pysyy-jrjestelmsssi","29":"product_tag-kuinka-kauan-vicodin-ty-kest","30":"product_tag-kuinka-kauan-vikodiini-kest","31":"product_tag-kuinka-kauan-vikodiini-pysyi-elimistsssi-lketesti-varten","32":"product_tag-kuvat-of-vicodin","33":"product_tag-luonnollinen-vikodiini","34":"product_tag-mik-on-vicodin","35":"product_tag-milt-vicodin-nytt","36":"product_tag-milt-vikodiini-pilleri-nytt","37":"product_tag-mit-eroa-vicodinilla-ja-percocetilla","38":"product_tag-mit-vicodin-tekee","39":"product_tag-mik-on-in-vicodin","40":"product_tag-norco-5-325-vs-vicodin","41":"product_tag-norko-vicodin","42":"product_tag-norco-vs-vicodin","43":"product_tag-oksikodoni-vs-vicodin","44":"product_tag-on-percocet-voimakkaampi-kuin-vicodin","45":"product_tag-on-vikodiini-opioidi","46":"product_tag-percocet-ja-vicodin","47":"product_tag-percocet-vs-vicodin","48":"product_tag-tramadol-hcl-50mg-vs-vicodin","49":"product_tag-tramadol-vs-vicodin","50":"product_tag-vicodin-30-mg","51":"product_tag-vicodin-5","52":"product_tag-vicodin-5-300","53":"product_tag-vicodin-5-300-mg","54":"product_tag-vikodiini-7-5","55":"product_tag-vikodiini-750","56":"product_tag-vicodin-alcohol","57":"product_tag-vicodin-alternatives","58":"product_tag-vicodin-dosage","59":"product_tag-vicodin-dosage-5-325","60":"product_tag-vicodin-dose","61":"product_tag-vicodin-doses","62":"product_tag-vicodin-for-migraines","63":"product_tag-vicodin-generic","64":"product_tag-vicodin-generic-name","65":"product_tag-vicodin-high","66":"product_tag-vicodin-hp","67":"product_tag-vicodin-and-advil","68":"product_tag-vikodiinien-kytt","69":"product_tag-vikodiini-kipulkkeet","70":"product_tag-vicodin-meksiko","71":"product_tag-vicodin-online","72":"product_tag-vicodin-pills","73":"product_tag-vicodin-schedule","74":"product_tag-vicodin-shelf-life","75":"product_tag-vicodin-side-effects","76":"product_tag-vicodin-online-yn-yli","77":"product_tag-vicodin-vs-norco","78":"product_tag-vicodin-vs-percocet","79":"product_tag-vicodin-vs-tylenol-3","80":"product_tag-vicodin-withdrawal","81":"product_tag-vicodin-xanax","82":"product_tag-vicodini-vs-oksikodonit","83":"product_tag-vikodiinin-sivuvaikutukset","84":"product_tag-vicodin-talo","85":"product_tag-vikodiini-10-mg","86":"product_tag-vikodiini-10-milligrammaa","87":"product_tag-vikodiini-5-325-mg","88":"product_tag-vikodiini-ja-alkoholi","89":"product_tag-vikodiini-ja-oksikontiini-ovat-esimerkkej","90":"product_tag-vicodin-and-xanax","91":"product_tag-vicodin-es","92":"product_tag-vikodiini-pilleri","93":"product_tag-vikodiini-vs-kodeiini","94":"product_tag-vikodiini-vs-tramadol","95":"product_tag-snorting-vicodin","96":"product_tag-vikodiini-efektit","97":"product_tag-vikodiini-lke","98":"product_tag-vikodiini-lkkeet","99":"product_tag-vikodiini-vahvuudet","100":"product_tag-vikodiinin-vieroitusoireet","101":"product_tag-vikodiinin-yliannostus","102":"product_tag-vikodiiniriippuvuus","103":"product_tag-viskodiini","104":"product_tag-vikodiini-10","105":"product_tag-voit-ottaa-advil-ja-vicodin","106":"product_tag-voitko-ottaa-vikodiini-ja-ibuprofeeni-yhdess","108":"first","109":"instock","110":"shipping-taxable","111":"purchasable","112":"product-type-variable","113":"has-default-attributes"},"yoast_head":"<!-- This site is optimized with the Yoast SEO plugin v27.3 - https:\/\/yoast.com\/product\/yoast-seo-wordpress\/ -->\n<title>Osta Vicodin-hydrokodonipillereit\u00e4 verkosta - Best Global Meds<\/title>\n<meta name=\"description\" content=\"Osta Vicodin hydrocodone -pillereit\u00e4 verkosta. Jokaisessa Vicodin-tabletissa on 300 mg asetaminofeenia ja kolmea erilaista Hydrokodone-annostustasoa: 5 mg, 7,5 mg ja 10 mg.\" \/>\n<meta name=\"robots\" content=\"index, follow, max-snippet:-1, max-image-preview:large, max-video-preview:-1\" \/>\n<link rel=\"canonical\" href=\"https:\/\/medicinasinc.com\/fi\/product\/osta-vicodin\/\" \/>\n<meta property=\"og:locale\" content=\"en_US\" \/>\n<meta property=\"og:type\" content=\"article\" \/>\n<meta property=\"og:title\" content=\"Osta Vicodin-hydrokodonipillereit\u00e4 verkosta - Best Global Meds\" \/>\n<meta property=\"og:description\" content=\"Osta Vicodin hydrocodone -pillereit\u00e4 verkosta. Jokaisessa Vicodin-tabletissa on 300 mg asetaminofeenia ja kolmea erilaista Hydrokodone-annostustasoa: 5 mg, 7,5 mg ja 10 mg.\" \/>\n<meta property=\"og:url\" content=\"https:\/\/medicinasinc.com\/fi\/product\/osta-vicodin\/\" \/>\n<meta property=\"og:site_name\" content=\"Medicinas Inc\" \/>\n<meta property=\"article:modified_time\" content=\"2022-03-22T01:01:17+00:00\" \/>\n<meta property=\"og:image\" content=\"https:\/\/medicinasinc.com\/fi\/wp-content\/uploads\/sites\/12\/2022\/02\/Buy-Vicodin.jpg\" \/>\n\t<meta property=\"og:image:width\" content=\"428\" \/>\n\t<meta property=\"og:image:height\" content=\"293\" \/>\n\t<meta property=\"og:image:type\" content=\"image\/jpeg\" \/>\n<meta name=\"twitter:card\" content=\"summary_large_image\" \/>\n<meta name=\"twitter:label1\" content=\"Est. reading time\" \/>\n\t<meta name=\"twitter:data1\" content=\"4 minutes\" \/>\n<script type=\"application\/ld+json\" class=\"yoast-schema-graph\">{\"@context\":\"https:\\\/\\\/schema.org\",\"@graph\":[{\"@type\":\"WebPage\",\"@id\":\"https:\\\/\\\/medicinasinc.com\\\/fi\\\/product\\\/osta-vicodin\\\/\",\"url\":\"https:\\\/\\\/medicinasinc.com\\\/fi\\\/product\\\/osta-vicodin\\\/\",\"name\":\"Osta Vicodin-hydrokodonipillereit\u00e4 verkosta - Best Global Meds\",\"isPartOf\":{\"@id\":\"https:\\\/\\\/medicinasinc.com\\\/fi\\\/#website\"},\"primaryImageOfPage\":{\"@id\":\"https:\\\/\\\/medicinasinc.com\\\/fi\\\/product\\\/osta-vicodin\\\/#primaryimage\"},\"image\":{\"@id\":\"https:\\\/\\\/medicinasinc.com\\\/fi\\\/product\\\/osta-vicodin\\\/#primaryimage\"},\"thumbnailUrl\":\"https:\\\/\\\/medicinasinc.com\\\/fi\\\/wp-content\\\/uploads\\\/sites\\\/12\\\/2022\\\/02\\\/Buy-Vicodin.jpg\",\"datePublished\":\"2022-02-21T20:59:08+00:00\",\"dateModified\":\"2022-03-22T01:01:17+00:00\",\"description\":\"Osta Vicodin hydrocodone -pillereit\u00e4 verkosta. Jokaisessa Vicodin-tabletissa on 300 mg asetaminofeenia ja kolmea erilaista Hydrokodone-annostustasoa: 5 mg, 7,5 mg ja 10 mg.\",\"breadcrumb\":{\"@id\":\"https:\\\/\\\/medicinasinc.com\\\/fi\\\/product\\\/osta-vicodin\\\/#breadcrumb\"},\"inLanguage\":\"en-US\",\"potentialAction\":[{\"@type\":\"ReadAction\",\"target\":[\"https:\\\/\\\/medicinasinc.com\\\/fi\\\/product\\\/osta-vicodin\\\/\"]}]},{\"@type\":\"ImageObject\",\"inLanguage\":\"en-US\",\"@id\":\"https:\\\/\\\/medicinasinc.com\\\/fi\\\/product\\\/osta-vicodin\\\/#primaryimage\",\"url\":\"https:\\\/\\\/medicinasinc.com\\\/fi\\\/wp-content\\\/uploads\\\/sites\\\/12\\\/2022\\\/02\\\/Buy-Vicodin.jpg\",\"contentUrl\":\"https:\\\/\\\/medicinasinc.com\\\/fi\\\/wp-content\\\/uploads\\\/sites\\\/12\\\/2022\\\/02\\\/Buy-Vicodin.jpg\",\"width\":428,\"height\":293},{\"@type\":\"BreadcrumbList\",\"@id\":\"https:\\\/\\\/medicinasinc.com\\\/fi\\\/product\\\/osta-vicodin\\\/#breadcrumb\",\"itemListElement\":[{\"@type\":\"ListItem\",\"position\":1,\"name\":\"Myym\u00e4l\u00e4\",\"item\":\"https:\\\/\\\/medicinasinc.com\\\/fi\\\/myymala\\\/\"},{\"@type\":\"ListItem\",\"position\":2,\"name\":\"Osta Vicodin\"}]},{\"@type\":\"WebSite\",\"@id\":\"https:\\\/\\\/medicinasinc.com\\\/fi\\\/#website\",\"url\":\"https:\\\/\\\/medicinasinc.com\\\/fi\\\/\",\"name\":\"Medicinas Inc\",\"description\":\"Health Medical Clinic\",\"potentialAction\":[{\"@type\":\"SearchAction\",\"target\":{\"@type\":\"EntryPoint\",\"urlTemplate\":\"https:\\\/\\\/medicinasinc.com\\\/fi\\\/?s={search_term_string}\"},\"query-input\":{\"@type\":\"PropertyValueSpecification\",\"valueRequired\":true,\"valueName\":\"search_term_string\"}}],\"inLanguage\":\"en-US\"}]}<\/script>\n<!-- \/ Yoast SEO plugin. -->","yoast_head_json":{"title":"Osta Vicodin-hydrokodonipillereit\u00e4 verkosta - Best Global Meds","description":"Osta Vicodin hydrocodone -pillereit\u00e4 verkosta. Jokaisessa Vicodin-tabletissa on 300 mg asetaminofeenia ja kolmea erilaista Hydrokodone-annostustasoa: 5 mg, 7,5 mg ja 10 mg.","robots":{"index":"index","follow":"follow","max-snippet":"max-snippet:-1","max-image-preview":"max-image-preview:large","max-video-preview":"max-video-preview:-1"},"canonical":"https:\/\/medicinasinc.com\/fi\/product\/osta-vicodin\/","og_locale":"en_US","og_type":"article","og_title":"Osta Vicodin-hydrokodonipillereit\u00e4 verkosta - Best Global Meds","og_description":"Osta Vicodin hydrocodone -pillereit\u00e4 verkosta. Jokaisessa Vicodin-tabletissa on 300 mg asetaminofeenia ja kolmea erilaista Hydrokodone-annostustasoa: 5 mg, 7,5 mg ja 10 mg.","og_url":"https:\/\/medicinasinc.com\/fi\/product\/osta-vicodin\/","og_site_name":"Medicinas Inc","article_modified_time":"2022-03-22T01:01:17+00:00","og_image":[{"width":428,"height":293,"url":"https:\/\/medicinasinc.com\/fi\/wp-content\/uploads\/sites\/12\/2022\/02\/Buy-Vicodin.jpg","type":"image\/jpeg"}],"twitter_card":"summary_large_image","twitter_misc":{"Est. reading time":"4 minutes"},"schema":{"@context":"https:\/\/schema.org","@graph":[{"@type":"WebPage","@id":"https:\/\/medicinasinc.com\/fi\/product\/osta-vicodin\/","url":"https:\/\/medicinasinc.com\/fi\/product\/osta-vicodin\/","name":"Osta Vicodin-hydrokodonipillereit\u00e4 verkosta - Best Global Meds","isPartOf":{"@id":"https:\/\/medicinasinc.com\/fi\/#website"},"primaryImageOfPage":{"@id":"https:\/\/medicinasinc.com\/fi\/product\/osta-vicodin\/#primaryimage"},"image":{"@id":"https:\/\/medicinasinc.com\/fi\/product\/osta-vicodin\/#primaryimage"},"thumbnailUrl":"https:\/\/medicinasinc.com\/fi\/wp-content\/uploads\/sites\/12\/2022\/02\/Buy-Vicodin.jpg","datePublished":"2022-02-21T20:59:08+00:00","dateModified":"2022-03-22T01:01:17+00:00","description":"Osta Vicodin hydrocodone -pillereit\u00e4 verkosta. Jokaisessa Vicodin-tabletissa on 300 mg asetaminofeenia ja kolmea erilaista Hydrokodone-annostustasoa: 5 mg, 7,5 mg ja 10 mg.","breadcrumb":{"@id":"https:\/\/medicinasinc.com\/fi\/product\/osta-vicodin\/#breadcrumb"},"inLanguage":"en-US","potentialAction":[{"@type":"ReadAction","target":["https:\/\/medicinasinc.com\/fi\/product\/osta-vicodin\/"]}]},{"@type":"ImageObject","inLanguage":"en-US","@id":"https:\/\/medicinasinc.com\/fi\/product\/osta-vicodin\/#primaryimage","url":"https:\/\/medicinasinc.com\/fi\/wp-content\/uploads\/sites\/12\/2022\/02\/Buy-Vicodin.jpg","contentUrl":"https:\/\/medicinasinc.com\/fi\/wp-content\/uploads\/sites\/12\/2022\/02\/Buy-Vicodin.jpg","width":428,"height":293},{"@type":"BreadcrumbList","@id":"https:\/\/medicinasinc.com\/fi\/product\/osta-vicodin\/#breadcrumb","itemListElement":[{"@type":"ListItem","position":1,"name":"Myym\u00e4l\u00e4","item":"https:\/\/medicinasinc.com\/fi\/myymala\/"},{"@type":"ListItem","position":2,"name":"Osta Vicodin"}]},{"@type":"WebSite","@id":"https:\/\/medicinasinc.com\/fi\/#website","url":"https:\/\/medicinasinc.com\/fi\/","name":"Medicinas Inc","description":"Health Medical Clinic","potentialAction":[{"@type":"SearchAction","target":{"@type":"EntryPoint","urlTemplate":"https:\/\/medicinasinc.com\/fi\/?s={search_term_string}"},"query-input":{"@type":"PropertyValueSpecification","valueRequired":true,"valueName":"search_term_string"}}],"inLanguage":"en-US"}]}},"_links":{"self":[{"href":"https:\/\/medicinasinc.com\/fi\/wp-json\/wp\/v2\/product\/5324","targetHints":{"allow":["GET"]}}],"collection":[{"href":"https:\/\/medicinasinc.com\/fi\/wp-json\/wp\/v2\/product"}],"about":[{"href":"https:\/\/medicinasinc.com\/fi\/wp-json\/wp\/v2\/types\/product"}],"replies":[{"embeddable":true,"href":"https:\/\/medicinasinc.com\/fi\/wp-json\/wp\/v2\/comments?post=5324"}],"wp:featuredmedia":[{"embeddable":true,"href":"https:\/\/medicinasinc.com\/fi\/wp-json\/wp\/v2\/media\/5335"}],"wp:attachment":[{"href":"https:\/\/medicinasinc.com\/fi\/wp-json\/wp\/v2\/media?parent=5324"}],"wp:term":[{"taxonomy":"product_brand","embeddable":true,"href":"https:\/\/medicinasinc.com\/fi\/wp-json\/wp\/v2\/product_brand?post=5324"},{"taxonomy":"product_cat","embeddable":true,"href":"https:\/\/medicinasinc.com\/fi\/wp-json\/wp\/v2\/product_cat?post=5324"},{"taxonomy":"product_tag","embeddable":true,"href":"https:\/\/medicinasinc.com\/fi\/wp-json\/wp\/v2\/product_tag?post=5324"}],"curies":[{"name":"wp","href":"https:\/\/api.w.org\/{rel}","templated":true}]}}