{"id":5323,"date":"2022-02-21T20:57:56","date_gmt":"2022-02-21T20:57:56","guid":{"rendered":"https:\/\/medicinasinc.com\/fi\/?post_type=product&#038;p=5323"},"modified":"2022-03-22T01:01:26","modified_gmt":"2022-03-22T01:01:26","slug":"osta-ultram-tramadoli-200-mg","status":"publish","type":"product","link":"https:\/\/medicinasinc.com\/fi\/product\/osta-ultram-tramadoli-200-mg\/","title":{"rendered":"Osta Ultram Tramadol 200 mg"},"content":{"rendered":"<p>200 mg tramadolia<\/p>\n<p>Tramadol on todella ainutlaatuinen lihasrelaksantti, jolla on liev\u00e4 mu-opioidivaikutus (muihin opioideihin verrattuna) ja liev\u00e4 monoaminerginen vaikutus (verrattuna trisyklisiin masennusl\u00e4\u00e4kkeisiin). Tramadolilla on siedett\u00e4v\u00e4 sivuvaikutusprofiili verrattuna trisyklisiin masennusl\u00e4\u00e4kkeisiin ja epilepsial\u00e4\u00e4kkeisiin.<\/p>\n<p>Toleranssi ja riippuvuus ovat harvinaisia \u200b\u200bl\u00e4\u00e4ketieteellisi\u00e4 seurauksia, vaikka niit\u00e4 onkin. Tramadolin aktiivisuus ei rajoitu neuropatiaan; se my\u00f6s v\u00e4hent\u00e4\u00e4 ep\u00e4miellytt\u00e4vi\u00e4 (nosiseptiivisia) tuntemuksia tehden siit\u00e4 yhden nelj\u00e4st\u00e4 kiputyypist\u00e4.<\/p>\n<p>Kuvaus:<\/p>\n<p>Tramadoli ei sovellu heikkohermoisille, koska se on voimakas psykoaktiivinen aine. aine. Analgeettinen vaikutus alkaa 15-30 minuutissa ja kest\u00e4\u00e4 6 tuntia. Sit\u00e4 voidaan k\u00e4ytt\u00e4\u00e4 my\u00f6s parasetamolin kanssa. Tramadol on rauhoittava l\u00e4\u00e4ke.<\/p>\n<p>Tramadoli, joka on eritt\u00e4in tehokas l\u00e4\u00e4ke, on otettava t\u00e4sm\u00e4lleen m\u00e4\u00e4r\u00e4yksen mukaan. L\u00e4\u00e4k\u00e4ri on viime k\u00e4dess\u00e4 vastuussa hoidon keston m\u00e4\u00e4ritt\u00e4misest\u00e4. Laittomien huumeiden k\u00e4yt\u00f6ll\u00e4 voi olla vakavia, jopa tappavia seurauksia. Tramadol-hoidon aikana sinun tulee v\u00e4ltt\u00e4\u00e4 autolla ajamista tai muita korkeaa keskittymiskyky\u00e4 vaativia teht\u00e4vi\u00e4.<\/p>\n<p>Koska tramadoli on opioidiagonisti, se voi aiheuttaa sek\u00e4 henkist\u00e4 ett\u00e4 fyysist\u00e4 riippuvuus. Kansainv\u00e4linen yleissopimus luokittelee t\u00e4m\u00e4n kemikaalin huumausaineeksi. T\u00e4st\u00e4 syyst\u00e4 se on saatavilla vain l\u00e4\u00e4k\u00e4rin m\u00e4\u00e4r\u00e4\u00e4m\u00e4ll\u00e4 reseptill\u00e4. Ei-opioidisia kipul\u00e4\u00e4kkeit\u00e4 m\u00e4\u00e4r\u00e4t\u00e4\u00e4n vain silloin, kun ei-opioidil\u00e4\u00e4kkeet ovat tehottomia.<\/p>\n<p>L\u00e4\u00e4kitys:<\/p>\n<p>Ota tramadoli suun kautta l\u00e4\u00e4k\u00e4risi m\u00e4\u00e4r\u00e4\u00e4m\u00e4ll\u00e4 tavalla, usein 4\u20136 tunnin v\u00e4lein tarpeen mukaan. Tramadol on turvallista ottaa ruuan kanssa tai ilman. Jos sinulla on pahoinvointia, ruoan kanssa otettu tramadoli voi auttaa. Muita pahoinvointia lievitt\u00e4vi\u00e4 toimenpiteit\u00e4 voidaan neuvotella l\u00e4\u00e4k\u00e4rin tai apteekkihenkil\u00f6kunnan kanssa (kuten makuulla 1-2 tuntia mahdollisimman v\u00e4h\u00e4n p\u00e4\u00e4t\u00e4 liikuttamalla). Verkkosivustomme avulla voit ostaa 200 mg tramadolia verkosta.<\/p>\n<p>Annos perustuu terveydentilaasi ja hoitoreaktioosi. Ei-toivottujen vaikutusten riskin minimoimiseksi l\u00e4\u00e4k\u00e4risi saattaa ehdottaa, ett\u00e4 aloitat pienell\u00e4 tramadoliannoksella ja lis\u00e4\u00e4t sit\u00e4 asteittain. Noudata l\u00e4\u00e4k\u00e4risi neuvoja. Suurin suositeltu vuorokausiannos on 400 mg. Suositeltu enimm\u00e4isannos yli 75-vuotiaille on 300 mg p\u00e4iv\u00e4ss\u00e4. \u00c4l\u00e4 lis\u00e4\u00e4 tramadoliannostasi, k\u00e4yt\u00e4 sit\u00e4 useammin tai pidemp\u00e4\u00e4n kuin on m\u00e4\u00e4r\u00e4tty. Kun tramadolia m\u00e4\u00e4r\u00e4t\u00e4\u00e4n, se tulee lopettaa v\u00e4litt\u00f6m\u00e4sti.<\/p>\n<p>On suositeltavaa, ett\u00e4 halpaa tramadolia verkossa k\u00e4ytet\u00e4\u00e4n eritt\u00e4in varovasti<\/p>\n<p>Opioidiriippuvaisilla henkil\u00f6ill\u00e4; henkil\u00f6t, jotka ovat saaneet tuntemattomasta syyst\u00e4 aivovamman, shokin tai heikentyneen tajunnan; ja<\/p>\n<p>Lis\u00e4ksi hengityskeskuksen tai hengitystoiminnan h\u00e4iri\u00f6t,<\/p>\n<p>vastaava kallonsis\u00e4isen paineen (ICP) nousu.<br \/> munuais- ja maksaj\u00e4rjestelm\u00e4n toimintah\u00e4iri\u00f6<\/p>\n<p>Tramadolihydrokloridia tulee ottaa varoen henkil\u00f6ill\u00e4, jotka ovat herkki\u00e4 opiaattien suhteen.<\/p>\n","protected":false},"excerpt":{"rendered":"<p>Verkkoapteekki ostaa Ultram Tramadol 200 mg -tabletteja<\/p>\n<p>Tramadol Ultram -ostos verkosta.<\/p>\n<p>Tilaa Tramadol Cod Overnight. Halpa Tramadol-toimitus y\u00f6n yli<\/p>\n<p>Katso, mist\u00e4 voit tilata Tramadolia verkosta ilman resepti\u00e4 halvimmalla hinnalla. &#8230; Tabletit ovat saatavilla seuraavina vahvuuksina: 50 mg, 100 mg, 150 mg ja 200 mg.<\/p>\n<div class=\"product-next-previous\">\n<div class=\"product-prev\"><\/div>\n<\/p><\/div>\n","protected":false},"featured_media":5333,"comment_status":"open","ping_status":"closed","template":"","meta":[],"product_brand":[],"product_cat":[1117],"product_tag":[1906,1907,1908,1911,1905,1904,1912,1913,1915,1914,1909,1910],"class_list":{"0":"post-5323","1":"product","2":"type-product","3":"status-publish","4":"has-post-thumbnail","6":"product_cat-osta-kipu-uni-ja-seksipillereita","7":"product_tag-buy-tramadol-online-overnight","8":"product_tag-halpa-tramadoli-ilman-resepti","9":"product_tag-halpa-ultra-ilman-resepti","10":"product_tag-tramadoli-hcl-50-mg-kytetty","11":"product_tag-osta-tramadoli-verkosta-halpa","12":"product_tag-osta-tramadol-in-florida","13":"product_tag-tramadolihydrokloridi-parasetamoli","14":"product_tag-tramadoli-sivuvaikutukset-koirat","15":"product_tag-ultram-er-200","16":"product_tag-ultram-lkkeiden-vuorovaikutukset","17":"product_tag-yleinen-ultram-er","18":"product_tag-yn-yli-tramadoli","20":"first","21":"instock","22":"shipping-taxable","23":"purchasable","24":"product-type-variable","25":"has-default-attributes"},"yoast_head":"<!-- This site is optimized with the Yoast SEO plugin v27.3 - https:\/\/yoast.com\/product\/yoast-seo-wordpress\/ -->\n<title>Osta Ultram Tramadol 200 mg -pillereit\u00e4 verkosta - Best Global Meds<\/title>\n<meta name=\"description\" content=\"Osta Tramadol Ultram 200 mg\u00a0verkosta. Tilaa Tramadol\u00a0Overnight Cod. Lis\u00e4tiedot: Edullinen Tramadol-verkkotoimitus y\u00f6n yli\" \/>\n<meta name=\"robots\" content=\"index, follow, max-snippet:-1, max-image-preview:large, max-video-preview:-1\" \/>\n<link rel=\"canonical\" href=\"https:\/\/medicinasinc.com\/fi\/product\/osta-ultram-tramadoli-200-mg\/\" \/>\n<meta property=\"og:locale\" content=\"en_US\" \/>\n<meta property=\"og:type\" content=\"article\" \/>\n<meta property=\"og:title\" content=\"Osta Ultram Tramadol 200 mg -pillereit\u00e4 verkosta - Best Global Meds\" \/>\n<meta property=\"og:description\" content=\"Osta Tramadol Ultram 200 mg\u00a0verkosta. Tilaa Tramadol\u00a0Overnight Cod. Lis\u00e4tiedot: Edullinen Tramadol-verkkotoimitus y\u00f6n yli\" \/>\n<meta property=\"og:url\" content=\"https:\/\/medicinasinc.com\/fi\/product\/osta-ultram-tramadoli-200-mg\/\" \/>\n<meta property=\"og:site_name\" content=\"Medicinas Inc\" \/>\n<meta property=\"article:modified_time\" content=\"2022-03-22T01:01:26+00:00\" \/>\n<meta property=\"og:image\" content=\"https:\/\/medicinasinc.com\/fi\/wp-content\/uploads\/sites\/12\/2022\/02\/Buy-Ultram-Tramadol-200mg.jpg\" \/>\n\t<meta property=\"og:image:width\" content=\"300\" \/>\n\t<meta property=\"og:image:height\" content=\"225\" \/>\n\t<meta property=\"og:image:type\" content=\"image\/jpeg\" \/>\n<meta name=\"twitter:card\" content=\"summary_large_image\" \/>\n<meta name=\"twitter:label1\" content=\"Est. reading time\" \/>\n\t<meta name=\"twitter:data1\" content=\"2 minutes\" \/>\n<script type=\"application\/ld+json\" class=\"yoast-schema-graph\">{\"@context\":\"https:\\\/\\\/schema.org\",\"@graph\":[{\"@type\":\"WebPage\",\"@id\":\"https:\\\/\\\/medicinasinc.com\\\/fi\\\/product\\\/osta-ultram-tramadoli-200-mg\\\/\",\"url\":\"https:\\\/\\\/medicinasinc.com\\\/fi\\\/product\\\/osta-ultram-tramadoli-200-mg\\\/\",\"name\":\"Osta Ultram Tramadol 200 mg -pillereit\u00e4 verkosta - Best Global Meds\",\"isPartOf\":{\"@id\":\"https:\\\/\\\/medicinasinc.com\\\/fi\\\/#website\"},\"primaryImageOfPage\":{\"@id\":\"https:\\\/\\\/medicinasinc.com\\\/fi\\\/product\\\/osta-ultram-tramadoli-200-mg\\\/#primaryimage\"},\"image\":{\"@id\":\"https:\\\/\\\/medicinasinc.com\\\/fi\\\/product\\\/osta-ultram-tramadoli-200-mg\\\/#primaryimage\"},\"thumbnailUrl\":\"https:\\\/\\\/medicinasinc.com\\\/fi\\\/wp-content\\\/uploads\\\/sites\\\/12\\\/2022\\\/02\\\/Buy-Ultram-Tramadol-200mg.jpg\",\"datePublished\":\"2022-02-21T20:57:56+00:00\",\"dateModified\":\"2022-03-22T01:01:26+00:00\",\"description\":\"Osta Tramadol Ultram 200 mg\u00a0verkosta. Tilaa Tramadol\u00a0Overnight Cod. Lis\u00e4tiedot: Edullinen Tramadol-verkkotoimitus y\u00f6n yli\",\"breadcrumb\":{\"@id\":\"https:\\\/\\\/medicinasinc.com\\\/fi\\\/product\\\/osta-ultram-tramadoli-200-mg\\\/#breadcrumb\"},\"inLanguage\":\"en-US\",\"potentialAction\":[{\"@type\":\"ReadAction\",\"target\":[\"https:\\\/\\\/medicinasinc.com\\\/fi\\\/product\\\/osta-ultram-tramadoli-200-mg\\\/\"]}]},{\"@type\":\"ImageObject\",\"inLanguage\":\"en-US\",\"@id\":\"https:\\\/\\\/medicinasinc.com\\\/fi\\\/product\\\/osta-ultram-tramadoli-200-mg\\\/#primaryimage\",\"url\":\"https:\\\/\\\/medicinasinc.com\\\/fi\\\/wp-content\\\/uploads\\\/sites\\\/12\\\/2022\\\/02\\\/Buy-Ultram-Tramadol-200mg.jpg\",\"contentUrl\":\"https:\\\/\\\/medicinasinc.com\\\/fi\\\/wp-content\\\/uploads\\\/sites\\\/12\\\/2022\\\/02\\\/Buy-Ultram-Tramadol-200mg.jpg\",\"width\":300,\"height\":225},{\"@type\":\"BreadcrumbList\",\"@id\":\"https:\\\/\\\/medicinasinc.com\\\/fi\\\/product\\\/osta-ultram-tramadoli-200-mg\\\/#breadcrumb\",\"itemListElement\":[{\"@type\":\"ListItem\",\"position\":1,\"name\":\"Myym\u00e4l\u00e4\",\"item\":\"https:\\\/\\\/medicinasinc.com\\\/fi\\\/myymala\\\/\"},{\"@type\":\"ListItem\",\"position\":2,\"name\":\"Osta Ultram Tramadol 200 mg\"}]},{\"@type\":\"WebSite\",\"@id\":\"https:\\\/\\\/medicinasinc.com\\\/fi\\\/#website\",\"url\":\"https:\\\/\\\/medicinasinc.com\\\/fi\\\/\",\"name\":\"Medicinas Inc\",\"description\":\"Health Medical Clinic\",\"potentialAction\":[{\"@type\":\"SearchAction\",\"target\":{\"@type\":\"EntryPoint\",\"urlTemplate\":\"https:\\\/\\\/medicinasinc.com\\\/fi\\\/?s={search_term_string}\"},\"query-input\":{\"@type\":\"PropertyValueSpecification\",\"valueRequired\":true,\"valueName\":\"search_term_string\"}}],\"inLanguage\":\"en-US\"}]}<\/script>\n<!-- \/ Yoast SEO plugin. -->","yoast_head_json":{"title":"Osta Ultram Tramadol 200 mg -pillereit\u00e4 verkosta - Best Global Meds","description":"Osta Tramadol Ultram 200 mg\u00a0verkosta. Tilaa Tramadol\u00a0Overnight Cod. Lis\u00e4tiedot: Edullinen Tramadol-verkkotoimitus y\u00f6n yli","robots":{"index":"index","follow":"follow","max-snippet":"max-snippet:-1","max-image-preview":"max-image-preview:large","max-video-preview":"max-video-preview:-1"},"canonical":"https:\/\/medicinasinc.com\/fi\/product\/osta-ultram-tramadoli-200-mg\/","og_locale":"en_US","og_type":"article","og_title":"Osta Ultram Tramadol 200 mg -pillereit\u00e4 verkosta - Best Global Meds","og_description":"Osta Tramadol Ultram 200 mg\u00a0verkosta. Tilaa Tramadol\u00a0Overnight Cod. Lis\u00e4tiedot: Edullinen Tramadol-verkkotoimitus y\u00f6n yli","og_url":"https:\/\/medicinasinc.com\/fi\/product\/osta-ultram-tramadoli-200-mg\/","og_site_name":"Medicinas Inc","article_modified_time":"2022-03-22T01:01:26+00:00","og_image":[{"width":300,"height":225,"url":"https:\/\/medicinasinc.com\/fi\/wp-content\/uploads\/sites\/12\/2022\/02\/Buy-Ultram-Tramadol-200mg.jpg","type":"image\/jpeg"}],"twitter_card":"summary_large_image","twitter_misc":{"Est. reading time":"2 minutes"},"schema":{"@context":"https:\/\/schema.org","@graph":[{"@type":"WebPage","@id":"https:\/\/medicinasinc.com\/fi\/product\/osta-ultram-tramadoli-200-mg\/","url":"https:\/\/medicinasinc.com\/fi\/product\/osta-ultram-tramadoli-200-mg\/","name":"Osta Ultram Tramadol 200 mg -pillereit\u00e4 verkosta - Best Global Meds","isPartOf":{"@id":"https:\/\/medicinasinc.com\/fi\/#website"},"primaryImageOfPage":{"@id":"https:\/\/medicinasinc.com\/fi\/product\/osta-ultram-tramadoli-200-mg\/#primaryimage"},"image":{"@id":"https:\/\/medicinasinc.com\/fi\/product\/osta-ultram-tramadoli-200-mg\/#primaryimage"},"thumbnailUrl":"https:\/\/medicinasinc.com\/fi\/wp-content\/uploads\/sites\/12\/2022\/02\/Buy-Ultram-Tramadol-200mg.jpg","datePublished":"2022-02-21T20:57:56+00:00","dateModified":"2022-03-22T01:01:26+00:00","description":"Osta Tramadol Ultram 200 mg\u00a0verkosta. Tilaa Tramadol\u00a0Overnight Cod. Lis\u00e4tiedot: Edullinen Tramadol-verkkotoimitus y\u00f6n yli","breadcrumb":{"@id":"https:\/\/medicinasinc.com\/fi\/product\/osta-ultram-tramadoli-200-mg\/#breadcrumb"},"inLanguage":"en-US","potentialAction":[{"@type":"ReadAction","target":["https:\/\/medicinasinc.com\/fi\/product\/osta-ultram-tramadoli-200-mg\/"]}]},{"@type":"ImageObject","inLanguage":"en-US","@id":"https:\/\/medicinasinc.com\/fi\/product\/osta-ultram-tramadoli-200-mg\/#primaryimage","url":"https:\/\/medicinasinc.com\/fi\/wp-content\/uploads\/sites\/12\/2022\/02\/Buy-Ultram-Tramadol-200mg.jpg","contentUrl":"https:\/\/medicinasinc.com\/fi\/wp-content\/uploads\/sites\/12\/2022\/02\/Buy-Ultram-Tramadol-200mg.jpg","width":300,"height":225},{"@type":"BreadcrumbList","@id":"https:\/\/medicinasinc.com\/fi\/product\/osta-ultram-tramadoli-200-mg\/#breadcrumb","itemListElement":[{"@type":"ListItem","position":1,"name":"Myym\u00e4l\u00e4","item":"https:\/\/medicinasinc.com\/fi\/myymala\/"},{"@type":"ListItem","position":2,"name":"Osta Ultram Tramadol 200 mg"}]},{"@type":"WebSite","@id":"https:\/\/medicinasinc.com\/fi\/#website","url":"https:\/\/medicinasinc.com\/fi\/","name":"Medicinas Inc","description":"Health Medical Clinic","potentialAction":[{"@type":"SearchAction","target":{"@type":"EntryPoint","urlTemplate":"https:\/\/medicinasinc.com\/fi\/?s={search_term_string}"},"query-input":{"@type":"PropertyValueSpecification","valueRequired":true,"valueName":"search_term_string"}}],"inLanguage":"en-US"}]}},"_links":{"self":[{"href":"https:\/\/medicinasinc.com\/fi\/wp-json\/wp\/v2\/product\/5323","targetHints":{"allow":["GET"]}}],"collection":[{"href":"https:\/\/medicinasinc.com\/fi\/wp-json\/wp\/v2\/product"}],"about":[{"href":"https:\/\/medicinasinc.com\/fi\/wp-json\/wp\/v2\/types\/product"}],"replies":[{"embeddable":true,"href":"https:\/\/medicinasinc.com\/fi\/wp-json\/wp\/v2\/comments?post=5323"}],"wp:featuredmedia":[{"embeddable":true,"href":"https:\/\/medicinasinc.com\/fi\/wp-json\/wp\/v2\/media\/5333"}],"wp:attachment":[{"href":"https:\/\/medicinasinc.com\/fi\/wp-json\/wp\/v2\/media?parent=5323"}],"wp:term":[{"taxonomy":"product_brand","embeddable":true,"href":"https:\/\/medicinasinc.com\/fi\/wp-json\/wp\/v2\/product_brand?post=5323"},{"taxonomy":"product_cat","embeddable":true,"href":"https:\/\/medicinasinc.com\/fi\/wp-json\/wp\/v2\/product_cat?post=5323"},{"taxonomy":"product_tag","embeddable":true,"href":"https:\/\/medicinasinc.com\/fi\/wp-json\/wp\/v2\/product_tag?post=5323"}],"curies":[{"name":"wp","href":"https:\/\/api.w.org\/{rel}","templated":true}]}}