{"id":5322,"date":"2022-02-21T20:57:13","date_gmt":"2022-02-21T20:57:13","guid":{"rendered":"https:\/\/medicinasinc.com\/fi\/?post_type=product&#038;p=5322"},"modified":"2022-03-22T01:01:38","modified_gmt":"2022-03-22T01:01:38","slug":"tramadoli-100-mg","status":"publish","type":"product","link":"https:\/\/medicinasinc.com\/fi\/product\/tramadoli-100-mg\/","title":{"rendered":"Tramadoli 100 mg"},"content":{"rendered":"<p>Tramadol 100 mg vaikeaan kipuun<\/p>\n<p>Tietyt vammat vaativat vuosia parantuakseen, jonka aikana uhrin on kestett\u00e4v\u00e4 ep\u00e4mukavuutta. Vamman aiheuttama kipu voi vaihdella liev\u00e4st\u00e4 vakavaan haavan syvyyden ja koon mukaan. Ammuntakipu voi kuitenkin toisinaan h\u00e4irit\u00e4 henkil\u00f6n s\u00e4\u00e4nn\u00f6llist\u00e4 rutiinia. T\u00e4llaisissa tapauksissa ihmisten on keksitt\u00e4v\u00e4 selviytymiskeino. He voivat saavuttaa aiotun selviytymisen lievitt\u00e4m\u00e4ll\u00e4 osaa kivusta. He voivat ostaa 100 mg tramadolia verkosta useista eri l\u00e4hteist\u00e4 saadakseen v\u00e4lit\u00f6nt\u00e4 kivunlievityst\u00e4.<\/p>\n<p>Tramadol 100 mg on tehokasta<\/p>\n<p>Osta Tramadol 100 mg verkosta helpottaaksesi kipua ja antaaksesi heille mahdollisuuden jatkaa heid\u00e4n rutiiniaan. Tramadol toimii kuitenkin eri tavalla kuin muut l\u00e4\u00e4kkeet. Tabletin ensisijainen teht\u00e4v\u00e4 on lievitt\u00e4\u00e4 kipua, ei parantaa vammaa. Tabletit vaikuttavat aivojen kipuhermoihin. Se turruttaa suonet ja est\u00e4\u00e4 niit\u00e4 kokemasta kipua. T\u00e4m\u00e4n seurauksena tunnottomuus auttaa heit\u00e4 selviytym\u00e4\u00e4n p\u00e4iv\u00e4st\u00e4 h\u00e4iritsem\u00e4tt\u00e4 heid\u00e4n normaalia rutiinia.<\/p>\n<p>Vakavat haittavaikutukset<\/p>\n<p>Aivoissa esiintyy kipua, ja tabletit muuttavat tapaa aivojen toimintaa, mik\u00e4 johtaa erilaisiin vaikeuksiin. Vakavia sivuvaikutuksia ovat aivojen puutuminen, ohimenev\u00e4 muistin menetys ja muut t\u00e4m\u00e4ntyyppiset h\u00e4iri\u00f6t. Huimaus ja muut vaikeudet ovat yleisi\u00e4. T\u00e4m\u00e4n seurauksena yksitt\u00e4isen tabletin annosta on s\u00e4\u00e4dett\u00e4v\u00e4 vakavien haittavaikutusten v\u00e4ltt\u00e4miseksi.<\/p>\n<p>Tabletin suositeltu p\u00e4iv\u00e4annos on 50-300 mg, ja sit\u00e4 tulee k\u00e4ytt\u00e4\u00e4 vain kerran p\u00e4iv\u00e4ss\u00e4. Saatat saada tramadolia verkossa useilta verkkosivustoilta, mutta nielemisen tulee perustua l\u00e4\u00e4k\u00e4rin suositukseen. L\u00e4\u00e4k\u00e4rin neuvot ovat eritt\u00e4in t\u00e4rkeit\u00e4 haitallisten seurausten ehk\u00e4isemisess\u00e4.<\/p>\n","protected":false},"excerpt":{"rendered":"<div class=\"woocommerce-product-details__short-description\">\n<p>Tramadol SR 100 mg -pillereit\u00e4 voi ostaa verkosta. Osta Tramadol Online Tramal SR 100mg ilman resepti\u00e4 hintaan, joka on 80 % halvempi kuin mit\u00e4 maksaisit yhdysvaltalaisessa apteekissa.<\/p>\n<\/p><\/div>\n","protected":false},"featured_media":5331,"comment_status":"open","ping_status":"closed","template":"","meta":[],"product_brand":[],"product_cat":[1117],"product_tag":[],"class_list":{"0":"post-5322","1":"product","2":"type-product","3":"status-publish","4":"has-post-thumbnail","6":"product_cat-osta-kipu-uni-ja-seksipillereita","8":"first","9":"instock","10":"shipping-taxable","11":"purchasable","12":"product-type-variable","13":"has-default-attributes"},"yoast_head":"<!-- This site is optimized with the Yoast SEO plugin v27.3 - https:\/\/yoast.com\/product\/yoast-seo-wordpress\/ -->\n<title>Osta Tramal SR 100mg -pillereit\u00e4 verkosta \u2013 parhaat maailmanlaajuiset l\u00e4\u00e4kkeet<\/title>\n<meta name=\"description\" content=\"Osta Tramal SR 100mg -pillereit\u00e4 verkosta. Osta Tramadol Online Tramal SR 100mg ilman resepti\u00e4 80 % halvemmalla kuin Yhdysvaltojen apteekeista.\" \/>\n<meta name=\"robots\" content=\"index, follow, max-snippet:-1, max-image-preview:large, max-video-preview:-1\" \/>\n<link rel=\"canonical\" href=\"https:\/\/medicinasinc.com\/fi\/product\/tramadoli-100-mg\/\" \/>\n<meta property=\"og:locale\" content=\"en_US\" \/>\n<meta property=\"og:type\" content=\"article\" \/>\n<meta property=\"og:title\" content=\"Osta Tramal SR 100mg -pillereit\u00e4 verkosta \u2013 parhaat maailmanlaajuiset l\u00e4\u00e4kkeet\" \/>\n<meta property=\"og:description\" content=\"Osta Tramal SR 100mg -pillereit\u00e4 verkosta. Osta Tramadol Online Tramal SR 100mg ilman resepti\u00e4 80 % halvemmalla kuin Yhdysvaltojen apteekeista.\" \/>\n<meta property=\"og:url\" content=\"https:\/\/medicinasinc.com\/fi\/product\/tramadoli-100-mg\/\" \/>\n<meta property=\"og:site_name\" content=\"Medicinas Inc\" \/>\n<meta property=\"article:modified_time\" content=\"2022-03-22T01:01:38+00:00\" \/>\n<meta property=\"og:image\" content=\"https:\/\/medicinasinc.com\/fi\/wp-content\/uploads\/sites\/12\/2022\/02\/Tramadol-100mg-1.jpg\" \/>\n\t<meta property=\"og:image:width\" content=\"600\" \/>\n\t<meta property=\"og:image:height\" content=\"358\" \/>\n\t<meta property=\"og:image:type\" content=\"image\/jpeg\" \/>\n<meta name=\"twitter:card\" content=\"summary_large_image\" \/>\n<meta name=\"twitter:label1\" content=\"Est. reading time\" \/>\n\t<meta name=\"twitter:data1\" content=\"2 minutes\" \/>\n<script type=\"application\/ld+json\" class=\"yoast-schema-graph\">{\"@context\":\"https:\\\/\\\/schema.org\",\"@graph\":[{\"@type\":\"WebPage\",\"@id\":\"https:\\\/\\\/medicinasinc.com\\\/fi\\\/product\\\/tramadoli-100-mg\\\/\",\"url\":\"https:\\\/\\\/medicinasinc.com\\\/fi\\\/product\\\/tramadoli-100-mg\\\/\",\"name\":\"Osta Tramal SR 100mg -pillereit\u00e4 verkosta \u2013 parhaat maailmanlaajuiset l\u00e4\u00e4kkeet\",\"isPartOf\":{\"@id\":\"https:\\\/\\\/medicinasinc.com\\\/fi\\\/#website\"},\"primaryImageOfPage\":{\"@id\":\"https:\\\/\\\/medicinasinc.com\\\/fi\\\/product\\\/tramadoli-100-mg\\\/#primaryimage\"},\"image\":{\"@id\":\"https:\\\/\\\/medicinasinc.com\\\/fi\\\/product\\\/tramadoli-100-mg\\\/#primaryimage\"},\"thumbnailUrl\":\"https:\\\/\\\/medicinasinc.com\\\/fi\\\/wp-content\\\/uploads\\\/sites\\\/12\\\/2022\\\/02\\\/Tramadol-100mg-1.jpg\",\"datePublished\":\"2022-02-21T20:57:13+00:00\",\"dateModified\":\"2022-03-22T01:01:38+00:00\",\"description\":\"Osta Tramal SR 100mg -pillereit\u00e4 verkosta. Osta Tramadol Online Tramal SR 100mg ilman resepti\u00e4 80 % halvemmalla kuin Yhdysvaltojen apteekeista.\",\"breadcrumb\":{\"@id\":\"https:\\\/\\\/medicinasinc.com\\\/fi\\\/product\\\/tramadoli-100-mg\\\/#breadcrumb\"},\"inLanguage\":\"en-US\",\"potentialAction\":[{\"@type\":\"ReadAction\",\"target\":[\"https:\\\/\\\/medicinasinc.com\\\/fi\\\/product\\\/tramadoli-100-mg\\\/\"]}]},{\"@type\":\"ImageObject\",\"inLanguage\":\"en-US\",\"@id\":\"https:\\\/\\\/medicinasinc.com\\\/fi\\\/product\\\/tramadoli-100-mg\\\/#primaryimage\",\"url\":\"https:\\\/\\\/medicinasinc.com\\\/fi\\\/wp-content\\\/uploads\\\/sites\\\/12\\\/2022\\\/02\\\/Tramadol-100mg-1.jpg\",\"contentUrl\":\"https:\\\/\\\/medicinasinc.com\\\/fi\\\/wp-content\\\/uploads\\\/sites\\\/12\\\/2022\\\/02\\\/Tramadol-100mg-1.jpg\",\"width\":600,\"height\":358},{\"@type\":\"BreadcrumbList\",\"@id\":\"https:\\\/\\\/medicinasinc.com\\\/fi\\\/product\\\/tramadoli-100-mg\\\/#breadcrumb\",\"itemListElement\":[{\"@type\":\"ListItem\",\"position\":1,\"name\":\"Myym\u00e4l\u00e4\",\"item\":\"https:\\\/\\\/medicinasinc.com\\\/fi\\\/myymala\\\/\"},{\"@type\":\"ListItem\",\"position\":2,\"name\":\"Tramadoli 100 mg\"}]},{\"@type\":\"WebSite\",\"@id\":\"https:\\\/\\\/medicinasinc.com\\\/fi\\\/#website\",\"url\":\"https:\\\/\\\/medicinasinc.com\\\/fi\\\/\",\"name\":\"Medicinas Inc\",\"description\":\"Health Medical Clinic\",\"potentialAction\":[{\"@type\":\"SearchAction\",\"target\":{\"@type\":\"EntryPoint\",\"urlTemplate\":\"https:\\\/\\\/medicinasinc.com\\\/fi\\\/?s={search_term_string}\"},\"query-input\":{\"@type\":\"PropertyValueSpecification\",\"valueRequired\":true,\"valueName\":\"search_term_string\"}}],\"inLanguage\":\"en-US\"}]}<\/script>\n<!-- \/ Yoast SEO plugin. -->","yoast_head_json":{"title":"Osta Tramal SR 100mg -pillereit\u00e4 verkosta \u2013 parhaat maailmanlaajuiset l\u00e4\u00e4kkeet","description":"Osta Tramal SR 100mg -pillereit\u00e4 verkosta. Osta Tramadol Online Tramal SR 100mg ilman resepti\u00e4 80 % halvemmalla kuin Yhdysvaltojen apteekeista.","robots":{"index":"index","follow":"follow","max-snippet":"max-snippet:-1","max-image-preview":"max-image-preview:large","max-video-preview":"max-video-preview:-1"},"canonical":"https:\/\/medicinasinc.com\/fi\/product\/tramadoli-100-mg\/","og_locale":"en_US","og_type":"article","og_title":"Osta Tramal SR 100mg -pillereit\u00e4 verkosta \u2013 parhaat maailmanlaajuiset l\u00e4\u00e4kkeet","og_description":"Osta Tramal SR 100mg -pillereit\u00e4 verkosta. Osta Tramadol Online Tramal SR 100mg ilman resepti\u00e4 80 % halvemmalla kuin Yhdysvaltojen apteekeista.","og_url":"https:\/\/medicinasinc.com\/fi\/product\/tramadoli-100-mg\/","og_site_name":"Medicinas Inc","article_modified_time":"2022-03-22T01:01:38+00:00","og_image":[{"width":600,"height":358,"url":"https:\/\/medicinasinc.com\/fi\/wp-content\/uploads\/sites\/12\/2022\/02\/Tramadol-100mg-1.jpg","type":"image\/jpeg"}],"twitter_card":"summary_large_image","twitter_misc":{"Est. reading time":"2 minutes"},"schema":{"@context":"https:\/\/schema.org","@graph":[{"@type":"WebPage","@id":"https:\/\/medicinasinc.com\/fi\/product\/tramadoli-100-mg\/","url":"https:\/\/medicinasinc.com\/fi\/product\/tramadoli-100-mg\/","name":"Osta Tramal SR 100mg -pillereit\u00e4 verkosta \u2013 parhaat maailmanlaajuiset l\u00e4\u00e4kkeet","isPartOf":{"@id":"https:\/\/medicinasinc.com\/fi\/#website"},"primaryImageOfPage":{"@id":"https:\/\/medicinasinc.com\/fi\/product\/tramadoli-100-mg\/#primaryimage"},"image":{"@id":"https:\/\/medicinasinc.com\/fi\/product\/tramadoli-100-mg\/#primaryimage"},"thumbnailUrl":"https:\/\/medicinasinc.com\/fi\/wp-content\/uploads\/sites\/12\/2022\/02\/Tramadol-100mg-1.jpg","datePublished":"2022-02-21T20:57:13+00:00","dateModified":"2022-03-22T01:01:38+00:00","description":"Osta Tramal SR 100mg -pillereit\u00e4 verkosta. Osta Tramadol Online Tramal SR 100mg ilman resepti\u00e4 80 % halvemmalla kuin Yhdysvaltojen apteekeista.","breadcrumb":{"@id":"https:\/\/medicinasinc.com\/fi\/product\/tramadoli-100-mg\/#breadcrumb"},"inLanguage":"en-US","potentialAction":[{"@type":"ReadAction","target":["https:\/\/medicinasinc.com\/fi\/product\/tramadoli-100-mg\/"]}]},{"@type":"ImageObject","inLanguage":"en-US","@id":"https:\/\/medicinasinc.com\/fi\/product\/tramadoli-100-mg\/#primaryimage","url":"https:\/\/medicinasinc.com\/fi\/wp-content\/uploads\/sites\/12\/2022\/02\/Tramadol-100mg-1.jpg","contentUrl":"https:\/\/medicinasinc.com\/fi\/wp-content\/uploads\/sites\/12\/2022\/02\/Tramadol-100mg-1.jpg","width":600,"height":358},{"@type":"BreadcrumbList","@id":"https:\/\/medicinasinc.com\/fi\/product\/tramadoli-100-mg\/#breadcrumb","itemListElement":[{"@type":"ListItem","position":1,"name":"Myym\u00e4l\u00e4","item":"https:\/\/medicinasinc.com\/fi\/myymala\/"},{"@type":"ListItem","position":2,"name":"Tramadoli 100 mg"}]},{"@type":"WebSite","@id":"https:\/\/medicinasinc.com\/fi\/#website","url":"https:\/\/medicinasinc.com\/fi\/","name":"Medicinas Inc","description":"Health Medical Clinic","potentialAction":[{"@type":"SearchAction","target":{"@type":"EntryPoint","urlTemplate":"https:\/\/medicinasinc.com\/fi\/?s={search_term_string}"},"query-input":{"@type":"PropertyValueSpecification","valueRequired":true,"valueName":"search_term_string"}}],"inLanguage":"en-US"}]}},"_links":{"self":[{"href":"https:\/\/medicinasinc.com\/fi\/wp-json\/wp\/v2\/product\/5322","targetHints":{"allow":["GET"]}}],"collection":[{"href":"https:\/\/medicinasinc.com\/fi\/wp-json\/wp\/v2\/product"}],"about":[{"href":"https:\/\/medicinasinc.com\/fi\/wp-json\/wp\/v2\/types\/product"}],"replies":[{"embeddable":true,"href":"https:\/\/medicinasinc.com\/fi\/wp-json\/wp\/v2\/comments?post=5322"}],"wp:featuredmedia":[{"embeddable":true,"href":"https:\/\/medicinasinc.com\/fi\/wp-json\/wp\/v2\/media\/5331"}],"wp:attachment":[{"href":"https:\/\/medicinasinc.com\/fi\/wp-json\/wp\/v2\/media?parent=5322"}],"wp:term":[{"taxonomy":"product_brand","embeddable":true,"href":"https:\/\/medicinasinc.com\/fi\/wp-json\/wp\/v2\/product_brand?post=5322"},{"taxonomy":"product_cat","embeddable":true,"href":"https:\/\/medicinasinc.com\/fi\/wp-json\/wp\/v2\/product_cat?post=5322"},{"taxonomy":"product_tag","embeddable":true,"href":"https:\/\/medicinasinc.com\/fi\/wp-json\/wp\/v2\/product_tag?post=5322"}],"curies":[{"name":"wp","href":"https:\/\/api.w.org\/{rel}","templated":true}]}}