{"id":5310,"date":"2022-02-21T18:38:01","date_gmt":"2022-02-21T18:38:01","guid":{"rendered":"https:\/\/medicinasinc.com\/fi\/?post_type=product&#038;p=5310"},"modified":"2022-03-22T01:01:50","modified_gmt":"2022-03-22T01:01:50","slug":"osta-roksikodoni-30-mg","status":"publish","type":"product","link":"https:\/\/medicinasinc.com\/fi\/product\/osta-roksikodoni-30-mg\/","title":{"rendered":"Osta Roxicodone 30 mg"},"content":{"rendered":"<p>Roxicodone 30mg -pillereiden ostaminen verkossa<\/p>\n<p>ROXICODONE (oksikodoni HCl) -tabletit on tarkoitettu keskivaikean tai vaikean kivun hoitoon, joka vaatii opioidikipul\u00e4\u00e4kett\u00e4 ja johon ei-opioidivaihtoehdot eiv\u00e4t ole tehokkaita.<\/p>\n<p>K\u00e4ytt\u00f6rajoitukset<\/p>\n<p>Opioidiriippuvuuden, v\u00e4\u00e4rink\u00e4yt\u00f6n ja v\u00e4\u00e4rink\u00e4yt\u00f6n vaaroista johtuen, jopa sallituilla annoksilla, varaa ROXICODONE potilaille, jotka eiv\u00e4t reagoi muihin hoitovaihtoehtoihin (esim. ei-opioidikipul\u00e4\u00e4kkeet). tai opioidiyhdistelm\u00e4valmisteet):<\/p>\n<p>Ei ole siedetty eiv\u00e4tk\u00e4 todenn\u00e4k\u00f6isesti ole sallittuja<br \/> Eiv\u00e4t ole antaneet asianmukaista analgesiaa tai eiv\u00e4t todenn\u00e4k\u00f6isesti anna riitt\u00e4v\u00e4\u00e4 analgesiaa<\/p>\n<p>T\u00e4m\u00e4 materiaali on tarkoitettu vain Yhdysvaltojen terveydenhuollon ammattilaisille.<br \/> T\u00e4ydelliset reseptitiedot Yhdysvaltoja varten, mukaan lukien laatikollinen varoitus.<\/p>\n<p>L\u00e4\u00e4kitysopas<\/p>\n<div class=\"product -next-previous\">\n<div class=\"product-prev\">\n<div class=\"contraindication\">\n<div class=\"contraindica tion\">\n<div class=\"contraindication\">\n<div class=\"contraindication\">\n<div class=\"contraindication\">\n<div class=\"contraindication\">\n<div class=\"contraindication\">\n<h2><b>T\u00c4RKE\u00c4\u00c4 TURVALLISUUSTIEDOT<\/b><\/h2>\n<div class=\"scroll-wrapper scrolling-table scrollbar-chrome\">\n<div class=\"scrolling-table scrollbar-chrome scroll-content\">\n<table border=\"1\">\n<tbody>\n<tr>\n<td valign=\"top\" width=\"623\">\n<ul>\n<li>VAROITUS: RIIPPUVUUS, V\u00c4\u00c4RINK\u00c4YTT\u00d6 JA V\u00c4\u00c4RINK\u00c4YTT\u00d6; RISKIEN ARVIOINTI- JA V\u00c4HENT\u00c4MISSTRATEGIA (REMS); HENKIL\u00d6VAHTAINEN HENGITYSLAPAUS; ONNETTOMUUS NIELTYN\u00c4; NEONATAL OPIOIDIN VIROTTAMINEN; VUOROVAIKUTUS CYTOCHROME P450 3A4:N KANSSA; ja RISKIT SAMANAIKAISESTA K\u00c4YT\u00d6ST\u00c4 BENS-aineiden v\u00e4\u00e4rink\u00e4yt\u00f6n, v\u00e4\u00e4rink\u00e4yt\u00f6n ja v\u00e4\u00e4rink\u00e4yt\u00f6n kanssa\n<p>ROXICODONE altistaa potilaat ja muut k\u00e4ytt\u00e4j\u00e4t opioidiriippuvuuden, v\u00e4\u00e4rink\u00e4yt\u00f6n ja v\u00e4\u00e4rink\u00e4yt\u00f6n vaaroille, jotka kaikki voivat johtaa kuolemaan yliannostuksesta. Ennen kuin annat ROXICODONE-valmistetta, arvioi jokaisen potilaan riski ja seuraa kaikkia potilaita m\u00e4\u00e4r\u00e4ajoin tiettyjen k\u00e4ytt\u00e4ytymismallien ja sairauksien kehittymisen varalta.<\/p>\n<p>Opioidikipul\u00e4\u00e4kkeiden riskinarviointi- ja lievennysstrategia (REMS)<\/p>\n<p>Ruoka ja Drug Administration (FDA) vaativat opioidikipul\u00e4\u00e4kkeiden REMS:n varmistaakseen, ett\u00e4 hy\u00f6dyt ovat riippuvuuden, v\u00e4\u00e4rink\u00e4yt\u00f6n ja v\u00e4\u00e4rink\u00e4yt\u00f6n vaarat suuremmat. L\u00e4\u00e4keyhti\u00f6iden, jotka ovat hyv\u00e4ksyneet opioidikipul\u00e4\u00e4kevalmisteita, on asetettava REMS-yhteensopivia koulutusohjelmia terveydenhuollon tarjoajien saataville. Terveydenhuollon tarjoajia kannustetaan voimakkaasti: \u2022 suorittamaan REMS-yhteensopiva koulutusohjelma; \u2022 neuvoo potilaita ja\/tai hoitajia n\u00e4iden tuotteiden turvallisesta k\u00e4yt\u00f6st\u00e4, vakavista riskeist\u00e4, varastoinnista ja h\u00e4vitt\u00e4misest\u00e4 jokaisen reseptin yhteydess\u00e4; \u2022 korostaa potilaille ja omaishoitajille, ett\u00e4 on t\u00e4rke\u00e4\u00e4 lukea L\u00e4\u00e4keopas joka kerta, kun apteekki tarjoaa sen; ja \u2022 harkita lis\u00e4ty\u00f6kaluja potilaan, kotitalouden ja yhteis\u00f6n turvallisuuden parantamiseksi.<\/p>\n<p>Henke\u00e4 uhkaava hengityslama<\/p>\n<p>ROXICODONE voi aiheuttaa vakavan, hengenvaarallisen tai tappavan hengityslaman. Pid\u00e4 silm\u00e4ll\u00e4 hengityslamaa, varsinkin kun aloitat ROXICODONE-hoidon tai suurennat annosta.<\/p>\n<p>Vahinkokulutus<\/p>\n<p>Tahaton ROXICODONE-nielty nieleminen, erityisesti nuorten taholta, voi johtaa tappavaan ROXICODONE-yliannostukseen. <\/p>\n<p>Vastasyntyneiden opioidivieroitusoireyhtym\u00e4<\/p>\n<p>ROXICODONE-valmisteen pitk\u00e4aikainen k\u00e4ytt\u00f6 raskauden aikana voi johtaa vastasyntyneen opioidien vieroitusoireyhtym\u00e4\u00e4n, joka voi olla kohtalokas, jos sit\u00e4 ei diagnosoida ja hoitaa nopeasti ja joka tarvitsee vastasyntyneiden hoitoa. &#8211; erityisi\u00e4 menettelyj\u00e4. Jos pitk\u00e4aikainen opioidien k\u00e4ytt\u00f6 on v\u00e4ltt\u00e4m\u00e4t\u00f6nt\u00e4 raskaana olevalle naiselle, kerro h\u00e4nelle vastasyntyneen opioidien vieroitusoireyhtym\u00e4n vaarasta ja varmista, ett\u00e4 asianmukainen hoito on saatavilla.<\/p>\n<p>Vuorovaikutus sytokromi P450 3A4:n kanssa<\/p>\n<p>Samanaikainen k\u00e4ytt\u00f6 ROXICODONE ja kaikki sytokromi P450 3A4:n est\u00e4j\u00e4t voivat johtaa plasman oksikodonipitoisuuksien nousuun, mik\u00e4 voi pahentaa tai pident\u00e4\u00e4 ep\u00e4miellytt\u00e4vi\u00e4 vasteita ja johtaa mahdollisesti tappavaan hengityslamaan. Lis\u00e4ksi samanaikaisesti k\u00e4ytetyn sytokromi P450 3A4:n indusoijan lopettaminen voi johtaa oksikodonin pitoisuudet plasmassa. Potilaita, jotka saavat ROXICODONE-hoitoa ja mit\u00e4 tahansa CYP3A4:n est\u00e4j\u00e4\u00e4 tai indusoijaa, tulee seurata tarkasti.<\/p>\n<p>Bentsodiatsepiinien tai muiden keskushermostoa lamaavien aineiden samanaikaisen k\u00e4yt\u00f6n seuraukset<\/p>\n<p>Opioidien samanaikainen k\u00e4ytt\u00f6 bentsodiatsepiinien tai muiden keskushermostoa lamaavien aineiden kanssa , kuten alkoholi, voi johtaa \u00e4\u00e4rimm\u00e4iseen uneliaisuuteen, hengityslamaan, koomaan tai kuolemaan.<\/p>\n<p>Roxicodonen ja bentsodiatsepiinien tai muiden keskushermostoa lamaavien aineiden samanaikainen anto tulisi varata henkil\u00f6ille, jotka eiv\u00e4t reagoi muihin hoitovaihtoehtoihin. <br \/> Pid\u00e4 annokset ja kesto mahdollisimman pienin\u00e4.<br \/> Pid\u00e4 silm\u00e4ll\u00e4 potilaiden hengityslaman ja sedaation merkkej\u00e4 ja oireita.<\/li>\n<\/ul>\n<\/td>\n<\/tr>\n<\/tbody>\n<\/table><\/div><\/div>\n<p>&nbsp;<\/p>\n<h2>VASTA-AIHEET<\/h2>\n<p>ROXICODONE on vasta-aiheinen potilailla, joilla on:<\/p>\n<ul>\n<li>Mert\u00e4v\u00e4 hengityslama<\/li>\n<li>Akuutti tai vaikea keuhkoastma valvomattomassa ymp\u00e4rist\u00f6ss\u00e4 tai ilman elvytyshoitoa laitteet<\/li>\n<li>Tunnettu tai ep\u00e4ilty maha-suolikanavan tukos, mukaan lukien paralyyttinen ileus<\/li>\n<li>Tunnettu yliherkkyys oksikodonille<\/li>\n<\/ul>\n<h2>\u00a0VAROITUKSET JA VAROTOIMET<\/h2>\n<ul>\n<li>ROXICODONE sis\u00e4lt\u00e4\u00e4 oksikodonia, luettelon II valvottua ainetta. Opioidina ROXICODONE altistaa k\u00e4ytt\u00e4j\u00e4t riippuvuuden, v\u00e4\u00e4rink\u00e4yt\u00f6n ja v\u00e4\u00e4rink\u00e4yt\u00f6n riskeille.<\/li>\n<li>Arvioi jokaisen potilaan riski opioidiriippuvuudesta, v\u00e4\u00e4rink\u00e4yt\u00f6st\u00e4 tai v\u00e4\u00e4rink\u00e4yt\u00f6st\u00e4 ennen ROXICODONE-reseptin m\u00e4\u00e4r\u00e4\u00e4mist\u00e4 ja seuraa kaikkia ROXICODONEa saavia potilaita n\u00e4iden k\u00e4ytt\u00e4ytymismallien ja sairauksien kehittyminen.<\/li>\n<li>Varmistaakseen, ett\u00e4 opioidianalgeettien hy\u00f6dyt ovat suuremmat kuin riippuvuuden, v\u00e4\u00e4rink\u00e4yt\u00f6n ja v\u00e4\u00e4rink\u00e4yt\u00f6n riskit, Food and Drug Administration (FDA) on vaatinut riskinarviointi- ja lievent\u00e4misstrategiaa ( REMS) n\u00e4ille tuotteille. REMS:n vaatimusten mukaisesti hyv\u00e4ksyttyj\u00e4 opioidianalgeettisia tuotteita myyvien l\u00e4\u00e4keyritysten on asetettava REMS-yhteensopivia koulutusohjelmia terveydenhuollon tarjoajien saataville.<\/li>\n<li>Vakavaa, henke\u00e4 uhkaavaa tai kuolemaan johtavaa hengityslamaa on raportoitu k\u00e4ytett\u00e4ess\u00e4 opioidit, vaikka niit\u00e4 k\u00e4ytett\u00e4isiin suosituksen mukaisesti. Potilaat, joilla on krooninen keuhkosairaus, i\u00e4kk\u00e4\u00e4t, kakektiset tai heikentyneet potilaat voivat olla suurentunut riski. Seuraa tarkasti, erityisesti aloituksen ja titrauksen aikana.<\/li>\n<li>Opioidit voivat aiheuttaa uneen liittyvi\u00e4 hengitysh\u00e4iri\u00f6it\u00e4, kuten sentraalista uniapneaa (CSA) ja uneen liittyv\u00e4\u00e4 hypoksemiaa. Opioidien k\u00e4ytt\u00f6 lis\u00e4\u00e4 CSA:n riski\u00e4 annoksesta riippuvaisella tavalla.<\/li>\n<li>Yksikin ROXICODONE-annoksen vahingossa nieleminen, erityisesti lasten toimesta, voi johtaa hengityslamaan ja kuolemaan ROXICODONE-yliannostuksen vuoksi. Neuvo potilaita ryhtym\u00e4\u00e4n toimenpiteisiin ROXICODONEn turvalliseksi s\u00e4ilytt\u00e4miseksi. Vanhentunut, ei-toivottu tai k\u00e4ytt\u00e4m\u00e4t\u00f6n ROXICODONE tulee h\u00e4vitt\u00e4\u00e4 huuhtelemalla k\u00e4ytt\u00e4m\u00e4t\u00f6n l\u00e4\u00e4ke wc:st\u00e4, jos l\u00e4\u00e4kkeen takaisinottovaihtoehtoa ei ole helposti saatavilla.<\/li>\n<li>Neonatal opioidivieroitusoireyhtym\u00e4 (NOWS) voi ilmet\u00e4 pitk\u00e4aikaisen k\u00e4yt\u00f6n j\u00e4lkeen. opioideista raskauden aikana. Tarkkaile vastasyntyneit\u00e4 NOWS-merkkien varalta ja hallitse niiden mukaisesti; NOWS voi olla hengenvaarallinen, jos sit\u00e4 ei tunnisteta ja hoideta vastasyntyneill\u00e4.<\/li>\n<li>Kun k\u00e4yt\u00e4t CYP3A4-est\u00e4ji\u00e4 tai lopetat CYP3A4-induktorien k\u00e4yt\u00f6n ROXICODONE-hoitoa saaneilla potilailla, seuraa potilaita tarkasti s\u00e4\u00e4nn\u00f6llisin v\u00e4liajoin ja harkitse ROXICODONE-annoksen pienent\u00e4mist\u00e4, kunnes l\u00e4\u00e4ke on vakaa. vaikutuksia saavutetaan. Kun k\u00e4yt\u00e4t ROXICODONEa CYP3A4:n indusoijien kanssa tai lopetat CYP3A4:n est\u00e4jien k\u00e4yt\u00f6n, seuraa potilaita tarkasti s\u00e4\u00e4nn\u00f6llisin v\u00e4liajoin ja harkitse opioidiannoksen lis\u00e4\u00e4mist\u00e4 tarvittaessa riitt\u00e4v\u00e4n kivunlievityksen yll\u00e4pit\u00e4miseksi tai jos opioidivieroitusoireita ilmenee.<\/li>\n<li>Syv\u00e4 sedaatio, hengityslama, koomaan ja kuolemaan voi johtua ROXICODONE-valmisteen samanaikainen k\u00e4ytt\u00f6 bentsodiatsepiinien tai muiden keskushermostoa lamaavien aineiden (mukaan lukien alkoholi ja laittomat huumeet) kanssa.<\/li>\n<li>Opioidien k\u00e4yt\u00f6n yhteydess\u00e4 on raportoitu lis\u00e4munuaisen vajaatoimintaa, useammin kuin yhden hoidon j\u00e4lkeen. k\u00e4ytt\u00f6kuukausi. Jos lis\u00e4munuaisten vajaatoiminta diagnosoidaan, hoidetaan fysiologisella kortikosteroidikorvauksella ja vieroittaa potilas opioidia, kunnes lis\u00e4munuaisten toiminta palautuu.<\/li>\n<li><strong>ROXICODONE<\/strong>\u00a0voi aiheuttaa vaikeaa hypotensiota, mukaan lukien ortostaattista hypotensiota ja py\u00f6rtymist\u00e4 avohoitopotilailla. Tarkkaile ROXICODONE-hoidon aloittamisen ja\/tai titrauksen aikana. V\u00e4lt\u00e4 k\u00e4ytt\u00f6\u00e4 potilailla, joilla on verenkiertoh\u00e4iri\u00f6.<\/li>\n<li>K\u00e4ytt\u00f6 potilailla, joilla on kohonnut kallonsis\u00e4inen paine, aivokasvaimet, p\u00e4\u00e4vamma tai tajunnan heikkeneminen voi heikent\u00e4\u00e4 hengitystoimintaa ja siit\u00e4 johtuvaa CO<sub>2<\/sub>\u00a0retentiota. voi edelleen lis\u00e4t\u00e4 kallonsis\u00e4ist\u00e4 painetta. <strong>ROXICODONE<\/strong>:n k\u00e4ytt\u00f6\u00e4 tulee v\u00e4ltt\u00e4\u00e4 potilailla, joilla on tajunnanvajaus tai kooma.<\/li>\n<li>ROXICODONE on vasta-aiheinen potilaille, joilla tiedet\u00e4\u00e4n tai ep\u00e4ill\u00e4\u00e4n maha-suolikanavan ahtautta, mukaan lukien paralyyttinen ileus. ROXICODONEssa oleva oksikodoni voi aiheuttaa Oddin sulkijalihaksen kouristuksia.<\/li>\n<li>ROXIKODONEssa oleva oksikodoni voi lis\u00e4t\u00e4 kohtausten esiintymistiheytt\u00e4 potilailla, joilla on kohtaush\u00e4iri\u00f6it\u00e4 ja saattaa lis\u00e4t\u00e4 kohtausten riski\u00e4 muissa kohtauksiin liittyviss\u00e4 kliinisiss\u00e4 olosuhteissa. . Tarkkaile potilaita, joilla on aiemmin ollut kohtaush\u00e4iri\u00f6it\u00e4, onko kohtausten hallinta heikentynyt.<\/li>\n<li>\u00c4l\u00e4 lopeta \u00e4killisesti <strong>ROXICODONE<\/strong> -hoitoa potilaalla, joka on fyysisesti riippuvainen opioideista. Kun lopetat ROXICODONE-hoidon fyysisesti riippuvaisella potilaalla, pienenn\u00e4 annosta asteittain. Oksikodonin nopea pienent\u00e4minen potilaalla, joka on fyysisesti riippuvainen opioideista, voi johtaa vieroitusoireyhtym\u00e4\u00e4n ja kivun uusiutumiseen.<\/li>\n<li>V\u00e4lt\u00e4 ROXICODONE-valmisteen k\u00e4ytt\u00f6\u00e4 agonisti\/antagonistiseosten tai osittaisten agonistien analgeettien kanssa, koska on olemassa riski vieroitusoireet.<\/li>\n<li>Varoita potilaita olemaan ajamatta tai k\u00e4ytt\u00e4m\u00e4tt\u00e4 vaarallisia koneita, elleiv\u00e4t he sied\u00e4 ROXICODONE-valmisteen vaikutuksia ja tied\u00e4 kuinka he reagoivat l\u00e4\u00e4kkeeseen.<\/li>\n<li>Opioidit voivat aiheuttaa harvinaisen mutta mahdollisesti henke\u00e4 uhkaava tila, joka johtuu serotonergisten l\u00e4\u00e4kkeiden samanaikaisesta antamisesta. Varoita potilaita serotoniinioireyhtym\u00e4n oireista ja hakeudu heti l\u00e4\u00e4k\u00e4rin hoitoon, jos oireita ilmaantuu.<\/li>\n<li>ROxicodonen k\u00e4ytt\u00f6\u00e4 ei suositella potilaille, jotka k\u00e4ytt\u00e4v\u00e4t MAO-est\u00e4ji\u00e4 tai 14 p\u00e4iv\u00e4n sis\u00e4ll\u00e4 hoidon lopettamisesta.<\/li>\n<\/ul>\n<h2>Roxicodonen vaikutukset<\/h2>\n<p>Roxicodonen k\u00e4ytt\u00f6\u00f6n liittyvi\u00e4 vakavia haittavaikutuksia ovat hengityslama, hengityspys\u00e4hdys, verenkiertoh\u00e4iri\u00f6, syd\u00e4menpys\u00e4hdys, hypotensio ja\/tai sokki. Yleisimpi\u00e4 haittavaikutuksia ovat pahoinvointi, ummetus, oksentelu, p\u00e4\u00e4ns\u00e4rky, kutina, unettomuus, huimaus, voimattomuus ja uneliaisuus.<\/p>\n<p>T\u00e4m\u00e4 ei ole t\u00e4ydellinen luettelo ROXICODONE-valmisteeseen liittyvist\u00e4 mahdollisista haittatapahtumista. Katso t\u00e4ydellinen luettelo kohdasta T\u00e4ydelliset reseptitiedot.<\/p>\n<p>&nbsp;<\/p>\n<p>&nbsp;<\/p>\n<\/p><\/div><\/div><\/div><\/div><\/div><\/div><\/div>\n<div class=\"scroll-wrapper scrolling-table scrollbar-chrome\">\n<div class=\"scrolling-table scrollbar-chrome scroll-content\">\n<tbody>\n<tr>\n<td><strong>Kuvaus<\/strong><\/td>\n<td>Siniset tabletit jakouurteella<\/td>\n<\/tr>\n<tr>\n<td><strong>Yleinen nimi<\/strong><\/td>\n<td>Oksikodonihydrokloriditabletit USP<\/td>\n<\/tr>\n<tr>\n<td><strong>Annosteluvoima<\/strong><\/td>\n<td>30 mg<\/td>\n<\/tr>\n<tr>\n<td><strong>Tunnistekoodi<\/strong><\/td>\n<td>Sininen tabletti jakouurteella (tunnistettu 54 199) [Kohokuvioitu 54 199 toisella puolella]<\/td>\n<\/tr>\n<\/tbody>\n<\/table>\n<p><strong>roxicodone pillereit\u00e4, osta roksikodoni pillereit\u00e4, luettelo py\u00f6reist\u00e4 sinisist\u00e4 roksikodoni pillereist\u00e4, pillereist\u00e4 jotka n\u00e4ytt\u00e4v\u00e4t roksikodonilta, roksikodoni pillereit\u00e4 vaihto, roksikodoni pillereit\u00e4 30, rikkoutumisaika pillereit\u00e4 roksikodoni, kuinka olla huumekauppias myym\u00e4ss\u00e4 roxicodone pillereit\u00e4, pillereit\u00e4, jotka sis\u00e4lt\u00e4v\u00e4t roksikodonia, kodeiinisiirappia, roksikodonia, miten paljon ovat Roxicodone 30mg pillereit\u00e4 Meksikossa, mit\u00e4 on v\u00e4\u00e4rennetyiss\u00e4 k 9 roksikodoni pillereiss\u00e4?, 30 mg roxicodone blue pillereiss\u00e4, roksikodoni, oksikodoni 5 mg, vaaleanpunainen pilleri, m 30 pilleri, m 30 sininen pilleri, k 56 pilleri, roxycodone 194 pilleri, percocet 30 mg, molly hinnat, voitko ottaa, roxy 30, oxicodona, u17 pilleri, oksikodoni annostus<\/strong><\/p>\n<\/p><\/div><\/div><\/div><\/div>\n<div class=\"product-next-previous\">\n<div class=\"product-prev\"><\/div><\/div>\n","protected":false},"excerpt":{"rendered":"<p>Osta Roxicodone 30 mg tabletteja Yhdistyneess\u00e4 kuningaskunnassa ja Euroopassa bestglobalmeds.com-verkkoapteekistamme nopealla maailmanlaajuisella toimituksella! Paras paikka hankkia OxyContin on t\u00e4\u00e4ll\u00e4!<\/p>\n","protected":false},"featured_media":5321,"comment_status":"open","ping_status":"closed","template":"","meta":[],"product_brand":[],"product_cat":[1117],"product_tag":[1879,1880,1881,1883,1884,1885,1886,1887,1889,1888,1903,1890,1670,1891,1648,1750,1893,1894,1895,1896,1897,1892,1898,1899,1900,1901,1902,1882],"class_list":{"0":"post-5310","1":"product","2":"type-product","3":"status-publish","4":"has-post-thumbnail","6":"product_cat-osta-kipu-uni-ja-seksipillereita","7":"product_tag-30mg-roksikodoni-sinisi-pillereit","8":"product_tag-breaking-time-release-pills-roxicodone","9":"product_tag-buy-roxicodone-pills","10":"product_tag-codeine-syrup-pills-roxicodone","11":"product_tag-how-much-are-roxicodone-30mg-pills-in-mexico","12":"product_tag-how-to-be-a-drug-dealer-selling-roxicodone-pills","13":"product_tag-k-56-pilleri","14":"product_tag-list-of-round-blue-roxicodone-pills","15":"product_tag-m-30-pilleri","16":"product_tag-m-30-sininen-pilleri","17":"product_tag-mit-on-fake-k-9-roksikodoni-pillereiss","18":"product_tag-molly-hinnat","19":"product_tag-oksikodoni-5-mg","20":"product_tag-oksikodoni-annostus","21":"product_tag-oxicodona","22":"product_tag-perkosetti-30-mg","23":"product_tag-pills-that-look-like-roxicodone","24":"product_tag-pink-pill","25":"product_tag-roksikodoni","26":"product_tag-roksikodoni-pillerit","27":"product_tag-roksikodoni-pillerit-30","28":"product_tag-pillerit-jotka-sisltvt-roksikodonia","29":"product_tag-roksikodoni-pillerit-muutos","30":"product_tag-roxy-30","31":"product_tag-roxycodone","32":"product_tag-t-194-pilleri","33":"product_tag-u17-pilleri","34":"product_tag-voitko-ottaa","36":"first","37":"instock","38":"shipping-taxable","39":"purchasable","40":"product-type-variable","41":"has-default-attributes"},"yoast_head":"<!-- This site is optimized with the Yoast SEO plugin v27.3 - https:\/\/yoast.com\/product\/yoast-seo-wordpress\/ -->\n<title>Osta Roxicodone 30 mg - parhaat maailmanlaajuiset l\u00e4\u00e4kkeet<\/title>\n<meta name=\"description\" content=\"Osta Roxicodone 30 mg tabletit UK, Europe bestglobalmeds.com verkkokaupastamme nopealla maailmanlaajuisella toimituksella! Paras OxyContin tilaukseen l\u00f6yd\u00e4t t\u00e4\u00e4lt\u00e4!\" \/>\n<meta name=\"robots\" content=\"index, follow, max-snippet:-1, max-image-preview:large, max-video-preview:-1\" \/>\n<link rel=\"canonical\" href=\"https:\/\/medicinasinc.com\/fi\/product\/osta-roksikodoni-30-mg\/\" \/>\n<meta property=\"og:locale\" content=\"en_US\" \/>\n<meta property=\"og:type\" content=\"article\" \/>\n<meta property=\"og:title\" content=\"Osta Roxicodone 30 mg - parhaat maailmanlaajuiset l\u00e4\u00e4kkeet\" \/>\n<meta property=\"og:description\" content=\"Osta Roxicodone 30 mg tabletit UK, Europe bestglobalmeds.com verkkokaupastamme nopealla maailmanlaajuisella toimituksella! Paras OxyContin tilaukseen l\u00f6yd\u00e4t t\u00e4\u00e4lt\u00e4!\" \/>\n<meta property=\"og:url\" content=\"https:\/\/medicinasinc.com\/fi\/product\/osta-roksikodoni-30-mg\/\" \/>\n<meta property=\"og:site_name\" content=\"Medicinas Inc\" \/>\n<meta property=\"article:modified_time\" content=\"2022-03-22T01:01:50+00:00\" \/>\n<meta property=\"og:image\" content=\"https:\/\/medicinasinc.com\/fi\/wp-content\/uploads\/sites\/12\/2022\/02\/Roxicodone-30-mg.png\" \/>\n\t<meta property=\"og:image:width\" content=\"400\" \/>\n\t<meta property=\"og:image:height\" content=\"300\" \/>\n\t<meta property=\"og:image:type\" content=\"image\/png\" \/>\n<meta name=\"twitter:card\" content=\"summary_large_image\" \/>\n<meta name=\"twitter:label1\" content=\"Est. reading time\" \/>\n\t<meta name=\"twitter:data1\" content=\"7 minutes\" \/>\n<script type=\"application\/ld+json\" class=\"yoast-schema-graph\">{\"@context\":\"https:\\\/\\\/schema.org\",\"@graph\":[{\"@type\":\"WebPage\",\"@id\":\"https:\\\/\\\/medicinasinc.com\\\/fi\\\/product\\\/osta-roksikodoni-30-mg\\\/\",\"url\":\"https:\\\/\\\/medicinasinc.com\\\/fi\\\/product\\\/osta-roksikodoni-30-mg\\\/\",\"name\":\"Osta Roxicodone 30 mg - parhaat maailmanlaajuiset l\u00e4\u00e4kkeet\",\"isPartOf\":{\"@id\":\"https:\\\/\\\/medicinasinc.com\\\/fi\\\/#website\"},\"primaryImageOfPage\":{\"@id\":\"https:\\\/\\\/medicinasinc.com\\\/fi\\\/product\\\/osta-roksikodoni-30-mg\\\/#primaryimage\"},\"image\":{\"@id\":\"https:\\\/\\\/medicinasinc.com\\\/fi\\\/product\\\/osta-roksikodoni-30-mg\\\/#primaryimage\"},\"thumbnailUrl\":\"https:\\\/\\\/medicinasinc.com\\\/fi\\\/wp-content\\\/uploads\\\/sites\\\/12\\\/2022\\\/02\\\/Roxicodone-30-mg.png\",\"datePublished\":\"2022-02-21T18:38:01+00:00\",\"dateModified\":\"2022-03-22T01:01:50+00:00\",\"description\":\"Osta Roxicodone 30 mg tabletit UK, Europe bestglobalmeds.com verkkokaupastamme nopealla maailmanlaajuisella toimituksella! Paras OxyContin tilaukseen l\u00f6yd\u00e4t t\u00e4\u00e4lt\u00e4!\",\"breadcrumb\":{\"@id\":\"https:\\\/\\\/medicinasinc.com\\\/fi\\\/product\\\/osta-roksikodoni-30-mg\\\/#breadcrumb\"},\"inLanguage\":\"en-US\",\"potentialAction\":[{\"@type\":\"ReadAction\",\"target\":[\"https:\\\/\\\/medicinasinc.com\\\/fi\\\/product\\\/osta-roksikodoni-30-mg\\\/\"]}]},{\"@type\":\"ImageObject\",\"inLanguage\":\"en-US\",\"@id\":\"https:\\\/\\\/medicinasinc.com\\\/fi\\\/product\\\/osta-roksikodoni-30-mg\\\/#primaryimage\",\"url\":\"https:\\\/\\\/medicinasinc.com\\\/fi\\\/wp-content\\\/uploads\\\/sites\\\/12\\\/2022\\\/02\\\/Roxicodone-30-mg.png\",\"contentUrl\":\"https:\\\/\\\/medicinasinc.com\\\/fi\\\/wp-content\\\/uploads\\\/sites\\\/12\\\/2022\\\/02\\\/Roxicodone-30-mg.png\",\"width\":400,\"height\":300},{\"@type\":\"BreadcrumbList\",\"@id\":\"https:\\\/\\\/medicinasinc.com\\\/fi\\\/product\\\/osta-roksikodoni-30-mg\\\/#breadcrumb\",\"itemListElement\":[{\"@type\":\"ListItem\",\"position\":1,\"name\":\"Myym\u00e4l\u00e4\",\"item\":\"https:\\\/\\\/medicinasinc.com\\\/fi\\\/myymala\\\/\"},{\"@type\":\"ListItem\",\"position\":2,\"name\":\"Osta Roxicodone 30 mg\"}]},{\"@type\":\"WebSite\",\"@id\":\"https:\\\/\\\/medicinasinc.com\\\/fi\\\/#website\",\"url\":\"https:\\\/\\\/medicinasinc.com\\\/fi\\\/\",\"name\":\"Medicinas Inc\",\"description\":\"Health Medical Clinic\",\"potentialAction\":[{\"@type\":\"SearchAction\",\"target\":{\"@type\":\"EntryPoint\",\"urlTemplate\":\"https:\\\/\\\/medicinasinc.com\\\/fi\\\/?s={search_term_string}\"},\"query-input\":{\"@type\":\"PropertyValueSpecification\",\"valueRequired\":true,\"valueName\":\"search_term_string\"}}],\"inLanguage\":\"en-US\"}]}<\/script>\n<!-- \/ Yoast SEO plugin. -->","yoast_head_json":{"title":"Osta Roxicodone 30 mg - parhaat maailmanlaajuiset l\u00e4\u00e4kkeet","description":"Osta Roxicodone 30 mg tabletit UK, Europe bestglobalmeds.com verkkokaupastamme nopealla maailmanlaajuisella toimituksella! Paras OxyContin tilaukseen l\u00f6yd\u00e4t t\u00e4\u00e4lt\u00e4!","robots":{"index":"index","follow":"follow","max-snippet":"max-snippet:-1","max-image-preview":"max-image-preview:large","max-video-preview":"max-video-preview:-1"},"canonical":"https:\/\/medicinasinc.com\/fi\/product\/osta-roksikodoni-30-mg\/","og_locale":"en_US","og_type":"article","og_title":"Osta Roxicodone 30 mg - parhaat maailmanlaajuiset l\u00e4\u00e4kkeet","og_description":"Osta Roxicodone 30 mg tabletit UK, Europe bestglobalmeds.com verkkokaupastamme nopealla maailmanlaajuisella toimituksella! Paras OxyContin tilaukseen l\u00f6yd\u00e4t t\u00e4\u00e4lt\u00e4!","og_url":"https:\/\/medicinasinc.com\/fi\/product\/osta-roksikodoni-30-mg\/","og_site_name":"Medicinas Inc","article_modified_time":"2022-03-22T01:01:50+00:00","og_image":[{"width":400,"height":300,"url":"https:\/\/medicinasinc.com\/fi\/wp-content\/uploads\/sites\/12\/2022\/02\/Roxicodone-30-mg.png","type":"image\/png"}],"twitter_card":"summary_large_image","twitter_misc":{"Est. reading time":"7 minutes"},"schema":{"@context":"https:\/\/schema.org","@graph":[{"@type":"WebPage","@id":"https:\/\/medicinasinc.com\/fi\/product\/osta-roksikodoni-30-mg\/","url":"https:\/\/medicinasinc.com\/fi\/product\/osta-roksikodoni-30-mg\/","name":"Osta Roxicodone 30 mg - parhaat maailmanlaajuiset l\u00e4\u00e4kkeet","isPartOf":{"@id":"https:\/\/medicinasinc.com\/fi\/#website"},"primaryImageOfPage":{"@id":"https:\/\/medicinasinc.com\/fi\/product\/osta-roksikodoni-30-mg\/#primaryimage"},"image":{"@id":"https:\/\/medicinasinc.com\/fi\/product\/osta-roksikodoni-30-mg\/#primaryimage"},"thumbnailUrl":"https:\/\/medicinasinc.com\/fi\/wp-content\/uploads\/sites\/12\/2022\/02\/Roxicodone-30-mg.png","datePublished":"2022-02-21T18:38:01+00:00","dateModified":"2022-03-22T01:01:50+00:00","description":"Osta Roxicodone 30 mg tabletit UK, Europe bestglobalmeds.com verkkokaupastamme nopealla maailmanlaajuisella toimituksella! Paras OxyContin tilaukseen l\u00f6yd\u00e4t t\u00e4\u00e4lt\u00e4!","breadcrumb":{"@id":"https:\/\/medicinasinc.com\/fi\/product\/osta-roksikodoni-30-mg\/#breadcrumb"},"inLanguage":"en-US","potentialAction":[{"@type":"ReadAction","target":["https:\/\/medicinasinc.com\/fi\/product\/osta-roksikodoni-30-mg\/"]}]},{"@type":"ImageObject","inLanguage":"en-US","@id":"https:\/\/medicinasinc.com\/fi\/product\/osta-roksikodoni-30-mg\/#primaryimage","url":"https:\/\/medicinasinc.com\/fi\/wp-content\/uploads\/sites\/12\/2022\/02\/Roxicodone-30-mg.png","contentUrl":"https:\/\/medicinasinc.com\/fi\/wp-content\/uploads\/sites\/12\/2022\/02\/Roxicodone-30-mg.png","width":400,"height":300},{"@type":"BreadcrumbList","@id":"https:\/\/medicinasinc.com\/fi\/product\/osta-roksikodoni-30-mg\/#breadcrumb","itemListElement":[{"@type":"ListItem","position":1,"name":"Myym\u00e4l\u00e4","item":"https:\/\/medicinasinc.com\/fi\/myymala\/"},{"@type":"ListItem","position":2,"name":"Osta Roxicodone 30 mg"}]},{"@type":"WebSite","@id":"https:\/\/medicinasinc.com\/fi\/#website","url":"https:\/\/medicinasinc.com\/fi\/","name":"Medicinas Inc","description":"Health Medical Clinic","potentialAction":[{"@type":"SearchAction","target":{"@type":"EntryPoint","urlTemplate":"https:\/\/medicinasinc.com\/fi\/?s={search_term_string}"},"query-input":{"@type":"PropertyValueSpecification","valueRequired":true,"valueName":"search_term_string"}}],"inLanguage":"en-US"}]}},"_links":{"self":[{"href":"https:\/\/medicinasinc.com\/fi\/wp-json\/wp\/v2\/product\/5310","targetHints":{"allow":["GET"]}}],"collection":[{"href":"https:\/\/medicinasinc.com\/fi\/wp-json\/wp\/v2\/product"}],"about":[{"href":"https:\/\/medicinasinc.com\/fi\/wp-json\/wp\/v2\/types\/product"}],"replies":[{"embeddable":true,"href":"https:\/\/medicinasinc.com\/fi\/wp-json\/wp\/v2\/comments?post=5310"}],"wp:featuredmedia":[{"embeddable":true,"href":"https:\/\/medicinasinc.com\/fi\/wp-json\/wp\/v2\/media\/5321"}],"wp:attachment":[{"href":"https:\/\/medicinasinc.com\/fi\/wp-json\/wp\/v2\/media?parent=5310"}],"wp:term":[{"taxonomy":"product_brand","embeddable":true,"href":"https:\/\/medicinasinc.com\/fi\/wp-json\/wp\/v2\/product_brand?post=5310"},{"taxonomy":"product_cat","embeddable":true,"href":"https:\/\/medicinasinc.com\/fi\/wp-json\/wp\/v2\/product_cat?post=5310"},{"taxonomy":"product_tag","embeddable":true,"href":"https:\/\/medicinasinc.com\/fi\/wp-json\/wp\/v2\/product_tag?post=5310"}],"curies":[{"name":"wp","href":"https:\/\/api.w.org\/{rel}","templated":true}]}}