{"id":5309,"date":"2022-02-21T18:36:34","date_gmt":"2022-02-21T18:36:34","guid":{"rendered":"https:\/\/medicinasinc.com\/fi\/?post_type=product&#038;p=5309"},"modified":"2022-03-22T01:02:00","modified_gmt":"2022-03-22T01:02:00","slug":"osta-restoril-30-mg-tematsepaami-pillerit","status":"publish","type":"product","link":"https:\/\/medicinasinc.com\/fi\/product\/osta-restoril-30-mg-tematsepaami-pillerit\/","title":{"rendered":"Osta Restoril 30 mg Temazepam -pillereit\u00e4"},"content":{"rendered":"<div class=\"product-next-previous\">\n<div>\n<p>Verkkoapteekista voi ostaa Restoril Temezepam -tabletteja (30 mg)<br \/> Restoril: mit\u00e4 se on ja miten sit\u00e4 k\u00e4ytet\u00e4\u00e4n?<\/p>\n<p> Restoril on reseptil\u00e4\u00e4ke, jota k\u00e4ytet\u00e4\u00e4n unettomuusongelmien hoitoon. Restoril voidaan ottaa yksin\u00e4\u00e4n tai yhdess\u00e4 muiden l\u00e4\u00e4kkeiden kanssa.<\/p>\n<p>Restoril on rauhoittava\/unittava l\u00e4\u00e4ke.<\/p>\n<p>Restorilin ei tiedet\u00e4 olevan turvallinen tai tehokas lapsille.<\/p>\n<p>Mit\u00e4 Restoriliin liittyv\u00e4t todenn\u00e4k\u00f6iset riskit ovat?<\/p>\n<p>Restorililla voi olla merkitt\u00e4vi\u00e4 haittavaikutuksia, mukaan lukien seuraavat:<\/p>\n<p>Sekavuus, kiihtyneisyys, aggressiivisuus, hallusinaatiot, ahdistuneisuus, muistiongelmat, ja surullinen mieliala ovat kaikki skitsofrenian oireita.<\/p>\n<p>&nbsp;<\/p>\n<p>Tematsepaami, kuten monet muut samankaltaiset ja samankaltaiset bentsodiatsepiinit, toimii GABA-modulaattorina ja pystyy aiheuttamaan useita vaikutuksia, mukaan lukien uneliaisuus, hypnoosi, luuston lihasten rentoutuminen, kouristuksia est\u00e4v\u00e4 vaikutus ja ahdistusta lievitt\u00e4v\u00e4 vaikutus 6,7,13,14.<\/p>\n<p>Vaikka tematsepaamin kemiallinen synteesi l\u00f6ydettiin vuonna 1965 9, sen laaja nykyaikainen k\u00e4ytt\u00f6 alkoi vasta l\u00e4\u00e4kkeen aito k\u00e4ytt\u00f6 unettomuuden hoitona tunnistettiin ja lisensoitiin my\u00f6hemmin. Ennen kuin tematsepaamista tuli yleisesti m\u00e4\u00e4r\u00e4tty l\u00e4\u00e4ke siviileille, Yhdysvaltain armeija k\u00e4ytti sit\u00e4 \u2013 ja k\u00e4ytt\u00e4\u00e4 edelleen \u2013 rauhoittava-unil\u00e4\u00e4kkeen\u00e4, jota sotilaat, lent\u00e4j\u00e4t ja muut ottavat saadakseen tarvittavan levon l\u00e4\u00e4ketieteellist\u00e4 toipumista varten tai aikataulun mukaiset liikkeet ja leikkaukset 10. Siit\u00e4 huolimatta tematsepaami on kasvanut yhdeksi yleisimmin m\u00e4\u00e4r\u00e4tyist\u00e4 l\u00e4\u00e4kkeist\u00e4 maailmanlaajuisesti, ja joka vuosi kirjoitetaan miljoonia reseptej\u00e4. Valitettavasti tematsepaamilla, kuten monilla muilla bentsodiatsepiineilla, on laajan k\u00e4yt\u00f6n ja sen farmakologisten vaikutusten luontaisen luonteen vuoksi huomattava v\u00e4\u00e4rink\u00e4ytt\u00f6mahdollisuus ja se voi aiheuttaa k\u00e4ytt\u00e4jille huumetoleranssin, fyysisen riippuvuuden ja riippuvuuden.<\/p>\n<p>GroupsApproved, InvestigationalStructureSmall Molecules<\/p>\n<div class=\"structure\"><a class=\"moldbi-vector-thumbnail\" href=\"https:\/\/go.drugbank.com\/structures\/DB00231\/image.svg\"><img decoding=\"async\" src=\"https:\/\/go.drugbank.com\/structures\/DB00231\/thumb.svg\" alt=\"Peukalo\" \/><\/a><\/div>\n<dl class=\"right-dl col- xl-6 col-lg-12\"><\/dl>\n<\/p><\/div>\n<div class=\"product-prev\"><strong>tematsepam (restoril), tematsepam restoril, restoril tematsepam, tematsepam (restoril) sivuvaikutukset, tematsepaami (restoril, osta restoril tematsepam verkosta, osta tematsepam (restoril), geneerinen restoril temazepam, temazepam restoril osta, restoril (temazepam) 30mg myyt\u00e4v\u00e4n\u00e4, on tematsepaami sama kuin restoril, tematsepam (restoril) davis, tematsepam bott (restoril) e, mist\u00e4 voi ostaa tematsepamia (restoril), tematsepam (restoril) cvs, temazepam (restoril) ostaa, tematsepam sama kuin restoril, tematsepam (restoril)\u00a0<img decoding=\"async\" class=\"emoji\" role=\"img\" src=\"https:\/ \/sworg\/images\/core\/emoji\/13.1.0\/svg\/2714.svg\" alt=\"\u2714\" \/>\u00a0<img decoding=\"async\" class=\"emoji\" role=\"img\" src=\"https:\/\/sworg\/images \/core\/emoji\/13.1.0\/svg\/2714.svg\" alt=\"\u2714\" \/>\u00a0<img decoding=\"async\" class=\"emoji\" role=\"img\" src=\"https:\/\/sworg\/images\/core\/emoji\/ 13.1.0\/svg\/2714.svg\" alt=\"\u2714\" \/>, restoril tematsepam 30mg, turvallinen vaihtoehto restorilille (tematsepaami), tematsepam (restoril) hinta, tematsepam (restoril) otc, tematsepam restorilin sivuvaikutukset, tematsepaami (tuotemerkki) nimi restoril), restoril (temazepam)<\/strong><\/div><\/div>\n<div class=\"product-next-previous\">\n<div class=\"product-prev\"><\/div><\/div>\n","protected":false},"excerpt":{"rendered":"<p>Osta Restoril 30mg Temezepam -tabletteja voi ostaa verkosta.<\/p>\n<p>Tuotemerkki:\u00a0<strong>Restoril<\/strong><br \/> Yleinen:\u00a0<strong>Temazepam<\/strong><br \/> Vahvuus Saatavilla: 30 mg<br \/> Pakkaus: L\u00e4pipainopakkaus<br \/> Valmistaja: Novartis<\/p>\n<p>&nbsp;<\/p>\n","protected":false},"featured_media":5319,"comment_status":"open","ping_status":"closed","template":"","meta":[],"product_brand":[],"product_cat":[1117],"product_tag":[1851,1854,1878,1852,1875,1860,1855,1856,1857,1858,1859,1861,1862,1865,1866,1867,1868,1870,1869,1864,1873,1874,1877,1876,1871,1872,1863,1853],"class_list":{"0":"post-5309","1":"product","2":"type-product","3":"status-publish","4":"has-post-thumbnail","6":"product_cat-osta-kipu-uni-ja-seksipillereita","7":"product_tag-buy-restoril-temazepam-online","8":"product_tag-is-temazepam-the-same-as-restoril","9":"product_tag-mist-voit-ostaa-temazepam-restoril","10":"product_tag-osta-temazepam-restoril","11":"product_tag-tematsepam-restoril-osta","12":"product_tag-restoril-tablet-online","13":"product_tag-reseptivapaa-tematsepaamin-korvike","14":"product_tag-restoril-temazepam-30mg-for-sale","15":"product_tag-restoril-15-mg","16":"product_tag-restoril-15-mg-online","17":"product_tag-restoril-30-mg-hinta","18":"product_tag-restoril-temazepam","19":"product_tag-restoril-temazepam-30-mg","20":"product_tag-tematsepam-restoril","21":"product_tag-tematsepaami-restorili---","22":"product_tag-temazepam-restoril-cvs","23":"product_tag-temazepam-restoril-davis","24":"product_tag-tematsepam-restoril-pilleripullo","25":"product_tag-temazepam-restoril-otc","26":"product_tag-tematsepam-brand-name-restoril","27":"product_tag-tematsepaami-30-mg","28":"product_tag-tematsepaami-30-mgn-sivuvaikutukset","29":"product_tag-tematsepaami-painonpudotus","30":"product_tag-tematsepam-same-as-restoril","31":"product_tag-tematsepam-restoril-hinta","32":"product_tag-tematsepam-restoril-sivuvaikutukset","33":"product_tag-turvallinen-vaihtoehto-restoril-temazepam","34":"product_tag-geneerinen-restoril-temazepam","36":"first","37":"instock","38":"shipping-taxable","39":"purchasable","40":"product-type-variable","41":"has-default-attributes"},"yoast_head":"<!-- This site is optimized with the Yoast SEO plugin v27.3 - https:\/\/yoast.com\/product\/yoast-seo-wordpress\/ -->\n<title>Osta Restoril 30 mg Temazepam -pillereit\u00e4 - parhaat maailmanlaajuiset l\u00e4\u00e4kkeet<\/title>\n<meta name=\"description\" content=\"Pilleri, jossa on painatus RESTORIL 30 mg M FOR SLEEP, on sininen\/kastanjanruskea, kapselin muotoinen ja se on tunnistettu Restoril 30 mg:ksi. Osta RESTORIL 30 mg M SLEEP.\" \/>\n<meta name=\"robots\" content=\"index, follow, max-snippet:-1, max-image-preview:large, max-video-preview:-1\" \/>\n<link rel=\"canonical\" href=\"https:\/\/medicinasinc.com\/fi\/product\/osta-restoril-30-mg-tematsepaami-pillerit\/\" \/>\n<meta property=\"og:locale\" content=\"en_US\" \/>\n<meta property=\"og:type\" content=\"article\" \/>\n<meta property=\"og:title\" content=\"Osta Restoril 30 mg Temazepam -pillereit\u00e4 - parhaat maailmanlaajuiset l\u00e4\u00e4kkeet\" \/>\n<meta property=\"og:description\" content=\"Pilleri, jossa on painatus RESTORIL 30 mg M FOR SLEEP, on sininen\/kastanjanruskea, kapselin muotoinen ja se on tunnistettu Restoril 30 mg:ksi. Osta RESTORIL 30 mg M SLEEP.\" \/>\n<meta property=\"og:url\" content=\"https:\/\/medicinasinc.com\/fi\/product\/osta-restoril-30-mg-tematsepaami-pillerit\/\" \/>\n<meta property=\"og:site_name\" content=\"Medicinas Inc\" \/>\n<meta property=\"article:modified_time\" content=\"2022-03-22T01:02:00+00:00\" \/>\n<meta property=\"og:image\" content=\"https:\/\/medicinasinc.com\/fi\/wp-content\/uploads\/sites\/12\/2022\/02\/Buy-Restoril-30-mg-Temazepam-pills.jpg\" \/>\n\t<meta property=\"og:image:width\" content=\"2064\" \/>\n\t<meta property=\"og:image:height\" content=\"1073\" \/>\n\t<meta property=\"og:image:type\" content=\"image\/jpeg\" \/>\n<meta name=\"twitter:card\" content=\"summary_large_image\" \/>\n<meta name=\"twitter:label1\" content=\"Est. reading time\" \/>\n\t<meta name=\"twitter:data1\" content=\"3 minutes\" \/>\n<script type=\"application\/ld+json\" class=\"yoast-schema-graph\">{\"@context\":\"https:\\\/\\\/schema.org\",\"@graph\":[{\"@type\":\"WebPage\",\"@id\":\"https:\\\/\\\/medicinasinc.com\\\/fi\\\/product\\\/osta-restoril-30-mg-tematsepaami-pillerit\\\/\",\"url\":\"https:\\\/\\\/medicinasinc.com\\\/fi\\\/product\\\/osta-restoril-30-mg-tematsepaami-pillerit\\\/\",\"name\":\"Osta Restoril 30 mg Temazepam -pillereit\u00e4 - parhaat maailmanlaajuiset l\u00e4\u00e4kkeet\",\"isPartOf\":{\"@id\":\"https:\\\/\\\/medicinasinc.com\\\/fi\\\/#website\"},\"primaryImageOfPage\":{\"@id\":\"https:\\\/\\\/medicinasinc.com\\\/fi\\\/product\\\/osta-restoril-30-mg-tematsepaami-pillerit\\\/#primaryimage\"},\"image\":{\"@id\":\"https:\\\/\\\/medicinasinc.com\\\/fi\\\/product\\\/osta-restoril-30-mg-tematsepaami-pillerit\\\/#primaryimage\"},\"thumbnailUrl\":\"https:\\\/\\\/medicinasinc.com\\\/fi\\\/wp-content\\\/uploads\\\/sites\\\/12\\\/2022\\\/02\\\/Buy-Restoril-30-mg-Temazepam-pills.jpg\",\"datePublished\":\"2022-02-21T18:36:34+00:00\",\"dateModified\":\"2022-03-22T01:02:00+00:00\",\"description\":\"Pilleri, jossa on painatus RESTORIL 30 mg M FOR SLEEP, on sininen\\\/kastanjanruskea, kapselin muotoinen ja se on tunnistettu Restoril 30 mg:ksi. Osta RESTORIL 30 mg M SLEEP.\",\"breadcrumb\":{\"@id\":\"https:\\\/\\\/medicinasinc.com\\\/fi\\\/product\\\/osta-restoril-30-mg-tematsepaami-pillerit\\\/#breadcrumb\"},\"inLanguage\":\"en-US\",\"potentialAction\":[{\"@type\":\"ReadAction\",\"target\":[\"https:\\\/\\\/medicinasinc.com\\\/fi\\\/product\\\/osta-restoril-30-mg-tematsepaami-pillerit\\\/\"]}]},{\"@type\":\"ImageObject\",\"inLanguage\":\"en-US\",\"@id\":\"https:\\\/\\\/medicinasinc.com\\\/fi\\\/product\\\/osta-restoril-30-mg-tematsepaami-pillerit\\\/#primaryimage\",\"url\":\"https:\\\/\\\/medicinasinc.com\\\/fi\\\/wp-content\\\/uploads\\\/sites\\\/12\\\/2022\\\/02\\\/Buy-Restoril-30-mg-Temazepam-pills.jpg\",\"contentUrl\":\"https:\\\/\\\/medicinasinc.com\\\/fi\\\/wp-content\\\/uploads\\\/sites\\\/12\\\/2022\\\/02\\\/Buy-Restoril-30-mg-Temazepam-pills.jpg\",\"width\":2064,\"height\":1073},{\"@type\":\"BreadcrumbList\",\"@id\":\"https:\\\/\\\/medicinasinc.com\\\/fi\\\/product\\\/osta-restoril-30-mg-tematsepaami-pillerit\\\/#breadcrumb\",\"itemListElement\":[{\"@type\":\"ListItem\",\"position\":1,\"name\":\"Myym\u00e4l\u00e4\",\"item\":\"https:\\\/\\\/medicinasinc.com\\\/fi\\\/myymala\\\/\"},{\"@type\":\"ListItem\",\"position\":2,\"name\":\"Osta Restoril 30 mg Temazepam -pillereit\u00e4\"}]},{\"@type\":\"WebSite\",\"@id\":\"https:\\\/\\\/medicinasinc.com\\\/fi\\\/#website\",\"url\":\"https:\\\/\\\/medicinasinc.com\\\/fi\\\/\",\"name\":\"Medicinas Inc\",\"description\":\"Health Medical Clinic\",\"potentialAction\":[{\"@type\":\"SearchAction\",\"target\":{\"@type\":\"EntryPoint\",\"urlTemplate\":\"https:\\\/\\\/medicinasinc.com\\\/fi\\\/?s={search_term_string}\"},\"query-input\":{\"@type\":\"PropertyValueSpecification\",\"valueRequired\":true,\"valueName\":\"search_term_string\"}}],\"inLanguage\":\"en-US\"}]}<\/script>\n<!-- \/ Yoast SEO plugin. -->","yoast_head_json":{"title":"Osta Restoril 30 mg Temazepam -pillereit\u00e4 - parhaat maailmanlaajuiset l\u00e4\u00e4kkeet","description":"Pilleri, jossa on painatus RESTORIL 30 mg M FOR SLEEP, on sininen\/kastanjanruskea, kapselin muotoinen ja se on tunnistettu Restoril 30 mg:ksi. Osta RESTORIL 30 mg M SLEEP.","robots":{"index":"index","follow":"follow","max-snippet":"max-snippet:-1","max-image-preview":"max-image-preview:large","max-video-preview":"max-video-preview:-1"},"canonical":"https:\/\/medicinasinc.com\/fi\/product\/osta-restoril-30-mg-tematsepaami-pillerit\/","og_locale":"en_US","og_type":"article","og_title":"Osta Restoril 30 mg Temazepam -pillereit\u00e4 - parhaat maailmanlaajuiset l\u00e4\u00e4kkeet","og_description":"Pilleri, jossa on painatus RESTORIL 30 mg M FOR SLEEP, on sininen\/kastanjanruskea, kapselin muotoinen ja se on tunnistettu Restoril 30 mg:ksi. Osta RESTORIL 30 mg M SLEEP.","og_url":"https:\/\/medicinasinc.com\/fi\/product\/osta-restoril-30-mg-tematsepaami-pillerit\/","og_site_name":"Medicinas Inc","article_modified_time":"2022-03-22T01:02:00+00:00","og_image":[{"width":2064,"height":1073,"url":"https:\/\/medicinasinc.com\/fi\/wp-content\/uploads\/sites\/12\/2022\/02\/Buy-Restoril-30-mg-Temazepam-pills.jpg","type":"image\/jpeg"}],"twitter_card":"summary_large_image","twitter_misc":{"Est. reading time":"3 minutes"},"schema":{"@context":"https:\/\/schema.org","@graph":[{"@type":"WebPage","@id":"https:\/\/medicinasinc.com\/fi\/product\/osta-restoril-30-mg-tematsepaami-pillerit\/","url":"https:\/\/medicinasinc.com\/fi\/product\/osta-restoril-30-mg-tematsepaami-pillerit\/","name":"Osta Restoril 30 mg Temazepam -pillereit\u00e4 - parhaat maailmanlaajuiset l\u00e4\u00e4kkeet","isPartOf":{"@id":"https:\/\/medicinasinc.com\/fi\/#website"},"primaryImageOfPage":{"@id":"https:\/\/medicinasinc.com\/fi\/product\/osta-restoril-30-mg-tematsepaami-pillerit\/#primaryimage"},"image":{"@id":"https:\/\/medicinasinc.com\/fi\/product\/osta-restoril-30-mg-tematsepaami-pillerit\/#primaryimage"},"thumbnailUrl":"https:\/\/medicinasinc.com\/fi\/wp-content\/uploads\/sites\/12\/2022\/02\/Buy-Restoril-30-mg-Temazepam-pills.jpg","datePublished":"2022-02-21T18:36:34+00:00","dateModified":"2022-03-22T01:02:00+00:00","description":"Pilleri, jossa on painatus RESTORIL 30 mg M FOR SLEEP, on sininen\/kastanjanruskea, kapselin muotoinen ja se on tunnistettu Restoril 30 mg:ksi. Osta RESTORIL 30 mg M SLEEP.","breadcrumb":{"@id":"https:\/\/medicinasinc.com\/fi\/product\/osta-restoril-30-mg-tematsepaami-pillerit\/#breadcrumb"},"inLanguage":"en-US","potentialAction":[{"@type":"ReadAction","target":["https:\/\/medicinasinc.com\/fi\/product\/osta-restoril-30-mg-tematsepaami-pillerit\/"]}]},{"@type":"ImageObject","inLanguage":"en-US","@id":"https:\/\/medicinasinc.com\/fi\/product\/osta-restoril-30-mg-tematsepaami-pillerit\/#primaryimage","url":"https:\/\/medicinasinc.com\/fi\/wp-content\/uploads\/sites\/12\/2022\/02\/Buy-Restoril-30-mg-Temazepam-pills.jpg","contentUrl":"https:\/\/medicinasinc.com\/fi\/wp-content\/uploads\/sites\/12\/2022\/02\/Buy-Restoril-30-mg-Temazepam-pills.jpg","width":2064,"height":1073},{"@type":"BreadcrumbList","@id":"https:\/\/medicinasinc.com\/fi\/product\/osta-restoril-30-mg-tematsepaami-pillerit\/#breadcrumb","itemListElement":[{"@type":"ListItem","position":1,"name":"Myym\u00e4l\u00e4","item":"https:\/\/medicinasinc.com\/fi\/myymala\/"},{"@type":"ListItem","position":2,"name":"Osta Restoril 30 mg Temazepam -pillereit\u00e4"}]},{"@type":"WebSite","@id":"https:\/\/medicinasinc.com\/fi\/#website","url":"https:\/\/medicinasinc.com\/fi\/","name":"Medicinas Inc","description":"Health Medical Clinic","potentialAction":[{"@type":"SearchAction","target":{"@type":"EntryPoint","urlTemplate":"https:\/\/medicinasinc.com\/fi\/?s={search_term_string}"},"query-input":{"@type":"PropertyValueSpecification","valueRequired":true,"valueName":"search_term_string"}}],"inLanguage":"en-US"}]}},"_links":{"self":[{"href":"https:\/\/medicinasinc.com\/fi\/wp-json\/wp\/v2\/product\/5309","targetHints":{"allow":["GET"]}}],"collection":[{"href":"https:\/\/medicinasinc.com\/fi\/wp-json\/wp\/v2\/product"}],"about":[{"href":"https:\/\/medicinasinc.com\/fi\/wp-json\/wp\/v2\/types\/product"}],"replies":[{"embeddable":true,"href":"https:\/\/medicinasinc.com\/fi\/wp-json\/wp\/v2\/comments?post=5309"}],"wp:featuredmedia":[{"embeddable":true,"href":"https:\/\/medicinasinc.com\/fi\/wp-json\/wp\/v2\/media\/5319"}],"wp:attachment":[{"href":"https:\/\/medicinasinc.com\/fi\/wp-json\/wp\/v2\/media?parent=5309"}],"wp:term":[{"taxonomy":"product_brand","embeddable":true,"href":"https:\/\/medicinasinc.com\/fi\/wp-json\/wp\/v2\/product_brand?post=5309"},{"taxonomy":"product_cat","embeddable":true,"href":"https:\/\/medicinasinc.com\/fi\/wp-json\/wp\/v2\/product_cat?post=5309"},{"taxonomy":"product_tag","embeddable":true,"href":"https:\/\/medicinasinc.com\/fi\/wp-json\/wp\/v2\/product_tag?post=5309"}],"curies":[{"name":"wp","href":"https:\/\/api.w.org\/{rel}","templated":true}]}}