{"id":5296,"date":"2022-02-21T18:20:49","date_gmt":"2022-02-21T18:20:49","guid":{"rendered":"https:\/\/medicinasinc.com\/fi\/?post_type=product&#038;p=5296"},"modified":"2022-03-22T01:02:09","modified_gmt":"2022-03-22T01:02:09","slug":"osta-phenida-10mg-pillereita","status":"publish","type":"product","link":"https:\/\/medicinasinc.com\/fi\/product\/osta-phenida-10mg-pillereita\/","title":{"rendered":"Osta Phenida 10 mg pillereit\u00e4"},"content":{"rendered":"<p>Phenida (metyylifenidaatti hcl) 10 mg pillereit\u00e4 voi ostaa Internetist\u00e4.<\/p>\n<p>Meill\u00e4 on paras verkkoapteekki, josta voit ostaa Phenidaa, joten osta se nyt.<\/p>\n<p>PHENIDA on l\u00e4\u00e4ke, joka auttaa ihmisi\u00e4, joilla on ADD\/ADHD. T\u00e4\u00e4lt\u00e4 l\u00f6yd\u00e4t lis\u00e4tietoja ADD\/ADHD:sta ja muista fenidoista.<\/p>\n<p>ADD\/ADHD:<\/p>\n<p>Jos sinulla on ADHD, et ehk\u00e4 pysty kiinnitt\u00e4m\u00e4\u00e4n huomiotasi. liian aktiivinen tai et pysty hallitsemaan k\u00e4yt\u00f6st\u00e4si. Ihmisen ik\u00e4 ja kehitys eiv\u00e4t voi aiheuttaa n\u00e4it\u00e4 ongelmia ADHD:ksi, jos ne ovat kyseisen henkil\u00f6n i\u00e4n tai kehityksen normaalin alueen ulkopuolella.<\/p>\n<p>L\u00e4\u00e4kitys ADD:hen ja ADHD:hen? T\u00e4ll\u00e4 sivustolla myyd\u00e4\u00e4n fenidaa (metyylifenidaattihcl) 10mg.<\/p>\n<p>Huomioh\u00e4iri\u00f6- ja yliaktiivisuush\u00e4iri\u00f6 (ADHD) on yksi yleisimmist\u00e4 lapsuuden sairauksista, ja se voi kest\u00e4\u00e4 murrosik\u00e4\u00e4n ja aikuisik\u00e4\u00e4n asti. Oireita ovat keskittymis- ja huomiokyvyn vaikeudet, k\u00e4ytt\u00e4ytymisen hallinnan vaikeudet ja yliaktiivisuus (yliaktiivisuus).<\/p>\n<p>Voit ostaa ADD (Attention Deficit Disorder) -tabletteja verkosta ilman resepti\u00e4 siirtym\u00e4ll\u00e4 verkkosivustolle. .<\/p>\n<p>Seuraavat eri tyypit metyylifenidaattia: metyylifenidaatti HCL, metyylifenidaatti HCL, metyylifenidaatti HCL ER, metyylifenidaatti HCL, metyylifenidaatti HCL, metyylifenidaatti HCL, metyylifenidaatti HCL 20 mg, metyylifenidaatti HCL 20mg, cCLd.phenidateg, metyylifenidaatti. Kun ostat metyylifenidaattihcl-tabletteja, mit\u00e4 ne ovat? metyylifenidaatti hcl er 20 mg, metyylifenidaatti hcl 18 mg, metyylifenidaatti hcl er cd, metyylifenidaatti hcl er 10 mg, metyylifenidaatti hcl -annosmuodot ja metyylifenidaatti hcl vs metyylifenidaatti hcl ovat joitakin kysymyksi\u00e4, joita ihmiset kysyv\u00e4t.<\/p>\n","protected":false},"excerpt":{"rendered":"<div class=\"woocommerce-product-details__short-description\">\n<p>Phenida 10mg -pillereit\u00e4 voi ostaa verkosta. reseptivapaat unil\u00e4\u00e4kkeet, Iso-Britannian verkkoapteekit, myyt\u00e4v\u00e4t steroidil\u00e4\u00e4kkeet, vahvat unil\u00e4\u00e4kkeet, kipul\u00e4\u00e4kkeet.<\/p>\n<\/p><\/div>\n","protected":false},"featured_media":5307,"comment_status":"open","ping_status":"closed","template":"","meta":[],"product_brand":[],"product_cat":[1117],"product_tag":[1795,1797,1798,1799,1800,1801,1829,1805,1794,1806,1814,1815,1816,1817,1822,1823,1824,1825,1810,1811,1812,1813,1818,1826,1819,1821,1827,1828,1820,1847,1848,1849,1846,1807,1808,1809,1802,1803,1796,1831,1834,1833,1835,1832,1842,1837,1838,1840,1841,1839,1836,1843,1844,1845,1830,1804,1850],"class_list":{"0":"post-5296","1":"product","2":"type-product","3":"status-publish","4":"has-post-thumbnail","6":"product_cat-osta-kipu-uni-ja-seksipillereita","7":"product_tag-adhd","8":"product_tag-bulgaria-phenida","9":"product_tag-buy-phenida","10":"product_tag-buy-phenida-methylphenidate-hcl-10mg-online","11":"product_tag-buy-phenida-online","12":"product_tag-buy-phenidano-prescription","13":"product_tag-ei-reseptej","14":"product_tag-generic-phenida","15":"product_tag-hyvksyy-paypal","16":"product_tag-on-focalin-kutsutaan-mys-nimell-phenida","17":"product_tag-methylphenidate-hcl-20mg","18":"product_tag-methylphenidate-hcl-5mg","19":"product_tag-methylphenidate-hcl-cd","20":"product_tag-methylphenidate-hcl-dosage-forms","21":"product_tag-methylphenidate-hcl-er-27-mg","22":"product_tag-methylphenidate-hcl-er-36-mg","23":"product_tag-methylphenidate-hcl-er-54-mg","24":"product_tag-methylphenidate-hcl-er-cd","25":"product_tag-metyylifenidaatti-hcl","26":"product_tag-metyylifenidaatti-hcl-10-mg","27":"product_tag-metyylifenidaatti-hcl-18-mg","28":"product_tag-metyylifenidaatti-hcl-20-mg","29":"product_tag-metyylifenidaatti-hcl-er","30":"product_tag-metyylifenidaatti-hcl-er-tabletit","31":"product_tag-metyylifenidaatti-hcl-er-10-mg","32":"product_tag-metyylifenidaatti-hcl-er-20-mg","33":"product_tag-metyylifenidaatti-hcl-sivuvaikutukset","34":"product_tag-metyylifenidaatti-vs-metyylifenidaatti-hcl","35":"product_tag-metyylifenidaatti-hcl-er-18-mg","36":"product_tag-mik-on-metyylifenidaatti-hcl","37":"product_tag-mik-on-phenida","38":"product_tag-mist-ostaa-phenida","39":"product_tag-mit-phenida-merkitys","40":"product_tag-is-phenida-same-adderal","41":"product_tag-on-fenida-sama-kuin-ritaliini","42":"product_tag-on-phenida-sama-asadder","43":"product_tag-osta-phenida-10mg","44":"product_tag-osta-luottokortti","45":"product_tag-paras-fenida-metyylifenidaatti-hcl-10mg-verkossa","46":"product_tag-phenida","47":"product_tag-fenida-metyylifenidaatti-hcl-10mg-hinta","48":"product_tag-fenida-metyylifenidaatti-hcl-10mg-myynniss-verkossa","49":"product_tag-phenida-methylphenidate-hcl-10mg-review","50":"product_tag-fenida-metyylifenidaatti-hcl-10-mg","51":"product_tag-phenida-arvostelut","52":"product_tag-phenida-bulgeria","53":"product_tag-phenida-no-resepti","54":"product_tag-phenida-online-trusted-pharmacy","55":"product_tag-phenida-online-trusted-pharmacy-bitcoin","56":"product_tag-phenida-online","57":"product_tag-phenida-pullo","58":"product_tag-fenida-ritaliini","59":"product_tag-phenida-ritalin-zafa","60":"product_tag-phenida-zafa","61":"product_tag-tilataphenida","62":"product_tag-geneerinen-ritaliini-fenida","63":"product_tag-zafa-phenida","65":"first","66":"instock","67":"shipping-taxable","68":"purchasable","69":"product-type-variable","70":"has-default-attributes"},"yoast_head":"<!-- This site is optimized with the Yoast SEO plugin v27.3 - https:\/\/yoast.com\/product\/yoast-seo-wordpress\/ -->\n<title>Osta Phenida 10 mg pillereit\u00e4 - parhaat maailmanlaajuiset l\u00e4\u00e4kkeet<\/title>\n<meta name=\"description\" content=\"Osta Phenida 10 mg pillereit\u00e4 verkosta. reseptivapaat unil\u00e4\u00e4kkeet, tilaa pillereit\u00e4 verkosta, myyt\u00e4v\u00e4n\u00e4 steroideja, vahvoja unil\u00e4\u00e4kkeit\u00e4, kipul\u00e4\u00e4kett\u00e4, verkkoapteekki uk.\" \/>\n<meta name=\"robots\" content=\"index, follow, max-snippet:-1, max-image-preview:large, max-video-preview:-1\" \/>\n<link rel=\"canonical\" href=\"https:\/\/medicinasinc.com\/fi\/product\/osta-phenida-10mg-pillereita\/\" \/>\n<meta property=\"og:locale\" content=\"en_US\" \/>\n<meta property=\"og:type\" content=\"article\" \/>\n<meta property=\"og:title\" content=\"Osta Phenida 10 mg pillereit\u00e4 - parhaat maailmanlaajuiset l\u00e4\u00e4kkeet\" \/>\n<meta property=\"og:description\" content=\"Osta Phenida 10 mg pillereit\u00e4 verkosta. reseptivapaat unil\u00e4\u00e4kkeet, tilaa pillereit\u00e4 verkosta, myyt\u00e4v\u00e4n\u00e4 steroideja, vahvoja unil\u00e4\u00e4kkeit\u00e4, kipul\u00e4\u00e4kett\u00e4, verkkoapteekki uk.\" \/>\n<meta property=\"og:url\" content=\"https:\/\/medicinasinc.com\/fi\/product\/osta-phenida-10mg-pillereita\/\" \/>\n<meta property=\"og:site_name\" content=\"Medicinas Inc\" \/>\n<meta property=\"article:modified_time\" content=\"2022-03-22T01:02:09+00:00\" \/>\n<meta property=\"og:image\" content=\"https:\/\/medicinasinc.com\/fi\/wp-content\/uploads\/sites\/12\/2022\/02\/buy-phenida-10mg-pills-online.jpg\" \/>\n\t<meta property=\"og:image:width\" content=\"600\" \/>\n\t<meta property=\"og:image:height\" content=\"600\" \/>\n\t<meta property=\"og:image:type\" content=\"image\/jpeg\" \/>\n<meta name=\"twitter:card\" content=\"summary_large_image\" \/>\n<meta name=\"twitter:label1\" content=\"Est. reading time\" \/>\n\t<meta name=\"twitter:data1\" content=\"2 minutes\" \/>\n<script type=\"application\/ld+json\" class=\"yoast-schema-graph\">{\"@context\":\"https:\\\/\\\/schema.org\",\"@graph\":[{\"@type\":\"WebPage\",\"@id\":\"https:\\\/\\\/medicinasinc.com\\\/fi\\\/product\\\/osta-phenida-10mg-pillereita\\\/\",\"url\":\"https:\\\/\\\/medicinasinc.com\\\/fi\\\/product\\\/osta-phenida-10mg-pillereita\\\/\",\"name\":\"Osta Phenida 10 mg pillereit\u00e4 - parhaat maailmanlaajuiset l\u00e4\u00e4kkeet\",\"isPartOf\":{\"@id\":\"https:\\\/\\\/medicinasinc.com\\\/fi\\\/#website\"},\"primaryImageOfPage\":{\"@id\":\"https:\\\/\\\/medicinasinc.com\\\/fi\\\/product\\\/osta-phenida-10mg-pillereita\\\/#primaryimage\"},\"image\":{\"@id\":\"https:\\\/\\\/medicinasinc.com\\\/fi\\\/product\\\/osta-phenida-10mg-pillereita\\\/#primaryimage\"},\"thumbnailUrl\":\"https:\\\/\\\/medicinasinc.com\\\/fi\\\/wp-content\\\/uploads\\\/sites\\\/12\\\/2022\\\/02\\\/buy-phenida-10mg-pills-online.jpg\",\"datePublished\":\"2022-02-21T18:20:49+00:00\",\"dateModified\":\"2022-03-22T01:02:09+00:00\",\"description\":\"Osta Phenida 10 mg pillereit\u00e4 verkosta. reseptivapaat unil\u00e4\u00e4kkeet, tilaa pillereit\u00e4 verkosta, myyt\u00e4v\u00e4n\u00e4 steroideja, vahvoja unil\u00e4\u00e4kkeit\u00e4, kipul\u00e4\u00e4kett\u00e4, verkkoapteekki uk.\",\"breadcrumb\":{\"@id\":\"https:\\\/\\\/medicinasinc.com\\\/fi\\\/product\\\/osta-phenida-10mg-pillereita\\\/#breadcrumb\"},\"inLanguage\":\"en-US\",\"potentialAction\":[{\"@type\":\"ReadAction\",\"target\":[\"https:\\\/\\\/medicinasinc.com\\\/fi\\\/product\\\/osta-phenida-10mg-pillereita\\\/\"]}]},{\"@type\":\"ImageObject\",\"inLanguage\":\"en-US\",\"@id\":\"https:\\\/\\\/medicinasinc.com\\\/fi\\\/product\\\/osta-phenida-10mg-pillereita\\\/#primaryimage\",\"url\":\"https:\\\/\\\/medicinasinc.com\\\/fi\\\/wp-content\\\/uploads\\\/sites\\\/12\\\/2022\\\/02\\\/buy-phenida-10mg-pills-online.jpg\",\"contentUrl\":\"https:\\\/\\\/medicinasinc.com\\\/fi\\\/wp-content\\\/uploads\\\/sites\\\/12\\\/2022\\\/02\\\/buy-phenida-10mg-pills-online.jpg\",\"width\":600,\"height\":600},{\"@type\":\"BreadcrumbList\",\"@id\":\"https:\\\/\\\/medicinasinc.com\\\/fi\\\/product\\\/osta-phenida-10mg-pillereita\\\/#breadcrumb\",\"itemListElement\":[{\"@type\":\"ListItem\",\"position\":1,\"name\":\"Myym\u00e4l\u00e4\",\"item\":\"https:\\\/\\\/medicinasinc.com\\\/fi\\\/myymala\\\/\"},{\"@type\":\"ListItem\",\"position\":2,\"name\":\"Osta Phenida 10 mg pillereit\u00e4\"}]},{\"@type\":\"WebSite\",\"@id\":\"https:\\\/\\\/medicinasinc.com\\\/fi\\\/#website\",\"url\":\"https:\\\/\\\/medicinasinc.com\\\/fi\\\/\",\"name\":\"Medicinas Inc\",\"description\":\"Health Medical Clinic\",\"potentialAction\":[{\"@type\":\"SearchAction\",\"target\":{\"@type\":\"EntryPoint\",\"urlTemplate\":\"https:\\\/\\\/medicinasinc.com\\\/fi\\\/?s={search_term_string}\"},\"query-input\":{\"@type\":\"PropertyValueSpecification\",\"valueRequired\":true,\"valueName\":\"search_term_string\"}}],\"inLanguage\":\"en-US\"}]}<\/script>\n<!-- \/ Yoast SEO plugin. -->","yoast_head_json":{"title":"Osta Phenida 10 mg pillereit\u00e4 - parhaat maailmanlaajuiset l\u00e4\u00e4kkeet","description":"Osta Phenida 10 mg pillereit\u00e4 verkosta. reseptivapaat unil\u00e4\u00e4kkeet, tilaa pillereit\u00e4 verkosta, myyt\u00e4v\u00e4n\u00e4 steroideja, vahvoja unil\u00e4\u00e4kkeit\u00e4, kipul\u00e4\u00e4kett\u00e4, verkkoapteekki uk.","robots":{"index":"index","follow":"follow","max-snippet":"max-snippet:-1","max-image-preview":"max-image-preview:large","max-video-preview":"max-video-preview:-1"},"canonical":"https:\/\/medicinasinc.com\/fi\/product\/osta-phenida-10mg-pillereita\/","og_locale":"en_US","og_type":"article","og_title":"Osta Phenida 10 mg pillereit\u00e4 - parhaat maailmanlaajuiset l\u00e4\u00e4kkeet","og_description":"Osta Phenida 10 mg pillereit\u00e4 verkosta. reseptivapaat unil\u00e4\u00e4kkeet, tilaa pillereit\u00e4 verkosta, myyt\u00e4v\u00e4n\u00e4 steroideja, vahvoja unil\u00e4\u00e4kkeit\u00e4, kipul\u00e4\u00e4kett\u00e4, verkkoapteekki uk.","og_url":"https:\/\/medicinasinc.com\/fi\/product\/osta-phenida-10mg-pillereita\/","og_site_name":"Medicinas Inc","article_modified_time":"2022-03-22T01:02:09+00:00","og_image":[{"width":600,"height":600,"url":"https:\/\/medicinasinc.com\/fi\/wp-content\/uploads\/sites\/12\/2022\/02\/buy-phenida-10mg-pills-online.jpg","type":"image\/jpeg"}],"twitter_card":"summary_large_image","twitter_misc":{"Est. reading time":"2 minutes"},"schema":{"@context":"https:\/\/schema.org","@graph":[{"@type":"WebPage","@id":"https:\/\/medicinasinc.com\/fi\/product\/osta-phenida-10mg-pillereita\/","url":"https:\/\/medicinasinc.com\/fi\/product\/osta-phenida-10mg-pillereita\/","name":"Osta Phenida 10 mg pillereit\u00e4 - parhaat maailmanlaajuiset l\u00e4\u00e4kkeet","isPartOf":{"@id":"https:\/\/medicinasinc.com\/fi\/#website"},"primaryImageOfPage":{"@id":"https:\/\/medicinasinc.com\/fi\/product\/osta-phenida-10mg-pillereita\/#primaryimage"},"image":{"@id":"https:\/\/medicinasinc.com\/fi\/product\/osta-phenida-10mg-pillereita\/#primaryimage"},"thumbnailUrl":"https:\/\/medicinasinc.com\/fi\/wp-content\/uploads\/sites\/12\/2022\/02\/buy-phenida-10mg-pills-online.jpg","datePublished":"2022-02-21T18:20:49+00:00","dateModified":"2022-03-22T01:02:09+00:00","description":"Osta Phenida 10 mg pillereit\u00e4 verkosta. reseptivapaat unil\u00e4\u00e4kkeet, tilaa pillereit\u00e4 verkosta, myyt\u00e4v\u00e4n\u00e4 steroideja, vahvoja unil\u00e4\u00e4kkeit\u00e4, kipul\u00e4\u00e4kett\u00e4, verkkoapteekki uk.","breadcrumb":{"@id":"https:\/\/medicinasinc.com\/fi\/product\/osta-phenida-10mg-pillereita\/#breadcrumb"},"inLanguage":"en-US","potentialAction":[{"@type":"ReadAction","target":["https:\/\/medicinasinc.com\/fi\/product\/osta-phenida-10mg-pillereita\/"]}]},{"@type":"ImageObject","inLanguage":"en-US","@id":"https:\/\/medicinasinc.com\/fi\/product\/osta-phenida-10mg-pillereita\/#primaryimage","url":"https:\/\/medicinasinc.com\/fi\/wp-content\/uploads\/sites\/12\/2022\/02\/buy-phenida-10mg-pills-online.jpg","contentUrl":"https:\/\/medicinasinc.com\/fi\/wp-content\/uploads\/sites\/12\/2022\/02\/buy-phenida-10mg-pills-online.jpg","width":600,"height":600},{"@type":"BreadcrumbList","@id":"https:\/\/medicinasinc.com\/fi\/product\/osta-phenida-10mg-pillereita\/#breadcrumb","itemListElement":[{"@type":"ListItem","position":1,"name":"Myym\u00e4l\u00e4","item":"https:\/\/medicinasinc.com\/fi\/myymala\/"},{"@type":"ListItem","position":2,"name":"Osta Phenida 10 mg pillereit\u00e4"}]},{"@type":"WebSite","@id":"https:\/\/medicinasinc.com\/fi\/#website","url":"https:\/\/medicinasinc.com\/fi\/","name":"Medicinas Inc","description":"Health Medical Clinic","potentialAction":[{"@type":"SearchAction","target":{"@type":"EntryPoint","urlTemplate":"https:\/\/medicinasinc.com\/fi\/?s={search_term_string}"},"query-input":{"@type":"PropertyValueSpecification","valueRequired":true,"valueName":"search_term_string"}}],"inLanguage":"en-US"}]}},"_links":{"self":[{"href":"https:\/\/medicinasinc.com\/fi\/wp-json\/wp\/v2\/product\/5296","targetHints":{"allow":["GET"]}}],"collection":[{"href":"https:\/\/medicinasinc.com\/fi\/wp-json\/wp\/v2\/product"}],"about":[{"href":"https:\/\/medicinasinc.com\/fi\/wp-json\/wp\/v2\/types\/product"}],"replies":[{"embeddable":true,"href":"https:\/\/medicinasinc.com\/fi\/wp-json\/wp\/v2\/comments?post=5296"}],"wp:featuredmedia":[{"embeddable":true,"href":"https:\/\/medicinasinc.com\/fi\/wp-json\/wp\/v2\/media\/5307"}],"wp:attachment":[{"href":"https:\/\/medicinasinc.com\/fi\/wp-json\/wp\/v2\/media?parent=5296"}],"wp:term":[{"taxonomy":"product_brand","embeddable":true,"href":"https:\/\/medicinasinc.com\/fi\/wp-json\/wp\/v2\/product_brand?post=5296"},{"taxonomy":"product_cat","embeddable":true,"href":"https:\/\/medicinasinc.com\/fi\/wp-json\/wp\/v2\/product_cat?post=5296"},{"taxonomy":"product_tag","embeddable":true,"href":"https:\/\/medicinasinc.com\/fi\/wp-json\/wp\/v2\/product_tag?post=5296"}],"curies":[{"name":"wp","href":"https:\/\/api.w.org\/{rel}","templated":true}]}}