{"id":5295,"date":"2022-02-21T18:18:17","date_gmt":"2022-02-21T18:18:17","guid":{"rendered":"https:\/\/medicinasinc.com\/fi\/?post_type=product&#038;p=5295"},"modified":"2022-03-22T01:02:24","modified_gmt":"2022-03-22T01:02:24","slug":"osta-percocet-10mg-pillerit","status":"publish","type":"product","link":"https:\/\/medicinasinc.com\/fi\/product\/osta-percocet-10mg-pillerit\/","title":{"rendered":"Osta Percocet 10mg pillereit\u00e4"},"content":{"rendered":"<h1 style=\"text-align: center\">Osta Percocet 10mg -pillereit\u00e4 verkosta.<\/h1>\n<div class=\"Section\" style=\"text-align: center\">\n<h1>KUVAUS<\/h1>\n<p class=\"First\"><span class=\"Bold\">Oksikodonihydrokloridi ja asetaminofeeni ovat saatavilla tabletteina suun kautta annettavaksi.<\/span><\/p>\n<p>Jokainen suun kautta annettava tabletti sis\u00e4lt\u00e4\u00e4 oksikodonihydrokloridia ja asetaminofeenia seuraavina vahvuuksina :<\/p>\n<p>Oksikodonihydrokloridi, USP\u00a0\u00a0\u00a0\u00a0\u00a0\u00a0\u00a0\u00a0\u00a0\u00a0\u00a0\u00a0 2,5 mg*<br \/> (*2,5 mg oksikodonihydrokloridia vastaa 2,2409 mg oksikodonia.)<br \/> Asetaaminofeeni, USP\u00a0\u00a0\u00a0\u00a0\u00a0\u00a0\u00a0\u00a0\u00a0\u00a0\u00a0\u00a0 \u00a0\u00a0\u00a0\u00a0\u00a0\u00a0\u00a0\u00a0\u00a0\u00a0\u00a0\u00a0\u00a0\u00a0<\/p>\n<p>32p&gt; Oksikodonihydrokloridi, USP\u00a0\u00a0\u00a0\u00a0\u00a0\u00a0\u00a0\u00a0\u00a0\u00a0\u00a0\u00a0 5 mg*<br \/> (*5 mg oksikodonihydrokloridia vastaa 4,4815 mg oksikodonia.)<br \/> Asetaminofeeni, USP\u00a0\u00a0\u00a0\u00a0\u00a0\u00a0\u00a0\u00a0\u00a0\u00a0\u00a0\u00a0\u00a0 \u00a0\u00a0\u00a0\u00a0\u00a0\u00a0\u00a0\u00a0\u00a0\u00a0\u00a0\u00a0 325 mg<\/p>\n<p>Oksikodonihydrokloridi 325 mg<\/p>\n<p>Oksikodoni. br \/&gt; (*7,5 mg oksikodonihydrokloridia vastaa 6,7228 mg oksikodonia.)<br \/> Asetaminofeeni, USP\u00a0\u00a0\u00a0\u00a0\u00a0\u00a0\u00a0\u00a0\u00a0\u00a0\u00a0\u00a0\u00a0 \u00a0\u00a0\u00a0\u00a0\u00a0\u00a0\u00a0\u00a0\u00a0\u00a0\u00a0\u00a0\u00a0 325 mg<\/p>\n<p>Oksikodoni H ydrokloridi, USP\u00a0\u00a0\u00a0\u00a0\u00a0\u00a0\u00a0\u00a0\u00a0\u00a0\u00a0\u00a0 10 mg*<br \/> (*10 mg oksikodonihydrokloridia vastaa 8,9637 mg oksikodonia.)<br \/> Asetaminofeeni, USP\u00a0\u00a0\u00a0\u00a0\u00a0\u00a0\u00a0\u00a0\u00a0\u00a0\u00a0\u00a0\u00a0 \u00a0\u00a0\u00a0\u00a0\u00a0\u00a0\u00a0\u00a0\u00a0\u00a0\u00a0\u00a0 325 mg<\/p>\n<p>Kaikki vahvuudet PERCOC\u00a0<strong> strong&gt;\u00a0sis\u00e4lt\u00e4\u00e4 my\u00f6s seuraavia inaktiivisia ainesosia: kolloidinen piidioksidi, kroskarmelloosinatrium, mikrokiteinen selluloosa, povidoni, esigelatinoitu maissit\u00e4rkkelys ja steariinihappo. Saattaa sis\u00e4lt\u00e4\u00e4 my\u00f6s krospovidonia. Lis\u00e4ksi 2,5 mg\/325 mg:n vahvuus sis\u00e4lt\u00e4\u00e4 FD&amp;C Red No. 40 Aluminium Lakea ja 5 mg\/325 mg vahvuus sis\u00e4lt\u00e4\u00e4 FD&amp;C Blue No. 1 Aluminium Lakea. 7,5\u00a0mg\/325\u00a0mg:n vahvuus sis\u00e4lt\u00e4\u00e4 FD&amp;C Yellow No. 6 -alumiinij\u00e4rven. 10 mg\/325 mg vahvuus sis\u00e4lt\u00e4\u00e4 D&amp;C Yellow No. 10 Aluminium Laken. Vahvuus 7,5 mg\/325 mg ja 10 mg\/325 mg voivat sis\u00e4lt\u00e4\u00e4 my\u00f6s maissit\u00e4rkkelyst\u00e4.<\/p>\n<p>Oksikodonihydrokloridi- ja asetaminofeenitabletit sis\u00e4lt\u00e4v\u00e4t oksikodonia, 14-hydroksidihydrokodeinonia, puolisynteettist\u00e4 opioidikipul\u00e4\u00e4kett\u00e4, joka esiintyy valkoisena tai valkoisena kipul\u00e4\u00e4ken\u00e4. luonnonvalkoinen hieno kiteinen jauhe. Oksikodonihydrokloridin molekyylikaava on C<span class=\"Sub\">18<\/span>H<span class=\"Sub\">21<\/span>NO<span class=\"Sub\">4<\/span>\u00a0\u2219 HCl ja molekyylipaino on 351,82. Se on johdettu oopiumialkaloidista, thebaiinista, ja sit\u00e4 voidaan esitt\u00e4\u00e4 seuraavalla rakennekaavalla:<\/p>\n<div class=\"Kuva\"><img decoding=\"async\" src=\"https:\/\/www.endo.com\/Image%20Library \/Endo\/EndoPharma\/Products\/Prescribing_Information\/pert-oxy-and-apap-tab-usp-1.jpg\" alt=\"oksikodonihydrokloridin kemiallinen rakenne\" \/><\/div>\n<p>Oksikodonihydrokloridi- ja asetaminofeenitabletit sis\u00e4lt\u00e4v\u00e4t asetaminofeenia, 4&#8242;-hydroksiasetanilidi on ei-opiaattinen, salisylaattiton kipul\u00e4\u00e4ke ja kuumetta alentava aine, joka esiintyy valkoisena, hajuttomana, kiteisen\u00e4 jauheena. Asetaminofeenin molekyylikaava on C<span class=\"Sub\">8<\/span>H<span class=\"Sub\">9<\/span>NO<span class=\"Sub\">2<\/span>\u00a0ja molekyylipaino on 151,16. Se voidaan esitt\u00e4\u00e4 seuraavalla rakennekaavalla:<\/p>\n<div class=\"Figure\"><img decoding=\"async\" src=\"https:\/\/www.endo.com\/Image%20Library\/Endo\/EndoPharma\/Products\/Prescribing_Information\/pert -oxy-and-apap-tab-usp-2.jpg\" alt=\"Asetaminofeenin rakennekaava\" \/>&nbsp;<\/p>\n<p class=\"MultiMediaCaption\">Asetaminofeenin rakennekaava<\/p>\n<\/p><\/div><\/div>\n<div class=\"Section\" style=\"text-align: centre\">\n<p>Jokainen oraaliseen k\u00e4ytt\u00f6\u00f6n tarkoitettu tabletti sis\u00e4lt\u00e4\u00e4 oksikodonihydrokloridia ja asetaminofeenia seuraavina vahvuuksina:<\/p>\n<p>Oksikodonihydrokloridi, USP\u00a02,5 mg*<br \/> asetaminofeeni, USP\u00a0325 mg<br \/> *2,5 mg oksikodonihydrokloridia vastaa 2,2409 mg:aa oksikodonia.<\/p>\n<p>Oksikodonihydrokloridi, USP\u00a05 mg*<br \/> Asetaminofeeni, USP 325 mg<br \/> *5 mg oksikodonihydrokloridia vastaa 4,4815 mg oksikodonia.<\/p>\n<p>Oksikodonihydrokloridi, USP\u00a07,5 mg*<br \/> Asetaminofeeni, USP 325 mg<br \/> *7,5 mg oksikodoni HCl vastaa 6,7228 mg oksikodonia.<\/p>\n<p>Oksikodonihydrokloridi, USP\u00a010 mg*<br \/> Acetami nophen, USP 325 mg<br \/> *10 mg oksikodoni HCl:a vastaa 8,9637 mg oksikodonia.<\/p>\n<p>Kaikki PERCOCETin vahvuudet sis\u00e4lt\u00e4v\u00e4t my\u00f6s seuraavia inaktiivisia ainesosia: Kolloidinen piidioksidi, kroskarmelloosinatrium, krospovidoni, mikrokiteinen selluloosa, povidoni, esigelatinoitu maissit\u00e4rkkelys ja steariinihappo. Lis\u00e4ksi 2,5 mg\/325 mg:n vahvuus sis\u00e4lt\u00e4\u00e4 FD&amp;C Red No. 40 Aluminium Lakea ja 5 mg\/325 mg vahvuus sis\u00e4lt\u00e4\u00e4 FD&amp;C Blue No. 1 Aluminium Lakea. 7,5 mg\/325 mg vahvuus sis\u00e4lt\u00e4\u00e4 FD&amp;C Yellow No. 6 -alumiinilakan. 10 mg\/325 mg vahvuus sis\u00e4lt\u00e4\u00e4 D&amp;C Yellow No. 10 Aluminium Laken. Vahvuudet 7,5 mg\/325 mg ja 10 mg\/325 mg voivat sis\u00e4lt\u00e4\u00e4 my\u00f6s maissit\u00e4rkkelyst\u00e4.<\/p>\n<p>Oksikodoni, 14-hydroksidihydrokodeinoni, on puolisynteettinen opioidikipul\u00e4\u00e4ke, joka esiintyy valkoisena, hajuttomana, kiteisen\u00e4 jauheena, jossa on suolaliuosta. , karvas maku. Oksikodonihydrokloridin molekyylikaava on C<sub>18<\/sub>H<sub>21<\/sub>NO<sub>4<\/sub>\u2022HCl ja molekyylipaino on 351,82. Se on johdettu oopiumialkaloidista thebaiinista, ja se voidaan esitt\u00e4\u00e4 seuraavalla rakennekaavalla:<\/p>\n<p>&nbsp;<\/p>\n<table class=\"blackpic\" width=\"256\">\n<tbody>\n<tr>\n<td><img loading=\"lazy\" decoding=\"async\" title=\"Oksikodoni - rakennekaavan kuva\" src=\"https:\/\/images.rxlist.com\/images\/rxlist\/oxyapap1.gif\" alt=\"Oksikodoni - rakennekaavan kuva\" width=\"256\" height=\"154\" \/><\/td>\n<\/tr>\n<\/tbody>\n<\/table>\n<p>&nbsp;<\/p>\n<p>Asetaminofeeni, 4&#8242;-hydroksiasetanilidi, ei ole -opaattinen, salisylaattiton kipul\u00e4\u00e4ke ja kuumetta alentava aine, joka esiintyy valkoisena, hajuttomana, kiteisen\u00e4 jauheena, jolla on hieman kitker\u00e4 maku. Asetaminofeenin molekyylikaava on C<sub>8<\/sub>H<sub>9<\/sub>NO<sub>2<\/sub> ja molekyylipaino on 151,17. Se voidaan esitt\u00e4\u00e4 seuraavalla rakennekaavalla:<\/p>\n<p>&nbsp;<\/p>\n<table class=\"blackpic\" width=\"232\">\n<tbody>\n<tr>\n<td> <img decoding=\"async\" title=\"Asetaminofeeni - rakennekaavan kuva\" src=\"https:\/\/images.rxlist.com\/images\/rxlist\/oxyapap2.gif\" alt=\"Asetaminofeeni - rakennekaavan kuva\" width=\"232\" height=\"106 \" \/><\/td>\n<\/tr>\n<\/tbody>\n<\/table><\/div>\n<p style=\"text-align: center\">Osta Percocet 10mg -pillereit\u00e4 verkosta. Saatavilla on my\u00f6s muita pillereit\u00e4, kuten oksikodoni. Reseptivapaa unil\u00e4\u00e4kkeet myynniss\u00e4 eritt\u00e4in halvalla.<\/p>\n<p style=\"text-align: center\"><strong>Kuinka kauan percocet pysyy elimist\u00f6ss\u00e4si, kuinka kauan percocet pysyy elimist\u00f6ss\u00e4si , milt\u00e4 percoset n\u00e4ytt\u00e4\u00e4, milt\u00e4 percoset tuntuu, kuinka kauan percocet pysyy virtsassasi, mik\u00e4 on percocet, milt\u00e4 percocet n\u00e4ytt\u00e4\u00e4, mihin percosettia k\u00e4ytet\u00e4\u00e4n, kuinka saada m\u00e4\u00e4r\u00e4tty percocet, kuinka kauan percocet pysy\u00e4 virtsassa, mit\u00e4 on perrocetissa, kuinka kauan percocet kest\u00e4\u00e4, milt\u00e4 percocet 10 n\u00e4ytt\u00e4\u00e4, kuinka kauan percocetin vet\u00e4ytyminen kest\u00e4\u00e4, mik\u00e4 v\u00e4ri on percosetti, miksi percocet saa sinut kutittamaan, mit\u00e4 percocet tekee sinulle, mit\u00e4 tuntuuko percocet high, milt\u00e4 n\u00e4ytt\u00e4v\u00e4t percocet-pillerit, kuinka paljon on percocet, milt\u00e4 n\u00e4ytt\u00e4\u00e4 percocet 30, kuinka paljon voin myyd\u00e4 percocet 5 325, kuinka monelle perocetille yliannostetaan, mik\u00e4 on vahvempi norco tai percocet, percocet kutina kuinka lopettaa, kuinka paljon percocet maksaa ilman vakuutusta, kuinka kauan percocet high kest\u00e4\u00e4, kuinka kauan percosetti pysyy elimist\u00f6ss\u00e4si, kumpi on vahvempi oksikodoni tai percosetti, mik\u00e4 on vahvempi vikodiini tai percosetti, mist\u00e4 saada percosettia, milt\u00e4 perkotsetti saa sinut tuntemaan<\/strong><\/p>\n","protected":false},"excerpt":{"rendered":"<div class=\"woocommerce-product-details__short-description\">\n<p>Osta Percocet 10mg -pillereit\u00e4 verkosta. Vahvat unil\u00e4\u00e4kkeet, kipul\u00e4\u00e4kitys, verkkoapteekki uk, , myyt\u00e4v\u00e4n\u00e4 kipul\u00e4\u00e4kkeet, kipul\u00e4\u00e4kitys, l\u00e4\u00e4kkeiden osto verkkokaupasta, ostaa kipul\u00e4\u00e4kkeit\u00e4 verkosta, ostaa kipul\u00e4\u00e4kkeit\u00e4 verkosta.<\/p>\n<\/p><\/div>\n","protected":false},"featured_media":5305,"comment_status":"open","ping_status":"closed","template":"","meta":[],"product_brand":[],"product_cat":[1117],"product_tag":[1721,1722,1729,1725,1730,1731,1732,1793,1737,1780,1733,1792,1791,1790,1788,1789,1734,1735,1691,1724,1736,1740,1739,1741,1742,1743,1744,1746,1751,1752,1753,1754,1756,1757,1758,1759,1763,1764,1765,1766,1760,1776,1767,1769,1773,1772,1774,1775,1768,1777,1778,1770,1771,1785,1762,1761,1726,1738,1745,1747,1748,1749,1750,1755,1779,1784,1781,1782,1723,1786,1783,1727,1728,1787],"class_list":{"0":"post-5295","1":"product","2":"type-product","3":"status-publish","4":"has-post-thumbnail","6":"product_cat-osta-kipu-uni-ja-seksipillereita","7":"product_tag-30-mg-percocettia","8":"product_tag-5-mg-percocet","9":"product_tag-generic-percocet","10":"product_tag-halvat-percocet-pillerit","11":"product_tag-how-long-does-percocet-stay-in-your-system","12":"product_tag-how-long-does-percocet-stay-in-your-urine","13":"product_tag-is-oxycodone-the-same-as-percocet","14":"product_tag-keltainen-percoce","15":"product_tag-kipu-pillerit-myynniss-percocet","16":"product_tag-images-of-percocet-pills","17":"product_tag-kvitteni-percocet","18":"product_tag-mihin-percocettia-kytetn","19":"product_tag-mik-on-percocet","20":"product_tag-milt-percocet-tuntuu","21":"product_tag-milt-percocet-pillerit-nyttvt","22":"product_tag-milt-percocet-nytt","23":"product_tag-molly-percocet","24":"product_tag-molly-percocet-laulu","25":"product_tag-oksikodoni-vs-perkosetti","26":"product_tag-osta-percocet-verkosta","27":"product_tag-oksikontiini-vs-percocet","28":"product_tag-percocet-10-keltainen","29":"product_tag-percocet-10-kuvaa","30":"product_tag-percocet-10-325","31":"product_tag-percocet-10-325-efektit","32":"product_tag-percocet-10-325-efectos-valkoinen","33":"product_tag-percoset-10-325-espanol","34":"product_tag-percocet-15","35":"product_tag-percocet-325","36":"product_tag-percocet-5","37":"product_tag-percocet-5-mg","38":"product_tag-percocet-5-325","39":"product_tag-percocet-512","40":"product_tag-percocet-7-5","41":"product_tag-percocet-7-5-325-efektit","42":"product_tag-percocet-and-alcohol","43":"product_tag-percocet-effects","44":"product_tag-percocet-feeling","45":"product_tag-percocet-high","46":"product_tag-percocet-in-spanish","47":"product_tag-percocet-and-xanax","48":"product_tag-percocet-street-value","49":"product_tag-percocet-molly","50":"product_tag-percocet-pain-pills","51":"product_tag-percocet-pills-images","52":"product_tag-percocet-pillerit-myynniss","53":"product_tag-percocet-side-effects","54":"product_tag-percocet-song","55":"product_tag-percocet-online","56":"product_tag-percocet-vs-tramadol","57":"product_tag-percocet-vs-vicodin","58":"product_tag-percocet-paristot","59":"product_tag-percoset-pilleri-c3-a4","60":"product_tag-katu-arvo-percocet","61":"product_tag-percocet-lke","62":"product_tag-percocet-annos","63":"product_tag-percocetin-efektit","64":"product_tag-percocet-10","65":"product_tag-percot-10-mg","66":"product_tag-perkosetti-15-mg","67":"product_tag-perkosetti-20-mg","68":"product_tag-percocet-30","69":"product_tag-perkosetti-30-mg","70":"product_tag-percocet-5-325-hinta","71":"product_tag-percocet-veto","72":"product_tag-percocetin-sivuvaikutukset","73":"product_tag-pillereit-jotka-nyttvt-percocetilta","74":"product_tag-pillereit-jotka-nyttvt-percocetilta-5-mg","75":"product_tag-sininen-percocetti","76":"product_tag-tramadol-vs-percocet","77":"product_tag-pinkki-percocet","78":"product_tag-fake-percocet","79":"product_tag-fake-percocet-pillerit","80":"product_tag-vicodin-vs-percocet","82":"first","83":"instock","84":"shipping-taxable","85":"purchasable","86":"product-type-variable","87":"has-default-attributes"},"yoast_head":"<!-- This site is optimized with the Yoast SEO plugin v27.3 - https:\/\/yoast.com\/product\/yoast-seo-wordpress\/ -->\n<title>Osta Percocet 10 mg pillereit\u00e4 - parhaat maailmanlaajuiset l\u00e4\u00e4kkeet<\/title>\n<meta name=\"description\" content=\"Osta Percocet 10mg pillereit\u00e4 verkosta. Vahvat unil\u00e4\u00e4kkeet, kipul\u00e4\u00e4kitys, online-apteekki uk, , kipul\u00e4\u00e4kett\u00e4 myyt\u00e4v\u00e4n\u00e4, kipul\u00e4\u00e4kitys, online-l\u00e4\u00e4kkeiden ostaminen, ostaa kipul\u00e4\u00e4kkeit\u00e4 verkosta, ostaa kipul\u00e4\u00e4kkeit\u00e4 verkosta.\" \/>\n<meta name=\"robots\" content=\"index, follow, max-snippet:-1, max-image-preview:large, max-video-preview:-1\" \/>\n<link rel=\"canonical\" href=\"https:\/\/medicinasinc.com\/fi\/product\/osta-percocet-10mg-pillerit\/\" \/>\n<meta property=\"og:locale\" content=\"en_US\" \/>\n<meta property=\"og:type\" content=\"article\" \/>\n<meta property=\"og:title\" content=\"Osta Percocet 10 mg pillereit\u00e4 - parhaat maailmanlaajuiset l\u00e4\u00e4kkeet\" \/>\n<meta property=\"og:description\" content=\"Osta Percocet 10mg pillereit\u00e4 verkosta. Vahvat unil\u00e4\u00e4kkeet, kipul\u00e4\u00e4kitys, online-apteekki uk, , kipul\u00e4\u00e4kett\u00e4 myyt\u00e4v\u00e4n\u00e4, kipul\u00e4\u00e4kitys, online-l\u00e4\u00e4kkeiden ostaminen, ostaa kipul\u00e4\u00e4kkeit\u00e4 verkosta, ostaa kipul\u00e4\u00e4kkeit\u00e4 verkosta.\" \/>\n<meta property=\"og:url\" content=\"https:\/\/medicinasinc.com\/fi\/product\/osta-percocet-10mg-pillerit\/\" \/>\n<meta property=\"og:site_name\" content=\"Medicinas Inc\" \/>\n<meta property=\"article:modified_time\" content=\"2022-03-22T01:02:24+00:00\" \/>\n<meta property=\"og:image\" content=\"https:\/\/medicinasinc.com\/fi\/wp-content\/uploads\/sites\/12\/2022\/02\/Buy-Percocet-10mg-pills.jpg\" \/>\n\t<meta property=\"og:image:width\" content=\"600\" \/>\n\t<meta property=\"og:image:height\" content=\"400\" \/>\n\t<meta property=\"og:image:type\" content=\"image\/jpeg\" \/>\n<meta name=\"twitter:card\" content=\"summary_large_image\" \/>\n<meta name=\"twitter:label1\" content=\"Est. reading time\" \/>\n\t<meta name=\"twitter:data1\" content=\"5 minutes\" \/>\n<script type=\"application\/ld+json\" class=\"yoast-schema-graph\">{\"@context\":\"https:\\\/\\\/schema.org\",\"@graph\":[{\"@type\":\"WebPage\",\"@id\":\"https:\\\/\\\/medicinasinc.com\\\/fi\\\/product\\\/osta-percocet-10mg-pillerit\\\/\",\"url\":\"https:\\\/\\\/medicinasinc.com\\\/fi\\\/product\\\/osta-percocet-10mg-pillerit\\\/\",\"name\":\"Osta Percocet 10 mg pillereit\u00e4 - parhaat maailmanlaajuiset l\u00e4\u00e4kkeet\",\"isPartOf\":{\"@id\":\"https:\\\/\\\/medicinasinc.com\\\/fi\\\/#website\"},\"primaryImageOfPage\":{\"@id\":\"https:\\\/\\\/medicinasinc.com\\\/fi\\\/product\\\/osta-percocet-10mg-pillerit\\\/#primaryimage\"},\"image\":{\"@id\":\"https:\\\/\\\/medicinasinc.com\\\/fi\\\/product\\\/osta-percocet-10mg-pillerit\\\/#primaryimage\"},\"thumbnailUrl\":\"https:\\\/\\\/medicinasinc.com\\\/fi\\\/wp-content\\\/uploads\\\/sites\\\/12\\\/2022\\\/02\\\/Buy-Percocet-10mg-pills.jpg\",\"datePublished\":\"2022-02-21T18:18:17+00:00\",\"dateModified\":\"2022-03-22T01:02:24+00:00\",\"description\":\"Osta Percocet 10mg pillereit\u00e4 verkosta. Vahvat unil\u00e4\u00e4kkeet, kipul\u00e4\u00e4kitys, online-apteekki uk, , kipul\u00e4\u00e4kett\u00e4 myyt\u00e4v\u00e4n\u00e4, kipul\u00e4\u00e4kitys, online-l\u00e4\u00e4kkeiden ostaminen, ostaa kipul\u00e4\u00e4kkeit\u00e4 verkosta, ostaa kipul\u00e4\u00e4kkeit\u00e4 verkosta.\",\"breadcrumb\":{\"@id\":\"https:\\\/\\\/medicinasinc.com\\\/fi\\\/product\\\/osta-percocet-10mg-pillerit\\\/#breadcrumb\"},\"inLanguage\":\"en-US\",\"potentialAction\":[{\"@type\":\"ReadAction\",\"target\":[\"https:\\\/\\\/medicinasinc.com\\\/fi\\\/product\\\/osta-percocet-10mg-pillerit\\\/\"]}]},{\"@type\":\"ImageObject\",\"inLanguage\":\"en-US\",\"@id\":\"https:\\\/\\\/medicinasinc.com\\\/fi\\\/product\\\/osta-percocet-10mg-pillerit\\\/#primaryimage\",\"url\":\"https:\\\/\\\/medicinasinc.com\\\/fi\\\/wp-content\\\/uploads\\\/sites\\\/12\\\/2022\\\/02\\\/Buy-Percocet-10mg-pills.jpg\",\"contentUrl\":\"https:\\\/\\\/medicinasinc.com\\\/fi\\\/wp-content\\\/uploads\\\/sites\\\/12\\\/2022\\\/02\\\/Buy-Percocet-10mg-pills.jpg\",\"width\":600,\"height\":400},{\"@type\":\"BreadcrumbList\",\"@id\":\"https:\\\/\\\/medicinasinc.com\\\/fi\\\/product\\\/osta-percocet-10mg-pillerit\\\/#breadcrumb\",\"itemListElement\":[{\"@type\":\"ListItem\",\"position\":1,\"name\":\"Myym\u00e4l\u00e4\",\"item\":\"https:\\\/\\\/medicinasinc.com\\\/fi\\\/myymala\\\/\"},{\"@type\":\"ListItem\",\"position\":2,\"name\":\"Osta Percocet 10mg pillereit\u00e4\"}]},{\"@type\":\"WebSite\",\"@id\":\"https:\\\/\\\/medicinasinc.com\\\/fi\\\/#website\",\"url\":\"https:\\\/\\\/medicinasinc.com\\\/fi\\\/\",\"name\":\"Medicinas Inc\",\"description\":\"Health Medical Clinic\",\"potentialAction\":[{\"@type\":\"SearchAction\",\"target\":{\"@type\":\"EntryPoint\",\"urlTemplate\":\"https:\\\/\\\/medicinasinc.com\\\/fi\\\/?s={search_term_string}\"},\"query-input\":{\"@type\":\"PropertyValueSpecification\",\"valueRequired\":true,\"valueName\":\"search_term_string\"}}],\"inLanguage\":\"en-US\"}]}<\/script>\n<!-- \/ Yoast SEO plugin. -->","yoast_head_json":{"title":"Osta Percocet 10 mg pillereit\u00e4 - parhaat maailmanlaajuiset l\u00e4\u00e4kkeet","description":"Osta Percocet 10mg pillereit\u00e4 verkosta. Vahvat unil\u00e4\u00e4kkeet, kipul\u00e4\u00e4kitys, online-apteekki uk, , kipul\u00e4\u00e4kett\u00e4 myyt\u00e4v\u00e4n\u00e4, kipul\u00e4\u00e4kitys, online-l\u00e4\u00e4kkeiden ostaminen, ostaa kipul\u00e4\u00e4kkeit\u00e4 verkosta, ostaa kipul\u00e4\u00e4kkeit\u00e4 verkosta.","robots":{"index":"index","follow":"follow","max-snippet":"max-snippet:-1","max-image-preview":"max-image-preview:large","max-video-preview":"max-video-preview:-1"},"canonical":"https:\/\/medicinasinc.com\/fi\/product\/osta-percocet-10mg-pillerit\/","og_locale":"en_US","og_type":"article","og_title":"Osta Percocet 10 mg pillereit\u00e4 - parhaat maailmanlaajuiset l\u00e4\u00e4kkeet","og_description":"Osta Percocet 10mg pillereit\u00e4 verkosta. Vahvat unil\u00e4\u00e4kkeet, kipul\u00e4\u00e4kitys, online-apteekki uk, , kipul\u00e4\u00e4kett\u00e4 myyt\u00e4v\u00e4n\u00e4, kipul\u00e4\u00e4kitys, online-l\u00e4\u00e4kkeiden ostaminen, ostaa kipul\u00e4\u00e4kkeit\u00e4 verkosta, ostaa kipul\u00e4\u00e4kkeit\u00e4 verkosta.","og_url":"https:\/\/medicinasinc.com\/fi\/product\/osta-percocet-10mg-pillerit\/","og_site_name":"Medicinas Inc","article_modified_time":"2022-03-22T01:02:24+00:00","og_image":[{"width":600,"height":400,"url":"https:\/\/medicinasinc.com\/fi\/wp-content\/uploads\/sites\/12\/2022\/02\/Buy-Percocet-10mg-pills.jpg","type":"image\/jpeg"}],"twitter_card":"summary_large_image","twitter_misc":{"Est. reading time":"5 minutes"},"schema":{"@context":"https:\/\/schema.org","@graph":[{"@type":"WebPage","@id":"https:\/\/medicinasinc.com\/fi\/product\/osta-percocet-10mg-pillerit\/","url":"https:\/\/medicinasinc.com\/fi\/product\/osta-percocet-10mg-pillerit\/","name":"Osta Percocet 10 mg pillereit\u00e4 - parhaat maailmanlaajuiset l\u00e4\u00e4kkeet","isPartOf":{"@id":"https:\/\/medicinasinc.com\/fi\/#website"},"primaryImageOfPage":{"@id":"https:\/\/medicinasinc.com\/fi\/product\/osta-percocet-10mg-pillerit\/#primaryimage"},"image":{"@id":"https:\/\/medicinasinc.com\/fi\/product\/osta-percocet-10mg-pillerit\/#primaryimage"},"thumbnailUrl":"https:\/\/medicinasinc.com\/fi\/wp-content\/uploads\/sites\/12\/2022\/02\/Buy-Percocet-10mg-pills.jpg","datePublished":"2022-02-21T18:18:17+00:00","dateModified":"2022-03-22T01:02:24+00:00","description":"Osta Percocet 10mg pillereit\u00e4 verkosta. Vahvat unil\u00e4\u00e4kkeet, kipul\u00e4\u00e4kitys, online-apteekki uk, , kipul\u00e4\u00e4kett\u00e4 myyt\u00e4v\u00e4n\u00e4, kipul\u00e4\u00e4kitys, online-l\u00e4\u00e4kkeiden ostaminen, ostaa kipul\u00e4\u00e4kkeit\u00e4 verkosta, ostaa kipul\u00e4\u00e4kkeit\u00e4 verkosta.","breadcrumb":{"@id":"https:\/\/medicinasinc.com\/fi\/product\/osta-percocet-10mg-pillerit\/#breadcrumb"},"inLanguage":"en-US","potentialAction":[{"@type":"ReadAction","target":["https:\/\/medicinasinc.com\/fi\/product\/osta-percocet-10mg-pillerit\/"]}]},{"@type":"ImageObject","inLanguage":"en-US","@id":"https:\/\/medicinasinc.com\/fi\/product\/osta-percocet-10mg-pillerit\/#primaryimage","url":"https:\/\/medicinasinc.com\/fi\/wp-content\/uploads\/sites\/12\/2022\/02\/Buy-Percocet-10mg-pills.jpg","contentUrl":"https:\/\/medicinasinc.com\/fi\/wp-content\/uploads\/sites\/12\/2022\/02\/Buy-Percocet-10mg-pills.jpg","width":600,"height":400},{"@type":"BreadcrumbList","@id":"https:\/\/medicinasinc.com\/fi\/product\/osta-percocet-10mg-pillerit\/#breadcrumb","itemListElement":[{"@type":"ListItem","position":1,"name":"Myym\u00e4l\u00e4","item":"https:\/\/medicinasinc.com\/fi\/myymala\/"},{"@type":"ListItem","position":2,"name":"Osta Percocet 10mg pillereit\u00e4"}]},{"@type":"WebSite","@id":"https:\/\/medicinasinc.com\/fi\/#website","url":"https:\/\/medicinasinc.com\/fi\/","name":"Medicinas Inc","description":"Health Medical Clinic","potentialAction":[{"@type":"SearchAction","target":{"@type":"EntryPoint","urlTemplate":"https:\/\/medicinasinc.com\/fi\/?s={search_term_string}"},"query-input":{"@type":"PropertyValueSpecification","valueRequired":true,"valueName":"search_term_string"}}],"inLanguage":"en-US"}]}},"_links":{"self":[{"href":"https:\/\/medicinasinc.com\/fi\/wp-json\/wp\/v2\/product\/5295","targetHints":{"allow":["GET"]}}],"collection":[{"href":"https:\/\/medicinasinc.com\/fi\/wp-json\/wp\/v2\/product"}],"about":[{"href":"https:\/\/medicinasinc.com\/fi\/wp-json\/wp\/v2\/types\/product"}],"replies":[{"embeddable":true,"href":"https:\/\/medicinasinc.com\/fi\/wp-json\/wp\/v2\/comments?post=5295"}],"wp:featuredmedia":[{"embeddable":true,"href":"https:\/\/medicinasinc.com\/fi\/wp-json\/wp\/v2\/media\/5305"}],"wp:attachment":[{"href":"https:\/\/medicinasinc.com\/fi\/wp-json\/wp\/v2\/media?parent=5295"}],"wp:term":[{"taxonomy":"product_brand","embeddable":true,"href":"https:\/\/medicinasinc.com\/fi\/wp-json\/wp\/v2\/product_brand?post=5295"},{"taxonomy":"product_cat","embeddable":true,"href":"https:\/\/medicinasinc.com\/fi\/wp-json\/wp\/v2\/product_cat?post=5295"},{"taxonomy":"product_tag","embeddable":true,"href":"https:\/\/medicinasinc.com\/fi\/wp-json\/wp\/v2\/product_tag?post=5295"}],"curies":[{"name":"wp","href":"https:\/\/api.w.org\/{rel}","templated":true}]}}