{"id":5294,"date":"2022-02-21T18:18:05","date_gmt":"2022-02-21T18:18:05","guid":{"rendered":"https:\/\/medicinasinc.com\/fi\/?post_type=product&#038;p=5294"},"modified":"2022-03-22T01:02:33","modified_gmt":"2022-03-22T01:02:33","slug":"osta-oksikodoni-80-mg","status":"publish","type":"product","link":"https:\/\/medicinasinc.com\/fi\/product\/osta-oksikodoni-80-mg\/","title":{"rendered":"Osta Oxycodone 80 mg"},"content":{"rendered":"<div class=\"woocommerce-tabs wc-tabs-wrapper\">\n<div id=\"tab-description\" class=\"woocommerce-Tabs-panel woocommerce-Tabs-panel--description panel entry-content wc-tab\" style=\"text-align: center\" role=\"tabpanel\" aria-labelledby=\"tab-title-description\">\n<p>Verkkoapteekki ostaa oxycontin 80 mg tabletteja.<\/p>\n<p>Oxycodone 80 mg tablettien verkkoosto. Lis\u00e4ksi saatavilla on 40 mg:n Oxycodone-pillereit\u00e4. Osta meilt\u00e4 vain laadukkaimpia l\u00e4\u00e4kkeit\u00e4.<\/p>\n<p>YHTEENVETO Oksikodoni on opioidikipul\u00e4\u00e4ke, jota k\u00e4ytet\u00e4\u00e4n keskivaikean tai vaikean kivun hoitoon.<br \/> MERKINN\u00c4N NIMET<br \/> Endocet ja Endodan ovat molemmat anti- ripulil\u00e4\u00e4kkeet. Toukokuu 2009, uudelleen muotoiltu Xolox, Xtampza, Nalocet, Oxaydo, Oxy.IR, Oxycontin, Oxyneo, Percocet, Prolate, Rivacocet, Roxicet, Roxicodone, Targin, Targiniq<br \/> YLEINEN NIMI <br \/> DRUSSCO4DONANK -DB0x0GB97 <br \/> TAUSTA<br \/> Oksikodoni on puolisynteettinen opioidikipul\u00e4\u00e4ke, joka kehitettiin vuonna 1917 Saksassa tebaiinista.<br \/> 3<br \/> Se on nyt hyv\u00e4ksytty v\u00e4litt\u00f6m\u00e4sti vapautuvaksi tuotteeksi kohtalaisen tai vaikean kivun ja kivun hoitoon. pitkitetysti vapauttavana tuotteena krooniseen keskivaikeaan tai vaikeaan kipuun, joka vaatii jatkuvia opioidikipul\u00e4\u00e4kkeit\u00e4 pitk\u00e4n aikaa.<br \/> FDA hyv\u00e4ksyi ensimm\u00e4isen oksikodonia sis\u00e4lt\u00e4v\u00e4n l\u00e4\u00e4kkeen, Percodanin, 12. huhtikuuta 1950.<br \/> PIEN MOLEKYYLITYYPIT<br \/> RYHM\u00c4T<br \/> Hyv\u00e4ksytty, laiton ja tutkittava<\/p>\n<\/p><\/div><\/div>\n","protected":false},"excerpt":{"rendered":"<p>Oxycodone 80mg -tablettien verkkoosto.<\/p>\n<p>Oxycodone 80mg -tablettien verkkoosto. Oxycodone 80mg myyt\u00e4v\u00e4n\u00e4 Yhdistyneess\u00e4 kuningaskunnassa ja Euroopassa. Lis\u00e4ksi saatavilla on 80 mg:n Oxycodone-pillereit\u00e4. Osta meilt\u00e4 vain korkealaatuisimpia l\u00e4\u00e4kkeit\u00e4.<\/p>\n<p>Oxycodone 80mg -tablettien verkkoosto. Lis\u00e4ksi saatavilla on 80 mg:n Oxycodone-pillereit\u00e4. Osta meilt\u00e4 vain korkealaatuisimpia l\u00e4\u00e4kkeit\u00e4.<\/p>\n","protected":false},"featured_media":5303,"comment_status":"open","ping_status":"closed","template":"","meta":[],"product_brand":[],"product_cat":[1117],"product_tag":[1638,1639,1640,1652,1653,1656,1655,1654,1643,1644,1681,1718,1719,1720,1717,1645,1646,1657,1649,1660,1661,1662,1663,1665,1667,1668,1669,1670,1678,1680,1679,1672,1673,1674,1689,1687,1686,1690,1691,1692,1694,1693,1675,1682,1683,1685,1677,1688,1676,1684,1671,1696,1697,1056,1703,1699,1698,1702,1704,1705,1707,1647,1650,1651,1658,1659,1664,1666,1700,1701,1706,1708,1709,1710,1711,1712,1713,1714,1715,1716],"class_list":{"0":"post-5294","1":"product","2":"type-product","3":"status-publish","4":"has-post-thumbnail","6":"product_cat-osta-kipu-uni-ja-seksipillereita","7":"product_tag-15-mg-oksikodoni","8":"product_tag-20-mg-oksikodonia","9":"product_tag-20mg-oxycodone","10":"product_tag-oksi-5-mg","11":"product_tag-happi-lke","12":"product_tag-happipillereit","13":"product_tag-happi-pilleri","14":"product_tag-happilkkeet","15":"product_tag-how-long-does-oxycodone-last","16":"product_tag-is-oxycodone-an-opioid","17":"product_tag-korkea-oksikodonipitoisuus","18":"product_tag-mik-on-oksi","19":"product_tag-mik-on-oksimorfoni","20":"product_tag-mik-on-roksikodoni","21":"product_tag-mit-oksikodoni-tekee","22":"product_tag-nestem-c3-a4inen-oksikodoneja","23":"product_tag-ei-oksikontiini","24":"product_tag-oksikodiini","25":"product_tag-oksikodoni","26":"product_tag-oksikodoni-10","27":"product_tag-oksikodoni-10-mg","28":"product_tag-oksikodoni-10mg-vaaleanpunainen","29":"product_tag-oksikodoni-15-mg","30":"product_tag-oksikodoni-20-mg","31":"product_tag-oksikodoni-30-mg","32":"product_tag-oksikodoni-5","33":"product_tag-oksikodoni-5-325","34":"product_tag-oksikodoni-5-mg","35":"product_tag-oksikodoni-hcl","36":"product_tag-oksikodoni-hcl-5-mg","37":"product_tag-oksikodoni-hcl-5-mg-tabletti","38":"product_tag-oksikodoni-ja-alkoholi","39":"product_tag-oksikodoni-ja-ibuprofeeni","40":"product_tag-oksikodoni-ja-tylenoli","41":"product_tag-oksikodonin-kytt","42":"product_tag-oksikodoni-pillerit","43":"product_tag-oksikodoni-pilleri","44":"product_tag-oksikodoni-vs-oksikontiini","45":"product_tag-oksikodoni-vs-perkosetti","46":"product_tag-oksikodoni-asetaminofeeni","47":"product_tag-oksikodoni-apap","48":"product_tag-oksikodoni-asetaminofeeni-5-325","49":"product_tag-oksikodoni-annoksia","50":"product_tag-oksikodonihydrokloridi","51":"product_tag-oksikodonihydrokloridi-5-mg","52":"product_tag-oksikodoni-ainesosat","53":"product_tag-oksikodonin-puoliintumisaika","54":"product_tag-oksikodonin-sivuvaikutukset","55":"product_tag-oksikodoni-vaikutukset","56":"product_tag-oksikodoni-vlittmsti-vapautuva","57":"product_tag-oksikodoniriippuvuus","58":"product_tag-oksikontiini","59":"product_tag-oksikontiini-30-mg","60":"product_tag-oksikontiini-80-mg","61":"product_tag-oksikontiini-vs-oksikodoni","62":"product_tag-oksikontiini-vaikutukset","63":"product_tag-oksikontin-annos","64":"product_tag-oksikontinin-yliannostus","65":"product_tag-oksikotonia","66":"product_tag-oksipuuvillaa","67":"product_tag-oksitosiini-pillerit","68":"product_tag-opioidi-kipulkkeet","69":"product_tag-oxy","70":"product_tag-oxy-10","71":"product_tag-oxycodon","72":"product_tag-oxycodone","73":"product_tag-oxycodone-15mg","74":"product_tag-oxycodone-20mg","75":"product_tag-oxycontin-geneerinen","76":"product_tag-oksikontin-ir","77":"product_tag-oxys","78":"product_tag-pilleri-20","79":"product_tag-resepti-kipulkkeet","80":"product_tag-roksikodoni-vs-oksikodoni","81":"product_tag-roxy-10","82":"product_tag-roxy-30s","83":"product_tag-roksi-huume","84":"product_tag-side-effects-of-oxycodone","85":"product_tag-types-of-opioids","86":"product_tag-erityyppisi-kipulkkeit","88":"first","89":"instock","90":"shipping-taxable","91":"purchasable","92":"product-type-variable","93":"has-default-attributes"},"yoast_head":"<!-- This site is optimized with the Yoast SEO plugin v27.3 - https:\/\/yoast.com\/product\/yoast-seo-wordpress\/ -->\n<title>Osta oksikodoni 80 mg - parhaat maailmanlaajuiset l\u00e4\u00e4kkeet<\/title>\n<meta name=\"description\" content=\"Osta Oxycodone 80mg -pillereit\u00e4 verkosta. Osta Oxycodone 80mg myyt\u00e4v\u00e4ksi Isossa-Britanniassa, Euroopassa. Oxycodone 80mg pillereit\u00e4 my\u00f6s saatavilla. Osta laadukkaimmat pillerit meilt\u00e4.\" \/>\n<meta name=\"robots\" content=\"index, follow, max-snippet:-1, max-image-preview:large, max-video-preview:-1\" \/>\n<link rel=\"canonical\" href=\"https:\/\/medicinasinc.com\/fi\/product\/osta-oksikodoni-80-mg\/\" \/>\n<meta property=\"og:locale\" content=\"en_US\" \/>\n<meta property=\"og:type\" content=\"article\" \/>\n<meta property=\"og:title\" content=\"Osta oksikodoni 80 mg - parhaat maailmanlaajuiset l\u00e4\u00e4kkeet\" \/>\n<meta property=\"og:description\" content=\"Osta Oxycodone 80mg -pillereit\u00e4 verkosta. Osta Oxycodone 80mg myyt\u00e4v\u00e4ksi Isossa-Britanniassa, Euroopassa. Oxycodone 80mg pillereit\u00e4 my\u00f6s saatavilla. Osta laadukkaimmat pillerit meilt\u00e4.\" \/>\n<meta property=\"og:url\" content=\"https:\/\/medicinasinc.com\/fi\/product\/osta-oksikodoni-80-mg\/\" \/>\n<meta property=\"og:site_name\" content=\"Medicinas Inc\" \/>\n<meta property=\"article:modified_time\" content=\"2022-03-22T01:02:33+00:00\" \/>\n<meta property=\"og:image\" content=\"https:\/\/medicinasinc.com\/fi\/wp-content\/uploads\/sites\/12\/2022\/02\/Buy-Oxycodone-80mg.jpg\" \/>\n\t<meta property=\"og:image:width\" content=\"600\" \/>\n\t<meta property=\"og:image:height\" content=\"514\" \/>\n\t<meta property=\"og:image:type\" content=\"image\/jpeg\" \/>\n<meta name=\"twitter:card\" content=\"summary_large_image\" \/>\n<meta name=\"twitter:label1\" content=\"Est. reading time\" \/>\n\t<meta name=\"twitter:data1\" content=\"1 minute\" \/>\n<script type=\"application\/ld+json\" class=\"yoast-schema-graph\">{\"@context\":\"https:\\\/\\\/schema.org\",\"@graph\":[{\"@type\":\"WebPage\",\"@id\":\"https:\\\/\\\/medicinasinc.com\\\/fi\\\/product\\\/osta-oksikodoni-80-mg\\\/\",\"url\":\"https:\\\/\\\/medicinasinc.com\\\/fi\\\/product\\\/osta-oksikodoni-80-mg\\\/\",\"name\":\"Osta oksikodoni 80 mg - parhaat maailmanlaajuiset l\u00e4\u00e4kkeet\",\"isPartOf\":{\"@id\":\"https:\\\/\\\/medicinasinc.com\\\/fi\\\/#website\"},\"primaryImageOfPage\":{\"@id\":\"https:\\\/\\\/medicinasinc.com\\\/fi\\\/product\\\/osta-oksikodoni-80-mg\\\/#primaryimage\"},\"image\":{\"@id\":\"https:\\\/\\\/medicinasinc.com\\\/fi\\\/product\\\/osta-oksikodoni-80-mg\\\/#primaryimage\"},\"thumbnailUrl\":\"https:\\\/\\\/medicinasinc.com\\\/fi\\\/wp-content\\\/uploads\\\/sites\\\/12\\\/2022\\\/02\\\/Buy-Oxycodone-80mg.jpg\",\"datePublished\":\"2022-02-21T18:18:05+00:00\",\"dateModified\":\"2022-03-22T01:02:33+00:00\",\"description\":\"Osta Oxycodone 80mg -pillereit\u00e4 verkosta. Osta Oxycodone 80mg myyt\u00e4v\u00e4ksi Isossa-Britanniassa, Euroopassa. Oxycodone 80mg pillereit\u00e4 my\u00f6s saatavilla. Osta laadukkaimmat pillerit meilt\u00e4.\",\"breadcrumb\":{\"@id\":\"https:\\\/\\\/medicinasinc.com\\\/fi\\\/product\\\/osta-oksikodoni-80-mg\\\/#breadcrumb\"},\"inLanguage\":\"en-US\",\"potentialAction\":[{\"@type\":\"ReadAction\",\"target\":[\"https:\\\/\\\/medicinasinc.com\\\/fi\\\/product\\\/osta-oksikodoni-80-mg\\\/\"]}]},{\"@type\":\"ImageObject\",\"inLanguage\":\"en-US\",\"@id\":\"https:\\\/\\\/medicinasinc.com\\\/fi\\\/product\\\/osta-oksikodoni-80-mg\\\/#primaryimage\",\"url\":\"https:\\\/\\\/medicinasinc.com\\\/fi\\\/wp-content\\\/uploads\\\/sites\\\/12\\\/2022\\\/02\\\/Buy-Oxycodone-80mg.jpg\",\"contentUrl\":\"https:\\\/\\\/medicinasinc.com\\\/fi\\\/wp-content\\\/uploads\\\/sites\\\/12\\\/2022\\\/02\\\/Buy-Oxycodone-80mg.jpg\",\"width\":600,\"height\":514},{\"@type\":\"BreadcrumbList\",\"@id\":\"https:\\\/\\\/medicinasinc.com\\\/fi\\\/product\\\/osta-oksikodoni-80-mg\\\/#breadcrumb\",\"itemListElement\":[{\"@type\":\"ListItem\",\"position\":1,\"name\":\"Myym\u00e4l\u00e4\",\"item\":\"https:\\\/\\\/medicinasinc.com\\\/fi\\\/myymala\\\/\"},{\"@type\":\"ListItem\",\"position\":2,\"name\":\"Osta Oxycodone 80 mg\"}]},{\"@type\":\"WebSite\",\"@id\":\"https:\\\/\\\/medicinasinc.com\\\/fi\\\/#website\",\"url\":\"https:\\\/\\\/medicinasinc.com\\\/fi\\\/\",\"name\":\"Medicinas Inc\",\"description\":\"Health Medical Clinic\",\"potentialAction\":[{\"@type\":\"SearchAction\",\"target\":{\"@type\":\"EntryPoint\",\"urlTemplate\":\"https:\\\/\\\/medicinasinc.com\\\/fi\\\/?s={search_term_string}\"},\"query-input\":{\"@type\":\"PropertyValueSpecification\",\"valueRequired\":true,\"valueName\":\"search_term_string\"}}],\"inLanguage\":\"en-US\"}]}<\/script>\n<!-- \/ Yoast SEO plugin. -->","yoast_head_json":{"title":"Osta oksikodoni 80 mg - parhaat maailmanlaajuiset l\u00e4\u00e4kkeet","description":"Osta Oxycodone 80mg -pillereit\u00e4 verkosta. Osta Oxycodone 80mg myyt\u00e4v\u00e4ksi Isossa-Britanniassa, Euroopassa. Oxycodone 80mg pillereit\u00e4 my\u00f6s saatavilla. Osta laadukkaimmat pillerit meilt\u00e4.","robots":{"index":"index","follow":"follow","max-snippet":"max-snippet:-1","max-image-preview":"max-image-preview:large","max-video-preview":"max-video-preview:-1"},"canonical":"https:\/\/medicinasinc.com\/fi\/product\/osta-oksikodoni-80-mg\/","og_locale":"en_US","og_type":"article","og_title":"Osta oksikodoni 80 mg - parhaat maailmanlaajuiset l\u00e4\u00e4kkeet","og_description":"Osta Oxycodone 80mg -pillereit\u00e4 verkosta. Osta Oxycodone 80mg myyt\u00e4v\u00e4ksi Isossa-Britanniassa, Euroopassa. Oxycodone 80mg pillereit\u00e4 my\u00f6s saatavilla. Osta laadukkaimmat pillerit meilt\u00e4.","og_url":"https:\/\/medicinasinc.com\/fi\/product\/osta-oksikodoni-80-mg\/","og_site_name":"Medicinas Inc","article_modified_time":"2022-03-22T01:02:33+00:00","og_image":[{"width":600,"height":514,"url":"https:\/\/medicinasinc.com\/fi\/wp-content\/uploads\/sites\/12\/2022\/02\/Buy-Oxycodone-80mg.jpg","type":"image\/jpeg"}],"twitter_card":"summary_large_image","twitter_misc":{"Est. reading time":"1 minute"},"schema":{"@context":"https:\/\/schema.org","@graph":[{"@type":"WebPage","@id":"https:\/\/medicinasinc.com\/fi\/product\/osta-oksikodoni-80-mg\/","url":"https:\/\/medicinasinc.com\/fi\/product\/osta-oksikodoni-80-mg\/","name":"Osta oksikodoni 80 mg - parhaat maailmanlaajuiset l\u00e4\u00e4kkeet","isPartOf":{"@id":"https:\/\/medicinasinc.com\/fi\/#website"},"primaryImageOfPage":{"@id":"https:\/\/medicinasinc.com\/fi\/product\/osta-oksikodoni-80-mg\/#primaryimage"},"image":{"@id":"https:\/\/medicinasinc.com\/fi\/product\/osta-oksikodoni-80-mg\/#primaryimage"},"thumbnailUrl":"https:\/\/medicinasinc.com\/fi\/wp-content\/uploads\/sites\/12\/2022\/02\/Buy-Oxycodone-80mg.jpg","datePublished":"2022-02-21T18:18:05+00:00","dateModified":"2022-03-22T01:02:33+00:00","description":"Osta Oxycodone 80mg -pillereit\u00e4 verkosta. Osta Oxycodone 80mg myyt\u00e4v\u00e4ksi Isossa-Britanniassa, Euroopassa. Oxycodone 80mg pillereit\u00e4 my\u00f6s saatavilla. Osta laadukkaimmat pillerit meilt\u00e4.","breadcrumb":{"@id":"https:\/\/medicinasinc.com\/fi\/product\/osta-oksikodoni-80-mg\/#breadcrumb"},"inLanguage":"en-US","potentialAction":[{"@type":"ReadAction","target":["https:\/\/medicinasinc.com\/fi\/product\/osta-oksikodoni-80-mg\/"]}]},{"@type":"ImageObject","inLanguage":"en-US","@id":"https:\/\/medicinasinc.com\/fi\/product\/osta-oksikodoni-80-mg\/#primaryimage","url":"https:\/\/medicinasinc.com\/fi\/wp-content\/uploads\/sites\/12\/2022\/02\/Buy-Oxycodone-80mg.jpg","contentUrl":"https:\/\/medicinasinc.com\/fi\/wp-content\/uploads\/sites\/12\/2022\/02\/Buy-Oxycodone-80mg.jpg","width":600,"height":514},{"@type":"BreadcrumbList","@id":"https:\/\/medicinasinc.com\/fi\/product\/osta-oksikodoni-80-mg\/#breadcrumb","itemListElement":[{"@type":"ListItem","position":1,"name":"Myym\u00e4l\u00e4","item":"https:\/\/medicinasinc.com\/fi\/myymala\/"},{"@type":"ListItem","position":2,"name":"Osta Oxycodone 80 mg"}]},{"@type":"WebSite","@id":"https:\/\/medicinasinc.com\/fi\/#website","url":"https:\/\/medicinasinc.com\/fi\/","name":"Medicinas Inc","description":"Health Medical Clinic","potentialAction":[{"@type":"SearchAction","target":{"@type":"EntryPoint","urlTemplate":"https:\/\/medicinasinc.com\/fi\/?s={search_term_string}"},"query-input":{"@type":"PropertyValueSpecification","valueRequired":true,"valueName":"search_term_string"}}],"inLanguage":"en-US"}]}},"_links":{"self":[{"href":"https:\/\/medicinasinc.com\/fi\/wp-json\/wp\/v2\/product\/5294","targetHints":{"allow":["GET"]}}],"collection":[{"href":"https:\/\/medicinasinc.com\/fi\/wp-json\/wp\/v2\/product"}],"about":[{"href":"https:\/\/medicinasinc.com\/fi\/wp-json\/wp\/v2\/types\/product"}],"replies":[{"embeddable":true,"href":"https:\/\/medicinasinc.com\/fi\/wp-json\/wp\/v2\/comments?post=5294"}],"wp:featuredmedia":[{"embeddable":true,"href":"https:\/\/medicinasinc.com\/fi\/wp-json\/wp\/v2\/media\/5303"}],"wp:attachment":[{"href":"https:\/\/medicinasinc.com\/fi\/wp-json\/wp\/v2\/media?parent=5294"}],"wp:term":[{"taxonomy":"product_brand","embeddable":true,"href":"https:\/\/medicinasinc.com\/fi\/wp-json\/wp\/v2\/product_brand?post=5294"},{"taxonomy":"product_cat","embeddable":true,"href":"https:\/\/medicinasinc.com\/fi\/wp-json\/wp\/v2\/product_cat?post=5294"},{"taxonomy":"product_tag","embeddable":true,"href":"https:\/\/medicinasinc.com\/fi\/wp-json\/wp\/v2\/product_tag?post=5294"}],"curies":[{"name":"wp","href":"https:\/\/api.w.org\/{rel}","templated":true}]}}