{"id":5293,"date":"2022-02-21T18:15:16","date_gmt":"2022-02-21T18:15:16","guid":{"rendered":"https:\/\/medicinasinc.com\/fi\/?post_type=product&#038;p=5293"},"modified":"2022-03-22T01:02:42","modified_gmt":"2022-03-22T01:02:42","slug":"osta-oksikodoni-40mg-pillerit","status":"publish","type":"product","link":"https:\/\/medicinasinc.com\/fi\/product\/osta-oksikodoni-40mg-pillerit\/","title":{"rendered":"Osta OxyCodone 40 mg pillereit\u00e4"},"content":{"rendered":"<p>Oxycodone 40mg -tablettien verkkoosto.<\/p>\n<p>Oxycodone 40mg -tablettien verkkoosto. Lis\u00e4ksi myymme kodeiinia. Maailmanlaajuisesti k\u00e4ytet\u00e4\u00e4n kipul\u00e4\u00e4kkeit\u00e4 ja muita l\u00e4\u00e4kkeit\u00e4.<\/p>\n<p>Verkkoapteekista voi ostaa OxyCodone 40 mg tabletteja.<\/p>\n<p>Osta Oxycodone verkosta | Osta Oxycodone 40 mg ilman resepti\u00e4<\/p>\n<p>Voit saada pikatoimituksen luottokortilla.<\/p>\n<p>T\u00e4t\u00e4 l\u00e4\u00e4kett\u00e4 k\u00e4ytet\u00e4\u00e4n lievitt\u00e4m\u00e4\u00e4n vaikeaa, jatkuvaa kipua (esim. sy\u00f6p\u00e4).<\/p>\n<p>Oksikodoni on opioidikipul\u00e4\u00e4ke. Se vaikuttaa muuttamalla sit\u00e4, miten kehosi havaitsee aivokivun ja reagoi siihen.<\/p>\n<p>T\u00e4m\u00e4n l\u00e4\u00e4kkeen suurempia annoksia (yli 40 mg per tabletti) tulee k\u00e4ytt\u00e4\u00e4 vain, jos olet k\u00e4ytt\u00e4nyt kohtalaisia \u200b\u200btai suuria annoksia. opioidikipul\u00e4\u00e4kett\u00e4 s\u00e4\u00e4nn\u00f6llisesti. N\u00e4m\u00e4 vahvuudet voivat johtaa yliannostukseen (ja ehk\u00e4 kuolemaan), jos niit\u00e4 ottaa henkil\u00f6, joka ei ole k\u00e4ytt\u00e4nyt opioideja jatkuvasti.<\/p>\n<p>V\u00e4lt\u00e4 pitk\u00e4vaikutteisen oksikodonin k\u00e4ytt\u00f6\u00e4 sellaisen kivun hoitoon, joka on v\u00e4h\u00e4ist\u00e4 tai h\u00e4vi\u00e4\u00e4 hetken kuluessa. muutama p\u00e4iv\u00e4. T\u00e4t\u00e4 l\u00e4\u00e4kett\u00e4 ei ole tarkoitettu k\u00e4ytett\u00e4v\u00e4ksi &#8220;tarpeen mukaan&#8221;.<\/p>\n","protected":false},"excerpt":{"rendered":"<div class=\"woocommerce-product-details__short-description\">\n<p>Verkkoapteekista voi ostaa OxyCodone 40 mg tabletteja. Osta Oxycodone verkosta | Oxycodone 40mg:n ostaminen ilman resepti\u00e4 Voit saada pikatoimituksen pankkisiirrolla.<\/p>\n<p>Osta Oxycodone 40mg -pillereit\u00e4 verkosta Yhdistyneess\u00e4 kuningaskunnassa ja Euroopassa, tilaa halpoja Oxycodone-pillereit\u00e4 verkosta&#8230; Voit ostaa oksikodonitabletteja verkosta ilman resepti\u00e4 (ei RX:t\u00e4).<\/p>\n<\/p><\/div>\n","protected":false},"featured_media":5301,"comment_status":"open","ping_status":"closed","template":"","meta":[],"product_brand":[],"product_cat":[1117],"product_tag":[1638,1639,1640,1641,1642,1652,1653,1656,1655,1654,1643,1644,1681,1718,1719,1720,1717,1645,1646,1657,1649,1660,1661,1662,1663,1665,1667,1668,1669,1670,1678,1680,1679,1672,1673,1674,1689,1687,1686,1690,1691,1692,1694,1693,1675,1682,1683,1685,1677,1688,1676,1684,1671,1696,1697,1056,1703,1699,1698,1702,1704,1705,1707,1647,1648,1650,1651,1658,1659,1664,1666,1695,1700,1701,1706,1708,1709,1710,1711,1712,1713,1714,1715,1716],"class_list":{"0":"post-5293","1":"product","2":"type-product","3":"status-publish","4":"has-post-thumbnail","6":"product_cat-osta-kipu-uni-ja-seksipillereita","7":"product_tag-15-mg-oksikodoni","8":"product_tag-20-mg-oksikodonia","9":"product_tag-20mg-oxycodone","10":"product_tag-dihydrohydroxycodeinone","11":"product_tag-dihydroxycodeinone","12":"product_tag-oksi-5-mg","13":"product_tag-happi-lke","14":"product_tag-happipillereit","15":"product_tag-happi-pilleri","16":"product_tag-happilkkeet","17":"product_tag-how-long-does-oxycodone-last","18":"product_tag-is-oxycodone-an-opioid","19":"product_tag-korkea-oksikodonipitoisuus","20":"product_tag-mik-on-oksi","21":"product_tag-mik-on-oksimorfoni","22":"product_tag-mik-on-roksikodoni","23":"product_tag-mit-oksikodoni-tekee","24":"product_tag-nestem-c3-a4inen-oksikodoneja","25":"product_tag-ei-oksikontiini","26":"product_tag-oksikodiini","27":"product_tag-oksikodoni","28":"product_tag-oksikodoni-10","29":"product_tag-oksikodoni-10-mg","30":"product_tag-oksikodoni-10mg-vaaleanpunainen","31":"product_tag-oksikodoni-15-mg","32":"product_tag-oksikodoni-20-mg","33":"product_tag-oksikodoni-30-mg","34":"product_tag-oksikodoni-5","35":"product_tag-oksikodoni-5-325","36":"product_tag-oksikodoni-5-mg","37":"product_tag-oksikodoni-hcl","38":"product_tag-oksikodoni-hcl-5-mg","39":"product_tag-oksikodoni-hcl-5-mg-tabletti","40":"product_tag-oksikodoni-ja-alkoholi","41":"product_tag-oksikodoni-ja-ibuprofeeni","42":"product_tag-oksikodoni-ja-tylenoli","43":"product_tag-oksikodonin-kytt","44":"product_tag-oksikodoni-pillerit","45":"product_tag-oksikodoni-pilleri","46":"product_tag-oksikodoni-vs-oksikontiini","47":"product_tag-oksikodoni-vs-perkosetti","48":"product_tag-oksikodoni-asetaminofeeni","49":"product_tag-oksikodoni-apap","50":"product_tag-oksikodoni-asetaminofeeni-5-325","51":"product_tag-oksikodoni-annoksia","52":"product_tag-oksikodonihydrokloridi","53":"product_tag-oksikodonihydrokloridi-5-mg","54":"product_tag-oksikodoni-ainesosat","55":"product_tag-oksikodonin-puoliintumisaika","56":"product_tag-oksikodonin-sivuvaikutukset","57":"product_tag-oksikodoni-vaikutukset","58":"product_tag-oksikodoni-vlittmsti-vapautuva","59":"product_tag-oksikodoniriippuvuus","60":"product_tag-oksikontiini","61":"product_tag-oksikontiini-30-mg","62":"product_tag-oksikontiini-80-mg","63":"product_tag-oksikontiini-vs-oksikodoni","64":"product_tag-oksikontiini-vaikutukset","65":"product_tag-oksikontin-annos","66":"product_tag-oksikontinin-yliannostus","67":"product_tag-oksikotonia","68":"product_tag-oksipuuvillaa","69":"product_tag-oksitosiini-pillerit","70":"product_tag-opioidi-kipulkkeet","71":"product_tag-oxicodona","72":"product_tag-oxy","73":"product_tag-oxy-10","74":"product_tag-oxycodon","75":"product_tag-oxycodone","76":"product_tag-oxycodone-15mg","77":"product_tag-oxycodone-20mg","78":"product_tag-oxycodonum","79":"product_tag-oxycontin-geneerinen","80":"product_tag-oksikontin-ir","81":"product_tag-oxys","82":"product_tag-pilleri-20","83":"product_tag-resepti-kipulkkeet","84":"product_tag-roksikodoni-vs-oksikodoni","85":"product_tag-roxy-10","86":"product_tag-roxy-30s","87":"product_tag-roksi-huume","88":"product_tag-side-effects-of-oxycodone","89":"product_tag-types-of-opioids","90":"product_tag-erityyppisi-kipulkkeit","92":"first","93":"instock","94":"shipping-taxable","95":"purchasable","96":"product-type-variable","97":"has-default-attributes"},"yoast_head":"<!-- This site is optimized with the Yoast SEO plugin v27.3 - https:\/\/yoast.com\/product\/yoast-seo-wordpress\/ -->\n<title>Osta OxyCodone 40 mg pillereit\u00e4 - parhaat maailmanlaajuiset l\u00e4\u00e4kkeet<\/title>\n<meta name=\"description\" content=\"Osta Oxycodone\u00a040mg Pills for sale UK, Europe Online,\u00a0Tilaa\u00a0halpoja\u00a0Oxycodone 40 mg -pillereit\u00e4 verkosta\u2026 Voit\u00a0ostaa oksikodonitabletteja verkossa\u00a0ilman resepti\u00e4 (ei RX).\" \/>\n<meta name=\"robots\" content=\"index, follow, max-snippet:-1, max-image-preview:large, max-video-preview:-1\" \/>\n<link rel=\"canonical\" href=\"https:\/\/medicinasinc.com\/fi\/product\/osta-oksikodoni-40mg-pillerit\/\" \/>\n<meta property=\"og:locale\" content=\"en_US\" \/>\n<meta property=\"og:type\" content=\"article\" \/>\n<meta property=\"og:title\" content=\"Osta OxyCodone 40 mg pillereit\u00e4 - parhaat maailmanlaajuiset l\u00e4\u00e4kkeet\" \/>\n<meta property=\"og:description\" content=\"Osta Oxycodone\u00a040mg Pills for sale UK, Europe Online,\u00a0Tilaa\u00a0halpoja\u00a0Oxycodone 40 mg -pillereit\u00e4 verkosta\u2026 Voit\u00a0ostaa oksikodonitabletteja verkossa\u00a0ilman resepti\u00e4 (ei RX).\" \/>\n<meta property=\"og:url\" content=\"https:\/\/medicinasinc.com\/fi\/product\/osta-oksikodoni-40mg-pillerit\/\" \/>\n<meta property=\"og:site_name\" content=\"Medicinas Inc\" \/>\n<meta property=\"article:modified_time\" content=\"2022-03-22T01:02:42+00:00\" \/>\n<meta property=\"og:image\" content=\"https:\/\/medicinasinc.com\/fi\/wp-content\/uploads\/sites\/12\/2022\/02\/Buy-OxyCodone-40mg.jpg\" \/>\n\t<meta property=\"og:image:width\" content=\"600\" \/>\n\t<meta property=\"og:image:height\" content=\"400\" \/>\n\t<meta property=\"og:image:type\" content=\"image\/jpeg\" \/>\n<meta name=\"twitter:card\" content=\"summary_large_image\" \/>\n<meta name=\"twitter:label1\" content=\"Est. reading time\" \/>\n\t<meta name=\"twitter:data1\" content=\"1 minute\" \/>\n<script type=\"application\/ld+json\" class=\"yoast-schema-graph\">{\"@context\":\"https:\\\/\\\/schema.org\",\"@graph\":[{\"@type\":\"WebPage\",\"@id\":\"https:\\\/\\\/medicinasinc.com\\\/fi\\\/product\\\/osta-oksikodoni-40mg-pillerit\\\/\",\"url\":\"https:\\\/\\\/medicinasinc.com\\\/fi\\\/product\\\/osta-oksikodoni-40mg-pillerit\\\/\",\"name\":\"Osta OxyCodone 40 mg pillereit\u00e4 - parhaat maailmanlaajuiset l\u00e4\u00e4kkeet\",\"isPartOf\":{\"@id\":\"https:\\\/\\\/medicinasinc.com\\\/fi\\\/#website\"},\"primaryImageOfPage\":{\"@id\":\"https:\\\/\\\/medicinasinc.com\\\/fi\\\/product\\\/osta-oksikodoni-40mg-pillerit\\\/#primaryimage\"},\"image\":{\"@id\":\"https:\\\/\\\/medicinasinc.com\\\/fi\\\/product\\\/osta-oksikodoni-40mg-pillerit\\\/#primaryimage\"},\"thumbnailUrl\":\"https:\\\/\\\/medicinasinc.com\\\/fi\\\/wp-content\\\/uploads\\\/sites\\\/12\\\/2022\\\/02\\\/Buy-OxyCodone-40mg.jpg\",\"datePublished\":\"2022-02-21T18:15:16+00:00\",\"dateModified\":\"2022-03-22T01:02:42+00:00\",\"description\":\"Osta Oxycodone\u00a040mg Pills for sale UK, Europe Online,\u00a0Tilaa\u00a0halpoja\u00a0Oxycodone 40 mg -pillereit\u00e4 verkosta\u2026 Voit\u00a0ostaa oksikodonitabletteja verkossa\u00a0ilman resepti\u00e4 (ei RX).\",\"breadcrumb\":{\"@id\":\"https:\\\/\\\/medicinasinc.com\\\/fi\\\/product\\\/osta-oksikodoni-40mg-pillerit\\\/#breadcrumb\"},\"inLanguage\":\"en-US\",\"potentialAction\":[{\"@type\":\"ReadAction\",\"target\":[\"https:\\\/\\\/medicinasinc.com\\\/fi\\\/product\\\/osta-oksikodoni-40mg-pillerit\\\/\"]}]},{\"@type\":\"ImageObject\",\"inLanguage\":\"en-US\",\"@id\":\"https:\\\/\\\/medicinasinc.com\\\/fi\\\/product\\\/osta-oksikodoni-40mg-pillerit\\\/#primaryimage\",\"url\":\"https:\\\/\\\/medicinasinc.com\\\/fi\\\/wp-content\\\/uploads\\\/sites\\\/12\\\/2022\\\/02\\\/Buy-OxyCodone-40mg.jpg\",\"contentUrl\":\"https:\\\/\\\/medicinasinc.com\\\/fi\\\/wp-content\\\/uploads\\\/sites\\\/12\\\/2022\\\/02\\\/Buy-OxyCodone-40mg.jpg\",\"width\":600,\"height\":400},{\"@type\":\"BreadcrumbList\",\"@id\":\"https:\\\/\\\/medicinasinc.com\\\/fi\\\/product\\\/osta-oksikodoni-40mg-pillerit\\\/#breadcrumb\",\"itemListElement\":[{\"@type\":\"ListItem\",\"position\":1,\"name\":\"Myym\u00e4l\u00e4\",\"item\":\"https:\\\/\\\/medicinasinc.com\\\/fi\\\/myymala\\\/\"},{\"@type\":\"ListItem\",\"position\":2,\"name\":\"Osta OxyCodone 40 mg pillereit\u00e4\"}]},{\"@type\":\"WebSite\",\"@id\":\"https:\\\/\\\/medicinasinc.com\\\/fi\\\/#website\",\"url\":\"https:\\\/\\\/medicinasinc.com\\\/fi\\\/\",\"name\":\"Medicinas Inc\",\"description\":\"Health Medical Clinic\",\"potentialAction\":[{\"@type\":\"SearchAction\",\"target\":{\"@type\":\"EntryPoint\",\"urlTemplate\":\"https:\\\/\\\/medicinasinc.com\\\/fi\\\/?s={search_term_string}\"},\"query-input\":{\"@type\":\"PropertyValueSpecification\",\"valueRequired\":true,\"valueName\":\"search_term_string\"}}],\"inLanguage\":\"en-US\"}]}<\/script>\n<!-- \/ Yoast SEO plugin. -->","yoast_head_json":{"title":"Osta OxyCodone 40 mg pillereit\u00e4 - parhaat maailmanlaajuiset l\u00e4\u00e4kkeet","description":"Osta Oxycodone\u00a040mg Pills for sale UK, Europe Online,\u00a0Tilaa\u00a0halpoja\u00a0Oxycodone 40 mg -pillereit\u00e4 verkosta\u2026 Voit\u00a0ostaa oksikodonitabletteja verkossa\u00a0ilman resepti\u00e4 (ei RX).","robots":{"index":"index","follow":"follow","max-snippet":"max-snippet:-1","max-image-preview":"max-image-preview:large","max-video-preview":"max-video-preview:-1"},"canonical":"https:\/\/medicinasinc.com\/fi\/product\/osta-oksikodoni-40mg-pillerit\/","og_locale":"en_US","og_type":"article","og_title":"Osta OxyCodone 40 mg pillereit\u00e4 - parhaat maailmanlaajuiset l\u00e4\u00e4kkeet","og_description":"Osta Oxycodone\u00a040mg Pills for sale UK, Europe Online,\u00a0Tilaa\u00a0halpoja\u00a0Oxycodone 40 mg -pillereit\u00e4 verkosta\u2026 Voit\u00a0ostaa oksikodonitabletteja verkossa\u00a0ilman resepti\u00e4 (ei RX).","og_url":"https:\/\/medicinasinc.com\/fi\/product\/osta-oksikodoni-40mg-pillerit\/","og_site_name":"Medicinas Inc","article_modified_time":"2022-03-22T01:02:42+00:00","og_image":[{"width":600,"height":400,"url":"https:\/\/medicinasinc.com\/fi\/wp-content\/uploads\/sites\/12\/2022\/02\/Buy-OxyCodone-40mg.jpg","type":"image\/jpeg"}],"twitter_card":"summary_large_image","twitter_misc":{"Est. reading time":"1 minute"},"schema":{"@context":"https:\/\/schema.org","@graph":[{"@type":"WebPage","@id":"https:\/\/medicinasinc.com\/fi\/product\/osta-oksikodoni-40mg-pillerit\/","url":"https:\/\/medicinasinc.com\/fi\/product\/osta-oksikodoni-40mg-pillerit\/","name":"Osta OxyCodone 40 mg pillereit\u00e4 - parhaat maailmanlaajuiset l\u00e4\u00e4kkeet","isPartOf":{"@id":"https:\/\/medicinasinc.com\/fi\/#website"},"primaryImageOfPage":{"@id":"https:\/\/medicinasinc.com\/fi\/product\/osta-oksikodoni-40mg-pillerit\/#primaryimage"},"image":{"@id":"https:\/\/medicinasinc.com\/fi\/product\/osta-oksikodoni-40mg-pillerit\/#primaryimage"},"thumbnailUrl":"https:\/\/medicinasinc.com\/fi\/wp-content\/uploads\/sites\/12\/2022\/02\/Buy-OxyCodone-40mg.jpg","datePublished":"2022-02-21T18:15:16+00:00","dateModified":"2022-03-22T01:02:42+00:00","description":"Osta Oxycodone\u00a040mg Pills for sale UK, Europe Online,\u00a0Tilaa\u00a0halpoja\u00a0Oxycodone 40 mg -pillereit\u00e4 verkosta\u2026 Voit\u00a0ostaa oksikodonitabletteja verkossa\u00a0ilman resepti\u00e4 (ei RX).","breadcrumb":{"@id":"https:\/\/medicinasinc.com\/fi\/product\/osta-oksikodoni-40mg-pillerit\/#breadcrumb"},"inLanguage":"en-US","potentialAction":[{"@type":"ReadAction","target":["https:\/\/medicinasinc.com\/fi\/product\/osta-oksikodoni-40mg-pillerit\/"]}]},{"@type":"ImageObject","inLanguage":"en-US","@id":"https:\/\/medicinasinc.com\/fi\/product\/osta-oksikodoni-40mg-pillerit\/#primaryimage","url":"https:\/\/medicinasinc.com\/fi\/wp-content\/uploads\/sites\/12\/2022\/02\/Buy-OxyCodone-40mg.jpg","contentUrl":"https:\/\/medicinasinc.com\/fi\/wp-content\/uploads\/sites\/12\/2022\/02\/Buy-OxyCodone-40mg.jpg","width":600,"height":400},{"@type":"BreadcrumbList","@id":"https:\/\/medicinasinc.com\/fi\/product\/osta-oksikodoni-40mg-pillerit\/#breadcrumb","itemListElement":[{"@type":"ListItem","position":1,"name":"Myym\u00e4l\u00e4","item":"https:\/\/medicinasinc.com\/fi\/myymala\/"},{"@type":"ListItem","position":2,"name":"Osta OxyCodone 40 mg pillereit\u00e4"}]},{"@type":"WebSite","@id":"https:\/\/medicinasinc.com\/fi\/#website","url":"https:\/\/medicinasinc.com\/fi\/","name":"Medicinas Inc","description":"Health Medical Clinic","potentialAction":[{"@type":"SearchAction","target":{"@type":"EntryPoint","urlTemplate":"https:\/\/medicinasinc.com\/fi\/?s={search_term_string}"},"query-input":{"@type":"PropertyValueSpecification","valueRequired":true,"valueName":"search_term_string"}}],"inLanguage":"en-US"}]}},"_links":{"self":[{"href":"https:\/\/medicinasinc.com\/fi\/wp-json\/wp\/v2\/product\/5293","targetHints":{"allow":["GET"]}}],"collection":[{"href":"https:\/\/medicinasinc.com\/fi\/wp-json\/wp\/v2\/product"}],"about":[{"href":"https:\/\/medicinasinc.com\/fi\/wp-json\/wp\/v2\/types\/product"}],"replies":[{"embeddable":true,"href":"https:\/\/medicinasinc.com\/fi\/wp-json\/wp\/v2\/comments?post=5293"}],"wp:featuredmedia":[{"embeddable":true,"href":"https:\/\/medicinasinc.com\/fi\/wp-json\/wp\/v2\/media\/5301"}],"wp:attachment":[{"href":"https:\/\/medicinasinc.com\/fi\/wp-json\/wp\/v2\/media?parent=5293"}],"wp:term":[{"taxonomy":"product_brand","embeddable":true,"href":"https:\/\/medicinasinc.com\/fi\/wp-json\/wp\/v2\/product_brand?post=5293"},{"taxonomy":"product_cat","embeddable":true,"href":"https:\/\/medicinasinc.com\/fi\/wp-json\/wp\/v2\/product_cat?post=5293"},{"taxonomy":"product_tag","embeddable":true,"href":"https:\/\/medicinasinc.com\/fi\/wp-json\/wp\/v2\/product_tag?post=5293"}],"curies":[{"name":"wp","href":"https:\/\/api.w.org\/{rel}","templated":true}]}}