{"id":5265,"date":"2022-02-20T22:55:20","date_gmt":"2022-02-20T22:55:20","guid":{"rendered":"https:\/\/medicinasinc.com\/fi\/?post_type=product&#038;p=5265"},"modified":"2022-03-22T01:02:54","modified_gmt":"2022-03-22T01:02:54","slug":"osta-mogadon-nitratsepaami-5mg-pillerit","status":"publish","type":"product","link":"https:\/\/medicinasinc.com\/fi\/product\/osta-mogadon-nitratsepaami-5mg-pillerit\/","title":{"rendered":"Osta Mogadon Nitrazepam 5 mg pillereit\u00e4"},"content":{"rendered":"<p>Mogadon Nitrazepam 5mg -pillereiden verkkoostos<br \/> Mogadon maksaa 0,31 dollaria pilleri\u00e4 kohden meill\u00e4 PocketPillsiss\u00e4. Mogadon voi olla halvempi, jos vakuutus kattaa sen. Saadaksesi Mogadonin kaikki kustannukset, sinun on sis\u00e4llytett\u00e4v\u00e4 lis\u00e4ksi jakelu- ja toimituskulut.<\/p>\n<p>Kuinka paljon Mogadonin jakelumaksu on?<\/p>\n<p>Mogadonin jakelumaksu meill\u00e4 on vain 7 dollaria . Pocketpills pyrkii tarjoamaan sinulle Kanadan halvimmat Mogadon-hinnat.<br \/> Muista, ett\u00e4 tarjoamme ILMAISEN TOIMITUKSEN kaikille tilauksille maailmanlaajuisesti.<\/p>\n<div>\n<div>\n<div>\n<div class=\"margin- tl\">\n<div class=\"drugcontent-wrapper\">\n<div class=\"h4\">\n<ul>\n<li>Muista, ett\u00e4 tarjoamme sinulle ILMAISEN toimituksen Kanadassa.<\/li>\n<\/ul><\/div><\/div><\/div><\/div><\/div><\/div>\n<div class=\"product-next-previous\">\n<div class=\"product-prev\"><\/div><\/div>\n","protected":false},"excerpt":{"rendered":"<p>Mogadon Nitrazepam 5mg -pillereit\u00e4 myyd\u00e4\u00e4n Yhdistyneess\u00e4 kuningaskunnassa ja Euroopassa. nukahtamisvaikeudet, toistuvat kiihotukset y\u00f6n aikana ja her\u00e4\u00e4minen aikaisin aamulla. Lis\u00e4ksi sit\u00e4 k\u00e4ytet\u00e4\u00e4n myoklonisten kohtausten seurantaan.<\/p>\n<p>Mogadon Buy Online &#8211; Laadukkaimmat pillerit Osta nitratsepamia verkosta ilman resepti\u00e4, tilaa ja toimita Mogadonsi kansainv\u00e4lisesti nopealla toimituksella.<\/p>\n<p>nitratsepam xr 30 mg osta<\/p>\n<p>osta nitratsepam y\u00f6ss\u00e4 toimitus osta nitratsepaami ilman resepti\u00e4 verkosta. osta nitratsepaamia Costa ricassa, Euroopassa, Dubaissa, Kiinassa, Euroopan unionissa ja kaikkialla maailmassa. Geneerisen nitratsepaamin tabletit<\/p>\n","protected":false},"featured_media":5995,"comment_status":"open","ping_status":"closed","template":"","meta":[],"product_brand":[],"product_cat":[1117],"product_tag":[1631,1633,1632,1634,1629,1630,1636,1635,1637],"class_list":{"0":"post-5265","1":"product","2":"type-product","3":"status-publish","4":"has-post-thumbnail","6":"product_cat-osta-kipu-uni-ja-seksipillereita","7":"product_tag-mogadon-nitratsepaami","8":"product_tag-mogadon-nitratsepaami-vieroitus","9":"product_tag-mogadon-nitratsepam-miten-lopeta","10":"product_tag-nitratsepaami-mogadon","11":"product_tag-osta-nitratsepaami-10mg-osta-mogadon-online-nitratsepaami-5mg-myynniss-osta-mogadon-10mg","12":"product_tag-osta-halpa-mogadon-nitratsepam","13":"product_tag-reddit-mogadon-nitratsepam-vieroitus","14":"product_tag-reddit-mogadon-nitrazepam","15":"product_tag-reddit-nitratsepam-mogadon-vieroitus","17":"first","18":"instock","19":"shipping-taxable","20":"purchasable","21":"product-type-variable","22":"has-default-attributes"},"yoast_head":"<!-- This site is optimized with the Yoast SEO plugin v27.3 - https:\/\/yoast.com\/product\/yoast-seo-wordpress\/ -->\n<title>Osta Mogadon Nitrazepam 5 mg pillereit\u00e4 - parhaat maailmanlaajuiset l\u00e4\u00e4kkeet<\/title>\n<meta name=\"description\" content=\"Osta Mogadon Nitrazepam 5 mg pillereit\u00e4 myyt\u00e4v\u00e4n\u00e4 Isossa-Britanniassa, Euroopassa verkossa. vaikeuksia ny\u00f6kk\u00e4\u00e4 pois, per\u00e4kk\u00e4iset her\u00e4ttelyt koko y\u00f6n ja varhaisen aamun her\u00e4tt\u00e4minen. Sit\u00e4 k\u00e4ytet\u00e4\u00e4n lis\u00e4ksi myoklonisten kohtausten valvontaan.\" \/>\n<meta name=\"robots\" content=\"index, follow, max-snippet:-1, max-image-preview:large, max-video-preview:-1\" \/>\n<link rel=\"canonical\" href=\"https:\/\/medicinasinc.com\/fi\/product\/osta-mogadon-nitratsepaami-5mg-pillerit\/\" \/>\n<meta property=\"og:locale\" content=\"en_US\" \/>\n<meta property=\"og:type\" content=\"article\" \/>\n<meta property=\"og:title\" content=\"Osta Mogadon Nitrazepam 5 mg pillereit\u00e4 - parhaat maailmanlaajuiset l\u00e4\u00e4kkeet\" \/>\n<meta property=\"og:description\" content=\"Osta Mogadon Nitrazepam 5 mg pillereit\u00e4 myyt\u00e4v\u00e4n\u00e4 Isossa-Britanniassa, Euroopassa verkossa. vaikeuksia ny\u00f6kk\u00e4\u00e4 pois, per\u00e4kk\u00e4iset her\u00e4ttelyt koko y\u00f6n ja varhaisen aamun her\u00e4tt\u00e4minen. Sit\u00e4 k\u00e4ytet\u00e4\u00e4n lis\u00e4ksi myoklonisten kohtausten valvontaan.\" \/>\n<meta property=\"og:url\" content=\"https:\/\/medicinasinc.com\/fi\/product\/osta-mogadon-nitratsepaami-5mg-pillerit\/\" \/>\n<meta property=\"og:site_name\" content=\"Medicinas Inc\" \/>\n<meta property=\"article:modified_time\" content=\"2022-03-22T01:02:54+00:00\" \/>\n<meta property=\"og:image\" content=\"https:\/\/medicinasinc.com\/fi\/wp-content\/uploads\/sites\/12\/2022\/02\/Buy-Mogadon-Nitrazepam-5mg-pills.jpg\" \/>\n\t<meta property=\"og:image:width\" content=\"640\" \/>\n\t<meta property=\"og:image:height\" content=\"480\" \/>\n\t<meta property=\"og:image:type\" content=\"image\/jpeg\" \/>\n<meta name=\"twitter:card\" content=\"summary_large_image\" \/>\n<meta name=\"twitter:label1\" content=\"Est. reading time\" \/>\n\t<meta name=\"twitter:data1\" content=\"1 minute\" \/>\n<script type=\"application\/ld+json\" class=\"yoast-schema-graph\">{\"@context\":\"https:\\\/\\\/schema.org\",\"@graph\":[{\"@type\":\"WebPage\",\"@id\":\"https:\\\/\\\/medicinasinc.com\\\/fi\\\/product\\\/osta-mogadon-nitratsepaami-5mg-pillerit\\\/\",\"url\":\"https:\\\/\\\/medicinasinc.com\\\/fi\\\/product\\\/osta-mogadon-nitratsepaami-5mg-pillerit\\\/\",\"name\":\"Osta Mogadon Nitrazepam 5 mg pillereit\u00e4 - parhaat maailmanlaajuiset l\u00e4\u00e4kkeet\",\"isPartOf\":{\"@id\":\"https:\\\/\\\/medicinasinc.com\\\/fi\\\/#website\"},\"primaryImageOfPage\":{\"@id\":\"https:\\\/\\\/medicinasinc.com\\\/fi\\\/product\\\/osta-mogadon-nitratsepaami-5mg-pillerit\\\/#primaryimage\"},\"image\":{\"@id\":\"https:\\\/\\\/medicinasinc.com\\\/fi\\\/product\\\/osta-mogadon-nitratsepaami-5mg-pillerit\\\/#primaryimage\"},\"thumbnailUrl\":\"https:\\\/\\\/medicinasinc.com\\\/fi\\\/wp-content\\\/uploads\\\/sites\\\/12\\\/2022\\\/02\\\/Buy-Mogadon-Nitrazepam-5mg-pills.jpg\",\"datePublished\":\"2022-02-20T22:55:20+00:00\",\"dateModified\":\"2022-03-22T01:02:54+00:00\",\"description\":\"Osta Mogadon Nitrazepam 5 mg pillereit\u00e4 myyt\u00e4v\u00e4n\u00e4 Isossa-Britanniassa, Euroopassa verkossa. vaikeuksia ny\u00f6kk\u00e4\u00e4 pois, per\u00e4kk\u00e4iset her\u00e4ttelyt koko y\u00f6n ja varhaisen aamun her\u00e4tt\u00e4minen. Sit\u00e4 k\u00e4ytet\u00e4\u00e4n lis\u00e4ksi myoklonisten kohtausten valvontaan.\",\"breadcrumb\":{\"@id\":\"https:\\\/\\\/medicinasinc.com\\\/fi\\\/product\\\/osta-mogadon-nitratsepaami-5mg-pillerit\\\/#breadcrumb\"},\"inLanguage\":\"en-US\",\"potentialAction\":[{\"@type\":\"ReadAction\",\"target\":[\"https:\\\/\\\/medicinasinc.com\\\/fi\\\/product\\\/osta-mogadon-nitratsepaami-5mg-pillerit\\\/\"]}]},{\"@type\":\"ImageObject\",\"inLanguage\":\"en-US\",\"@id\":\"https:\\\/\\\/medicinasinc.com\\\/fi\\\/product\\\/osta-mogadon-nitratsepaami-5mg-pillerit\\\/#primaryimage\",\"url\":\"https:\\\/\\\/medicinasinc.com\\\/fi\\\/wp-content\\\/uploads\\\/sites\\\/12\\\/2022\\\/02\\\/Buy-Mogadon-Nitrazepam-5mg-pills.jpg\",\"contentUrl\":\"https:\\\/\\\/medicinasinc.com\\\/fi\\\/wp-content\\\/uploads\\\/sites\\\/12\\\/2022\\\/02\\\/Buy-Mogadon-Nitrazepam-5mg-pills.jpg\",\"width\":640,\"height\":480,\"caption\":\"Buy Mogadon Nitrazepam 5mg pills\"},{\"@type\":\"BreadcrumbList\",\"@id\":\"https:\\\/\\\/medicinasinc.com\\\/fi\\\/product\\\/osta-mogadon-nitratsepaami-5mg-pillerit\\\/#breadcrumb\",\"itemListElement\":[{\"@type\":\"ListItem\",\"position\":1,\"name\":\"Myym\u00e4l\u00e4\",\"item\":\"https:\\\/\\\/medicinasinc.com\\\/fi\\\/myymala\\\/\"},{\"@type\":\"ListItem\",\"position\":2,\"name\":\"Osta Mogadon Nitrazepam 5 mg pillereit\u00e4\"}]},{\"@type\":\"WebSite\",\"@id\":\"https:\\\/\\\/medicinasinc.com\\\/fi\\\/#website\",\"url\":\"https:\\\/\\\/medicinasinc.com\\\/fi\\\/\",\"name\":\"Medicinas Inc\",\"description\":\"Health Medical Clinic\",\"potentialAction\":[{\"@type\":\"SearchAction\",\"target\":{\"@type\":\"EntryPoint\",\"urlTemplate\":\"https:\\\/\\\/medicinasinc.com\\\/fi\\\/?s={search_term_string}\"},\"query-input\":{\"@type\":\"PropertyValueSpecification\",\"valueRequired\":true,\"valueName\":\"search_term_string\"}}],\"inLanguage\":\"en-US\"}]}<\/script>\n<!-- \/ Yoast SEO plugin. -->","yoast_head_json":{"title":"Osta Mogadon Nitrazepam 5 mg pillereit\u00e4 - parhaat maailmanlaajuiset l\u00e4\u00e4kkeet","description":"Osta Mogadon Nitrazepam 5 mg pillereit\u00e4 myyt\u00e4v\u00e4n\u00e4 Isossa-Britanniassa, Euroopassa verkossa. vaikeuksia ny\u00f6kk\u00e4\u00e4 pois, per\u00e4kk\u00e4iset her\u00e4ttelyt koko y\u00f6n ja varhaisen aamun her\u00e4tt\u00e4minen. Sit\u00e4 k\u00e4ytet\u00e4\u00e4n lis\u00e4ksi myoklonisten kohtausten valvontaan.","robots":{"index":"index","follow":"follow","max-snippet":"max-snippet:-1","max-image-preview":"max-image-preview:large","max-video-preview":"max-video-preview:-1"},"canonical":"https:\/\/medicinasinc.com\/fi\/product\/osta-mogadon-nitratsepaami-5mg-pillerit\/","og_locale":"en_US","og_type":"article","og_title":"Osta Mogadon Nitrazepam 5 mg pillereit\u00e4 - parhaat maailmanlaajuiset l\u00e4\u00e4kkeet","og_description":"Osta Mogadon Nitrazepam 5 mg pillereit\u00e4 myyt\u00e4v\u00e4n\u00e4 Isossa-Britanniassa, Euroopassa verkossa. vaikeuksia ny\u00f6kk\u00e4\u00e4 pois, per\u00e4kk\u00e4iset her\u00e4ttelyt koko y\u00f6n ja varhaisen aamun her\u00e4tt\u00e4minen. Sit\u00e4 k\u00e4ytet\u00e4\u00e4n lis\u00e4ksi myoklonisten kohtausten valvontaan.","og_url":"https:\/\/medicinasinc.com\/fi\/product\/osta-mogadon-nitratsepaami-5mg-pillerit\/","og_site_name":"Medicinas Inc","article_modified_time":"2022-03-22T01:02:54+00:00","og_image":[{"width":640,"height":480,"url":"https:\/\/medicinasinc.com\/fi\/wp-content\/uploads\/sites\/12\/2022\/02\/Buy-Mogadon-Nitrazepam-5mg-pills.jpg","type":"image\/jpeg"}],"twitter_card":"summary_large_image","twitter_misc":{"Est. reading time":"1 minute"},"schema":{"@context":"https:\/\/schema.org","@graph":[{"@type":"WebPage","@id":"https:\/\/medicinasinc.com\/fi\/product\/osta-mogadon-nitratsepaami-5mg-pillerit\/","url":"https:\/\/medicinasinc.com\/fi\/product\/osta-mogadon-nitratsepaami-5mg-pillerit\/","name":"Osta Mogadon Nitrazepam 5 mg pillereit\u00e4 - parhaat maailmanlaajuiset l\u00e4\u00e4kkeet","isPartOf":{"@id":"https:\/\/medicinasinc.com\/fi\/#website"},"primaryImageOfPage":{"@id":"https:\/\/medicinasinc.com\/fi\/product\/osta-mogadon-nitratsepaami-5mg-pillerit\/#primaryimage"},"image":{"@id":"https:\/\/medicinasinc.com\/fi\/product\/osta-mogadon-nitratsepaami-5mg-pillerit\/#primaryimage"},"thumbnailUrl":"https:\/\/medicinasinc.com\/fi\/wp-content\/uploads\/sites\/12\/2022\/02\/Buy-Mogadon-Nitrazepam-5mg-pills.jpg","datePublished":"2022-02-20T22:55:20+00:00","dateModified":"2022-03-22T01:02:54+00:00","description":"Osta Mogadon Nitrazepam 5 mg pillereit\u00e4 myyt\u00e4v\u00e4n\u00e4 Isossa-Britanniassa, Euroopassa verkossa. vaikeuksia ny\u00f6kk\u00e4\u00e4 pois, per\u00e4kk\u00e4iset her\u00e4ttelyt koko y\u00f6n ja varhaisen aamun her\u00e4tt\u00e4minen. Sit\u00e4 k\u00e4ytet\u00e4\u00e4n lis\u00e4ksi myoklonisten kohtausten valvontaan.","breadcrumb":{"@id":"https:\/\/medicinasinc.com\/fi\/product\/osta-mogadon-nitratsepaami-5mg-pillerit\/#breadcrumb"},"inLanguage":"en-US","potentialAction":[{"@type":"ReadAction","target":["https:\/\/medicinasinc.com\/fi\/product\/osta-mogadon-nitratsepaami-5mg-pillerit\/"]}]},{"@type":"ImageObject","inLanguage":"en-US","@id":"https:\/\/medicinasinc.com\/fi\/product\/osta-mogadon-nitratsepaami-5mg-pillerit\/#primaryimage","url":"https:\/\/medicinasinc.com\/fi\/wp-content\/uploads\/sites\/12\/2022\/02\/Buy-Mogadon-Nitrazepam-5mg-pills.jpg","contentUrl":"https:\/\/medicinasinc.com\/fi\/wp-content\/uploads\/sites\/12\/2022\/02\/Buy-Mogadon-Nitrazepam-5mg-pills.jpg","width":640,"height":480,"caption":"Buy Mogadon Nitrazepam 5mg pills"},{"@type":"BreadcrumbList","@id":"https:\/\/medicinasinc.com\/fi\/product\/osta-mogadon-nitratsepaami-5mg-pillerit\/#breadcrumb","itemListElement":[{"@type":"ListItem","position":1,"name":"Myym\u00e4l\u00e4","item":"https:\/\/medicinasinc.com\/fi\/myymala\/"},{"@type":"ListItem","position":2,"name":"Osta Mogadon Nitrazepam 5 mg pillereit\u00e4"}]},{"@type":"WebSite","@id":"https:\/\/medicinasinc.com\/fi\/#website","url":"https:\/\/medicinasinc.com\/fi\/","name":"Medicinas Inc","description":"Health Medical Clinic","potentialAction":[{"@type":"SearchAction","target":{"@type":"EntryPoint","urlTemplate":"https:\/\/medicinasinc.com\/fi\/?s={search_term_string}"},"query-input":{"@type":"PropertyValueSpecification","valueRequired":true,"valueName":"search_term_string"}}],"inLanguage":"en-US"}]}},"_links":{"self":[{"href":"https:\/\/medicinasinc.com\/fi\/wp-json\/wp\/v2\/product\/5265","targetHints":{"allow":["GET"]}}],"collection":[{"href":"https:\/\/medicinasinc.com\/fi\/wp-json\/wp\/v2\/product"}],"about":[{"href":"https:\/\/medicinasinc.com\/fi\/wp-json\/wp\/v2\/types\/product"}],"replies":[{"embeddable":true,"href":"https:\/\/medicinasinc.com\/fi\/wp-json\/wp\/v2\/comments?post=5265"}],"wp:featuredmedia":[{"embeddable":true,"href":"https:\/\/medicinasinc.com\/fi\/wp-json\/wp\/v2\/media\/5995"}],"wp:attachment":[{"href":"https:\/\/medicinasinc.com\/fi\/wp-json\/wp\/v2\/media?parent=5265"}],"wp:term":[{"taxonomy":"product_brand","embeddable":true,"href":"https:\/\/medicinasinc.com\/fi\/wp-json\/wp\/v2\/product_brand?post=5265"},{"taxonomy":"product_cat","embeddable":true,"href":"https:\/\/medicinasinc.com\/fi\/wp-json\/wp\/v2\/product_cat?post=5265"},{"taxonomy":"product_tag","embeddable":true,"href":"https:\/\/medicinasinc.com\/fi\/wp-json\/wp\/v2\/product_tag?post=5265"}],"curies":[{"name":"wp","href":"https:\/\/api.w.org\/{rel}","templated":true}]}}