{"id":5264,"date":"2022-02-20T22:53:05","date_gmt":"2022-02-20T22:53:05","guid":{"rendered":"https:\/\/medicinasinc.com\/fi\/?post_type=product&#038;p=5264"},"modified":"2022-03-22T01:03:06","modified_gmt":"2022-03-22T01:03:06","slug":"osta-motrin-ibuprofeeni-600mg-pillerit","status":"publish","type":"product","link":"https:\/\/medicinasinc.com\/fi\/product\/osta-motrin-ibuprofeeni-600mg-pillerit\/","title":{"rendered":"Osta Motrin Ibuprofen 600mg pillereit\u00e4"},"content":{"rendered":"<p>Motrin \u2013 Ibuprofen 600mg -pillereit\u00e4 voi ostaa verkosta.<br \/> Motrin Ibuprofen 600mg -pillereit\u00e4 voi ostaa verkosta.<\/p>\n<p>Ibuprofeeni 600mg on saatavana tabletteina. Se kuuluu steroideihin kuulumattomien tulehduskipul\u00e4\u00e4kkeiden eli NSAID-l\u00e4\u00e4kkeiden ryhm\u00e4\u00e4n. Sit\u00e4 k\u00e4ytet\u00e4\u00e4n nivelrikon, nivelreuman, selk\u00e4rangan niveltulehduksen, turvonneiden nivelten, olkap\u00e4\u00e4n j\u00e4\u00e4tymisen, bursiitin, j\u00e4nnetulehduksen, tenosynoviittien, alasel\u00e4n ep\u00e4mukavuuden sek\u00e4 nyrj\u00e4hdysten ja ven\u00e4hdysten hoitoon.<\/p>\n<p>Ibuprofeeni 600 mg tabletit tulee s\u00e4ilytt\u00e4\u00e4 poissa lasten ulottuvilta. n\u00e4ky ja ulottuvuus. Se tulee s\u00e4ilytt\u00e4\u00e4 alkuper\u00e4isess\u00e4 pakkauksessaan ja s\u00e4ilytt\u00e4\u00e4 enint\u00e4\u00e4n 25 celsiusasteen l\u00e4mp\u00f6tilassa.<\/p>\n","protected":false},"excerpt":{"rendered":"<div class=\"woocommerce-product-details__short-description\">\n<p>Motrin \u2013 Ibuprofen 600 mg -pillereit\u00e4 voi ostaa verkosta. Osta Ibuprofeenia verkosta eritt\u00e4in alhaisin kustannuksin. Tukkutilaukset ovat oikeutettuja ilmaiseen toimitukseen. Jos olet halunnut ostaa reseptil\u00e4\u00e4kkeit\u00e4 verkosta ilman resepti\u00e4, hakusi on valmis.<\/p>\n<p>Ibuprofeeni 600 mg on saatavana tablettimuodossa. Se kuuluu NSAID-l\u00e4\u00e4kkeiden luokkaan &#8211; Ei-steroidiset tulehduskipul\u00e4\u00e4kkeet.<\/p>\n<p>Ibuprofeeni 600 mg tabletit, ibuprofeeni 600 mg reseptivahvuus, ibuprofeeni 600 mg reseptivapaasti, ibuprofeeni 600 mg aikuisille, ibuprofeeni 600 mg pillerihinta, 600 mg buprofeenia saappaat, motrin 600 mg, 600 mg ibuprofeenia ilman resepti\u00e4 uk<\/p>\n<\/p><\/div>\n","protected":false},"featured_media":5282,"comment_status":"open","ping_status":"closed","template":"","meta":[],"product_brand":[],"product_cat":[1117],"product_tag":[1571,1572,1575,1576,1577,1579,1580,1578,1583,1588,1587,1586,1584,1589,1585,1590,1591,1593,1594,1595,1592,1597,1598,1596,1599,1600,1601,1603,1604,1609,1610,1582,1627,1628,1619,1611,1612,1613,1616,1617,1618,1620,1605,1621,1614,1615,1622,1623,1625,1626,1624,1602,1606,1608,1607,1581,1574,1573],"class_list":{"0":"post-5264","1":"product","2":"type-product","3":"status-publish","4":"has-post-thumbnail","6":"product_cat-osta-kipu-uni-ja-seksipillereita","7":"product_tag-600-mg-ibuprofeeni-reseptivapaa-uk","8":"product_tag-advil-motrin-ibuprofeeni","9":"product_tag-are-motrin-and-ibuprofen-the-same","10":"product_tag-are-motrin-and-ibuprofen-the-same-thing","11":"product_tag-difference-between-ibuprofen-and-motrin","12":"product_tag-does-motrin-contain-ibuprofen","13":"product_tag-does-motrin-have-ibuprofen","14":"product_tag-ero-motriinin-ja-ibuprofeenin-vlill","15":"product_tag-ibuprofeeni-200mg-tabletit","16":"product_tag-ibuprofeeni-600-mg-hinta-per-pilleri","17":"product_tag-ibuprofeeni-600-mg-reseptivahvuus","18":"product_tag-ibuprofeeni-600-mg-reseptivapaa","19":"product_tag-ibuprofeeni-600-mg-saappaat","20":"product_tag-ibuprofeeni-600mg-tabletit","21":"product_tag-ibuprofeeni-600-mg-annos-aikuisille","22":"product_tag-ibuprofeeni-advil-motrin","23":"product_tag-ibuprofeeni-ja-motriini","24":"product_tag-ibuprofeeni-motriini","25":"product_tag-ibuprofeeni-motriini-600-mg","26":"product_tag-ibuprofeeni-motriini-800-mg","27":"product_tag-ibuprofeeni-is-motriini","28":"product_tag-ibuprofeeni-sama-as-motrin","29":"product_tag-ibuprofeeni-vs-motriini","30":"product_tag-ibuprofen-motrin-800mg","31":"product_tag-is-ibuprofen-and-motrin-the-same","32":"product_tag-is-ibuprofen-and-motrin-the-same-thing","33":"product_tag-is-ibuprofen-motrin","34":"product_tag-is-motrin-and-ibuprofen-the-same","35":"product_tag-is-motrin-and-ibuprofen-the-same-thing","36":"product_tag-is-motrin-the-same-as-ibuprofen","37":"product_tag-is-motrin-the-same-thing-as-ibuprofen","38":"product_tag-kuinka-paljon-ibuprofeenia-motrinissa","39":"product_tag-mit-eroa-ibuprofeenilla-ja-motriinilla","40":"product_tag-mit-eroa-motriinilla-ja-ibuprofeenilla","41":"product_tag-motrin-ibuprofeeni","42":"product_tag-motrin-600-mg","43":"product_tag-motrin-600-mg-vs-ibuprofeeni","44":"product_tag-motrin-800-vs-ibuprofeeni","45":"product_tag-motrin-and-ibuprofen-the-same-thing","46":"product_tag-motrin-and-ibuprofen-together","47":"product_tag-motrin-ib","48":"product_tag-motrin-ibuprofeeni-200-mg","49":"product_tag-is-motriini-ibuprofeeni","50":"product_tag-motrin-ibuprofeeni-annos","51":"product_tag-motriini-ja-ibuprofeeni","52":"product_tag-motrin-ja-ibuprofeeni-sama","53":"product_tag-motrin-is-ibuprofeeni","54":"product_tag-motrin-sama-kuin-ibuprofeeni","55":"product_tag-motrin-vs-advil-vs-ibuprofeeni","56":"product_tag-motrin-vs-ibuprofeeni","57":"product_tag-motrin-versus-ibuprofeeni","58":"product_tag-on-ibuprofeeni-sama-kuin-motrin","59":"product_tag-on-motriini-ibuprofeeni-tai-asetaminofeeni","60":"product_tag-on-motriini-sama-kuin-ibuprofeeni","61":"product_tag-on-motriinin-kaltainen-ibuprofeeni","62":"product_tag-onko-motrinissa-ibuprofeenia","63":"product_tag-ovat-ibuprofeeni-ja-motriini-sama-asia","64":"product_tag-ovat-ibuprofeeni-ja-motriini-sama","66":"first","67":"instock","68":"shipping-taxable","69":"purchasable","70":"product-type-variable","71":"has-default-attributes"},"yoast_head":"<!-- This site is optimized with the Yoast SEO plugin v27.3 - https:\/\/yoast.com\/product\/yoast-seo-wordpress\/ -->\n<title>Osta Motrin Ibuprofen 600 mg pillereit\u00e4 - parhaat maailmanlaajuiset l\u00e4\u00e4kkeet<\/title>\n<meta name=\"description\" content=\"Osta Motrin Ibuprofen 600 mg pillereit\u00e4 verkosta. Osta Ibuprofeeni 600mg verkosta eritt\u00e4in halvalla. Ilmainen toimitus tukkutilauksille. Jos olet halunnut ostaa l\u00e4\u00e4kkeit\u00e4 verkosta ilman resepti\u00e4, hakusi on ohi.\" \/>\n<meta name=\"robots\" content=\"index, follow, max-snippet:-1, max-image-preview:large, max-video-preview:-1\" \/>\n<link rel=\"canonical\" href=\"https:\/\/medicinasinc.com\/fi\/product\/osta-motrin-ibuprofeeni-600mg-pillerit\/\" \/>\n<meta property=\"og:locale\" content=\"en_US\" \/>\n<meta property=\"og:type\" content=\"article\" \/>\n<meta property=\"og:title\" content=\"Osta Motrin Ibuprofen 600 mg pillereit\u00e4 - parhaat maailmanlaajuiset l\u00e4\u00e4kkeet\" \/>\n<meta property=\"og:description\" content=\"Osta Motrin Ibuprofen 600 mg pillereit\u00e4 verkosta. Osta Ibuprofeeni 600mg verkosta eritt\u00e4in halvalla. Ilmainen toimitus tukkutilauksille. Jos olet halunnut ostaa l\u00e4\u00e4kkeit\u00e4 verkosta ilman resepti\u00e4, hakusi on ohi.\" \/>\n<meta property=\"og:url\" content=\"https:\/\/medicinasinc.com\/fi\/product\/osta-motrin-ibuprofeeni-600mg-pillerit\/\" \/>\n<meta property=\"og:site_name\" content=\"Medicinas Inc\" \/>\n<meta property=\"article:modified_time\" content=\"2022-03-22T01:03:06+00:00\" \/>\n<meta property=\"og:image\" content=\"https:\/\/medicinasinc.com\/fi\/wp-content\/uploads\/sites\/12\/2022\/02\/Buy-Motrin-Ibuprofen-600mg.jpg\" \/>\n\t<meta property=\"og:image:width\" content=\"1200\" \/>\n\t<meta property=\"og:image:height\" content=\"1200\" \/>\n\t<meta property=\"og:image:type\" content=\"image\/jpeg\" \/>\n<meta name=\"twitter:card\" content=\"summary_large_image\" \/>\n<meta name=\"twitter:label1\" content=\"Est. reading time\" \/>\n\t<meta name=\"twitter:data1\" content=\"1 minute\" \/>\n<script type=\"application\/ld+json\" class=\"yoast-schema-graph\">{\"@context\":\"https:\\\/\\\/schema.org\",\"@graph\":[{\"@type\":\"WebPage\",\"@id\":\"https:\\\/\\\/medicinasinc.com\\\/fi\\\/product\\\/osta-motrin-ibuprofeeni-600mg-pillerit\\\/\",\"url\":\"https:\\\/\\\/medicinasinc.com\\\/fi\\\/product\\\/osta-motrin-ibuprofeeni-600mg-pillerit\\\/\",\"name\":\"Osta Motrin Ibuprofen 600 mg pillereit\u00e4 - parhaat maailmanlaajuiset l\u00e4\u00e4kkeet\",\"isPartOf\":{\"@id\":\"https:\\\/\\\/medicinasinc.com\\\/fi\\\/#website\"},\"primaryImageOfPage\":{\"@id\":\"https:\\\/\\\/medicinasinc.com\\\/fi\\\/product\\\/osta-motrin-ibuprofeeni-600mg-pillerit\\\/#primaryimage\"},\"image\":{\"@id\":\"https:\\\/\\\/medicinasinc.com\\\/fi\\\/product\\\/osta-motrin-ibuprofeeni-600mg-pillerit\\\/#primaryimage\"},\"thumbnailUrl\":\"https:\\\/\\\/medicinasinc.com\\\/fi\\\/wp-content\\\/uploads\\\/sites\\\/12\\\/2022\\\/02\\\/Buy-Motrin-Ibuprofen-600mg.jpg\",\"datePublished\":\"2022-02-20T22:53:05+00:00\",\"dateModified\":\"2022-03-22T01:03:06+00:00\",\"description\":\"Osta Motrin Ibuprofen 600 mg pillereit\u00e4 verkosta. Osta Ibuprofeeni 600mg verkosta eritt\u00e4in halvalla. Ilmainen toimitus tukkutilauksille. Jos olet halunnut ostaa l\u00e4\u00e4kkeit\u00e4 verkosta ilman resepti\u00e4, hakusi on ohi.\",\"breadcrumb\":{\"@id\":\"https:\\\/\\\/medicinasinc.com\\\/fi\\\/product\\\/osta-motrin-ibuprofeeni-600mg-pillerit\\\/#breadcrumb\"},\"inLanguage\":\"en-US\",\"potentialAction\":[{\"@type\":\"ReadAction\",\"target\":[\"https:\\\/\\\/medicinasinc.com\\\/fi\\\/product\\\/osta-motrin-ibuprofeeni-600mg-pillerit\\\/\"]}]},{\"@type\":\"ImageObject\",\"inLanguage\":\"en-US\",\"@id\":\"https:\\\/\\\/medicinasinc.com\\\/fi\\\/product\\\/osta-motrin-ibuprofeeni-600mg-pillerit\\\/#primaryimage\",\"url\":\"https:\\\/\\\/medicinasinc.com\\\/fi\\\/wp-content\\\/uploads\\\/sites\\\/12\\\/2022\\\/02\\\/Buy-Motrin-Ibuprofen-600mg.jpg\",\"contentUrl\":\"https:\\\/\\\/medicinasinc.com\\\/fi\\\/wp-content\\\/uploads\\\/sites\\\/12\\\/2022\\\/02\\\/Buy-Motrin-Ibuprofen-600mg.jpg\",\"width\":1200,\"height\":1200},{\"@type\":\"BreadcrumbList\",\"@id\":\"https:\\\/\\\/medicinasinc.com\\\/fi\\\/product\\\/osta-motrin-ibuprofeeni-600mg-pillerit\\\/#breadcrumb\",\"itemListElement\":[{\"@type\":\"ListItem\",\"position\":1,\"name\":\"Myym\u00e4l\u00e4\",\"item\":\"https:\\\/\\\/medicinasinc.com\\\/fi\\\/myymala\\\/\"},{\"@type\":\"ListItem\",\"position\":2,\"name\":\"Osta Motrin Ibuprofen 600mg pillereit\u00e4\"}]},{\"@type\":\"WebSite\",\"@id\":\"https:\\\/\\\/medicinasinc.com\\\/fi\\\/#website\",\"url\":\"https:\\\/\\\/medicinasinc.com\\\/fi\\\/\",\"name\":\"Medicinas Inc\",\"description\":\"Health Medical Clinic\",\"potentialAction\":[{\"@type\":\"SearchAction\",\"target\":{\"@type\":\"EntryPoint\",\"urlTemplate\":\"https:\\\/\\\/medicinasinc.com\\\/fi\\\/?s={search_term_string}\"},\"query-input\":{\"@type\":\"PropertyValueSpecification\",\"valueRequired\":true,\"valueName\":\"search_term_string\"}}],\"inLanguage\":\"en-US\"}]}<\/script>\n<!-- \/ Yoast SEO plugin. -->","yoast_head_json":{"title":"Osta Motrin Ibuprofen 600 mg pillereit\u00e4 - parhaat maailmanlaajuiset l\u00e4\u00e4kkeet","description":"Osta Motrin Ibuprofen 600 mg pillereit\u00e4 verkosta. Osta Ibuprofeeni 600mg verkosta eritt\u00e4in halvalla. Ilmainen toimitus tukkutilauksille. Jos olet halunnut ostaa l\u00e4\u00e4kkeit\u00e4 verkosta ilman resepti\u00e4, hakusi on ohi.","robots":{"index":"index","follow":"follow","max-snippet":"max-snippet:-1","max-image-preview":"max-image-preview:large","max-video-preview":"max-video-preview:-1"},"canonical":"https:\/\/medicinasinc.com\/fi\/product\/osta-motrin-ibuprofeeni-600mg-pillerit\/","og_locale":"en_US","og_type":"article","og_title":"Osta Motrin Ibuprofen 600 mg pillereit\u00e4 - parhaat maailmanlaajuiset l\u00e4\u00e4kkeet","og_description":"Osta Motrin Ibuprofen 600 mg pillereit\u00e4 verkosta. Osta Ibuprofeeni 600mg verkosta eritt\u00e4in halvalla. Ilmainen toimitus tukkutilauksille. Jos olet halunnut ostaa l\u00e4\u00e4kkeit\u00e4 verkosta ilman resepti\u00e4, hakusi on ohi.","og_url":"https:\/\/medicinasinc.com\/fi\/product\/osta-motrin-ibuprofeeni-600mg-pillerit\/","og_site_name":"Medicinas Inc","article_modified_time":"2022-03-22T01:03:06+00:00","og_image":[{"width":1200,"height":1200,"url":"https:\/\/medicinasinc.com\/fi\/wp-content\/uploads\/sites\/12\/2022\/02\/Buy-Motrin-Ibuprofen-600mg.jpg","type":"image\/jpeg"}],"twitter_card":"summary_large_image","twitter_misc":{"Est. reading time":"1 minute"},"schema":{"@context":"https:\/\/schema.org","@graph":[{"@type":"WebPage","@id":"https:\/\/medicinasinc.com\/fi\/product\/osta-motrin-ibuprofeeni-600mg-pillerit\/","url":"https:\/\/medicinasinc.com\/fi\/product\/osta-motrin-ibuprofeeni-600mg-pillerit\/","name":"Osta Motrin Ibuprofen 600 mg pillereit\u00e4 - parhaat maailmanlaajuiset l\u00e4\u00e4kkeet","isPartOf":{"@id":"https:\/\/medicinasinc.com\/fi\/#website"},"primaryImageOfPage":{"@id":"https:\/\/medicinasinc.com\/fi\/product\/osta-motrin-ibuprofeeni-600mg-pillerit\/#primaryimage"},"image":{"@id":"https:\/\/medicinasinc.com\/fi\/product\/osta-motrin-ibuprofeeni-600mg-pillerit\/#primaryimage"},"thumbnailUrl":"https:\/\/medicinasinc.com\/fi\/wp-content\/uploads\/sites\/12\/2022\/02\/Buy-Motrin-Ibuprofen-600mg.jpg","datePublished":"2022-02-20T22:53:05+00:00","dateModified":"2022-03-22T01:03:06+00:00","description":"Osta Motrin Ibuprofen 600 mg pillereit\u00e4 verkosta. Osta Ibuprofeeni 600mg verkosta eritt\u00e4in halvalla. Ilmainen toimitus tukkutilauksille. Jos olet halunnut ostaa l\u00e4\u00e4kkeit\u00e4 verkosta ilman resepti\u00e4, hakusi on ohi.","breadcrumb":{"@id":"https:\/\/medicinasinc.com\/fi\/product\/osta-motrin-ibuprofeeni-600mg-pillerit\/#breadcrumb"},"inLanguage":"en-US","potentialAction":[{"@type":"ReadAction","target":["https:\/\/medicinasinc.com\/fi\/product\/osta-motrin-ibuprofeeni-600mg-pillerit\/"]}]},{"@type":"ImageObject","inLanguage":"en-US","@id":"https:\/\/medicinasinc.com\/fi\/product\/osta-motrin-ibuprofeeni-600mg-pillerit\/#primaryimage","url":"https:\/\/medicinasinc.com\/fi\/wp-content\/uploads\/sites\/12\/2022\/02\/Buy-Motrin-Ibuprofen-600mg.jpg","contentUrl":"https:\/\/medicinasinc.com\/fi\/wp-content\/uploads\/sites\/12\/2022\/02\/Buy-Motrin-Ibuprofen-600mg.jpg","width":1200,"height":1200},{"@type":"BreadcrumbList","@id":"https:\/\/medicinasinc.com\/fi\/product\/osta-motrin-ibuprofeeni-600mg-pillerit\/#breadcrumb","itemListElement":[{"@type":"ListItem","position":1,"name":"Myym\u00e4l\u00e4","item":"https:\/\/medicinasinc.com\/fi\/myymala\/"},{"@type":"ListItem","position":2,"name":"Osta Motrin Ibuprofen 600mg pillereit\u00e4"}]},{"@type":"WebSite","@id":"https:\/\/medicinasinc.com\/fi\/#website","url":"https:\/\/medicinasinc.com\/fi\/","name":"Medicinas Inc","description":"Health Medical Clinic","potentialAction":[{"@type":"SearchAction","target":{"@type":"EntryPoint","urlTemplate":"https:\/\/medicinasinc.com\/fi\/?s={search_term_string}"},"query-input":{"@type":"PropertyValueSpecification","valueRequired":true,"valueName":"search_term_string"}}],"inLanguage":"en-US"}]}},"_links":{"self":[{"href":"https:\/\/medicinasinc.com\/fi\/wp-json\/wp\/v2\/product\/5264","targetHints":{"allow":["GET"]}}],"collection":[{"href":"https:\/\/medicinasinc.com\/fi\/wp-json\/wp\/v2\/product"}],"about":[{"href":"https:\/\/medicinasinc.com\/fi\/wp-json\/wp\/v2\/types\/product"}],"replies":[{"embeddable":true,"href":"https:\/\/medicinasinc.com\/fi\/wp-json\/wp\/v2\/comments?post=5264"}],"wp:featuredmedia":[{"embeddable":true,"href":"https:\/\/medicinasinc.com\/fi\/wp-json\/wp\/v2\/media\/5282"}],"wp:attachment":[{"href":"https:\/\/medicinasinc.com\/fi\/wp-json\/wp\/v2\/media?parent=5264"}],"wp:term":[{"taxonomy":"product_brand","embeddable":true,"href":"https:\/\/medicinasinc.com\/fi\/wp-json\/wp\/v2\/product_brand?post=5264"},{"taxonomy":"product_cat","embeddable":true,"href":"https:\/\/medicinasinc.com\/fi\/wp-json\/wp\/v2\/product_cat?post=5264"},{"taxonomy":"product_tag","embeddable":true,"href":"https:\/\/medicinasinc.com\/fi\/wp-json\/wp\/v2\/product_tag?post=5264"}],"curies":[{"name":"wp","href":"https:\/\/api.w.org\/{rel}","templated":true}]}}