{"id":5263,"date":"2022-02-20T22:51:56","date_gmt":"2022-02-20T22:51:56","guid":{"rendered":"https:\/\/medicinasinc.com\/fi\/?post_type=product&#038;p=5263"},"modified":"2022-03-22T01:03:15","modified_gmt":"2022-03-22T01:03:15","slug":"osta-naze-2mg-klonatsepaami","status":"publish","type":"product","link":"https:\/\/medicinasinc.com\/fi\/product\/osta-naze-2mg-klonatsepaami\/","title":{"rendered":"Osta Naze 2mg Clonazepam"},"content":{"rendered":"<p>Naze 2mg Clonazepam -tablettien ostaminen verkosta<\/p>\n<p>Klonatsepaamia k\u00e4ytet\u00e4\u00e4n kohtausten (epilepsian tai kohtausten) ja odottamattomien vakavan pelkokohtausten sek\u00e4 n\u00e4ist\u00e4 kohtauksista johtuvan ahdistuneisuuden (paniikkih\u00e4iri\u00f6) hoitoon. julkisten paikkojen pelko (agorafobia).<br \/> Klonatsepaami kuuluu bentsodiatsepiinien ryhm\u00e4\u00e4n. Klonatsepaamin tarkkaa vaikutustapaa ei tunneta. Sen uskotaan kuitenkin parantavan gamma-aminovoihapon (GABA) -nimisen signalointikemikaalin toimintaa aivoissa, mik\u00e4 auttaa rauhoittamaan liiallista s\u00e4hk\u00f6ist\u00e4 hermotoimintaa, joka aiheuttaa kohtauksia (kohtauksia) ja paniikkih\u00e4iri\u00f6it\u00e4.<\/p>\n<p>Osta Naze (Clonazepam) 2mg verkosta ilman resepti\u00e4 myym\u00e4l\u00e4st\u00e4mme pankkisiirrolla. Euroopasta, Yhdistyneest\u00e4 kuningaskunnasta ja Yhdysvalloista toimitetaan huomaamaton y\u00f6n yli.<\/p>\n<p>Naze 2mg Clonazepam -pillereit\u00e4 voi ostaa verkosta.<\/p>\n<p>Ota klonatsepaami juuri sen verran kuin l\u00e4\u00e4k\u00e4risi on m\u00e4\u00e4r\u00e4nnyt.<\/p>\n<p>Naze\u00a0(klonatsepaami)\u00a02 mg. Voit saada Naze (Clonazepam) 2 mg tabletteja ilman resepti\u00e4 verkossa (ei RX). Tuote on hinnoiteltu seuraavasti: per pilleri.<\/p>\n","protected":false},"excerpt":{"rendered":"<p>Osta Naze (Clonazepam) 2mg verkosta ilman resepti\u00e4 myym\u00e4l\u00e4st\u00e4mme pankkisiirrolla. Euroopasta, Yhdistyneest\u00e4 kuningaskunnasta ja Yhdysvalloista toimitetaan huomaamaton y\u00f6n yli.<\/p>\n<p>Naze 2mg Clonazepam -pillereit\u00e4 voi ostaa verkosta.<\/p>\n<p>Ota klonatsepaami juuri sen verran kuin l\u00e4\u00e4k\u00e4risi on m\u00e4\u00e4r\u00e4nnyt.<\/p>\n<p>Naze\u00a0(klonatsepaami)\u00a02 mg. Voit saada Naze (Clonazepam) 2 mg tabletteja ilman resepti\u00e4 verkosta (ei RX)<\/p>\n<div class=\"ULSxyf\">\n<div class=\"EyBRub\">\n<div>\n<div id=\"_QM5vYYzICdD2gQa--6GgAw40\" class=\"yp\" data-jiis=\"up\" data-async-type=\"kp_feedback\" data-ved=\"2ahUKEwiM6ImnxNjzAhVQe8AKHb59CDQQ68cEegQIKhAA\"><\/div>\n<\/p><\/div>\n<div class=\"LnbJhc\" data-count=\"11 \" data-iu=\"1\" data-hveid=\"CCoQAQ\" data-ved=\"2ahUKEwiM6ImnxNjzAhVQe8AKHb59CDQQyA0oAHoECCoQAQ\"><\/div>\n<\/p><\/div>\n<\/p><\/div>\n<p>&nbsp;<\/p>\n","protected":false},"featured_media":5280,"comment_status":"open","ping_status":"closed","template":"","meta":[],"product_brand":[],"product_cat":[1117],"product_tag":[1563,1566,1565,1567,1568,1564,1569,1570],"class_list":{"0":"post-5263","1":"product","2":"type-product","3":"status-publish","4":"has-post-thumbnail","6":"product_cat-osta-kipu-uni-ja-seksipillereita","7":"product_tag-clonazepam-uses","8":"product_tag-naze-2mg-hinta-pakistanissa","9":"product_tag-naze-2mg-online","10":"product_tag-naze-2mg-tablet-pakistan","11":"product_tag-naze-2mg-tablettien-kytt","12":"product_tag-naze-2mg-vaihtoehto","13":"product_tag-naze-tabletin-kytt","14":"product_tag-naze-tabletti-2mg-sivuvaikutukset","16":"first","17":"instock","18":"shipping-taxable","19":"purchasable","20":"product-type-variable","21":"has-default-attributes"},"yoast_head":"<!-- This site is optimized with the Yoast SEO plugin v27.3 - https:\/\/yoast.com\/product\/yoast-seo-wordpress\/ -->\n<title>Osta Naze 2mg Clonazepam pillereit\u00e4 - parhaat maailmanlaajuiset l\u00e4\u00e4kkeet<\/title>\n<meta name=\"description\" content=\"Osta Naze\u00a0(Clonazepam)\u00a02mg verkossa pankkisiirrolla ilman resepti\u00e4 myym\u00e4l\u00e4st\u00e4mme. Huomaamaton y\u00f6n toimitus saatavilla Euroopasta, Isosta-Britanniasta ja USA:sta.\" \/>\n<meta name=\"robots\" content=\"index, follow, max-snippet:-1, max-image-preview:large, max-video-preview:-1\" \/>\n<link rel=\"canonical\" href=\"https:\/\/medicinasinc.com\/fi\/product\/osta-naze-2mg-klonatsepaami\/\" \/>\n<meta property=\"og:locale\" content=\"en_US\" \/>\n<meta property=\"og:type\" content=\"article\" \/>\n<meta property=\"og:title\" content=\"Osta Naze 2mg Clonazepam pillereit\u00e4 - parhaat maailmanlaajuiset l\u00e4\u00e4kkeet\" \/>\n<meta property=\"og:description\" content=\"Osta Naze\u00a0(Clonazepam)\u00a02mg verkossa pankkisiirrolla ilman resepti\u00e4 myym\u00e4l\u00e4st\u00e4mme. Huomaamaton y\u00f6n toimitus saatavilla Euroopasta, Isosta-Britanniasta ja USA:sta.\" \/>\n<meta property=\"og:url\" content=\"https:\/\/medicinasinc.com\/fi\/product\/osta-naze-2mg-klonatsepaami\/\" \/>\n<meta property=\"og:site_name\" content=\"Medicinas Inc\" \/>\n<meta property=\"article:modified_time\" content=\"2022-03-22T01:03:15+00:00\" \/>\n<meta property=\"og:image\" content=\"https:\/\/medicinasinc.com\/fi\/wp-content\/uploads\/sites\/12\/2022\/02\/buy-naze-2mg-clonazepam-pills-online.jpg\" \/>\n\t<meta property=\"og:image:width\" content=\"600\" \/>\n\t<meta property=\"og:image:height\" content=\"600\" \/>\n\t<meta property=\"og:image:type\" content=\"image\/jpeg\" \/>\n<meta name=\"twitter:card\" content=\"summary_large_image\" \/>\n<meta name=\"twitter:label1\" content=\"Est. reading time\" \/>\n\t<meta name=\"twitter:data1\" content=\"1 minute\" \/>\n<script type=\"application\/ld+json\" class=\"yoast-schema-graph\">{\"@context\":\"https:\\\/\\\/schema.org\",\"@graph\":[{\"@type\":\"WebPage\",\"@id\":\"https:\\\/\\\/medicinasinc.com\\\/fi\\\/product\\\/osta-naze-2mg-klonatsepaami\\\/\",\"url\":\"https:\\\/\\\/medicinasinc.com\\\/fi\\\/product\\\/osta-naze-2mg-klonatsepaami\\\/\",\"name\":\"Osta Naze 2mg Clonazepam pillereit\u00e4 - parhaat maailmanlaajuiset l\u00e4\u00e4kkeet\",\"isPartOf\":{\"@id\":\"https:\\\/\\\/medicinasinc.com\\\/fi\\\/#website\"},\"primaryImageOfPage\":{\"@id\":\"https:\\\/\\\/medicinasinc.com\\\/fi\\\/product\\\/osta-naze-2mg-klonatsepaami\\\/#primaryimage\"},\"image\":{\"@id\":\"https:\\\/\\\/medicinasinc.com\\\/fi\\\/product\\\/osta-naze-2mg-klonatsepaami\\\/#primaryimage\"},\"thumbnailUrl\":\"https:\\\/\\\/medicinasinc.com\\\/fi\\\/wp-content\\\/uploads\\\/sites\\\/12\\\/2022\\\/02\\\/buy-naze-2mg-clonazepam-pills-online.jpg\",\"datePublished\":\"2022-02-20T22:51:56+00:00\",\"dateModified\":\"2022-03-22T01:03:15+00:00\",\"description\":\"Osta Naze\u00a0(Clonazepam)\u00a02mg verkossa pankkisiirrolla ilman resepti\u00e4 myym\u00e4l\u00e4st\u00e4mme. Huomaamaton y\u00f6n toimitus saatavilla Euroopasta, Isosta-Britanniasta ja USA:sta.\",\"breadcrumb\":{\"@id\":\"https:\\\/\\\/medicinasinc.com\\\/fi\\\/product\\\/osta-naze-2mg-klonatsepaami\\\/#breadcrumb\"},\"inLanguage\":\"en-US\",\"potentialAction\":[{\"@type\":\"ReadAction\",\"target\":[\"https:\\\/\\\/medicinasinc.com\\\/fi\\\/product\\\/osta-naze-2mg-klonatsepaami\\\/\"]}]},{\"@type\":\"ImageObject\",\"inLanguage\":\"en-US\",\"@id\":\"https:\\\/\\\/medicinasinc.com\\\/fi\\\/product\\\/osta-naze-2mg-klonatsepaami\\\/#primaryimage\",\"url\":\"https:\\\/\\\/medicinasinc.com\\\/fi\\\/wp-content\\\/uploads\\\/sites\\\/12\\\/2022\\\/02\\\/buy-naze-2mg-clonazepam-pills-online.jpg\",\"contentUrl\":\"https:\\\/\\\/medicinasinc.com\\\/fi\\\/wp-content\\\/uploads\\\/sites\\\/12\\\/2022\\\/02\\\/buy-naze-2mg-clonazepam-pills-online.jpg\",\"width\":600,\"height\":600},{\"@type\":\"BreadcrumbList\",\"@id\":\"https:\\\/\\\/medicinasinc.com\\\/fi\\\/product\\\/osta-naze-2mg-klonatsepaami\\\/#breadcrumb\",\"itemListElement\":[{\"@type\":\"ListItem\",\"position\":1,\"name\":\"Myym\u00e4l\u00e4\",\"item\":\"https:\\\/\\\/medicinasinc.com\\\/fi\\\/myymala\\\/\"},{\"@type\":\"ListItem\",\"position\":2,\"name\":\"Osta Naze 2mg Clonazepam\"}]},{\"@type\":\"WebSite\",\"@id\":\"https:\\\/\\\/medicinasinc.com\\\/fi\\\/#website\",\"url\":\"https:\\\/\\\/medicinasinc.com\\\/fi\\\/\",\"name\":\"Medicinas Inc\",\"description\":\"Health Medical Clinic\",\"potentialAction\":[{\"@type\":\"SearchAction\",\"target\":{\"@type\":\"EntryPoint\",\"urlTemplate\":\"https:\\\/\\\/medicinasinc.com\\\/fi\\\/?s={search_term_string}\"},\"query-input\":{\"@type\":\"PropertyValueSpecification\",\"valueRequired\":true,\"valueName\":\"search_term_string\"}}],\"inLanguage\":\"en-US\"}]}<\/script>\n<!-- \/ Yoast SEO plugin. -->","yoast_head_json":{"title":"Osta Naze 2mg Clonazepam pillereit\u00e4 - parhaat maailmanlaajuiset l\u00e4\u00e4kkeet","description":"Osta Naze\u00a0(Clonazepam)\u00a02mg verkossa pankkisiirrolla ilman resepti\u00e4 myym\u00e4l\u00e4st\u00e4mme. Huomaamaton y\u00f6n toimitus saatavilla Euroopasta, Isosta-Britanniasta ja USA:sta.","robots":{"index":"index","follow":"follow","max-snippet":"max-snippet:-1","max-image-preview":"max-image-preview:large","max-video-preview":"max-video-preview:-1"},"canonical":"https:\/\/medicinasinc.com\/fi\/product\/osta-naze-2mg-klonatsepaami\/","og_locale":"en_US","og_type":"article","og_title":"Osta Naze 2mg Clonazepam pillereit\u00e4 - parhaat maailmanlaajuiset l\u00e4\u00e4kkeet","og_description":"Osta Naze\u00a0(Clonazepam)\u00a02mg verkossa pankkisiirrolla ilman resepti\u00e4 myym\u00e4l\u00e4st\u00e4mme. Huomaamaton y\u00f6n toimitus saatavilla Euroopasta, Isosta-Britanniasta ja USA:sta.","og_url":"https:\/\/medicinasinc.com\/fi\/product\/osta-naze-2mg-klonatsepaami\/","og_site_name":"Medicinas Inc","article_modified_time":"2022-03-22T01:03:15+00:00","og_image":[{"width":600,"height":600,"url":"https:\/\/medicinasinc.com\/fi\/wp-content\/uploads\/sites\/12\/2022\/02\/buy-naze-2mg-clonazepam-pills-online.jpg","type":"image\/jpeg"}],"twitter_card":"summary_large_image","twitter_misc":{"Est. reading time":"1 minute"},"schema":{"@context":"https:\/\/schema.org","@graph":[{"@type":"WebPage","@id":"https:\/\/medicinasinc.com\/fi\/product\/osta-naze-2mg-klonatsepaami\/","url":"https:\/\/medicinasinc.com\/fi\/product\/osta-naze-2mg-klonatsepaami\/","name":"Osta Naze 2mg Clonazepam pillereit\u00e4 - parhaat maailmanlaajuiset l\u00e4\u00e4kkeet","isPartOf":{"@id":"https:\/\/medicinasinc.com\/fi\/#website"},"primaryImageOfPage":{"@id":"https:\/\/medicinasinc.com\/fi\/product\/osta-naze-2mg-klonatsepaami\/#primaryimage"},"image":{"@id":"https:\/\/medicinasinc.com\/fi\/product\/osta-naze-2mg-klonatsepaami\/#primaryimage"},"thumbnailUrl":"https:\/\/medicinasinc.com\/fi\/wp-content\/uploads\/sites\/12\/2022\/02\/buy-naze-2mg-clonazepam-pills-online.jpg","datePublished":"2022-02-20T22:51:56+00:00","dateModified":"2022-03-22T01:03:15+00:00","description":"Osta Naze\u00a0(Clonazepam)\u00a02mg verkossa pankkisiirrolla ilman resepti\u00e4 myym\u00e4l\u00e4st\u00e4mme. Huomaamaton y\u00f6n toimitus saatavilla Euroopasta, Isosta-Britanniasta ja USA:sta.","breadcrumb":{"@id":"https:\/\/medicinasinc.com\/fi\/product\/osta-naze-2mg-klonatsepaami\/#breadcrumb"},"inLanguage":"en-US","potentialAction":[{"@type":"ReadAction","target":["https:\/\/medicinasinc.com\/fi\/product\/osta-naze-2mg-klonatsepaami\/"]}]},{"@type":"ImageObject","inLanguage":"en-US","@id":"https:\/\/medicinasinc.com\/fi\/product\/osta-naze-2mg-klonatsepaami\/#primaryimage","url":"https:\/\/medicinasinc.com\/fi\/wp-content\/uploads\/sites\/12\/2022\/02\/buy-naze-2mg-clonazepam-pills-online.jpg","contentUrl":"https:\/\/medicinasinc.com\/fi\/wp-content\/uploads\/sites\/12\/2022\/02\/buy-naze-2mg-clonazepam-pills-online.jpg","width":600,"height":600},{"@type":"BreadcrumbList","@id":"https:\/\/medicinasinc.com\/fi\/product\/osta-naze-2mg-klonatsepaami\/#breadcrumb","itemListElement":[{"@type":"ListItem","position":1,"name":"Myym\u00e4l\u00e4","item":"https:\/\/medicinasinc.com\/fi\/myymala\/"},{"@type":"ListItem","position":2,"name":"Osta Naze 2mg Clonazepam"}]},{"@type":"WebSite","@id":"https:\/\/medicinasinc.com\/fi\/#website","url":"https:\/\/medicinasinc.com\/fi\/","name":"Medicinas Inc","description":"Health Medical Clinic","potentialAction":[{"@type":"SearchAction","target":{"@type":"EntryPoint","urlTemplate":"https:\/\/medicinasinc.com\/fi\/?s={search_term_string}"},"query-input":{"@type":"PropertyValueSpecification","valueRequired":true,"valueName":"search_term_string"}}],"inLanguage":"en-US"}]}},"_links":{"self":[{"href":"https:\/\/medicinasinc.com\/fi\/wp-json\/wp\/v2\/product\/5263","targetHints":{"allow":["GET"]}}],"collection":[{"href":"https:\/\/medicinasinc.com\/fi\/wp-json\/wp\/v2\/product"}],"about":[{"href":"https:\/\/medicinasinc.com\/fi\/wp-json\/wp\/v2\/types\/product"}],"replies":[{"embeddable":true,"href":"https:\/\/medicinasinc.com\/fi\/wp-json\/wp\/v2\/comments?post=5263"}],"wp:featuredmedia":[{"embeddable":true,"href":"https:\/\/medicinasinc.com\/fi\/wp-json\/wp\/v2\/media\/5280"}],"wp:attachment":[{"href":"https:\/\/medicinasinc.com\/fi\/wp-json\/wp\/v2\/media?parent=5263"}],"wp:term":[{"taxonomy":"product_brand","embeddable":true,"href":"https:\/\/medicinasinc.com\/fi\/wp-json\/wp\/v2\/product_brand?post=5263"},{"taxonomy":"product_cat","embeddable":true,"href":"https:\/\/medicinasinc.com\/fi\/wp-json\/wp\/v2\/product_cat?post=5263"},{"taxonomy":"product_tag","embeddable":true,"href":"https:\/\/medicinasinc.com\/fi\/wp-json\/wp\/v2\/product_tag?post=5263"}],"curies":[{"name":"wp","href":"https:\/\/api.w.org\/{rel}","templated":true}]}}