{"id":5262,"date":"2022-02-20T22:49:49","date_gmt":"2022-02-20T22:49:49","guid":{"rendered":"https:\/\/medicinasinc.com\/fi\/?post_type=product&#038;p=5262"},"modified":"2022-03-22T01:03:26","modified_gmt":"2022-03-22T01:03:26","slug":"osta-onaksi-2mg-alpratsolaami","status":"publish","type":"product","link":"https:\/\/medicinasinc.com\/fi\/product\/osta-onaksi-2mg-alpratsolaami\/","title":{"rendered":"Osta Onax 2mg alpratsolaamia"},"content":{"rendered":"<p>Osta Onax 2mg Alprazolam -pillereit\u00e4 verkosta | Osta Onax verkosta | Onax-tankojen ostaminen<\/p>\n<p>Mik\u00e4 Onax on? Onax Purchase Online<\/p>\n<p>Onax 2 mg -patukat (alpratsolaami) tunnetaan rauhoittavasta vaikutuksestaan. Sit\u00e4 k\u00e4ytet\u00e4\u00e4n univajeen hoitoon mihin tahansa aikaan p\u00e4iv\u00e4st\u00e4 tai y\u00f6st\u00e4. Xanax XR on bentsodiatsepiini, jota k\u00e4ytet\u00e4\u00e4n ahdistuksen, paniikkih\u00e4iri\u00f6n ja masennuksen hoitoon. Jos ostat Onax 2mg -patukat meilt\u00e4, \u200b\u200bvarmista, ett\u00e4 todella tarvitset niit\u00e4 ja ett\u00e4 l\u00e4\u00e4k\u00e4ri on ehdottanut Onaxia. PandaPharmacy.com ei ole vastuussa mist\u00e4\u00e4n Xanax 3mg:n aiheuttamista vahingoista tai haittavaikutuksista.<\/p>\n<p>L\u00e4\u00e4kkeen v\u00e4\u00e4rink\u00e4ytt\u00f6 voi johtaa rajoitettuun fyysiseen tai psyykkiseen riippuvuuteen verrattuna luettelon 3 l\u00e4\u00e4kkeisiin. Meilt\u00e4 saat Onax 2mg -patukat maksutavasta riippumatta. Hyv\u00e4ksymme my\u00f6s PayPalin. PayPalin lis\u00e4ksi maksum\u00e4\u00e4r\u00e4yksill\u00e4 voi ostaa Onax 2mg -patukoita. Muista, ett\u00e4 t\u00e4m\u00e4 l\u00e4\u00e4ke on eritt\u00e4in haitallinen ja voi johtaa riippuvuuteen. Onaximme olisi huippuluokkaa. Lue &#8220;&#8221; saadaksesi suurimman osan ratkaisuista mieless\u00e4si her\u00e4nneisiin kysymyksiin.<\/p>\n<p>Mik\u00e4 Onax on? Onax Purchase Online<\/p>\n<p>Onax 2 mg -patukat (alpratsolaami) ovat tunnettuja rauhoittavista ominaisuuksistaan. Sit\u00e4 k\u00e4ytet\u00e4\u00e4n univajeen hoitoon mihin tahansa aikaan p\u00e4iv\u00e4st\u00e4 tai y\u00f6st\u00e4. Xanax XR on bentsodiatsepiini, jota k\u00e4ytet\u00e4\u00e4n ahdistuksen, paniikkih\u00e4iri\u00f6n ja masennuksen hoitoon. Jos ostat Onax 2mg -patukat meilt\u00e4, \u200b\u200bvarmista, ett\u00e4 todella tarvitset niit\u00e4 ja ett\u00e4 Onax on l\u00e4\u00e4k\u00e4risi hyv\u00e4ksym\u00e4. PandaPharmacy.com ei ole vastuussa mist\u00e4\u00e4n Xanax 3mg:n aiheuttamista vahingoista tai haittavaikutuksista.<\/p>\n<p>L\u00e4\u00e4kkeen v\u00e4\u00e4rink\u00e4ytt\u00f6 voi johtaa rajoitettuun fyysiseen tai psyykkiseen riippuvuuteen verrattuna luettelon 3 l\u00e4\u00e4kkeisiin.<\/p>\n<p>Voit saada Onax 2mg -patukat verkkokaupasta maksutavasta riippumatta. Hyv\u00e4ksymme my\u00f6s PayPalin. PayPalin lis\u00e4ksi maksum\u00e4\u00e4r\u00e4yksill\u00e4 voi ostaa Onax 2mg -patukoita. Muista, ett\u00e4 t\u00e4m\u00e4 l\u00e4\u00e4ke on eritt\u00e4in haitallinen ja voi johtaa riippuvuuteen. Onaximme olisi huippuluokkaa. Ole hyv\u00e4 ja lue &#8221; saadaksesi vastaukset useimpiin ajatuksissasi her\u00e4nneisiin kysymyksiin. Tilaa<\/p>\n","protected":false},"excerpt":{"rendered":"<p>Onax 2mg alpratsolaamitablettien verkkokauppa. Alpratsolaamia k\u00e4ytet\u00e4\u00e4n ahdistuneisuuden, kiihkon ja kurjuuteen liittyv\u00e4n levottomuuden hoitoon. Onax 2mg alpratsolaamitablettien verkkoostos&#8221;. Alprazolam 2mg Onax<\/p>\n<p>Onax 2mg patukat\/tabletit ostettavana<\/p>\n<p>Onaxia (Alpratsolaamia) k\u00e4ytet\u00e4\u00e4n ahdistuksen, paniikkikohtausten, unettomuuden (nukkumisvaikeuden) ja masennukseen liittyv\u00e4n ahdistuneisuuden hoitoon.<\/p>\n<p>Voit ostaa Onax 2mg:n verkosta meilt\u00e4; Onax 2mg -pilleremme ovat korkealaatuisia. Onax 2mg on l\u00e4\u00e4kkeen virallinen nimi. N\u00e4m\u00e4 pillerit l\u00e4hetet\u00e4\u00e4n erillisell\u00e4 tavalla.<\/p>\n<p>Osta Onax 2 mg -patukat (Alpratsolaami), joka tunnetaan rauhoittavasta vaikutuksestaan. Sit\u00e4 k\u00e4ytet\u00e4\u00e4n torjumaan unih\u00e4iri\u00f6t\u00e4 milloin tahansa p\u00e4iv\u00e4ll\u00e4 tai y\u00f6ll\u00e4.<\/p>\n","protected":false},"featured_media":5278,"comment_status":"open","ping_status":"closed","template":"","meta":[],"product_brand":[],"product_cat":[1117],"product_tag":[1524,1525,1527,1528,1531,1529,1533,1535,1530,1532,1534,1536,1537,1540,1541,1542,1543,1548,1544,1545,1546,1547,1551,1549,1550,1552,1553,1538,1539,1521,1522,1523,1520,1554,1555,1556,1557,1558,1559,1560,1526,1561,1562],"class_list":{"0":"post-5262","1":"product","2":"type-product","3":"status-publish","4":"has-post-thumbnail","6":"product_cat-osta-kipu-uni-ja-seksipillereita","7":"product_tag-dj-onax","8":"product_tag-long-white-pill-onax","9":"product_tag-onax","10":"product_tag-onax-2","11":"product_tag-onax-2-pilleritunniste","12":"product_tag-onax-2-patukat","13":"product_tag-onax-2-mg","14":"product_tag-onax-2mg-patukat","15":"product_tag-onax-2-pill-id","16":"product_tag-onax-2-valkoinen-pilleri","17":"product_tag-onax-2mg-bar","18":"product_tag-onax-ag-it-ratkaisut","19":"product_tag-onax-palkit","20":"product_tag-onax-dr-germantown","21":"product_tag-onax-headache","22":"product_tag-onax-llc","23":"product_tag-onax-orv-park-mojave-ca-pictures","24":"product_tag-onax-patsaat","25":"product_tag-onax-pc-ames","26":"product_tag-onax-pex","27":"product_tag-onax-pilleri","28":"product_tag-onax-punta-cana","29":"product_tag-onax-valkoinen-pilleri","30":"product_tag-onax-vlack-kitchenaid-sekoitin","31":"product_tag-onax-vs-xanax","32":"product_tag-onax-xanax","33":"product_tag-onax-xanax-patukat","34":"product_tag-onax-patukat-3-mg","35":"product_tag-onax-palkit-myynniss","36":"product_tag-osta-onax","37":"product_tag-osta-onax-2mg","38":"product_tag-osta-onax-verkosta","39":"product_tag-ovat-onax-baarit-hyvi","40":"product_tag-pill-onax-2","41":"product_tag-reddit-onax","42":"product_tag-reddit-onax-for-your-none","43":"product_tag-valkoinen-palkki-pill-onax","44":"product_tag-valkoinen-pill-onax","45":"product_tag-valkoinen-pilleri-onax-2","46":"product_tag-valkoinen-suorakulmio-pill-onax-2","47":"product_tag-ocean-pharmaceuticals-onax","48":"product_tag-xanax-2mg-onax","49":"product_tag-xanax-bars-onax","51":"first","52":"instock","53":"shipping-taxable","54":"purchasable","55":"product-type-variable","56":"has-default-attributes"},"yoast_head":"<!-- This site is optimized with the Yoast SEO plugin v27.3 - https:\/\/yoast.com\/product\/yoast-seo-wordpress\/ -->\n<title>Osta Onax 2mg alpratsolaamipillereit\u00e4 - parhaat maailmanlaajuiset l\u00e4\u00e4kkeet<\/title>\n<meta name=\"description\" content=\"osta onax 2mg patukat\/tabletit:\u00a0Onax\u00a0(alpratsolaami) hoitaa ahdistusta, paniikkih\u00e4iri\u00f6t\u00e4, unettomuutta (unih\u00e4iri\u00f6it\u00e4) ja masennuksen aiheuttamaa ahdistusta.\" \/>\n<meta name=\"robots\" content=\"index, follow, max-snippet:-1, max-image-preview:large, max-video-preview:-1\" \/>\n<link rel=\"canonical\" href=\"https:\/\/medicinasinc.com\/fi\/product\/osta-onaksi-2mg-alpratsolaami\/\" \/>\n<meta property=\"og:locale\" content=\"en_US\" \/>\n<meta property=\"og:type\" content=\"article\" \/>\n<meta property=\"og:title\" content=\"Osta Onax 2mg alpratsolaamipillereit\u00e4 - parhaat maailmanlaajuiset l\u00e4\u00e4kkeet\" \/>\n<meta property=\"og:description\" content=\"osta onax 2mg patukat\/tabletit:\u00a0Onax\u00a0(alpratsolaami) hoitaa ahdistusta, paniikkih\u00e4iri\u00f6t\u00e4, unettomuutta (unih\u00e4iri\u00f6it\u00e4) ja masennuksen aiheuttamaa ahdistusta.\" \/>\n<meta property=\"og:url\" content=\"https:\/\/medicinasinc.com\/fi\/product\/osta-onaksi-2mg-alpratsolaami\/\" \/>\n<meta property=\"og:site_name\" content=\"Medicinas Inc\" \/>\n<meta property=\"article:modified_time\" content=\"2022-03-22T01:03:26+00:00\" \/>\n<meta property=\"og:image\" content=\"https:\/\/medicinasinc.com\/fi\/wp-content\/uploads\/sites\/12\/2022\/02\/Buy-Onax-2mg.jpg\" \/>\n\t<meta property=\"og:image:width\" content=\"400\" \/>\n\t<meta property=\"og:image:height\" content=\"300\" \/>\n\t<meta property=\"og:image:type\" content=\"image\/jpeg\" \/>\n<meta name=\"twitter:card\" content=\"summary_large_image\" \/>\n<meta name=\"twitter:label1\" content=\"Est. reading time\" \/>\n\t<meta name=\"twitter:data1\" content=\"2 minutes\" \/>\n<script type=\"application\/ld+json\" class=\"yoast-schema-graph\">{\"@context\":\"https:\\\/\\\/schema.org\",\"@graph\":[{\"@type\":\"WebPage\",\"@id\":\"https:\\\/\\\/medicinasinc.com\\\/fi\\\/product\\\/osta-onaksi-2mg-alpratsolaami\\\/\",\"url\":\"https:\\\/\\\/medicinasinc.com\\\/fi\\\/product\\\/osta-onaksi-2mg-alpratsolaami\\\/\",\"name\":\"Osta Onax 2mg alpratsolaamipillereit\u00e4 - parhaat maailmanlaajuiset l\u00e4\u00e4kkeet\",\"isPartOf\":{\"@id\":\"https:\\\/\\\/medicinasinc.com\\\/fi\\\/#website\"},\"primaryImageOfPage\":{\"@id\":\"https:\\\/\\\/medicinasinc.com\\\/fi\\\/product\\\/osta-onaksi-2mg-alpratsolaami\\\/#primaryimage\"},\"image\":{\"@id\":\"https:\\\/\\\/medicinasinc.com\\\/fi\\\/product\\\/osta-onaksi-2mg-alpratsolaami\\\/#primaryimage\"},\"thumbnailUrl\":\"https:\\\/\\\/medicinasinc.com\\\/fi\\\/wp-content\\\/uploads\\\/sites\\\/12\\\/2022\\\/02\\\/Buy-Onax-2mg.jpg\",\"datePublished\":\"2022-02-20T22:49:49+00:00\",\"dateModified\":\"2022-03-22T01:03:26+00:00\",\"description\":\"osta onax 2mg patukat\\\/tabletit:\u00a0Onax\u00a0(alpratsolaami) hoitaa ahdistusta, paniikkih\u00e4iri\u00f6t\u00e4, unettomuutta (unih\u00e4iri\u00f6it\u00e4) ja masennuksen aiheuttamaa ahdistusta.\",\"breadcrumb\":{\"@id\":\"https:\\\/\\\/medicinasinc.com\\\/fi\\\/product\\\/osta-onaksi-2mg-alpratsolaami\\\/#breadcrumb\"},\"inLanguage\":\"en-US\",\"potentialAction\":[{\"@type\":\"ReadAction\",\"target\":[\"https:\\\/\\\/medicinasinc.com\\\/fi\\\/product\\\/osta-onaksi-2mg-alpratsolaami\\\/\"]}]},{\"@type\":\"ImageObject\",\"inLanguage\":\"en-US\",\"@id\":\"https:\\\/\\\/medicinasinc.com\\\/fi\\\/product\\\/osta-onaksi-2mg-alpratsolaami\\\/#primaryimage\",\"url\":\"https:\\\/\\\/medicinasinc.com\\\/fi\\\/wp-content\\\/uploads\\\/sites\\\/12\\\/2022\\\/02\\\/Buy-Onax-2mg.jpg\",\"contentUrl\":\"https:\\\/\\\/medicinasinc.com\\\/fi\\\/wp-content\\\/uploads\\\/sites\\\/12\\\/2022\\\/02\\\/Buy-Onax-2mg.jpg\",\"width\":400,\"height\":300},{\"@type\":\"BreadcrumbList\",\"@id\":\"https:\\\/\\\/medicinasinc.com\\\/fi\\\/product\\\/osta-onaksi-2mg-alpratsolaami\\\/#breadcrumb\",\"itemListElement\":[{\"@type\":\"ListItem\",\"position\":1,\"name\":\"Myym\u00e4l\u00e4\",\"item\":\"https:\\\/\\\/medicinasinc.com\\\/fi\\\/myymala\\\/\"},{\"@type\":\"ListItem\",\"position\":2,\"name\":\"Osta Onax 2mg alpratsolaamia\"}]},{\"@type\":\"WebSite\",\"@id\":\"https:\\\/\\\/medicinasinc.com\\\/fi\\\/#website\",\"url\":\"https:\\\/\\\/medicinasinc.com\\\/fi\\\/\",\"name\":\"Medicinas Inc\",\"description\":\"Health Medical Clinic\",\"potentialAction\":[{\"@type\":\"SearchAction\",\"target\":{\"@type\":\"EntryPoint\",\"urlTemplate\":\"https:\\\/\\\/medicinasinc.com\\\/fi\\\/?s={search_term_string}\"},\"query-input\":{\"@type\":\"PropertyValueSpecification\",\"valueRequired\":true,\"valueName\":\"search_term_string\"}}],\"inLanguage\":\"en-US\"}]}<\/script>\n<!-- \/ Yoast SEO plugin. -->","yoast_head_json":{"title":"Osta Onax 2mg alpratsolaamipillereit\u00e4 - parhaat maailmanlaajuiset l\u00e4\u00e4kkeet","description":"osta onax 2mg patukat\/tabletit:\u00a0Onax\u00a0(alpratsolaami) hoitaa ahdistusta, paniikkih\u00e4iri\u00f6t\u00e4, unettomuutta (unih\u00e4iri\u00f6it\u00e4) ja masennuksen aiheuttamaa ahdistusta.","robots":{"index":"index","follow":"follow","max-snippet":"max-snippet:-1","max-image-preview":"max-image-preview:large","max-video-preview":"max-video-preview:-1"},"canonical":"https:\/\/medicinasinc.com\/fi\/product\/osta-onaksi-2mg-alpratsolaami\/","og_locale":"en_US","og_type":"article","og_title":"Osta Onax 2mg alpratsolaamipillereit\u00e4 - parhaat maailmanlaajuiset l\u00e4\u00e4kkeet","og_description":"osta onax 2mg patukat\/tabletit:\u00a0Onax\u00a0(alpratsolaami) hoitaa ahdistusta, paniikkih\u00e4iri\u00f6t\u00e4, unettomuutta (unih\u00e4iri\u00f6it\u00e4) ja masennuksen aiheuttamaa ahdistusta.","og_url":"https:\/\/medicinasinc.com\/fi\/product\/osta-onaksi-2mg-alpratsolaami\/","og_site_name":"Medicinas Inc","article_modified_time":"2022-03-22T01:03:26+00:00","og_image":[{"width":400,"height":300,"url":"https:\/\/medicinasinc.com\/fi\/wp-content\/uploads\/sites\/12\/2022\/02\/Buy-Onax-2mg.jpg","type":"image\/jpeg"}],"twitter_card":"summary_large_image","twitter_misc":{"Est. reading time":"2 minutes"},"schema":{"@context":"https:\/\/schema.org","@graph":[{"@type":"WebPage","@id":"https:\/\/medicinasinc.com\/fi\/product\/osta-onaksi-2mg-alpratsolaami\/","url":"https:\/\/medicinasinc.com\/fi\/product\/osta-onaksi-2mg-alpratsolaami\/","name":"Osta Onax 2mg alpratsolaamipillereit\u00e4 - parhaat maailmanlaajuiset l\u00e4\u00e4kkeet","isPartOf":{"@id":"https:\/\/medicinasinc.com\/fi\/#website"},"primaryImageOfPage":{"@id":"https:\/\/medicinasinc.com\/fi\/product\/osta-onaksi-2mg-alpratsolaami\/#primaryimage"},"image":{"@id":"https:\/\/medicinasinc.com\/fi\/product\/osta-onaksi-2mg-alpratsolaami\/#primaryimage"},"thumbnailUrl":"https:\/\/medicinasinc.com\/fi\/wp-content\/uploads\/sites\/12\/2022\/02\/Buy-Onax-2mg.jpg","datePublished":"2022-02-20T22:49:49+00:00","dateModified":"2022-03-22T01:03:26+00:00","description":"osta onax 2mg patukat\/tabletit:\u00a0Onax\u00a0(alpratsolaami) hoitaa ahdistusta, paniikkih\u00e4iri\u00f6t\u00e4, unettomuutta (unih\u00e4iri\u00f6it\u00e4) ja masennuksen aiheuttamaa ahdistusta.","breadcrumb":{"@id":"https:\/\/medicinasinc.com\/fi\/product\/osta-onaksi-2mg-alpratsolaami\/#breadcrumb"},"inLanguage":"en-US","potentialAction":[{"@type":"ReadAction","target":["https:\/\/medicinasinc.com\/fi\/product\/osta-onaksi-2mg-alpratsolaami\/"]}]},{"@type":"ImageObject","inLanguage":"en-US","@id":"https:\/\/medicinasinc.com\/fi\/product\/osta-onaksi-2mg-alpratsolaami\/#primaryimage","url":"https:\/\/medicinasinc.com\/fi\/wp-content\/uploads\/sites\/12\/2022\/02\/Buy-Onax-2mg.jpg","contentUrl":"https:\/\/medicinasinc.com\/fi\/wp-content\/uploads\/sites\/12\/2022\/02\/Buy-Onax-2mg.jpg","width":400,"height":300},{"@type":"BreadcrumbList","@id":"https:\/\/medicinasinc.com\/fi\/product\/osta-onaksi-2mg-alpratsolaami\/#breadcrumb","itemListElement":[{"@type":"ListItem","position":1,"name":"Myym\u00e4l\u00e4","item":"https:\/\/medicinasinc.com\/fi\/myymala\/"},{"@type":"ListItem","position":2,"name":"Osta Onax 2mg alpratsolaamia"}]},{"@type":"WebSite","@id":"https:\/\/medicinasinc.com\/fi\/#website","url":"https:\/\/medicinasinc.com\/fi\/","name":"Medicinas Inc","description":"Health Medical Clinic","potentialAction":[{"@type":"SearchAction","target":{"@type":"EntryPoint","urlTemplate":"https:\/\/medicinasinc.com\/fi\/?s={search_term_string}"},"query-input":{"@type":"PropertyValueSpecification","valueRequired":true,"valueName":"search_term_string"}}],"inLanguage":"en-US"}]}},"_links":{"self":[{"href":"https:\/\/medicinasinc.com\/fi\/wp-json\/wp\/v2\/product\/5262","targetHints":{"allow":["GET"]}}],"collection":[{"href":"https:\/\/medicinasinc.com\/fi\/wp-json\/wp\/v2\/product"}],"about":[{"href":"https:\/\/medicinasinc.com\/fi\/wp-json\/wp\/v2\/types\/product"}],"replies":[{"embeddable":true,"href":"https:\/\/medicinasinc.com\/fi\/wp-json\/wp\/v2\/comments?post=5262"}],"wp:featuredmedia":[{"embeddable":true,"href":"https:\/\/medicinasinc.com\/fi\/wp-json\/wp\/v2\/media\/5278"}],"wp:attachment":[{"href":"https:\/\/medicinasinc.com\/fi\/wp-json\/wp\/v2\/media?parent=5262"}],"wp:term":[{"taxonomy":"product_brand","embeddable":true,"href":"https:\/\/medicinasinc.com\/fi\/wp-json\/wp\/v2\/product_brand?post=5262"},{"taxonomy":"product_cat","embeddable":true,"href":"https:\/\/medicinasinc.com\/fi\/wp-json\/wp\/v2\/product_cat?post=5262"},{"taxonomy":"product_tag","embeddable":true,"href":"https:\/\/medicinasinc.com\/fi\/wp-json\/wp\/v2\/product_tag?post=5262"}],"curies":[{"name":"wp","href":"https:\/\/api.w.org\/{rel}","templated":true}]}}