{"id":5239,"date":"2022-02-20T22:28:45","date_gmt":"2022-02-20T22:28:45","guid":{"rendered":"https:\/\/medicinasinc.com\/fi\/?post_type=product&#038;p=5239"},"modified":"2022-03-22T01:03:40","modified_gmt":"2022-03-22T01:03:40","slug":"osta-magnus-mr-morfiini-30mg-verkosta","status":"publish","type":"product","link":"https:\/\/medicinasinc.com\/fi\/product\/osta-magnus-mr-morfiini-30mg-verkosta\/","title":{"rendered":"Osta Magnus MR Morphine 30mg verkosta"},"content":{"rendered":"<div id=\"productDescription\" class=\"productGeneral biggerText\">\n<p>Magnus MR morfiini 30 mg osta verkosta<br \/> Magnus MR (morfiinisulfaatti) 30 mg kapseli Osta Magnus MR (morfiinisulfaatti) 30 mg kapseli turvallisesti verkossa<\/p>\n<p>Magnus MR (morfiinisulfaatti) 30 mg kapseli \u2013 tilaa ilman resepti\u00e4 \u2013 toimitus y\u00f6n yli<\/p>\n<p>Magnus MR (morfiinisulfaatti) 30 mg myyt\u00e4v\u00e4n\u00e4 Yhdysvalloissa \u2013 luotettava kipuapteekki<\/p>\n<p>Magnus MR myyt\u00e4v\u00e4n\u00e4 (morfiinisulfaatti) 30 mg verkossa alhaisimpaan hintaan EUROOPASSA &amp; AMERIKA<\/p>\n<p>Mist\u00e4 ja miten voit ostaa turvallisesti Magnus MR (Morphine Sulphate) 30mg verkosta t\u00e4n\u00e4\u00e4n<\/p>\n<p>1. Rhotard Morphine SR 30mg -tabletit Morphgesic SR 30mg -tabletit myyt\u00e4v\u00e4n\u00e4<\/p>\n<p>2. Koostumus laadullisesti ja m\u00e4\u00e4r\u00e4llisesti<br \/> Morphgesic SR 30mg tabletit\/Rhotard Morphine SR 30mg tabletit<br \/> Jokainen pilleri sis\u00e4lt\u00e4\u00e4 30 mg morfiinisulfaattia.<br \/> Apuaineet, joilla on tarkka vaikutus:<br \/> Glukoosi (63 000 mg tablettia kohti).<\/p>\n<p>3. Farmakologinen koostumus<br \/> Tabletit, jotka vapauttavat kontrolloidusti<br \/> Jokainen 30 mg:n tabletti on kaksoiskupera py\u00f6re\u00e4 kalvop\u00e4\u00e4llysteinen tabletti, jonka v\u00e4ri on violetti.<\/p>\n<p>4. Kliiniset erityispiirteet<br \/> 4.1 K\u00e4ytt\u00f6aiheet<br \/> Rhotard Morphine SR \/ Morphgesic SR -tabletit on tarkoitettu aikuisille pitk\u00e4aikaisen kovan kivun hoitoon.<\/p>\n<p>4.2 Annostus ja tekniikka <br \/> Annostus Lapsipopulaatio<br \/> Rhotard Morphine SR \/ Morphgesic SR -pillereiden k\u00e4ytt\u00f6\u00e4 lapsille ei suositella.<\/p>\n<p>Aikuiset: Annostus m\u00e4\u00e4r\u00e4ytyy kivun voimakkuuden ja potilaan aiemman historian perusteella. analgeettien k\u00e4yt\u00f6st\u00e4. Tyypillisesti tabletit tulee ottaa kahdesti p\u00e4iv\u00e4ss\u00e4 12 tunnin v\u00e4lein. Potilaille, joilla on vaikea kipu, aloitusannos on yksi tai kaksi 10 mg:n tablettia (10 mg) kahdesti vuorokaudessa. On suositeltavaa, ett\u00e4 kivun vaikeuden kasvaessa morfiinin annosta suurennetaan halutun lievityksen saavuttamiseksi. Annosta voidaan s\u00e4\u00e4t\u00e4\u00e4 yhdist\u00e4m\u00e4ll\u00e4 eri vahvuuksia (10, 30, 60 ja 100 mg) tabletteja tai k\u00e4ytt\u00e4m\u00e4ll\u00e4 yksin\u00e4\u00e4n vahvempia tabletteja.<br \/> On suositeltavaa, ett\u00e4 potilaat, jotka ovat siirtyneet toisesta oraalista morfiinivalmisteesta Oraaliseen morfiininesteeseen verrattavissa oleva biologinen hy\u00f6tyosuus saa saman morfiinin kokonaisannoksen 24 tunnin aikana. T\u00e4m\u00e4 koko annos tulee jakaa kahtia ja antaa aamulla ja illalla. Annoksen titraus ja kliininen tutkimus voivat olla tarpeen.<br \/> Jos potilas sai parenteraalista morfiinia ennen kuin h\u00e4n siirtyi k\u00e4ytt\u00e4m\u00e4\u00e4n Rhotard Morphine SR\/Morphgesic SR -tabletteja, suurempi morfiiniannos saattaa olla tarpeen. Annostusta on s\u00e4\u00e4dett\u00e4v\u00e4 yksil\u00f6llisesti, jotta voidaan kompensoida kipua lievitt\u00e4v\u00e4n tehon menetys, joka johtuu suun kautta tapahtuvasta annostuksesta.<br \/> Rhotard Morphine SR\/Morphgesic SR -pillereit\u00e4 ei suositella k\u00e4ytett\u00e4v\u00e4ksi ensimm\u00e4isten 24 tunnin aikana leikkauksen j\u00e4lkeen leikkauksen j\u00e4lkeisen kivun lievitt\u00e4miseksi. T\u00e4m\u00e4n aloitusjakson j\u00e4lkeen l\u00e4\u00e4k\u00e4rin tulee m\u00e4\u00e4ritt\u00e4\u00e4 annos.<br \/> Joillekin potilaille voidaan tarvita parenteraalista morfiinia, mik\u00e4 on t\u00e4ysin asianmukaista. Varovaisuutta tulee kuitenkin noudattaa morfiinin kokonaisannoksen sek\u00e4 morfiinin viiv\u00e4styneiden vaikutusten suhteen Rhotard Morphine SR\/ Morphgesic SR -formulaatiossa.<br \/> Rhotard Morphine SR\/Morphgesic SR -tabletteja tulee k\u00e4ytt\u00e4\u00e4 varoen leikkauksen j\u00e4lkeen (kuten kaikkien muidenkin kanssa). morfiinivalmisteet), mutta varsinkin vatsaleikkauksen j\u00e4lkeen.<br \/> Mahalaukun motiliteetti olisi pit\u00e4nyt palata ja se tulee s\u00e4ilytt\u00e4\u00e4.<\/p>\n<p>Antotekniikka<br \/> Rhotard Morphine SR \/ Morphgesic SR oraalitabletteja ei pit\u00e4isi pureskella.<\/p>\n<p>5.1 Farmakodynamiikkaominaisuudet<br \/> Farmakoterapeuttisten aineiden ryhm\u00e4: Opioidit<br \/> N02A on ATC-koodi.<\/p>\n<p>Tehokkuusmekanismi<br \/> MAGNUS MR SULFATE ER 30 MG toimii agonistina keskushermoston opiaattireseptoreissa, ensisijaisesti Mu- ja v\u00e4hemm\u00e4ss\u00e4 m\u00e4\u00e4rin kappa-reseptoreissa. Supraspinaalisen analgesian, hengityslaman ja euforian oletetaan olevan Mu-reseptorien v\u00e4litt\u00e4mi\u00e4, kun taas selk\u00e4rangan kivunlievityksen, mioosin ja sedationin uskotaan olevan Kappa-reseptorien v\u00e4litt\u00e4mi\u00e4.<\/p>\n<p>Keskushermosto: Morfiinin ensisijaiset terapeuttiset vaikutukset ovat analgesia ja uneliaisuus (eli uneliaisuus ja ahdistus). MAGNUS MR SULFATE ER 30 MG:ll\u00e4 on rauhoittava vaikutus aivorungon hengityskeskuksiin. Morfiini vaikuttaa suoraan ydinytimess\u00e4 olevaan ysk\u00e4keskukseen ja tukahduttaa ysk\u00e4refleksin. Ysk\u00e4ys\u00e4\u00e4 lievitt\u00e4v\u00e4t vaikutukset ovat mahdollisia annoksilla, jotka ovat pienempi\u00e4 kuin analgesiaan tarvittavat annokset. Morfiini aiheuttaa mioosia t\u00e4ydellisess\u00e4 pimeydess\u00e4. Vaikka tarkat pupillit viittaavat opioidien yliannostukseen, ne eiv\u00e4t ole diagnostisia (esim. verenvuotoa tai iskeemist\u00e4 alkuper\u00e4\u00e4 olevat pontinin leesiot voivat tuottaa samanlaisia \u200b\u200bl\u00f6yd\u00f6ksi\u00e4). Hypoksia voi ilmet\u00e4 morfiinin yliannostuksen yhteydess\u00e4 merkitt\u00e4v\u00e4n\u00e4 mydriaasina eik\u00e4 mioosina.<\/p>\n<p>MAGNUS MR SULFATE ER 30 MG ja vastaavat kipul\u00e4\u00e4kkeet voivat aiheuttaa fyysist\u00e4 ja psyykkist\u00e4 riippuvuutta, ja niit\u00e4 tulee k\u00e4ytt\u00e4\u00e4 varoen. Lis\u00e4ksi voi kehitty\u00e4 toleranssi.<\/p>\n<p>Ruoansulatuskanavan ja muut sile\u00e4t lihakset<br \/> MAGNUS MR SULFATE ER 30 MG est\u00e4\u00e4 liikkuvuutta lis\u00e4\u00e4m\u00e4ll\u00e4 mahalaukun ja pohjukaissuolen antrumin sile\u00e4\u00e4 lihasj\u00e4nnett\u00e4. Ruoansulatus hidastuu ohutsuolessa ja propulsiiviset supistukset v\u00e4henev\u00e4t. Ummetus johtuu propulsion peristalttisten aaltojen v\u00e4henemisest\u00e4 paksusuolessa ja s\u00e4vyn kohoamisesta kouristukseen asti. Morfiini yleens\u00e4 nostaa sile\u00e4n lihaksen s\u00e4vy\u00e4, erityisesti maha-suolikanavan ja sappij\u00e4rjestelm\u00e4n sulkijalihaksissa. Morfiini voi aiheuttaa kouristuksia Oddi-sulkijalihaksessa, mik\u00e4 lis\u00e4\u00e4 sapensis\u00e4ist\u00e4 painetta.<\/p>\n<p>MAGNUS MR SULFATE ER 30 MG voi aiheuttaa histamiinin vapautumista perifeerisen verisuonten laajentumisen kanssa tai ilman sit\u00e4. Kutina, punoitus, punaiset silm\u00e4t, hikoilu ja\/tai ortostaattinen hypotensio ovat kaikki merkkej\u00e4 histamiinin vapautumisesta ja\/tai perifeerisest\u00e4 vasodilataatiosta.<\/p>\n<p>Endokrinologia<br \/> Opioideilla on osoitettu olevan vaikutusta hypotalamuksen aivolis\u00e4kkeen-lis\u00e4munuaisen tai sukurauhasen akselit. Useita muutoksia voidaan havaita, mukaan lukien seerumin prolaktiinin nousu ja plasman kortisolin ja testosteronin lasku, jos ACTH-, LH- tai FSH-tasot ovat ep\u00e4normaalin alhaiset tai normaalit. Joillakin premenopausaalisilla naisilla voi olla riitt\u00e4m\u00e4t\u00f6n estrogeeni. N\u00e4m\u00e4 hormonaaliset muutokset voivat aiheuttaa kliinisi\u00e4 oireita.<\/p>\n<p>Farmakologiset lis\u00e4seuraukset<br \/> In vitro ja el\u00e4intutkimukset osoittavat, ett\u00e4 luonnollisilla opioideilla, kuten morfiinilla, on erilaisia \u200b\u200bvaikutuksia immuunij\u00e4rjestelm\u00e4n komponentteihin. N\u00e4iden l\u00f6yd\u00f6sten kliininen merkitys on kuitenkin ep\u00e4varma.<\/p>\n<p>Antotapa suun kautta, ihonalaisesti, lihakseen, suonensis\u00e4isesti, intraspinaalisesti ja rektaalisesti on saatavilla. Parenteraaliset annokset voidaan antaa ajoittaisina injektioina tai jatkuvina tai ajoittaisina infuusioina potilaan analgeettisten tarpeiden mukaan.<\/p>\n<p>K\u00c4YTT\u00d6T<br \/> T\u00e4t\u00e4 l\u00e4\u00e4kett\u00e4 k\u00e4ytet\u00e4\u00e4n auttamaan lievitt\u00e4m\u00e4\u00e4n vaikeaa, jatkuvaa kipua (esim. kuten sy\u00f6v\u00e4n takia). Morfiini luokitellaan opioidikipul\u00e4\u00e4keeksi (huumausaine). Se toimii muuttamalla sit\u00e4, miten kehosi havaitsee aivokivun ja reagoi siihen.<\/p>\n<p>T\u00e4m\u00e4n l\u00e4\u00e4kkeen suurempia annoksia (100 mg tai enemm\u00e4n tablettia kohden) tulee k\u00e4ytt\u00e4\u00e4 vain, jos olet k\u00e4ytt\u00e4nyt kohtalaisia \u200b\u200btai suuria annoksia. opioidikipul\u00e4\u00e4kkeit\u00e4 s\u00e4\u00e4nn\u00f6llisesti. N\u00e4m\u00e4 vahvuudet voivat johtaa yliannostukseen (ja ehk\u00e4 kuolemaan), jos niit\u00e4 ottaa henkil\u00f6, joka ei ole k\u00e4ytt\u00e4nyt opioideja jatkuvasti.<\/p>\n<p>V\u00e4lt\u00e4 k\u00e4ytt\u00e4m\u00e4st\u00e4 pitk\u00e4vaikutteista morfiinia liev\u00e4n kivun hoitoon, joka on kohtalainen tai paranee hetken kuluessa. muutama p\u00e4iv\u00e4. T\u00e4t\u00e4 l\u00e4\u00e4kett\u00e4 ei ole tarkoitettu k\u00e4ytett\u00e4v\u00e4ksi &#8220;tarpeen mukaan&#8221;.<\/p>\n<p>MAGNUS MR SULFATE ER 30 MG TABLETTI K\u00c4YTT\u00d6OHJEET<\/p>\n<p>Ennen kuin aloitat morfiinin k\u00e4yt\u00f6n, ja aina, kun saat t\u00e4ytt\u00f6, lue apteekkihenkil\u00f6kuntasi laatima l\u00e4\u00e4kitysopas. Ota yhteys l\u00e4\u00e4k\u00e4riisi tai apteekkiin, jos sinulla on kysytt\u00e4v\u00e4\u00e4.<\/p>\n<p>Ota t\u00e4t\u00e4 l\u00e4\u00e4kett\u00e4 s\u00e4\u00e4nn\u00f6llisesti, \u00e4l\u00e4 niin paljon kuin tarvitaan vakavaan (l\u00e4p\u00e4isy-)kipuun, kuten l\u00e4\u00e4k\u00e4risi on neuvonut. Ota t\u00e4m\u00e4 l\u00e4\u00e4ke aterioiden kanssa tai ilman, yleens\u00e4 8-12 tunnin v\u00e4lein, l\u00e4\u00e4k\u00e4risi ohjeiden mukaan. Tietyt merkit tulisi ottaa vain kerran 12 tunnin v\u00e4lein. Jos sinulla on pahoinvointia, se voi olla hy\u00f6dyllist\u00e4 ottaa t\u00e4t\u00e4 l\u00e4\u00e4kett\u00e4 aterioiden yhteydess\u00e4. Kysy l\u00e4\u00e4k\u00e4rilt\u00e4si tai apteekistasi muita strategioita pahoinvoinnin lievitt\u00e4miseksi (kuten makuulla 1\u20132 tuntia liikuttamalla p\u00e4\u00e4t\u00e4 mahdollisimman v\u00e4h\u00e4n). Ota yhteys l\u00e4\u00e4k\u00e4riisi, jos pahoinvointi jatkuu.<\/p>\n<p>N\u00e4yt\u00e4 tabletit kokonaisuudessaan. Tablettia ei saa rikkoa, murskata, pureskella tai liuottaa. T\u00e4m\u00e4 voi johtaa l\u00e4\u00e4kkeen t\u00e4ydelliseen vapautumiseen, mik\u00e4 lis\u00e4\u00e4 morfiinin yliannostuksen vaaraa.<\/p>\n<p>Annostus m\u00e4\u00e4r\u00e4ytyy sairaushistoriasi ja hoitoreaktiosi perusteella. \u00c4l\u00e4 nosta annostasi tai ota t\u00e4t\u00e4 l\u00e4\u00e4kett\u00e4 useammin tai pidemp\u00e4\u00e4n kuin on ehdotettu, koska riskisi saada sivuvaikutuksia voi kasvaa. Lopeta l\u00e4\u00e4kkeen k\u00e4ytt\u00f6 ohjeiden mukaisesti.<\/p>\n<p>Jos lopetat t\u00e4m\u00e4n l\u00e4\u00e4kkeen k\u00e4yt\u00f6n \u00e4killisesti, saatat kokea vieroitusoireita (kuten levottomuutta, silmien vuotamista, nen\u00e4n vuotamista, pahoinvointia, hikoilua, lihaskipuja). L\u00e4\u00e4k\u00e4risi voi asteittain pienent\u00e4\u00e4 annostasi vieroitushoidon v\u00e4ltt\u00e4miseksi. Vieroitusoireita esiintyy todenn\u00e4k\u00f6isemmin, jos olet ottanut morfiinia pitk\u00e4n aikaa tai suuria annoksia. Kerro v\u00e4litt\u00f6m\u00e4sti l\u00e4\u00e4k\u00e4rillesi tai apteekkiin, jos sinulla on vieroitusoireita.<\/p>\n<p>Kun t\u00e4t\u00e4 l\u00e4\u00e4kett\u00e4 k\u00e4ytet\u00e4\u00e4n pitk\u00e4\u00e4n, se voi menett\u00e4\u00e4 tehonsa. Keskustele l\u00e4\u00e4k\u00e4risi kanssa, jos t\u00e4m\u00e4 l\u00e4\u00e4ke lakkaa toimimasta kunnolla.<\/p>\n<p>Vaikka t\u00e4m\u00e4 l\u00e4\u00e4kitys hy\u00f6dytt\u00e4\u00e4 suurta m\u00e4\u00e4r\u00e4\u00e4 ihmisi\u00e4, se voi toisinaan johtaa riippuvuuteen. T\u00e4m\u00e4 riski voi kasvaa, jos sinulla on p\u00e4ihteiden k\u00e4ytt\u00f6h\u00e4iri\u00f6 (kuten liiallinen huumeiden\/alkoholin k\u00e4ytt\u00f6 tai riippuvuus). Minimoidaksesi riippuvuuden vaara, k\u00e4yt\u00e4 t\u00e4t\u00e4 l\u00e4\u00e4kett\u00e4 t\u00e4sm\u00e4lleen ohjeiden mukaisesti. Pyyd\u00e4 lis\u00e4tietoja l\u00e4\u00e4k\u00e4rilt\u00e4si tai apteekista.<\/p>\n<\/p><\/div>\n<div class=\"product-next-previous\">\n<div class=\"product-prev\"><\/div><\/div>\n","protected":false},"excerpt":{"rendered":"<div class=\"woocommerce-product-details__short-description\">\n<p>Magnus MR Morphine 30mg on ostettavissa verkosta. Morfiini toimii opioidikipul\u00e4\u00e4kkeen\u00e4 toimimalla agonistina keskushermoston ja muiden elinten kyll\u00e4stetyiss\u00e4 opioidireseptoreissa.<\/p>\n<p>Magnus MR (Morphine Sulfate) 30 mg -pillereit\u00e4 on saatavana ilman resepti\u00e4 verkossa (ei RX). Morfiini 30 mg myyt\u00e4v\u00e4n\u00e4 Yhdistyneess\u00e4 kuningaskunnassa ja Euroopassa<\/p>\n<\/p><\/div>\n","protected":false},"featured_media":5258,"comment_status":"closed","ping_status":"closed","template":"","meta":[],"product_brand":[],"product_cat":[1117],"product_tag":[1515,1516,1517,1518,1519,1514],"class_list":{"0":"post-5239","1":"product","2":"type-product","3":"status-publish","4":"has-post-thumbnail","6":"product_cat-osta-kipu-uni-ja-seksipillereita","7":"product_tag-magnus-mr-morfiinisulfaatti-30-mg","8":"product_tag-magnus-mr-morfiinisulfaatti-katuhinta","9":"product_tag-magnus-mr-morfiini-sulfaatti-katu-hinta-pullolle","10":"product_tag-magnus-mr-30-mg-morfiinisulfaatti","11":"product_tag-magnus-mr-morfiini-30-mg","12":"product_tag-osta-magnus-mr-30mg-morfiinisulfaatti","14":"first","15":"instock","16":"shipping-taxable","17":"purchasable","18":"product-type-variable"},"yoast_head":"<!-- This site is optimized with the Yoast SEO plugin v27.3 - https:\/\/yoast.com\/product\/yoast-seo-wordpress\/ -->\n<title>Osta Magnus MR Morphine 30mg - parhaat maailmanlaajuiset l\u00e4\u00e4kkeet<\/title>\n<meta name=\"description\" content=\"Voit\u00a0ostaa Magnus MR\u00a0(Morphine\u00a0Sulfate)\u00a030\u00a0mg\u00a0kapseleita\u00a0verkosta\u00a0ilman resepti\u00e4 (ei RX:\u00e4\u00e4). Morfiini 30mg myyt\u00e4v\u00e4n\u00e4 Isossa-Britanniassa, Euroopassa\" \/>\n<meta name=\"robots\" content=\"index, follow, max-snippet:-1, max-image-preview:large, max-video-preview:-1\" \/>\n<link rel=\"canonical\" href=\"https:\/\/medicinasinc.com\/fi\/product\/osta-magnus-mr-morfiini-30mg-verkosta\/\" \/>\n<meta property=\"og:locale\" content=\"en_US\" \/>\n<meta property=\"og:type\" content=\"article\" \/>\n<meta property=\"og:title\" content=\"Osta Magnus MR Morphine 30mg - parhaat maailmanlaajuiset l\u00e4\u00e4kkeet\" \/>\n<meta property=\"og:description\" content=\"Voit\u00a0ostaa Magnus MR\u00a0(Morphine\u00a0Sulfate)\u00a030\u00a0mg\u00a0kapseleita\u00a0verkosta\u00a0ilman resepti\u00e4 (ei RX:\u00e4\u00e4). Morfiini 30mg myyt\u00e4v\u00e4n\u00e4 Isossa-Britanniassa, Euroopassa\" \/>\n<meta property=\"og:url\" content=\"https:\/\/medicinasinc.com\/fi\/product\/osta-magnus-mr-morfiini-30mg-verkosta\/\" \/>\n<meta property=\"og:site_name\" content=\"Medicinas Inc\" \/>\n<meta property=\"article:modified_time\" content=\"2022-03-22T01:03:40+00:00\" \/>\n<meta property=\"og:image\" content=\"https:\/\/medicinasinc.com\/fi\/wp-content\/uploads\/sites\/12\/2022\/02\/Buy-Magnus-MR-Morphine-30mg.jpg\" \/>\n\t<meta property=\"og:image:width\" content=\"600\" \/>\n\t<meta property=\"og:image:height\" content=\"600\" \/>\n\t<meta property=\"og:image:type\" content=\"image\/jpeg\" \/>\n<meta name=\"twitter:card\" content=\"summary_large_image\" \/>\n<meta name=\"twitter:label1\" content=\"Est. reading time\" \/>\n\t<meta name=\"twitter:data1\" content=\"7 minutes\" \/>\n<script type=\"application\/ld+json\" class=\"yoast-schema-graph\">{\"@context\":\"https:\\\/\\\/schema.org\",\"@graph\":[{\"@type\":\"WebPage\",\"@id\":\"https:\\\/\\\/medicinasinc.com\\\/fi\\\/product\\\/osta-magnus-mr-morfiini-30mg-verkosta\\\/\",\"url\":\"https:\\\/\\\/medicinasinc.com\\\/fi\\\/product\\\/osta-magnus-mr-morfiini-30mg-verkosta\\\/\",\"name\":\"Osta Magnus MR Morphine 30mg - parhaat maailmanlaajuiset l\u00e4\u00e4kkeet\",\"isPartOf\":{\"@id\":\"https:\\\/\\\/medicinasinc.com\\\/fi\\\/#website\"},\"primaryImageOfPage\":{\"@id\":\"https:\\\/\\\/medicinasinc.com\\\/fi\\\/product\\\/osta-magnus-mr-morfiini-30mg-verkosta\\\/#primaryimage\"},\"image\":{\"@id\":\"https:\\\/\\\/medicinasinc.com\\\/fi\\\/product\\\/osta-magnus-mr-morfiini-30mg-verkosta\\\/#primaryimage\"},\"thumbnailUrl\":\"https:\\\/\\\/medicinasinc.com\\\/fi\\\/wp-content\\\/uploads\\\/sites\\\/12\\\/2022\\\/02\\\/Buy-Magnus-MR-Morphine-30mg.jpg\",\"datePublished\":\"2022-02-20T22:28:45+00:00\",\"dateModified\":\"2022-03-22T01:03:40+00:00\",\"description\":\"Voit\u00a0ostaa Magnus MR\u00a0(Morphine\u00a0Sulfate)\u00a030\u00a0mg\u00a0kapseleita\u00a0verkosta\u00a0ilman resepti\u00e4 (ei RX:\u00e4\u00e4). Morfiini 30mg myyt\u00e4v\u00e4n\u00e4 Isossa-Britanniassa, Euroopassa\",\"breadcrumb\":{\"@id\":\"https:\\\/\\\/medicinasinc.com\\\/fi\\\/product\\\/osta-magnus-mr-morfiini-30mg-verkosta\\\/#breadcrumb\"},\"inLanguage\":\"en-US\",\"potentialAction\":[{\"@type\":\"ReadAction\",\"target\":[\"https:\\\/\\\/medicinasinc.com\\\/fi\\\/product\\\/osta-magnus-mr-morfiini-30mg-verkosta\\\/\"]}]},{\"@type\":\"ImageObject\",\"inLanguage\":\"en-US\",\"@id\":\"https:\\\/\\\/medicinasinc.com\\\/fi\\\/product\\\/osta-magnus-mr-morfiini-30mg-verkosta\\\/#primaryimage\",\"url\":\"https:\\\/\\\/medicinasinc.com\\\/fi\\\/wp-content\\\/uploads\\\/sites\\\/12\\\/2022\\\/02\\\/Buy-Magnus-MR-Morphine-30mg.jpg\",\"contentUrl\":\"https:\\\/\\\/medicinasinc.com\\\/fi\\\/wp-content\\\/uploads\\\/sites\\\/12\\\/2022\\\/02\\\/Buy-Magnus-MR-Morphine-30mg.jpg\",\"width\":600,\"height\":600},{\"@type\":\"BreadcrumbList\",\"@id\":\"https:\\\/\\\/medicinasinc.com\\\/fi\\\/product\\\/osta-magnus-mr-morfiini-30mg-verkosta\\\/#breadcrumb\",\"itemListElement\":[{\"@type\":\"ListItem\",\"position\":1,\"name\":\"Myym\u00e4l\u00e4\",\"item\":\"https:\\\/\\\/medicinasinc.com\\\/fi\\\/myymala\\\/\"},{\"@type\":\"ListItem\",\"position\":2,\"name\":\"Osta Magnus MR Morphine 30mg verkosta\"}]},{\"@type\":\"WebSite\",\"@id\":\"https:\\\/\\\/medicinasinc.com\\\/fi\\\/#website\",\"url\":\"https:\\\/\\\/medicinasinc.com\\\/fi\\\/\",\"name\":\"Medicinas Inc\",\"description\":\"Health Medical Clinic\",\"potentialAction\":[{\"@type\":\"SearchAction\",\"target\":{\"@type\":\"EntryPoint\",\"urlTemplate\":\"https:\\\/\\\/medicinasinc.com\\\/fi\\\/?s={search_term_string}\"},\"query-input\":{\"@type\":\"PropertyValueSpecification\",\"valueRequired\":true,\"valueName\":\"search_term_string\"}}],\"inLanguage\":\"en-US\"}]}<\/script>\n<!-- \/ Yoast SEO plugin. -->","yoast_head_json":{"title":"Osta Magnus MR Morphine 30mg - parhaat maailmanlaajuiset l\u00e4\u00e4kkeet","description":"Voit\u00a0ostaa Magnus MR\u00a0(Morphine\u00a0Sulfate)\u00a030\u00a0mg\u00a0kapseleita\u00a0verkosta\u00a0ilman resepti\u00e4 (ei RX:\u00e4\u00e4). Morfiini 30mg myyt\u00e4v\u00e4n\u00e4 Isossa-Britanniassa, Euroopassa","robots":{"index":"index","follow":"follow","max-snippet":"max-snippet:-1","max-image-preview":"max-image-preview:large","max-video-preview":"max-video-preview:-1"},"canonical":"https:\/\/medicinasinc.com\/fi\/product\/osta-magnus-mr-morfiini-30mg-verkosta\/","og_locale":"en_US","og_type":"article","og_title":"Osta Magnus MR Morphine 30mg - parhaat maailmanlaajuiset l\u00e4\u00e4kkeet","og_description":"Voit\u00a0ostaa Magnus MR\u00a0(Morphine\u00a0Sulfate)\u00a030\u00a0mg\u00a0kapseleita\u00a0verkosta\u00a0ilman resepti\u00e4 (ei RX:\u00e4\u00e4). Morfiini 30mg myyt\u00e4v\u00e4n\u00e4 Isossa-Britanniassa, Euroopassa","og_url":"https:\/\/medicinasinc.com\/fi\/product\/osta-magnus-mr-morfiini-30mg-verkosta\/","og_site_name":"Medicinas Inc","article_modified_time":"2022-03-22T01:03:40+00:00","og_image":[{"width":600,"height":600,"url":"https:\/\/medicinasinc.com\/fi\/wp-content\/uploads\/sites\/12\/2022\/02\/Buy-Magnus-MR-Morphine-30mg.jpg","type":"image\/jpeg"}],"twitter_card":"summary_large_image","twitter_misc":{"Est. reading time":"7 minutes"},"schema":{"@context":"https:\/\/schema.org","@graph":[{"@type":"WebPage","@id":"https:\/\/medicinasinc.com\/fi\/product\/osta-magnus-mr-morfiini-30mg-verkosta\/","url":"https:\/\/medicinasinc.com\/fi\/product\/osta-magnus-mr-morfiini-30mg-verkosta\/","name":"Osta Magnus MR Morphine 30mg - parhaat maailmanlaajuiset l\u00e4\u00e4kkeet","isPartOf":{"@id":"https:\/\/medicinasinc.com\/fi\/#website"},"primaryImageOfPage":{"@id":"https:\/\/medicinasinc.com\/fi\/product\/osta-magnus-mr-morfiini-30mg-verkosta\/#primaryimage"},"image":{"@id":"https:\/\/medicinasinc.com\/fi\/product\/osta-magnus-mr-morfiini-30mg-verkosta\/#primaryimage"},"thumbnailUrl":"https:\/\/medicinasinc.com\/fi\/wp-content\/uploads\/sites\/12\/2022\/02\/Buy-Magnus-MR-Morphine-30mg.jpg","datePublished":"2022-02-20T22:28:45+00:00","dateModified":"2022-03-22T01:03:40+00:00","description":"Voit\u00a0ostaa Magnus MR\u00a0(Morphine\u00a0Sulfate)\u00a030\u00a0mg\u00a0kapseleita\u00a0verkosta\u00a0ilman resepti\u00e4 (ei RX:\u00e4\u00e4). Morfiini 30mg myyt\u00e4v\u00e4n\u00e4 Isossa-Britanniassa, Euroopassa","breadcrumb":{"@id":"https:\/\/medicinasinc.com\/fi\/product\/osta-magnus-mr-morfiini-30mg-verkosta\/#breadcrumb"},"inLanguage":"en-US","potentialAction":[{"@type":"ReadAction","target":["https:\/\/medicinasinc.com\/fi\/product\/osta-magnus-mr-morfiini-30mg-verkosta\/"]}]},{"@type":"ImageObject","inLanguage":"en-US","@id":"https:\/\/medicinasinc.com\/fi\/product\/osta-magnus-mr-morfiini-30mg-verkosta\/#primaryimage","url":"https:\/\/medicinasinc.com\/fi\/wp-content\/uploads\/sites\/12\/2022\/02\/Buy-Magnus-MR-Morphine-30mg.jpg","contentUrl":"https:\/\/medicinasinc.com\/fi\/wp-content\/uploads\/sites\/12\/2022\/02\/Buy-Magnus-MR-Morphine-30mg.jpg","width":600,"height":600},{"@type":"BreadcrumbList","@id":"https:\/\/medicinasinc.com\/fi\/product\/osta-magnus-mr-morfiini-30mg-verkosta\/#breadcrumb","itemListElement":[{"@type":"ListItem","position":1,"name":"Myym\u00e4l\u00e4","item":"https:\/\/medicinasinc.com\/fi\/myymala\/"},{"@type":"ListItem","position":2,"name":"Osta Magnus MR Morphine 30mg verkosta"}]},{"@type":"WebSite","@id":"https:\/\/medicinasinc.com\/fi\/#website","url":"https:\/\/medicinasinc.com\/fi\/","name":"Medicinas Inc","description":"Health Medical Clinic","potentialAction":[{"@type":"SearchAction","target":{"@type":"EntryPoint","urlTemplate":"https:\/\/medicinasinc.com\/fi\/?s={search_term_string}"},"query-input":{"@type":"PropertyValueSpecification","valueRequired":true,"valueName":"search_term_string"}}],"inLanguage":"en-US"}]}},"_links":{"self":[{"href":"https:\/\/medicinasinc.com\/fi\/wp-json\/wp\/v2\/product\/5239","targetHints":{"allow":["GET"]}}],"collection":[{"href":"https:\/\/medicinasinc.com\/fi\/wp-json\/wp\/v2\/product"}],"about":[{"href":"https:\/\/medicinasinc.com\/fi\/wp-json\/wp\/v2\/types\/product"}],"replies":[{"embeddable":true,"href":"https:\/\/medicinasinc.com\/fi\/wp-json\/wp\/v2\/comments?post=5239"}],"wp:featuredmedia":[{"embeddable":true,"href":"https:\/\/medicinasinc.com\/fi\/wp-json\/wp\/v2\/media\/5258"}],"wp:attachment":[{"href":"https:\/\/medicinasinc.com\/fi\/wp-json\/wp\/v2\/media?parent=5239"}],"wp:term":[{"taxonomy":"product_brand","embeddable":true,"href":"https:\/\/medicinasinc.com\/fi\/wp-json\/wp\/v2\/product_brand?post=5239"},{"taxonomy":"product_cat","embeddable":true,"href":"https:\/\/medicinasinc.com\/fi\/wp-json\/wp\/v2\/product_cat?post=5239"},{"taxonomy":"product_tag","embeddable":true,"href":"https:\/\/medicinasinc.com\/fi\/wp-json\/wp\/v2\/product_tag?post=5239"}],"curies":[{"name":"wp","href":"https:\/\/api.w.org\/{rel}","templated":true}]}}