{"id":5238,"date":"2022-02-20T22:26:29","date_gmt":"2022-02-20T22:26:29","guid":{"rendered":"https:\/\/medicinasinc.com\/fi\/?post_type=product&#038;p=5238"},"modified":"2022-03-22T01:03:53","modified_gmt":"2022-03-22T01:03:53","slug":"osta-lortab-10-325-mg","status":"publish","type":"product","link":"https:\/\/medicinasinc.com\/fi\/product\/osta-lortab-10-325-mg\/","title":{"rendered":"Osta Lortab 10\/325mg"},"content":{"rendered":"<p>Lortab 10\/325mg -pillereit\u00e4 voi ostaa verkosta.<br \/> Lortab \u2013 mik\u00e4 se on?<br \/> Lortabin riskit<\/p>\n<p>T\u00e4t\u00e4 yhdistelm\u00e4l\u00e4\u00e4kett\u00e4 k\u00e4ytet\u00e4\u00e4n liev\u00e4st\u00e4 vaikeaan kivun hoitoon. Se sis\u00e4lt\u00e4\u00e4 opioidikipul\u00e4\u00e4kett\u00e4 (hydrokodonia) sek\u00e4 ei-opioidista analgeettia (asetaminofeeni). Hydrokodoni muuttaa tapaa, jolla kehosi havaitsee ja reagoi kipuun vaikuttamalla aivoihin. Asetaminofeeni voi my\u00f6s auttaa alentamaan kuumetta.<\/p>\n<p>T\u00e4t\u00e4 tuotetta ei suositella alle 6-vuotiaille lapsille vakavien haittavaikutusten (kuten pinnallinen\/hidas hengitys) lis\u00e4\u00e4ntyneen riskin vuoksi.<\/p>\n","protected":false},"excerpt":{"rendered":"<div class=\"woocommerce-product-details__short-description\">\n<p>Osta Lortab 10\/325mg -pillereit\u00e4 voi ostaa verkosta. s\u00e4rkyl\u00e4\u00e4kkeiden osto verkossa, kipul\u00e4\u00e4kkeiden osto verkossa, vakavien kipul\u00e4\u00e4kkeiden osto verkossa<\/p>\n<p>Lortab 10\/325mg -pillereit\u00e4 myyd\u00e4\u00e4n Yhdistyneess\u00e4 kuningaskunnassa ja Euroopassa. osta kipul\u00e4\u00e4kett\u00e4 verkosta, osta kipul\u00e4\u00e4kkeit\u00e4 verkosta, ilman resepti\u00e4, oksikodoni verkosta, kipul\u00e4\u00e4kkeet, kipul\u00e4\u00e4ke, ADD\/ADHD-pillerit, steroidipillerit, ahdistuneisuusl\u00e4\u00e4kkeet, masennusl\u00e4\u00e4kkeet, painonpudotuspillerit.<\/p>\n<p>Osta lortab. asetaminofeenitabletit 5 mg 7,5 mg 10 mg, painatus m367 laillisesti hyv\u00e4maineisesta verkkoapteekista, joka tarjoaa toimituksen y\u00f6n yli.<\/p>\n<\/p><\/div>\n","protected":false},"featured_media":5256,"comment_status":"open","ping_status":"closed","template":"","meta":[],"product_brand":[],"product_cat":[1117],"product_tag":[1470,1471,1490,1474,1475,1513,1473,1320,1476,1477,1479,1478,1480,1481,1482,1484,1485,1483,1493,1488,1489,1494,1497,1502,1487,1495,1498,1499,1500,1501,1496,1506,1503,1504,1505,1491,1492,1486,1507,1511,1512,1510,1508,1509,1472],"class_list":{"0":"post-5238","1":"product","2":"type-product","3":"status-publish","4":"has-post-thumbnail","6":"product_cat-osta-kipu-uni-ja-seksipillereita","7":"product_tag-buying-lortab-online","8":"product_tag-ero-lortabin-ja-percocetin-vlill","9":"product_tag-ottenab-eliksiiri","10":"product_tag-how-long-does-lortab-stay-in-your-urine","11":"product_tag-hydrocodone-lortab","12":"product_tag-keltainen-lortab-10","13":"product_tag-kuinka-kauan-lortab-pysyy-jrjestelmsssi","14":"product_tag-lortab","15":"product_tag-lortab-10","16":"product_tag-lortab-10-325-katu-arvo","17":"product_tag-lortab-10-kuvat","18":"product_tag-lortab-10-mg","19":"product_tag-lortab-5","20":"product_tag-lortab-5-mg","21":"product_tag-lortab-5-325","22":"product_tag-lortab-7-5-325","23":"product_tag-lortab-7-5-mg","24":"product_tag-lortab-7-5","25":"product_tag-lortab-ainesosa","26":"product_tag-lortab-classification","27":"product_tag-lortab-dosage","28":"product_tag-lortab-ingredients","29":"product_tag-lortab-kuva","30":"product_tag-lortab-ten","31":"product_tag-lortab-lisys","32":"product_tag-lortab-m367","33":"product_tag-lortab-picture","34":"product_tag-lortab-pictures","35":"product_tag-lortab-sivuvaikutuksia","36":"product_tag-lortab-voimaa","37":"product_tag-lortab-on-line","38":"product_tag-lortab-veto","39":"product_tag-lortab-vs-norco","40":"product_tag-lortab-vs-oksikodoni","41":"product_tag-lortab-vs-vicodin","42":"product_tag-lortab-yleinen-nimi","43":"product_tag-lortab-yleisnimet","44":"product_tag-lortab-riippuvuudet","45":"product_tag-m366-lortab","46":"product_tag-mik-on-a-lortab","47":"product_tag-mik-on-lortab","48":"product_tag-mit-ovat-lortab","49":"product_tag-norco-lortab","50":"product_tag-norco-vs-lortab","51":"product_tag-yleinen-lortab","53":"first","54":"instock","55":"shipping-taxable","56":"purchasable","57":"product-type-variable","58":"has-default-attributes"},"yoast_head":"<!-- This site is optimized with the Yoast SEO plugin v27.3 - https:\/\/yoast.com\/product\/yoast-seo-wordpress\/ -->\n<title>Osta Lortab 10\/325 mg - parhaat maailmanlaajuiset l\u00e4\u00e4kkeet<\/title>\n<meta name=\"description\" content=\"Osta Lortab 10\/325 mg pillereit\u00e4 myyt\u00e4v\u00e4ksi Isossa-Britanniassa, Euroopassa. ostaa kipul\u00e4\u00e4kkeit\u00e4 verkosta, ostaa kipul\u00e4\u00e4kkeit\u00e4 verkosta, vahvojen kipul\u00e4\u00e4kkeiden luettelo, ilman resepti\u00e4, oksikodoni verkossa, kipul\u00e4\u00e4kkeet, kipul\u00e4\u00e4ke, ADD\/ADHD-pillerit, steroidipillerit, ahdistusta ehk\u00e4isev\u00e4t pillerit, masennusl\u00e4\u00e4kkeet, painonpudotusl\u00e4\u00e4kkeet.\" \/>\n<meta name=\"robots\" content=\"index, follow, max-snippet:-1, max-image-preview:large, max-video-preview:-1\" \/>\n<link rel=\"canonical\" href=\"https:\/\/medicinasinc.com\/fi\/product\/osta-lortab-10-325-mg\/\" \/>\n<meta property=\"og:locale\" content=\"en_US\" \/>\n<meta property=\"og:type\" content=\"article\" \/>\n<meta property=\"og:title\" content=\"Osta Lortab 10\/325 mg - parhaat maailmanlaajuiset l\u00e4\u00e4kkeet\" \/>\n<meta property=\"og:description\" content=\"Osta Lortab 10\/325 mg pillereit\u00e4 myyt\u00e4v\u00e4ksi Isossa-Britanniassa, Euroopassa. ostaa kipul\u00e4\u00e4kkeit\u00e4 verkosta, ostaa kipul\u00e4\u00e4kkeit\u00e4 verkosta, vahvojen kipul\u00e4\u00e4kkeiden luettelo, ilman resepti\u00e4, oksikodoni verkossa, kipul\u00e4\u00e4kkeet, kipul\u00e4\u00e4ke, ADD\/ADHD-pillerit, steroidipillerit, ahdistusta ehk\u00e4isev\u00e4t pillerit, masennusl\u00e4\u00e4kkeet, painonpudotusl\u00e4\u00e4kkeet.\" \/>\n<meta property=\"og:url\" content=\"https:\/\/medicinasinc.com\/fi\/product\/osta-lortab-10-325-mg\/\" \/>\n<meta property=\"og:site_name\" content=\"Medicinas Inc\" \/>\n<meta property=\"article:modified_time\" content=\"2022-03-22T01:03:53+00:00\" \/>\n<meta property=\"og:image\" content=\"https:\/\/medicinasinc.com\/fi\/wp-content\/uploads\/sites\/12\/2022\/02\/buy-lortab-10-325mg-pills-online.jpg\" \/>\n\t<meta property=\"og:image:width\" content=\"600\" \/>\n\t<meta property=\"og:image:height\" content=\"600\" \/>\n\t<meta property=\"og:image:type\" content=\"image\/jpeg\" \/>\n<meta name=\"twitter:card\" content=\"summary_large_image\" \/>\n<meta name=\"twitter:label1\" content=\"Est. reading time\" \/>\n\t<meta name=\"twitter:data1\" content=\"1 minute\" \/>\n<script type=\"application\/ld+json\" class=\"yoast-schema-graph\">{\"@context\":\"https:\\\/\\\/schema.org\",\"@graph\":[{\"@type\":\"WebPage\",\"@id\":\"https:\\\/\\\/medicinasinc.com\\\/fi\\\/product\\\/osta-lortab-10-325-mg\\\/\",\"url\":\"https:\\\/\\\/medicinasinc.com\\\/fi\\\/product\\\/osta-lortab-10-325-mg\\\/\",\"name\":\"Osta Lortab 10\\\/325 mg - parhaat maailmanlaajuiset l\u00e4\u00e4kkeet\",\"isPartOf\":{\"@id\":\"https:\\\/\\\/medicinasinc.com\\\/fi\\\/#website\"},\"primaryImageOfPage\":{\"@id\":\"https:\\\/\\\/medicinasinc.com\\\/fi\\\/product\\\/osta-lortab-10-325-mg\\\/#primaryimage\"},\"image\":{\"@id\":\"https:\\\/\\\/medicinasinc.com\\\/fi\\\/product\\\/osta-lortab-10-325-mg\\\/#primaryimage\"},\"thumbnailUrl\":\"https:\\\/\\\/medicinasinc.com\\\/fi\\\/wp-content\\\/uploads\\\/sites\\\/12\\\/2022\\\/02\\\/buy-lortab-10-325mg-pills-online.jpg\",\"datePublished\":\"2022-02-20T22:26:29+00:00\",\"dateModified\":\"2022-03-22T01:03:53+00:00\",\"description\":\"Osta Lortab 10\\\/325 mg pillereit\u00e4 myyt\u00e4v\u00e4ksi Isossa-Britanniassa, Euroopassa. ostaa kipul\u00e4\u00e4kkeit\u00e4 verkosta, ostaa kipul\u00e4\u00e4kkeit\u00e4 verkosta, vahvojen kipul\u00e4\u00e4kkeiden luettelo, ilman resepti\u00e4, oksikodoni verkossa, kipul\u00e4\u00e4kkeet, kipul\u00e4\u00e4ke, ADD\\\/ADHD-pillerit, steroidipillerit, ahdistusta ehk\u00e4isev\u00e4t pillerit, masennusl\u00e4\u00e4kkeet, painonpudotusl\u00e4\u00e4kkeet.\",\"breadcrumb\":{\"@id\":\"https:\\\/\\\/medicinasinc.com\\\/fi\\\/product\\\/osta-lortab-10-325-mg\\\/#breadcrumb\"},\"inLanguage\":\"en-US\",\"potentialAction\":[{\"@type\":\"ReadAction\",\"target\":[\"https:\\\/\\\/medicinasinc.com\\\/fi\\\/product\\\/osta-lortab-10-325-mg\\\/\"]}]},{\"@type\":\"ImageObject\",\"inLanguage\":\"en-US\",\"@id\":\"https:\\\/\\\/medicinasinc.com\\\/fi\\\/product\\\/osta-lortab-10-325-mg\\\/#primaryimage\",\"url\":\"https:\\\/\\\/medicinasinc.com\\\/fi\\\/wp-content\\\/uploads\\\/sites\\\/12\\\/2022\\\/02\\\/buy-lortab-10-325mg-pills-online.jpg\",\"contentUrl\":\"https:\\\/\\\/medicinasinc.com\\\/fi\\\/wp-content\\\/uploads\\\/sites\\\/12\\\/2022\\\/02\\\/buy-lortab-10-325mg-pills-online.jpg\",\"width\":600,\"height\":600},{\"@type\":\"BreadcrumbList\",\"@id\":\"https:\\\/\\\/medicinasinc.com\\\/fi\\\/product\\\/osta-lortab-10-325-mg\\\/#breadcrumb\",\"itemListElement\":[{\"@type\":\"ListItem\",\"position\":1,\"name\":\"Myym\u00e4l\u00e4\",\"item\":\"https:\\\/\\\/medicinasinc.com\\\/fi\\\/myymala\\\/\"},{\"@type\":\"ListItem\",\"position\":2,\"name\":\"Osta Lortab 10\\\/325mg\"}]},{\"@type\":\"WebSite\",\"@id\":\"https:\\\/\\\/medicinasinc.com\\\/fi\\\/#website\",\"url\":\"https:\\\/\\\/medicinasinc.com\\\/fi\\\/\",\"name\":\"Medicinas Inc\",\"description\":\"Health Medical Clinic\",\"potentialAction\":[{\"@type\":\"SearchAction\",\"target\":{\"@type\":\"EntryPoint\",\"urlTemplate\":\"https:\\\/\\\/medicinasinc.com\\\/fi\\\/?s={search_term_string}\"},\"query-input\":{\"@type\":\"PropertyValueSpecification\",\"valueRequired\":true,\"valueName\":\"search_term_string\"}}],\"inLanguage\":\"en-US\"}]}<\/script>\n<!-- \/ Yoast SEO plugin. -->","yoast_head_json":{"title":"Osta Lortab 10\/325 mg - parhaat maailmanlaajuiset l\u00e4\u00e4kkeet","description":"Osta Lortab 10\/325 mg pillereit\u00e4 myyt\u00e4v\u00e4ksi Isossa-Britanniassa, Euroopassa. ostaa kipul\u00e4\u00e4kkeit\u00e4 verkosta, ostaa kipul\u00e4\u00e4kkeit\u00e4 verkosta, vahvojen kipul\u00e4\u00e4kkeiden luettelo, ilman resepti\u00e4, oksikodoni verkossa, kipul\u00e4\u00e4kkeet, kipul\u00e4\u00e4ke, ADD\/ADHD-pillerit, steroidipillerit, ahdistusta ehk\u00e4isev\u00e4t pillerit, masennusl\u00e4\u00e4kkeet, painonpudotusl\u00e4\u00e4kkeet.","robots":{"index":"index","follow":"follow","max-snippet":"max-snippet:-1","max-image-preview":"max-image-preview:large","max-video-preview":"max-video-preview:-1"},"canonical":"https:\/\/medicinasinc.com\/fi\/product\/osta-lortab-10-325-mg\/","og_locale":"en_US","og_type":"article","og_title":"Osta Lortab 10\/325 mg - parhaat maailmanlaajuiset l\u00e4\u00e4kkeet","og_description":"Osta Lortab 10\/325 mg pillereit\u00e4 myyt\u00e4v\u00e4ksi Isossa-Britanniassa, Euroopassa. ostaa kipul\u00e4\u00e4kkeit\u00e4 verkosta, ostaa kipul\u00e4\u00e4kkeit\u00e4 verkosta, vahvojen kipul\u00e4\u00e4kkeiden luettelo, ilman resepti\u00e4, oksikodoni verkossa, kipul\u00e4\u00e4kkeet, kipul\u00e4\u00e4ke, ADD\/ADHD-pillerit, steroidipillerit, ahdistusta ehk\u00e4isev\u00e4t pillerit, masennusl\u00e4\u00e4kkeet, painonpudotusl\u00e4\u00e4kkeet.","og_url":"https:\/\/medicinasinc.com\/fi\/product\/osta-lortab-10-325-mg\/","og_site_name":"Medicinas Inc","article_modified_time":"2022-03-22T01:03:53+00:00","og_image":[{"width":600,"height":600,"url":"https:\/\/medicinasinc.com\/fi\/wp-content\/uploads\/sites\/12\/2022\/02\/buy-lortab-10-325mg-pills-online.jpg","type":"image\/jpeg"}],"twitter_card":"summary_large_image","twitter_misc":{"Est. reading time":"1 minute"},"schema":{"@context":"https:\/\/schema.org","@graph":[{"@type":"WebPage","@id":"https:\/\/medicinasinc.com\/fi\/product\/osta-lortab-10-325-mg\/","url":"https:\/\/medicinasinc.com\/fi\/product\/osta-lortab-10-325-mg\/","name":"Osta Lortab 10\/325 mg - parhaat maailmanlaajuiset l\u00e4\u00e4kkeet","isPartOf":{"@id":"https:\/\/medicinasinc.com\/fi\/#website"},"primaryImageOfPage":{"@id":"https:\/\/medicinasinc.com\/fi\/product\/osta-lortab-10-325-mg\/#primaryimage"},"image":{"@id":"https:\/\/medicinasinc.com\/fi\/product\/osta-lortab-10-325-mg\/#primaryimage"},"thumbnailUrl":"https:\/\/medicinasinc.com\/fi\/wp-content\/uploads\/sites\/12\/2022\/02\/buy-lortab-10-325mg-pills-online.jpg","datePublished":"2022-02-20T22:26:29+00:00","dateModified":"2022-03-22T01:03:53+00:00","description":"Osta Lortab 10\/325 mg pillereit\u00e4 myyt\u00e4v\u00e4ksi Isossa-Britanniassa, Euroopassa. ostaa kipul\u00e4\u00e4kkeit\u00e4 verkosta, ostaa kipul\u00e4\u00e4kkeit\u00e4 verkosta, vahvojen kipul\u00e4\u00e4kkeiden luettelo, ilman resepti\u00e4, oksikodoni verkossa, kipul\u00e4\u00e4kkeet, kipul\u00e4\u00e4ke, ADD\/ADHD-pillerit, steroidipillerit, ahdistusta ehk\u00e4isev\u00e4t pillerit, masennusl\u00e4\u00e4kkeet, painonpudotusl\u00e4\u00e4kkeet.","breadcrumb":{"@id":"https:\/\/medicinasinc.com\/fi\/product\/osta-lortab-10-325-mg\/#breadcrumb"},"inLanguage":"en-US","potentialAction":[{"@type":"ReadAction","target":["https:\/\/medicinasinc.com\/fi\/product\/osta-lortab-10-325-mg\/"]}]},{"@type":"ImageObject","inLanguage":"en-US","@id":"https:\/\/medicinasinc.com\/fi\/product\/osta-lortab-10-325-mg\/#primaryimage","url":"https:\/\/medicinasinc.com\/fi\/wp-content\/uploads\/sites\/12\/2022\/02\/buy-lortab-10-325mg-pills-online.jpg","contentUrl":"https:\/\/medicinasinc.com\/fi\/wp-content\/uploads\/sites\/12\/2022\/02\/buy-lortab-10-325mg-pills-online.jpg","width":600,"height":600},{"@type":"BreadcrumbList","@id":"https:\/\/medicinasinc.com\/fi\/product\/osta-lortab-10-325-mg\/#breadcrumb","itemListElement":[{"@type":"ListItem","position":1,"name":"Myym\u00e4l\u00e4","item":"https:\/\/medicinasinc.com\/fi\/myymala\/"},{"@type":"ListItem","position":2,"name":"Osta Lortab 10\/325mg"}]},{"@type":"WebSite","@id":"https:\/\/medicinasinc.com\/fi\/#website","url":"https:\/\/medicinasinc.com\/fi\/","name":"Medicinas Inc","description":"Health Medical Clinic","potentialAction":[{"@type":"SearchAction","target":{"@type":"EntryPoint","urlTemplate":"https:\/\/medicinasinc.com\/fi\/?s={search_term_string}"},"query-input":{"@type":"PropertyValueSpecification","valueRequired":true,"valueName":"search_term_string"}}],"inLanguage":"en-US"}]}},"_links":{"self":[{"href":"https:\/\/medicinasinc.com\/fi\/wp-json\/wp\/v2\/product\/5238","targetHints":{"allow":["GET"]}}],"collection":[{"href":"https:\/\/medicinasinc.com\/fi\/wp-json\/wp\/v2\/product"}],"about":[{"href":"https:\/\/medicinasinc.com\/fi\/wp-json\/wp\/v2\/types\/product"}],"replies":[{"embeddable":true,"href":"https:\/\/medicinasinc.com\/fi\/wp-json\/wp\/v2\/comments?post=5238"}],"wp:featuredmedia":[{"embeddable":true,"href":"https:\/\/medicinasinc.com\/fi\/wp-json\/wp\/v2\/media\/5256"}],"wp:attachment":[{"href":"https:\/\/medicinasinc.com\/fi\/wp-json\/wp\/v2\/media?parent=5238"}],"wp:term":[{"taxonomy":"product_brand","embeddable":true,"href":"https:\/\/medicinasinc.com\/fi\/wp-json\/wp\/v2\/product_brand?post=5238"},{"taxonomy":"product_cat","embeddable":true,"href":"https:\/\/medicinasinc.com\/fi\/wp-json\/wp\/v2\/product_cat?post=5238"},{"taxonomy":"product_tag","embeddable":true,"href":"https:\/\/medicinasinc.com\/fi\/wp-json\/wp\/v2\/product_tag?post=5238"}],"curies":[{"name":"wp","href":"https:\/\/api.w.org\/{rel}","templated":true}]}}