{"id":5237,"date":"2022-02-20T22:24:46","date_gmt":"2022-02-20T22:24:46","guid":{"rendered":"https:\/\/medicinasinc.com\/fi\/?post_type=product&#038;p=5237"},"modified":"2022-03-22T01:04:04","modified_gmt":"2022-03-22T01:04:04","slug":"osta-lioresal-baklofeeni-25mg-pillerit","status":"publish","type":"product","link":"https:\/\/medicinasinc.com\/fi\/product\/osta-lioresal-baklofeeni-25mg-pillerit\/","title":{"rendered":"Osta Lioresal Baclofen 25 mg pillereit\u00e4"},"content":{"rendered":"<p>Lioresal Baclofen 25 mg -pillereit\u00e4 voi ostaa verkosta.<\/p>\n<p>INDIKAATIOT<\/p>\n<p>Lioresal (Baclofen) on kouristuksia est\u00e4v\u00e4 ja lihasrelaksantti.<\/p>\n<p>Baclofenia k\u00e4ytet\u00e4\u00e4n hoitoon. multippeliskleroosiin liittyv\u00e4t lihasspasmit, ep\u00e4mukavuus ja j\u00e4ykkyys.<\/p>\n<p>Baclofenia voidaan k\u00e4ytt\u00e4\u00e4 muihin sairauksiin, joita ei ole mainittu t\u00e4ss\u00e4 l\u00e4\u00e4kitysoppaassa.<\/p>\n<p>OHJEET<\/p>\n<p>Ota tarkasti l\u00e4\u00e4k\u00e4risi ohjeiden mukaan. \u00c4l\u00e4 k\u00e4yt\u00e4 enemp\u00e4\u00e4 tai v\u00e4hemm\u00e4n kuin suositeltu m\u00e4\u00e4r\u00e4 tai suositeltua pidemp\u00e4\u00e4n. Noudata l\u00e4\u00e4kkeesi etiketiss\u00e4 annettuja ohjeita.<\/p>\n<p>L\u00e4\u00e4k\u00e4risi voi toisinaan muuttaa annostasi varmistaaksesi, ett\u00e4 saat parhaan mahdollisen tuloksen.<br \/> Ota yhteytt\u00e4 l\u00e4\u00e4k\u00e4riisi, jos lihasvaivasi jatkuvat kahden viikon kuluttua hoitoa t\u00e4ll\u00e4 l\u00e4\u00e4kkeell\u00e4. \u00c4l\u00e4 lopeta t\u00e4m\u00e4n l\u00e4\u00e4kkeen k\u00e4ytt\u00f6\u00e4 keskustelematta ensin l\u00e4\u00e4k\u00e4risi kanssa. Kun lopetat baklofeenin k\u00e4yt\u00f6n pitk\u00e4n k\u00e4yt\u00f6n j\u00e4lkeen, sinulla voi olla vieroitusoireita, kuten kouristuksia tai hallusinaatioita. Saatat joutua k\u00e4ytt\u00e4m\u00e4\u00e4n l\u00e4\u00e4kett\u00e4 yh\u00e4 harvemmin, kunnes lopetat sen kokonaan.<\/p>\n<p>ANNOSTUS<\/p>\n<p>Ota l\u00e4\u00e4ke juuri sen verran kuin l\u00e4\u00e4k\u00e4risi on m\u00e4\u00e4r\u00e4nnyt.<\/p>\n<p>Aikuiset potilaat Selk\u00e4ytimen spastisuus: Ensimm\u00e4isen 24 tunnin j\u00e4lkeen aikuisten potilaiden p\u00e4ivitt\u00e4ist\u00e4 annosta tulee nostaa asteittain 10-30 % lis\u00e4yksin ja vain kerran 24 tunnin v\u00e4lein, kunnes haluttu terapeuttinen vaikutus saavutetaan.<\/p>\n<p>Aikuiset. Aivojen spastisuus: Ensimm\u00e4isen 24 tunnin j\u00e4lkeen vuorokausiannosta tulee nostaa asteittain 5-15 % 24 tunnin v\u00e4lein, kunnes haluttu terapeuttinen vaikutus saavutetaan.<\/p>\n<p>Ensimm\u00e4isten 24 tunnin j\u00e4lkeen vuorokausiannos tulee asteittain nostaa 5-15 prosenttia 24 tunnin v\u00e4lein, kunnes haluttu terapeuttinen vaikutus saavutetaan. Jos p\u00e4ivitt\u00e4isen annoksen nostaminen ei tuota merkitt\u00e4v\u00e4\u00e4 kliinist\u00e4 vastetta, tarkista pumpun toiminta ja katetrin avoimuus. Seulontavaiheen ja annoksen titrausjakson aikana v\u00e4litt\u00f6m\u00e4sti implantoinnin j\u00e4lkeen potilaita on seurattava s\u00e4\u00e4nn\u00f6llisesti hyvin varustetussa ymp\u00e4rist\u00f6ss\u00e4, jossa on henkil\u00f6kuntaa. Elvytysv\u00e4lineiden tulee olla helposti saatavilla mahdollisten kuolemaan johtavien tai ei-hyv\u00e4ksytt\u00e4vien haittavaikutusten varalta.<\/p>\n<p>S\u00c4ILYTYS<\/p>\n<p>J\u00e4\u00e4kaappia ei vaadita.<\/p>\n<p>S\u00e4ilyt\u00e4 alle 86 \u00b0F ( 30\u00b0C).<\/p>\n<p>V\u00e4lt\u00e4 j\u00e4\u00e4tymist\u00e4.<\/p>\n<p>V\u00e4lt\u00e4 l\u00e4mp\u00f6sterilointia.<\/p>\n<p>LIS\u00c4TIETOJA:<\/p>\n<p>Baklofeeni on aktiivinen komponentti.<\/p>\n<p>Lioresal on kipul\u00e4\u00e4ke. Se v\u00e4hent\u00e4\u00e4 merkitt\u00e4v\u00e4sti neurologisten sairauksien, kuten multippeliskleroosin, aiheuttamien lihaskouristusten esiintymistiheytt\u00e4 ja voimakkuutta.<\/p>\n<p>T\u00c4RKE\u00c4\u00c4 TURVALLISUUSTIETOA<\/p>\n<p>Jos olet allerginen baklofeenille, sinun tulee v\u00e4ltt\u00e4\u00e4 sen k\u00e4ytt\u00f6\u00e4.<\/p>\n<p>Ilmoita l\u00e4\u00e4k\u00e4rillesi, jos sinulla on jokin seuraavista lis\u00e4tiloista varmistaaksesi, ett\u00e4 voit k\u00e4ytt\u00e4\u00e4 baklofeenia turvallisesti:<\/p>\n<p>munuaissairaus<\/p>\n<p>kohtaussairaus, kuten epilepsia; tai<\/p>\n<p>henkil\u00f6kohtaista tai suvussa esiintynyt aivohalvaus tai veritulppa.<\/p>\n<p>Baklofeenin k\u00e4ytt\u00f6 voi lis\u00e4t\u00e4 munasarjakystan kehittymisen riski\u00e4. Kysy l\u00e4\u00e4k\u00e4rilt\u00e4si erityist\u00e4 riski\u00e4si. FDA:n raskausluokitus C. Ei tiedet\u00e4, onko baklofeeni myrkyllist\u00e4 siki\u00f6lle. Kerro l\u00e4\u00e4k\u00e4rillesi, jos olet raskaana tai haluat tulla raskaaksi t\u00e4m\u00e4n l\u00e4\u00e4kkeen k\u00e4yt\u00f6n aikana. Ei tiedet\u00e4, p\u00e4\u00e4seek\u00f6 baklofeeni rintamaitoon vai onko se haitallista imett\u00e4ville imev\u00e4isille. Imetyst\u00e4 tulee v\u00e4ltt\u00e4\u00e4 baklofeenia k\u00e4ytett\u00e4ess\u00e4. \u00c4l\u00e4 koskaan anna t\u00e4t\u00e4 l\u00e4\u00e4kett\u00e4 alle 12-vuotiaille nuorille. El\u00e4kel\u00e4iset voivat olla herkempi\u00e4 t\u00e4m\u00e4n l\u00e4\u00e4kkeen vaikutuksille.<\/p>\n<p>T\u00e4rkeint\u00e4 turvallisuustietoa<\/p>\n<p>T\u00e4m\u00e4 l\u00e4\u00e4ke saattaa vaikuttaa ajatteluusi ja reaktioihin. Ole varovainen, jos ajat tai teet jotain muuta valppautta vaativaa. Alkoholin nauttiminen voi pahentaa baklofeenin tiettyj\u00e4 haittavaikutuksia. V\u00e4lt\u00e4 baklofeenin k\u00e4ytt\u00f6\u00e4 aikoina, jolloin lihaskuntoa tarvitaan oikeaan tasapainoon ja liikkuvuuteen tiettyjen toimintojen aikana. Joissain tilanteissa matala lihaskunto voi vaarantaa fyysisen turvallisuutesi.<\/p>\n<div class=\"product-next-previous\">\n<div class=\"product-prev\">\n<p><strong>HAITTAVAIKUTUKSET<\/strong><\/p>\n<p>Hakeudu ensiapuun, jos sinulla on jokin seuraavista allergisen reaktion oireista: nokkosihottuma; vaikea hengitys; kasvojen, huulten, kielen tai kurkun turvotus. Soita heti l\u00e4\u00e4k\u00e4rillesi, jos sinulla on vakava sivuvaikutus, kuten:<\/p>\n<p>kouristuskohtaus (kouristukset);<\/p>\n<p>sekoitus, hallusinaatiot; tai<\/p>\n<p>ep\u00e4tasainen syd\u00e4men syke.<\/p>\n<p>V\u00e4hemm\u00e4n vakavia sivuvaikutuksia voivat olla:<\/p>\n<p>uneliaisuus, huimaus, heikkous, v\u00e4symys;<\/p>\n<p>p\u00e4\u00e4ns\u00e4rky ;<\/p>\n<p>unih\u00e4iri\u00f6t (unettomuus);<\/p>\n<p>pahoinvointi, ummetus; tai<\/p>\n<p>virtsaa tavallista useammin.<\/p>\n<p>T\u00e4m\u00e4 ei ole t\u00e4ydellinen luettelo sivuvaikutuksista, ja muita saattaa esiinty\u00e4.<\/p>\n<p>Soita l\u00e4\u00e4k\u00e4rillesi saadaksesi l\u00e4\u00e4k\u00e4rin neuvoja sivuvaikutuksista tehosteet.<\/p>\n<\/p><\/div><\/div>\n<div class=\"product-next-previous\">\n<div class=\"product-prev\"><\/div><\/div>\n","protected":false},"excerpt":{"rendered":"<p>Osta Lioresal Baclofen 25 mg -pillereit\u00e4 myyt\u00e4v\u00e4ksi Euroopassa ja Isossa-Britanniassa verkosta. Baklofeenin kolmiulotteinen kaava Lioresal-tabletit tulee niell\u00e4 kokonaisina ruoan kanssa. Aloitusannos on 5 mg kolme kertaa p\u00e4iv\u00e4ss\u00e4.<\/p>\n<p>Lioresal 25 mg -tabletti (10 Tab) voidaan ostaa verkosta. BACLOFEN 25MG on yleisnimi. Lioresal\u00a0&#8230; Jokaisessa p\u00e4\u00e4llyst\u00e4m\u00e4tt\u00f6m\u00e4ss\u00e4 Lioresal 25 mg -tabletissa on 25 mg baklofeenia.<\/p>\n<p>Baclofenin k\u00e4ytt\u00f6 Yhdistyneen kuningaskunnan baklofeenipillereiss\u00e4 mit\u00e4 ne ovat&#8230; medicamento lioresal 25 mg baklofeeni lioresal 10 mg tabletti<\/p>\n<p>10 mg baklofeenitabletti<\/p>\n","protected":false},"featured_media":5254,"comment_status":"open","ping_status":"closed","template":"","meta":[],"product_brand":[],"product_cat":[1117],"product_tag":[1441,1446,1447,1450,1448,1449,1453,1454,1455,1440,1442,1443,1444,1445,1451,1452,1439,1456,1458,1457,1459,1460,1461,1462,1465,1466,1464,1467,1463,1468,1469],"class_list":{"0":"post-5237","1":"product","2":"type-product","3":"status-publish","4":"has-post-thumbnail","6":"product_cat-osta-kipu-uni-ja-seksipillereita","7":"product_tag-baclofen-lioresal-20mg","8":"product_tag-baclofen-10-mg-generic-for-lioresal-do-you-need-to-eat-before","9":"product_tag-baclofen-gablofen-lioresal","10":"product_tag-baklofeeni-lioresal-lkeluokka","11":"product_tag-baclofen-lioresal-10-mg","12":"product_tag-baclofen-lioresal-buy-mexico","13":"product_tag-baklofeeni-lioresal-miksi-olen-niin-vsynyt","14":"product_tag-baclofen-vs-lioresal","15":"product_tag-baclofen","16":"product_tag-baklofeeni-lioresal","17":"product_tag-baklofeeni-lioresal-1-2-kuukautta","18":"product_tag-baklofeeni-lioresal-10-mg-oraalinen-ta","19":"product_tag-baklofeeni-lioresal-stimulantti","20":"product_tag-baklofeeni-lioresal-sivuvaikutukset","21":"product_tag-baklofeeni-lioresal-oraalinen-intratekaalinen","22":"product_tag-baklofeeni-lioresal-tizanidiini-zanaflex","23":"product_tag-leimaamaton-kytt-baclofeeni-lioresal-on-hoitoon","24":"product_tag-dantrolene-dantrium","25":"product_tag-lioresal-10-mgn-annos","26":"product_tag-lioresal-10-mg-baklofeeni","27":"product_tag-lioresal-10-mgn-sivuvaikutukset","28":"product_tag-lioresal-10-mg-tablettien-kytt","29":"product_tag-lioresal-25-mg-baklofeeni","30":"product_tag-lioresal-25-sivuvaikutukset","31":"product_tag-lioresal-baclofen-25-mg","32":"product_tag-lioresal-baclofen-prospecto","33":"product_tag-lioresal-baklofeeni-10-mg","34":"product_tag-lioresal-annos","35":"product_tag-lioresal-baklofeeni","36":"product_tag-lioresal-sivuvaikutuksia","37":"product_tag-titsanidiini","39":"first","40":"instock","41":"shipping-taxable","42":"purchasable","43":"product-type-variable","44":"has-default-attributes"},"yoast_head":"<!-- This site is optimized with the Yoast SEO plugin v27.3 - https:\/\/yoast.com\/product\/yoast-seo-wordpress\/ -->\n<title>Osta Lioresal Baclofen 25 mg pillereit\u00e4 - parhaat maailmanlaajuiset l\u00e4\u00e4kkeet<\/title>\n<meta name=\"description\" content=\"Osta Lioresal Baclofen 25 mg pillereit\u00e4 myyt\u00e4v\u00e4ksi Euroopassa, Isossa-Britanniassa verkossa. Baclofen 3d formula Lioresal-tabletit tulee ottaa suun kautta ruoan kanssa. Aloitusannos on 5 mg 3 kertaa p\u00e4iv\u00e4ss\u00e4.\" \/>\n<meta name=\"robots\" content=\"index, follow, max-snippet:-1, max-image-preview:large, max-video-preview:-1\" \/>\n<link rel=\"canonical\" href=\"https:\/\/medicinasinc.com\/fi\/product\/osta-lioresal-baklofeeni-25mg-pillerit\/\" \/>\n<meta property=\"og:locale\" content=\"en_US\" \/>\n<meta property=\"og:type\" content=\"article\" \/>\n<meta property=\"og:title\" content=\"Osta Lioresal Baclofen 25 mg pillereit\u00e4 - parhaat maailmanlaajuiset l\u00e4\u00e4kkeet\" \/>\n<meta property=\"og:description\" content=\"Osta Lioresal Baclofen 25 mg pillereit\u00e4 myyt\u00e4v\u00e4ksi Euroopassa, Isossa-Britanniassa verkossa. Baclofen 3d formula Lioresal-tabletit tulee ottaa suun kautta ruoan kanssa. Aloitusannos on 5 mg 3 kertaa p\u00e4iv\u00e4ss\u00e4.\" \/>\n<meta property=\"og:url\" content=\"https:\/\/medicinasinc.com\/fi\/product\/osta-lioresal-baklofeeni-25mg-pillerit\/\" \/>\n<meta property=\"og:site_name\" content=\"Medicinas Inc\" \/>\n<meta property=\"article:modified_time\" content=\"2022-03-22T01:04:04+00:00\" \/>\n<meta property=\"og:image\" content=\"https:\/\/medicinasinc.com\/fi\/wp-content\/uploads\/sites\/12\/2022\/02\/Buy-Lioresal-Baclofen-25mg.jpg\" \/>\n\t<meta property=\"og:image:width\" content=\"1280\" \/>\n\t<meta property=\"og:image:height\" content=\"720\" \/>\n\t<meta property=\"og:image:type\" content=\"image\/jpeg\" \/>\n<meta name=\"twitter:card\" content=\"summary_large_image\" \/>\n<meta name=\"twitter:label1\" content=\"Est. reading time\" \/>\n\t<meta name=\"twitter:data1\" content=\"3 minutes\" \/>\n<script type=\"application\/ld+json\" class=\"yoast-schema-graph\">{\"@context\":\"https:\\\/\\\/schema.org\",\"@graph\":[{\"@type\":\"WebPage\",\"@id\":\"https:\\\/\\\/medicinasinc.com\\\/fi\\\/product\\\/osta-lioresal-baklofeeni-25mg-pillerit\\\/\",\"url\":\"https:\\\/\\\/medicinasinc.com\\\/fi\\\/product\\\/osta-lioresal-baklofeeni-25mg-pillerit\\\/\",\"name\":\"Osta Lioresal Baclofen 25 mg pillereit\u00e4 - parhaat maailmanlaajuiset l\u00e4\u00e4kkeet\",\"isPartOf\":{\"@id\":\"https:\\\/\\\/medicinasinc.com\\\/fi\\\/#website\"},\"primaryImageOfPage\":{\"@id\":\"https:\\\/\\\/medicinasinc.com\\\/fi\\\/product\\\/osta-lioresal-baklofeeni-25mg-pillerit\\\/#primaryimage\"},\"image\":{\"@id\":\"https:\\\/\\\/medicinasinc.com\\\/fi\\\/product\\\/osta-lioresal-baklofeeni-25mg-pillerit\\\/#primaryimage\"},\"thumbnailUrl\":\"https:\\\/\\\/medicinasinc.com\\\/fi\\\/wp-content\\\/uploads\\\/sites\\\/12\\\/2022\\\/02\\\/Buy-Lioresal-Baclofen-25mg.jpg\",\"datePublished\":\"2022-02-20T22:24:46+00:00\",\"dateModified\":\"2022-03-22T01:04:04+00:00\",\"description\":\"Osta Lioresal Baclofen 25 mg pillereit\u00e4 myyt\u00e4v\u00e4ksi Euroopassa, Isossa-Britanniassa verkossa. Baclofen 3d formula Lioresal-tabletit tulee ottaa suun kautta ruoan kanssa. Aloitusannos on 5 mg 3 kertaa p\u00e4iv\u00e4ss\u00e4.\",\"breadcrumb\":{\"@id\":\"https:\\\/\\\/medicinasinc.com\\\/fi\\\/product\\\/osta-lioresal-baklofeeni-25mg-pillerit\\\/#breadcrumb\"},\"inLanguage\":\"en-US\",\"potentialAction\":[{\"@type\":\"ReadAction\",\"target\":[\"https:\\\/\\\/medicinasinc.com\\\/fi\\\/product\\\/osta-lioresal-baklofeeni-25mg-pillerit\\\/\"]}]},{\"@type\":\"ImageObject\",\"inLanguage\":\"en-US\",\"@id\":\"https:\\\/\\\/medicinasinc.com\\\/fi\\\/product\\\/osta-lioresal-baklofeeni-25mg-pillerit\\\/#primaryimage\",\"url\":\"https:\\\/\\\/medicinasinc.com\\\/fi\\\/wp-content\\\/uploads\\\/sites\\\/12\\\/2022\\\/02\\\/Buy-Lioresal-Baclofen-25mg.jpg\",\"contentUrl\":\"https:\\\/\\\/medicinasinc.com\\\/fi\\\/wp-content\\\/uploads\\\/sites\\\/12\\\/2022\\\/02\\\/Buy-Lioresal-Baclofen-25mg.jpg\",\"width\":1280,\"height\":720},{\"@type\":\"BreadcrumbList\",\"@id\":\"https:\\\/\\\/medicinasinc.com\\\/fi\\\/product\\\/osta-lioresal-baklofeeni-25mg-pillerit\\\/#breadcrumb\",\"itemListElement\":[{\"@type\":\"ListItem\",\"position\":1,\"name\":\"Myym\u00e4l\u00e4\",\"item\":\"https:\\\/\\\/medicinasinc.com\\\/fi\\\/myymala\\\/\"},{\"@type\":\"ListItem\",\"position\":2,\"name\":\"Osta Lioresal Baclofen 25 mg pillereit\u00e4\"}]},{\"@type\":\"WebSite\",\"@id\":\"https:\\\/\\\/medicinasinc.com\\\/fi\\\/#website\",\"url\":\"https:\\\/\\\/medicinasinc.com\\\/fi\\\/\",\"name\":\"Medicinas Inc\",\"description\":\"Health Medical Clinic\",\"potentialAction\":[{\"@type\":\"SearchAction\",\"target\":{\"@type\":\"EntryPoint\",\"urlTemplate\":\"https:\\\/\\\/medicinasinc.com\\\/fi\\\/?s={search_term_string}\"},\"query-input\":{\"@type\":\"PropertyValueSpecification\",\"valueRequired\":true,\"valueName\":\"search_term_string\"}}],\"inLanguage\":\"en-US\"}]}<\/script>\n<!-- \/ Yoast SEO plugin. -->","yoast_head_json":{"title":"Osta Lioresal Baclofen 25 mg pillereit\u00e4 - parhaat maailmanlaajuiset l\u00e4\u00e4kkeet","description":"Osta Lioresal Baclofen 25 mg pillereit\u00e4 myyt\u00e4v\u00e4ksi Euroopassa, Isossa-Britanniassa verkossa. Baclofen 3d formula Lioresal-tabletit tulee ottaa suun kautta ruoan kanssa. Aloitusannos on 5 mg 3 kertaa p\u00e4iv\u00e4ss\u00e4.","robots":{"index":"index","follow":"follow","max-snippet":"max-snippet:-1","max-image-preview":"max-image-preview:large","max-video-preview":"max-video-preview:-1"},"canonical":"https:\/\/medicinasinc.com\/fi\/product\/osta-lioresal-baklofeeni-25mg-pillerit\/","og_locale":"en_US","og_type":"article","og_title":"Osta Lioresal Baclofen 25 mg pillereit\u00e4 - parhaat maailmanlaajuiset l\u00e4\u00e4kkeet","og_description":"Osta Lioresal Baclofen 25 mg pillereit\u00e4 myyt\u00e4v\u00e4ksi Euroopassa, Isossa-Britanniassa verkossa. Baclofen 3d formula Lioresal-tabletit tulee ottaa suun kautta ruoan kanssa. Aloitusannos on 5 mg 3 kertaa p\u00e4iv\u00e4ss\u00e4.","og_url":"https:\/\/medicinasinc.com\/fi\/product\/osta-lioresal-baklofeeni-25mg-pillerit\/","og_site_name":"Medicinas Inc","article_modified_time":"2022-03-22T01:04:04+00:00","og_image":[{"width":1280,"height":720,"url":"https:\/\/medicinasinc.com\/fi\/wp-content\/uploads\/sites\/12\/2022\/02\/Buy-Lioresal-Baclofen-25mg.jpg","type":"image\/jpeg"}],"twitter_card":"summary_large_image","twitter_misc":{"Est. reading time":"3 minutes"},"schema":{"@context":"https:\/\/schema.org","@graph":[{"@type":"WebPage","@id":"https:\/\/medicinasinc.com\/fi\/product\/osta-lioresal-baklofeeni-25mg-pillerit\/","url":"https:\/\/medicinasinc.com\/fi\/product\/osta-lioresal-baklofeeni-25mg-pillerit\/","name":"Osta Lioresal Baclofen 25 mg pillereit\u00e4 - parhaat maailmanlaajuiset l\u00e4\u00e4kkeet","isPartOf":{"@id":"https:\/\/medicinasinc.com\/fi\/#website"},"primaryImageOfPage":{"@id":"https:\/\/medicinasinc.com\/fi\/product\/osta-lioresal-baklofeeni-25mg-pillerit\/#primaryimage"},"image":{"@id":"https:\/\/medicinasinc.com\/fi\/product\/osta-lioresal-baklofeeni-25mg-pillerit\/#primaryimage"},"thumbnailUrl":"https:\/\/medicinasinc.com\/fi\/wp-content\/uploads\/sites\/12\/2022\/02\/Buy-Lioresal-Baclofen-25mg.jpg","datePublished":"2022-02-20T22:24:46+00:00","dateModified":"2022-03-22T01:04:04+00:00","description":"Osta Lioresal Baclofen 25 mg pillereit\u00e4 myyt\u00e4v\u00e4ksi Euroopassa, Isossa-Britanniassa verkossa. Baclofen 3d formula Lioresal-tabletit tulee ottaa suun kautta ruoan kanssa. Aloitusannos on 5 mg 3 kertaa p\u00e4iv\u00e4ss\u00e4.","breadcrumb":{"@id":"https:\/\/medicinasinc.com\/fi\/product\/osta-lioresal-baklofeeni-25mg-pillerit\/#breadcrumb"},"inLanguage":"en-US","potentialAction":[{"@type":"ReadAction","target":["https:\/\/medicinasinc.com\/fi\/product\/osta-lioresal-baklofeeni-25mg-pillerit\/"]}]},{"@type":"ImageObject","inLanguage":"en-US","@id":"https:\/\/medicinasinc.com\/fi\/product\/osta-lioresal-baklofeeni-25mg-pillerit\/#primaryimage","url":"https:\/\/medicinasinc.com\/fi\/wp-content\/uploads\/sites\/12\/2022\/02\/Buy-Lioresal-Baclofen-25mg.jpg","contentUrl":"https:\/\/medicinasinc.com\/fi\/wp-content\/uploads\/sites\/12\/2022\/02\/Buy-Lioresal-Baclofen-25mg.jpg","width":1280,"height":720},{"@type":"BreadcrumbList","@id":"https:\/\/medicinasinc.com\/fi\/product\/osta-lioresal-baklofeeni-25mg-pillerit\/#breadcrumb","itemListElement":[{"@type":"ListItem","position":1,"name":"Myym\u00e4l\u00e4","item":"https:\/\/medicinasinc.com\/fi\/myymala\/"},{"@type":"ListItem","position":2,"name":"Osta Lioresal Baclofen 25 mg pillereit\u00e4"}]},{"@type":"WebSite","@id":"https:\/\/medicinasinc.com\/fi\/#website","url":"https:\/\/medicinasinc.com\/fi\/","name":"Medicinas Inc","description":"Health Medical Clinic","potentialAction":[{"@type":"SearchAction","target":{"@type":"EntryPoint","urlTemplate":"https:\/\/medicinasinc.com\/fi\/?s={search_term_string}"},"query-input":{"@type":"PropertyValueSpecification","valueRequired":true,"valueName":"search_term_string"}}],"inLanguage":"en-US"}]}},"_links":{"self":[{"href":"https:\/\/medicinasinc.com\/fi\/wp-json\/wp\/v2\/product\/5237","targetHints":{"allow":["GET"]}}],"collection":[{"href":"https:\/\/medicinasinc.com\/fi\/wp-json\/wp\/v2\/product"}],"about":[{"href":"https:\/\/medicinasinc.com\/fi\/wp-json\/wp\/v2\/types\/product"}],"replies":[{"embeddable":true,"href":"https:\/\/medicinasinc.com\/fi\/wp-json\/wp\/v2\/comments?post=5237"}],"wp:featuredmedia":[{"embeddable":true,"href":"https:\/\/medicinasinc.com\/fi\/wp-json\/wp\/v2\/media\/5254"}],"wp:attachment":[{"href":"https:\/\/medicinasinc.com\/fi\/wp-json\/wp\/v2\/media?parent=5237"}],"wp:term":[{"taxonomy":"product_brand","embeddable":true,"href":"https:\/\/medicinasinc.com\/fi\/wp-json\/wp\/v2\/product_brand?post=5237"},{"taxonomy":"product_cat","embeddable":true,"href":"https:\/\/medicinasinc.com\/fi\/wp-json\/wp\/v2\/product_cat?post=5237"},{"taxonomy":"product_tag","embeddable":true,"href":"https:\/\/medicinasinc.com\/fi\/wp-json\/wp\/v2\/product_tag?post=5237"}],"curies":[{"name":"wp","href":"https:\/\/api.w.org\/{rel}","templated":true}]}}