{"id":5236,"date":"2022-02-20T22:23:28","date_gmt":"2022-02-20T22:23:28","guid":{"rendered":"https:\/\/medicinasinc.com\/fi\/?post_type=product&#038;p=5236"},"modified":"2022-03-22T01:04:13","modified_gmt":"2022-03-22T01:04:13","slug":"osta-leksotaniili-bromatsepaami-3mg-pills-verkosta","status":"publish","type":"product","link":"https:\/\/medicinasinc.com\/fi\/product\/osta-leksotaniili-bromatsepaami-3mg-pills-verkosta\/","title":{"rendered":"Osta Lexotanil Bromazepam 3 mg pillereit\u00e4 verkosta"},"content":{"rendered":"<p>Lexotanil Bromazepam 3 mg tabletit ostettavissa verkosta<br \/> Lexotanil Bromazepam 3 mg tablets verkosta | leksotaniilibromatsepami<br \/> Mik\u00e4 on bromatsepamileksotaniili 3 mg:n tarkoitus?<br \/> Bromatsepami (tuotenimi Lexotan\u00ae) on bentsodiatsepiini. Sit\u00e4 k\u00e4ytet\u00e4\u00e4n ensisijaisesti ahdistuneisuusoireiden hoidossa. Lis\u00e4ksi sit\u00e4 voidaan k\u00e4ytt\u00e4\u00e4 paniikki- ja sosiaalisen ahdistuneisuuden oireiden lievitt\u00e4miseen. Sit\u00e4 valmistetaan tabletteina.<\/p>\n<p>Mik\u00e4 on tyypillinen bromatsepaamin annos?<\/p>\n<p>Bromatsepaamia m\u00e4\u00e4r\u00e4t\u00e4\u00e4n tyypillisesti aikuisille ahdistuneisuush\u00e4iri\u00f6n hoitoon 3\u201318 mg:n vuorokaudessa, jaettuna yleens\u00e4 koko alueelle. p\u00e4iv\u00e4. Vanhemmilla aikuisilla annosta tulee pienent\u00e4\u00e4 puoleen eli puoleen aikuisen annoksesta.<\/p>\n<p>Miten ja milloin Lexotan lexotanil 3 mg tulee ottaa?<\/p>\n<p>Niele istuessaan tai seisten pillerit v\u00e4hint\u00e4\u00e4n puolen lasillisen kanssa vett\u00e4. T\u00e4m\u00e4 varmistaa, ett\u00e4 se saavuttaa mahalaukun eik\u00e4 juutu kurkkuun. Bromatsepaami on turvallista ottaa ennen ruokailua, ruokailun yhteydess\u00e4 tai sen j\u00e4lkeen.<\/p>\n<p>Kuinka kauan bromatsepaami alkaa vaikuttaa?<br \/> Bromatsepaami alkaa usein vaikuttaa noin tunnin kuluttua. Vaikutus voi sitten voimistua useiden p\u00e4ivien tai viikkojen kuluessa.<br \/> Kuinka kauan minun on jatkettava lexotanil 3 mg -valmisteen k\u00e4ytt\u00f6\u00e4?<br \/> T\u00e4m\u00e4 vaihtelee riippuen siit\u00e4, mihin tarkoitukseen k\u00e4yt\u00e4t sit\u00e4. LEXOTANIL, usein kirjoitettu Lexotan<\/p>\n<p>Voinko lopettaa bromatsepaamin k\u00e4yt\u00f6n \u00e4killisesti?<\/p>\n<p>Jos k\u00e4yt\u00e4t bromatsepaamia p\u00e4ivitt\u00e4in yli noin 4\u20136 viikon ajan, saatat kehitty\u00e4 siihen riippuvuuteen , mutta t\u00e4m\u00e4 ei ole huolestuttava, jos k\u00e4yt\u00e4t sit\u00e4 epilepsian hoitoon. Jos olet k\u00e4ytt\u00e4nyt sit\u00e4 s\u00e4\u00e4nn\u00f6llisesti, saattaa olla j\u00e4rkev\u00e4\u00e4 pienent\u00e4\u00e4 annosta asteittain muutaman p\u00e4iv\u00e4n tai viikon aikana. Keskustele t\u00e4st\u00e4 yksityiskohtaisesti l\u00e4\u00e4kkeen m\u00e4\u00e4r\u00e4\u00e4v\u00e4n l\u00e4\u00e4k\u00e4rin, l\u00e4\u00e4k\u00e4rin, sairaanhoitajan tai apteekkihenkil\u00f6kunnan kanssa. Jos otat sen &#8220;tarpeen mukaan&#8221; muutaman p\u00e4iv\u00e4n v\u00e4lein, sinun pit\u00e4isi pysty\u00e4 lopettamaan, kun et en\u00e4\u00e4 tarvitse sit\u00e4. 3 leksotaniili<\/p>\n<p>Mit\u00e4 teen, jos unohdan ottaa LEXOTAN-annoksen?<br \/> Ota puuttuva annos heti kun muistat, ellei seuraavaan annokseen ole alle 4 tuntia.<br \/> Jos muistat noudattavasi t\u00e4t\u00e4, ota seuraava annos tavalliseen tapaan. \u00c4l\u00e4 yrit\u00e4 saada kiinni ottamalla kahta annosta samanaikaisesti, koska t\u00e4m\u00e4 voi lis\u00e4t\u00e4 haittavaikutuksia.<br \/> Voinko juoda alkoholia bromatsepaamihoidon aikana? Osta BROMAZEPAM LEXOTANIL, joka tunnetaan my\u00f6s nimell\u00e4 Lexotan 3 MG.<br \/> Jos juot alkoholia LEXOTANIL-hoidon aikana, saatat kokea uneliaisuutta. T\u00e4m\u00e4 on erityisen t\u00e4rke\u00e4\u00e4, jos aiot ajaa tai k\u00e4yt\u00e4t koneita, ja sinun tulee saada t\u00e4h\u00e4n neuvoja.<\/p>\n<p>Millaisia \u200b\u200bhaittavaikutuksia minulla on todenn\u00e4k\u00f6isesti, jos k\u00e4yt\u00e4n bromatsepaamia? Osta BROMAZEPAM LEXOTANIL, joka tunnetaan my\u00f6s nimell\u00e4 Lexotan 3 MG.<\/p>\n<p>Monet ihmiset saavat: Vain harvat saavat: Vain harvat ihmiset saavat:<br \/> Huimaus<br \/> Uneliaisuus<br \/> seuraavana p\u00e4iv\u00e4n\u00e4 saatat tuntea olosi ep\u00e4vakaaksi jaloissasi.<br \/> P\u00e4\u00e4ns\u00e4rky<br \/> Sekavuus<br \/> Unettomuus (asioiden unohtaminen)<br \/> \u00c4l\u00e4 huolestu seuraavasta haittavaikutusten luettelosta. Jotkut henkil\u00f6t eiv\u00e4t koe haittavaikutuksia ollenkaan, kun taas toiset voivat kokea joitain, joita ei ole sis\u00e4llytetty t\u00e4h\u00e4n. Jos uskot saavasi saada l\u00e4\u00e4kkeest\u00e4si haittavaikutuksia, k\u00e4\u00e4nny l\u00e4\u00e4k\u00e4rin, sairaanhoitajan tai apteekkihenkil\u00f6kunnan puoleen.<\/p>\n<p>Onko minun turvallista ajaa autoa tai py\u00f6r\u00e4ill\u00e4 LEXOTANIL-hoidon aikana?<\/p>\n<p> Bromatsepaami voi heikent\u00e4\u00e4 ajokyky\u00e4si ja aiheuttaa liev\u00e4\u00e4 huimausta ja huimausta.<\/p>\n<p>Ole varovainen ajaessasi tai k\u00e4ytt\u00e4ess\u00e4si koneita, kunnes tied\u00e4t, miten bromatsepaami vaikuttaa sinuun. Ole varovainen, koska se voi hidastaa reaktioaikaasi.<\/p>\n","protected":false},"excerpt":{"rendered":"<p>Lexotanil Bromazepam 3 mg -tabletteja voi ostaa verkosta. Bromatsepami (Lexotanil) kuuluu bentsodiatsepiinien l\u00e4\u00e4keryhm\u00e4\u00e4n, joka sis\u00e4lt\u00e4\u00e4 masennusl\u00e4\u00e4kkeit\u00e4, paniikkil\u00e4\u00e4kkeit\u00e4 ja lihasrelaksantteja.<\/p>\n<p>Bromatsepami on lyhytvaikutteinen bentsodiatsepiini, joka alkaa hitaasti ja jota k\u00e4ytet\u00e4\u00e4n usein&amp;# 8230; Tabletti, 3 mg, suun kautta, Alti-bromatsepam 3 mg tabletit, parhaat maailmanlaajuiset l\u00e4\u00e4kkeet<\/p>\n<p>Osta bromatsepami verkosta ilman resepti\u00e4 | Osta Lexotan 6mg verkosta ilman resepti\u00e4<\/p>\n<p>Bromatsepaami (Lexotanil) on bentsodiatsepiini.<\/p>\n","protected":false},"featured_media":5252,"comment_status":"open","ping_status":"closed","template":"","meta":[],"product_brand":[],"product_cat":[1117],"product_tag":[1421,1419,1420,1423,1425,1422,1428,1429,1433,1434,1435,1436,1437,1430,1431,1432,1424,1426,1427,1438],"class_list":{"0":"post-5236","1":"product","2":"type-product","3":"status-publish","4":"has-post-thumbnail","6":"product_cat-osta-kipu-uni-ja-seksipillereita","7":"product_tag-3-mg-klonopiini","8":"product_tag-3-mg","9":"product_tag-3mg","10":"product_tag-bromatsepaami-leksotaniili","11":"product_tag-bromatsepaami-leksotaniili-myynniss","12":"product_tag-bromazepam","13":"product_tag-can-you-overdose-on-lexapro","14":"product_tag-is-lexapro-a-benzodiazepines","15":"product_tag-leksotaani","16":"product_tag-leksotaani-3-mg","17":"product_tag-leksotaniili","18":"product_tag-leksotaniili-bromatsepaami","19":"product_tag-leksotaniili-bromatsepaami-3-mg","20":"product_tag-lexapro-generic-name","21":"product_tag-lexatin","22":"product_tag-lexomil","23":"product_tag-bromatsepaami-leksotaniili-6mg-myynniss","24":"product_tag-osta-leksotaniili-bromatsepaami","25":"product_tag-osta-leksotaniili-bromatsepaami-kanadasta","26":"product_tag-tabletit-pillerit-lkkeet","28":"first","29":"instock","30":"shipping-taxable","31":"purchasable","32":"product-type-variable","33":"has-default-attributes"},"yoast_head":"<!-- This site is optimized with the Yoast SEO plugin v27.3 - https:\/\/yoast.com\/product\/yoast-seo-wordpress\/ -->\n<title>Osta Lexotanil Bromazepam 3mg -pillereit\u00e4 verkosta \u2013 parhaat maailmanlaajuiset l\u00e4\u00e4kkeet<\/title>\n<meta name=\"description\" content=\"Osta Lexotanil Bromazepam 3mg -pillereit\u00e4 myyt\u00e4v\u00e4ksi verkossa Isossa-Britanniassa, Euroopassa. Bromatsepaami (Lexotanil) kuuluu l\u00e4\u00e4keryhm\u00e4\u00e4n, joka tunnetaan nimell\u00e4 bentsodiatsepiinit, masennusl\u00e4\u00e4kkeiden, paniikkil\u00e4\u00e4kkeiden ja lihasrelaksanttien luokka.\" \/>\n<meta name=\"robots\" content=\"index, follow, max-snippet:-1, max-image-preview:large, max-video-preview:-1\" \/>\n<link rel=\"canonical\" href=\"https:\/\/medicinasinc.com\/fi\/product\/osta-leksotaniili-bromatsepaami-3mg-pills-verkosta\/\" \/>\n<meta property=\"og:locale\" content=\"en_US\" \/>\n<meta property=\"og:type\" content=\"article\" \/>\n<meta property=\"og:title\" content=\"Osta Lexotanil Bromazepam 3mg -pillereit\u00e4 verkosta \u2013 parhaat maailmanlaajuiset l\u00e4\u00e4kkeet\" \/>\n<meta property=\"og:description\" content=\"Osta Lexotanil Bromazepam 3mg -pillereit\u00e4 myyt\u00e4v\u00e4ksi verkossa Isossa-Britanniassa, Euroopassa. Bromatsepaami (Lexotanil) kuuluu l\u00e4\u00e4keryhm\u00e4\u00e4n, joka tunnetaan nimell\u00e4 bentsodiatsepiinit, masennusl\u00e4\u00e4kkeiden, paniikkil\u00e4\u00e4kkeiden ja lihasrelaksanttien luokka.\" \/>\n<meta property=\"og:url\" content=\"https:\/\/medicinasinc.com\/fi\/product\/osta-leksotaniili-bromatsepaami-3mg-pills-verkosta\/\" \/>\n<meta property=\"og:site_name\" content=\"Medicinas Inc\" \/>\n<meta property=\"article:modified_time\" content=\"2022-03-22T01:04:13+00:00\" \/>\n<meta property=\"og:image\" content=\"https:\/\/medicinasinc.com\/fi\/wp-content\/uploads\/sites\/12\/2022\/02\/Buy-Lexotan-Bromazepam-3mg.jpg\" \/>\n\t<meta property=\"og:image:width\" content=\"600\" \/>\n\t<meta property=\"og:image:height\" content=\"600\" \/>\n\t<meta property=\"og:image:type\" content=\"image\/jpeg\" \/>\n<meta name=\"twitter:card\" content=\"summary_large_image\" \/>\n<meta name=\"twitter:label1\" content=\"Est. reading time\" \/>\n\t<meta name=\"twitter:data1\" content=\"3 minutes\" \/>\n<script type=\"application\/ld+json\" class=\"yoast-schema-graph\">{\"@context\":\"https:\\\/\\\/schema.org\",\"@graph\":[{\"@type\":\"WebPage\",\"@id\":\"https:\\\/\\\/medicinasinc.com\\\/fi\\\/product\\\/osta-leksotaniili-bromatsepaami-3mg-pills-verkosta\\\/\",\"url\":\"https:\\\/\\\/medicinasinc.com\\\/fi\\\/product\\\/osta-leksotaniili-bromatsepaami-3mg-pills-verkosta\\\/\",\"name\":\"Osta Lexotanil Bromazepam 3mg -pillereit\u00e4 verkosta \u2013 parhaat maailmanlaajuiset l\u00e4\u00e4kkeet\",\"isPartOf\":{\"@id\":\"https:\\\/\\\/medicinasinc.com\\\/fi\\\/#website\"},\"primaryImageOfPage\":{\"@id\":\"https:\\\/\\\/medicinasinc.com\\\/fi\\\/product\\\/osta-leksotaniili-bromatsepaami-3mg-pills-verkosta\\\/#primaryimage\"},\"image\":{\"@id\":\"https:\\\/\\\/medicinasinc.com\\\/fi\\\/product\\\/osta-leksotaniili-bromatsepaami-3mg-pills-verkosta\\\/#primaryimage\"},\"thumbnailUrl\":\"https:\\\/\\\/medicinasinc.com\\\/fi\\\/wp-content\\\/uploads\\\/sites\\\/12\\\/2022\\\/02\\\/Buy-Lexotan-Bromazepam-3mg.jpg\",\"datePublished\":\"2022-02-20T22:23:28+00:00\",\"dateModified\":\"2022-03-22T01:04:13+00:00\",\"description\":\"Osta Lexotanil Bromazepam 3mg -pillereit\u00e4 myyt\u00e4v\u00e4ksi verkossa Isossa-Britanniassa, Euroopassa. Bromatsepaami (Lexotanil) kuuluu l\u00e4\u00e4keryhm\u00e4\u00e4n, joka tunnetaan nimell\u00e4 bentsodiatsepiinit, masennusl\u00e4\u00e4kkeiden, paniikkil\u00e4\u00e4kkeiden ja lihasrelaksanttien luokka.\",\"breadcrumb\":{\"@id\":\"https:\\\/\\\/medicinasinc.com\\\/fi\\\/product\\\/osta-leksotaniili-bromatsepaami-3mg-pills-verkosta\\\/#breadcrumb\"},\"inLanguage\":\"en-US\",\"potentialAction\":[{\"@type\":\"ReadAction\",\"target\":[\"https:\\\/\\\/medicinasinc.com\\\/fi\\\/product\\\/osta-leksotaniili-bromatsepaami-3mg-pills-verkosta\\\/\"]}]},{\"@type\":\"ImageObject\",\"inLanguage\":\"en-US\",\"@id\":\"https:\\\/\\\/medicinasinc.com\\\/fi\\\/product\\\/osta-leksotaniili-bromatsepaami-3mg-pills-verkosta\\\/#primaryimage\",\"url\":\"https:\\\/\\\/medicinasinc.com\\\/fi\\\/wp-content\\\/uploads\\\/sites\\\/12\\\/2022\\\/02\\\/Buy-Lexotan-Bromazepam-3mg.jpg\",\"contentUrl\":\"https:\\\/\\\/medicinasinc.com\\\/fi\\\/wp-content\\\/uploads\\\/sites\\\/12\\\/2022\\\/02\\\/Buy-Lexotan-Bromazepam-3mg.jpg\",\"width\":600,\"height\":600},{\"@type\":\"BreadcrumbList\",\"@id\":\"https:\\\/\\\/medicinasinc.com\\\/fi\\\/product\\\/osta-leksotaniili-bromatsepaami-3mg-pills-verkosta\\\/#breadcrumb\",\"itemListElement\":[{\"@type\":\"ListItem\",\"position\":1,\"name\":\"Myym\u00e4l\u00e4\",\"item\":\"https:\\\/\\\/medicinasinc.com\\\/fi\\\/myymala\\\/\"},{\"@type\":\"ListItem\",\"position\":2,\"name\":\"Osta Lexotanil Bromazepam 3 mg pillereit\u00e4 verkosta\"}]},{\"@type\":\"WebSite\",\"@id\":\"https:\\\/\\\/medicinasinc.com\\\/fi\\\/#website\",\"url\":\"https:\\\/\\\/medicinasinc.com\\\/fi\\\/\",\"name\":\"Medicinas Inc\",\"description\":\"Health Medical Clinic\",\"potentialAction\":[{\"@type\":\"SearchAction\",\"target\":{\"@type\":\"EntryPoint\",\"urlTemplate\":\"https:\\\/\\\/medicinasinc.com\\\/fi\\\/?s={search_term_string}\"},\"query-input\":{\"@type\":\"PropertyValueSpecification\",\"valueRequired\":true,\"valueName\":\"search_term_string\"}}],\"inLanguage\":\"en-US\"}]}<\/script>\n<!-- \/ Yoast SEO plugin. -->","yoast_head_json":{"title":"Osta Lexotanil Bromazepam 3mg -pillereit\u00e4 verkosta \u2013 parhaat maailmanlaajuiset l\u00e4\u00e4kkeet","description":"Osta Lexotanil Bromazepam 3mg -pillereit\u00e4 myyt\u00e4v\u00e4ksi verkossa Isossa-Britanniassa, Euroopassa. Bromatsepaami (Lexotanil) kuuluu l\u00e4\u00e4keryhm\u00e4\u00e4n, joka tunnetaan nimell\u00e4 bentsodiatsepiinit, masennusl\u00e4\u00e4kkeiden, paniikkil\u00e4\u00e4kkeiden ja lihasrelaksanttien luokka.","robots":{"index":"index","follow":"follow","max-snippet":"max-snippet:-1","max-image-preview":"max-image-preview:large","max-video-preview":"max-video-preview:-1"},"canonical":"https:\/\/medicinasinc.com\/fi\/product\/osta-leksotaniili-bromatsepaami-3mg-pills-verkosta\/","og_locale":"en_US","og_type":"article","og_title":"Osta Lexotanil Bromazepam 3mg -pillereit\u00e4 verkosta \u2013 parhaat maailmanlaajuiset l\u00e4\u00e4kkeet","og_description":"Osta Lexotanil Bromazepam 3mg -pillereit\u00e4 myyt\u00e4v\u00e4ksi verkossa Isossa-Britanniassa, Euroopassa. Bromatsepaami (Lexotanil) kuuluu l\u00e4\u00e4keryhm\u00e4\u00e4n, joka tunnetaan nimell\u00e4 bentsodiatsepiinit, masennusl\u00e4\u00e4kkeiden, paniikkil\u00e4\u00e4kkeiden ja lihasrelaksanttien luokka.","og_url":"https:\/\/medicinasinc.com\/fi\/product\/osta-leksotaniili-bromatsepaami-3mg-pills-verkosta\/","og_site_name":"Medicinas Inc","article_modified_time":"2022-03-22T01:04:13+00:00","og_image":[{"width":600,"height":600,"url":"https:\/\/medicinasinc.com\/fi\/wp-content\/uploads\/sites\/12\/2022\/02\/Buy-Lexotan-Bromazepam-3mg.jpg","type":"image\/jpeg"}],"twitter_card":"summary_large_image","twitter_misc":{"Est. reading time":"3 minutes"},"schema":{"@context":"https:\/\/schema.org","@graph":[{"@type":"WebPage","@id":"https:\/\/medicinasinc.com\/fi\/product\/osta-leksotaniili-bromatsepaami-3mg-pills-verkosta\/","url":"https:\/\/medicinasinc.com\/fi\/product\/osta-leksotaniili-bromatsepaami-3mg-pills-verkosta\/","name":"Osta Lexotanil Bromazepam 3mg -pillereit\u00e4 verkosta \u2013 parhaat maailmanlaajuiset l\u00e4\u00e4kkeet","isPartOf":{"@id":"https:\/\/medicinasinc.com\/fi\/#website"},"primaryImageOfPage":{"@id":"https:\/\/medicinasinc.com\/fi\/product\/osta-leksotaniili-bromatsepaami-3mg-pills-verkosta\/#primaryimage"},"image":{"@id":"https:\/\/medicinasinc.com\/fi\/product\/osta-leksotaniili-bromatsepaami-3mg-pills-verkosta\/#primaryimage"},"thumbnailUrl":"https:\/\/medicinasinc.com\/fi\/wp-content\/uploads\/sites\/12\/2022\/02\/Buy-Lexotan-Bromazepam-3mg.jpg","datePublished":"2022-02-20T22:23:28+00:00","dateModified":"2022-03-22T01:04:13+00:00","description":"Osta Lexotanil Bromazepam 3mg -pillereit\u00e4 myyt\u00e4v\u00e4ksi verkossa Isossa-Britanniassa, Euroopassa. Bromatsepaami (Lexotanil) kuuluu l\u00e4\u00e4keryhm\u00e4\u00e4n, joka tunnetaan nimell\u00e4 bentsodiatsepiinit, masennusl\u00e4\u00e4kkeiden, paniikkil\u00e4\u00e4kkeiden ja lihasrelaksanttien luokka.","breadcrumb":{"@id":"https:\/\/medicinasinc.com\/fi\/product\/osta-leksotaniili-bromatsepaami-3mg-pills-verkosta\/#breadcrumb"},"inLanguage":"en-US","potentialAction":[{"@type":"ReadAction","target":["https:\/\/medicinasinc.com\/fi\/product\/osta-leksotaniili-bromatsepaami-3mg-pills-verkosta\/"]}]},{"@type":"ImageObject","inLanguage":"en-US","@id":"https:\/\/medicinasinc.com\/fi\/product\/osta-leksotaniili-bromatsepaami-3mg-pills-verkosta\/#primaryimage","url":"https:\/\/medicinasinc.com\/fi\/wp-content\/uploads\/sites\/12\/2022\/02\/Buy-Lexotan-Bromazepam-3mg.jpg","contentUrl":"https:\/\/medicinasinc.com\/fi\/wp-content\/uploads\/sites\/12\/2022\/02\/Buy-Lexotan-Bromazepam-3mg.jpg","width":600,"height":600},{"@type":"BreadcrumbList","@id":"https:\/\/medicinasinc.com\/fi\/product\/osta-leksotaniili-bromatsepaami-3mg-pills-verkosta\/#breadcrumb","itemListElement":[{"@type":"ListItem","position":1,"name":"Myym\u00e4l\u00e4","item":"https:\/\/medicinasinc.com\/fi\/myymala\/"},{"@type":"ListItem","position":2,"name":"Osta Lexotanil Bromazepam 3 mg pillereit\u00e4 verkosta"}]},{"@type":"WebSite","@id":"https:\/\/medicinasinc.com\/fi\/#website","url":"https:\/\/medicinasinc.com\/fi\/","name":"Medicinas Inc","description":"Health Medical Clinic","potentialAction":[{"@type":"SearchAction","target":{"@type":"EntryPoint","urlTemplate":"https:\/\/medicinasinc.com\/fi\/?s={search_term_string}"},"query-input":{"@type":"PropertyValueSpecification","valueRequired":true,"valueName":"search_term_string"}}],"inLanguage":"en-US"}]}},"_links":{"self":[{"href":"https:\/\/medicinasinc.com\/fi\/wp-json\/wp\/v2\/product\/5236","targetHints":{"allow":["GET"]}}],"collection":[{"href":"https:\/\/medicinasinc.com\/fi\/wp-json\/wp\/v2\/product"}],"about":[{"href":"https:\/\/medicinasinc.com\/fi\/wp-json\/wp\/v2\/types\/product"}],"replies":[{"embeddable":true,"href":"https:\/\/medicinasinc.com\/fi\/wp-json\/wp\/v2\/comments?post=5236"}],"wp:featuredmedia":[{"embeddable":true,"href":"https:\/\/medicinasinc.com\/fi\/wp-json\/wp\/v2\/media\/5252"}],"wp:attachment":[{"href":"https:\/\/medicinasinc.com\/fi\/wp-json\/wp\/v2\/media?parent=5236"}],"wp:term":[{"taxonomy":"product_brand","embeddable":true,"href":"https:\/\/medicinasinc.com\/fi\/wp-json\/wp\/v2\/product_brand?post=5236"},{"taxonomy":"product_cat","embeddable":true,"href":"https:\/\/medicinasinc.com\/fi\/wp-json\/wp\/v2\/product_cat?post=5236"},{"taxonomy":"product_tag","embeddable":true,"href":"https:\/\/medicinasinc.com\/fi\/wp-json\/wp\/v2\/product_tag?post=5236"}],"curies":[{"name":"wp","href":"https:\/\/api.w.org\/{rel}","templated":true}]}}